{"id":370101,"date":"2024-07-01T08:15:28","date_gmt":"2024-07-01T08:15:28","guid":{"rendered":"https:\/\/nuevo.gr-100.com\/producto\/pedales-look-keo-2-max-negro\/"},"modified":"2026-03-13T13:56:25","modified_gmt":"2026-03-13T12:56:25","slug":"pedales-look-keo-2-max-negro","status":"publish","type":"product","link":"https:\/\/gr-100.com\/en\/producto\/pedales-look-keo-2-max-negro\/","title":{"rendered":"Pedales Look Keo 2 Max negro"},"content":{"rendered":"<p>La l\u00ednea de eje de los K\u00e8o 2 max se ha redise\u00f1ado con un mayor superficie de contacto y un dise\u00f1o m\u00e1s ergon\u00f3mico para asegurar un desempe\u00f1o \u00f3ptimo al pedalear.<\/p>\n<ul>\n<li>Superficie: 500 mm\u00b2<\/li>\n<li>Roscado: 9\/16 x 20 mm.<\/li>\n<li>Libertad angular: 0\u00ba, 4,5\u00ba , 9\u00ba seg\u00fan el tipo de cala.<\/li>\n<li>Peso de los pedales: 130 g. ( 328 g. el par con calas y tornillos).<\/li>\n<li>Material cuerpo: Composite<\/li>\n<li>Material eje: Acero Chromoly.<\/li>\n<\/ul>\n","protected":false},"excerpt":{"rendered":"<p>PEDALES LOOK KEO 2 MAX NEGRO. La l\u00ednea de eje de los K\u00e8o 2 max con una mayor superficie de contacto y un dise\u00f1o m\u00e1s ergon\u00f3mico.<\/p>\n","protected":false},"featured_media":270533,"comment_status":"closed","ping_status":"closed","template":"","meta":{"_acf_changed":false,"_et_pb_use_builder":"","_et_pb_old_content":"","_et_gb_content_width":"","inline_featured_image":false},"product_brand":[],"product_cat":[25,53],"product_tag":[],"class_list":{"0":"post-370101","1":"product","2":"type-product","3":"status-publish","4":"has-post-thumbnail","6":"product_cat-componentes","7":"product_cat-pedales","8":"product_shipping_class-componentes","10":"first","11":"instock","12":"sale","13":"taxable","14":"shipping-taxable","15":"purchasable","16":"product-type-simple"},"acf":[],"yoast_head":"<!-- This site is optimized with the Yoast SEO Premium plugin v26.7 (Yoast SEO v26.7) - https:\/\/yoast.com\/wordpress\/plugins\/seo\/ -->\n<title>Pedales Look Keo 2 Max negro KEO GR-100<\/title>\n<meta name=\"description\" content=\"Pedales Look Keo 2 Max negro. La l\u00ednea de eje de los K\u00e8o 2 max con una mayor superficie de contacto y un dise\u00f1o m\u00e1s ergon\u00f3mico.\" \/>\n<meta name=\"robots\" content=\"index, follow, max-snippet:-1, max-image-preview:large, max-video-preview:-1\" \/>\n<link rel=\"canonical\" href=\"https:\/\/gr-100.com\/producto\/pedales-look-keo-2-max-negro\/\" \/>\n<meta property=\"og:locale\" content=\"en_US\" \/>\n<meta property=\"og:type\" content=\"article\" \/>\n<meta property=\"og:title\" content=\"Pedales Look Keo 2 Max negro\" \/>\n<meta property=\"og:description\" content=\"Pedales Look Keo 2 Max negro. La l\u00ednea de eje de los K\u00e8o 2 max con una mayor superficie de contacto y un dise\u00f1o m\u00e1s ergon\u00f3mico.\" \/>\n<meta property=\"og:url\" content=\"https:\/\/gr-100.com\/producto\/pedales-look-keo-2-max-negro\/\" \/>\n<meta property=\"og:site_name\" content=\"Gr-100 Tienda de ciclismo Specialized\" \/>\n<meta property=\"article:publisher\" content=\"https:\/\/www.facebook.com\/Gr100Bikes\" \/>\n<meta property=\"article:modified_time\" content=\"2026-03-13T12:56:25+00:00\" \/>\n<meta property=\"og:image\" content=\"https:\/\/gr-100.com\/wp-content\/uploads\/2024\/05\/PEDALES-LOOK-KEO-2-MAX-NEGR.jpg\" \/>\n\t<meta property=\"og:image:width\" content=\"1000\" \/>\n\t<meta property=\"og:image:height\" content=\"1000\" \/>\n\t<meta property=\"og:image:type\" content=\"image\/jpeg\" \/>\n<meta name=\"twitter:card\" content=\"summary_large_image\" \/>\n<meta name=\"twitter:label1\" content=\"Est. reading time\" \/>\n\t<meta name=\"twitter:data1\" content=\"1 minute\" \/>\n<script type=\"application\/ld+json\" class=\"yoast-schema-graph\">{\"@context\":\"https:\/\/schema.org\",\"@graph\":[{\"@type\":\"WebPage\",\"@id\":\"https:\/\/gr-100.com\/producto\/pedales-look-keo-2-max-negro\/\",\"url\":\"https:\/\/gr-100.com\/producto\/pedales-look-keo-2-max-negro\/\",\"name\":\"Pedales Look Keo 2 Max negro KEO GR-100\",\"isPartOf\":{\"@id\":\"https:\/\/gr-100.com\/#website\"},\"primaryImageOfPage\":{\"@id\":\"https:\/\/gr-100.com\/producto\/pedales-look-keo-2-max-negro\/#primaryimage\"},\"image\":{\"@id\":\"https:\/\/gr-100.com\/producto\/pedales-look-keo-2-max-negro\/#primaryimage\"},\"thumbnailUrl\":\"https:\/\/gr-100.com\/wp-content\/uploads\/2024\/05\/PEDALES-LOOK-KEO-2-MAX-NEGR.jpg\",\"datePublished\":\"2024-07-01T08:15:28+00:00\",\"dateModified\":\"2026-03-13T12:56:25+00:00\",\"description\":\"Pedales Look Keo 2 Max negro. La l\u00ednea de eje de los K\u00e8o 2 max con una mayor superficie de contacto y un dise\u00f1o m\u00e1s ergon\u00f3mico.\",\"breadcrumb\":{\"@id\":\"https:\/\/gr-100.com\/producto\/pedales-look-keo-2-max-negro\/#breadcrumb\"},\"inLanguage\":\"en-US\",\"potentialAction\":[{\"@type\":\"ReadAction\",\"target\":[\"https:\/\/gr-100.com\/producto\/pedales-look-keo-2-max-negro\/\"]}]},{\"@type\":\"ImageObject\",\"inLanguage\":\"en-US\",\"@id\":\"https:\/\/gr-100.com\/producto\/pedales-look-keo-2-max-negro\/#primaryimage\",\"url\":\"https:\/\/gr-100.com\/wp-content\/uploads\/2024\/05\/PEDALES-LOOK-KEO-2-MAX-NEGR.jpg\",\"contentUrl\":\"https:\/\/gr-100.com\/wp-content\/uploads\/2024\/05\/PEDALES-LOOK-KEO-2-MAX-NEGR.jpg\",\"width\":1000,\"height\":1000},{\"@type\":\"BreadcrumbList\",\"@id\":\"https:\/\/gr-100.com\/producto\/pedales-look-keo-2-max-negro\/#breadcrumb\",\"itemListElement\":[{\"@type\":\"ListItem\",\"position\":1,\"name\":\"Portada\",\"item\":\"https:\/\/gr-100.com\/pt-pt\/\"},{\"@type\":\"ListItem\",\"position\":2,\"name\":\"Productos\",\"item\":\"https:\/\/gr-100.com\/?post_type=product\"},{\"@type\":\"ListItem\",\"position\":3,\"name\":\"Pedales Look Keo 2 Max negro\"}]},{\"@type\":\"WebSite\",\"@id\":\"https:\/\/gr-100.com\/#website\",\"url\":\"https:\/\/gr-100.com\/\",\"name\":\"Gr-100 Tienda de ciclismo Specialized\",\"description\":\"GR-100 tenemos todas las gamas de bicicletas Specialized al mejor precio.\",\"publisher\":{\"@id\":\"https:\/\/gr-100.com\/#organization\"},\"alternateName\":\"Gr-100 Bikes\",\"potentialAction\":[{\"@type\":\"SearchAction\",\"target\":{\"@type\":\"EntryPoint\",\"urlTemplate\":\"https:\/\/gr-100.com\/?s={search_term_string}\"},\"query-input\":{\"@type\":\"PropertyValueSpecification\",\"valueRequired\":true,\"valueName\":\"search_term_string\"}}],\"inLanguage\":\"en-US\"},{\"@type\":\"Organization\",\"@id\":\"https:\/\/gr-100.com\/#organization\",\"name\":\"Gr-100\",\"url\":\"https:\/\/gr-100.com\/\",\"logo\":{\"@type\":\"ImageObject\",\"inLanguage\":\"en-US\",\"@id\":\"https:\/\/gr-100.com\/#\/schema\/logo\/image\/\",\"url\":\"https:\/\/gr-100.com\/wp-content\/uploads\/2023\/08\/logo-gr-100-bikes.png\",\"contentUrl\":\"https:\/\/gr-100.com\/wp-content\/uploads\/2023\/08\/logo-gr-100-bikes.png\",\"width\":707,\"height\":284,\"caption\":\"Gr-100\"},\"image\":{\"@id\":\"https:\/\/gr-100.com\/#\/schema\/logo\/image\/\"},\"sameAs\":[\"https:\/\/www.facebook.com\/Gr100Bikes\",\"https:\/\/www.instagram.com\/gr100bikes\/\",\"https:\/\/www.tiktok.com\/@gr100bikes\",\"https:\/\/twitter.com\/gr100mtbteam\",\"https:\/\/www.youtube.com\/c\/GR100Specialized\"]}]}<\/script>\n<!-- \/ Yoast SEO Premium plugin. -->","yoast_head_json":{"title":"Pedales Look Keo 2 Max negro KEO GR-100","description":"Pedales Look Keo 2 Max negro. La l\u00ednea de eje de los K\u00e8o 2 max con una mayor superficie de contacto y un dise\u00f1o m\u00e1s ergon\u00f3mico.","robots":{"index":"index","follow":"follow","max-snippet":"max-snippet:-1","max-image-preview":"max-image-preview:large","max-video-preview":"max-video-preview:-1"},"canonical":"https:\/\/gr-100.com\/producto\/pedales-look-keo-2-max-negro\/","og_locale":"en_US","og_type":"article","og_title":"Pedales Look Keo 2 Max negro","og_description":"Pedales Look Keo 2 Max negro. La l\u00ednea de eje de los K\u00e8o 2 max con una mayor superficie de contacto y un dise\u00f1o m\u00e1s ergon\u00f3mico.","og_url":"https:\/\/gr-100.com\/producto\/pedales-look-keo-2-max-negro\/","og_site_name":"Gr-100 Tienda de ciclismo Specialized","article_publisher":"https:\/\/www.facebook.com\/Gr100Bikes","article_modified_time":"2026-03-13T12:56:25+00:00","og_image":[{"width":1000,"height":1000,"url":"https:\/\/gr-100.com\/wp-content\/uploads\/2024\/05\/PEDALES-LOOK-KEO-2-MAX-NEGR.jpg","type":"image\/jpeg"}],"twitter_card":"summary_large_image","twitter_misc":{"Est. reading time":"1 minute"},"schema":{"@context":"https:\/\/schema.org","@graph":[{"@type":"WebPage","@id":"https:\/\/gr-100.com\/producto\/pedales-look-keo-2-max-negro\/","url":"https:\/\/gr-100.com\/producto\/pedales-look-keo-2-max-negro\/","name":"Pedales Look Keo 2 Max negro KEO GR-100","isPartOf":{"@id":"https:\/\/gr-100.com\/#website"},"primaryImageOfPage":{"@id":"https:\/\/gr-100.com\/producto\/pedales-look-keo-2-max-negro\/#primaryimage"},"image":{"@id":"https:\/\/gr-100.com\/producto\/pedales-look-keo-2-max-negro\/#primaryimage"},"thumbnailUrl":"https:\/\/gr-100.com\/wp-content\/uploads\/2024\/05\/PEDALES-LOOK-KEO-2-MAX-NEGR.jpg","datePublished":"2024-07-01T08:15:28+00:00","dateModified":"2026-03-13T12:56:25+00:00","description":"Pedales Look Keo 2 Max negro. La l\u00ednea de eje de los K\u00e8o 2 max con una mayor superficie de contacto y un dise\u00f1o m\u00e1s ergon\u00f3mico.","breadcrumb":{"@id":"https:\/\/gr-100.com\/producto\/pedales-look-keo-2-max-negro\/#breadcrumb"},"inLanguage":"en-US","potentialAction":[{"@type":"ReadAction","target":["https:\/\/gr-100.com\/producto\/pedales-look-keo-2-max-negro\/"]}]},{"@type":"ImageObject","inLanguage":"en-US","@id":"https:\/\/gr-100.com\/producto\/pedales-look-keo-2-max-negro\/#primaryimage","url":"https:\/\/gr-100.com\/wp-content\/uploads\/2024\/05\/PEDALES-LOOK-KEO-2-MAX-NEGR.jpg","contentUrl":"https:\/\/gr-100.com\/wp-content\/uploads\/2024\/05\/PEDALES-LOOK-KEO-2-MAX-NEGR.jpg","width":1000,"height":1000},{"@type":"BreadcrumbList","@id":"https:\/\/gr-100.com\/producto\/pedales-look-keo-2-max-negro\/#breadcrumb","itemListElement":[{"@type":"ListItem","position":1,"name":"Portada","item":"https:\/\/gr-100.com\/pt-pt\/"},{"@type":"ListItem","position":2,"name":"Productos","item":"https:\/\/gr-100.com\/?post_type=product"},{"@type":"ListItem","position":3,"name":"Pedales Look Keo 2 Max negro"}]},{"@type":"WebSite","@id":"https:\/\/gr-100.com\/#website","url":"https:\/\/gr-100.com\/","name":"Gr-100 Tienda de ciclismo Specialized","description":"GR-100 tenemos todas las gamas de bicicletas Specialized al mejor precio.","publisher":{"@id":"https:\/\/gr-100.com\/#organization"},"alternateName":"Gr-100 Bikes","potentialAction":[{"@type":"SearchAction","target":{"@type":"EntryPoint","urlTemplate":"https:\/\/gr-100.com\/?s={search_term_string}"},"query-input":{"@type":"PropertyValueSpecification","valueRequired":true,"valueName":"search_term_string"}}],"inLanguage":"en-US"},{"@type":"Organization","@id":"https:\/\/gr-100.com\/#organization","name":"Gr-100","url":"https:\/\/gr-100.com\/","logo":{"@type":"ImageObject","inLanguage":"en-US","@id":"https:\/\/gr-100.com\/#\/schema\/logo\/image\/","url":"https:\/\/gr-100.com\/wp-content\/uploads\/2023\/08\/logo-gr-100-bikes.png","contentUrl":"https:\/\/gr-100.com\/wp-content\/uploads\/2023\/08\/logo-gr-100-bikes.png","width":707,"height":284,"caption":"Gr-100"},"image":{"@id":"https:\/\/gr-100.com\/#\/schema\/logo\/image\/"},"sameAs":["https:\/\/www.facebook.com\/Gr100Bikes","https:\/\/www.instagram.com\/gr100bikes\/","https:\/\/www.tiktok.com\/@gr100bikes","https:\/\/twitter.com\/gr100mtbteam","https:\/\/www.youtube.com\/c\/GR100Specialized"]}]}},"_links":{"self":[{"href":"https:\/\/gr-100.com\/en\/wp-json\/wp\/v2\/product\/370101","targetHints":{"allow":["GET"]}}],"collection":[{"href":"https:\/\/gr-100.com\/en\/wp-json\/wp\/v2\/product"}],"about":[{"href":"https:\/\/gr-100.com\/en\/wp-json\/wp\/v2\/types\/product"}],"replies":[{"embeddable":true,"href":"https:\/\/gr-100.com\/en\/wp-json\/wp\/v2\/comments?post=370101"}],"wp:featuredmedia":[{"embeddable":true,"href":"https:\/\/gr-100.com\/en\/wp-json\/wp\/v2\/media\/270533"}],"wp:attachment":[{"href":"https:\/\/gr-100.com\/en\/wp-json\/wp\/v2\/media?parent=370101"}],"wp:term":[{"taxonomy":"product_brand","embeddable":true,"href":"https:\/\/gr-100.com\/en\/wp-json\/wp\/v2\/product_brand?post=370101"},{"taxonomy":"product_cat","embeddable":true,"href":"https:\/\/gr-100.com\/en\/wp-json\/wp\/v2\/product_cat?post=370101"},{"taxonomy":"product_tag","embeddable":true,"href":"https:\/\/gr-100.com\/en\/wp-json\/wp\/v2\/product_tag?post=370101"}],"curies":[{"name":"wp","href":"https:\/\/api.w.org\/{rel}","templated":true}]}}