{"id":370102,"date":"2024-07-01T08:15:28","date_gmt":"2024-07-01T08:15:28","guid":{"rendered":"https:\/\/nuevo.gr-100.com\/producto\/pedales-look-keo-blade-carbon\/"},"modified":"2026-03-13T13:57:44","modified_gmt":"2026-03-13T12:57:44","slug":"pedales-look-keo-blade-carbon","status":"publish","type":"product","link":"https:\/\/gr-100.com\/en\/producto\/pedales-look-keo-blade-carbon\/","title":{"rendered":"Pedales Look Keo Blade Carbon"},"content":{"rendered":"<p>Con un cuerpo de carbono y una lamina de carbono, el pedal KEO BLADE CARBONO tambi\u00e9n est\u00e1 disponible en las versiones CER\u00c1MICA y CER\u00c1MICA Ti. El modelo tiene un eje Chromoly+ y cojinetes de acero inoxidable para una fiabilidad extrema. M\u00e1s all\u00e1 de su peso, su relaci\u00f3n potencia\/peso es la mejor de su clase en el mercado actual. Ligero, aerodin\u00e1mico y potente, el pedal tiene todo lo que necesitas para llevarlo al siguiente nivel, hasta la victoria.<\/p>\n","protected":false},"excerpt":{"rendered":"<p>PEDALES LOOK KEO BLADE CARBON TENSION 12\/16 NEGRO.Con un cuerpo de carbono y una lamina de carbono. Ligero, aerodin\u00e1mico y potente<\/p>\n","protected":false},"featured_media":270536,"comment_status":"closed","ping_status":"closed","template":"","meta":{"_acf_changed":false,"_et_pb_use_builder":"","_et_pb_old_content":"","_et_gb_content_width":"","inline_featured_image":false},"product_brand":[],"product_cat":[25,53],"product_tag":[],"class_list":{"0":"post-370102","1":"product","2":"type-product","3":"status-publish","4":"has-post-thumbnail","6":"product_cat-componentes","7":"product_cat-pedales","8":"product_shipping_class-componentes","10":"first","11":"instock","12":"taxable","13":"shipping-taxable","14":"purchasable","15":"product-type-simple"},"acf":[],"yoast_head":"<!-- This site is optimized with the Yoast SEO Premium plugin v26.7 (Yoast SEO v26.7) - https:\/\/yoast.com\/wordpress\/plugins\/seo\/ -->\n<title>Pedales Look Keo Blade Carbon 12\/16 GR-100<\/title>\n<meta name=\"description\" content=\"PEDALES LOOK KEO BLADE CARBON TENSION 12\/16 NEGRO.Con un cuerpo de carbono y una lamina de carbono. Ligero, aerodin\u00e1mico y potente\" \/>\n<meta name=\"robots\" content=\"index, follow, max-snippet:-1, max-image-preview:large, max-video-preview:-1\" \/>\n<link rel=\"canonical\" href=\"https:\/\/gr-100.com\/producto\/pedales-look-keo-blade-carbon\/\" \/>\n<meta property=\"og:locale\" content=\"en_US\" \/>\n<meta property=\"og:type\" content=\"article\" \/>\n<meta property=\"og:title\" content=\"Pedales Look Keo Blade Carbon\" \/>\n<meta property=\"og:description\" content=\"PEDALES LOOK KEO BLADE CARBON TENSION 12\/16 NEGRO.Con un cuerpo de carbono y una lamina de carbono. Ligero, aerodin\u00e1mico y potente\" \/>\n<meta property=\"og:url\" content=\"https:\/\/gr-100.com\/producto\/pedales-look-keo-blade-carbon\/\" \/>\n<meta property=\"og:site_name\" content=\"Gr-100 Tienda de ciclismo Specialized\" \/>\n<meta property=\"article:publisher\" content=\"https:\/\/www.facebook.com\/Gr100Bikes\" \/>\n<meta property=\"article:modified_time\" content=\"2026-03-13T12:57:44+00:00\" \/>\n<meta property=\"og:image\" content=\"https:\/\/gr-100.com\/wp-content\/uploads\/2024\/05\/pedals-product-page_cover-w.jpg\" \/>\n\t<meta property=\"og:image:width\" content=\"1000\" \/>\n\t<meta property=\"og:image:height\" content=\"1000\" \/>\n\t<meta property=\"og:image:type\" content=\"image\/jpeg\" \/>\n<meta name=\"twitter:card\" content=\"summary_large_image\" \/>\n<meta name=\"twitter:label1\" content=\"Est. reading time\" \/>\n\t<meta name=\"twitter:data1\" content=\"1 minute\" \/>\n<script type=\"application\/ld+json\" class=\"yoast-schema-graph\">{\"@context\":\"https:\/\/schema.org\",\"@graph\":[{\"@type\":\"WebPage\",\"@id\":\"https:\/\/gr-100.com\/producto\/pedales-look-keo-blade-carbon\/\",\"url\":\"https:\/\/gr-100.com\/producto\/pedales-look-keo-blade-carbon\/\",\"name\":\"Pedales Look Keo Blade Carbon 12\/16 GR-100\",\"isPartOf\":{\"@id\":\"https:\/\/gr-100.com\/#website\"},\"primaryImageOfPage\":{\"@id\":\"https:\/\/gr-100.com\/producto\/pedales-look-keo-blade-carbon\/#primaryimage\"},\"image\":{\"@id\":\"https:\/\/gr-100.com\/producto\/pedales-look-keo-blade-carbon\/#primaryimage\"},\"thumbnailUrl\":\"https:\/\/gr-100.com\/wp-content\/uploads\/2024\/05\/pedals-product-page_cover-w.jpg\",\"datePublished\":\"2024-07-01T08:15:28+00:00\",\"dateModified\":\"2026-03-13T12:57:44+00:00\",\"description\":\"PEDALES LOOK KEO BLADE CARBON TENSION 12\/16 NEGRO.Con un cuerpo de carbono y una lamina de carbono. Ligero, aerodin\u00e1mico y potente\",\"breadcrumb\":{\"@id\":\"https:\/\/gr-100.com\/producto\/pedales-look-keo-blade-carbon\/#breadcrumb\"},\"inLanguage\":\"en-US\",\"potentialAction\":[{\"@type\":\"ReadAction\",\"target\":[\"https:\/\/gr-100.com\/producto\/pedales-look-keo-blade-carbon\/\"]}]},{\"@type\":\"ImageObject\",\"inLanguage\":\"en-US\",\"@id\":\"https:\/\/gr-100.com\/producto\/pedales-look-keo-blade-carbon\/#primaryimage\",\"url\":\"https:\/\/gr-100.com\/wp-content\/uploads\/2024\/05\/pedals-product-page_cover-w.jpg\",\"contentUrl\":\"https:\/\/gr-100.com\/wp-content\/uploads\/2024\/05\/pedals-product-page_cover-w.jpg\",\"width\":1000,\"height\":1000},{\"@type\":\"BreadcrumbList\",\"@id\":\"https:\/\/gr-100.com\/producto\/pedales-look-keo-blade-carbon\/#breadcrumb\",\"itemListElement\":[{\"@type\":\"ListItem\",\"position\":1,\"name\":\"Portada\",\"item\":\"https:\/\/gr-100.com\/pt-pt\/\"},{\"@type\":\"ListItem\",\"position\":2,\"name\":\"Productos\",\"item\":\"https:\/\/gr-100.com\/?post_type=product\"},{\"@type\":\"ListItem\",\"position\":3,\"name\":\"Pedales Look Keo Blade Carbon\"}]},{\"@type\":\"WebSite\",\"@id\":\"https:\/\/gr-100.com\/#website\",\"url\":\"https:\/\/gr-100.com\/\",\"name\":\"Gr-100 Tienda de ciclismo Specialized\",\"description\":\"GR-100 tenemos todas las gamas de bicicletas Specialized al mejor precio.\",\"publisher\":{\"@id\":\"https:\/\/gr-100.com\/#organization\"},\"alternateName\":\"Gr-100 Bikes\",\"potentialAction\":[{\"@type\":\"SearchAction\",\"target\":{\"@type\":\"EntryPoint\",\"urlTemplate\":\"https:\/\/gr-100.com\/?s={search_term_string}\"},\"query-input\":{\"@type\":\"PropertyValueSpecification\",\"valueRequired\":true,\"valueName\":\"search_term_string\"}}],\"inLanguage\":\"en-US\"},{\"@type\":\"Organization\",\"@id\":\"https:\/\/gr-100.com\/#organization\",\"name\":\"Gr-100\",\"url\":\"https:\/\/gr-100.com\/\",\"logo\":{\"@type\":\"ImageObject\",\"inLanguage\":\"en-US\",\"@id\":\"https:\/\/gr-100.com\/#\/schema\/logo\/image\/\",\"url\":\"https:\/\/gr-100.com\/wp-content\/uploads\/2023\/08\/logo-gr-100-bikes.png\",\"contentUrl\":\"https:\/\/gr-100.com\/wp-content\/uploads\/2023\/08\/logo-gr-100-bikes.png\",\"width\":707,\"height\":284,\"caption\":\"Gr-100\"},\"image\":{\"@id\":\"https:\/\/gr-100.com\/#\/schema\/logo\/image\/\"},\"sameAs\":[\"https:\/\/www.facebook.com\/Gr100Bikes\",\"https:\/\/www.instagram.com\/gr100bikes\/\",\"https:\/\/www.tiktok.com\/@gr100bikes\",\"https:\/\/twitter.com\/gr100mtbteam\",\"https:\/\/www.youtube.com\/c\/GR100Specialized\"]}]}<\/script>\n<!-- \/ Yoast SEO Premium plugin. -->","yoast_head_json":{"title":"Pedales Look Keo Blade Carbon 12\/16 GR-100","description":"PEDALES LOOK KEO BLADE CARBON TENSION 12\/16 NEGRO.Con un cuerpo de carbono y una lamina de carbono. Ligero, aerodin\u00e1mico y potente","robots":{"index":"index","follow":"follow","max-snippet":"max-snippet:-1","max-image-preview":"max-image-preview:large","max-video-preview":"max-video-preview:-1"},"canonical":"https:\/\/gr-100.com\/producto\/pedales-look-keo-blade-carbon\/","og_locale":"en_US","og_type":"article","og_title":"Pedales Look Keo Blade Carbon","og_description":"PEDALES LOOK KEO BLADE CARBON TENSION 12\/16 NEGRO.Con un cuerpo de carbono y una lamina de carbono. Ligero, aerodin\u00e1mico y potente","og_url":"https:\/\/gr-100.com\/producto\/pedales-look-keo-blade-carbon\/","og_site_name":"Gr-100 Tienda de ciclismo Specialized","article_publisher":"https:\/\/www.facebook.com\/Gr100Bikes","article_modified_time":"2026-03-13T12:57:44+00:00","og_image":[{"width":1000,"height":1000,"url":"https:\/\/gr-100.com\/wp-content\/uploads\/2024\/05\/pedals-product-page_cover-w.jpg","type":"image\/jpeg"}],"twitter_card":"summary_large_image","twitter_misc":{"Est. reading time":"1 minute"},"schema":{"@context":"https:\/\/schema.org","@graph":[{"@type":"WebPage","@id":"https:\/\/gr-100.com\/producto\/pedales-look-keo-blade-carbon\/","url":"https:\/\/gr-100.com\/producto\/pedales-look-keo-blade-carbon\/","name":"Pedales Look Keo Blade Carbon 12\/16 GR-100","isPartOf":{"@id":"https:\/\/gr-100.com\/#website"},"primaryImageOfPage":{"@id":"https:\/\/gr-100.com\/producto\/pedales-look-keo-blade-carbon\/#primaryimage"},"image":{"@id":"https:\/\/gr-100.com\/producto\/pedales-look-keo-blade-carbon\/#primaryimage"},"thumbnailUrl":"https:\/\/gr-100.com\/wp-content\/uploads\/2024\/05\/pedals-product-page_cover-w.jpg","datePublished":"2024-07-01T08:15:28+00:00","dateModified":"2026-03-13T12:57:44+00:00","description":"PEDALES LOOK KEO BLADE CARBON TENSION 12\/16 NEGRO.Con un cuerpo de carbono y una lamina de carbono. Ligero, aerodin\u00e1mico y potente","breadcrumb":{"@id":"https:\/\/gr-100.com\/producto\/pedales-look-keo-blade-carbon\/#breadcrumb"},"inLanguage":"en-US","potentialAction":[{"@type":"ReadAction","target":["https:\/\/gr-100.com\/producto\/pedales-look-keo-blade-carbon\/"]}]},{"@type":"ImageObject","inLanguage":"en-US","@id":"https:\/\/gr-100.com\/producto\/pedales-look-keo-blade-carbon\/#primaryimage","url":"https:\/\/gr-100.com\/wp-content\/uploads\/2024\/05\/pedals-product-page_cover-w.jpg","contentUrl":"https:\/\/gr-100.com\/wp-content\/uploads\/2024\/05\/pedals-product-page_cover-w.jpg","width":1000,"height":1000},{"@type":"BreadcrumbList","@id":"https:\/\/gr-100.com\/producto\/pedales-look-keo-blade-carbon\/#breadcrumb","itemListElement":[{"@type":"ListItem","position":1,"name":"Portada","item":"https:\/\/gr-100.com\/pt-pt\/"},{"@type":"ListItem","position":2,"name":"Productos","item":"https:\/\/gr-100.com\/?post_type=product"},{"@type":"ListItem","position":3,"name":"Pedales Look Keo Blade Carbon"}]},{"@type":"WebSite","@id":"https:\/\/gr-100.com\/#website","url":"https:\/\/gr-100.com\/","name":"Gr-100 Tienda de ciclismo Specialized","description":"GR-100 tenemos todas las gamas de bicicletas Specialized al mejor precio.","publisher":{"@id":"https:\/\/gr-100.com\/#organization"},"alternateName":"Gr-100 Bikes","potentialAction":[{"@type":"SearchAction","target":{"@type":"EntryPoint","urlTemplate":"https:\/\/gr-100.com\/?s={search_term_string}"},"query-input":{"@type":"PropertyValueSpecification","valueRequired":true,"valueName":"search_term_string"}}],"inLanguage":"en-US"},{"@type":"Organization","@id":"https:\/\/gr-100.com\/#organization","name":"Gr-100","url":"https:\/\/gr-100.com\/","logo":{"@type":"ImageObject","inLanguage":"en-US","@id":"https:\/\/gr-100.com\/#\/schema\/logo\/image\/","url":"https:\/\/gr-100.com\/wp-content\/uploads\/2023\/08\/logo-gr-100-bikes.png","contentUrl":"https:\/\/gr-100.com\/wp-content\/uploads\/2023\/08\/logo-gr-100-bikes.png","width":707,"height":284,"caption":"Gr-100"},"image":{"@id":"https:\/\/gr-100.com\/#\/schema\/logo\/image\/"},"sameAs":["https:\/\/www.facebook.com\/Gr100Bikes","https:\/\/www.instagram.com\/gr100bikes\/","https:\/\/www.tiktok.com\/@gr100bikes","https:\/\/twitter.com\/gr100mtbteam","https:\/\/www.youtube.com\/c\/GR100Specialized"]}]}},"_links":{"self":[{"href":"https:\/\/gr-100.com\/en\/wp-json\/wp\/v2\/product\/370102","targetHints":{"allow":["GET"]}}],"collection":[{"href":"https:\/\/gr-100.com\/en\/wp-json\/wp\/v2\/product"}],"about":[{"href":"https:\/\/gr-100.com\/en\/wp-json\/wp\/v2\/types\/product"}],"replies":[{"embeddable":true,"href":"https:\/\/gr-100.com\/en\/wp-json\/wp\/v2\/comments?post=370102"}],"wp:featuredmedia":[{"embeddable":true,"href":"https:\/\/gr-100.com\/en\/wp-json\/wp\/v2\/media\/270536"}],"wp:attachment":[{"href":"https:\/\/gr-100.com\/en\/wp-json\/wp\/v2\/media?parent=370102"}],"wp:term":[{"taxonomy":"product_brand","embeddable":true,"href":"https:\/\/gr-100.com\/en\/wp-json\/wp\/v2\/product_brand?post=370102"},{"taxonomy":"product_cat","embeddable":true,"href":"https:\/\/gr-100.com\/en\/wp-json\/wp\/v2\/product_cat?post=370102"},{"taxonomy":"product_tag","embeddable":true,"href":"https:\/\/gr-100.com\/en\/wp-json\/wp\/v2\/product_tag?post=370102"}],"curies":[{"name":"wp","href":"https:\/\/api.w.org\/{rel}","templated":true}]}}