{"id":370121,"date":"2024-07-01T08:16:11","date_gmt":"2024-07-01T08:16:11","guid":{"rendered":"https:\/\/nuevo.gr-100.com\/producto\/cubiertas-specialized-gravel-2022\/"},"modified":"2026-03-13T13:52:26","modified_gmt":"2026-03-13T12:52:26","slug":"cubiertas-specialized-gravel-2022","status":"publish","type":"product","link":"https:\/\/gr-100.com\/en\/producto\/cubiertas-specialized-gravel-2022\/","title":{"rendered":"Cubiertas Specialized Gravel Pathfinder PRO 2BR"},"content":{"rendered":"<p>Nacido en el medio oeste de los Estados Unidos, montar en gravel es uno de los estilos de ciclismo que m\u00e1s r\u00e1pido crece. El sentido de la aventura, la superaci\u00f3n de nuevos desaf\u00edos y simplemente experimentar un nuevo estilo de conducci\u00f3n son algunos de sus grandes puntos de venta, pero hacerlo sin los neum\u00e1ticos adecuados marca la diferencia entre divertirse y maldecir y gritar al costado del camino. El Pathfinder ofrece la versatilidad que merecen estos neum\u00e1ticos cargados de aventuras: rodar r\u00e1pido, agarre y diversi\u00f3n.<\/p>\n<ul>\n<li>Carcasa:120 TPI<\/li>\n<li>Aro: Plegable<\/li>\n<li>Recubrimiento del tal\u00f3n de Butilo = 2Bliss Ready<\/li>\n<li>Compuesto: GRIPTON\u00ae<\/li>\n<li>Protecci\u00f3n antipinchazos: Endurant Casing y BlackBelt<\/li>\n<li>650b x 47mm [1.75&#8243;], psi 35-65<\/li>\n<li>700 x 38mm, psi 50-80<\/li>\n<li>700 x 42mm, psi 50-80<\/li>\n<\/ul>\n","protected":false},"excerpt":{"rendered":"<p>Neum\u00e1ticos GRAVEL 2022 .Si no encuentras el neum\u00e1tico que buscas cons\u00faltanos. Los mejores neum\u00e1ticos Specialized de GRAVEL, en varias medidas y compuestos para el rendimiento \u00f3ptimo<\/p>\n","protected":false},"featured_media":270573,"comment_status":"closed","ping_status":"closed","template":"","meta":{"_acf_changed":false,"_et_pb_use_builder":"","_et_pb_old_content":"","_et_gb_content_width":"","inline_featured_image":false},"product_brand":[],"product_cat":[25,45],"product_tag":[],"class_list":{"0":"post-370121","1":"product","2":"type-product","3":"status-publish","4":"has-post-thumbnail","6":"product_cat-componentes","7":"product_cat-cubiertas-y-camaras","8":"product_shipping_class-componentes","10":"first","11":"instock","12":"taxable","13":"shipping-taxable","14":"purchasable","15":"product-type-variable","16":"wvs-archive-product-wrapper"},"acf":[],"yoast_head":"<!-- This site is optimized with the Yoast SEO Premium plugin v26.7 (Yoast SEO v26.7) - https:\/\/yoast.com\/wordpress\/plugins\/seo\/ -->\n<title>Cubiertas Specialized Gravel Pathfinder PRO 2BR - GR-100<\/title>\n<meta name=\"description\" content=\"Neum\u00e1ticos GRAVEL 2022.Si no encuentras el neum\u00e1tico que buscas cons\u00faltanos.Los mejores neum\u00e1ticos Specialized de Gravel.\" \/>\n<meta name=\"robots\" content=\"index, follow, max-snippet:-1, max-image-preview:large, max-video-preview:-1\" \/>\n<link rel=\"canonical\" href=\"https:\/\/gr-100.com\/producto\/cubiertas-specialized-gravel-2022\/\" \/>\n<meta property=\"og:locale\" content=\"en_US\" \/>\n<meta property=\"og:type\" content=\"article\" \/>\n<meta property=\"og:title\" content=\"Cubiertas Specialized Gravel Pathfinder PRO 2BR\" \/>\n<meta property=\"og:description\" content=\"Neum\u00e1ticos GRAVEL 2022.Si no encuentras el neum\u00e1tico que buscas cons\u00faltanos.Los mejores neum\u00e1ticos Specialized de Gravel.\" \/>\n<meta property=\"og:url\" content=\"https:\/\/gr-100.com\/producto\/cubiertas-specialized-gravel-2022\/\" \/>\n<meta property=\"og:site_name\" content=\"Gr-100 Tienda de ciclismo Specialized\" \/>\n<meta property=\"article:publisher\" content=\"https:\/\/www.facebook.com\/Gr100Bikes\" \/>\n<meta property=\"article:modified_time\" content=\"2026-03-13T12:52:26+00:00\" \/>\n<meta property=\"og:image\" content=\"https:\/\/gr-100.com\/wp-content\/uploads\/2024\/05\/00015-4117_TRIGGER-PRO-2BR.jpg\" \/>\n\t<meta property=\"og:image:width\" content=\"1000\" \/>\n\t<meta property=\"og:image:height\" content=\"1000\" \/>\n\t<meta property=\"og:image:type\" content=\"image\/jpeg\" \/>\n<meta name=\"twitter:card\" content=\"summary_large_image\" \/>\n<meta name=\"twitter:label1\" content=\"Est. reading time\" \/>\n\t<meta name=\"twitter:data1\" content=\"1 minute\" \/>\n<script type=\"application\/ld+json\" class=\"yoast-schema-graph\">{\"@context\":\"https:\/\/schema.org\",\"@graph\":[{\"@type\":\"WebPage\",\"@id\":\"https:\/\/gr-100.com\/producto\/cubiertas-specialized-gravel-2022\/\",\"url\":\"https:\/\/gr-100.com\/producto\/cubiertas-specialized-gravel-2022\/\",\"name\":\"Cubiertas Specialized Gravel Pathfinder PRO 2BR - GR-100\",\"isPartOf\":{\"@id\":\"https:\/\/gr-100.com\/#website\"},\"primaryImageOfPage\":{\"@id\":\"https:\/\/gr-100.com\/producto\/cubiertas-specialized-gravel-2022\/#primaryimage\"},\"image\":{\"@id\":\"https:\/\/gr-100.com\/producto\/cubiertas-specialized-gravel-2022\/#primaryimage\"},\"thumbnailUrl\":\"https:\/\/gr-100.com\/wp-content\/uploads\/2024\/05\/00015-4117_TRIGGER-PRO-2BR.jpg\",\"datePublished\":\"2024-07-01T08:16:11+00:00\",\"dateModified\":\"2026-03-13T12:52:26+00:00\",\"description\":\"Neum\u00e1ticos GRAVEL 2022.Si no encuentras el neum\u00e1tico que buscas cons\u00faltanos.Los mejores neum\u00e1ticos Specialized de Gravel.\",\"breadcrumb\":{\"@id\":\"https:\/\/gr-100.com\/producto\/cubiertas-specialized-gravel-2022\/#breadcrumb\"},\"inLanguage\":\"en-US\",\"potentialAction\":[{\"@type\":\"ReadAction\",\"target\":[\"https:\/\/gr-100.com\/producto\/cubiertas-specialized-gravel-2022\/\"]}]},{\"@type\":\"ImageObject\",\"inLanguage\":\"en-US\",\"@id\":\"https:\/\/gr-100.com\/producto\/cubiertas-specialized-gravel-2022\/#primaryimage\",\"url\":\"https:\/\/gr-100.com\/wp-content\/uploads\/2024\/05\/00015-4117_TRIGGER-PRO-2BR.jpg\",\"contentUrl\":\"https:\/\/gr-100.com\/wp-content\/uploads\/2024\/05\/00015-4117_TRIGGER-PRO-2BR.jpg\",\"width\":1000,\"height\":1000},{\"@type\":\"BreadcrumbList\",\"@id\":\"https:\/\/gr-100.com\/producto\/cubiertas-specialized-gravel-2022\/#breadcrumb\",\"itemListElement\":[{\"@type\":\"ListItem\",\"position\":1,\"name\":\"Portada\",\"item\":\"https:\/\/gr-100.com\/pt-pt\/\"},{\"@type\":\"ListItem\",\"position\":2,\"name\":\"Productos\",\"item\":\"https:\/\/gr-100.com\/?post_type=product\"},{\"@type\":\"ListItem\",\"position\":3,\"name\":\"Cubiertas Specialized Gravel Pathfinder PRO 2BR\"}]},{\"@type\":\"WebSite\",\"@id\":\"https:\/\/gr-100.com\/#website\",\"url\":\"https:\/\/gr-100.com\/\",\"name\":\"Gr-100 Tienda de ciclismo Specialized\",\"description\":\"GR-100 tenemos todas las gamas de bicicletas Specialized al mejor precio.\",\"publisher\":{\"@id\":\"https:\/\/gr-100.com\/#organization\"},\"alternateName\":\"Gr-100 Bikes\",\"potentialAction\":[{\"@type\":\"SearchAction\",\"target\":{\"@type\":\"EntryPoint\",\"urlTemplate\":\"https:\/\/gr-100.com\/?s={search_term_string}\"},\"query-input\":{\"@type\":\"PropertyValueSpecification\",\"valueRequired\":true,\"valueName\":\"search_term_string\"}}],\"inLanguage\":\"en-US\"},{\"@type\":\"Organization\",\"@id\":\"https:\/\/gr-100.com\/#organization\",\"name\":\"Gr-100\",\"url\":\"https:\/\/gr-100.com\/\",\"logo\":{\"@type\":\"ImageObject\",\"inLanguage\":\"en-US\",\"@id\":\"https:\/\/gr-100.com\/#\/schema\/logo\/image\/\",\"url\":\"https:\/\/gr-100.com\/wp-content\/uploads\/2023\/08\/logo-gr-100-bikes.png\",\"contentUrl\":\"https:\/\/gr-100.com\/wp-content\/uploads\/2023\/08\/logo-gr-100-bikes.png\",\"width\":707,\"height\":284,\"caption\":\"Gr-100\"},\"image\":{\"@id\":\"https:\/\/gr-100.com\/#\/schema\/logo\/image\/\"},\"sameAs\":[\"https:\/\/www.facebook.com\/Gr100Bikes\",\"https:\/\/www.instagram.com\/gr100bikes\/\",\"https:\/\/www.tiktok.com\/@gr100bikes\",\"https:\/\/twitter.com\/gr100mtbteam\",\"https:\/\/www.youtube.com\/c\/GR100Specialized\"]}]}<\/script>\n<!-- \/ Yoast SEO Premium plugin. -->","yoast_head_json":{"title":"Cubiertas Specialized Gravel Pathfinder PRO 2BR - GR-100","description":"Neum\u00e1ticos GRAVEL 2022.Si no encuentras el neum\u00e1tico que buscas cons\u00faltanos.Los mejores neum\u00e1ticos Specialized de Gravel.","robots":{"index":"index","follow":"follow","max-snippet":"max-snippet:-1","max-image-preview":"max-image-preview:large","max-video-preview":"max-video-preview:-1"},"canonical":"https:\/\/gr-100.com\/producto\/cubiertas-specialized-gravel-2022\/","og_locale":"en_US","og_type":"article","og_title":"Cubiertas Specialized Gravel Pathfinder PRO 2BR","og_description":"Neum\u00e1ticos GRAVEL 2022.Si no encuentras el neum\u00e1tico que buscas cons\u00faltanos.Los mejores neum\u00e1ticos Specialized de Gravel.","og_url":"https:\/\/gr-100.com\/producto\/cubiertas-specialized-gravel-2022\/","og_site_name":"Gr-100 Tienda de ciclismo Specialized","article_publisher":"https:\/\/www.facebook.com\/Gr100Bikes","article_modified_time":"2026-03-13T12:52:26+00:00","og_image":[{"width":1000,"height":1000,"url":"https:\/\/gr-100.com\/wp-content\/uploads\/2024\/05\/00015-4117_TRIGGER-PRO-2BR.jpg","type":"image\/jpeg"}],"twitter_card":"summary_large_image","twitter_misc":{"Est. reading time":"1 minute"},"schema":{"@context":"https:\/\/schema.org","@graph":[{"@type":"WebPage","@id":"https:\/\/gr-100.com\/producto\/cubiertas-specialized-gravel-2022\/","url":"https:\/\/gr-100.com\/producto\/cubiertas-specialized-gravel-2022\/","name":"Cubiertas Specialized Gravel Pathfinder PRO 2BR - GR-100","isPartOf":{"@id":"https:\/\/gr-100.com\/#website"},"primaryImageOfPage":{"@id":"https:\/\/gr-100.com\/producto\/cubiertas-specialized-gravel-2022\/#primaryimage"},"image":{"@id":"https:\/\/gr-100.com\/producto\/cubiertas-specialized-gravel-2022\/#primaryimage"},"thumbnailUrl":"https:\/\/gr-100.com\/wp-content\/uploads\/2024\/05\/00015-4117_TRIGGER-PRO-2BR.jpg","datePublished":"2024-07-01T08:16:11+00:00","dateModified":"2026-03-13T12:52:26+00:00","description":"Neum\u00e1ticos GRAVEL 2022.Si no encuentras el neum\u00e1tico que buscas cons\u00faltanos.Los mejores neum\u00e1ticos Specialized de Gravel.","breadcrumb":{"@id":"https:\/\/gr-100.com\/producto\/cubiertas-specialized-gravel-2022\/#breadcrumb"},"inLanguage":"en-US","potentialAction":[{"@type":"ReadAction","target":["https:\/\/gr-100.com\/producto\/cubiertas-specialized-gravel-2022\/"]}]},{"@type":"ImageObject","inLanguage":"en-US","@id":"https:\/\/gr-100.com\/producto\/cubiertas-specialized-gravel-2022\/#primaryimage","url":"https:\/\/gr-100.com\/wp-content\/uploads\/2024\/05\/00015-4117_TRIGGER-PRO-2BR.jpg","contentUrl":"https:\/\/gr-100.com\/wp-content\/uploads\/2024\/05\/00015-4117_TRIGGER-PRO-2BR.jpg","width":1000,"height":1000},{"@type":"BreadcrumbList","@id":"https:\/\/gr-100.com\/producto\/cubiertas-specialized-gravel-2022\/#breadcrumb","itemListElement":[{"@type":"ListItem","position":1,"name":"Portada","item":"https:\/\/gr-100.com\/pt-pt\/"},{"@type":"ListItem","position":2,"name":"Productos","item":"https:\/\/gr-100.com\/?post_type=product"},{"@type":"ListItem","position":3,"name":"Cubiertas Specialized Gravel Pathfinder PRO 2BR"}]},{"@type":"WebSite","@id":"https:\/\/gr-100.com\/#website","url":"https:\/\/gr-100.com\/","name":"Gr-100 Tienda de ciclismo Specialized","description":"GR-100 tenemos todas las gamas de bicicletas Specialized al mejor precio.","publisher":{"@id":"https:\/\/gr-100.com\/#organization"},"alternateName":"Gr-100 Bikes","potentialAction":[{"@type":"SearchAction","target":{"@type":"EntryPoint","urlTemplate":"https:\/\/gr-100.com\/?s={search_term_string}"},"query-input":{"@type":"PropertyValueSpecification","valueRequired":true,"valueName":"search_term_string"}}],"inLanguage":"en-US"},{"@type":"Organization","@id":"https:\/\/gr-100.com\/#organization","name":"Gr-100","url":"https:\/\/gr-100.com\/","logo":{"@type":"ImageObject","inLanguage":"en-US","@id":"https:\/\/gr-100.com\/#\/schema\/logo\/image\/","url":"https:\/\/gr-100.com\/wp-content\/uploads\/2023\/08\/logo-gr-100-bikes.png","contentUrl":"https:\/\/gr-100.com\/wp-content\/uploads\/2023\/08\/logo-gr-100-bikes.png","width":707,"height":284,"caption":"Gr-100"},"image":{"@id":"https:\/\/gr-100.com\/#\/schema\/logo\/image\/"},"sameAs":["https:\/\/www.facebook.com\/Gr100Bikes","https:\/\/www.instagram.com\/gr100bikes\/","https:\/\/www.tiktok.com\/@gr100bikes","https:\/\/twitter.com\/gr100mtbteam","https:\/\/www.youtube.com\/c\/GR100Specialized"]}]}},"_links":{"self":[{"href":"https:\/\/gr-100.com\/en\/wp-json\/wp\/v2\/product\/370121","targetHints":{"allow":["GET"]}}],"collection":[{"href":"https:\/\/gr-100.com\/en\/wp-json\/wp\/v2\/product"}],"about":[{"href":"https:\/\/gr-100.com\/en\/wp-json\/wp\/v2\/types\/product"}],"replies":[{"embeddable":true,"href":"https:\/\/gr-100.com\/en\/wp-json\/wp\/v2\/comments?post=370121"}],"wp:featuredmedia":[{"embeddable":true,"href":"https:\/\/gr-100.com\/en\/wp-json\/wp\/v2\/media\/270573"}],"wp:attachment":[{"href":"https:\/\/gr-100.com\/en\/wp-json\/wp\/v2\/media?parent=370121"}],"wp:term":[{"taxonomy":"product_brand","embeddable":true,"href":"https:\/\/gr-100.com\/en\/wp-json\/wp\/v2\/product_brand?post=370121"},{"taxonomy":"product_cat","embeddable":true,"href":"https:\/\/gr-100.com\/en\/wp-json\/wp\/v2\/product_cat?post=370121"},{"taxonomy":"product_tag","embeddable":true,"href":"https:\/\/gr-100.com\/en\/wp-json\/wp\/v2\/product_tag?post=370121"}],"curies":[{"name":"wp","href":"https:\/\/api.w.org\/{rel}","templated":true}]}}