{"id":370174,"date":"2024-07-01T08:18:11","date_gmt":"2024-07-01T08:18:11","guid":{"rendered":"https:\/\/nuevo.gr-100.com\/producto\/specialized-turbo-connect-display-tcd\/"},"modified":"2026-03-13T13:45:52","modified_gmt":"2026-03-13T12:45:52","slug":"specialized-turbo-connect-display-tcd","status":"publish","type":"product","link":"https:\/\/gr-100.com\/en\/producto\/specialized-turbo-connect-display-tcd\/","title":{"rendered":"Specialized Turbo Connect Display (Tcd)"},"content":{"rendered":"<p>La pantalla Turbo Connect (TCD) pone todos los datos de tu bicicleta en el sitio perfecto en el manillar. Algunas de estas m\u00e9tricas incluyen: Velocidad (actual, m\u00e1x., Promedio), distancia, tiempo de conducci\u00f3n, cadencia, nivel de bater\u00eda, potencia del usuario, modo de asistencia, frecuencia card\u00edaca, velocidad promedio y hora. Tambi\u00e9n le permite personalizar f\u00e1cilmente las cinco pantallas de viaje y los datos mostrados. Combina el uso de su TCD con la aplicaci\u00f3n Mission Control y tendr\u00e1s todas las herramientas perfectas para personalizar tu experiencia Turbo.<\/p>\n<ul>\n<li>Pantalla LCD monocromo.<\/li>\n<li>Tama\u00f1o de pantalla: Alto 40mm. Ancho 35mm, Diagonal 52mm, Display 2 pulgadas<\/li>\n<li>M\u00f3dulos ANT + y Bluetooth\u00ae para una f\u00e1cil comunicaci\u00f3n.<\/li>\n<li>Dos soportes de pantalla diferentes (corto y largo) para tener opciones de montaje vers\u00e1tiles. La pantalla tambi\u00e9n se adapta a otros soportes populares.<\/li>\n<li>El Twist-lock se puede girar sobre el manillar, mientras que la pantalla tambi\u00e9n se adpata a otras opciones de montaje.<\/li>\n<li>Compatibilidad: con todas las bicicletas Turbo que cuentan con la unidad Turbo Connect (TCU)<\/li>\n<li>Notas importantes: aseg\u00farate de que tu Turbo est\u00e9 actualizada con la \u00faltimo versi\u00f3n del firmware de la bater\u00eda y el motor. El TCD no carga rutas a plataformas de terceros.<\/li>\n<\/ul>\n","protected":false},"excerpt":{"rendered":"<p>La pantalla Turbo Connect (TCD) pone todos los datos de tu bicicleta en el sitio perfecto en el manillar. Algunas de estas m\u00e9tricas incluyen: Velocidad (actual, m\u00e1x., Promedio), distancia, tiempo de conducci\u00f3n, cadencia, nivel de bater\u00eda, potencia del usuario, modo de asistencia, frecuencia card\u00edaca, velocidad promedio y hora.<\/p>\n","protected":false},"featured_media":270667,"comment_status":"closed","ping_status":"closed","template":"","meta":{"_acf_changed":false,"_et_pb_use_builder":"","_et_pb_old_content":"","_et_gb_content_width":"","inline_featured_image":false},"product_brand":[],"product_cat":[25,2402],"product_tag":[],"class_list":{"0":"post-370174","1":"product","2":"type-product","3":"status-publish","4":"has-post-thumbnail","6":"product_cat-componentes","7":"product_cat-componentes-e-bikes","8":"product_shipping_class-componentes","10":"first","11":"instock","12":"sale","13":"taxable","14":"shipping-taxable","15":"purchasable","16":"product-type-simple"},"acf":[],"yoast_head":"<!-- This site is optimized with the Yoast SEO Premium plugin v26.7 (Yoast SEO v26.7) - https:\/\/yoast.com\/wordpress\/plugins\/seo\/ -->\n<title>Specialized Turbo Connect Display (Tcd) GR-100<\/title>\n<meta name=\"description\" content=\"SPECIALIZED TURBO CONNECT DISPLAY (TCD).La pantalla Turbo Connect (TCD) pone todos los datos de tu bicicleta en el sitio perfecto en el manillar.\" \/>\n<meta name=\"robots\" content=\"index, follow, max-snippet:-1, max-image-preview:large, max-video-preview:-1\" \/>\n<link rel=\"canonical\" href=\"https:\/\/gr-100.com\/producto\/specialized-turbo-connect-display-tcd\/\" \/>\n<meta property=\"og:locale\" content=\"en_US\" \/>\n<meta property=\"og:type\" content=\"article\" \/>\n<meta property=\"og:title\" content=\"Specialized Turbo Connect Display (Tcd)\" \/>\n<meta property=\"og:description\" content=\"SPECIALIZED TURBO CONNECT DISPLAY (TCD).La pantalla Turbo Connect (TCD) pone todos los datos de tu bicicleta en el sitio perfecto en el manillar.\" \/>\n<meta property=\"og:url\" content=\"https:\/\/gr-100.com\/producto\/specialized-turbo-connect-display-tcd\/\" \/>\n<meta property=\"og:site_name\" content=\"Gr-100 Tienda de ciclismo Specialized\" \/>\n<meta property=\"article:publisher\" content=\"https:\/\/www.facebook.com\/Gr100Bikes\" \/>\n<meta property=\"article:modified_time\" content=\"2026-03-13T12:45:52+00:00\" \/>\n<meta property=\"og:image\" content=\"https:\/\/gr-100.com\/wp-content\/uploads\/2024\/05\/48119-140_CMPNT_TURBO-CONNE.jpg\" \/>\n\t<meta property=\"og:image:width\" content=\"1000\" \/>\n\t<meta property=\"og:image:height\" content=\"1000\" \/>\n\t<meta property=\"og:image:type\" content=\"image\/jpeg\" \/>\n<meta name=\"twitter:card\" content=\"summary_large_image\" \/>\n<meta name=\"twitter:label1\" content=\"Est. reading time\" \/>\n\t<meta name=\"twitter:data1\" content=\"2 minutes\" \/>\n<script type=\"application\/ld+json\" class=\"yoast-schema-graph\">{\"@context\":\"https:\/\/schema.org\",\"@graph\":[{\"@type\":\"WebPage\",\"@id\":\"https:\/\/gr-100.com\/producto\/specialized-turbo-connect-display-tcd\/\",\"url\":\"https:\/\/gr-100.com\/producto\/specialized-turbo-connect-display-tcd\/\",\"name\":\"Specialized Turbo Connect Display (Tcd) GR-100\",\"isPartOf\":{\"@id\":\"https:\/\/gr-100.com\/#website\"},\"primaryImageOfPage\":{\"@id\":\"https:\/\/gr-100.com\/producto\/specialized-turbo-connect-display-tcd\/#primaryimage\"},\"image\":{\"@id\":\"https:\/\/gr-100.com\/producto\/specialized-turbo-connect-display-tcd\/#primaryimage\"},\"thumbnailUrl\":\"https:\/\/gr-100.com\/wp-content\/uploads\/2024\/05\/48119-140_CMPNT_TURBO-CONNE.jpg\",\"datePublished\":\"2024-07-01T08:18:11+00:00\",\"dateModified\":\"2026-03-13T12:45:52+00:00\",\"description\":\"SPECIALIZED TURBO CONNECT DISPLAY (TCD).La pantalla Turbo Connect (TCD) pone todos los datos de tu bicicleta en el sitio perfecto en el manillar.\",\"breadcrumb\":{\"@id\":\"https:\/\/gr-100.com\/producto\/specialized-turbo-connect-display-tcd\/#breadcrumb\"},\"inLanguage\":\"en-US\",\"potentialAction\":[{\"@type\":\"ReadAction\",\"target\":[\"https:\/\/gr-100.com\/producto\/specialized-turbo-connect-display-tcd\/\"]}]},{\"@type\":\"ImageObject\",\"inLanguage\":\"en-US\",\"@id\":\"https:\/\/gr-100.com\/producto\/specialized-turbo-connect-display-tcd\/#primaryimage\",\"url\":\"https:\/\/gr-100.com\/wp-content\/uploads\/2024\/05\/48119-140_CMPNT_TURBO-CONNE.jpg\",\"contentUrl\":\"https:\/\/gr-100.com\/wp-content\/uploads\/2024\/05\/48119-140_CMPNT_TURBO-CONNE.jpg\",\"width\":1000,\"height\":1000},{\"@type\":\"BreadcrumbList\",\"@id\":\"https:\/\/gr-100.com\/producto\/specialized-turbo-connect-display-tcd\/#breadcrumb\",\"itemListElement\":[{\"@type\":\"ListItem\",\"position\":1,\"name\":\"Portada\",\"item\":\"https:\/\/gr-100.com\/pt-pt\/\"},{\"@type\":\"ListItem\",\"position\":2,\"name\":\"Productos\",\"item\":\"https:\/\/gr-100.com\/?post_type=product\"},{\"@type\":\"ListItem\",\"position\":3,\"name\":\"Specialized Turbo Connect Display (Tcd)\"}]},{\"@type\":\"WebSite\",\"@id\":\"https:\/\/gr-100.com\/#website\",\"url\":\"https:\/\/gr-100.com\/\",\"name\":\"Gr-100 Tienda de ciclismo Specialized\",\"description\":\"GR-100 tenemos todas las gamas de bicicletas Specialized al mejor precio.\",\"publisher\":{\"@id\":\"https:\/\/gr-100.com\/#organization\"},\"alternateName\":\"Gr-100 Bikes\",\"potentialAction\":[{\"@type\":\"SearchAction\",\"target\":{\"@type\":\"EntryPoint\",\"urlTemplate\":\"https:\/\/gr-100.com\/?s={search_term_string}\"},\"query-input\":{\"@type\":\"PropertyValueSpecification\",\"valueRequired\":true,\"valueName\":\"search_term_string\"}}],\"inLanguage\":\"en-US\"},{\"@type\":\"Organization\",\"@id\":\"https:\/\/gr-100.com\/#organization\",\"name\":\"Gr-100\",\"url\":\"https:\/\/gr-100.com\/\",\"logo\":{\"@type\":\"ImageObject\",\"inLanguage\":\"en-US\",\"@id\":\"https:\/\/gr-100.com\/#\/schema\/logo\/image\/\",\"url\":\"https:\/\/gr-100.com\/wp-content\/uploads\/2023\/08\/logo-gr-100-bikes.png\",\"contentUrl\":\"https:\/\/gr-100.com\/wp-content\/uploads\/2023\/08\/logo-gr-100-bikes.png\",\"width\":707,\"height\":284,\"caption\":\"Gr-100\"},\"image\":{\"@id\":\"https:\/\/gr-100.com\/#\/schema\/logo\/image\/\"},\"sameAs\":[\"https:\/\/www.facebook.com\/Gr100Bikes\",\"https:\/\/www.instagram.com\/gr100bikes\/\",\"https:\/\/www.tiktok.com\/@gr100bikes\",\"https:\/\/twitter.com\/gr100mtbteam\",\"https:\/\/www.youtube.com\/c\/GR100Specialized\"]}]}<\/script>\n<!-- \/ Yoast SEO Premium plugin. -->","yoast_head_json":{"title":"Specialized Turbo Connect Display (Tcd) GR-100","description":"SPECIALIZED TURBO CONNECT DISPLAY (TCD).La pantalla Turbo Connect (TCD) pone todos los datos de tu bicicleta en el sitio perfecto en el manillar.","robots":{"index":"index","follow":"follow","max-snippet":"max-snippet:-1","max-image-preview":"max-image-preview:large","max-video-preview":"max-video-preview:-1"},"canonical":"https:\/\/gr-100.com\/producto\/specialized-turbo-connect-display-tcd\/","og_locale":"en_US","og_type":"article","og_title":"Specialized Turbo Connect Display (Tcd)","og_description":"SPECIALIZED TURBO CONNECT DISPLAY (TCD).La pantalla Turbo Connect (TCD) pone todos los datos de tu bicicleta en el sitio perfecto en el manillar.","og_url":"https:\/\/gr-100.com\/producto\/specialized-turbo-connect-display-tcd\/","og_site_name":"Gr-100 Tienda de ciclismo Specialized","article_publisher":"https:\/\/www.facebook.com\/Gr100Bikes","article_modified_time":"2026-03-13T12:45:52+00:00","og_image":[{"width":1000,"height":1000,"url":"https:\/\/gr-100.com\/wp-content\/uploads\/2024\/05\/48119-140_CMPNT_TURBO-CONNE.jpg","type":"image\/jpeg"}],"twitter_card":"summary_large_image","twitter_misc":{"Est. reading time":"2 minutes"},"schema":{"@context":"https:\/\/schema.org","@graph":[{"@type":"WebPage","@id":"https:\/\/gr-100.com\/producto\/specialized-turbo-connect-display-tcd\/","url":"https:\/\/gr-100.com\/producto\/specialized-turbo-connect-display-tcd\/","name":"Specialized Turbo Connect Display (Tcd) GR-100","isPartOf":{"@id":"https:\/\/gr-100.com\/#website"},"primaryImageOfPage":{"@id":"https:\/\/gr-100.com\/producto\/specialized-turbo-connect-display-tcd\/#primaryimage"},"image":{"@id":"https:\/\/gr-100.com\/producto\/specialized-turbo-connect-display-tcd\/#primaryimage"},"thumbnailUrl":"https:\/\/gr-100.com\/wp-content\/uploads\/2024\/05\/48119-140_CMPNT_TURBO-CONNE.jpg","datePublished":"2024-07-01T08:18:11+00:00","dateModified":"2026-03-13T12:45:52+00:00","description":"SPECIALIZED TURBO CONNECT DISPLAY (TCD).La pantalla Turbo Connect (TCD) pone todos los datos de tu bicicleta en el sitio perfecto en el manillar.","breadcrumb":{"@id":"https:\/\/gr-100.com\/producto\/specialized-turbo-connect-display-tcd\/#breadcrumb"},"inLanguage":"en-US","potentialAction":[{"@type":"ReadAction","target":["https:\/\/gr-100.com\/producto\/specialized-turbo-connect-display-tcd\/"]}]},{"@type":"ImageObject","inLanguage":"en-US","@id":"https:\/\/gr-100.com\/producto\/specialized-turbo-connect-display-tcd\/#primaryimage","url":"https:\/\/gr-100.com\/wp-content\/uploads\/2024\/05\/48119-140_CMPNT_TURBO-CONNE.jpg","contentUrl":"https:\/\/gr-100.com\/wp-content\/uploads\/2024\/05\/48119-140_CMPNT_TURBO-CONNE.jpg","width":1000,"height":1000},{"@type":"BreadcrumbList","@id":"https:\/\/gr-100.com\/producto\/specialized-turbo-connect-display-tcd\/#breadcrumb","itemListElement":[{"@type":"ListItem","position":1,"name":"Portada","item":"https:\/\/gr-100.com\/pt-pt\/"},{"@type":"ListItem","position":2,"name":"Productos","item":"https:\/\/gr-100.com\/?post_type=product"},{"@type":"ListItem","position":3,"name":"Specialized Turbo Connect Display (Tcd)"}]},{"@type":"WebSite","@id":"https:\/\/gr-100.com\/#website","url":"https:\/\/gr-100.com\/","name":"Gr-100 Tienda de ciclismo Specialized","description":"GR-100 tenemos todas las gamas de bicicletas Specialized al mejor precio.","publisher":{"@id":"https:\/\/gr-100.com\/#organization"},"alternateName":"Gr-100 Bikes","potentialAction":[{"@type":"SearchAction","target":{"@type":"EntryPoint","urlTemplate":"https:\/\/gr-100.com\/?s={search_term_string}"},"query-input":{"@type":"PropertyValueSpecification","valueRequired":true,"valueName":"search_term_string"}}],"inLanguage":"en-US"},{"@type":"Organization","@id":"https:\/\/gr-100.com\/#organization","name":"Gr-100","url":"https:\/\/gr-100.com\/","logo":{"@type":"ImageObject","inLanguage":"en-US","@id":"https:\/\/gr-100.com\/#\/schema\/logo\/image\/","url":"https:\/\/gr-100.com\/wp-content\/uploads\/2023\/08\/logo-gr-100-bikes.png","contentUrl":"https:\/\/gr-100.com\/wp-content\/uploads\/2023\/08\/logo-gr-100-bikes.png","width":707,"height":284,"caption":"Gr-100"},"image":{"@id":"https:\/\/gr-100.com\/#\/schema\/logo\/image\/"},"sameAs":["https:\/\/www.facebook.com\/Gr100Bikes","https:\/\/www.instagram.com\/gr100bikes\/","https:\/\/www.tiktok.com\/@gr100bikes","https:\/\/twitter.com\/gr100mtbteam","https:\/\/www.youtube.com\/c\/GR100Specialized"]}]}},"_links":{"self":[{"href":"https:\/\/gr-100.com\/en\/wp-json\/wp\/v2\/product\/370174","targetHints":{"allow":["GET"]}}],"collection":[{"href":"https:\/\/gr-100.com\/en\/wp-json\/wp\/v2\/product"}],"about":[{"href":"https:\/\/gr-100.com\/en\/wp-json\/wp\/v2\/types\/product"}],"replies":[{"embeddable":true,"href":"https:\/\/gr-100.com\/en\/wp-json\/wp\/v2\/comments?post=370174"}],"wp:featuredmedia":[{"embeddable":true,"href":"https:\/\/gr-100.com\/en\/wp-json\/wp\/v2\/media\/270667"}],"wp:attachment":[{"href":"https:\/\/gr-100.com\/en\/wp-json\/wp\/v2\/media?parent=370174"}],"wp:term":[{"taxonomy":"product_brand","embeddable":true,"href":"https:\/\/gr-100.com\/en\/wp-json\/wp\/v2\/product_brand?post=370174"},{"taxonomy":"product_cat","embeddable":true,"href":"https:\/\/gr-100.com\/en\/wp-json\/wp\/v2\/product_cat?post=370174"},{"taxonomy":"product_tag","embeddable":true,"href":"https:\/\/gr-100.com\/en\/wp-json\/wp\/v2\/product_tag?post=370174"}],"curies":[{"name":"wp","href":"https:\/\/api.w.org\/{rel}","templated":true}]}}