{"id":370387,"date":"2024-07-01T08:25:46","date_gmt":"2024-07-01T08:25:46","guid":{"rendered":"https:\/\/nuevo.gr-100.com\/producto\/bidon-elite-gr-100\/"},"modified":"2025-11-27T11:14:56","modified_gmt":"2025-11-27T09:14:56","slug":"bidon-elite-gr-100","status":"publish","type":"product","link":"https:\/\/gr-100.com\/en\/producto\/bidon-elite-gr-100\/","title":{"rendered":"msc my18 vado \/ como kickstand 323mm (with bolts) COMPATIBLE PART Bid\u00f3n Elite GR-100"},"content":{"rendered":"<ul>\n<li>V\u00e1lvula push-pull de goma blanda<\/li>\n<li>Superficie antideslizante<\/li>\n<li>Sin BPA (todos los materiales cumplen con la CE y la FDA)<\/li>\n<li>Tap\u00f3n de polipropileno y botella de polietileno LD<\/li>\n<li>Di\u00e1metro \u00d8 74 mm<\/li>\n<li>Capacidad: 600 ml<\/li>\n<li>Altura: 197 mm<\/li>\n<\/ul>\n","protected":false},"excerpt":{"rendered":"<p>LA BOTELLA PERFECTA PARA FANS Y EVENTOS<br \/>\nV\u00e1lvula push-pull de goma blanda<br \/>\nSuperficie antideslizante<br \/>\nSin BPA (todos los materiales cumplen con la CE y la FDA)<br \/>\nTap\u00f3n de polipropileno y botella de polietileno LD<br \/>\nDi\u00e1metro \u00d8 74 mm<\/p>\n","protected":false},"featured_media":271002,"comment_status":"closed","ping_status":"closed","template":"","meta":{"_acf_changed":false,"_et_pb_use_builder":"","_et_pb_old_content":"","_et_gb_content_width":"","inline_featured_image":false},"product_brand":[],"product_cat":[26,67],"product_tag":[],"class_list":{"0":"post-370387","1":"product","2":"type-product","3":"status-publish","4":"has-post-thumbnail","6":"product_cat-accesorios","7":"product_cat-varios-accesorios","9":"first","10":"instock","11":"taxable","12":"shipping-taxable","13":"purchasable","14":"product-type-simple"},"acf":[],"yoast_head":"<!-- This site is optimized with the Yoast SEO Premium plugin v26.7 (Yoast SEO v26.7) - https:\/\/yoast.com\/wordpress\/plugins\/seo\/ -->\n<title>msc my18 vado \/ como kickstand 323mm (with bolts) COMPATIBLE PART Bid\u00f3n Elite GR-100 GR-100 BID\u00d3N ELITE GR-100<\/title>\n<meta name=\"description\" content=\"Bid\u00f3n Elite GR-100. LA BOTELLA PERFECTA PARA FANS Y EVENTOS. V\u00e1lvula push-pull de goma blanda. Superficie antideslizante. Sin BPA.\" \/>\n<meta name=\"robots\" content=\"index, follow, max-snippet:-1, max-image-preview:large, max-video-preview:-1\" \/>\n<link rel=\"canonical\" href=\"https:\/\/gr-100.com\/producto\/bidon-elite-gr-100\/\" \/>\n<meta property=\"og:locale\" content=\"en_US\" \/>\n<meta property=\"og:type\" content=\"article\" \/>\n<meta property=\"og:title\" content=\"msc my18 vado \/ como kickstand 323mm (with bolts) COMPATIBLE PART Bid\u00f3n Elite GR-100\" \/>\n<meta property=\"og:description\" content=\"Bid\u00f3n Elite GR-100. LA BOTELLA PERFECTA PARA FANS Y EVENTOS. V\u00e1lvula push-pull de goma blanda. Superficie antideslizante. Sin BPA.\" \/>\n<meta property=\"og:url\" content=\"https:\/\/gr-100.com\/producto\/bidon-elite-gr-100\/\" \/>\n<meta property=\"og:site_name\" content=\"Gr-100 Tienda de ciclismo Specialized\" \/>\n<meta property=\"article:publisher\" content=\"https:\/\/www.facebook.com\/Gr100Bikes\" \/>\n<meta property=\"article:modified_time\" content=\"2025-11-27T09:14:56+00:00\" \/>\n<meta property=\"og:image\" content=\"https:\/\/gr-100.com\/wp-content\/uploads\/2024\/05\/ELITE_2006_5120_EP_LOLI-GR-.jpg\" \/>\n\t<meta property=\"og:image:width\" content=\"1000\" \/>\n\t<meta property=\"og:image:height\" content=\"1000\" \/>\n\t<meta property=\"og:image:type\" content=\"image\/jpeg\" \/>\n<meta name=\"twitter:card\" content=\"summary_large_image\" \/>\n<meta name=\"twitter:label1\" content=\"Est. reading time\" \/>\n\t<meta name=\"twitter:data1\" content=\"1 minute\" \/>\n<script type=\"application\/ld+json\" class=\"yoast-schema-graph\">{\"@context\":\"https:\/\/schema.org\",\"@graph\":[{\"@type\":\"WebPage\",\"@id\":\"https:\/\/gr-100.com\/producto\/bidon-elite-gr-100\/\",\"url\":\"https:\/\/gr-100.com\/producto\/bidon-elite-gr-100\/\",\"name\":\"msc my18 vado \/ como kickstand 323mm (with bolts) COMPATIBLE PART Bid\u00f3n Elite GR-100 GR-100 BID\u00d3N ELITE GR-100\",\"isPartOf\":{\"@id\":\"https:\/\/gr-100.com\/#website\"},\"primaryImageOfPage\":{\"@id\":\"https:\/\/gr-100.com\/producto\/bidon-elite-gr-100\/#primaryimage\"},\"image\":{\"@id\":\"https:\/\/gr-100.com\/producto\/bidon-elite-gr-100\/#primaryimage\"},\"thumbnailUrl\":\"https:\/\/gr-100.com\/wp-content\/uploads\/2024\/05\/ELITE_2006_5120_EP_LOLI-GR-.jpg\",\"datePublished\":\"2024-07-01T08:25:46+00:00\",\"dateModified\":\"2025-11-27T09:14:56+00:00\",\"description\":\"Bid\u00f3n Elite GR-100. LA BOTELLA PERFECTA PARA FANS Y EVENTOS. V\u00e1lvula push-pull de goma blanda. Superficie antideslizante. Sin BPA.\",\"breadcrumb\":{\"@id\":\"https:\/\/gr-100.com\/producto\/bidon-elite-gr-100\/#breadcrumb\"},\"inLanguage\":\"en-US\",\"potentialAction\":[{\"@type\":\"ReadAction\",\"target\":[\"https:\/\/gr-100.com\/producto\/bidon-elite-gr-100\/\"]}]},{\"@type\":\"ImageObject\",\"inLanguage\":\"en-US\",\"@id\":\"https:\/\/gr-100.com\/producto\/bidon-elite-gr-100\/#primaryimage\",\"url\":\"https:\/\/gr-100.com\/wp-content\/uploads\/2024\/05\/ELITE_2006_5120_EP_LOLI-GR-.jpg\",\"contentUrl\":\"https:\/\/gr-100.com\/wp-content\/uploads\/2024\/05\/ELITE_2006_5120_EP_LOLI-GR-.jpg\",\"width\":1000,\"height\":1000},{\"@type\":\"BreadcrumbList\",\"@id\":\"https:\/\/gr-100.com\/producto\/bidon-elite-gr-100\/#breadcrumb\",\"itemListElement\":[{\"@type\":\"ListItem\",\"position\":1,\"name\":\"Portada\",\"item\":\"https:\/\/gr-100.com\/pt-pt\/\"},{\"@type\":\"ListItem\",\"position\":2,\"name\":\"Productos\",\"item\":\"https:\/\/gr-100.com\/?post_type=product\"},{\"@type\":\"ListItem\",\"position\":3,\"name\":\"msc my18 vado \/ como kickstand 323mm (with bolts) COMPATIBLE PART Bid\u00f3n Elite GR-100\"}]},{\"@type\":\"WebSite\",\"@id\":\"https:\/\/gr-100.com\/#website\",\"url\":\"https:\/\/gr-100.com\/\",\"name\":\"Gr-100 Tienda de ciclismo Specialized\",\"description\":\"GR-100 tenemos todas las gamas de bicicletas Specialized al mejor precio.\",\"publisher\":{\"@id\":\"https:\/\/gr-100.com\/#organization\"},\"alternateName\":\"Gr-100 Bikes\",\"potentialAction\":[{\"@type\":\"SearchAction\",\"target\":{\"@type\":\"EntryPoint\",\"urlTemplate\":\"https:\/\/gr-100.com\/?s={search_term_string}\"},\"query-input\":{\"@type\":\"PropertyValueSpecification\",\"valueRequired\":true,\"valueName\":\"search_term_string\"}}],\"inLanguage\":\"en-US\"},{\"@type\":\"Organization\",\"@id\":\"https:\/\/gr-100.com\/#organization\",\"name\":\"Gr-100\",\"url\":\"https:\/\/gr-100.com\/\",\"logo\":{\"@type\":\"ImageObject\",\"inLanguage\":\"en-US\",\"@id\":\"https:\/\/gr-100.com\/#\/schema\/logo\/image\/\",\"url\":\"https:\/\/gr-100.com\/wp-content\/uploads\/2023\/08\/logo-gr-100-bikes.png\",\"contentUrl\":\"https:\/\/gr-100.com\/wp-content\/uploads\/2023\/08\/logo-gr-100-bikes.png\",\"width\":707,\"height\":284,\"caption\":\"Gr-100\"},\"image\":{\"@id\":\"https:\/\/gr-100.com\/#\/schema\/logo\/image\/\"},\"sameAs\":[\"https:\/\/www.facebook.com\/Gr100Bikes\",\"https:\/\/www.instagram.com\/gr100bikes\/\",\"https:\/\/www.tiktok.com\/@gr100bikes\",\"https:\/\/twitter.com\/gr100mtbteam\",\"https:\/\/www.youtube.com\/c\/GR100Specialized\"]}]}<\/script>\n<!-- \/ Yoast SEO Premium plugin. -->","yoast_head_json":{"title":"msc my18 vado \/ como kickstand 323mm (with bolts) COMPATIBLE PART Bid\u00f3n Elite GR-100 GR-100 BID\u00d3N ELITE GR-100","description":"Bid\u00f3n Elite GR-100. LA BOTELLA PERFECTA PARA FANS Y EVENTOS. V\u00e1lvula push-pull de goma blanda. Superficie antideslizante. Sin BPA.","robots":{"index":"index","follow":"follow","max-snippet":"max-snippet:-1","max-image-preview":"max-image-preview:large","max-video-preview":"max-video-preview:-1"},"canonical":"https:\/\/gr-100.com\/producto\/bidon-elite-gr-100\/","og_locale":"en_US","og_type":"article","og_title":"msc my18 vado \/ como kickstand 323mm (with bolts) COMPATIBLE PART Bid\u00f3n Elite GR-100","og_description":"Bid\u00f3n Elite GR-100. LA BOTELLA PERFECTA PARA FANS Y EVENTOS. V\u00e1lvula push-pull de goma blanda. Superficie antideslizante. Sin BPA.","og_url":"https:\/\/gr-100.com\/producto\/bidon-elite-gr-100\/","og_site_name":"Gr-100 Tienda de ciclismo Specialized","article_publisher":"https:\/\/www.facebook.com\/Gr100Bikes","article_modified_time":"2025-11-27T09:14:56+00:00","og_image":[{"width":1000,"height":1000,"url":"https:\/\/gr-100.com\/wp-content\/uploads\/2024\/05\/ELITE_2006_5120_EP_LOLI-GR-.jpg","type":"image\/jpeg"}],"twitter_card":"summary_large_image","twitter_misc":{"Est. reading time":"1 minute"},"schema":{"@context":"https:\/\/schema.org","@graph":[{"@type":"WebPage","@id":"https:\/\/gr-100.com\/producto\/bidon-elite-gr-100\/","url":"https:\/\/gr-100.com\/producto\/bidon-elite-gr-100\/","name":"msc my18 vado \/ como kickstand 323mm (with bolts) COMPATIBLE PART Bid\u00f3n Elite GR-100 GR-100 BID\u00d3N ELITE GR-100","isPartOf":{"@id":"https:\/\/gr-100.com\/#website"},"primaryImageOfPage":{"@id":"https:\/\/gr-100.com\/producto\/bidon-elite-gr-100\/#primaryimage"},"image":{"@id":"https:\/\/gr-100.com\/producto\/bidon-elite-gr-100\/#primaryimage"},"thumbnailUrl":"https:\/\/gr-100.com\/wp-content\/uploads\/2024\/05\/ELITE_2006_5120_EP_LOLI-GR-.jpg","datePublished":"2024-07-01T08:25:46+00:00","dateModified":"2025-11-27T09:14:56+00:00","description":"Bid\u00f3n Elite GR-100. LA BOTELLA PERFECTA PARA FANS Y EVENTOS. V\u00e1lvula push-pull de goma blanda. Superficie antideslizante. Sin BPA.","breadcrumb":{"@id":"https:\/\/gr-100.com\/producto\/bidon-elite-gr-100\/#breadcrumb"},"inLanguage":"en-US","potentialAction":[{"@type":"ReadAction","target":["https:\/\/gr-100.com\/producto\/bidon-elite-gr-100\/"]}]},{"@type":"ImageObject","inLanguage":"en-US","@id":"https:\/\/gr-100.com\/producto\/bidon-elite-gr-100\/#primaryimage","url":"https:\/\/gr-100.com\/wp-content\/uploads\/2024\/05\/ELITE_2006_5120_EP_LOLI-GR-.jpg","contentUrl":"https:\/\/gr-100.com\/wp-content\/uploads\/2024\/05\/ELITE_2006_5120_EP_LOLI-GR-.jpg","width":1000,"height":1000},{"@type":"BreadcrumbList","@id":"https:\/\/gr-100.com\/producto\/bidon-elite-gr-100\/#breadcrumb","itemListElement":[{"@type":"ListItem","position":1,"name":"Portada","item":"https:\/\/gr-100.com\/pt-pt\/"},{"@type":"ListItem","position":2,"name":"Productos","item":"https:\/\/gr-100.com\/?post_type=product"},{"@type":"ListItem","position":3,"name":"msc my18 vado \/ como kickstand 323mm (with bolts) COMPATIBLE PART Bid\u00f3n Elite GR-100"}]},{"@type":"WebSite","@id":"https:\/\/gr-100.com\/#website","url":"https:\/\/gr-100.com\/","name":"Gr-100 Tienda de ciclismo Specialized","description":"GR-100 tenemos todas las gamas de bicicletas Specialized al mejor precio.","publisher":{"@id":"https:\/\/gr-100.com\/#organization"},"alternateName":"Gr-100 Bikes","potentialAction":[{"@type":"SearchAction","target":{"@type":"EntryPoint","urlTemplate":"https:\/\/gr-100.com\/?s={search_term_string}"},"query-input":{"@type":"PropertyValueSpecification","valueRequired":true,"valueName":"search_term_string"}}],"inLanguage":"en-US"},{"@type":"Organization","@id":"https:\/\/gr-100.com\/#organization","name":"Gr-100","url":"https:\/\/gr-100.com\/","logo":{"@type":"ImageObject","inLanguage":"en-US","@id":"https:\/\/gr-100.com\/#\/schema\/logo\/image\/","url":"https:\/\/gr-100.com\/wp-content\/uploads\/2023\/08\/logo-gr-100-bikes.png","contentUrl":"https:\/\/gr-100.com\/wp-content\/uploads\/2023\/08\/logo-gr-100-bikes.png","width":707,"height":284,"caption":"Gr-100"},"image":{"@id":"https:\/\/gr-100.com\/#\/schema\/logo\/image\/"},"sameAs":["https:\/\/www.facebook.com\/Gr100Bikes","https:\/\/www.instagram.com\/gr100bikes\/","https:\/\/www.tiktok.com\/@gr100bikes","https:\/\/twitter.com\/gr100mtbteam","https:\/\/www.youtube.com\/c\/GR100Specialized"]}]}},"_links":{"self":[{"href":"https:\/\/gr-100.com\/en\/wp-json\/wp\/v2\/product\/370387","targetHints":{"allow":["GET"]}}],"collection":[{"href":"https:\/\/gr-100.com\/en\/wp-json\/wp\/v2\/product"}],"about":[{"href":"https:\/\/gr-100.com\/en\/wp-json\/wp\/v2\/types\/product"}],"replies":[{"embeddable":true,"href":"https:\/\/gr-100.com\/en\/wp-json\/wp\/v2\/comments?post=370387"}],"wp:featuredmedia":[{"embeddable":true,"href":"https:\/\/gr-100.com\/en\/wp-json\/wp\/v2\/media\/271002"}],"wp:attachment":[{"href":"https:\/\/gr-100.com\/en\/wp-json\/wp\/v2\/media?parent=370387"}],"wp:term":[{"taxonomy":"product_brand","embeddable":true,"href":"https:\/\/gr-100.com\/en\/wp-json\/wp\/v2\/product_brand?post=370387"},{"taxonomy":"product_cat","embeddable":true,"href":"https:\/\/gr-100.com\/en\/wp-json\/wp\/v2\/product_cat?post=370387"},{"taxonomy":"product_tag","embeddable":true,"href":"https:\/\/gr-100.com\/en\/wp-json\/wp\/v2\/product_tag?post=370387"}],"curies":[{"name":"wp","href":"https:\/\/api.w.org\/{rel}","templated":true}]}}