{"id":370493,"date":"2024-07-01T08:29:32","date_gmt":"2024-07-01T08:29:32","guid":{"rendered":"https:\/\/nuevo.gr-100.com\/producto\/s-works-power-arc\/"},"modified":"2026-04-23T12:08:10","modified_gmt":"2026-04-23T10:08:10","slug":"s-works-power-arc","status":"publish","type":"product","link":"https:\/\/gr-100.com\/en\/producto\/s-works-power-arc\/","title":{"rendered":"S-Works Power Arc"},"content":{"rendered":"<ul>\n<li>El dise\u00f1o patentado de Body Geometry est\u00e1 probado en laboratorio tanto para hombres como para mujeres para garantizar el flujo sangu\u00edneo a las arterias sensibles.<\/li>\n<li>La carcasa r\u00edgida de fibra de carbono FACT est\u00e1 ajustada para brindar soporte y cumplimiento de conducci\u00f3n.<\/li>\n<li>Acolchado de EVA superligero para mayor comodidad y soporte en viajes m\u00e1s largos.<\/li>\n<li>Rieles de carbono FACT ultraligeros, resistentes y de gran tama\u00f1o.<\/li>\n<li>Acolchado de nivel 2: espuma de densidad media para una sensaci\u00f3n de bicicleta con amortiguaci\u00f3n adicional.<\/li>\n<li>Los soportes compatibles con SWAT \u2122 moldeados en la base del sill\u00edn permiten soluciones de almacenamiento elegantes e integradas.<\/li>\n<li>Tama\u00f1o 143 mm \/ Peso: 141 g<\/li>\n<li>Tama\u00f1o 155 mm \/ Peso: 145 g<\/li>\n<li>NOTA: Los rieles de carbono de gran tama\u00f1o de 7&#215;9 mm no son compatibles con las tijas de sill\u00edn equipadas con mecanismos de sujeci\u00f3n de carga lateral para rieles redondos de 7 mm.<\/li>\n<\/ul>\n","protected":false},"excerpt":{"rendered":"<p>El S-Works Power Arc se basa en el \u00e9xito de nuestro S-Works Power original y cuenta con el mismo canal y longitud que dicho original.<\/p>\n","protected":false},"featured_media":268711,"comment_status":"closed","ping_status":"closed","template":"","meta":{"_acf_changed":false,"_et_pb_use_builder":"","_et_pb_old_content":"","_et_gb_content_width":"","inline_featured_image":false},"product_brand":[],"product_cat":[4330,3885,25,56],"product_tag":[],"class_list":{"0":"post-370493","1":"product","2":"type-product","3":"status-publish","4":"has-post-thumbnail","6":"product_cat-black-friday-2","7":"product_cat-descuentos","8":"product_cat-componentes","9":"product_cat-sillines","10":"product_shipping_class-componentes","12":"first","13":"instock","14":"taxable","15":"shipping-taxable","16":"purchasable","17":"product-type-variable","18":"wvs-archive-product-wrapper"},"acf":[],"yoast_head":"<!-- This site is optimized with the Yoast SEO Premium plugin v26.7 (Yoast SEO v26.7) - https:\/\/yoast.com\/wordpress\/plugins\/seo\/ -->\n<title>S-Works Power Arc GR-100 S-WORKS POWER<\/title>\n<meta name=\"description\" content=\"S-WORKS POWER ARC, se basa en el \u00e9xito de nuestro S-Works Power original y cuenta con el mismo canal y longitud que dicho original.\" \/>\n<meta name=\"robots\" content=\"index, follow, max-snippet:-1, max-image-preview:large, max-video-preview:-1\" \/>\n<link rel=\"canonical\" href=\"https:\/\/gr-100.com\/producto\/s-works-power-arc\/\" \/>\n<meta property=\"og:locale\" content=\"en_US\" \/>\n<meta property=\"og:type\" content=\"article\" \/>\n<meta property=\"og:title\" content=\"S-Works Power Arc\" \/>\n<meta property=\"og:description\" content=\"S-WORKS POWER ARC, se basa en el \u00e9xito de nuestro S-Works Power original y cuenta con el mismo canal y longitud que dicho original.\" \/>\n<meta property=\"og:url\" content=\"https:\/\/gr-100.com\/producto\/s-works-power-arc\/\" \/>\n<meta property=\"og:site_name\" content=\"Gr-100 Tienda de ciclismo Specialized\" \/>\n<meta property=\"article:publisher\" content=\"https:\/\/www.facebook.com\/Gr100Bikes\" \/>\n<meta property=\"article:modified_time\" content=\"2026-04-23T10:08:10+00:00\" \/>\n<meta property=\"og:image\" content=\"https:\/\/gr-100.com\/wp-content\/uploads\/2024\/05\/27118-170_SDDL_SW-POWER-ARC.jpg\" \/>\n\t<meta property=\"og:image:width\" content=\"1000\" \/>\n\t<meta property=\"og:image:height\" content=\"1000\" \/>\n\t<meta property=\"og:image:type\" content=\"image\/jpeg\" \/>\n<meta name=\"twitter:card\" content=\"summary_large_image\" \/>\n<meta name=\"twitter:label1\" content=\"Est. reading time\" \/>\n\t<meta name=\"twitter:data1\" content=\"1 minute\" \/>\n<script type=\"application\/ld+json\" class=\"yoast-schema-graph\">{\"@context\":\"https:\/\/schema.org\",\"@graph\":[{\"@type\":\"WebPage\",\"@id\":\"https:\/\/gr-100.com\/producto\/s-works-power-arc\/\",\"url\":\"https:\/\/gr-100.com\/producto\/s-works-power-arc\/\",\"name\":\"S-Works Power Arc GR-100 S-WORKS POWER\",\"isPartOf\":{\"@id\":\"https:\/\/gr-100.com\/#website\"},\"primaryImageOfPage\":{\"@id\":\"https:\/\/gr-100.com\/producto\/s-works-power-arc\/#primaryimage\"},\"image\":{\"@id\":\"https:\/\/gr-100.com\/producto\/s-works-power-arc\/#primaryimage\"},\"thumbnailUrl\":\"https:\/\/gr-100.com\/wp-content\/uploads\/2024\/05\/27118-170_SDDL_SW-POWER-ARC.jpg\",\"datePublished\":\"2024-07-01T08:29:32+00:00\",\"dateModified\":\"2026-04-23T10:08:10+00:00\",\"description\":\"S-WORKS POWER ARC, se basa en el \u00e9xito de nuestro S-Works Power original y cuenta con el mismo canal y longitud que dicho original.\",\"breadcrumb\":{\"@id\":\"https:\/\/gr-100.com\/producto\/s-works-power-arc\/#breadcrumb\"},\"inLanguage\":\"en-US\",\"potentialAction\":[{\"@type\":\"ReadAction\",\"target\":[\"https:\/\/gr-100.com\/producto\/s-works-power-arc\/\"]}]},{\"@type\":\"ImageObject\",\"inLanguage\":\"en-US\",\"@id\":\"https:\/\/gr-100.com\/producto\/s-works-power-arc\/#primaryimage\",\"url\":\"https:\/\/gr-100.com\/wp-content\/uploads\/2024\/05\/27118-170_SDDL_SW-POWER-ARC.jpg\",\"contentUrl\":\"https:\/\/gr-100.com\/wp-content\/uploads\/2024\/05\/27118-170_SDDL_SW-POWER-ARC.jpg\",\"width\":1000,\"height\":1000},{\"@type\":\"BreadcrumbList\",\"@id\":\"https:\/\/gr-100.com\/producto\/s-works-power-arc\/#breadcrumb\",\"itemListElement\":[{\"@type\":\"ListItem\",\"position\":1,\"name\":\"Portada\",\"item\":\"https:\/\/gr-100.com\/pt-pt\/\"},{\"@type\":\"ListItem\",\"position\":2,\"name\":\"Productos\",\"item\":\"https:\/\/gr-100.com\/?post_type=product\"},{\"@type\":\"ListItem\",\"position\":3,\"name\":\"S-Works Power Arc\"}]},{\"@type\":\"WebSite\",\"@id\":\"https:\/\/gr-100.com\/#website\",\"url\":\"https:\/\/gr-100.com\/\",\"name\":\"Gr-100 Tienda de ciclismo Specialized\",\"description\":\"GR-100 tenemos todas las gamas de bicicletas Specialized al mejor precio.\",\"publisher\":{\"@id\":\"https:\/\/gr-100.com\/#organization\"},\"alternateName\":\"Gr-100 Bikes\",\"potentialAction\":[{\"@type\":\"SearchAction\",\"target\":{\"@type\":\"EntryPoint\",\"urlTemplate\":\"https:\/\/gr-100.com\/?s={search_term_string}\"},\"query-input\":{\"@type\":\"PropertyValueSpecification\",\"valueRequired\":true,\"valueName\":\"search_term_string\"}}],\"inLanguage\":\"en-US\"},{\"@type\":\"Organization\",\"@id\":\"https:\/\/gr-100.com\/#organization\",\"name\":\"Gr-100\",\"url\":\"https:\/\/gr-100.com\/\",\"logo\":{\"@type\":\"ImageObject\",\"inLanguage\":\"en-US\",\"@id\":\"https:\/\/gr-100.com\/#\/schema\/logo\/image\/\",\"url\":\"https:\/\/gr-100.com\/wp-content\/uploads\/2023\/08\/logo-gr-100-bikes.png\",\"contentUrl\":\"https:\/\/gr-100.com\/wp-content\/uploads\/2023\/08\/logo-gr-100-bikes.png\",\"width\":707,\"height\":284,\"caption\":\"Gr-100\"},\"image\":{\"@id\":\"https:\/\/gr-100.com\/#\/schema\/logo\/image\/\"},\"sameAs\":[\"https:\/\/www.facebook.com\/Gr100Bikes\",\"https:\/\/www.instagram.com\/gr100bikes\/\",\"https:\/\/www.tiktok.com\/@gr100bikes\",\"https:\/\/twitter.com\/gr100mtbteam\",\"https:\/\/www.youtube.com\/c\/GR100Specialized\"]}]}<\/script>\n<!-- \/ Yoast SEO Premium plugin. -->","yoast_head_json":{"title":"S-Works Power Arc GR-100 S-WORKS POWER","description":"S-WORKS POWER ARC, se basa en el \u00e9xito de nuestro S-Works Power original y cuenta con el mismo canal y longitud que dicho original.","robots":{"index":"index","follow":"follow","max-snippet":"max-snippet:-1","max-image-preview":"max-image-preview:large","max-video-preview":"max-video-preview:-1"},"canonical":"https:\/\/gr-100.com\/producto\/s-works-power-arc\/","og_locale":"en_US","og_type":"article","og_title":"S-Works Power Arc","og_description":"S-WORKS POWER ARC, se basa en el \u00e9xito de nuestro S-Works Power original y cuenta con el mismo canal y longitud que dicho original.","og_url":"https:\/\/gr-100.com\/producto\/s-works-power-arc\/","og_site_name":"Gr-100 Tienda de ciclismo Specialized","article_publisher":"https:\/\/www.facebook.com\/Gr100Bikes","article_modified_time":"2026-04-23T10:08:10+00:00","og_image":[{"width":1000,"height":1000,"url":"https:\/\/gr-100.com\/wp-content\/uploads\/2024\/05\/27118-170_SDDL_SW-POWER-ARC.jpg","type":"image\/jpeg"}],"twitter_card":"summary_large_image","twitter_misc":{"Est. reading time":"1 minute"},"schema":{"@context":"https:\/\/schema.org","@graph":[{"@type":"WebPage","@id":"https:\/\/gr-100.com\/producto\/s-works-power-arc\/","url":"https:\/\/gr-100.com\/producto\/s-works-power-arc\/","name":"S-Works Power Arc GR-100 S-WORKS POWER","isPartOf":{"@id":"https:\/\/gr-100.com\/#website"},"primaryImageOfPage":{"@id":"https:\/\/gr-100.com\/producto\/s-works-power-arc\/#primaryimage"},"image":{"@id":"https:\/\/gr-100.com\/producto\/s-works-power-arc\/#primaryimage"},"thumbnailUrl":"https:\/\/gr-100.com\/wp-content\/uploads\/2024\/05\/27118-170_SDDL_SW-POWER-ARC.jpg","datePublished":"2024-07-01T08:29:32+00:00","dateModified":"2026-04-23T10:08:10+00:00","description":"S-WORKS POWER ARC, se basa en el \u00e9xito de nuestro S-Works Power original y cuenta con el mismo canal y longitud que dicho original.","breadcrumb":{"@id":"https:\/\/gr-100.com\/producto\/s-works-power-arc\/#breadcrumb"},"inLanguage":"en-US","potentialAction":[{"@type":"ReadAction","target":["https:\/\/gr-100.com\/producto\/s-works-power-arc\/"]}]},{"@type":"ImageObject","inLanguage":"en-US","@id":"https:\/\/gr-100.com\/producto\/s-works-power-arc\/#primaryimage","url":"https:\/\/gr-100.com\/wp-content\/uploads\/2024\/05\/27118-170_SDDL_SW-POWER-ARC.jpg","contentUrl":"https:\/\/gr-100.com\/wp-content\/uploads\/2024\/05\/27118-170_SDDL_SW-POWER-ARC.jpg","width":1000,"height":1000},{"@type":"BreadcrumbList","@id":"https:\/\/gr-100.com\/producto\/s-works-power-arc\/#breadcrumb","itemListElement":[{"@type":"ListItem","position":1,"name":"Portada","item":"https:\/\/gr-100.com\/pt-pt\/"},{"@type":"ListItem","position":2,"name":"Productos","item":"https:\/\/gr-100.com\/?post_type=product"},{"@type":"ListItem","position":3,"name":"S-Works Power Arc"}]},{"@type":"WebSite","@id":"https:\/\/gr-100.com\/#website","url":"https:\/\/gr-100.com\/","name":"Gr-100 Tienda de ciclismo Specialized","description":"GR-100 tenemos todas las gamas de bicicletas Specialized al mejor precio.","publisher":{"@id":"https:\/\/gr-100.com\/#organization"},"alternateName":"Gr-100 Bikes","potentialAction":[{"@type":"SearchAction","target":{"@type":"EntryPoint","urlTemplate":"https:\/\/gr-100.com\/?s={search_term_string}"},"query-input":{"@type":"PropertyValueSpecification","valueRequired":true,"valueName":"search_term_string"}}],"inLanguage":"en-US"},{"@type":"Organization","@id":"https:\/\/gr-100.com\/#organization","name":"Gr-100","url":"https:\/\/gr-100.com\/","logo":{"@type":"ImageObject","inLanguage":"en-US","@id":"https:\/\/gr-100.com\/#\/schema\/logo\/image\/","url":"https:\/\/gr-100.com\/wp-content\/uploads\/2023\/08\/logo-gr-100-bikes.png","contentUrl":"https:\/\/gr-100.com\/wp-content\/uploads\/2023\/08\/logo-gr-100-bikes.png","width":707,"height":284,"caption":"Gr-100"},"image":{"@id":"https:\/\/gr-100.com\/#\/schema\/logo\/image\/"},"sameAs":["https:\/\/www.facebook.com\/Gr100Bikes","https:\/\/www.instagram.com\/gr100bikes\/","https:\/\/www.tiktok.com\/@gr100bikes","https:\/\/twitter.com\/gr100mtbteam","https:\/\/www.youtube.com\/c\/GR100Specialized"]}]}},"_links":{"self":[{"href":"https:\/\/gr-100.com\/en\/wp-json\/wp\/v2\/product\/370493","targetHints":{"allow":["GET"]}}],"collection":[{"href":"https:\/\/gr-100.com\/en\/wp-json\/wp\/v2\/product"}],"about":[{"href":"https:\/\/gr-100.com\/en\/wp-json\/wp\/v2\/types\/product"}],"replies":[{"embeddable":true,"href":"https:\/\/gr-100.com\/en\/wp-json\/wp\/v2\/comments?post=370493"}],"wp:featuredmedia":[{"embeddable":true,"href":"https:\/\/gr-100.com\/en\/wp-json\/wp\/v2\/media\/268711"}],"wp:attachment":[{"href":"https:\/\/gr-100.com\/en\/wp-json\/wp\/v2\/media?parent=370493"}],"wp:term":[{"taxonomy":"product_brand","embeddable":true,"href":"https:\/\/gr-100.com\/en\/wp-json\/wp\/v2\/product_brand?post=370493"},{"taxonomy":"product_cat","embeddable":true,"href":"https:\/\/gr-100.com\/en\/wp-json\/wp\/v2\/product_cat?post=370493"},{"taxonomy":"product_tag","embeddable":true,"href":"https:\/\/gr-100.com\/en\/wp-json\/wp\/v2\/product_tag?post=370493"}],"curies":[{"name":"wp","href":"https:\/\/api.w.org\/{rel}","templated":true}]}}