{"id":371006,"date":"2024-07-01T08:49:15","date_gmt":"2024-07-01T08:49:15","guid":{"rendered":"https:\/\/nuevo.gr-100.com\/producto\/dt-swiss-arc-1400-dicut-db-50mm\/"},"modified":"2025-12-18T16:40:06","modified_gmt":"2025-12-18T14:40:06","slug":"dt-swiss-arc-1400-dicut-db-50mm","status":"publish","type":"product","link":"https:\/\/gr-100.com\/en\/producto\/dt-swiss-arc-1400-dicut-db-50mm\/","title":{"rendered":"Dt Swiss Arc 1400 Dicut\u00ae Db 50mm"},"content":{"rendered":"<ul>\n<li>Bujes Dt 240<\/li>\n<li>Carbono perfil 50<\/li>\n<li>Discos Center lock<\/li>\n<li>12-100 y 12-142<\/li>\n<li>Radios dt aero<\/li>\n<li>1500 gramos<\/li>\n<\/ul>\n","protected":false},"excerpt":{"rendered":"<p>Las avanzadas ruedas ARC 1400 DICUT representan la \u00faltima generaci\u00f3n del ADN del nivel 1400 de DT Swiss y de nuestros colaboradores en aerodin\u00e1mica SWISS SIDE. Disponibles en una versi\u00f3n con freno de disco con tres alturas de llanta distintas (80 mm, 62 mm y 50 mm), las llantas de perfil AERO+ marcan un nuevo est\u00e1ndar de rendimiento aerodin\u00e1mico y consiguen la m\u00ednima resistencia aerodin\u00e1mica en distintos \u00e1ngulos de viento cruzado.<\/p>\n","protected":false},"featured_media":272286,"comment_status":"closed","ping_status":"closed","template":"","meta":{"_acf_changed":false,"_et_pb_use_builder":"","_et_pb_old_content":"","_et_gb_content_width":"","inline_featured_image":false},"product_brand":[],"product_cat":[25,55,429],"product_tag":[],"class_list":{"0":"post-371006","1":"product","2":"type-product","3":"status-publish","4":"has-post-thumbnail","6":"product_cat-componentes","7":"product_cat-ruedas","8":"product_cat-ofertas","9":"product_shipping_class-componentes","11":"first","12":"outofstock","13":"sale","14":"taxable","15":"shipping-taxable","16":"purchasable","17":"product-type-simple"},"acf":[],"yoast_head":"<!-- This site is optimized with the Yoast SEO Premium plugin v26.7 (Yoast SEO v26.7) - https:\/\/yoast.com\/wordpress\/plugins\/seo\/ -->\n<title>Dt Swiss Arc 1400 Dicut\u00ae Db 50mm - GR-100<\/title>\n<meta name=\"description\" content=\"DT SWISS ARC 1400 DICUT\u00ae DB. Las ruedas aerodin\u00e1micas de disco DT Swiss, s\u00edntesis perfecta de aceleraci\u00f3n, aerodin\u00e1mica y maniobrabilidad\" \/>\n<meta name=\"robots\" content=\"index, follow, max-snippet:-1, max-image-preview:large, max-video-preview:-1\" \/>\n<link rel=\"canonical\" href=\"https:\/\/gr-100.com\/producto\/dt-swiss-arc-1400-dicut-db-50mm\/\" \/>\n<meta property=\"og:locale\" content=\"en_US\" \/>\n<meta property=\"og:type\" content=\"article\" \/>\n<meta property=\"og:title\" content=\"Dt Swiss Arc 1400 Dicut\u00ae Db 50mm\" \/>\n<meta property=\"og:description\" content=\"DT SWISS ARC 1400 DICUT\u00ae DB. Las ruedas aerodin\u00e1micas de disco DT Swiss, s\u00edntesis perfecta de aceleraci\u00f3n, aerodin\u00e1mica y maniobrabilidad\" \/>\n<meta property=\"og:url\" content=\"https:\/\/gr-100.com\/producto\/dt-swiss-arc-1400-dicut-db-50mm\/\" \/>\n<meta property=\"og:site_name\" content=\"Gr-100 Tienda de ciclismo Specialized\" \/>\n<meta property=\"article:publisher\" content=\"https:\/\/www.facebook.com\/Gr100Bikes\" \/>\n<meta property=\"article:modified_time\" content=\"2025-12-18T14:40:06+00:00\" \/>\n<meta property=\"og:image\" content=\"https:\/\/gr-100.com\/wp-content\/uploads\/2024\/05\/39a85557-33f7-4ed6-9db5-c6b.jpg\" \/>\n\t<meta property=\"og:image:width\" content=\"1000\" \/>\n\t<meta property=\"og:image:height\" content=\"1000\" \/>\n\t<meta property=\"og:image:type\" content=\"image\/jpeg\" \/>\n<meta name=\"twitter:card\" content=\"summary_large_image\" \/>\n<meta name=\"twitter:label1\" content=\"Est. reading time\" \/>\n\t<meta name=\"twitter:data1\" content=\"1 minute\" \/>\n<script type=\"application\/ld+json\" class=\"yoast-schema-graph\">{\"@context\":\"https:\/\/schema.org\",\"@graph\":[{\"@type\":\"WebPage\",\"@id\":\"https:\/\/gr-100.com\/producto\/dt-swiss-arc-1400-dicut-db-50mm\/\",\"url\":\"https:\/\/gr-100.com\/producto\/dt-swiss-arc-1400-dicut-db-50mm\/\",\"name\":\"Dt Swiss Arc 1400 Dicut\u00ae Db 50mm - GR-100\",\"isPartOf\":{\"@id\":\"https:\/\/gr-100.com\/#website\"},\"primaryImageOfPage\":{\"@id\":\"https:\/\/gr-100.com\/producto\/dt-swiss-arc-1400-dicut-db-50mm\/#primaryimage\"},\"image\":{\"@id\":\"https:\/\/gr-100.com\/producto\/dt-swiss-arc-1400-dicut-db-50mm\/#primaryimage\"},\"thumbnailUrl\":\"https:\/\/gr-100.com\/wp-content\/uploads\/2024\/05\/39a85557-33f7-4ed6-9db5-c6b.jpg\",\"datePublished\":\"2024-07-01T08:49:15+00:00\",\"dateModified\":\"2025-12-18T14:40:06+00:00\",\"description\":\"DT SWISS ARC 1400 DICUT\u00ae DB. Las ruedas aerodin\u00e1micas de disco DT Swiss, s\u00edntesis perfecta de aceleraci\u00f3n, aerodin\u00e1mica y maniobrabilidad\",\"breadcrumb\":{\"@id\":\"https:\/\/gr-100.com\/producto\/dt-swiss-arc-1400-dicut-db-50mm\/#breadcrumb\"},\"inLanguage\":\"en-US\",\"potentialAction\":[{\"@type\":\"ReadAction\",\"target\":[\"https:\/\/gr-100.com\/producto\/dt-swiss-arc-1400-dicut-db-50mm\/\"]}]},{\"@type\":\"ImageObject\",\"inLanguage\":\"en-US\",\"@id\":\"https:\/\/gr-100.com\/producto\/dt-swiss-arc-1400-dicut-db-50mm\/#primaryimage\",\"url\":\"https:\/\/gr-100.com\/wp-content\/uploads\/2024\/05\/39a85557-33f7-4ed6-9db5-c6b.jpg\",\"contentUrl\":\"https:\/\/gr-100.com\/wp-content\/uploads\/2024\/05\/39a85557-33f7-4ed6-9db5-c6b.jpg\",\"width\":1000,\"height\":1000},{\"@type\":\"BreadcrumbList\",\"@id\":\"https:\/\/gr-100.com\/producto\/dt-swiss-arc-1400-dicut-db-50mm\/#breadcrumb\",\"itemListElement\":[{\"@type\":\"ListItem\",\"position\":1,\"name\":\"Portada\",\"item\":\"https:\/\/gr-100.com\/pt-pt\/\"},{\"@type\":\"ListItem\",\"position\":2,\"name\":\"Productos\",\"item\":\"https:\/\/gr-100.com\/?post_type=product\"},{\"@type\":\"ListItem\",\"position\":3,\"name\":\"Dt Swiss Arc 1400 Dicut\u00ae Db 50mm\"}]},{\"@type\":\"WebSite\",\"@id\":\"https:\/\/gr-100.com\/#website\",\"url\":\"https:\/\/gr-100.com\/\",\"name\":\"Gr-100 Tienda de ciclismo Specialized\",\"description\":\"GR-100 tenemos todas las gamas de bicicletas Specialized al mejor precio.\",\"publisher\":{\"@id\":\"https:\/\/gr-100.com\/#organization\"},\"alternateName\":\"Gr-100 Bikes\",\"potentialAction\":[{\"@type\":\"SearchAction\",\"target\":{\"@type\":\"EntryPoint\",\"urlTemplate\":\"https:\/\/gr-100.com\/?s={search_term_string}\"},\"query-input\":{\"@type\":\"PropertyValueSpecification\",\"valueRequired\":true,\"valueName\":\"search_term_string\"}}],\"inLanguage\":\"en-US\"},{\"@type\":\"Organization\",\"@id\":\"https:\/\/gr-100.com\/#organization\",\"name\":\"Gr-100\",\"url\":\"https:\/\/gr-100.com\/\",\"logo\":{\"@type\":\"ImageObject\",\"inLanguage\":\"en-US\",\"@id\":\"https:\/\/gr-100.com\/#\/schema\/logo\/image\/\",\"url\":\"https:\/\/gr-100.com\/wp-content\/uploads\/2023\/08\/logo-gr-100-bikes.png\",\"contentUrl\":\"https:\/\/gr-100.com\/wp-content\/uploads\/2023\/08\/logo-gr-100-bikes.png\",\"width\":707,\"height\":284,\"caption\":\"Gr-100\"},\"image\":{\"@id\":\"https:\/\/gr-100.com\/#\/schema\/logo\/image\/\"},\"sameAs\":[\"https:\/\/www.facebook.com\/Gr100Bikes\",\"https:\/\/www.instagram.com\/gr100bikes\/\",\"https:\/\/www.tiktok.com\/@gr100bikes\",\"https:\/\/twitter.com\/gr100mtbteam\",\"https:\/\/www.youtube.com\/c\/GR100Specialized\"]}]}<\/script>\n<!-- \/ Yoast SEO Premium plugin. -->","yoast_head_json":{"title":"Dt Swiss Arc 1400 Dicut\u00ae Db 50mm - GR-100","description":"DT SWISS ARC 1400 DICUT\u00ae DB. Las ruedas aerodin\u00e1micas de disco DT Swiss, s\u00edntesis perfecta de aceleraci\u00f3n, aerodin\u00e1mica y maniobrabilidad","robots":{"index":"index","follow":"follow","max-snippet":"max-snippet:-1","max-image-preview":"max-image-preview:large","max-video-preview":"max-video-preview:-1"},"canonical":"https:\/\/gr-100.com\/producto\/dt-swiss-arc-1400-dicut-db-50mm\/","og_locale":"en_US","og_type":"article","og_title":"Dt Swiss Arc 1400 Dicut\u00ae Db 50mm","og_description":"DT SWISS ARC 1400 DICUT\u00ae DB. Las ruedas aerodin\u00e1micas de disco DT Swiss, s\u00edntesis perfecta de aceleraci\u00f3n, aerodin\u00e1mica y maniobrabilidad","og_url":"https:\/\/gr-100.com\/producto\/dt-swiss-arc-1400-dicut-db-50mm\/","og_site_name":"Gr-100 Tienda de ciclismo Specialized","article_publisher":"https:\/\/www.facebook.com\/Gr100Bikes","article_modified_time":"2025-12-18T14:40:06+00:00","og_image":[{"width":1000,"height":1000,"url":"https:\/\/gr-100.com\/wp-content\/uploads\/2024\/05\/39a85557-33f7-4ed6-9db5-c6b.jpg","type":"image\/jpeg"}],"twitter_card":"summary_large_image","twitter_misc":{"Est. reading time":"1 minute"},"schema":{"@context":"https:\/\/schema.org","@graph":[{"@type":"WebPage","@id":"https:\/\/gr-100.com\/producto\/dt-swiss-arc-1400-dicut-db-50mm\/","url":"https:\/\/gr-100.com\/producto\/dt-swiss-arc-1400-dicut-db-50mm\/","name":"Dt Swiss Arc 1400 Dicut\u00ae Db 50mm - GR-100","isPartOf":{"@id":"https:\/\/gr-100.com\/#website"},"primaryImageOfPage":{"@id":"https:\/\/gr-100.com\/producto\/dt-swiss-arc-1400-dicut-db-50mm\/#primaryimage"},"image":{"@id":"https:\/\/gr-100.com\/producto\/dt-swiss-arc-1400-dicut-db-50mm\/#primaryimage"},"thumbnailUrl":"https:\/\/gr-100.com\/wp-content\/uploads\/2024\/05\/39a85557-33f7-4ed6-9db5-c6b.jpg","datePublished":"2024-07-01T08:49:15+00:00","dateModified":"2025-12-18T14:40:06+00:00","description":"DT SWISS ARC 1400 DICUT\u00ae DB. Las ruedas aerodin\u00e1micas de disco DT Swiss, s\u00edntesis perfecta de aceleraci\u00f3n, aerodin\u00e1mica y maniobrabilidad","breadcrumb":{"@id":"https:\/\/gr-100.com\/producto\/dt-swiss-arc-1400-dicut-db-50mm\/#breadcrumb"},"inLanguage":"en-US","potentialAction":[{"@type":"ReadAction","target":["https:\/\/gr-100.com\/producto\/dt-swiss-arc-1400-dicut-db-50mm\/"]}]},{"@type":"ImageObject","inLanguage":"en-US","@id":"https:\/\/gr-100.com\/producto\/dt-swiss-arc-1400-dicut-db-50mm\/#primaryimage","url":"https:\/\/gr-100.com\/wp-content\/uploads\/2024\/05\/39a85557-33f7-4ed6-9db5-c6b.jpg","contentUrl":"https:\/\/gr-100.com\/wp-content\/uploads\/2024\/05\/39a85557-33f7-4ed6-9db5-c6b.jpg","width":1000,"height":1000},{"@type":"BreadcrumbList","@id":"https:\/\/gr-100.com\/producto\/dt-swiss-arc-1400-dicut-db-50mm\/#breadcrumb","itemListElement":[{"@type":"ListItem","position":1,"name":"Portada","item":"https:\/\/gr-100.com\/pt-pt\/"},{"@type":"ListItem","position":2,"name":"Productos","item":"https:\/\/gr-100.com\/?post_type=product"},{"@type":"ListItem","position":3,"name":"Dt Swiss Arc 1400 Dicut\u00ae Db 50mm"}]},{"@type":"WebSite","@id":"https:\/\/gr-100.com\/#website","url":"https:\/\/gr-100.com\/","name":"Gr-100 Tienda de ciclismo Specialized","description":"GR-100 tenemos todas las gamas de bicicletas Specialized al mejor precio.","publisher":{"@id":"https:\/\/gr-100.com\/#organization"},"alternateName":"Gr-100 Bikes","potentialAction":[{"@type":"SearchAction","target":{"@type":"EntryPoint","urlTemplate":"https:\/\/gr-100.com\/?s={search_term_string}"},"query-input":{"@type":"PropertyValueSpecification","valueRequired":true,"valueName":"search_term_string"}}],"inLanguage":"en-US"},{"@type":"Organization","@id":"https:\/\/gr-100.com\/#organization","name":"Gr-100","url":"https:\/\/gr-100.com\/","logo":{"@type":"ImageObject","inLanguage":"en-US","@id":"https:\/\/gr-100.com\/#\/schema\/logo\/image\/","url":"https:\/\/gr-100.com\/wp-content\/uploads\/2023\/08\/logo-gr-100-bikes.png","contentUrl":"https:\/\/gr-100.com\/wp-content\/uploads\/2023\/08\/logo-gr-100-bikes.png","width":707,"height":284,"caption":"Gr-100"},"image":{"@id":"https:\/\/gr-100.com\/#\/schema\/logo\/image\/"},"sameAs":["https:\/\/www.facebook.com\/Gr100Bikes","https:\/\/www.instagram.com\/gr100bikes\/","https:\/\/www.tiktok.com\/@gr100bikes","https:\/\/twitter.com\/gr100mtbteam","https:\/\/www.youtube.com\/c\/GR100Specialized"]}]}},"_links":{"self":[{"href":"https:\/\/gr-100.com\/en\/wp-json\/wp\/v2\/product\/371006","targetHints":{"allow":["GET"]}}],"collection":[{"href":"https:\/\/gr-100.com\/en\/wp-json\/wp\/v2\/product"}],"about":[{"href":"https:\/\/gr-100.com\/en\/wp-json\/wp\/v2\/types\/product"}],"replies":[{"embeddable":true,"href":"https:\/\/gr-100.com\/en\/wp-json\/wp\/v2\/comments?post=371006"}],"wp:featuredmedia":[{"embeddable":true,"href":"https:\/\/gr-100.com\/en\/wp-json\/wp\/v2\/media\/272286"}],"wp:attachment":[{"href":"https:\/\/gr-100.com\/en\/wp-json\/wp\/v2\/media?parent=371006"}],"wp:term":[{"taxonomy":"product_brand","embeddable":true,"href":"https:\/\/gr-100.com\/en\/wp-json\/wp\/v2\/product_brand?post=371006"},{"taxonomy":"product_cat","embeddable":true,"href":"https:\/\/gr-100.com\/en\/wp-json\/wp\/v2\/product_cat?post=371006"},{"taxonomy":"product_tag","embeddable":true,"href":"https:\/\/gr-100.com\/en\/wp-json\/wp\/v2\/product_tag?post=371006"}],"curies":[{"name":"wp","href":"https:\/\/api.w.org\/{rel}","templated":true}]}}