{"id":371008,"date":"2024-07-01T08:49:19","date_gmt":"2024-07-01T08:49:19","guid":{"rendered":"https:\/\/nuevo.gr-100.com\/producto\/dt-swiss-xrc-1501-spline-one-2022\/"},"modified":"2025-09-22T16:47:30","modified_gmt":"2025-09-22T14:47:30","slug":"dt-swiss-xrc-1501-spline-one-2022","status":"publish","type":"product","link":"https:\/\/gr-100.com\/en\/producto\/dt-swiss-xrc-1501-spline-one-2022\/","title":{"rendered":"Juego Dt Swiss Xrc 1501 Spline One"},"content":{"rendered":"<p>Concebida espec\u00edficamente para las necesidades de los corredores de cross country que buscan el m\u00e1ximo rendimiento, la XRC 1501 SPLINE ONE satisface todos los deseos. Su ligera llanta de carbono de 30 mm de ancho ofrece la sujeci\u00f3n ideal para los neum\u00e1ticos de XC modernos. Rodando con sus ultrarresistentes bujes 240 contrastados en la competici\u00f3n y con el sistema de casete RATCHET EXP, cada pizca de tu energ\u00eda se convierte en impulso de avance a trav\u00e9s de sus ultrarr\u00e1pidos radios de doble conificado y una perfecta construcci\u00f3n de la rueda.<\/p>\n<ul>\n<li>TIPO DE BUJE<br \/>\n240 con Ratchet EXP 36<\/li>\n<li>LLANTA<br \/>\nCarbon, Hookless tubeless TSS<\/li>\n<li>ANCHURA INTERIOR DE LA LLANTA<br \/>\n30 mm<\/li>\n<li>RADIOS<br \/>\nDT competition\u00ae race straightp<\/li>\n<li>DIAMETRO DE LA LLANTA<br \/>\n29&#8243; \/ 700C<\/li>\n<li>ANCHURA INTERIOR DE LA LLANTA<br \/>\n30 mm<\/li>\n<li>SISTEMA DE EJES<br \/>\n12 mm Thru Axle<\/li>\n<li>ANCHURA DE LA INSTALACI\u00d3N<br \/>\n148 mm Boost<\/li>\n<li>TIPO DE N\u00daCLEO<br \/>\nRatchet EXP 36<\/li>\n<li>INTERFAZ DE CASSETTE<br \/>\nSram XD<br \/>\n(montado)<br \/>\nShim Micro Spline freehub kit<br \/>\n(opci\u00f3n de cambio)<\/li>\n<li>SISTEMA DE FRENO<br \/>\nDisc Center Lock<\/li>\n<\/ul>\n","protected":false},"excerpt":{"rendered":"<p>Hecha para las pistas de XC modernas: buje 240 rodeado por una llanta de carbono de 30\u00a0mm; \u00a1ultrarr\u00e1pida!<\/p>\n","protected":false},"featured_media":272300,"comment_status":"closed","ping_status":"closed","template":"","meta":{"_acf_changed":false,"_et_pb_use_builder":"","_et_pb_old_content":"","_et_gb_content_width":"","inline_featured_image":false},"product_brand":[],"product_cat":[25,55],"product_tag":[],"class_list":{"0":"post-371008","1":"product","2":"type-product","3":"status-publish","4":"has-post-thumbnail","6":"product_cat-componentes","7":"product_cat-ruedas","8":"product_shipping_class-componentes","10":"first","11":"instock","12":"sale","13":"taxable","14":"shipping-taxable","15":"purchasable","16":"product-type-simple"},"acf":[],"yoast_head":"<!-- This site is optimized with the Yoast SEO Premium plugin v26.7 (Yoast SEO v26.7) - https:\/\/yoast.com\/wordpress\/plugins\/seo\/ -->\n<title>Juego Dt Swiss Xrc 1501 Spline One GR-100 DT SWISS<\/title>\n<meta name=\"description\" content=\"DT SWISS XRC 1500 SPLINE ONE. Hecha para las pistas de XC modernas: buje 240 rodeado por una llanta de carbono de 30 mm; \u00a1ultrarr\u00e1pida!\" \/>\n<meta name=\"robots\" content=\"index, follow, max-snippet:-1, max-image-preview:large, max-video-preview:-1\" \/>\n<link rel=\"canonical\" href=\"https:\/\/gr-100.com\/producto\/dt-swiss-xrc-1501-spline-one-2022\/\" \/>\n<meta property=\"og:locale\" content=\"en_US\" \/>\n<meta property=\"og:type\" content=\"article\" \/>\n<meta property=\"og:title\" content=\"Juego Dt Swiss Xrc 1501 Spline One\" \/>\n<meta property=\"og:description\" content=\"DT SWISS XRC 1500 SPLINE ONE. Hecha para las pistas de XC modernas: buje 240 rodeado por una llanta de carbono de 30 mm; \u00a1ultrarr\u00e1pida!\" \/>\n<meta property=\"og:url\" content=\"https:\/\/gr-100.com\/producto\/dt-swiss-xrc-1501-spline-one-2022\/\" \/>\n<meta property=\"og:site_name\" content=\"Gr-100 Tienda de ciclismo Specialized\" \/>\n<meta property=\"article:publisher\" content=\"https:\/\/www.facebook.com\/Gr100Bikes\" \/>\n<meta property=\"article:modified_time\" content=\"2025-09-22T14:47:30+00:00\" \/>\n<meta property=\"og:image\" content=\"https:\/\/gr-100.com\/wp-content\/uploads\/2024\/05\/29fa13bf-8cde-49a2-8f48-76e.jpg\" \/>\n\t<meta property=\"og:image:width\" content=\"1000\" \/>\n\t<meta property=\"og:image:height\" content=\"1000\" \/>\n\t<meta property=\"og:image:type\" content=\"image\/jpeg\" \/>\n<meta name=\"twitter:card\" content=\"summary_large_image\" \/>\n<meta name=\"twitter:label1\" content=\"Est. reading time\" \/>\n\t<meta name=\"twitter:data1\" content=\"1 minute\" \/>\n<script type=\"application\/ld+json\" class=\"yoast-schema-graph\">{\"@context\":\"https:\/\/schema.org\",\"@graph\":[{\"@type\":\"WebPage\",\"@id\":\"https:\/\/gr-100.com\/producto\/dt-swiss-xrc-1501-spline-one-2022\/\",\"url\":\"https:\/\/gr-100.com\/producto\/dt-swiss-xrc-1501-spline-one-2022\/\",\"name\":\"Juego Dt Swiss Xrc 1501 Spline One GR-100 DT SWISS\",\"isPartOf\":{\"@id\":\"https:\/\/gr-100.com\/#website\"},\"primaryImageOfPage\":{\"@id\":\"https:\/\/gr-100.com\/producto\/dt-swiss-xrc-1501-spline-one-2022\/#primaryimage\"},\"image\":{\"@id\":\"https:\/\/gr-100.com\/producto\/dt-swiss-xrc-1501-spline-one-2022\/#primaryimage\"},\"thumbnailUrl\":\"https:\/\/gr-100.com\/wp-content\/uploads\/2024\/05\/29fa13bf-8cde-49a2-8f48-76e.jpg\",\"datePublished\":\"2024-07-01T08:49:19+00:00\",\"dateModified\":\"2025-09-22T14:47:30+00:00\",\"description\":\"DT SWISS XRC 1500 SPLINE ONE. Hecha para las pistas de XC modernas: buje 240 rodeado por una llanta de carbono de 30 mm; \u00a1ultrarr\u00e1pida!\",\"breadcrumb\":{\"@id\":\"https:\/\/gr-100.com\/producto\/dt-swiss-xrc-1501-spline-one-2022\/#breadcrumb\"},\"inLanguage\":\"en-US\",\"potentialAction\":[{\"@type\":\"ReadAction\",\"target\":[\"https:\/\/gr-100.com\/producto\/dt-swiss-xrc-1501-spline-one-2022\/\"]}]},{\"@type\":\"ImageObject\",\"inLanguage\":\"en-US\",\"@id\":\"https:\/\/gr-100.com\/producto\/dt-swiss-xrc-1501-spline-one-2022\/#primaryimage\",\"url\":\"https:\/\/gr-100.com\/wp-content\/uploads\/2024\/05\/29fa13bf-8cde-49a2-8f48-76e.jpg\",\"contentUrl\":\"https:\/\/gr-100.com\/wp-content\/uploads\/2024\/05\/29fa13bf-8cde-49a2-8f48-76e.jpg\",\"width\":1000,\"height\":1000},{\"@type\":\"BreadcrumbList\",\"@id\":\"https:\/\/gr-100.com\/producto\/dt-swiss-xrc-1501-spline-one-2022\/#breadcrumb\",\"itemListElement\":[{\"@type\":\"ListItem\",\"position\":1,\"name\":\"Portada\",\"item\":\"https:\/\/gr-100.com\/pt-pt\/\"},{\"@type\":\"ListItem\",\"position\":2,\"name\":\"Productos\",\"item\":\"https:\/\/gr-100.com\/?post_type=product\"},{\"@type\":\"ListItem\",\"position\":3,\"name\":\"Juego Dt Swiss Xrc 1501 Spline One\"}]},{\"@type\":\"WebSite\",\"@id\":\"https:\/\/gr-100.com\/#website\",\"url\":\"https:\/\/gr-100.com\/\",\"name\":\"Gr-100 Tienda de ciclismo Specialized\",\"description\":\"GR-100 tenemos todas las gamas de bicicletas Specialized al mejor precio.\",\"publisher\":{\"@id\":\"https:\/\/gr-100.com\/#organization\"},\"alternateName\":\"Gr-100 Bikes\",\"potentialAction\":[{\"@type\":\"SearchAction\",\"target\":{\"@type\":\"EntryPoint\",\"urlTemplate\":\"https:\/\/gr-100.com\/?s={search_term_string}\"},\"query-input\":{\"@type\":\"PropertyValueSpecification\",\"valueRequired\":true,\"valueName\":\"search_term_string\"}}],\"inLanguage\":\"en-US\"},{\"@type\":\"Organization\",\"@id\":\"https:\/\/gr-100.com\/#organization\",\"name\":\"Gr-100\",\"url\":\"https:\/\/gr-100.com\/\",\"logo\":{\"@type\":\"ImageObject\",\"inLanguage\":\"en-US\",\"@id\":\"https:\/\/gr-100.com\/#\/schema\/logo\/image\/\",\"url\":\"https:\/\/gr-100.com\/wp-content\/uploads\/2023\/08\/logo-gr-100-bikes.png\",\"contentUrl\":\"https:\/\/gr-100.com\/wp-content\/uploads\/2023\/08\/logo-gr-100-bikes.png\",\"width\":707,\"height\":284,\"caption\":\"Gr-100\"},\"image\":{\"@id\":\"https:\/\/gr-100.com\/#\/schema\/logo\/image\/\"},\"sameAs\":[\"https:\/\/www.facebook.com\/Gr100Bikes\",\"https:\/\/www.instagram.com\/gr100bikes\/\",\"https:\/\/www.tiktok.com\/@gr100bikes\",\"https:\/\/twitter.com\/gr100mtbteam\",\"https:\/\/www.youtube.com\/c\/GR100Specialized\"]}]}<\/script>\n<!-- \/ Yoast SEO Premium plugin. -->","yoast_head_json":{"title":"Juego Dt Swiss Xrc 1501 Spline One GR-100 DT SWISS","description":"DT SWISS XRC 1500 SPLINE ONE. Hecha para las pistas de XC modernas: buje 240 rodeado por una llanta de carbono de 30 mm; \u00a1ultrarr\u00e1pida!","robots":{"index":"index","follow":"follow","max-snippet":"max-snippet:-1","max-image-preview":"max-image-preview:large","max-video-preview":"max-video-preview:-1"},"canonical":"https:\/\/gr-100.com\/producto\/dt-swiss-xrc-1501-spline-one-2022\/","og_locale":"en_US","og_type":"article","og_title":"Juego Dt Swiss Xrc 1501 Spline One","og_description":"DT SWISS XRC 1500 SPLINE ONE. Hecha para las pistas de XC modernas: buje 240 rodeado por una llanta de carbono de 30 mm; \u00a1ultrarr\u00e1pida!","og_url":"https:\/\/gr-100.com\/producto\/dt-swiss-xrc-1501-spline-one-2022\/","og_site_name":"Gr-100 Tienda de ciclismo Specialized","article_publisher":"https:\/\/www.facebook.com\/Gr100Bikes","article_modified_time":"2025-09-22T14:47:30+00:00","og_image":[{"width":1000,"height":1000,"url":"https:\/\/gr-100.com\/wp-content\/uploads\/2024\/05\/29fa13bf-8cde-49a2-8f48-76e.jpg","type":"image\/jpeg"}],"twitter_card":"summary_large_image","twitter_misc":{"Est. reading time":"1 minute"},"schema":{"@context":"https:\/\/schema.org","@graph":[{"@type":"WebPage","@id":"https:\/\/gr-100.com\/producto\/dt-swiss-xrc-1501-spline-one-2022\/","url":"https:\/\/gr-100.com\/producto\/dt-swiss-xrc-1501-spline-one-2022\/","name":"Juego Dt Swiss Xrc 1501 Spline One GR-100 DT SWISS","isPartOf":{"@id":"https:\/\/gr-100.com\/#website"},"primaryImageOfPage":{"@id":"https:\/\/gr-100.com\/producto\/dt-swiss-xrc-1501-spline-one-2022\/#primaryimage"},"image":{"@id":"https:\/\/gr-100.com\/producto\/dt-swiss-xrc-1501-spline-one-2022\/#primaryimage"},"thumbnailUrl":"https:\/\/gr-100.com\/wp-content\/uploads\/2024\/05\/29fa13bf-8cde-49a2-8f48-76e.jpg","datePublished":"2024-07-01T08:49:19+00:00","dateModified":"2025-09-22T14:47:30+00:00","description":"DT SWISS XRC 1500 SPLINE ONE. Hecha para las pistas de XC modernas: buje 240 rodeado por una llanta de carbono de 30 mm; \u00a1ultrarr\u00e1pida!","breadcrumb":{"@id":"https:\/\/gr-100.com\/producto\/dt-swiss-xrc-1501-spline-one-2022\/#breadcrumb"},"inLanguage":"en-US","potentialAction":[{"@type":"ReadAction","target":["https:\/\/gr-100.com\/producto\/dt-swiss-xrc-1501-spline-one-2022\/"]}]},{"@type":"ImageObject","inLanguage":"en-US","@id":"https:\/\/gr-100.com\/producto\/dt-swiss-xrc-1501-spline-one-2022\/#primaryimage","url":"https:\/\/gr-100.com\/wp-content\/uploads\/2024\/05\/29fa13bf-8cde-49a2-8f48-76e.jpg","contentUrl":"https:\/\/gr-100.com\/wp-content\/uploads\/2024\/05\/29fa13bf-8cde-49a2-8f48-76e.jpg","width":1000,"height":1000},{"@type":"BreadcrumbList","@id":"https:\/\/gr-100.com\/producto\/dt-swiss-xrc-1501-spline-one-2022\/#breadcrumb","itemListElement":[{"@type":"ListItem","position":1,"name":"Portada","item":"https:\/\/gr-100.com\/pt-pt\/"},{"@type":"ListItem","position":2,"name":"Productos","item":"https:\/\/gr-100.com\/?post_type=product"},{"@type":"ListItem","position":3,"name":"Juego Dt Swiss Xrc 1501 Spline One"}]},{"@type":"WebSite","@id":"https:\/\/gr-100.com\/#website","url":"https:\/\/gr-100.com\/","name":"Gr-100 Tienda de ciclismo Specialized","description":"GR-100 tenemos todas las gamas de bicicletas Specialized al mejor precio.","publisher":{"@id":"https:\/\/gr-100.com\/#organization"},"alternateName":"Gr-100 Bikes","potentialAction":[{"@type":"SearchAction","target":{"@type":"EntryPoint","urlTemplate":"https:\/\/gr-100.com\/?s={search_term_string}"},"query-input":{"@type":"PropertyValueSpecification","valueRequired":true,"valueName":"search_term_string"}}],"inLanguage":"en-US"},{"@type":"Organization","@id":"https:\/\/gr-100.com\/#organization","name":"Gr-100","url":"https:\/\/gr-100.com\/","logo":{"@type":"ImageObject","inLanguage":"en-US","@id":"https:\/\/gr-100.com\/#\/schema\/logo\/image\/","url":"https:\/\/gr-100.com\/wp-content\/uploads\/2023\/08\/logo-gr-100-bikes.png","contentUrl":"https:\/\/gr-100.com\/wp-content\/uploads\/2023\/08\/logo-gr-100-bikes.png","width":707,"height":284,"caption":"Gr-100"},"image":{"@id":"https:\/\/gr-100.com\/#\/schema\/logo\/image\/"},"sameAs":["https:\/\/www.facebook.com\/Gr100Bikes","https:\/\/www.instagram.com\/gr100bikes\/","https:\/\/www.tiktok.com\/@gr100bikes","https:\/\/twitter.com\/gr100mtbteam","https:\/\/www.youtube.com\/c\/GR100Specialized"]}]}},"_links":{"self":[{"href":"https:\/\/gr-100.com\/en\/wp-json\/wp\/v2\/product\/371008","targetHints":{"allow":["GET"]}}],"collection":[{"href":"https:\/\/gr-100.com\/en\/wp-json\/wp\/v2\/product"}],"about":[{"href":"https:\/\/gr-100.com\/en\/wp-json\/wp\/v2\/types\/product"}],"replies":[{"embeddable":true,"href":"https:\/\/gr-100.com\/en\/wp-json\/wp\/v2\/comments?post=371008"}],"wp:featuredmedia":[{"embeddable":true,"href":"https:\/\/gr-100.com\/en\/wp-json\/wp\/v2\/media\/272300"}],"wp:attachment":[{"href":"https:\/\/gr-100.com\/en\/wp-json\/wp\/v2\/media?parent=371008"}],"wp:term":[{"taxonomy":"product_brand","embeddable":true,"href":"https:\/\/gr-100.com\/en\/wp-json\/wp\/v2\/product_brand?post=371008"},{"taxonomy":"product_cat","embeddable":true,"href":"https:\/\/gr-100.com\/en\/wp-json\/wp\/v2\/product_cat?post=371008"},{"taxonomy":"product_tag","embeddable":true,"href":"https:\/\/gr-100.com\/en\/wp-json\/wp\/v2\/product_tag?post=371008"}],"curies":[{"name":"wp","href":"https:\/\/api.w.org\/{rel}","templated":true}]}}