{"id":371245,"date":"2024-07-01T09:00:16","date_gmt":"2024-07-01T09:00:16","guid":{"rendered":"https:\/\/nuevo.gr-100.com\/producto\/specialized-romin-evo-pro-with-mimic-155\/"},"modified":"2026-04-23T12:02:38","modified_gmt":"2026-04-23T10:02:38","slug":"specialized-romin-evo-pro-with-mimic-155","status":"publish","type":"product","link":"https:\/\/gr-100.com\/en\/producto\/specialized-romin-evo-pro-with-mimic-155\/","title":{"rendered":"Specialized Romin Evo Pro With Mimic 155"},"content":{"rendered":"<p>Desde que existen los sillines, los ciclistas han tenido problemas con ellos. Pero d\u00f3nde algunos ven problemas irresolubles, nosotros vemos soluciones pr\u00e1cticas. Con nuestro dise\u00f1o patentado, la tecnolog\u00eda MIMIC nos ha ayudado a crear un sill\u00edn que se adapta perfectamente a tu cuerpo para darte el apoyo que necesitas.<\/p>\n<p>Y si esta tecnolog\u00eda se combina con el ligero sill\u00edn Romin Evo Pro, con ra\u00edles de carbono FACT, el acolchado de Nivel II para mayor comodidad, conseguimos un sill\u00edn de alto rendimiento dise\u00f1ado para ayudarte a dar lo mejor de ti. Adem\u00e1s, cuenta con las caracter\u00edsticas de dise\u00f1o Body Geometry que conoces y tanto te gustan, por lo que puedes estar segura de disfrutar de comodidad superior durante todo el d\u00eda en cualquier posici\u00f3n.<\/p>\n<p>CARACTERISTICAS:<\/p>\n<ul>\n<li>Dise\u00f1o Body Geometry patentado y testado en el laboratorio para asegurar un correcto flujo de sangre en las arterias sensibles.<\/li>\n<li>La innovadora tecnolog\u00eda Mimic utiliza materiales con m\u00faltiples capas para mantener el equilibrio y minimizar el hinchaz\u00f3n en los tejidos blandos.<\/li>\n<li>Ra\u00edles sobredimensionados y ultraligeros de carbono FACT.<\/li>\n<li>Nivel acolchado 2: acolchado media densidad, buena sensaci\u00f3n sobre la bici y con el relleno justo.<\/li>\n<li>Acolchado nivel II. Espuma de densidad media para un buen contacto con la bicicleta con amortiguaci\u00f3n adicional.<\/li>\n<li>Compatible con montaje SWAT\u2122, con roscas situadas en la base del sill\u00edn para tener plena integraci\u00f3n en soluciones del almacenamiento.<\/li>\n<\/ul>\n","protected":false},"excerpt":{"rendered":"<p>Desde que existen los sillines, los ciclistas han tenido problemas con ellos. Pero d\u00f3nde algunos ven problemas irresolubles, nosotros vemos soluciones pr\u00e1cticas. Con nuestro dise\u00f1o patentado, la tecnolog\u00eda MIMIC nos ha ayudado a crear un sill\u00edn que se adapta perfectamente a tu cuerpo para darte el apoyo que necesitas.<\/p>\n","protected":false},"featured_media":272719,"comment_status":"closed","ping_status":"closed","template":"","meta":{"_acf_changed":false,"_et_pb_use_builder":"","_et_pb_old_content":"","_et_gb_content_width":"","inline_featured_image":false},"product_brand":[],"product_cat":[25,56],"product_tag":[],"class_list":{"0":"post-371245","1":"product","2":"type-product","3":"status-publish","4":"has-post-thumbnail","6":"product_cat-componentes","7":"product_cat-sillines","8":"product_shipping_class-componentes","10":"first","11":"instock","12":"taxable","13":"shipping-taxable","14":"purchasable","15":"product-type-variable","16":"wvs-archive-product-wrapper"},"acf":[],"yoast_head":"<!-- This site is optimized with the Yoast SEO Premium plugin v26.7 (Yoast SEO v26.7) - https:\/\/yoast.com\/wordpress\/plugins\/seo\/ -->\n<title>Specialized Romin Evo Pro With Mimic 155 - GR-100<\/title>\n<meta name=\"description\" content=\"Desde que existen los sillines, los ciclistas han tenido problemas con ellos. Pero d\u00f3nde algunos ven problemas irresolubles, nosotros vemos\" \/>\n<meta name=\"robots\" content=\"index, follow, max-snippet:-1, max-image-preview:large, max-video-preview:-1\" \/>\n<link rel=\"canonical\" href=\"https:\/\/gr-100.com\/producto\/specialized-romin-evo-pro-with-mimic-155\/\" \/>\n<meta property=\"og:locale\" content=\"en_US\" \/>\n<meta property=\"og:type\" content=\"article\" \/>\n<meta property=\"og:title\" content=\"Specialized Romin Evo Pro With Mimic 155\" \/>\n<meta property=\"og:description\" content=\"Desde que existen los sillines, los ciclistas han tenido problemas con ellos. Pero d\u00f3nde algunos ven problemas irresolubles, nosotros vemos\" \/>\n<meta property=\"og:url\" content=\"https:\/\/gr-100.com\/producto\/specialized-romin-evo-pro-with-mimic-155\/\" \/>\n<meta property=\"og:site_name\" content=\"Gr-100 Tienda de ciclismo Specialized\" \/>\n<meta property=\"article:publisher\" content=\"https:\/\/www.facebook.com\/Gr100Bikes\" \/>\n<meta property=\"article:modified_time\" content=\"2026-04-23T10:02:38+00:00\" \/>\n<meta property=\"og:image\" content=\"https:\/\/gr-100.com\/wp-content\/uploads\/2024\/05\/11-Screenshot-of-Romin-Evo-.jpg\" \/>\n\t<meta property=\"og:image:width\" content=\"1000\" \/>\n\t<meta property=\"og:image:height\" content=\"1000\" \/>\n\t<meta property=\"og:image:type\" content=\"image\/jpeg\" \/>\n<meta name=\"twitter:card\" content=\"summary_large_image\" \/>\n<meta name=\"twitter:label1\" content=\"Est. reading time\" \/>\n\t<meta name=\"twitter:data1\" content=\"2 minutes\" \/>\n<script type=\"application\/ld+json\" class=\"yoast-schema-graph\">{\"@context\":\"https:\/\/schema.org\",\"@graph\":[{\"@type\":\"WebPage\",\"@id\":\"https:\/\/gr-100.com\/producto\/specialized-romin-evo-pro-with-mimic-155\/\",\"url\":\"https:\/\/gr-100.com\/producto\/specialized-romin-evo-pro-with-mimic-155\/\",\"name\":\"Specialized Romin Evo Pro With Mimic 155 - GR-100\",\"isPartOf\":{\"@id\":\"https:\/\/gr-100.com\/#website\"},\"primaryImageOfPage\":{\"@id\":\"https:\/\/gr-100.com\/producto\/specialized-romin-evo-pro-with-mimic-155\/#primaryimage\"},\"image\":{\"@id\":\"https:\/\/gr-100.com\/producto\/specialized-romin-evo-pro-with-mimic-155\/#primaryimage\"},\"thumbnailUrl\":\"https:\/\/gr-100.com\/wp-content\/uploads\/2024\/05\/11-Screenshot-of-Romin-Evo-.jpg\",\"datePublished\":\"2024-07-01T09:00:16+00:00\",\"dateModified\":\"2026-04-23T10:02:38+00:00\",\"description\":\"Desde que existen los sillines, los ciclistas han tenido problemas con ellos. Pero d\u00f3nde algunos ven problemas irresolubles, nosotros vemos\",\"breadcrumb\":{\"@id\":\"https:\/\/gr-100.com\/producto\/specialized-romin-evo-pro-with-mimic-155\/#breadcrumb\"},\"inLanguage\":\"en-US\",\"potentialAction\":[{\"@type\":\"ReadAction\",\"target\":[\"https:\/\/gr-100.com\/producto\/specialized-romin-evo-pro-with-mimic-155\/\"]}]},{\"@type\":\"ImageObject\",\"inLanguage\":\"en-US\",\"@id\":\"https:\/\/gr-100.com\/producto\/specialized-romin-evo-pro-with-mimic-155\/#primaryimage\",\"url\":\"https:\/\/gr-100.com\/wp-content\/uploads\/2024\/05\/11-Screenshot-of-Romin-Evo-.jpg\",\"contentUrl\":\"https:\/\/gr-100.com\/wp-content\/uploads\/2024\/05\/11-Screenshot-of-Romin-Evo-.jpg\",\"width\":1000,\"height\":1000},{\"@type\":\"BreadcrumbList\",\"@id\":\"https:\/\/gr-100.com\/producto\/specialized-romin-evo-pro-with-mimic-155\/#breadcrumb\",\"itemListElement\":[{\"@type\":\"ListItem\",\"position\":1,\"name\":\"Portada\",\"item\":\"https:\/\/gr-100.com\/pt-pt\/\"},{\"@type\":\"ListItem\",\"position\":2,\"name\":\"Productos\",\"item\":\"https:\/\/gr-100.com\/?post_type=product\"},{\"@type\":\"ListItem\",\"position\":3,\"name\":\"Specialized Romin Evo Pro With Mimic 155\"}]},{\"@type\":\"WebSite\",\"@id\":\"https:\/\/gr-100.com\/#website\",\"url\":\"https:\/\/gr-100.com\/\",\"name\":\"Gr-100 Tienda de ciclismo Specialized\",\"description\":\"GR-100 tenemos todas las gamas de bicicletas Specialized al mejor precio.\",\"publisher\":{\"@id\":\"https:\/\/gr-100.com\/#organization\"},\"alternateName\":\"Gr-100 Bikes\",\"potentialAction\":[{\"@type\":\"SearchAction\",\"target\":{\"@type\":\"EntryPoint\",\"urlTemplate\":\"https:\/\/gr-100.com\/?s={search_term_string}\"},\"query-input\":{\"@type\":\"PropertyValueSpecification\",\"valueRequired\":true,\"valueName\":\"search_term_string\"}}],\"inLanguage\":\"en-US\"},{\"@type\":\"Organization\",\"@id\":\"https:\/\/gr-100.com\/#organization\",\"name\":\"Gr-100\",\"url\":\"https:\/\/gr-100.com\/\",\"logo\":{\"@type\":\"ImageObject\",\"inLanguage\":\"en-US\",\"@id\":\"https:\/\/gr-100.com\/#\/schema\/logo\/image\/\",\"url\":\"https:\/\/gr-100.com\/wp-content\/uploads\/2023\/08\/logo-gr-100-bikes.png\",\"contentUrl\":\"https:\/\/gr-100.com\/wp-content\/uploads\/2023\/08\/logo-gr-100-bikes.png\",\"width\":707,\"height\":284,\"caption\":\"Gr-100\"},\"image\":{\"@id\":\"https:\/\/gr-100.com\/#\/schema\/logo\/image\/\"},\"sameAs\":[\"https:\/\/www.facebook.com\/Gr100Bikes\",\"https:\/\/www.instagram.com\/gr100bikes\/\",\"https:\/\/www.tiktok.com\/@gr100bikes\",\"https:\/\/twitter.com\/gr100mtbteam\",\"https:\/\/www.youtube.com\/c\/GR100Specialized\"]}]}<\/script>\n<!-- \/ Yoast SEO Premium plugin. -->","yoast_head_json":{"title":"Specialized Romin Evo Pro With Mimic 155 - GR-100","description":"Desde que existen los sillines, los ciclistas han tenido problemas con ellos. Pero d\u00f3nde algunos ven problemas irresolubles, nosotros vemos","robots":{"index":"index","follow":"follow","max-snippet":"max-snippet:-1","max-image-preview":"max-image-preview:large","max-video-preview":"max-video-preview:-1"},"canonical":"https:\/\/gr-100.com\/producto\/specialized-romin-evo-pro-with-mimic-155\/","og_locale":"en_US","og_type":"article","og_title":"Specialized Romin Evo Pro With Mimic 155","og_description":"Desde que existen los sillines, los ciclistas han tenido problemas con ellos. Pero d\u00f3nde algunos ven problemas irresolubles, nosotros vemos","og_url":"https:\/\/gr-100.com\/producto\/specialized-romin-evo-pro-with-mimic-155\/","og_site_name":"Gr-100 Tienda de ciclismo Specialized","article_publisher":"https:\/\/www.facebook.com\/Gr100Bikes","article_modified_time":"2026-04-23T10:02:38+00:00","og_image":[{"width":1000,"height":1000,"url":"https:\/\/gr-100.com\/wp-content\/uploads\/2024\/05\/11-Screenshot-of-Romin-Evo-.jpg","type":"image\/jpeg"}],"twitter_card":"summary_large_image","twitter_misc":{"Est. reading time":"2 minutes"},"schema":{"@context":"https:\/\/schema.org","@graph":[{"@type":"WebPage","@id":"https:\/\/gr-100.com\/producto\/specialized-romin-evo-pro-with-mimic-155\/","url":"https:\/\/gr-100.com\/producto\/specialized-romin-evo-pro-with-mimic-155\/","name":"Specialized Romin Evo Pro With Mimic 155 - GR-100","isPartOf":{"@id":"https:\/\/gr-100.com\/#website"},"primaryImageOfPage":{"@id":"https:\/\/gr-100.com\/producto\/specialized-romin-evo-pro-with-mimic-155\/#primaryimage"},"image":{"@id":"https:\/\/gr-100.com\/producto\/specialized-romin-evo-pro-with-mimic-155\/#primaryimage"},"thumbnailUrl":"https:\/\/gr-100.com\/wp-content\/uploads\/2024\/05\/11-Screenshot-of-Romin-Evo-.jpg","datePublished":"2024-07-01T09:00:16+00:00","dateModified":"2026-04-23T10:02:38+00:00","description":"Desde que existen los sillines, los ciclistas han tenido problemas con ellos. Pero d\u00f3nde algunos ven problemas irresolubles, nosotros vemos","breadcrumb":{"@id":"https:\/\/gr-100.com\/producto\/specialized-romin-evo-pro-with-mimic-155\/#breadcrumb"},"inLanguage":"en-US","potentialAction":[{"@type":"ReadAction","target":["https:\/\/gr-100.com\/producto\/specialized-romin-evo-pro-with-mimic-155\/"]}]},{"@type":"ImageObject","inLanguage":"en-US","@id":"https:\/\/gr-100.com\/producto\/specialized-romin-evo-pro-with-mimic-155\/#primaryimage","url":"https:\/\/gr-100.com\/wp-content\/uploads\/2024\/05\/11-Screenshot-of-Romin-Evo-.jpg","contentUrl":"https:\/\/gr-100.com\/wp-content\/uploads\/2024\/05\/11-Screenshot-of-Romin-Evo-.jpg","width":1000,"height":1000},{"@type":"BreadcrumbList","@id":"https:\/\/gr-100.com\/producto\/specialized-romin-evo-pro-with-mimic-155\/#breadcrumb","itemListElement":[{"@type":"ListItem","position":1,"name":"Portada","item":"https:\/\/gr-100.com\/pt-pt\/"},{"@type":"ListItem","position":2,"name":"Productos","item":"https:\/\/gr-100.com\/?post_type=product"},{"@type":"ListItem","position":3,"name":"Specialized Romin Evo Pro With Mimic 155"}]},{"@type":"WebSite","@id":"https:\/\/gr-100.com\/#website","url":"https:\/\/gr-100.com\/","name":"Gr-100 Tienda de ciclismo Specialized","description":"GR-100 tenemos todas las gamas de bicicletas Specialized al mejor precio.","publisher":{"@id":"https:\/\/gr-100.com\/#organization"},"alternateName":"Gr-100 Bikes","potentialAction":[{"@type":"SearchAction","target":{"@type":"EntryPoint","urlTemplate":"https:\/\/gr-100.com\/?s={search_term_string}"},"query-input":{"@type":"PropertyValueSpecification","valueRequired":true,"valueName":"search_term_string"}}],"inLanguage":"en-US"},{"@type":"Organization","@id":"https:\/\/gr-100.com\/#organization","name":"Gr-100","url":"https:\/\/gr-100.com\/","logo":{"@type":"ImageObject","inLanguage":"en-US","@id":"https:\/\/gr-100.com\/#\/schema\/logo\/image\/","url":"https:\/\/gr-100.com\/wp-content\/uploads\/2023\/08\/logo-gr-100-bikes.png","contentUrl":"https:\/\/gr-100.com\/wp-content\/uploads\/2023\/08\/logo-gr-100-bikes.png","width":707,"height":284,"caption":"Gr-100"},"image":{"@id":"https:\/\/gr-100.com\/#\/schema\/logo\/image\/"},"sameAs":["https:\/\/www.facebook.com\/Gr100Bikes","https:\/\/www.instagram.com\/gr100bikes\/","https:\/\/www.tiktok.com\/@gr100bikes","https:\/\/twitter.com\/gr100mtbteam","https:\/\/www.youtube.com\/c\/GR100Specialized"]}]}},"_links":{"self":[{"href":"https:\/\/gr-100.com\/en\/wp-json\/wp\/v2\/product\/371245","targetHints":{"allow":["GET"]}}],"collection":[{"href":"https:\/\/gr-100.com\/en\/wp-json\/wp\/v2\/product"}],"about":[{"href":"https:\/\/gr-100.com\/en\/wp-json\/wp\/v2\/types\/product"}],"replies":[{"embeddable":true,"href":"https:\/\/gr-100.com\/en\/wp-json\/wp\/v2\/comments?post=371245"}],"wp:featuredmedia":[{"embeddable":true,"href":"https:\/\/gr-100.com\/en\/wp-json\/wp\/v2\/media\/272719"}],"wp:attachment":[{"href":"https:\/\/gr-100.com\/en\/wp-json\/wp\/v2\/media?parent=371245"}],"wp:term":[{"taxonomy":"product_brand","embeddable":true,"href":"https:\/\/gr-100.com\/en\/wp-json\/wp\/v2\/product_brand?post=371245"},{"taxonomy":"product_cat","embeddable":true,"href":"https:\/\/gr-100.com\/en\/wp-json\/wp\/v2\/product_cat?post=371245"},{"taxonomy":"product_tag","embeddable":true,"href":"https:\/\/gr-100.com\/en\/wp-json\/wp\/v2\/product_tag?post=371245"}],"curies":[{"name":"wp","href":"https:\/\/api.w.org\/{rel}","templated":true}]}}