{"id":371305,"date":"2024-07-01T09:02:47","date_gmt":"2024-07-01T09:02:47","guid":{"rendered":"https:\/\/nuevo.gr-100.com\/producto\/specialized-butcher-grid-gravity-2bliss-ready-t9-cubiertas-2022\/"},"modified":"2026-03-12T13:59:52","modified_gmt":"2026-03-12T12:59:52","slug":"specialized-butcher-grid-gravity-2bliss-ready-t9-cubiertas-2022","status":"publish","type":"product","link":"https:\/\/gr-100.com\/en\/producto\/specialized-butcher-grid-gravity-2bliss-ready-t9-cubiertas-2022\/","title":{"rendered":"Specialized Butcher Grid Gravity 2BLISS Ready T9 Cubiertas"},"content":{"rendered":"<p>El Butcher GRID GRAVITY 2Bliss Ready T9 es la elecci\u00f3n perfecta para los ciclistas de trail y de gravity. Los tacos centrales de la banda de rodamiento proporcionan una fuerte tracci\u00f3n y una direcci\u00f3n precisa, mientras que las perillas de los hombros ofrecen un borde de mordida continuo para pasar por las curvas r\u00e1pidas. La carcasa GRID GRAVITY complementa la conducci\u00f3n por gravedad con una nueva construcci\u00f3n de dos capas para la estabilidad en las curvas y la protecci\u00f3n en plano. Sobre esta s\u00f3lida base, el compuesto T9 GRIPTON\u00ae de alta amortiguaci\u00f3n rebota lentamente para agarrar y adherirse al suelo para una tracci\u00f3n y control totales.<\/p>\n<p>CARACTERISTICAS:<\/p>\n<ul>\n<li>Carcasa: 60TPI, Dual-Ply<\/li>\n<li>Aro: Plegable<\/li>\n<li>Flanco recubierto de butilo = 2Bliss Ready<\/li>\n<li>Compuesto: GRIPTON\u00ae T9<\/li>\n<li>3,&#8221; psi 25-50, peso aproximado 1050g<\/li>\n<li>6&#8243;, psi 20-40, peso aproximado 1200g<\/li>\n<li>3&#8243;, psi 25-50, peso aproximado 1300g<\/li>\n<li>6&#8243;, psi 20-40 peso aproximado 1350g<\/li>\n<\/ul>\n","protected":false},"excerpt":{"rendered":"<p>El Butcher GRID GRAVITY 2Bliss Ready T9 es la elecci\u00f3n perfecta para los ciclistas de trail y de gravity.<\/p>\n","protected":false},"featured_media":272814,"comment_status":"closed","ping_status":"closed","template":"","meta":{"_acf_changed":false,"_et_pb_use_builder":"","_et_pb_old_content":"","_et_gb_content_width":"","inline_featured_image":false},"product_brand":[],"product_cat":[25,45],"product_tag":[],"class_list":{"0":"post-371305","1":"product","2":"type-product","3":"status-publish","4":"has-post-thumbnail","6":"product_cat-componentes","7":"product_cat-cubiertas-y-camaras","8":"product_shipping_class-componentes","10":"first","11":"instock","12":"taxable","13":"shipping-taxable","14":"purchasable","15":"product-type-variable","16":"wvs-archive-product-wrapper"},"acf":[],"yoast_head":"<!-- This site is optimized with the Yoast SEO Premium plugin v26.7 (Yoast SEO v26.7) - https:\/\/yoast.com\/wordpress\/plugins\/seo\/ -->\n<title>Specialized Butcher Grid Gravity 2BLISS Ready T9 Cubiertas GR-100<\/title>\n<meta name=\"description\" content=\"SPECIALIZED BUTCHER GRID GRAVITY 2BLISSREADY T9, es la elecci\u00f3n perfecta para los ciclistas de trail y de gravity.\" \/>\n<meta name=\"robots\" content=\"index, follow, max-snippet:-1, max-image-preview:large, max-video-preview:-1\" \/>\n<link rel=\"canonical\" href=\"https:\/\/gr-100.com\/producto\/specialized-butcher-grid-gravity-2bliss-ready-t9-cubiertas-2022\/\" \/>\n<meta property=\"og:locale\" content=\"en_US\" \/>\n<meta property=\"og:type\" content=\"article\" \/>\n<meta property=\"og:title\" content=\"Specialized Butcher Grid Gravity 2BLISS Ready T9 Cubiertas\" \/>\n<meta property=\"og:description\" content=\"SPECIALIZED BUTCHER GRID GRAVITY 2BLISSREADY T9, es la elecci\u00f3n perfecta para los ciclistas de trail y de gravity.\" \/>\n<meta property=\"og:url\" content=\"https:\/\/gr-100.com\/producto\/specialized-butcher-grid-gravity-2bliss-ready-t9-cubiertas-2022\/\" \/>\n<meta property=\"og:site_name\" content=\"Gr-100 Tienda de ciclismo Specialized\" \/>\n<meta property=\"article:publisher\" content=\"https:\/\/www.facebook.com\/Gr100Bikes\" \/>\n<meta property=\"article:modified_time\" content=\"2026-03-12T12:59:52+00:00\" \/>\n<meta property=\"og:image\" content=\"https:\/\/gr-100.com\/wp-content\/uploads\/2024\/05\/11-Screenshot-of-Butcher-Gr.jpg\" \/>\n\t<meta property=\"og:image:width\" content=\"1000\" \/>\n\t<meta property=\"og:image:height\" content=\"1000\" \/>\n\t<meta property=\"og:image:type\" content=\"image\/jpeg\" \/>\n<meta name=\"twitter:card\" content=\"summary_large_image\" \/>\n<meta name=\"twitter:label1\" content=\"Est. reading time\" \/>\n\t<meta name=\"twitter:data1\" content=\"1 minute\" \/>\n<script type=\"application\/ld+json\" class=\"yoast-schema-graph\">{\"@context\":\"https:\/\/schema.org\",\"@graph\":[{\"@type\":\"WebPage\",\"@id\":\"https:\/\/gr-100.com\/producto\/specialized-butcher-grid-gravity-2bliss-ready-t9-cubiertas-2022\/\",\"url\":\"https:\/\/gr-100.com\/producto\/specialized-butcher-grid-gravity-2bliss-ready-t9-cubiertas-2022\/\",\"name\":\"Specialized Butcher Grid Gravity 2BLISS Ready T9 Cubiertas GR-100\",\"isPartOf\":{\"@id\":\"https:\/\/gr-100.com\/#website\"},\"primaryImageOfPage\":{\"@id\":\"https:\/\/gr-100.com\/producto\/specialized-butcher-grid-gravity-2bliss-ready-t9-cubiertas-2022\/#primaryimage\"},\"image\":{\"@id\":\"https:\/\/gr-100.com\/producto\/specialized-butcher-grid-gravity-2bliss-ready-t9-cubiertas-2022\/#primaryimage\"},\"thumbnailUrl\":\"https:\/\/gr-100.com\/wp-content\/uploads\/2024\/05\/11-Screenshot-of-Butcher-Gr.jpg\",\"datePublished\":\"2024-07-01T09:02:47+00:00\",\"dateModified\":\"2026-03-12T12:59:52+00:00\",\"description\":\"SPECIALIZED BUTCHER GRID GRAVITY 2BLISSREADY T9, es la elecci\u00f3n perfecta para los ciclistas de trail y de gravity.\",\"breadcrumb\":{\"@id\":\"https:\/\/gr-100.com\/producto\/specialized-butcher-grid-gravity-2bliss-ready-t9-cubiertas-2022\/#breadcrumb\"},\"inLanguage\":\"en-US\",\"potentialAction\":[{\"@type\":\"ReadAction\",\"target\":[\"https:\/\/gr-100.com\/producto\/specialized-butcher-grid-gravity-2bliss-ready-t9-cubiertas-2022\/\"]}]},{\"@type\":\"ImageObject\",\"inLanguage\":\"en-US\",\"@id\":\"https:\/\/gr-100.com\/producto\/specialized-butcher-grid-gravity-2bliss-ready-t9-cubiertas-2022\/#primaryimage\",\"url\":\"https:\/\/gr-100.com\/wp-content\/uploads\/2024\/05\/11-Screenshot-of-Butcher-Gr.jpg\",\"contentUrl\":\"https:\/\/gr-100.com\/wp-content\/uploads\/2024\/05\/11-Screenshot-of-Butcher-Gr.jpg\",\"width\":1000,\"height\":1000},{\"@type\":\"BreadcrumbList\",\"@id\":\"https:\/\/gr-100.com\/producto\/specialized-butcher-grid-gravity-2bliss-ready-t9-cubiertas-2022\/#breadcrumb\",\"itemListElement\":[{\"@type\":\"ListItem\",\"position\":1,\"name\":\"Portada\",\"item\":\"https:\/\/gr-100.com\/pt-pt\/\"},{\"@type\":\"ListItem\",\"position\":2,\"name\":\"Productos\",\"item\":\"https:\/\/gr-100.com\/?post_type=product\"},{\"@type\":\"ListItem\",\"position\":3,\"name\":\"Specialized Butcher Grid Gravity 2BLISS Ready T9 Cubiertas\"}]},{\"@type\":\"WebSite\",\"@id\":\"https:\/\/gr-100.com\/#website\",\"url\":\"https:\/\/gr-100.com\/\",\"name\":\"Gr-100 Tienda de ciclismo Specialized\",\"description\":\"GR-100 tenemos todas las gamas de bicicletas Specialized al mejor precio.\",\"publisher\":{\"@id\":\"https:\/\/gr-100.com\/#organization\"},\"alternateName\":\"Gr-100 Bikes\",\"potentialAction\":[{\"@type\":\"SearchAction\",\"target\":{\"@type\":\"EntryPoint\",\"urlTemplate\":\"https:\/\/gr-100.com\/?s={search_term_string}\"},\"query-input\":{\"@type\":\"PropertyValueSpecification\",\"valueRequired\":true,\"valueName\":\"search_term_string\"}}],\"inLanguage\":\"en-US\"},{\"@type\":\"Organization\",\"@id\":\"https:\/\/gr-100.com\/#organization\",\"name\":\"Gr-100\",\"url\":\"https:\/\/gr-100.com\/\",\"logo\":{\"@type\":\"ImageObject\",\"inLanguage\":\"en-US\",\"@id\":\"https:\/\/gr-100.com\/#\/schema\/logo\/image\/\",\"url\":\"https:\/\/gr-100.com\/wp-content\/uploads\/2023\/08\/logo-gr-100-bikes.png\",\"contentUrl\":\"https:\/\/gr-100.com\/wp-content\/uploads\/2023\/08\/logo-gr-100-bikes.png\",\"width\":707,\"height\":284,\"caption\":\"Gr-100\"},\"image\":{\"@id\":\"https:\/\/gr-100.com\/#\/schema\/logo\/image\/\"},\"sameAs\":[\"https:\/\/www.facebook.com\/Gr100Bikes\",\"https:\/\/www.instagram.com\/gr100bikes\/\",\"https:\/\/www.tiktok.com\/@gr100bikes\",\"https:\/\/twitter.com\/gr100mtbteam\",\"https:\/\/www.youtube.com\/c\/GR100Specialized\"]}]}<\/script>\n<!-- \/ Yoast SEO Premium plugin. -->","yoast_head_json":{"title":"Specialized Butcher Grid Gravity 2BLISS Ready T9 Cubiertas GR-100","description":"SPECIALIZED BUTCHER GRID GRAVITY 2BLISSREADY T9, es la elecci\u00f3n perfecta para los ciclistas de trail y de gravity.","robots":{"index":"index","follow":"follow","max-snippet":"max-snippet:-1","max-image-preview":"max-image-preview:large","max-video-preview":"max-video-preview:-1"},"canonical":"https:\/\/gr-100.com\/producto\/specialized-butcher-grid-gravity-2bliss-ready-t9-cubiertas-2022\/","og_locale":"en_US","og_type":"article","og_title":"Specialized Butcher Grid Gravity 2BLISS Ready T9 Cubiertas","og_description":"SPECIALIZED BUTCHER GRID GRAVITY 2BLISSREADY T9, es la elecci\u00f3n perfecta para los ciclistas de trail y de gravity.","og_url":"https:\/\/gr-100.com\/producto\/specialized-butcher-grid-gravity-2bliss-ready-t9-cubiertas-2022\/","og_site_name":"Gr-100 Tienda de ciclismo Specialized","article_publisher":"https:\/\/www.facebook.com\/Gr100Bikes","article_modified_time":"2026-03-12T12:59:52+00:00","og_image":[{"width":1000,"height":1000,"url":"https:\/\/gr-100.com\/wp-content\/uploads\/2024\/05\/11-Screenshot-of-Butcher-Gr.jpg","type":"image\/jpeg"}],"twitter_card":"summary_large_image","twitter_misc":{"Est. reading time":"1 minute"},"schema":{"@context":"https:\/\/schema.org","@graph":[{"@type":"WebPage","@id":"https:\/\/gr-100.com\/producto\/specialized-butcher-grid-gravity-2bliss-ready-t9-cubiertas-2022\/","url":"https:\/\/gr-100.com\/producto\/specialized-butcher-grid-gravity-2bliss-ready-t9-cubiertas-2022\/","name":"Specialized Butcher Grid Gravity 2BLISS Ready T9 Cubiertas GR-100","isPartOf":{"@id":"https:\/\/gr-100.com\/#website"},"primaryImageOfPage":{"@id":"https:\/\/gr-100.com\/producto\/specialized-butcher-grid-gravity-2bliss-ready-t9-cubiertas-2022\/#primaryimage"},"image":{"@id":"https:\/\/gr-100.com\/producto\/specialized-butcher-grid-gravity-2bliss-ready-t9-cubiertas-2022\/#primaryimage"},"thumbnailUrl":"https:\/\/gr-100.com\/wp-content\/uploads\/2024\/05\/11-Screenshot-of-Butcher-Gr.jpg","datePublished":"2024-07-01T09:02:47+00:00","dateModified":"2026-03-12T12:59:52+00:00","description":"SPECIALIZED BUTCHER GRID GRAVITY 2BLISSREADY T9, es la elecci\u00f3n perfecta para los ciclistas de trail y de gravity.","breadcrumb":{"@id":"https:\/\/gr-100.com\/producto\/specialized-butcher-grid-gravity-2bliss-ready-t9-cubiertas-2022\/#breadcrumb"},"inLanguage":"en-US","potentialAction":[{"@type":"ReadAction","target":["https:\/\/gr-100.com\/producto\/specialized-butcher-grid-gravity-2bliss-ready-t9-cubiertas-2022\/"]}]},{"@type":"ImageObject","inLanguage":"en-US","@id":"https:\/\/gr-100.com\/producto\/specialized-butcher-grid-gravity-2bliss-ready-t9-cubiertas-2022\/#primaryimage","url":"https:\/\/gr-100.com\/wp-content\/uploads\/2024\/05\/11-Screenshot-of-Butcher-Gr.jpg","contentUrl":"https:\/\/gr-100.com\/wp-content\/uploads\/2024\/05\/11-Screenshot-of-Butcher-Gr.jpg","width":1000,"height":1000},{"@type":"BreadcrumbList","@id":"https:\/\/gr-100.com\/producto\/specialized-butcher-grid-gravity-2bliss-ready-t9-cubiertas-2022\/#breadcrumb","itemListElement":[{"@type":"ListItem","position":1,"name":"Portada","item":"https:\/\/gr-100.com\/pt-pt\/"},{"@type":"ListItem","position":2,"name":"Productos","item":"https:\/\/gr-100.com\/?post_type=product"},{"@type":"ListItem","position":3,"name":"Specialized Butcher Grid Gravity 2BLISS Ready T9 Cubiertas"}]},{"@type":"WebSite","@id":"https:\/\/gr-100.com\/#website","url":"https:\/\/gr-100.com\/","name":"Gr-100 Tienda de ciclismo Specialized","description":"GR-100 tenemos todas las gamas de bicicletas Specialized al mejor precio.","publisher":{"@id":"https:\/\/gr-100.com\/#organization"},"alternateName":"Gr-100 Bikes","potentialAction":[{"@type":"SearchAction","target":{"@type":"EntryPoint","urlTemplate":"https:\/\/gr-100.com\/?s={search_term_string}"},"query-input":{"@type":"PropertyValueSpecification","valueRequired":true,"valueName":"search_term_string"}}],"inLanguage":"en-US"},{"@type":"Organization","@id":"https:\/\/gr-100.com\/#organization","name":"Gr-100","url":"https:\/\/gr-100.com\/","logo":{"@type":"ImageObject","inLanguage":"en-US","@id":"https:\/\/gr-100.com\/#\/schema\/logo\/image\/","url":"https:\/\/gr-100.com\/wp-content\/uploads\/2023\/08\/logo-gr-100-bikes.png","contentUrl":"https:\/\/gr-100.com\/wp-content\/uploads\/2023\/08\/logo-gr-100-bikes.png","width":707,"height":284,"caption":"Gr-100"},"image":{"@id":"https:\/\/gr-100.com\/#\/schema\/logo\/image\/"},"sameAs":["https:\/\/www.facebook.com\/Gr100Bikes","https:\/\/www.instagram.com\/gr100bikes\/","https:\/\/www.tiktok.com\/@gr100bikes","https:\/\/twitter.com\/gr100mtbteam","https:\/\/www.youtube.com\/c\/GR100Specialized"]}]}},"_links":{"self":[{"href":"https:\/\/gr-100.com\/en\/wp-json\/wp\/v2\/product\/371305","targetHints":{"allow":["GET"]}}],"collection":[{"href":"https:\/\/gr-100.com\/en\/wp-json\/wp\/v2\/product"}],"about":[{"href":"https:\/\/gr-100.com\/en\/wp-json\/wp\/v2\/types\/product"}],"replies":[{"embeddable":true,"href":"https:\/\/gr-100.com\/en\/wp-json\/wp\/v2\/comments?post=371305"}],"wp:featuredmedia":[{"embeddable":true,"href":"https:\/\/gr-100.com\/en\/wp-json\/wp\/v2\/media\/272814"}],"wp:attachment":[{"href":"https:\/\/gr-100.com\/en\/wp-json\/wp\/v2\/media?parent=371305"}],"wp:term":[{"taxonomy":"product_brand","embeddable":true,"href":"https:\/\/gr-100.com\/en\/wp-json\/wp\/v2\/product_brand?post=371305"},{"taxonomy":"product_cat","embeddable":true,"href":"https:\/\/gr-100.com\/en\/wp-json\/wp\/v2\/product_cat?post=371305"},{"taxonomy":"product_tag","embeddable":true,"href":"https:\/\/gr-100.com\/en\/wp-json\/wp\/v2\/product_tag?post=371305"}],"curies":[{"name":"wp","href":"https:\/\/api.w.org\/{rel}","templated":true}]}}