{"id":371351,"date":"2024-07-01T09:04:09","date_gmt":"2024-07-01T09:04:09","guid":{"rendered":"https:\/\/nuevo.gr-100.com\/producto\/luz-delantera-specialized-stix-elite-2-headlight\/"},"modified":"2026-01-30T13:22:21","modified_gmt":"2026-01-30T11:22:21","slug":"luz-delantera-specialized-stix-elite-2-headlight","status":"publish","type":"product","link":"https:\/\/gr-100.com\/en\/producto\/luz-delantera-specialized-stix-elite-2-headlight\/","title":{"rendered":"Luz Delantera Specialized Stix Elite 2 Headlight"},"content":{"rendered":"<p>De d\u00eda o de noche, las luces Stix Elite cuentan con una potente luz. En modo Steady-High durante la noche, ofrece 100 l\u00famenes de luz enfocada, potente y brillante para guiar tu camino. Es un verdadero faro para ver. Durante el d\u00eda, su visibilidad y seguridad se convierten en su primera prioridad. Al funcionar en el modo Power Flash, este peque\u00f1o paquete ofrece una potente luz de 200 l\u00famenes, lo que lo convierte en un faro para todos los usuarios de la carretera. Y dependiendo del modo elegido, el Stix Elite funcionar\u00e1 durante un m\u00e1ximo de 112 horas, se carga f\u00e1cilmente a trav\u00e9s de su conector USB incorporada, lo que elimina la necesidad de usar un cable.<\/p>\n<p>CARACTERISTICAS:<\/p>\n<ul>\n<li>La lente esf\u00e9rica ofrece un haz de luz para ser visto. Las lentes Fresnel para LED secundarios proporcionan una gran visibilidad angular.<\/li>\n<li>Bater\u00eda recargable de 540 mAh mediante USB en dos horas (no se necesitan cables extra).<\/li>\n<li>El sistema de montaje flexible funciona con manillares desde 22.2 mm hasta 35 mm de di\u00e1metro.<\/li>\n<li>Steady High mode: 100 l\u00famenes durante 2:30 horas.<\/li>\n<li>Steady Low mode: 38 l\u00famenes durante 10 horas.<\/li>\n<li>Power Surge mode: 97 l\u00famenes durante 6:30 horas.<\/li>\n<li>Power Flash mode: 200 l\u00famenes durante 10 horas.<\/li>\n<li>Disco Flash mode: 63 l\u00famenes durante 21 horas.<\/li>\n<li>Eco Flash mode: 12 lumens for 112:00 hours<\/li>\n<li>Red\/Green battery charge level indicator.<\/li>\n<\/ul>\n","protected":false},"excerpt":{"rendered":"<p>De d\u00eda o de noche, las luces Stix Elite cuentan con una potente luz. En modo Steady-High durante la noche, ofrece 100 l\u00famenes de luz enfocada, potente y brillante para guiar tu camino.<\/p>\n","protected":false},"featured_media":272891,"comment_status":"closed","ping_status":"closed","template":"","meta":{"_acf_changed":false,"_et_pb_use_builder":"","_et_pb_old_content":"","_et_gb_content_width":"","inline_featured_image":false},"product_brand":[],"product_cat":[26,64],"product_tag":[],"class_list":{"0":"post-371351","1":"product","2":"type-product","3":"status-publish","4":"has-post-thumbnail","6":"product_cat-accesorios","7":"product_cat-luces","9":"first","10":"instock","11":"taxable","12":"shipping-taxable","13":"purchasable","14":"product-type-simple"},"acf":[],"yoast_head":"<!-- This site is optimized with the Yoast SEO Premium plugin v26.7 (Yoast SEO v26.7) - https:\/\/yoast.com\/wordpress\/plugins\/seo\/ -->\n<title>Luz Delantera Specialized Stix Elite 2 Headlight GR-100 bikes<\/title>\n<meta name=\"description\" content=\"De d\u00eda o de noche, las luces Stix Elite cuentan con una potente luz. En modo Steady-High durante la noche, ofrece 100 l\u00famenes de luz enfocada\" \/>\n<meta name=\"robots\" content=\"index, follow, max-snippet:-1, max-image-preview:large, max-video-preview:-1\" \/>\n<link rel=\"canonical\" href=\"https:\/\/gr-100.com\/producto\/luz-delantera-specialized-stix-elite-2-headlight\/\" \/>\n<meta property=\"og:locale\" content=\"en_US\" \/>\n<meta property=\"og:type\" content=\"article\" \/>\n<meta property=\"og:title\" content=\"Luz Delantera Specialized Stix Elite 2 Headlight\" \/>\n<meta property=\"og:description\" content=\"De d\u00eda o de noche, las luces Stix Elite cuentan con una potente luz. En modo Steady-High durante la noche, ofrece 100 l\u00famenes de luz enfocada\" \/>\n<meta property=\"og:url\" content=\"https:\/\/gr-100.com\/producto\/luz-delantera-specialized-stix-elite-2-headlight\/\" \/>\n<meta property=\"og:site_name\" content=\"Gr-100 Tienda de ciclismo Specialized\" \/>\n<meta property=\"article:publisher\" content=\"https:\/\/www.facebook.com\/Gr100Bikes\" \/>\n<meta property=\"article:modified_time\" content=\"2026-01-30T11:22:21+00:00\" \/>\n<meta property=\"og:image\" content=\"https:\/\/gr-100.com\/wp-content\/uploads\/2024\/05\/22-Screenshot-of-Stix-Elite.jpg\" \/>\n\t<meta property=\"og:image:width\" content=\"1000\" \/>\n\t<meta property=\"og:image:height\" content=\"1000\" \/>\n\t<meta property=\"og:image:type\" content=\"image\/jpeg\" \/>\n<meta name=\"twitter:card\" content=\"summary_large_image\" \/>\n<meta name=\"twitter:label1\" content=\"Est. reading time\" \/>\n\t<meta name=\"twitter:data1\" content=\"2 minutes\" \/>\n<script type=\"application\/ld+json\" class=\"yoast-schema-graph\">{\"@context\":\"https:\/\/schema.org\",\"@graph\":[{\"@type\":\"WebPage\",\"@id\":\"https:\/\/gr-100.com\/producto\/luz-delantera-specialized-stix-elite-2-headlight\/\",\"url\":\"https:\/\/gr-100.com\/producto\/luz-delantera-specialized-stix-elite-2-headlight\/\",\"name\":\"Luz Delantera Specialized Stix Elite 2 Headlight GR-100 bikes\",\"isPartOf\":{\"@id\":\"https:\/\/gr-100.com\/#website\"},\"primaryImageOfPage\":{\"@id\":\"https:\/\/gr-100.com\/producto\/luz-delantera-specialized-stix-elite-2-headlight\/#primaryimage\"},\"image\":{\"@id\":\"https:\/\/gr-100.com\/producto\/luz-delantera-specialized-stix-elite-2-headlight\/#primaryimage\"},\"thumbnailUrl\":\"https:\/\/gr-100.com\/wp-content\/uploads\/2024\/05\/22-Screenshot-of-Stix-Elite.jpg\",\"datePublished\":\"2024-07-01T09:04:09+00:00\",\"dateModified\":\"2026-01-30T11:22:21+00:00\",\"description\":\"De d\u00eda o de noche, las luces Stix Elite cuentan con una potente luz. En modo Steady-High durante la noche, ofrece 100 l\u00famenes de luz enfocada\",\"breadcrumb\":{\"@id\":\"https:\/\/gr-100.com\/producto\/luz-delantera-specialized-stix-elite-2-headlight\/#breadcrumb\"},\"inLanguage\":\"en-US\",\"potentialAction\":[{\"@type\":\"ReadAction\",\"target\":[\"https:\/\/gr-100.com\/producto\/luz-delantera-specialized-stix-elite-2-headlight\/\"]}]},{\"@type\":\"ImageObject\",\"inLanguage\":\"en-US\",\"@id\":\"https:\/\/gr-100.com\/producto\/luz-delantera-specialized-stix-elite-2-headlight\/#primaryimage\",\"url\":\"https:\/\/gr-100.com\/wp-content\/uploads\/2024\/05\/22-Screenshot-of-Stix-Elite.jpg\",\"contentUrl\":\"https:\/\/gr-100.com\/wp-content\/uploads\/2024\/05\/22-Screenshot-of-Stix-Elite.jpg\",\"width\":1000,\"height\":1000},{\"@type\":\"BreadcrumbList\",\"@id\":\"https:\/\/gr-100.com\/producto\/luz-delantera-specialized-stix-elite-2-headlight\/#breadcrumb\",\"itemListElement\":[{\"@type\":\"ListItem\",\"position\":1,\"name\":\"Portada\",\"item\":\"https:\/\/gr-100.com\/pt-pt\/\"},{\"@type\":\"ListItem\",\"position\":2,\"name\":\"Productos\",\"item\":\"https:\/\/gr-100.com\/?post_type=product\"},{\"@type\":\"ListItem\",\"position\":3,\"name\":\"Luz Delantera Specialized Stix Elite 2 Headlight\"}]},{\"@type\":\"WebSite\",\"@id\":\"https:\/\/gr-100.com\/#website\",\"url\":\"https:\/\/gr-100.com\/\",\"name\":\"Gr-100 Tienda de ciclismo Specialized\",\"description\":\"GR-100 tenemos todas las gamas de bicicletas Specialized al mejor precio.\",\"publisher\":{\"@id\":\"https:\/\/gr-100.com\/#organization\"},\"alternateName\":\"Gr-100 Bikes\",\"potentialAction\":[{\"@type\":\"SearchAction\",\"target\":{\"@type\":\"EntryPoint\",\"urlTemplate\":\"https:\/\/gr-100.com\/?s={search_term_string}\"},\"query-input\":{\"@type\":\"PropertyValueSpecification\",\"valueRequired\":true,\"valueName\":\"search_term_string\"}}],\"inLanguage\":\"en-US\"},{\"@type\":\"Organization\",\"@id\":\"https:\/\/gr-100.com\/#organization\",\"name\":\"Gr-100\",\"url\":\"https:\/\/gr-100.com\/\",\"logo\":{\"@type\":\"ImageObject\",\"inLanguage\":\"en-US\",\"@id\":\"https:\/\/gr-100.com\/#\/schema\/logo\/image\/\",\"url\":\"https:\/\/gr-100.com\/wp-content\/uploads\/2023\/08\/logo-gr-100-bikes.png\",\"contentUrl\":\"https:\/\/gr-100.com\/wp-content\/uploads\/2023\/08\/logo-gr-100-bikes.png\",\"width\":707,\"height\":284,\"caption\":\"Gr-100\"},\"image\":{\"@id\":\"https:\/\/gr-100.com\/#\/schema\/logo\/image\/\"},\"sameAs\":[\"https:\/\/www.facebook.com\/Gr100Bikes\",\"https:\/\/www.instagram.com\/gr100bikes\/\",\"https:\/\/www.tiktok.com\/@gr100bikes\",\"https:\/\/twitter.com\/gr100mtbteam\",\"https:\/\/www.youtube.com\/c\/GR100Specialized\"]}]}<\/script>\n<!-- \/ Yoast SEO Premium plugin. -->","yoast_head_json":{"title":"Luz Delantera Specialized Stix Elite 2 Headlight GR-100 bikes","description":"De d\u00eda o de noche, las luces Stix Elite cuentan con una potente luz. En modo Steady-High durante la noche, ofrece 100 l\u00famenes de luz enfocada","robots":{"index":"index","follow":"follow","max-snippet":"max-snippet:-1","max-image-preview":"max-image-preview:large","max-video-preview":"max-video-preview:-1"},"canonical":"https:\/\/gr-100.com\/producto\/luz-delantera-specialized-stix-elite-2-headlight\/","og_locale":"en_US","og_type":"article","og_title":"Luz Delantera Specialized Stix Elite 2 Headlight","og_description":"De d\u00eda o de noche, las luces Stix Elite cuentan con una potente luz. En modo Steady-High durante la noche, ofrece 100 l\u00famenes de luz enfocada","og_url":"https:\/\/gr-100.com\/producto\/luz-delantera-specialized-stix-elite-2-headlight\/","og_site_name":"Gr-100 Tienda de ciclismo Specialized","article_publisher":"https:\/\/www.facebook.com\/Gr100Bikes","article_modified_time":"2026-01-30T11:22:21+00:00","og_image":[{"width":1000,"height":1000,"url":"https:\/\/gr-100.com\/wp-content\/uploads\/2024\/05\/22-Screenshot-of-Stix-Elite.jpg","type":"image\/jpeg"}],"twitter_card":"summary_large_image","twitter_misc":{"Est. reading time":"2 minutes"},"schema":{"@context":"https:\/\/schema.org","@graph":[{"@type":"WebPage","@id":"https:\/\/gr-100.com\/producto\/luz-delantera-specialized-stix-elite-2-headlight\/","url":"https:\/\/gr-100.com\/producto\/luz-delantera-specialized-stix-elite-2-headlight\/","name":"Luz Delantera Specialized Stix Elite 2 Headlight GR-100 bikes","isPartOf":{"@id":"https:\/\/gr-100.com\/#website"},"primaryImageOfPage":{"@id":"https:\/\/gr-100.com\/producto\/luz-delantera-specialized-stix-elite-2-headlight\/#primaryimage"},"image":{"@id":"https:\/\/gr-100.com\/producto\/luz-delantera-specialized-stix-elite-2-headlight\/#primaryimage"},"thumbnailUrl":"https:\/\/gr-100.com\/wp-content\/uploads\/2024\/05\/22-Screenshot-of-Stix-Elite.jpg","datePublished":"2024-07-01T09:04:09+00:00","dateModified":"2026-01-30T11:22:21+00:00","description":"De d\u00eda o de noche, las luces Stix Elite cuentan con una potente luz. En modo Steady-High durante la noche, ofrece 100 l\u00famenes de luz enfocada","breadcrumb":{"@id":"https:\/\/gr-100.com\/producto\/luz-delantera-specialized-stix-elite-2-headlight\/#breadcrumb"},"inLanguage":"en-US","potentialAction":[{"@type":"ReadAction","target":["https:\/\/gr-100.com\/producto\/luz-delantera-specialized-stix-elite-2-headlight\/"]}]},{"@type":"ImageObject","inLanguage":"en-US","@id":"https:\/\/gr-100.com\/producto\/luz-delantera-specialized-stix-elite-2-headlight\/#primaryimage","url":"https:\/\/gr-100.com\/wp-content\/uploads\/2024\/05\/22-Screenshot-of-Stix-Elite.jpg","contentUrl":"https:\/\/gr-100.com\/wp-content\/uploads\/2024\/05\/22-Screenshot-of-Stix-Elite.jpg","width":1000,"height":1000},{"@type":"BreadcrumbList","@id":"https:\/\/gr-100.com\/producto\/luz-delantera-specialized-stix-elite-2-headlight\/#breadcrumb","itemListElement":[{"@type":"ListItem","position":1,"name":"Portada","item":"https:\/\/gr-100.com\/pt-pt\/"},{"@type":"ListItem","position":2,"name":"Productos","item":"https:\/\/gr-100.com\/?post_type=product"},{"@type":"ListItem","position":3,"name":"Luz Delantera Specialized Stix Elite 2 Headlight"}]},{"@type":"WebSite","@id":"https:\/\/gr-100.com\/#website","url":"https:\/\/gr-100.com\/","name":"Gr-100 Tienda de ciclismo Specialized","description":"GR-100 tenemos todas las gamas de bicicletas Specialized al mejor precio.","publisher":{"@id":"https:\/\/gr-100.com\/#organization"},"alternateName":"Gr-100 Bikes","potentialAction":[{"@type":"SearchAction","target":{"@type":"EntryPoint","urlTemplate":"https:\/\/gr-100.com\/?s={search_term_string}"},"query-input":{"@type":"PropertyValueSpecification","valueRequired":true,"valueName":"search_term_string"}}],"inLanguage":"en-US"},{"@type":"Organization","@id":"https:\/\/gr-100.com\/#organization","name":"Gr-100","url":"https:\/\/gr-100.com\/","logo":{"@type":"ImageObject","inLanguage":"en-US","@id":"https:\/\/gr-100.com\/#\/schema\/logo\/image\/","url":"https:\/\/gr-100.com\/wp-content\/uploads\/2023\/08\/logo-gr-100-bikes.png","contentUrl":"https:\/\/gr-100.com\/wp-content\/uploads\/2023\/08\/logo-gr-100-bikes.png","width":707,"height":284,"caption":"Gr-100"},"image":{"@id":"https:\/\/gr-100.com\/#\/schema\/logo\/image\/"},"sameAs":["https:\/\/www.facebook.com\/Gr100Bikes","https:\/\/www.instagram.com\/gr100bikes\/","https:\/\/www.tiktok.com\/@gr100bikes","https:\/\/twitter.com\/gr100mtbteam","https:\/\/www.youtube.com\/c\/GR100Specialized"]}]}},"_links":{"self":[{"href":"https:\/\/gr-100.com\/en\/wp-json\/wp\/v2\/product\/371351","targetHints":{"allow":["GET"]}}],"collection":[{"href":"https:\/\/gr-100.com\/en\/wp-json\/wp\/v2\/product"}],"about":[{"href":"https:\/\/gr-100.com\/en\/wp-json\/wp\/v2\/types\/product"}],"replies":[{"embeddable":true,"href":"https:\/\/gr-100.com\/en\/wp-json\/wp\/v2\/comments?post=371351"}],"wp:featuredmedia":[{"embeddable":true,"href":"https:\/\/gr-100.com\/en\/wp-json\/wp\/v2\/media\/272891"}],"wp:attachment":[{"href":"https:\/\/gr-100.com\/en\/wp-json\/wp\/v2\/media?parent=371351"}],"wp:term":[{"taxonomy":"product_brand","embeddable":true,"href":"https:\/\/gr-100.com\/en\/wp-json\/wp\/v2\/product_brand?post=371351"},{"taxonomy":"product_cat","embeddable":true,"href":"https:\/\/gr-100.com\/en\/wp-json\/wp\/v2\/product_cat?post=371351"},{"taxonomy":"product_tag","embeddable":true,"href":"https:\/\/gr-100.com\/en\/wp-json\/wp\/v2\/product_tag?post=371351"}],"curies":[{"name":"wp","href":"https:\/\/api.w.org\/{rel}","templated":true}]}}