{"id":371374,"date":"2024-07-01T09:06:03","date_gmt":"2024-07-01T09:06:03","guid":{"rendered":"https:\/\/nuevo.gr-100.com\/producto\/specialized-supacaz-bling-cinta-de-manillar\/"},"modified":"2025-12-24T13:19:49","modified_gmt":"2025-12-24T11:19:49","slug":"specialized-supacaz-bling-cinta-de-manillar","status":"publish","type":"product","link":"https:\/\/gr-100.com\/en\/producto\/specialized-supacaz-bling-cinta-de-manillar\/","title":{"rendered":"Specialized Supacaz Bling Cinta De Manillar"},"content":{"rendered":"<p>La colecci\u00f3n Bling trae los colores m\u00e1s brillantes a los ciclistas. Fusionando rendimiento y estilo, las cintas Supacaz son el sue\u00f1o de cualquiera. La cinta Supacaz Oil Slick da ese acabado perfecto a tu bici. \u00a1S\u00e9 el m\u00e1s aclamado de tu ciudad!<\/p>\n<p>CARACTERISTICAS:<\/p>\n<ul>\n<li>Capa superior Bling PU. Hemos utilizado materiales exclusivos para producir la cinta m\u00e1s incre\u00edble de todos los tiempos. Muy llamativa y duradera.<\/li>\n<li>Capa intermedia Kush Foam: compuesto exclusivo que se encarga de eliminar humedad con su espuma nano. Propiedades anti impactos que mejoran la calidad de conducci\u00f3n en curvas, bajadas y terrenos irregulares<\/li>\n<li>Realce: La cinta est\u00e1 acabada con el realce tan caracter\u00edstico de Supacaz. Este realce crea un look \u00fanico de Supacaz y se deshace de la humedad para mantener buen agarre.<\/li>\n<li>Tapones Star Plugz: Tapones de aluminio roscado con expansor (3mm). Anodizados o con capa Powder. Logo con l\u00e1ser.<\/li>\n<li>Cinta de manillar Finish: cinta de goma multiusos con dise\u00f1o Supacaz Frost.<\/li>\n<\/ul>\n","protected":false},"excerpt":{"rendered":"<p>La cinta Supacaz Oil Slick da ese acabado perfecto a tu bici. \u00a1S\u00e9 el m\u00e1s aclamado de tu ciudad!<\/p>\n","protected":false},"featured_media":272952,"comment_status":"closed","ping_status":"closed","template":"","meta":{"_acf_changed":false,"_et_pb_use_builder":"","_et_pb_old_content":"","_et_gb_content_width":"","inline_featured_image":false},"product_brand":[],"product_cat":[26,2375,2371],"product_tag":[],"class_list":{"0":"post-371374","1":"product","2":"type-product","3":"status-publish","4":"has-post-thumbnail","6":"product_cat-accesorios","7":"product_cat-punos-y-cintas-accesorios","8":"product_cat-accesorios-novedad","10":"first","11":"instock","12":"taxable","13":"shipping-taxable","14":"purchasable","15":"product-type-variable","16":"wvs-archive-product-wrapper"},"acf":[],"yoast_head":"<!-- This site is optimized with the Yoast SEO Premium plugin v26.7 (Yoast SEO v26.7) - https:\/\/yoast.com\/wordpress\/plugins\/seo\/ -->\n<title>Specialized Supacaz Bling Cinta De Manillar GR-100 SPECIALI<\/title>\n<meta name=\"description\" content=\"La colecci\u00f3n Bling trae los colores m\u00e1s brillantes a los ciclistas. Fusionando rendimiento y estilo, las cintas Supacaz son el sue\u00f1o\" \/>\n<meta name=\"robots\" content=\"index, follow, max-snippet:-1, max-image-preview:large, max-video-preview:-1\" \/>\n<link rel=\"canonical\" href=\"https:\/\/gr-100.com\/producto\/specialized-supacaz-bling-cinta-de-manillar\/\" \/>\n<meta property=\"og:locale\" content=\"en_US\" \/>\n<meta property=\"og:type\" content=\"article\" \/>\n<meta property=\"og:title\" content=\"Specialized Supacaz Bling Cinta De Manillar\" \/>\n<meta property=\"og:description\" content=\"La colecci\u00f3n Bling trae los colores m\u00e1s brillantes a los ciclistas. Fusionando rendimiento y estilo, las cintas Supacaz son el sue\u00f1o\" \/>\n<meta property=\"og:url\" content=\"https:\/\/gr-100.com\/producto\/specialized-supacaz-bling-cinta-de-manillar\/\" \/>\n<meta property=\"og:site_name\" content=\"Gr-100 Tienda de ciclismo Specialized\" \/>\n<meta property=\"article:publisher\" content=\"https:\/\/www.facebook.com\/Gr100Bikes\" \/>\n<meta property=\"article:modified_time\" content=\"2025-12-24T11:19:49+00:00\" \/>\n<meta property=\"og:image\" content=\"https:\/\/gr-100.com\/wp-content\/uploads\/2024\/05\/11-Screenshot-of-Specialize-1-2.jpg\" \/>\n\t<meta property=\"og:image:width\" content=\"1000\" \/>\n\t<meta property=\"og:image:height\" content=\"1000\" \/>\n\t<meta property=\"og:image:type\" content=\"image\/jpeg\" \/>\n<meta name=\"twitter:card\" content=\"summary_large_image\" \/>\n<meta name=\"twitter:label1\" content=\"Est. reading time\" \/>\n\t<meta name=\"twitter:data1\" content=\"1 minute\" \/>\n<script type=\"application\/ld+json\" class=\"yoast-schema-graph\">{\"@context\":\"https:\/\/schema.org\",\"@graph\":[{\"@type\":\"WebPage\",\"@id\":\"https:\/\/gr-100.com\/producto\/specialized-supacaz-bling-cinta-de-manillar\/\",\"url\":\"https:\/\/gr-100.com\/producto\/specialized-supacaz-bling-cinta-de-manillar\/\",\"name\":\"Specialized Supacaz Bling Cinta De Manillar GR-100 SPECIALI\",\"isPartOf\":{\"@id\":\"https:\/\/gr-100.com\/#website\"},\"primaryImageOfPage\":{\"@id\":\"https:\/\/gr-100.com\/producto\/specialized-supacaz-bling-cinta-de-manillar\/#primaryimage\"},\"image\":{\"@id\":\"https:\/\/gr-100.com\/producto\/specialized-supacaz-bling-cinta-de-manillar\/#primaryimage\"},\"thumbnailUrl\":\"https:\/\/gr-100.com\/wp-content\/uploads\/2024\/05\/11-Screenshot-of-Specialize-1-2.jpg\",\"datePublished\":\"2024-07-01T09:06:03+00:00\",\"dateModified\":\"2025-12-24T11:19:49+00:00\",\"description\":\"La colecci\u00f3n Bling trae los colores m\u00e1s brillantes a los ciclistas. Fusionando rendimiento y estilo, las cintas Supacaz son el sue\u00f1o\",\"breadcrumb\":{\"@id\":\"https:\/\/gr-100.com\/producto\/specialized-supacaz-bling-cinta-de-manillar\/#breadcrumb\"},\"inLanguage\":\"en-US\",\"potentialAction\":[{\"@type\":\"ReadAction\",\"target\":[\"https:\/\/gr-100.com\/producto\/specialized-supacaz-bling-cinta-de-manillar\/\"]}]},{\"@type\":\"ImageObject\",\"inLanguage\":\"en-US\",\"@id\":\"https:\/\/gr-100.com\/producto\/specialized-supacaz-bling-cinta-de-manillar\/#primaryimage\",\"url\":\"https:\/\/gr-100.com\/wp-content\/uploads\/2024\/05\/11-Screenshot-of-Specialize-1-2.jpg\",\"contentUrl\":\"https:\/\/gr-100.com\/wp-content\/uploads\/2024\/05\/11-Screenshot-of-Specialize-1-2.jpg\",\"width\":1000,\"height\":1000},{\"@type\":\"BreadcrumbList\",\"@id\":\"https:\/\/gr-100.com\/producto\/specialized-supacaz-bling-cinta-de-manillar\/#breadcrumb\",\"itemListElement\":[{\"@type\":\"ListItem\",\"position\":1,\"name\":\"Portada\",\"item\":\"https:\/\/gr-100.com\/pt-pt\/\"},{\"@type\":\"ListItem\",\"position\":2,\"name\":\"Productos\",\"item\":\"https:\/\/gr-100.com\/?post_type=product\"},{\"@type\":\"ListItem\",\"position\":3,\"name\":\"Specialized Supacaz Bling Cinta De Manillar\"}]},{\"@type\":\"WebSite\",\"@id\":\"https:\/\/gr-100.com\/#website\",\"url\":\"https:\/\/gr-100.com\/\",\"name\":\"Gr-100 Tienda de ciclismo Specialized\",\"description\":\"GR-100 tenemos todas las gamas de bicicletas Specialized al mejor precio.\",\"publisher\":{\"@id\":\"https:\/\/gr-100.com\/#organization\"},\"alternateName\":\"Gr-100 Bikes\",\"potentialAction\":[{\"@type\":\"SearchAction\",\"target\":{\"@type\":\"EntryPoint\",\"urlTemplate\":\"https:\/\/gr-100.com\/?s={search_term_string}\"},\"query-input\":{\"@type\":\"PropertyValueSpecification\",\"valueRequired\":true,\"valueName\":\"search_term_string\"}}],\"inLanguage\":\"en-US\"},{\"@type\":\"Organization\",\"@id\":\"https:\/\/gr-100.com\/#organization\",\"name\":\"Gr-100\",\"url\":\"https:\/\/gr-100.com\/\",\"logo\":{\"@type\":\"ImageObject\",\"inLanguage\":\"en-US\",\"@id\":\"https:\/\/gr-100.com\/#\/schema\/logo\/image\/\",\"url\":\"https:\/\/gr-100.com\/wp-content\/uploads\/2023\/08\/logo-gr-100-bikes.png\",\"contentUrl\":\"https:\/\/gr-100.com\/wp-content\/uploads\/2023\/08\/logo-gr-100-bikes.png\",\"width\":707,\"height\":284,\"caption\":\"Gr-100\"},\"image\":{\"@id\":\"https:\/\/gr-100.com\/#\/schema\/logo\/image\/\"},\"sameAs\":[\"https:\/\/www.facebook.com\/Gr100Bikes\",\"https:\/\/www.instagram.com\/gr100bikes\/\",\"https:\/\/www.tiktok.com\/@gr100bikes\",\"https:\/\/twitter.com\/gr100mtbteam\",\"https:\/\/www.youtube.com\/c\/GR100Specialized\"]}]}<\/script>\n<!-- \/ Yoast SEO Premium plugin. -->","yoast_head_json":{"title":"Specialized Supacaz Bling Cinta De Manillar GR-100 SPECIALI","description":"La colecci\u00f3n Bling trae los colores m\u00e1s brillantes a los ciclistas. Fusionando rendimiento y estilo, las cintas Supacaz son el sue\u00f1o","robots":{"index":"index","follow":"follow","max-snippet":"max-snippet:-1","max-image-preview":"max-image-preview:large","max-video-preview":"max-video-preview:-1"},"canonical":"https:\/\/gr-100.com\/producto\/specialized-supacaz-bling-cinta-de-manillar\/","og_locale":"en_US","og_type":"article","og_title":"Specialized Supacaz Bling Cinta De Manillar","og_description":"La colecci\u00f3n Bling trae los colores m\u00e1s brillantes a los ciclistas. Fusionando rendimiento y estilo, las cintas Supacaz son el sue\u00f1o","og_url":"https:\/\/gr-100.com\/producto\/specialized-supacaz-bling-cinta-de-manillar\/","og_site_name":"Gr-100 Tienda de ciclismo Specialized","article_publisher":"https:\/\/www.facebook.com\/Gr100Bikes","article_modified_time":"2025-12-24T11:19:49+00:00","og_image":[{"width":1000,"height":1000,"url":"https:\/\/gr-100.com\/wp-content\/uploads\/2024\/05\/11-Screenshot-of-Specialize-1-2.jpg","type":"image\/jpeg"}],"twitter_card":"summary_large_image","twitter_misc":{"Est. reading time":"1 minute"},"schema":{"@context":"https:\/\/schema.org","@graph":[{"@type":"WebPage","@id":"https:\/\/gr-100.com\/producto\/specialized-supacaz-bling-cinta-de-manillar\/","url":"https:\/\/gr-100.com\/producto\/specialized-supacaz-bling-cinta-de-manillar\/","name":"Specialized Supacaz Bling Cinta De Manillar GR-100 SPECIALI","isPartOf":{"@id":"https:\/\/gr-100.com\/#website"},"primaryImageOfPage":{"@id":"https:\/\/gr-100.com\/producto\/specialized-supacaz-bling-cinta-de-manillar\/#primaryimage"},"image":{"@id":"https:\/\/gr-100.com\/producto\/specialized-supacaz-bling-cinta-de-manillar\/#primaryimage"},"thumbnailUrl":"https:\/\/gr-100.com\/wp-content\/uploads\/2024\/05\/11-Screenshot-of-Specialize-1-2.jpg","datePublished":"2024-07-01T09:06:03+00:00","dateModified":"2025-12-24T11:19:49+00:00","description":"La colecci\u00f3n Bling trae los colores m\u00e1s brillantes a los ciclistas. Fusionando rendimiento y estilo, las cintas Supacaz son el sue\u00f1o","breadcrumb":{"@id":"https:\/\/gr-100.com\/producto\/specialized-supacaz-bling-cinta-de-manillar\/#breadcrumb"},"inLanguage":"en-US","potentialAction":[{"@type":"ReadAction","target":["https:\/\/gr-100.com\/producto\/specialized-supacaz-bling-cinta-de-manillar\/"]}]},{"@type":"ImageObject","inLanguage":"en-US","@id":"https:\/\/gr-100.com\/producto\/specialized-supacaz-bling-cinta-de-manillar\/#primaryimage","url":"https:\/\/gr-100.com\/wp-content\/uploads\/2024\/05\/11-Screenshot-of-Specialize-1-2.jpg","contentUrl":"https:\/\/gr-100.com\/wp-content\/uploads\/2024\/05\/11-Screenshot-of-Specialize-1-2.jpg","width":1000,"height":1000},{"@type":"BreadcrumbList","@id":"https:\/\/gr-100.com\/producto\/specialized-supacaz-bling-cinta-de-manillar\/#breadcrumb","itemListElement":[{"@type":"ListItem","position":1,"name":"Portada","item":"https:\/\/gr-100.com\/pt-pt\/"},{"@type":"ListItem","position":2,"name":"Productos","item":"https:\/\/gr-100.com\/?post_type=product"},{"@type":"ListItem","position":3,"name":"Specialized Supacaz Bling Cinta De Manillar"}]},{"@type":"WebSite","@id":"https:\/\/gr-100.com\/#website","url":"https:\/\/gr-100.com\/","name":"Gr-100 Tienda de ciclismo Specialized","description":"GR-100 tenemos todas las gamas de bicicletas Specialized al mejor precio.","publisher":{"@id":"https:\/\/gr-100.com\/#organization"},"alternateName":"Gr-100 Bikes","potentialAction":[{"@type":"SearchAction","target":{"@type":"EntryPoint","urlTemplate":"https:\/\/gr-100.com\/?s={search_term_string}"},"query-input":{"@type":"PropertyValueSpecification","valueRequired":true,"valueName":"search_term_string"}}],"inLanguage":"en-US"},{"@type":"Organization","@id":"https:\/\/gr-100.com\/#organization","name":"Gr-100","url":"https:\/\/gr-100.com\/","logo":{"@type":"ImageObject","inLanguage":"en-US","@id":"https:\/\/gr-100.com\/#\/schema\/logo\/image\/","url":"https:\/\/gr-100.com\/wp-content\/uploads\/2023\/08\/logo-gr-100-bikes.png","contentUrl":"https:\/\/gr-100.com\/wp-content\/uploads\/2023\/08\/logo-gr-100-bikes.png","width":707,"height":284,"caption":"Gr-100"},"image":{"@id":"https:\/\/gr-100.com\/#\/schema\/logo\/image\/"},"sameAs":["https:\/\/www.facebook.com\/Gr100Bikes","https:\/\/www.instagram.com\/gr100bikes\/","https:\/\/www.tiktok.com\/@gr100bikes","https:\/\/twitter.com\/gr100mtbteam","https:\/\/www.youtube.com\/c\/GR100Specialized"]}]}},"_links":{"self":[{"href":"https:\/\/gr-100.com\/en\/wp-json\/wp\/v2\/product\/371374","targetHints":{"allow":["GET"]}}],"collection":[{"href":"https:\/\/gr-100.com\/en\/wp-json\/wp\/v2\/product"}],"about":[{"href":"https:\/\/gr-100.com\/en\/wp-json\/wp\/v2\/types\/product"}],"replies":[{"embeddable":true,"href":"https:\/\/gr-100.com\/en\/wp-json\/wp\/v2\/comments?post=371374"}],"wp:featuredmedia":[{"embeddable":true,"href":"https:\/\/gr-100.com\/en\/wp-json\/wp\/v2\/media\/272952"}],"wp:attachment":[{"href":"https:\/\/gr-100.com\/en\/wp-json\/wp\/v2\/media?parent=371374"}],"wp:term":[{"taxonomy":"product_brand","embeddable":true,"href":"https:\/\/gr-100.com\/en\/wp-json\/wp\/v2\/product_brand?post=371374"},{"taxonomy":"product_cat","embeddable":true,"href":"https:\/\/gr-100.com\/en\/wp-json\/wp\/v2\/product_cat?post=371374"},{"taxonomy":"product_tag","embeddable":true,"href":"https:\/\/gr-100.com\/en\/wp-json\/wp\/v2\/product_tag?post=371374"}],"curies":[{"name":"wp","href":"https:\/\/api.w.org\/{rel}","templated":true}]}}