{"id":371387,"date":"2024-07-01T09:06:34","date_gmt":"2024-07-01T09:06:34","guid":{"rendered":"https:\/\/nuevo.gr-100.com\/producto\/specialized-supacaz-super-sticky-kush\/"},"modified":"2025-12-24T13:12:12","modified_gmt":"2025-12-24T11:12:12","slug":"specialized-supacaz-super-sticky-kush","status":"publish","type":"product","link":"https:\/\/gr-100.com\/en\/producto\/specialized-supacaz-super-sticky-kush\/","title":{"rendered":"Specialized Supacaz Super Sticky Kush"},"content":{"rendered":"<p>Super Sticky Kush es la cinta de manillar elegida por el triple campe\u00f3n mundial Peter Sagan. Fusionando rendimiento y estilo, Supacaz ofrece la \u00fanica cinta de manillar con la que vale la pena so\u00f1ar. Afirmamos audazmente que Super Sticky Kush es la mejor cinta de manillar de todos los tiempos. La serie Galaxy agrega el color justo para mezclar o combinar con cualquier bicicleta.<\/p>\n<p>CARACTERISTICAS:<\/p>\n<ul>\n<li>PU Super Sticky (capa superior): tacto superior y flexible con un rendimiento duradero. Poliuretano extremadamente avanzado que permanece ajustado en condiciones de humedad. Muy resistente a los rayos UV, al clima y al sudor.<\/li>\n<li>Kush Foam (capa intermedia): compuesto exclusivo que maximiza la humectaci\u00f3n a trav\u00e9s de una nano cantidad de espuma. Cualidades de absorci\u00f3n de impactos que mejoran dr\u00e1sticamente el manejo de la bicicleta en las curvas, cuesta abajo y en condiciones dif\u00edciles.<\/li>\n<li>Relieve: La cinta se completa con el grabado del querido patr\u00f3n Supacaz. El relieve crea la apariencia \u00fanica de Supacaz y elimina la humedad, lo que maximiza el agarre.<\/li>\n<li>Star Plugz: Tapones de barra de aluminio Atornille y expanda (3 mm) Logotipo grabado con l\u00e1ser anodizado o recubierto de polvo<\/li>\n<li>Cinta de acabado: Cinta de goma de alta gama (multiusos) Patr\u00f3n Supacaz Impresi\u00f3n de escarcha<\/li>\n<\/ul>\n","protected":false},"excerpt":{"rendered":"<p>Super Sticky Kush es la cinta de manillar elegida por el triple campe\u00f3n mundial Peter Sagan. La serie Galaxy agrega el color justo para mezclar o combinar con cualquier bicicleta.<\/p>\n","protected":false},"featured_media":272979,"comment_status":"closed","ping_status":"closed","template":"","meta":{"_acf_changed":false,"_et_pb_use_builder":"","_et_pb_old_content":"","_et_gb_content_width":"","inline_featured_image":false},"product_brand":[],"product_cat":[26,2375,2371],"product_tag":[],"class_list":{"0":"post-371387","1":"product","2":"type-product","3":"status-publish","4":"has-post-thumbnail","6":"product_cat-accesorios","7":"product_cat-punos-y-cintas-accesorios","8":"product_cat-accesorios-novedad","10":"first","11":"instock","12":"taxable","13":"shipping-taxable","14":"purchasable","15":"product-type-variable","16":"wvs-archive-product-wrapper"},"acf":[],"yoast_head":"<!-- This site is optimized with the Yoast SEO Premium plugin v26.7 (Yoast SEO v26.7) - https:\/\/yoast.com\/wordpress\/plugins\/seo\/ -->\n<title>Specialized Supacaz Super Sticky Kush GR-100 CINTA<\/title>\n<meta name=\"description\" content=\"Super Sticky Kush es la cinta de manillar elegida por el triple campe\u00f3n mundial Peter Sagan. Fusionando rendimiento y estilo\" \/>\n<meta name=\"robots\" content=\"index, follow, max-snippet:-1, max-image-preview:large, max-video-preview:-1\" \/>\n<link rel=\"canonical\" href=\"https:\/\/gr-100.com\/producto\/specialized-supacaz-super-sticky-kush\/\" \/>\n<meta property=\"og:locale\" content=\"en_US\" \/>\n<meta property=\"og:type\" content=\"article\" \/>\n<meta property=\"og:title\" content=\"Specialized Supacaz Super Sticky Kush\" \/>\n<meta property=\"og:description\" content=\"Super Sticky Kush es la cinta de manillar elegida por el triple campe\u00f3n mundial Peter Sagan. Fusionando rendimiento y estilo\" \/>\n<meta property=\"og:url\" content=\"https:\/\/gr-100.com\/producto\/specialized-supacaz-super-sticky-kush\/\" \/>\n<meta property=\"og:site_name\" content=\"Gr-100 Tienda de ciclismo Specialized\" \/>\n<meta property=\"article:publisher\" content=\"https:\/\/www.facebook.com\/Gr100Bikes\" \/>\n<meta property=\"article:modified_time\" content=\"2025-12-24T11:12:12+00:00\" \/>\n<meta property=\"og:image\" content=\"https:\/\/gr-100.com\/wp-content\/uploads\/2024\/05\/33-Screenshot-of-Specialize-1-1.jpg\" \/>\n\t<meta property=\"og:image:width\" content=\"1000\" \/>\n\t<meta property=\"og:image:height\" content=\"1000\" \/>\n\t<meta property=\"og:image:type\" content=\"image\/jpeg\" \/>\n<meta name=\"twitter:card\" content=\"summary_large_image\" \/>\n<meta name=\"twitter:label1\" content=\"Est. reading time\" \/>\n\t<meta name=\"twitter:data1\" content=\"2 minutes\" \/>\n<script type=\"application\/ld+json\" class=\"yoast-schema-graph\">{\"@context\":\"https:\/\/schema.org\",\"@graph\":[{\"@type\":\"WebPage\",\"@id\":\"https:\/\/gr-100.com\/producto\/specialized-supacaz-super-sticky-kush\/\",\"url\":\"https:\/\/gr-100.com\/producto\/specialized-supacaz-super-sticky-kush\/\",\"name\":\"Specialized Supacaz Super Sticky Kush GR-100 CINTA\",\"isPartOf\":{\"@id\":\"https:\/\/gr-100.com\/#website\"},\"primaryImageOfPage\":{\"@id\":\"https:\/\/gr-100.com\/producto\/specialized-supacaz-super-sticky-kush\/#primaryimage\"},\"image\":{\"@id\":\"https:\/\/gr-100.com\/producto\/specialized-supacaz-super-sticky-kush\/#primaryimage\"},\"thumbnailUrl\":\"https:\/\/gr-100.com\/wp-content\/uploads\/2024\/05\/33-Screenshot-of-Specialize-1-1.jpg\",\"datePublished\":\"2024-07-01T09:06:34+00:00\",\"dateModified\":\"2025-12-24T11:12:12+00:00\",\"description\":\"Super Sticky Kush es la cinta de manillar elegida por el triple campe\u00f3n mundial Peter Sagan. Fusionando rendimiento y estilo\",\"breadcrumb\":{\"@id\":\"https:\/\/gr-100.com\/producto\/specialized-supacaz-super-sticky-kush\/#breadcrumb\"},\"inLanguage\":\"en-US\",\"potentialAction\":[{\"@type\":\"ReadAction\",\"target\":[\"https:\/\/gr-100.com\/producto\/specialized-supacaz-super-sticky-kush\/\"]}]},{\"@type\":\"ImageObject\",\"inLanguage\":\"en-US\",\"@id\":\"https:\/\/gr-100.com\/producto\/specialized-supacaz-super-sticky-kush\/#primaryimage\",\"url\":\"https:\/\/gr-100.com\/wp-content\/uploads\/2024\/05\/33-Screenshot-of-Specialize-1-1.jpg\",\"contentUrl\":\"https:\/\/gr-100.com\/wp-content\/uploads\/2024\/05\/33-Screenshot-of-Specialize-1-1.jpg\",\"width\":1000,\"height\":1000},{\"@type\":\"BreadcrumbList\",\"@id\":\"https:\/\/gr-100.com\/producto\/specialized-supacaz-super-sticky-kush\/#breadcrumb\",\"itemListElement\":[{\"@type\":\"ListItem\",\"position\":1,\"name\":\"Portada\",\"item\":\"https:\/\/gr-100.com\/pt-pt\/\"},{\"@type\":\"ListItem\",\"position\":2,\"name\":\"Productos\",\"item\":\"https:\/\/gr-100.com\/?post_type=product\"},{\"@type\":\"ListItem\",\"position\":3,\"name\":\"Specialized Supacaz Super Sticky Kush\"}]},{\"@type\":\"WebSite\",\"@id\":\"https:\/\/gr-100.com\/#website\",\"url\":\"https:\/\/gr-100.com\/\",\"name\":\"Gr-100 Tienda de ciclismo Specialized\",\"description\":\"GR-100 tenemos todas las gamas de bicicletas Specialized al mejor precio.\",\"publisher\":{\"@id\":\"https:\/\/gr-100.com\/#organization\"},\"alternateName\":\"Gr-100 Bikes\",\"potentialAction\":[{\"@type\":\"SearchAction\",\"target\":{\"@type\":\"EntryPoint\",\"urlTemplate\":\"https:\/\/gr-100.com\/?s={search_term_string}\"},\"query-input\":{\"@type\":\"PropertyValueSpecification\",\"valueRequired\":true,\"valueName\":\"search_term_string\"}}],\"inLanguage\":\"en-US\"},{\"@type\":\"Organization\",\"@id\":\"https:\/\/gr-100.com\/#organization\",\"name\":\"Gr-100\",\"url\":\"https:\/\/gr-100.com\/\",\"logo\":{\"@type\":\"ImageObject\",\"inLanguage\":\"en-US\",\"@id\":\"https:\/\/gr-100.com\/#\/schema\/logo\/image\/\",\"url\":\"https:\/\/gr-100.com\/wp-content\/uploads\/2023\/08\/logo-gr-100-bikes.png\",\"contentUrl\":\"https:\/\/gr-100.com\/wp-content\/uploads\/2023\/08\/logo-gr-100-bikes.png\",\"width\":707,\"height\":284,\"caption\":\"Gr-100\"},\"image\":{\"@id\":\"https:\/\/gr-100.com\/#\/schema\/logo\/image\/\"},\"sameAs\":[\"https:\/\/www.facebook.com\/Gr100Bikes\",\"https:\/\/www.instagram.com\/gr100bikes\/\",\"https:\/\/www.tiktok.com\/@gr100bikes\",\"https:\/\/twitter.com\/gr100mtbteam\",\"https:\/\/www.youtube.com\/c\/GR100Specialized\"]}]}<\/script>\n<!-- \/ Yoast SEO Premium plugin. -->","yoast_head_json":{"title":"Specialized Supacaz Super Sticky Kush GR-100 CINTA","description":"Super Sticky Kush es la cinta de manillar elegida por el triple campe\u00f3n mundial Peter Sagan. Fusionando rendimiento y estilo","robots":{"index":"index","follow":"follow","max-snippet":"max-snippet:-1","max-image-preview":"max-image-preview:large","max-video-preview":"max-video-preview:-1"},"canonical":"https:\/\/gr-100.com\/producto\/specialized-supacaz-super-sticky-kush\/","og_locale":"en_US","og_type":"article","og_title":"Specialized Supacaz Super Sticky Kush","og_description":"Super Sticky Kush es la cinta de manillar elegida por el triple campe\u00f3n mundial Peter Sagan. Fusionando rendimiento y estilo","og_url":"https:\/\/gr-100.com\/producto\/specialized-supacaz-super-sticky-kush\/","og_site_name":"Gr-100 Tienda de ciclismo Specialized","article_publisher":"https:\/\/www.facebook.com\/Gr100Bikes","article_modified_time":"2025-12-24T11:12:12+00:00","og_image":[{"width":1000,"height":1000,"url":"https:\/\/gr-100.com\/wp-content\/uploads\/2024\/05\/33-Screenshot-of-Specialize-1-1.jpg","type":"image\/jpeg"}],"twitter_card":"summary_large_image","twitter_misc":{"Est. reading time":"2 minutes"},"schema":{"@context":"https:\/\/schema.org","@graph":[{"@type":"WebPage","@id":"https:\/\/gr-100.com\/producto\/specialized-supacaz-super-sticky-kush\/","url":"https:\/\/gr-100.com\/producto\/specialized-supacaz-super-sticky-kush\/","name":"Specialized Supacaz Super Sticky Kush GR-100 CINTA","isPartOf":{"@id":"https:\/\/gr-100.com\/#website"},"primaryImageOfPage":{"@id":"https:\/\/gr-100.com\/producto\/specialized-supacaz-super-sticky-kush\/#primaryimage"},"image":{"@id":"https:\/\/gr-100.com\/producto\/specialized-supacaz-super-sticky-kush\/#primaryimage"},"thumbnailUrl":"https:\/\/gr-100.com\/wp-content\/uploads\/2024\/05\/33-Screenshot-of-Specialize-1-1.jpg","datePublished":"2024-07-01T09:06:34+00:00","dateModified":"2025-12-24T11:12:12+00:00","description":"Super Sticky Kush es la cinta de manillar elegida por el triple campe\u00f3n mundial Peter Sagan. Fusionando rendimiento y estilo","breadcrumb":{"@id":"https:\/\/gr-100.com\/producto\/specialized-supacaz-super-sticky-kush\/#breadcrumb"},"inLanguage":"en-US","potentialAction":[{"@type":"ReadAction","target":["https:\/\/gr-100.com\/producto\/specialized-supacaz-super-sticky-kush\/"]}]},{"@type":"ImageObject","inLanguage":"en-US","@id":"https:\/\/gr-100.com\/producto\/specialized-supacaz-super-sticky-kush\/#primaryimage","url":"https:\/\/gr-100.com\/wp-content\/uploads\/2024\/05\/33-Screenshot-of-Specialize-1-1.jpg","contentUrl":"https:\/\/gr-100.com\/wp-content\/uploads\/2024\/05\/33-Screenshot-of-Specialize-1-1.jpg","width":1000,"height":1000},{"@type":"BreadcrumbList","@id":"https:\/\/gr-100.com\/producto\/specialized-supacaz-super-sticky-kush\/#breadcrumb","itemListElement":[{"@type":"ListItem","position":1,"name":"Portada","item":"https:\/\/gr-100.com\/pt-pt\/"},{"@type":"ListItem","position":2,"name":"Productos","item":"https:\/\/gr-100.com\/?post_type=product"},{"@type":"ListItem","position":3,"name":"Specialized Supacaz Super Sticky Kush"}]},{"@type":"WebSite","@id":"https:\/\/gr-100.com\/#website","url":"https:\/\/gr-100.com\/","name":"Gr-100 Tienda de ciclismo Specialized","description":"GR-100 tenemos todas las gamas de bicicletas Specialized al mejor precio.","publisher":{"@id":"https:\/\/gr-100.com\/#organization"},"alternateName":"Gr-100 Bikes","potentialAction":[{"@type":"SearchAction","target":{"@type":"EntryPoint","urlTemplate":"https:\/\/gr-100.com\/?s={search_term_string}"},"query-input":{"@type":"PropertyValueSpecification","valueRequired":true,"valueName":"search_term_string"}}],"inLanguage":"en-US"},{"@type":"Organization","@id":"https:\/\/gr-100.com\/#organization","name":"Gr-100","url":"https:\/\/gr-100.com\/","logo":{"@type":"ImageObject","inLanguage":"en-US","@id":"https:\/\/gr-100.com\/#\/schema\/logo\/image\/","url":"https:\/\/gr-100.com\/wp-content\/uploads\/2023\/08\/logo-gr-100-bikes.png","contentUrl":"https:\/\/gr-100.com\/wp-content\/uploads\/2023\/08\/logo-gr-100-bikes.png","width":707,"height":284,"caption":"Gr-100"},"image":{"@id":"https:\/\/gr-100.com\/#\/schema\/logo\/image\/"},"sameAs":["https:\/\/www.facebook.com\/Gr100Bikes","https:\/\/www.instagram.com\/gr100bikes\/","https:\/\/www.tiktok.com\/@gr100bikes","https:\/\/twitter.com\/gr100mtbteam","https:\/\/www.youtube.com\/c\/GR100Specialized"]}]}},"_links":{"self":[{"href":"https:\/\/gr-100.com\/en\/wp-json\/wp\/v2\/product\/371387","targetHints":{"allow":["GET"]}}],"collection":[{"href":"https:\/\/gr-100.com\/en\/wp-json\/wp\/v2\/product"}],"about":[{"href":"https:\/\/gr-100.com\/en\/wp-json\/wp\/v2\/types\/product"}],"replies":[{"embeddable":true,"href":"https:\/\/gr-100.com\/en\/wp-json\/wp\/v2\/comments?post=371387"}],"wp:featuredmedia":[{"embeddable":true,"href":"https:\/\/gr-100.com\/en\/wp-json\/wp\/v2\/media\/272979"}],"wp:attachment":[{"href":"https:\/\/gr-100.com\/en\/wp-json\/wp\/v2\/media?parent=371387"}],"wp:term":[{"taxonomy":"product_brand","embeddable":true,"href":"https:\/\/gr-100.com\/en\/wp-json\/wp\/v2\/product_brand?post=371387"},{"taxonomy":"product_cat","embeddable":true,"href":"https:\/\/gr-100.com\/en\/wp-json\/wp\/v2\/product_cat?post=371387"},{"taxonomy":"product_tag","embeddable":true,"href":"https:\/\/gr-100.com\/en\/wp-json\/wp\/v2\/product_tag?post=371387"}],"curies":[{"name":"wp","href":"https:\/\/api.w.org\/{rel}","templated":true}]}}