{"id":371749,"date":"2024-07-01T09:24:43","date_gmt":"2024-07-01T09:24:43","guid":{"rendered":"https:\/\/nuevo.gr-100.com\/producto\/priority-pack-grupo-shimano-dura-ace-di2-r9250\/"},"modified":"2025-11-27T11:00:17","modified_gmt":"2025-11-27T09:00:17","slug":"priority-pack-grupo-shimano-dura-ace-di2-r9250","status":"publish","type":"product","link":"https:\/\/gr-100.com\/en\/producto\/priority-pack-grupo-shimano-dura-ace-di2-r9250\/","title":{"rendered":"Priority Pack Grupo Shimano Dura-ace Di2 R9250"},"content":{"rendered":"<p>Priority Pack Shimano Dura-Ace R9250 Di2 2&#215;12, compuesto por:<\/p>\n<p>&#8211; 1 x Juego de bielas Shimano Dura-Ace (FC-R9200)- 172.5mm<br \/>\n&#8211; 1 x Sistema de cambios Shimano Dura-Ace Di2 (RD-R9250)<br \/>\n&#8211; 1 x Desviador Shimano Dura-Ace Di2 (FD-R9250)<br \/>\n&#8211; 1 x Bater\u00eda Shimano Di2 (BT-DN300)<br \/>\n&#8211; 1 x Cable de carga Shimano Di2 (EW-EC300)<br \/>\n&#8211; 2 x Cable Shimano Di2 (EW-SD300-I)<br \/>\n&#8211; 1 x Cassette Shimano Dura-Ace (CS-R9200)- 11\/32<br \/>\n&#8211; 1 x Cadena Shimano XTR Quick-Link (CN-M9100)<br \/>\n&#8211; 1 Par de frenos de disco Shimano Dura-Ace BR-R9270 + Dura-Ace Di2 ST-R9270, RD y RT<br \/>\n&#8211; 1 x Cable de frenos Shimano 1000 mm (RD)<br \/>\n&#8211; 1 x Cable de frenos Shimano 1700 mm (RT)<br \/>\n&#8211; 2 Par de pastillas Shimano L03A<br \/>\n&#8211; 2 x Disco de frenos Shimano RT-MT900 160 mm<br \/>\n&#8211; 1 x Adaptador de frenos de disco para VR<br \/>\n&#8211; 2 x Set de conexi\u00f3n de cables con oliva (montada) e insertpin<br \/>\n&#8211; 2 x Tornillo de sujeci\u00f3n tipo A para RD<br \/>\n&#8211; 2 x Tornillo de sujeci\u00f3n de di\u00e1metro de cuadro de 25 mm para RT<br \/>\n&#8211; 1 x Anillo de bloqueo de cassettes Shimano Aluminio<br \/>\n&#8211; 1 x Cierre de cadena Shimano<br \/>\n&#8211; 1 x Herramienta de cables Shimano TL-EW300<br \/>\n&#8211; 1 x Tornillo de biela Shimano<br \/>\n&#8211; 2 x Bater\u00eda CR1632 para STIs<\/p>\n","protected":false},"excerpt":{"rendered":"<p>El nuevo Dura-Ace Di2 R9250. El grupo ofrece los cambios m\u00e1s r\u00e1pidos y precisos que ha creado nunca Shimano. Desarrollado con el concepto de dise\u00f1o Science of Speed, el grupo de componentes de la serie R9200 cuenta con una transmisi\u00f3n ultra eficiente de 12 velocidades, unas manetas inal\u00e1mbricas fiables, una ergonom\u00eda altamente refinada, nuevas ruedas, un sistema de frenos mejorado, entre otros<\/p>\n","protected":false},"featured_media":273545,"comment_status":"closed","ping_status":"closed","template":"","meta":{"_acf_changed":false,"_et_pb_use_builder":"","_et_pb_old_content":"","_et_gb_content_width":"","inline_featured_image":false},"product_brand":[],"product_cat":[25,2374],"product_tag":[],"class_list":{"0":"post-371749","1":"product","2":"type-product","3":"status-publish","4":"has-post-thumbnail","6":"product_cat-componentes","7":"product_cat-varios-componentes","8":"product_shipping_class-componentes","10":"first","11":"outofstock","12":"taxable","13":"shipping-taxable","14":"purchasable","15":"product-type-simple"},"acf":[],"yoast_head":"<!-- This site is optimized with the Yoast SEO Premium plugin v26.7 (Yoast SEO v26.7) - https:\/\/yoast.com\/wordpress\/plugins\/seo\/ -->\n<title>Priority Pack Grupo Shimano Dura-ace Di2 R9250 GR-100 R92<\/title>\n<meta name=\"description\" content=\"PRIORITY PACK GRUPO SHIMANO DURA-ACE DI2 R9250. El nuevo Dura-Ace Di2 R9250. El grupo ofrece los cambios m\u00e1s r\u00e1pidos y precisos creado.\" \/>\n<meta name=\"robots\" content=\"index, follow, max-snippet:-1, max-image-preview:large, max-video-preview:-1\" \/>\n<link rel=\"canonical\" href=\"https:\/\/gr-100.com\/producto\/priority-pack-grupo-shimano-dura-ace-di2-r9250\/\" \/>\n<meta property=\"og:locale\" content=\"en_US\" \/>\n<meta property=\"og:type\" content=\"article\" \/>\n<meta property=\"og:title\" content=\"Priority Pack Grupo Shimano Dura-ace Di2 R9250\" \/>\n<meta property=\"og:description\" content=\"PRIORITY PACK GRUPO SHIMANO DURA-ACE DI2 R9250. El nuevo Dura-Ace Di2 R9250. El grupo ofrece los cambios m\u00e1s r\u00e1pidos y precisos creado.\" \/>\n<meta property=\"og:url\" content=\"https:\/\/gr-100.com\/producto\/priority-pack-grupo-shimano-dura-ace-di2-r9250\/\" \/>\n<meta property=\"og:site_name\" content=\"Gr-100 Tienda de ciclismo Specialized\" \/>\n<meta property=\"article:publisher\" content=\"https:\/\/www.facebook.com\/Gr100Bikes\" \/>\n<meta property=\"article:modified_time\" content=\"2025-11-27T09:00:17+00:00\" \/>\n<meta property=\"og:image\" content=\"https:\/\/gr-100.com\/wp-content\/uploads\/2024\/05\/Screenshot-of-Comprar-Prior.jpg\" \/>\n\t<meta property=\"og:image:width\" content=\"1000\" \/>\n\t<meta property=\"og:image:height\" content=\"1000\" \/>\n\t<meta property=\"og:image:type\" content=\"image\/jpeg\" \/>\n<meta name=\"twitter:card\" content=\"summary_large_image\" \/>\n<meta name=\"twitter:label1\" content=\"Est. reading time\" \/>\n\t<meta name=\"twitter:data1\" content=\"2 minutes\" \/>\n<script type=\"application\/ld+json\" class=\"yoast-schema-graph\">{\"@context\":\"https:\/\/schema.org\",\"@graph\":[{\"@type\":\"WebPage\",\"@id\":\"https:\/\/gr-100.com\/producto\/priority-pack-grupo-shimano-dura-ace-di2-r9250\/\",\"url\":\"https:\/\/gr-100.com\/producto\/priority-pack-grupo-shimano-dura-ace-di2-r9250\/\",\"name\":\"Priority Pack Grupo Shimano Dura-ace Di2 R9250 GR-100 R92\",\"isPartOf\":{\"@id\":\"https:\/\/gr-100.com\/#website\"},\"primaryImageOfPage\":{\"@id\":\"https:\/\/gr-100.com\/producto\/priority-pack-grupo-shimano-dura-ace-di2-r9250\/#primaryimage\"},\"image\":{\"@id\":\"https:\/\/gr-100.com\/producto\/priority-pack-grupo-shimano-dura-ace-di2-r9250\/#primaryimage\"},\"thumbnailUrl\":\"https:\/\/gr-100.com\/wp-content\/uploads\/2024\/05\/Screenshot-of-Comprar-Prior.jpg\",\"datePublished\":\"2024-07-01T09:24:43+00:00\",\"dateModified\":\"2025-11-27T09:00:17+00:00\",\"description\":\"PRIORITY PACK GRUPO SHIMANO DURA-ACE DI2 R9250. El nuevo Dura-Ace Di2 R9250. El grupo ofrece los cambios m\u00e1s r\u00e1pidos y precisos creado.\",\"breadcrumb\":{\"@id\":\"https:\/\/gr-100.com\/producto\/priority-pack-grupo-shimano-dura-ace-di2-r9250\/#breadcrumb\"},\"inLanguage\":\"en-US\",\"potentialAction\":[{\"@type\":\"ReadAction\",\"target\":[\"https:\/\/gr-100.com\/producto\/priority-pack-grupo-shimano-dura-ace-di2-r9250\/\"]}]},{\"@type\":\"ImageObject\",\"inLanguage\":\"en-US\",\"@id\":\"https:\/\/gr-100.com\/producto\/priority-pack-grupo-shimano-dura-ace-di2-r9250\/#primaryimage\",\"url\":\"https:\/\/gr-100.com\/wp-content\/uploads\/2024\/05\/Screenshot-of-Comprar-Prior.jpg\",\"contentUrl\":\"https:\/\/gr-100.com\/wp-content\/uploads\/2024\/05\/Screenshot-of-Comprar-Prior.jpg\",\"width\":1000,\"height\":1000},{\"@type\":\"BreadcrumbList\",\"@id\":\"https:\/\/gr-100.com\/producto\/priority-pack-grupo-shimano-dura-ace-di2-r9250\/#breadcrumb\",\"itemListElement\":[{\"@type\":\"ListItem\",\"position\":1,\"name\":\"Portada\",\"item\":\"https:\/\/gr-100.com\/pt-pt\/\"},{\"@type\":\"ListItem\",\"position\":2,\"name\":\"Productos\",\"item\":\"https:\/\/gr-100.com\/?post_type=product\"},{\"@type\":\"ListItem\",\"position\":3,\"name\":\"Priority Pack Grupo Shimano Dura-ace Di2 R9250\"}]},{\"@type\":\"WebSite\",\"@id\":\"https:\/\/gr-100.com\/#website\",\"url\":\"https:\/\/gr-100.com\/\",\"name\":\"Gr-100 Tienda de ciclismo Specialized\",\"description\":\"GR-100 tenemos todas las gamas de bicicletas Specialized al mejor precio.\",\"publisher\":{\"@id\":\"https:\/\/gr-100.com\/#organization\"},\"alternateName\":\"Gr-100 Bikes\",\"potentialAction\":[{\"@type\":\"SearchAction\",\"target\":{\"@type\":\"EntryPoint\",\"urlTemplate\":\"https:\/\/gr-100.com\/?s={search_term_string}\"},\"query-input\":{\"@type\":\"PropertyValueSpecification\",\"valueRequired\":true,\"valueName\":\"search_term_string\"}}],\"inLanguage\":\"en-US\"},{\"@type\":\"Organization\",\"@id\":\"https:\/\/gr-100.com\/#organization\",\"name\":\"Gr-100\",\"url\":\"https:\/\/gr-100.com\/\",\"logo\":{\"@type\":\"ImageObject\",\"inLanguage\":\"en-US\",\"@id\":\"https:\/\/gr-100.com\/#\/schema\/logo\/image\/\",\"url\":\"https:\/\/gr-100.com\/wp-content\/uploads\/2023\/08\/logo-gr-100-bikes.png\",\"contentUrl\":\"https:\/\/gr-100.com\/wp-content\/uploads\/2023\/08\/logo-gr-100-bikes.png\",\"width\":707,\"height\":284,\"caption\":\"Gr-100\"},\"image\":{\"@id\":\"https:\/\/gr-100.com\/#\/schema\/logo\/image\/\"},\"sameAs\":[\"https:\/\/www.facebook.com\/Gr100Bikes\",\"https:\/\/www.instagram.com\/gr100bikes\/\",\"https:\/\/www.tiktok.com\/@gr100bikes\",\"https:\/\/twitter.com\/gr100mtbteam\",\"https:\/\/www.youtube.com\/c\/GR100Specialized\"]}]}<\/script>\n<!-- \/ Yoast SEO Premium plugin. -->","yoast_head_json":{"title":"Priority Pack Grupo Shimano Dura-ace Di2 R9250 GR-100 R92","description":"PRIORITY PACK GRUPO SHIMANO DURA-ACE DI2 R9250. El nuevo Dura-Ace Di2 R9250. El grupo ofrece los cambios m\u00e1s r\u00e1pidos y precisos creado.","robots":{"index":"index","follow":"follow","max-snippet":"max-snippet:-1","max-image-preview":"max-image-preview:large","max-video-preview":"max-video-preview:-1"},"canonical":"https:\/\/gr-100.com\/producto\/priority-pack-grupo-shimano-dura-ace-di2-r9250\/","og_locale":"en_US","og_type":"article","og_title":"Priority Pack Grupo Shimano Dura-ace Di2 R9250","og_description":"PRIORITY PACK GRUPO SHIMANO DURA-ACE DI2 R9250. El nuevo Dura-Ace Di2 R9250. El grupo ofrece los cambios m\u00e1s r\u00e1pidos y precisos creado.","og_url":"https:\/\/gr-100.com\/producto\/priority-pack-grupo-shimano-dura-ace-di2-r9250\/","og_site_name":"Gr-100 Tienda de ciclismo Specialized","article_publisher":"https:\/\/www.facebook.com\/Gr100Bikes","article_modified_time":"2025-11-27T09:00:17+00:00","og_image":[{"width":1000,"height":1000,"url":"https:\/\/gr-100.com\/wp-content\/uploads\/2024\/05\/Screenshot-of-Comprar-Prior.jpg","type":"image\/jpeg"}],"twitter_card":"summary_large_image","twitter_misc":{"Est. reading time":"2 minutes"},"schema":{"@context":"https:\/\/schema.org","@graph":[{"@type":"WebPage","@id":"https:\/\/gr-100.com\/producto\/priority-pack-grupo-shimano-dura-ace-di2-r9250\/","url":"https:\/\/gr-100.com\/producto\/priority-pack-grupo-shimano-dura-ace-di2-r9250\/","name":"Priority Pack Grupo Shimano Dura-ace Di2 R9250 GR-100 R92","isPartOf":{"@id":"https:\/\/gr-100.com\/#website"},"primaryImageOfPage":{"@id":"https:\/\/gr-100.com\/producto\/priority-pack-grupo-shimano-dura-ace-di2-r9250\/#primaryimage"},"image":{"@id":"https:\/\/gr-100.com\/producto\/priority-pack-grupo-shimano-dura-ace-di2-r9250\/#primaryimage"},"thumbnailUrl":"https:\/\/gr-100.com\/wp-content\/uploads\/2024\/05\/Screenshot-of-Comprar-Prior.jpg","datePublished":"2024-07-01T09:24:43+00:00","dateModified":"2025-11-27T09:00:17+00:00","description":"PRIORITY PACK GRUPO SHIMANO DURA-ACE DI2 R9250. El nuevo Dura-Ace Di2 R9250. El grupo ofrece los cambios m\u00e1s r\u00e1pidos y precisos creado.","breadcrumb":{"@id":"https:\/\/gr-100.com\/producto\/priority-pack-grupo-shimano-dura-ace-di2-r9250\/#breadcrumb"},"inLanguage":"en-US","potentialAction":[{"@type":"ReadAction","target":["https:\/\/gr-100.com\/producto\/priority-pack-grupo-shimano-dura-ace-di2-r9250\/"]}]},{"@type":"ImageObject","inLanguage":"en-US","@id":"https:\/\/gr-100.com\/producto\/priority-pack-grupo-shimano-dura-ace-di2-r9250\/#primaryimage","url":"https:\/\/gr-100.com\/wp-content\/uploads\/2024\/05\/Screenshot-of-Comprar-Prior.jpg","contentUrl":"https:\/\/gr-100.com\/wp-content\/uploads\/2024\/05\/Screenshot-of-Comprar-Prior.jpg","width":1000,"height":1000},{"@type":"BreadcrumbList","@id":"https:\/\/gr-100.com\/producto\/priority-pack-grupo-shimano-dura-ace-di2-r9250\/#breadcrumb","itemListElement":[{"@type":"ListItem","position":1,"name":"Portada","item":"https:\/\/gr-100.com\/pt-pt\/"},{"@type":"ListItem","position":2,"name":"Productos","item":"https:\/\/gr-100.com\/?post_type=product"},{"@type":"ListItem","position":3,"name":"Priority Pack Grupo Shimano Dura-ace Di2 R9250"}]},{"@type":"WebSite","@id":"https:\/\/gr-100.com\/#website","url":"https:\/\/gr-100.com\/","name":"Gr-100 Tienda de ciclismo Specialized","description":"GR-100 tenemos todas las gamas de bicicletas Specialized al mejor precio.","publisher":{"@id":"https:\/\/gr-100.com\/#organization"},"alternateName":"Gr-100 Bikes","potentialAction":[{"@type":"SearchAction","target":{"@type":"EntryPoint","urlTemplate":"https:\/\/gr-100.com\/?s={search_term_string}"},"query-input":{"@type":"PropertyValueSpecification","valueRequired":true,"valueName":"search_term_string"}}],"inLanguage":"en-US"},{"@type":"Organization","@id":"https:\/\/gr-100.com\/#organization","name":"Gr-100","url":"https:\/\/gr-100.com\/","logo":{"@type":"ImageObject","inLanguage":"en-US","@id":"https:\/\/gr-100.com\/#\/schema\/logo\/image\/","url":"https:\/\/gr-100.com\/wp-content\/uploads\/2023\/08\/logo-gr-100-bikes.png","contentUrl":"https:\/\/gr-100.com\/wp-content\/uploads\/2023\/08\/logo-gr-100-bikes.png","width":707,"height":284,"caption":"Gr-100"},"image":{"@id":"https:\/\/gr-100.com\/#\/schema\/logo\/image\/"},"sameAs":["https:\/\/www.facebook.com\/Gr100Bikes","https:\/\/www.instagram.com\/gr100bikes\/","https:\/\/www.tiktok.com\/@gr100bikes","https:\/\/twitter.com\/gr100mtbteam","https:\/\/www.youtube.com\/c\/GR100Specialized"]}]}},"_links":{"self":[{"href":"https:\/\/gr-100.com\/en\/wp-json\/wp\/v2\/product\/371749","targetHints":{"allow":["GET"]}}],"collection":[{"href":"https:\/\/gr-100.com\/en\/wp-json\/wp\/v2\/product"}],"about":[{"href":"https:\/\/gr-100.com\/en\/wp-json\/wp\/v2\/types\/product"}],"replies":[{"embeddable":true,"href":"https:\/\/gr-100.com\/en\/wp-json\/wp\/v2\/comments?post=371749"}],"wp:featuredmedia":[{"embeddable":true,"href":"https:\/\/gr-100.com\/en\/wp-json\/wp\/v2\/media\/273545"}],"wp:attachment":[{"href":"https:\/\/gr-100.com\/en\/wp-json\/wp\/v2\/media?parent=371749"}],"wp:term":[{"taxonomy":"product_brand","embeddable":true,"href":"https:\/\/gr-100.com\/en\/wp-json\/wp\/v2\/product_brand?post=371749"},{"taxonomy":"product_cat","embeddable":true,"href":"https:\/\/gr-100.com\/en\/wp-json\/wp\/v2\/product_cat?post=371749"},{"taxonomy":"product_tag","embeddable":true,"href":"https:\/\/gr-100.com\/en\/wp-json\/wp\/v2\/product_tag?post=371749"}],"curies":[{"name":"wp","href":"https:\/\/api.w.org\/{rel}","templated":true}]}}