{"id":371813,"date":"2024-07-01T09:27:19","date_gmt":"2024-07-01T09:27:19","guid":{"rendered":"https:\/\/nuevo.gr-100.com\/producto\/specialized-trail-shield\/"},"modified":"2025-12-09T14:38:34","modified_gmt":"2025-12-09T12:38:34","slug":"specialized-trail-shield","status":"publish","type":"product","link":"https:\/\/gr-100.com\/en\/producto\/specialized-trail-shield\/","title":{"rendered":"Specialized Guantes Trail Shield"},"content":{"rendered":"<ul>\n<li>Los nudillos TPU-printed proporcionan protecci\u00f3n y durabilidad para un d\u00eda \u00e9pico en el sendero.<\/li>\n<li>La palma Ax Suede proporciona durabilidad sin sacrificar la sensaci\u00f3n del manillar.<\/li>\n<li>Dedos de silicona que proporcionan un m\u00e1ximo agarre del manillar y de los frenos.<\/li>\n<li>Una toallita de tricot en el pulgar para el sudor.<\/li>\n<li>El nylon resistente, de compresi\u00f3n ligera y el\u00e1stico en el dorso, ofrece durabilidad y una enorme comodidad en el sendero.<\/li>\n<li>El pu\u00f1o de velcro proporciona un ajuste c\u00f3modo y seguro.<\/li>\n<li>Compatible con pantalla t\u00e1ctil.<\/li>\n<li>Contenido de tejido: Dorso: 95% Nylon, 5% PU; Palma: 80% Poli\u00e9ster, 20% PU Ax Suede<\/li>\n<\/ul>\n","protected":false},"excerpt":{"rendered":"<p>SPECIALIZED TRAIL SHIELD, mantiene sus manos c\u00f3modas en los caminos \u00e1speros, tienen una capa de espuma insertada en el nudillo que a\u00f1ade algo de protecci\u00f3n<\/p>\n","protected":false},"featured_media":273641,"comment_status":"closed","ping_status":"closed","template":"","meta":{"_acf_changed":false,"_et_pb_use_builder":"","_et_pb_old_content":"","_et_gb_content_width":"","inline_featured_image":false},"product_brand":[],"product_cat":[50,52],"product_tag":[],"class_list":{"0":"post-371813","1":"product","2":"type-product","3":"status-publish","4":"has-post-thumbnail","6":"product_cat-equipaciones","7":"product_cat-guantes","9":"first","10":"instock","11":"taxable","12":"shipping-taxable","13":"purchasable","14":"product-type-variable","15":"wvs-archive-product-wrapper"},"acf":[],"yoast_head":"<!-- This site is optimized with the Yoast SEO Premium plugin v26.7 (Yoast SEO v26.7) - https:\/\/yoast.com\/wordpress\/plugins\/seo\/ -->\n<title>Specialized Guantes Trail Shield GR-100<\/title>\n<meta name=\"description\" content=\"Mantiene sus manos c\u00f3modas en los caminos \u00e1speros, tienen una capa de espuma insertada en el nudillo que a\u00f1ade algo de protecci\u00f3n\" \/>\n<meta name=\"robots\" content=\"index, follow, max-snippet:-1, max-image-preview:large, max-video-preview:-1\" \/>\n<link rel=\"canonical\" href=\"https:\/\/gr-100.com\/producto\/specialized-trail-shield\/\" \/>\n<meta property=\"og:locale\" content=\"en_US\" \/>\n<meta property=\"og:type\" content=\"article\" \/>\n<meta property=\"og:title\" content=\"Specialized Guantes Trail Shield\" \/>\n<meta property=\"og:description\" content=\"Mantiene sus manos c\u00f3modas en los caminos \u00e1speros, tienen una capa de espuma insertada en el nudillo que a\u00f1ade algo de protecci\u00f3n\" \/>\n<meta property=\"og:url\" content=\"https:\/\/gr-100.com\/producto\/specialized-trail-shield\/\" \/>\n<meta property=\"og:site_name\" content=\"Gr-100 Tienda de ciclismo Specialized\" \/>\n<meta property=\"article:publisher\" content=\"https:\/\/www.facebook.com\/Gr100Bikes\" \/>\n<meta property=\"article:modified_time\" content=\"2025-12-09T12:38:34+00:00\" \/>\n<meta property=\"og:image\" content=\"https:\/\/gr-100.com\/wp-content\/uploads\/2024\/05\/DDNEGRO67121-440_GLV_TRAIL-.jpg\" \/>\n\t<meta property=\"og:image:width\" content=\"1000\" \/>\n\t<meta property=\"og:image:height\" content=\"1000\" \/>\n\t<meta property=\"og:image:type\" content=\"image\/jpeg\" \/>\n<meta name=\"twitter:card\" content=\"summary_large_image\" \/>\n<meta name=\"twitter:label1\" content=\"Est. reading time\" \/>\n\t<meta name=\"twitter:data1\" content=\"1 minute\" \/>\n<script type=\"application\/ld+json\" class=\"yoast-schema-graph\">{\"@context\":\"https:\/\/schema.org\",\"@graph\":[{\"@type\":\"WebPage\",\"@id\":\"https:\/\/gr-100.com\/producto\/specialized-trail-shield\/\",\"url\":\"https:\/\/gr-100.com\/producto\/specialized-trail-shield\/\",\"name\":\"Specialized Guantes Trail Shield GR-100\",\"isPartOf\":{\"@id\":\"https:\/\/gr-100.com\/#website\"},\"primaryImageOfPage\":{\"@id\":\"https:\/\/gr-100.com\/producto\/specialized-trail-shield\/#primaryimage\"},\"image\":{\"@id\":\"https:\/\/gr-100.com\/producto\/specialized-trail-shield\/#primaryimage\"},\"thumbnailUrl\":\"https:\/\/gr-100.com\/wp-content\/uploads\/2024\/05\/DDNEGRO67121-440_GLV_TRAIL-.jpg\",\"datePublished\":\"2024-07-01T09:27:19+00:00\",\"dateModified\":\"2025-12-09T12:38:34+00:00\",\"description\":\"Mantiene sus manos c\u00f3modas en los caminos \u00e1speros, tienen una capa de espuma insertada en el nudillo que a\u00f1ade algo de protecci\u00f3n\",\"breadcrumb\":{\"@id\":\"https:\/\/gr-100.com\/producto\/specialized-trail-shield\/#breadcrumb\"},\"inLanguage\":\"en-US\",\"potentialAction\":[{\"@type\":\"ReadAction\",\"target\":[\"https:\/\/gr-100.com\/producto\/specialized-trail-shield\/\"]}]},{\"@type\":\"ImageObject\",\"inLanguage\":\"en-US\",\"@id\":\"https:\/\/gr-100.com\/producto\/specialized-trail-shield\/#primaryimage\",\"url\":\"https:\/\/gr-100.com\/wp-content\/uploads\/2024\/05\/DDNEGRO67121-440_GLV_TRAIL-.jpg\",\"contentUrl\":\"https:\/\/gr-100.com\/wp-content\/uploads\/2024\/05\/DDNEGRO67121-440_GLV_TRAIL-.jpg\",\"width\":1000,\"height\":1000},{\"@type\":\"BreadcrumbList\",\"@id\":\"https:\/\/gr-100.com\/producto\/specialized-trail-shield\/#breadcrumb\",\"itemListElement\":[{\"@type\":\"ListItem\",\"position\":1,\"name\":\"Portada\",\"item\":\"https:\/\/gr-100.com\/pt-pt\/\"},{\"@type\":\"ListItem\",\"position\":2,\"name\":\"Productos\",\"item\":\"https:\/\/gr-100.com\/?post_type=product\"},{\"@type\":\"ListItem\",\"position\":3,\"name\":\"Specialized Guantes Trail Shield\"}]},{\"@type\":\"WebSite\",\"@id\":\"https:\/\/gr-100.com\/#website\",\"url\":\"https:\/\/gr-100.com\/\",\"name\":\"Gr-100 Tienda de ciclismo Specialized\",\"description\":\"GR-100 tenemos todas las gamas de bicicletas Specialized al mejor precio.\",\"publisher\":{\"@id\":\"https:\/\/gr-100.com\/#organization\"},\"alternateName\":\"Gr-100 Bikes\",\"potentialAction\":[{\"@type\":\"SearchAction\",\"target\":{\"@type\":\"EntryPoint\",\"urlTemplate\":\"https:\/\/gr-100.com\/?s={search_term_string}\"},\"query-input\":{\"@type\":\"PropertyValueSpecification\",\"valueRequired\":true,\"valueName\":\"search_term_string\"}}],\"inLanguage\":\"en-US\"},{\"@type\":\"Organization\",\"@id\":\"https:\/\/gr-100.com\/#organization\",\"name\":\"Gr-100\",\"url\":\"https:\/\/gr-100.com\/\",\"logo\":{\"@type\":\"ImageObject\",\"inLanguage\":\"en-US\",\"@id\":\"https:\/\/gr-100.com\/#\/schema\/logo\/image\/\",\"url\":\"https:\/\/gr-100.com\/wp-content\/uploads\/2023\/08\/logo-gr-100-bikes.png\",\"contentUrl\":\"https:\/\/gr-100.com\/wp-content\/uploads\/2023\/08\/logo-gr-100-bikes.png\",\"width\":707,\"height\":284,\"caption\":\"Gr-100\"},\"image\":{\"@id\":\"https:\/\/gr-100.com\/#\/schema\/logo\/image\/\"},\"sameAs\":[\"https:\/\/www.facebook.com\/Gr100Bikes\",\"https:\/\/www.instagram.com\/gr100bikes\/\",\"https:\/\/www.tiktok.com\/@gr100bikes\",\"https:\/\/twitter.com\/gr100mtbteam\",\"https:\/\/www.youtube.com\/c\/GR100Specialized\"]}]}<\/script>\n<!-- \/ Yoast SEO Premium plugin. -->","yoast_head_json":{"title":"Specialized Guantes Trail Shield GR-100","description":"Mantiene sus manos c\u00f3modas en los caminos \u00e1speros, tienen una capa de espuma insertada en el nudillo que a\u00f1ade algo de protecci\u00f3n","robots":{"index":"index","follow":"follow","max-snippet":"max-snippet:-1","max-image-preview":"max-image-preview:large","max-video-preview":"max-video-preview:-1"},"canonical":"https:\/\/gr-100.com\/producto\/specialized-trail-shield\/","og_locale":"en_US","og_type":"article","og_title":"Specialized Guantes Trail Shield","og_description":"Mantiene sus manos c\u00f3modas en los caminos \u00e1speros, tienen una capa de espuma insertada en el nudillo que a\u00f1ade algo de protecci\u00f3n","og_url":"https:\/\/gr-100.com\/producto\/specialized-trail-shield\/","og_site_name":"Gr-100 Tienda de ciclismo Specialized","article_publisher":"https:\/\/www.facebook.com\/Gr100Bikes","article_modified_time":"2025-12-09T12:38:34+00:00","og_image":[{"width":1000,"height":1000,"url":"https:\/\/gr-100.com\/wp-content\/uploads\/2024\/05\/DDNEGRO67121-440_GLV_TRAIL-.jpg","type":"image\/jpeg"}],"twitter_card":"summary_large_image","twitter_misc":{"Est. reading time":"1 minute"},"schema":{"@context":"https:\/\/schema.org","@graph":[{"@type":"WebPage","@id":"https:\/\/gr-100.com\/producto\/specialized-trail-shield\/","url":"https:\/\/gr-100.com\/producto\/specialized-trail-shield\/","name":"Specialized Guantes Trail Shield GR-100","isPartOf":{"@id":"https:\/\/gr-100.com\/#website"},"primaryImageOfPage":{"@id":"https:\/\/gr-100.com\/producto\/specialized-trail-shield\/#primaryimage"},"image":{"@id":"https:\/\/gr-100.com\/producto\/specialized-trail-shield\/#primaryimage"},"thumbnailUrl":"https:\/\/gr-100.com\/wp-content\/uploads\/2024\/05\/DDNEGRO67121-440_GLV_TRAIL-.jpg","datePublished":"2024-07-01T09:27:19+00:00","dateModified":"2025-12-09T12:38:34+00:00","description":"Mantiene sus manos c\u00f3modas en los caminos \u00e1speros, tienen una capa de espuma insertada en el nudillo que a\u00f1ade algo de protecci\u00f3n","breadcrumb":{"@id":"https:\/\/gr-100.com\/producto\/specialized-trail-shield\/#breadcrumb"},"inLanguage":"en-US","potentialAction":[{"@type":"ReadAction","target":["https:\/\/gr-100.com\/producto\/specialized-trail-shield\/"]}]},{"@type":"ImageObject","inLanguage":"en-US","@id":"https:\/\/gr-100.com\/producto\/specialized-trail-shield\/#primaryimage","url":"https:\/\/gr-100.com\/wp-content\/uploads\/2024\/05\/DDNEGRO67121-440_GLV_TRAIL-.jpg","contentUrl":"https:\/\/gr-100.com\/wp-content\/uploads\/2024\/05\/DDNEGRO67121-440_GLV_TRAIL-.jpg","width":1000,"height":1000},{"@type":"BreadcrumbList","@id":"https:\/\/gr-100.com\/producto\/specialized-trail-shield\/#breadcrumb","itemListElement":[{"@type":"ListItem","position":1,"name":"Portada","item":"https:\/\/gr-100.com\/pt-pt\/"},{"@type":"ListItem","position":2,"name":"Productos","item":"https:\/\/gr-100.com\/?post_type=product"},{"@type":"ListItem","position":3,"name":"Specialized Guantes Trail Shield"}]},{"@type":"WebSite","@id":"https:\/\/gr-100.com\/#website","url":"https:\/\/gr-100.com\/","name":"Gr-100 Tienda de ciclismo Specialized","description":"GR-100 tenemos todas las gamas de bicicletas Specialized al mejor precio.","publisher":{"@id":"https:\/\/gr-100.com\/#organization"},"alternateName":"Gr-100 Bikes","potentialAction":[{"@type":"SearchAction","target":{"@type":"EntryPoint","urlTemplate":"https:\/\/gr-100.com\/?s={search_term_string}"},"query-input":{"@type":"PropertyValueSpecification","valueRequired":true,"valueName":"search_term_string"}}],"inLanguage":"en-US"},{"@type":"Organization","@id":"https:\/\/gr-100.com\/#organization","name":"Gr-100","url":"https:\/\/gr-100.com\/","logo":{"@type":"ImageObject","inLanguage":"en-US","@id":"https:\/\/gr-100.com\/#\/schema\/logo\/image\/","url":"https:\/\/gr-100.com\/wp-content\/uploads\/2023\/08\/logo-gr-100-bikes.png","contentUrl":"https:\/\/gr-100.com\/wp-content\/uploads\/2023\/08\/logo-gr-100-bikes.png","width":707,"height":284,"caption":"Gr-100"},"image":{"@id":"https:\/\/gr-100.com\/#\/schema\/logo\/image\/"},"sameAs":["https:\/\/www.facebook.com\/Gr100Bikes","https:\/\/www.instagram.com\/gr100bikes\/","https:\/\/www.tiktok.com\/@gr100bikes","https:\/\/twitter.com\/gr100mtbteam","https:\/\/www.youtube.com\/c\/GR100Specialized"]}]}},"_links":{"self":[{"href":"https:\/\/gr-100.com\/en\/wp-json\/wp\/v2\/product\/371813","targetHints":{"allow":["GET"]}}],"collection":[{"href":"https:\/\/gr-100.com\/en\/wp-json\/wp\/v2\/product"}],"about":[{"href":"https:\/\/gr-100.com\/en\/wp-json\/wp\/v2\/types\/product"}],"replies":[{"embeddable":true,"href":"https:\/\/gr-100.com\/en\/wp-json\/wp\/v2\/comments?post=371813"}],"wp:featuredmedia":[{"embeddable":true,"href":"https:\/\/gr-100.com\/en\/wp-json\/wp\/v2\/media\/273641"}],"wp:attachment":[{"href":"https:\/\/gr-100.com\/en\/wp-json\/wp\/v2\/media?parent=371813"}],"wp:term":[{"taxonomy":"product_brand","embeddable":true,"href":"https:\/\/gr-100.com\/en\/wp-json\/wp\/v2\/product_brand?post=371813"},{"taxonomy":"product_cat","embeddable":true,"href":"https:\/\/gr-100.com\/en\/wp-json\/wp\/v2\/product_cat?post=371813"},{"taxonomy":"product_tag","embeddable":true,"href":"https:\/\/gr-100.com\/en\/wp-json\/wp\/v2\/product_tag?post=371813"}],"curies":[{"name":"wp","href":"https:\/\/api.w.org\/{rel}","templated":true}]}}