{"id":372514,"date":"2024-07-01T10:10:00","date_gmt":"2024-07-01T10:10:00","guid":{"rendered":"https:\/\/nuevo.gr-100.com\/producto\/specialized-power-pro-with-mirror\/"},"modified":"2026-04-10T17:53:50","modified_gmt":"2026-04-10T16:53:50","slug":"specialized-power-pro-with-mirror","status":"publish","type":"product","link":"https:\/\/gr-100.com\/en\/producto\/specialized-power-pro-with-mirror\/","title":{"rendered":"Specialized Power PRO With Mirror"},"content":{"rendered":"<p>Mirror se vuelve profesional. Nuestra tecnolog\u00eda de sill\u00edn m\u00e1s revisada, basada en dos d\u00e9cadas de investigaci\u00f3n y desarrollo dentro de Body Geometry, ahora est\u00e1 disponible gracias al sill\u00edn Power Pro. Mirando m\u00e1s all\u00e1 de la espuma, desarrollamos la tecnolog\u00eda Mirror. Al imprimir en 3D un pol\u00edmero l\u00edquido creamos una estructura de panal infinitamente ajustable, los sillines Mirror reflejan perfectamente tu anatom\u00eda para mantenerte c\u00f3modo, potente y saludable en su posici\u00f3n \u00fanica.<br \/>\nEl Power Pro con Mirror comienza con la forma del Power, el predilecto de ciclistas de todo el mundo por su canal Body Geometry extra ancho y alargado, y est\u00e1 rematado con exactamente la misma almohadilla Mirror que nuestro S-Works Power with Mirror, una matriz pendiente de patente de 14,000 puntales y 7,799 nodos, cada uno se puede ajustar individualmente para ofrecer una comodidad sin precedentes en los isquiones, y dando protecci\u00f3n a los tejidos blandos. Pero nuestro sill\u00edn de nivel profesional cuenta adem\u00e1s con railes de titanio y una base de fibra de carbono para llevar la tecnolog\u00eda Mirror a m\u00e1s ciclistas en m\u00e1s terrenos que nunca.<\/p>\n<p>La bicicleta puede ser el medio de transporte m\u00e1s sostenible jam\u00e1s creado, pero necesitamos hacer m\u00e1s. La base de carbono del sill\u00edn est\u00e1 construida con nuestro nuevo proceso de carbono recuperado. Este es nuestro primer paso en el camino hacia la producci\u00f3n de circuito cerrado, maximizando la eficiencia en la producci\u00f3n y minimizando el desperdicio. Utilizando desechos de carbono de la producci\u00f3n en f\u00e1brica, combinados con nailon inyectado, estamos construyendo una base de carbono m\u00e1s sostenible.<br \/>\nCon los ra\u00edles de titanio del Power Pro, la tecnolog\u00eda Mirror ahora es m\u00e1s duradera que nunca. Es tan fuerte que nuestra tecnolog\u00eda Mirror ahora est\u00e1 lista para el trail, as\u00ed que adelante y derriba esa brecha. Despu\u00e9s de todo, los ciclistas de senderos tambi\u00e9n tienen isquiotibiales. Tanto si montas por senderos como en carretera, subiendo o bajando, el Power Pro con Mirror te llevar\u00e1 de la forma m\u00e1s c\u00f3moda y r\u00e1pida. Es el reflejo perfecto de ti.<\/p>\n<ul>\n<li>El dise\u00f1o patentado Body Geometry est\u00e1 probado en el laboratorio para garantizar el flujo de sangre a las arterias sensibles.<\/li>\n<li>La tecnolog\u00eda Mirror utiliza la impresi\u00f3n 3D a partir de pol\u00edmero l\u00edquido para crear una estructura de panal de abeja \u00fanica en su especie que ofrece soporte y comodidad superiores para los isquiones.<\/li>\n<li>Base de fibra de carbono recuperada y nailon inyectado. 15% fibra de carbono recuperada.<\/li>\n<li>Ra\u00edles de titanio.<\/li>\n<li>Los soportes compatibles con SWAT\u2122 moldeados en la base del sill\u00edn permiten soluciones de almacenamiento elegantes e integradas.<\/li>\n<li>Talla 143 \/ Peso 240g<\/li>\n<\/ul>\n","protected":false},"excerpt":{"rendered":"<p>Mirror se vuelve profesional. Nuestra tecnolog\u00eda de sill\u00edn m\u00e1s revisada, basada en dos d\u00e9cadas de investigaci\u00f3n y desarrollo dentro de Body Geometry, ahora est\u00e1 disponible gracias al sill\u00edn Power Pro.<\/p>\n","protected":false},"featured_media":269539,"comment_status":"closed","ping_status":"closed","template":"","meta":{"_acf_changed":false,"_et_pb_use_builder":"","_et_pb_old_content":"","_et_gb_content_width":"","inline_featured_image":false},"product_brand":[],"product_cat":[25,56],"product_tag":[],"class_list":{"0":"post-372514","1":"product","2":"type-product","3":"status-publish","4":"has-post-thumbnail","6":"product_cat-componentes","7":"product_cat-sillines","8":"product_shipping_class-componentes","10":"first","11":"instock","12":"taxable","13":"shipping-taxable","14":"purchasable","15":"product-type-variable","16":"wvs-archive-product-wrapper"},"acf":[],"yoast_head":"<!-- This site is optimized with the Yoast SEO Premium plugin v26.7 (Yoast SEO v26.7) - https:\/\/yoast.com\/wordpress\/plugins\/seo\/ -->\n<title>Specialized Power PRO With Mirror - GR-100<\/title>\n<meta name=\"description\" content=\"GR 100 Specialized. Mejores precios sin competencia. Solicita tu oferta personalizada. Specialized Power PRO With Mirror.\" \/>\n<meta name=\"robots\" content=\"index, follow, max-snippet:-1, max-image-preview:large, max-video-preview:-1\" \/>\n<link rel=\"canonical\" href=\"https:\/\/gr-100.com\/producto\/specialized-power-pro-with-mirror\/\" \/>\n<meta property=\"og:locale\" content=\"en_US\" \/>\n<meta property=\"og:type\" content=\"article\" \/>\n<meta property=\"og:title\" content=\"Specialized Power PRO With Mirror\" \/>\n<meta property=\"og:description\" content=\"GR 100 Specialized. Mejores precios sin competencia. Solicita tu oferta personalizada. Specialized Power PRO With Mirror.\" \/>\n<meta property=\"og:url\" content=\"https:\/\/gr-100.com\/producto\/specialized-power-pro-with-mirror\/\" \/>\n<meta property=\"og:site_name\" content=\"Gr-100 Tienda de ciclismo Specialized\" \/>\n<meta property=\"article:publisher\" content=\"https:\/\/www.facebook.com\/Gr100Bikes\" \/>\n<meta property=\"article:modified_time\" content=\"2026-04-10T16:53:50+00:00\" \/>\n<meta property=\"og:image\" content=\"https:\/\/gr-100.com\/wp-content\/uploads\/2024\/05\/1-Screenshot-of-27122-870_S.jpg\" \/>\n\t<meta property=\"og:image:width\" content=\"1000\" \/>\n\t<meta property=\"og:image:height\" content=\"1000\" \/>\n\t<meta property=\"og:image:type\" content=\"image\/jpeg\" \/>\n<meta name=\"twitter:card\" content=\"summary_large_image\" \/>\n<meta name=\"twitter:label1\" content=\"Est. reading time\" \/>\n\t<meta name=\"twitter:data1\" content=\"3 minutes\" \/>\n<script type=\"application\/ld+json\" class=\"yoast-schema-graph\">{\"@context\":\"https:\/\/schema.org\",\"@graph\":[{\"@type\":\"WebPage\",\"@id\":\"https:\/\/gr-100.com\/producto\/specialized-power-pro-with-mirror\/\",\"url\":\"https:\/\/gr-100.com\/producto\/specialized-power-pro-with-mirror\/\",\"name\":\"Specialized Power PRO With Mirror - GR-100\",\"isPartOf\":{\"@id\":\"https:\/\/gr-100.com\/#website\"},\"primaryImageOfPage\":{\"@id\":\"https:\/\/gr-100.com\/producto\/specialized-power-pro-with-mirror\/#primaryimage\"},\"image\":{\"@id\":\"https:\/\/gr-100.com\/producto\/specialized-power-pro-with-mirror\/#primaryimage\"},\"thumbnailUrl\":\"https:\/\/gr-100.com\/wp-content\/uploads\/2024\/05\/1-Screenshot-of-27122-870_S.jpg\",\"datePublished\":\"2024-07-01T10:10:00+00:00\",\"dateModified\":\"2026-04-10T16:53:50+00:00\",\"description\":\"GR 100 Specialized. Mejores precios sin competencia. Solicita tu oferta personalizada. Specialized Power PRO With Mirror.\",\"breadcrumb\":{\"@id\":\"https:\/\/gr-100.com\/producto\/specialized-power-pro-with-mirror\/#breadcrumb\"},\"inLanguage\":\"en-US\",\"potentialAction\":[{\"@type\":\"ReadAction\",\"target\":[\"https:\/\/gr-100.com\/producto\/specialized-power-pro-with-mirror\/\"]}]},{\"@type\":\"ImageObject\",\"inLanguage\":\"en-US\",\"@id\":\"https:\/\/gr-100.com\/producto\/specialized-power-pro-with-mirror\/#primaryimage\",\"url\":\"https:\/\/gr-100.com\/wp-content\/uploads\/2024\/05\/1-Screenshot-of-27122-870_S.jpg\",\"contentUrl\":\"https:\/\/gr-100.com\/wp-content\/uploads\/2024\/05\/1-Screenshot-of-27122-870_S.jpg\",\"width\":1000,\"height\":1000},{\"@type\":\"BreadcrumbList\",\"@id\":\"https:\/\/gr-100.com\/producto\/specialized-power-pro-with-mirror\/#breadcrumb\",\"itemListElement\":[{\"@type\":\"ListItem\",\"position\":1,\"name\":\"Portada\",\"item\":\"https:\/\/gr-100.com\/pt-pt\/\"},{\"@type\":\"ListItem\",\"position\":2,\"name\":\"Productos\",\"item\":\"https:\/\/gr-100.com\/?post_type=product\"},{\"@type\":\"ListItem\",\"position\":3,\"name\":\"Specialized Power PRO With Mirror\"}]},{\"@type\":\"WebSite\",\"@id\":\"https:\/\/gr-100.com\/#website\",\"url\":\"https:\/\/gr-100.com\/\",\"name\":\"Gr-100 Tienda de ciclismo Specialized\",\"description\":\"GR-100 tenemos todas las gamas de bicicletas Specialized al mejor precio.\",\"publisher\":{\"@id\":\"https:\/\/gr-100.com\/#organization\"},\"alternateName\":\"Gr-100 Bikes\",\"potentialAction\":[{\"@type\":\"SearchAction\",\"target\":{\"@type\":\"EntryPoint\",\"urlTemplate\":\"https:\/\/gr-100.com\/?s={search_term_string}\"},\"query-input\":{\"@type\":\"PropertyValueSpecification\",\"valueRequired\":true,\"valueName\":\"search_term_string\"}}],\"inLanguage\":\"en-US\"},{\"@type\":\"Organization\",\"@id\":\"https:\/\/gr-100.com\/#organization\",\"name\":\"Gr-100\",\"url\":\"https:\/\/gr-100.com\/\",\"logo\":{\"@type\":\"ImageObject\",\"inLanguage\":\"en-US\",\"@id\":\"https:\/\/gr-100.com\/#\/schema\/logo\/image\/\",\"url\":\"https:\/\/gr-100.com\/wp-content\/uploads\/2023\/08\/logo-gr-100-bikes.png\",\"contentUrl\":\"https:\/\/gr-100.com\/wp-content\/uploads\/2023\/08\/logo-gr-100-bikes.png\",\"width\":707,\"height\":284,\"caption\":\"Gr-100\"},\"image\":{\"@id\":\"https:\/\/gr-100.com\/#\/schema\/logo\/image\/\"},\"sameAs\":[\"https:\/\/www.facebook.com\/Gr100Bikes\",\"https:\/\/www.instagram.com\/gr100bikes\/\",\"https:\/\/www.tiktok.com\/@gr100bikes\",\"https:\/\/twitter.com\/gr100mtbteam\",\"https:\/\/www.youtube.com\/c\/GR100Specialized\"]}]}<\/script>\n<!-- \/ Yoast SEO Premium plugin. -->","yoast_head_json":{"title":"Specialized Power PRO With Mirror - GR-100","description":"GR 100 Specialized. Mejores precios sin competencia. Solicita tu oferta personalizada. Specialized Power PRO With Mirror.","robots":{"index":"index","follow":"follow","max-snippet":"max-snippet:-1","max-image-preview":"max-image-preview:large","max-video-preview":"max-video-preview:-1"},"canonical":"https:\/\/gr-100.com\/producto\/specialized-power-pro-with-mirror\/","og_locale":"en_US","og_type":"article","og_title":"Specialized Power PRO With Mirror","og_description":"GR 100 Specialized. Mejores precios sin competencia. Solicita tu oferta personalizada. Specialized Power PRO With Mirror.","og_url":"https:\/\/gr-100.com\/producto\/specialized-power-pro-with-mirror\/","og_site_name":"Gr-100 Tienda de ciclismo Specialized","article_publisher":"https:\/\/www.facebook.com\/Gr100Bikes","article_modified_time":"2026-04-10T16:53:50+00:00","og_image":[{"width":1000,"height":1000,"url":"https:\/\/gr-100.com\/wp-content\/uploads\/2024\/05\/1-Screenshot-of-27122-870_S.jpg","type":"image\/jpeg"}],"twitter_card":"summary_large_image","twitter_misc":{"Est. reading time":"3 minutes"},"schema":{"@context":"https:\/\/schema.org","@graph":[{"@type":"WebPage","@id":"https:\/\/gr-100.com\/producto\/specialized-power-pro-with-mirror\/","url":"https:\/\/gr-100.com\/producto\/specialized-power-pro-with-mirror\/","name":"Specialized Power PRO With Mirror - GR-100","isPartOf":{"@id":"https:\/\/gr-100.com\/#website"},"primaryImageOfPage":{"@id":"https:\/\/gr-100.com\/producto\/specialized-power-pro-with-mirror\/#primaryimage"},"image":{"@id":"https:\/\/gr-100.com\/producto\/specialized-power-pro-with-mirror\/#primaryimage"},"thumbnailUrl":"https:\/\/gr-100.com\/wp-content\/uploads\/2024\/05\/1-Screenshot-of-27122-870_S.jpg","datePublished":"2024-07-01T10:10:00+00:00","dateModified":"2026-04-10T16:53:50+00:00","description":"GR 100 Specialized. Mejores precios sin competencia. Solicita tu oferta personalizada. Specialized Power PRO With Mirror.","breadcrumb":{"@id":"https:\/\/gr-100.com\/producto\/specialized-power-pro-with-mirror\/#breadcrumb"},"inLanguage":"en-US","potentialAction":[{"@type":"ReadAction","target":["https:\/\/gr-100.com\/producto\/specialized-power-pro-with-mirror\/"]}]},{"@type":"ImageObject","inLanguage":"en-US","@id":"https:\/\/gr-100.com\/producto\/specialized-power-pro-with-mirror\/#primaryimage","url":"https:\/\/gr-100.com\/wp-content\/uploads\/2024\/05\/1-Screenshot-of-27122-870_S.jpg","contentUrl":"https:\/\/gr-100.com\/wp-content\/uploads\/2024\/05\/1-Screenshot-of-27122-870_S.jpg","width":1000,"height":1000},{"@type":"BreadcrumbList","@id":"https:\/\/gr-100.com\/producto\/specialized-power-pro-with-mirror\/#breadcrumb","itemListElement":[{"@type":"ListItem","position":1,"name":"Portada","item":"https:\/\/gr-100.com\/pt-pt\/"},{"@type":"ListItem","position":2,"name":"Productos","item":"https:\/\/gr-100.com\/?post_type=product"},{"@type":"ListItem","position":3,"name":"Specialized Power PRO With Mirror"}]},{"@type":"WebSite","@id":"https:\/\/gr-100.com\/#website","url":"https:\/\/gr-100.com\/","name":"Gr-100 Tienda de ciclismo Specialized","description":"GR-100 tenemos todas las gamas de bicicletas Specialized al mejor precio.","publisher":{"@id":"https:\/\/gr-100.com\/#organization"},"alternateName":"Gr-100 Bikes","potentialAction":[{"@type":"SearchAction","target":{"@type":"EntryPoint","urlTemplate":"https:\/\/gr-100.com\/?s={search_term_string}"},"query-input":{"@type":"PropertyValueSpecification","valueRequired":true,"valueName":"search_term_string"}}],"inLanguage":"en-US"},{"@type":"Organization","@id":"https:\/\/gr-100.com\/#organization","name":"Gr-100","url":"https:\/\/gr-100.com\/","logo":{"@type":"ImageObject","inLanguage":"en-US","@id":"https:\/\/gr-100.com\/#\/schema\/logo\/image\/","url":"https:\/\/gr-100.com\/wp-content\/uploads\/2023\/08\/logo-gr-100-bikes.png","contentUrl":"https:\/\/gr-100.com\/wp-content\/uploads\/2023\/08\/logo-gr-100-bikes.png","width":707,"height":284,"caption":"Gr-100"},"image":{"@id":"https:\/\/gr-100.com\/#\/schema\/logo\/image\/"},"sameAs":["https:\/\/www.facebook.com\/Gr100Bikes","https:\/\/www.instagram.com\/gr100bikes\/","https:\/\/www.tiktok.com\/@gr100bikes","https:\/\/twitter.com\/gr100mtbteam","https:\/\/www.youtube.com\/c\/GR100Specialized"]}]}},"_links":{"self":[{"href":"https:\/\/gr-100.com\/en\/wp-json\/wp\/v2\/product\/372514","targetHints":{"allow":["GET"]}}],"collection":[{"href":"https:\/\/gr-100.com\/en\/wp-json\/wp\/v2\/product"}],"about":[{"href":"https:\/\/gr-100.com\/en\/wp-json\/wp\/v2\/types\/product"}],"replies":[{"embeddable":true,"href":"https:\/\/gr-100.com\/en\/wp-json\/wp\/v2\/comments?post=372514"}],"wp:featuredmedia":[{"embeddable":true,"href":"https:\/\/gr-100.com\/en\/wp-json\/wp\/v2\/media\/269539"}],"wp:attachment":[{"href":"https:\/\/gr-100.com\/en\/wp-json\/wp\/v2\/media?parent=372514"}],"wp:term":[{"taxonomy":"product_brand","embeddable":true,"href":"https:\/\/gr-100.com\/en\/wp-json\/wp\/v2\/product_brand?post=372514"},{"taxonomy":"product_cat","embeddable":true,"href":"https:\/\/gr-100.com\/en\/wp-json\/wp\/v2\/product_cat?post=372514"},{"taxonomy":"product_tag","embeddable":true,"href":"https:\/\/gr-100.com\/en\/wp-json\/wp\/v2\/product_tag?post=372514"}],"curies":[{"name":"wp","href":"https:\/\/api.w.org\/{rel}","templated":true}]}}