{"id":372581,"date":"2024-07-01T10:12:43","date_gmt":"2024-07-01T10:12:43","guid":{"rendered":"https:\/\/nuevo.gr-100.com\/producto\/roval-control-sl-29-6b-xd-2023\/"},"modified":"2025-12-18T16:41:58","modified_gmt":"2025-12-18T14:41:58","slug":"roval-control-sl-29-6b-xd-2023","status":"publish","type":"product","link":"https:\/\/gr-100.com\/en\/producto\/roval-control-sl-29-6b-xd-2023\/","title":{"rendered":"Roval Control SL 29 6B XD 2023"},"content":{"rendered":"<ul>\n<li>Tipo de llanta: Carbon clincher, 2Bliss Ready, dise\u00f1o Zero Bead Hook 4 mm FlatTop. No compatible con espuma antipinchazos de neum\u00e1ticos.<\/li>\n<li>Ancho de llanta: 29mm interno<\/li>\n<li>Buje delantero: cuerpo de aluminio, eje pasante de 15 mm x110, tapas de 19 y 31mm OD. Tama\u00f1o de disco m\u00e1ximo &lt; 200 mm<\/li>\n<li>Radiado delantero: DT Swiss Aerolite Straightpull 294 mm, 24 huecos, dos cruces.<\/li>\n<li>Buje trasero: Cuerpo de aluminio mecanizado CNC, SiNC Ceramic Bearings, partes internas DT 180 de calidad premium y cassette con sistema de trinquete de acoplamiento r\u00e1pido de 36, incluye n\u00facleo SRAM XX1 de 11 velocidades y tapas de 148. Tama\u00f1o m\u00e1ximo de disco &lt; 200 mm.<\/li>\n<li>Radiado trasero: DT Swiss Aerolite Straightpull 294 mm, 24 huecos, dos cruces<\/li>\n<li>Tipo de rodamiento: rodamientos cer\u00e1micos SiNC<\/li>\n<li>Tipo de cabecillas: DT Swiss Pro Lock Hexagonal Alloy 14mm 2.0mm<\/li>\n<li>Peso total del conjunto: 1.240 g<\/li>\n<li>L\u00edmite de peso del sistema: 125kg<\/li>\n<\/ul>\n","protected":false},"excerpt":{"rendered":"<p>Las ruedas de XC m\u00e1s r\u00e1pidas en el mundo real 1.240 gramos, es un peso obscenamente ligero cuando se habla de conjunto de ruedas de bicicleta de monta\u00f1a, el tipo de peso con el que sue\u00f1an los corredores de XC. Pero la ligereza por s\u00ed sola no es suficiente. Por lo tanto, hemos dise\u00f1ado las nuevas ruedas Control SL Sram XD &#8211; 6 tornillos para que tengan un manejo preciso, una conducci\u00f3n suave, m\u00e1s duraderas y un 22% menos probabilidades de pinchar los neum\u00e1ticos, adem\u00e1s de ser una de las ruedas de producci\u00f3n m\u00e1s ligeras del planeta.<\/p>\n","protected":false},"featured_media":274989,"comment_status":"closed","ping_status":"closed","template":"","meta":{"_acf_changed":false,"_et_pb_use_builder":"","_et_pb_old_content":"","_et_gb_content_width":"","inline_featured_image":false},"product_brand":[],"product_cat":[25,55],"product_tag":[],"class_list":{"0":"post-372581","1":"product","2":"type-product","3":"status-publish","4":"has-post-thumbnail","6":"product_cat-componentes","7":"product_cat-ruedas","8":"product_shipping_class-componentes","10":"first","11":"outofstock","12":"sale","13":"taxable","14":"shipping-taxable","15":"purchasable","16":"product-type-simple"},"acf":[],"yoast_head":"<!-- This site is optimized with the Yoast SEO Premium plugin v26.7 (Yoast SEO v26.7) - https:\/\/yoast.com\/wordpress\/plugins\/seo\/ -->\n<title>Roval Control SL 29 6B XD 2023<\/title>\n<meta name=\"description\" content=\"GR 100 Specialized. Mejores precios sin competencia. Solicita tu oferta personalizada. Producto: Roval Control SL 29 6B XD 2023.\" \/>\n<meta name=\"robots\" content=\"index, follow, max-snippet:-1, max-image-preview:large, max-video-preview:-1\" \/>\n<link rel=\"canonical\" href=\"https:\/\/gr-100.com\/producto\/roval-control-sl-29-6b-xd-2023\/\" \/>\n<meta property=\"og:locale\" content=\"en_US\" \/>\n<meta property=\"og:type\" content=\"article\" \/>\n<meta property=\"og:title\" content=\"Roval Control SL 29 6B XD 2023\" \/>\n<meta property=\"og:description\" content=\"GR 100 Specialized. Mejores precios sin competencia. Solicita tu oferta personalizada. Producto: Roval Control SL 29 6B XD 2023.\" \/>\n<meta property=\"og:url\" content=\"https:\/\/gr-100.com\/producto\/roval-control-sl-29-6b-xd-2023\/\" \/>\n<meta property=\"og:site_name\" content=\"Gr-100 Tienda de ciclismo Specialized\" \/>\n<meta property=\"article:publisher\" content=\"https:\/\/www.facebook.com\/Gr100Bikes\" \/>\n<meta property=\"article:modified_time\" content=\"2025-12-18T14:41:58+00:00\" \/>\n<meta property=\"og:image\" content=\"https:\/\/gr-100.com\/wp-content\/uploads\/2024\/05\/ROV-CON30121-200_WHL_CONTRO.jpg\" \/>\n\t<meta property=\"og:image:width\" content=\"1000\" \/>\n\t<meta property=\"og:image:height\" content=\"1000\" \/>\n\t<meta property=\"og:image:type\" content=\"image\/jpeg\" \/>\n<meta name=\"twitter:card\" content=\"summary_large_image\" \/>\n<meta name=\"twitter:label1\" content=\"Est. reading time\" \/>\n\t<meta name=\"twitter:data1\" content=\"1 minute\" \/>\n<script type=\"application\/ld+json\" class=\"yoast-schema-graph\">{\"@context\":\"https:\/\/schema.org\",\"@graph\":[{\"@type\":\"WebPage\",\"@id\":\"https:\/\/gr-100.com\/producto\/roval-control-sl-29-6b-xd-2023\/\",\"url\":\"https:\/\/gr-100.com\/producto\/roval-control-sl-29-6b-xd-2023\/\",\"name\":\"Roval Control SL 29 6B XD 2023\",\"isPartOf\":{\"@id\":\"https:\/\/gr-100.com\/#website\"},\"primaryImageOfPage\":{\"@id\":\"https:\/\/gr-100.com\/producto\/roval-control-sl-29-6b-xd-2023\/#primaryimage\"},\"image\":{\"@id\":\"https:\/\/gr-100.com\/producto\/roval-control-sl-29-6b-xd-2023\/#primaryimage\"},\"thumbnailUrl\":\"https:\/\/gr-100.com\/wp-content\/uploads\/2024\/05\/ROV-CON30121-200_WHL_CONTRO.jpg\",\"datePublished\":\"2024-07-01T10:12:43+00:00\",\"dateModified\":\"2025-12-18T14:41:58+00:00\",\"description\":\"GR 100 Specialized. Mejores precios sin competencia. Solicita tu oferta personalizada. Producto: Roval Control SL 29 6B XD 2023.\",\"breadcrumb\":{\"@id\":\"https:\/\/gr-100.com\/producto\/roval-control-sl-29-6b-xd-2023\/#breadcrumb\"},\"inLanguage\":\"en-US\",\"potentialAction\":[{\"@type\":\"ReadAction\",\"target\":[\"https:\/\/gr-100.com\/producto\/roval-control-sl-29-6b-xd-2023\/\"]}]},{\"@type\":\"ImageObject\",\"inLanguage\":\"en-US\",\"@id\":\"https:\/\/gr-100.com\/producto\/roval-control-sl-29-6b-xd-2023\/#primaryimage\",\"url\":\"https:\/\/gr-100.com\/wp-content\/uploads\/2024\/05\/ROV-CON30121-200_WHL_CONTRO.jpg\",\"contentUrl\":\"https:\/\/gr-100.com\/wp-content\/uploads\/2024\/05\/ROV-CON30121-200_WHL_CONTRO.jpg\",\"width\":1000,\"height\":1000},{\"@type\":\"BreadcrumbList\",\"@id\":\"https:\/\/gr-100.com\/producto\/roval-control-sl-29-6b-xd-2023\/#breadcrumb\",\"itemListElement\":[{\"@type\":\"ListItem\",\"position\":1,\"name\":\"Portada\",\"item\":\"https:\/\/gr-100.com\/pt-pt\/\"},{\"@type\":\"ListItem\",\"position\":2,\"name\":\"Productos\",\"item\":\"https:\/\/gr-100.com\/?post_type=product\"},{\"@type\":\"ListItem\",\"position\":3,\"name\":\"Roval Control SL 29 6B XD 2023\"}]},{\"@type\":\"WebSite\",\"@id\":\"https:\/\/gr-100.com\/#website\",\"url\":\"https:\/\/gr-100.com\/\",\"name\":\"Gr-100 Tienda de ciclismo Specialized\",\"description\":\"GR-100 tenemos todas las gamas de bicicletas Specialized al mejor precio.\",\"publisher\":{\"@id\":\"https:\/\/gr-100.com\/#organization\"},\"alternateName\":\"Gr-100 Bikes\",\"potentialAction\":[{\"@type\":\"SearchAction\",\"target\":{\"@type\":\"EntryPoint\",\"urlTemplate\":\"https:\/\/gr-100.com\/?s={search_term_string}\"},\"query-input\":{\"@type\":\"PropertyValueSpecification\",\"valueRequired\":true,\"valueName\":\"search_term_string\"}}],\"inLanguage\":\"en-US\"},{\"@type\":\"Organization\",\"@id\":\"https:\/\/gr-100.com\/#organization\",\"name\":\"Gr-100\",\"url\":\"https:\/\/gr-100.com\/\",\"logo\":{\"@type\":\"ImageObject\",\"inLanguage\":\"en-US\",\"@id\":\"https:\/\/gr-100.com\/#\/schema\/logo\/image\/\",\"url\":\"https:\/\/gr-100.com\/wp-content\/uploads\/2023\/08\/logo-gr-100-bikes.png\",\"contentUrl\":\"https:\/\/gr-100.com\/wp-content\/uploads\/2023\/08\/logo-gr-100-bikes.png\",\"width\":707,\"height\":284,\"caption\":\"Gr-100\"},\"image\":{\"@id\":\"https:\/\/gr-100.com\/#\/schema\/logo\/image\/\"},\"sameAs\":[\"https:\/\/www.facebook.com\/Gr100Bikes\",\"https:\/\/www.instagram.com\/gr100bikes\/\",\"https:\/\/www.tiktok.com\/@gr100bikes\",\"https:\/\/twitter.com\/gr100mtbteam\",\"https:\/\/www.youtube.com\/c\/GR100Specialized\"]}]}<\/script>\n<!-- \/ Yoast SEO Premium plugin. -->","yoast_head_json":{"title":"Roval Control SL 29 6B XD 2023","description":"GR 100 Specialized. Mejores precios sin competencia. Solicita tu oferta personalizada. Producto: Roval Control SL 29 6B XD 2023.","robots":{"index":"index","follow":"follow","max-snippet":"max-snippet:-1","max-image-preview":"max-image-preview:large","max-video-preview":"max-video-preview:-1"},"canonical":"https:\/\/gr-100.com\/producto\/roval-control-sl-29-6b-xd-2023\/","og_locale":"en_US","og_type":"article","og_title":"Roval Control SL 29 6B XD 2023","og_description":"GR 100 Specialized. Mejores precios sin competencia. Solicita tu oferta personalizada. Producto: Roval Control SL 29 6B XD 2023.","og_url":"https:\/\/gr-100.com\/producto\/roval-control-sl-29-6b-xd-2023\/","og_site_name":"Gr-100 Tienda de ciclismo Specialized","article_publisher":"https:\/\/www.facebook.com\/Gr100Bikes","article_modified_time":"2025-12-18T14:41:58+00:00","og_image":[{"width":1000,"height":1000,"url":"https:\/\/gr-100.com\/wp-content\/uploads\/2024\/05\/ROV-CON30121-200_WHL_CONTRO.jpg","type":"image\/jpeg"}],"twitter_card":"summary_large_image","twitter_misc":{"Est. reading time":"1 minute"},"schema":{"@context":"https:\/\/schema.org","@graph":[{"@type":"WebPage","@id":"https:\/\/gr-100.com\/producto\/roval-control-sl-29-6b-xd-2023\/","url":"https:\/\/gr-100.com\/producto\/roval-control-sl-29-6b-xd-2023\/","name":"Roval Control SL 29 6B XD 2023","isPartOf":{"@id":"https:\/\/gr-100.com\/#website"},"primaryImageOfPage":{"@id":"https:\/\/gr-100.com\/producto\/roval-control-sl-29-6b-xd-2023\/#primaryimage"},"image":{"@id":"https:\/\/gr-100.com\/producto\/roval-control-sl-29-6b-xd-2023\/#primaryimage"},"thumbnailUrl":"https:\/\/gr-100.com\/wp-content\/uploads\/2024\/05\/ROV-CON30121-200_WHL_CONTRO.jpg","datePublished":"2024-07-01T10:12:43+00:00","dateModified":"2025-12-18T14:41:58+00:00","description":"GR 100 Specialized. Mejores precios sin competencia. Solicita tu oferta personalizada. Producto: Roval Control SL 29 6B XD 2023.","breadcrumb":{"@id":"https:\/\/gr-100.com\/producto\/roval-control-sl-29-6b-xd-2023\/#breadcrumb"},"inLanguage":"en-US","potentialAction":[{"@type":"ReadAction","target":["https:\/\/gr-100.com\/producto\/roval-control-sl-29-6b-xd-2023\/"]}]},{"@type":"ImageObject","inLanguage":"en-US","@id":"https:\/\/gr-100.com\/producto\/roval-control-sl-29-6b-xd-2023\/#primaryimage","url":"https:\/\/gr-100.com\/wp-content\/uploads\/2024\/05\/ROV-CON30121-200_WHL_CONTRO.jpg","contentUrl":"https:\/\/gr-100.com\/wp-content\/uploads\/2024\/05\/ROV-CON30121-200_WHL_CONTRO.jpg","width":1000,"height":1000},{"@type":"BreadcrumbList","@id":"https:\/\/gr-100.com\/producto\/roval-control-sl-29-6b-xd-2023\/#breadcrumb","itemListElement":[{"@type":"ListItem","position":1,"name":"Portada","item":"https:\/\/gr-100.com\/pt-pt\/"},{"@type":"ListItem","position":2,"name":"Productos","item":"https:\/\/gr-100.com\/?post_type=product"},{"@type":"ListItem","position":3,"name":"Roval Control SL 29 6B XD 2023"}]},{"@type":"WebSite","@id":"https:\/\/gr-100.com\/#website","url":"https:\/\/gr-100.com\/","name":"Gr-100 Tienda de ciclismo Specialized","description":"GR-100 tenemos todas las gamas de bicicletas Specialized al mejor precio.","publisher":{"@id":"https:\/\/gr-100.com\/#organization"},"alternateName":"Gr-100 Bikes","potentialAction":[{"@type":"SearchAction","target":{"@type":"EntryPoint","urlTemplate":"https:\/\/gr-100.com\/?s={search_term_string}"},"query-input":{"@type":"PropertyValueSpecification","valueRequired":true,"valueName":"search_term_string"}}],"inLanguage":"en-US"},{"@type":"Organization","@id":"https:\/\/gr-100.com\/#organization","name":"Gr-100","url":"https:\/\/gr-100.com\/","logo":{"@type":"ImageObject","inLanguage":"en-US","@id":"https:\/\/gr-100.com\/#\/schema\/logo\/image\/","url":"https:\/\/gr-100.com\/wp-content\/uploads\/2023\/08\/logo-gr-100-bikes.png","contentUrl":"https:\/\/gr-100.com\/wp-content\/uploads\/2023\/08\/logo-gr-100-bikes.png","width":707,"height":284,"caption":"Gr-100"},"image":{"@id":"https:\/\/gr-100.com\/#\/schema\/logo\/image\/"},"sameAs":["https:\/\/www.facebook.com\/Gr100Bikes","https:\/\/www.instagram.com\/gr100bikes\/","https:\/\/www.tiktok.com\/@gr100bikes","https:\/\/twitter.com\/gr100mtbteam","https:\/\/www.youtube.com\/c\/GR100Specialized"]}]}},"_links":{"self":[{"href":"https:\/\/gr-100.com\/en\/wp-json\/wp\/v2\/product\/372581","targetHints":{"allow":["GET"]}}],"collection":[{"href":"https:\/\/gr-100.com\/en\/wp-json\/wp\/v2\/product"}],"about":[{"href":"https:\/\/gr-100.com\/en\/wp-json\/wp\/v2\/types\/product"}],"replies":[{"embeddable":true,"href":"https:\/\/gr-100.com\/en\/wp-json\/wp\/v2\/comments?post=372581"}],"wp:featuredmedia":[{"embeddable":true,"href":"https:\/\/gr-100.com\/en\/wp-json\/wp\/v2\/media\/274989"}],"wp:attachment":[{"href":"https:\/\/gr-100.com\/en\/wp-json\/wp\/v2\/media?parent=372581"}],"wp:term":[{"taxonomy":"product_brand","embeddable":true,"href":"https:\/\/gr-100.com\/en\/wp-json\/wp\/v2\/product_brand?post=372581"},{"taxonomy":"product_cat","embeddable":true,"href":"https:\/\/gr-100.com\/en\/wp-json\/wp\/v2\/product_cat?post=372581"},{"taxonomy":"product_tag","embeddable":true,"href":"https:\/\/gr-100.com\/en\/wp-json\/wp\/v2\/product_tag?post=372581"}],"curies":[{"name":"wp","href":"https:\/\/api.w.org\/{rel}","templated":true}]}}