{"id":372977,"date":"2024-07-01T10:29:08","date_gmt":"2024-07-01T10:29:08","guid":{"rendered":"https:\/\/nuevo.gr-100.com\/producto\/specialized-emt-cage-road-herramienta\/"},"modified":"2025-09-22T15:14:01","modified_gmt":"2025-09-22T13:14:01","slug":"specialized-emt-cage-road-herramienta","status":"publish","type":"product","link":"https:\/\/gr-100.com\/en\/producto\/specialized-emt-cage-road-herramienta\/","title":{"rendered":"Specialized EMT Cage Road Herramienta"},"content":{"rendered":"<p>\u00a0<\/p>\n<p>Antes de encontrarte en un aprieto, es importante planificar como saldr\u00e1s de \u00e9l. Bien, no busques m\u00e1s, nuestra herramienta EMT Cage Mount Road es compatible con cualquier bicicleta con sistema SWAT\u2122- compatible con portabid\u00f3n, f\u00e1cil de montar y de transportar. Encontrar\u00e1s una amplia gama de llaves Allen y Torx por lo que podr\u00e1s salir de cualquier aprieto.<\/p>\n<ul>\n<li>Se monta en la parte inferior de cualquier Rib Cage II<\/li>\n<li>Fabricado con puntas de acero endurecido CRV con tratamiento anti-\u00f3xido y cuerpo de aluminio forjado.<\/li>\n<li>Destornillador plano, allen 2.5 mm, 3mm, 4mm, 5mm, 6mm y Torx T25.<\/li>\n<li>Almacenamiento aero para llevar las herramientas con seguiridad y sin vibraciones.<\/li>\n<\/ul>\n","protected":false},"excerpt":{"rendered":"<p>Antes de encontrarte en un aprieto, es importante planificar c\u00f3mo saldr\u00e1s de \u00e9l. Bien, no busques m\u00e1s, nuestra herramienta EMT Cage Mount Road es compatible con cualquier bicicleta con sistema SWAT\u2122- compatible con portabid\u00f3n, f\u00e1cil de montar y de transportar. Encontrar\u00e1s una amplia gama de llaves Allen y Torx por lo que podr\u00e1s salir de cualquier aprieto.<\/p>\n","protected":false},"featured_media":278544,"comment_status":"closed","ping_status":"closed","template":"","meta":{"_acf_changed":false,"_et_pb_use_builder":"","_et_pb_old_content":"","_et_gb_content_width":"","inline_featured_image":false},"product_brand":[],"product_cat":[26,68],"product_tag":[],"class_list":{"0":"post-372977","1":"product","2":"type-product","3":"status-publish","4":"has-post-thumbnail","6":"product_cat-accesorios","7":"product_cat-liquidacion-accesorios","8":"product_shipping_class-accesorios","10":"first","11":"outofstock","12":"sale","13":"sold-individually","14":"taxable","15":"shipping-taxable","16":"purchasable","17":"product-type-simple"},"acf":[],"yoast_head":"<!-- This site is optimized with the Yoast SEO Premium plugin v26.7 (Yoast SEO v26.7) - https:\/\/yoast.com\/wordpress\/plugins\/seo\/ -->\n<title>Specialized EMT Cage Road Herramienta<\/title>\n<meta name=\"description\" content=\"GR 100 Specialized. Mejores precios sin competencia. Solicita tu oferta personalizada. Specialized EMT Cage Road Herramienta.\" \/>\n<meta name=\"robots\" content=\"index, follow, max-snippet:-1, max-image-preview:large, max-video-preview:-1\" \/>\n<link rel=\"canonical\" href=\"https:\/\/gr-100.com\/producto\/specialized-emt-cage-road-herramienta\/\" \/>\n<meta property=\"og:locale\" content=\"en_US\" \/>\n<meta property=\"og:type\" content=\"article\" \/>\n<meta property=\"og:title\" content=\"Specialized EMT Cage Road Herramienta\" \/>\n<meta property=\"og:description\" content=\"GR 100 Specialized. Mejores precios sin competencia. Solicita tu oferta personalizada. Specialized EMT Cage Road Herramienta.\" \/>\n<meta property=\"og:url\" content=\"https:\/\/gr-100.com\/producto\/specialized-emt-cage-road-herramienta\/\" \/>\n<meta property=\"og:site_name\" content=\"Gr-100 Tienda de ciclismo Specialized\" \/>\n<meta property=\"article:publisher\" content=\"https:\/\/www.facebook.com\/Gr100Bikes\" \/>\n<meta property=\"article:modified_time\" content=\"2025-09-22T13:14:01+00:00\" \/>\n<meta property=\"og:image\" content=\"https:\/\/gr-100.com\/wp-content\/uploads\/2024\/05\/1-1-Screenshot-of-Multi-Out.jpg\" \/>\n\t<meta property=\"og:image:width\" content=\"1000\" \/>\n\t<meta property=\"og:image:height\" content=\"1000\" \/>\n\t<meta property=\"og:image:type\" content=\"image\/jpeg\" \/>\n<meta name=\"twitter:card\" content=\"summary_large_image\" \/>\n<meta name=\"twitter:label1\" content=\"Est. reading time\" \/>\n\t<meta name=\"twitter:data1\" content=\"1 minute\" \/>\n<script type=\"application\/ld+json\" class=\"yoast-schema-graph\">{\"@context\":\"https:\/\/schema.org\",\"@graph\":[{\"@type\":\"WebPage\",\"@id\":\"https:\/\/gr-100.com\/producto\/specialized-emt-cage-road-herramienta\/\",\"url\":\"https:\/\/gr-100.com\/producto\/specialized-emt-cage-road-herramienta\/\",\"name\":\"Specialized EMT Cage Road Herramienta\",\"isPartOf\":{\"@id\":\"https:\/\/gr-100.com\/#website\"},\"primaryImageOfPage\":{\"@id\":\"https:\/\/gr-100.com\/producto\/specialized-emt-cage-road-herramienta\/#primaryimage\"},\"image\":{\"@id\":\"https:\/\/gr-100.com\/producto\/specialized-emt-cage-road-herramienta\/#primaryimage\"},\"thumbnailUrl\":\"https:\/\/gr-100.com\/wp-content\/uploads\/2024\/05\/1-1-Screenshot-of-Multi-Out.jpg\",\"datePublished\":\"2024-07-01T10:29:08+00:00\",\"dateModified\":\"2025-09-22T13:14:01+00:00\",\"description\":\"GR 100 Specialized. Mejores precios sin competencia. Solicita tu oferta personalizada. Specialized EMT Cage Road Herramienta.\",\"breadcrumb\":{\"@id\":\"https:\/\/gr-100.com\/producto\/specialized-emt-cage-road-herramienta\/#breadcrumb\"},\"inLanguage\":\"en-US\",\"potentialAction\":[{\"@type\":\"ReadAction\",\"target\":[\"https:\/\/gr-100.com\/producto\/specialized-emt-cage-road-herramienta\/\"]}]},{\"@type\":\"ImageObject\",\"inLanguage\":\"en-US\",\"@id\":\"https:\/\/gr-100.com\/producto\/specialized-emt-cage-road-herramienta\/#primaryimage\",\"url\":\"https:\/\/gr-100.com\/wp-content\/uploads\/2024\/05\/1-1-Screenshot-of-Multi-Out.jpg\",\"contentUrl\":\"https:\/\/gr-100.com\/wp-content\/uploads\/2024\/05\/1-1-Screenshot-of-Multi-Out.jpg\",\"width\":1000,\"height\":1000},{\"@type\":\"BreadcrumbList\",\"@id\":\"https:\/\/gr-100.com\/producto\/specialized-emt-cage-road-herramienta\/#breadcrumb\",\"itemListElement\":[{\"@type\":\"ListItem\",\"position\":1,\"name\":\"Portada\",\"item\":\"https:\/\/gr-100.com\/pt-pt\/\"},{\"@type\":\"ListItem\",\"position\":2,\"name\":\"Productos\",\"item\":\"https:\/\/gr-100.com\/?post_type=product\"},{\"@type\":\"ListItem\",\"position\":3,\"name\":\"Specialized EMT Cage Road Herramienta\"}]},{\"@type\":\"WebSite\",\"@id\":\"https:\/\/gr-100.com\/#website\",\"url\":\"https:\/\/gr-100.com\/\",\"name\":\"Gr-100 Tienda de ciclismo Specialized\",\"description\":\"GR-100 tenemos todas las gamas de bicicletas Specialized al mejor precio.\",\"publisher\":{\"@id\":\"https:\/\/gr-100.com\/#organization\"},\"alternateName\":\"Gr-100 Bikes\",\"potentialAction\":[{\"@type\":\"SearchAction\",\"target\":{\"@type\":\"EntryPoint\",\"urlTemplate\":\"https:\/\/gr-100.com\/?s={search_term_string}\"},\"query-input\":{\"@type\":\"PropertyValueSpecification\",\"valueRequired\":true,\"valueName\":\"search_term_string\"}}],\"inLanguage\":\"en-US\"},{\"@type\":\"Organization\",\"@id\":\"https:\/\/gr-100.com\/#organization\",\"name\":\"Gr-100\",\"url\":\"https:\/\/gr-100.com\/\",\"logo\":{\"@type\":\"ImageObject\",\"inLanguage\":\"en-US\",\"@id\":\"https:\/\/gr-100.com\/#\/schema\/logo\/image\/\",\"url\":\"https:\/\/gr-100.com\/wp-content\/uploads\/2023\/08\/logo-gr-100-bikes.png\",\"contentUrl\":\"https:\/\/gr-100.com\/wp-content\/uploads\/2023\/08\/logo-gr-100-bikes.png\",\"width\":707,\"height\":284,\"caption\":\"Gr-100\"},\"image\":{\"@id\":\"https:\/\/gr-100.com\/#\/schema\/logo\/image\/\"},\"sameAs\":[\"https:\/\/www.facebook.com\/Gr100Bikes\",\"https:\/\/www.instagram.com\/gr100bikes\/\",\"https:\/\/www.tiktok.com\/@gr100bikes\",\"https:\/\/twitter.com\/gr100mtbteam\",\"https:\/\/www.youtube.com\/c\/GR100Specialized\"]}]}<\/script>\n<!-- \/ Yoast SEO Premium plugin. -->","yoast_head_json":{"title":"Specialized EMT Cage Road Herramienta","description":"GR 100 Specialized. Mejores precios sin competencia. Solicita tu oferta personalizada. Specialized EMT Cage Road Herramienta.","robots":{"index":"index","follow":"follow","max-snippet":"max-snippet:-1","max-image-preview":"max-image-preview:large","max-video-preview":"max-video-preview:-1"},"canonical":"https:\/\/gr-100.com\/producto\/specialized-emt-cage-road-herramienta\/","og_locale":"en_US","og_type":"article","og_title":"Specialized EMT Cage Road Herramienta","og_description":"GR 100 Specialized. Mejores precios sin competencia. Solicita tu oferta personalizada. Specialized EMT Cage Road Herramienta.","og_url":"https:\/\/gr-100.com\/producto\/specialized-emt-cage-road-herramienta\/","og_site_name":"Gr-100 Tienda de ciclismo Specialized","article_publisher":"https:\/\/www.facebook.com\/Gr100Bikes","article_modified_time":"2025-09-22T13:14:01+00:00","og_image":[{"width":1000,"height":1000,"url":"https:\/\/gr-100.com\/wp-content\/uploads\/2024\/05\/1-1-Screenshot-of-Multi-Out.jpg","type":"image\/jpeg"}],"twitter_card":"summary_large_image","twitter_misc":{"Est. reading time":"1 minute"},"schema":{"@context":"https:\/\/schema.org","@graph":[{"@type":"WebPage","@id":"https:\/\/gr-100.com\/producto\/specialized-emt-cage-road-herramienta\/","url":"https:\/\/gr-100.com\/producto\/specialized-emt-cage-road-herramienta\/","name":"Specialized EMT Cage Road Herramienta","isPartOf":{"@id":"https:\/\/gr-100.com\/#website"},"primaryImageOfPage":{"@id":"https:\/\/gr-100.com\/producto\/specialized-emt-cage-road-herramienta\/#primaryimage"},"image":{"@id":"https:\/\/gr-100.com\/producto\/specialized-emt-cage-road-herramienta\/#primaryimage"},"thumbnailUrl":"https:\/\/gr-100.com\/wp-content\/uploads\/2024\/05\/1-1-Screenshot-of-Multi-Out.jpg","datePublished":"2024-07-01T10:29:08+00:00","dateModified":"2025-09-22T13:14:01+00:00","description":"GR 100 Specialized. Mejores precios sin competencia. Solicita tu oferta personalizada. Specialized EMT Cage Road Herramienta.","breadcrumb":{"@id":"https:\/\/gr-100.com\/producto\/specialized-emt-cage-road-herramienta\/#breadcrumb"},"inLanguage":"en-US","potentialAction":[{"@type":"ReadAction","target":["https:\/\/gr-100.com\/producto\/specialized-emt-cage-road-herramienta\/"]}]},{"@type":"ImageObject","inLanguage":"en-US","@id":"https:\/\/gr-100.com\/producto\/specialized-emt-cage-road-herramienta\/#primaryimage","url":"https:\/\/gr-100.com\/wp-content\/uploads\/2024\/05\/1-1-Screenshot-of-Multi-Out.jpg","contentUrl":"https:\/\/gr-100.com\/wp-content\/uploads\/2024\/05\/1-1-Screenshot-of-Multi-Out.jpg","width":1000,"height":1000},{"@type":"BreadcrumbList","@id":"https:\/\/gr-100.com\/producto\/specialized-emt-cage-road-herramienta\/#breadcrumb","itemListElement":[{"@type":"ListItem","position":1,"name":"Portada","item":"https:\/\/gr-100.com\/pt-pt\/"},{"@type":"ListItem","position":2,"name":"Productos","item":"https:\/\/gr-100.com\/?post_type=product"},{"@type":"ListItem","position":3,"name":"Specialized EMT Cage Road Herramienta"}]},{"@type":"WebSite","@id":"https:\/\/gr-100.com\/#website","url":"https:\/\/gr-100.com\/","name":"Gr-100 Tienda de ciclismo Specialized","description":"GR-100 tenemos todas las gamas de bicicletas Specialized al mejor precio.","publisher":{"@id":"https:\/\/gr-100.com\/#organization"},"alternateName":"Gr-100 Bikes","potentialAction":[{"@type":"SearchAction","target":{"@type":"EntryPoint","urlTemplate":"https:\/\/gr-100.com\/?s={search_term_string}"},"query-input":{"@type":"PropertyValueSpecification","valueRequired":true,"valueName":"search_term_string"}}],"inLanguage":"en-US"},{"@type":"Organization","@id":"https:\/\/gr-100.com\/#organization","name":"Gr-100","url":"https:\/\/gr-100.com\/","logo":{"@type":"ImageObject","inLanguage":"en-US","@id":"https:\/\/gr-100.com\/#\/schema\/logo\/image\/","url":"https:\/\/gr-100.com\/wp-content\/uploads\/2023\/08\/logo-gr-100-bikes.png","contentUrl":"https:\/\/gr-100.com\/wp-content\/uploads\/2023\/08\/logo-gr-100-bikes.png","width":707,"height":284,"caption":"Gr-100"},"image":{"@id":"https:\/\/gr-100.com\/#\/schema\/logo\/image\/"},"sameAs":["https:\/\/www.facebook.com\/Gr100Bikes","https:\/\/www.instagram.com\/gr100bikes\/","https:\/\/www.tiktok.com\/@gr100bikes","https:\/\/twitter.com\/gr100mtbteam","https:\/\/www.youtube.com\/c\/GR100Specialized"]}]}},"_links":{"self":[{"href":"https:\/\/gr-100.com\/en\/wp-json\/wp\/v2\/product\/372977","targetHints":{"allow":["GET"]}}],"collection":[{"href":"https:\/\/gr-100.com\/en\/wp-json\/wp\/v2\/product"}],"about":[{"href":"https:\/\/gr-100.com\/en\/wp-json\/wp\/v2\/types\/product"}],"replies":[{"embeddable":true,"href":"https:\/\/gr-100.com\/en\/wp-json\/wp\/v2\/comments?post=372977"}],"wp:featuredmedia":[{"embeddable":true,"href":"https:\/\/gr-100.com\/en\/wp-json\/wp\/v2\/media\/278544"}],"wp:attachment":[{"href":"https:\/\/gr-100.com\/en\/wp-json\/wp\/v2\/media?parent=372977"}],"wp:term":[{"taxonomy":"product_brand","embeddable":true,"href":"https:\/\/gr-100.com\/en\/wp-json\/wp\/v2\/product_brand?post=372977"},{"taxonomy":"product_cat","embeddable":true,"href":"https:\/\/gr-100.com\/en\/wp-json\/wp\/v2\/product_cat?post=372977"},{"taxonomy":"product_tag","embeddable":true,"href":"https:\/\/gr-100.com\/en\/wp-json\/wp\/v2\/product_tag?post=372977"}],"curies":[{"name":"wp","href":"https:\/\/api.w.org\/{rel}","templated":true}]}}