{"id":373029,"date":"2024-07-01T10:31:26","date_gmt":"2024-07-01T10:31:26","guid":{"rendered":"https:\/\/nuevo.gr-100.com\/producto\/roval-rapide-cl-ii-2023-delantera-satin-carbon-700c\/"},"modified":"2025-09-22T16:15:08","modified_gmt":"2025-09-22T14:15:08","slug":"roval-rapide-cl-ii-2023-delantera-satin-carbon-700c","status":"publish","type":"product","link":"https:\/\/gr-100.com\/en\/producto\/roval-rapide-cl-ii-2023-delantera-satin-carbon-700c\/","title":{"rendered":"Roval Rapide CL II 2024 Delantera Satin Carbon 700C"},"content":{"rendered":"<ul>\n<li>Tipo de llanta: Carbono, tubeless-first clincher<\/li>\n<li>Cantidad de radios: Delantero\/Trasero: 21\/24<\/li>\n<li>Llanta: Rapide CLX Carbon Clincher, 700c, Freno de disco, Tubeless.<\/li>\n<li>Tipo de radios: DT Swiss, J-Bend a tope<\/li>\n<li>Tipo de cabecilla: DT Swiss Pro Lock hexagonal<\/li>\n<li>Buje: DT Swiss 350 Straighpull Center Lock, Star Ratchet 36t internos (10 grados), 100x12mm y 142x12mm, Shim. RD. N\u00facleo libre 11SP HG.<\/li>\n<li>Buje delantero: DT Swiss 350, Center Lock, rodamientos de cartucho sellado<\/li>\n<li>Tipo de rodamiento: Rodamientos de cartucho de acero sellado DT Swiss.<\/li>\n<li>Buje trasero: DT Swiss 350, Centerlock, rodamientos de cartucho sellado, componentes internos DT Swiss, HG Freehub, compatible con eje pasante de 142&#215;12 mm<\/li>\n<li>Pol\u00edtica de reemplazo por accidente sin culpa. Garant\u00eda de por vida.<\/li>\n<li>Niple: DT Swiss Hex Prolock Al 2.0x14mm.<\/li>\n<li>Hecho a mano<\/li>\n<li>Peso delantero\/trasero: 690 g\/844 g (promedio sin cinta ni v\u00e1lvulas)<\/li>\n<li>Peso: juego de ruedas 1590 g, delantero 725 g, trasero 865 g (incluidos 15 g, fondo de llanta sin c\u00e1mara y v\u00e1lvula sin c\u00e1mara).<\/li>\n<li>Extras: fondo de llanta Roval, kit de radios y cabecillas de repuesto, l\u00edmite de peso del sistema: 275 lb \/ 125 kg.<\/li>\n<\/ul>\n","protected":false},"excerpt":{"rendered":"<p>El nuevo juego de ruedas Rapide CL II brinda la velocidad, la eficiencia, el incre\u00edble manejo y la estabilidad del Rapide CLX II en cualquier condici\u00f3n para m\u00e1s ciclistas. Construido exactamente sobre las mismas llantas que el Rapide CLX II para elevar todo este rendimiento con la tecnolog\u00eda tubeless-done-right, el Rapide CL II hace que ese rendimiento sea m\u00e1s f\u00e1cil de alcanzar en el check-out y casi imposible de alcanzar en el camino abierto.<\/p>\n<p>Las llantas delanteras de secci\u00f3n profunda se ven afectadas negativamente por los vientos cruzados. Esto impacta negativamente en el manejo, lo que a su vez hace que el ciclista reduzca la velocidad. Al utilizar el primer algoritmo de modelado dise\u00f1ado en torno a los tiempos de reacci\u00f3n del mundo real de los ciclistas y validado mediante pruebas en carretera, desarrollamos una llanta delantera que reduce la resistencia y aumenta la estabilidad en un 25 % en r\u00e1fagas de viento repentinas en comparaci\u00f3n con nuestras llantas anteriores de 50 mm.<\/p>\n<p>La rueda trasera es lo \u00faltimo que ve el viento, por lo que desarrollamos esa forma de llanta para minimizar la resistencia en el borde de fuga de la bicicleta. Con una profundidad de 60 mm y un ancho externo de 30 mm, la llanta trasera Rapide CL II reduce las turbulencias y brinda el mayor beneficio aerodin\u00e1mico. Dado que la rueda trasera no afecta la direcci\u00f3n como lo hace la delantera, esta secci\u00f3n profunda no afecta negativamente el manejo. Juntos, representan el paquete m\u00e1s r\u00e1pido para las condiciones de carrera del mundo real.<\/p>\n<p>El Rapide CL II est\u00e1 construido a mano en cada paso del camino, desde la disposici\u00f3n inicial hasta el tensado final en los niples. Construido sobre bujes DT Swiss 350 con radios rectos de 36 dientes Star Ractch y Competition Race, el resultado es un juego de ruedas dise\u00f1ado como un sistema completo que pesa solo 1590 gramos por juego, brindando una confiabilidad, durabilidad y rendimiento incre\u00edbles.<\/p>\n<p>La resistencia a la rodadura reducida de una configuraci\u00f3n sin c\u00e1mara es innegable, al igual que los beneficios de un mejor manejo y una incre\u00edble protecci\u00f3n contra pinchazos. El desarrollo de Rapide CL II involucr\u00f3 el programa de pruebas e ingenier\u00eda m\u00e1s riguroso y extenso que jam\u00e1s hayamos emprendido y dio como resultado un juego de ruedas que casi duplica los est\u00e1ndares actuales de impacto de la industria mientras logra lograr el menor peso posible. El Rapide CL II utiliza una llanta en forma de gancho (que permite presiones de conducci\u00f3n en el mundo real de hasta 110 psi, si eso es lo que te gusta) para una retenci\u00f3n segura del tal\u00f3n del neum\u00e1tico y una experiencia de configuraci\u00f3n y montaje m\u00e1s f\u00e1cil que nunca.<\/p>\n<p>Ruedas vendidas individualmente (delanteras o traseras).<\/p>\n","protected":false},"featured_media":278621,"comment_status":"closed","ping_status":"closed","template":"","meta":{"_acf_changed":false,"_et_pb_use_builder":"","_et_pb_old_content":"","_et_gb_content_width":"","inline_featured_image":false},"product_brand":[],"product_cat":[25,55],"product_tag":[],"class_list":{"0":"post-373029","1":"product","2":"type-product","3":"status-publish","4":"has-post-thumbnail","6":"product_cat-componentes","7":"product_cat-ruedas","8":"product_shipping_class-componentes","10":"first","11":"outofstock","12":"sale","13":"taxable","14":"shipping-taxable","15":"purchasable","16":"product-type-simple"},"acf":[],"yoast_head":"<!-- This site is optimized with the Yoast SEO Premium plugin v26.7 (Yoast SEO v26.7) - https:\/\/yoast.com\/wordpress\/plugins\/seo\/ -->\n<title>Roval Rapide CL II 2024 Delantera Satin Carbon 700C<\/title>\n<meta name=\"description\" content=\"GR 100 Specialized. Mejores precios sin competencia. Solicita tu oferta personalizada. Modelo de rueda: Roval Rapide CL II 2023 Delantera Satin Carbon 700C.\" \/>\n<meta name=\"robots\" content=\"index, follow, max-snippet:-1, max-image-preview:large, max-video-preview:-1\" \/>\n<link rel=\"canonical\" href=\"https:\/\/gr-100.com\/producto\/roval-rapide-cl-ii-2023-delantera-satin-carbon-700c\/\" \/>\n<meta property=\"og:locale\" content=\"en_US\" \/>\n<meta property=\"og:type\" content=\"article\" \/>\n<meta property=\"og:title\" content=\"Roval Rapide CL II 2024 Delantera Satin Carbon 700C\" \/>\n<meta property=\"og:description\" content=\"GR 100 Specialized. Mejores precios sin competencia. Solicita tu oferta personalizada. Modelo de rueda: Roval Rapide CL II 2023 Delantera Satin Carbon 700C.\" \/>\n<meta property=\"og:url\" content=\"https:\/\/gr-100.com\/producto\/roval-rapide-cl-ii-2023-delantera-satin-carbon-700c\/\" \/>\n<meta property=\"og:site_name\" content=\"Gr-100 Tienda de ciclismo Specialized\" \/>\n<meta property=\"article:publisher\" content=\"https:\/\/www.facebook.com\/Gr100Bikes\" \/>\n<meta property=\"article:modified_time\" content=\"2025-09-22T14:15:08+00:00\" \/>\n<meta property=\"og:image\" content=\"https:\/\/gr-100.com\/wp-content\/uploads\/2024\/05\/Screenshot-of-30021-510_WHL.jpg\" \/>\n\t<meta property=\"og:image:width\" content=\"1000\" \/>\n\t<meta property=\"og:image:height\" content=\"1000\" \/>\n\t<meta property=\"og:image:type\" content=\"image\/jpeg\" \/>\n<meta name=\"twitter:card\" content=\"summary_large_image\" \/>\n<meta name=\"twitter:label1\" content=\"Est. reading time\" \/>\n\t<meta name=\"twitter:data1\" content=\"2 minutes\" \/>\n<script type=\"application\/ld+json\" class=\"yoast-schema-graph\">{\"@context\":\"https:\/\/schema.org\",\"@graph\":[{\"@type\":\"WebPage\",\"@id\":\"https:\/\/gr-100.com\/producto\/roval-rapide-cl-ii-2023-delantera-satin-carbon-700c\/\",\"url\":\"https:\/\/gr-100.com\/producto\/roval-rapide-cl-ii-2023-delantera-satin-carbon-700c\/\",\"name\":\"Roval Rapide CL II 2024 Delantera Satin Carbon 700C\",\"isPartOf\":{\"@id\":\"https:\/\/gr-100.com\/#website\"},\"primaryImageOfPage\":{\"@id\":\"https:\/\/gr-100.com\/producto\/roval-rapide-cl-ii-2023-delantera-satin-carbon-700c\/#primaryimage\"},\"image\":{\"@id\":\"https:\/\/gr-100.com\/producto\/roval-rapide-cl-ii-2023-delantera-satin-carbon-700c\/#primaryimage\"},\"thumbnailUrl\":\"https:\/\/gr-100.com\/wp-content\/uploads\/2024\/05\/Screenshot-of-30021-510_WHL.jpg\",\"datePublished\":\"2024-07-01T10:31:26+00:00\",\"dateModified\":\"2025-09-22T14:15:08+00:00\",\"description\":\"GR 100 Specialized. Mejores precios sin competencia. Solicita tu oferta personalizada. Modelo de rueda: Roval Rapide CL II 2023 Delantera Satin Carbon 700C.\",\"breadcrumb\":{\"@id\":\"https:\/\/gr-100.com\/producto\/roval-rapide-cl-ii-2023-delantera-satin-carbon-700c\/#breadcrumb\"},\"inLanguage\":\"en-US\",\"potentialAction\":[{\"@type\":\"ReadAction\",\"target\":[\"https:\/\/gr-100.com\/producto\/roval-rapide-cl-ii-2023-delantera-satin-carbon-700c\/\"]}]},{\"@type\":\"ImageObject\",\"inLanguage\":\"en-US\",\"@id\":\"https:\/\/gr-100.com\/producto\/roval-rapide-cl-ii-2023-delantera-satin-carbon-700c\/#primaryimage\",\"url\":\"https:\/\/gr-100.com\/wp-content\/uploads\/2024\/05\/Screenshot-of-30021-510_WHL.jpg\",\"contentUrl\":\"https:\/\/gr-100.com\/wp-content\/uploads\/2024\/05\/Screenshot-of-30021-510_WHL.jpg\",\"width\":1000,\"height\":1000},{\"@type\":\"BreadcrumbList\",\"@id\":\"https:\/\/gr-100.com\/producto\/roval-rapide-cl-ii-2023-delantera-satin-carbon-700c\/#breadcrumb\",\"itemListElement\":[{\"@type\":\"ListItem\",\"position\":1,\"name\":\"Portada\",\"item\":\"https:\/\/gr-100.com\/pt-pt\/\"},{\"@type\":\"ListItem\",\"position\":2,\"name\":\"Productos\",\"item\":\"https:\/\/gr-100.com\/?post_type=product\"},{\"@type\":\"ListItem\",\"position\":3,\"name\":\"Roval Rapide CL II 2024 Delantera Satin Carbon 700C\"}]},{\"@type\":\"WebSite\",\"@id\":\"https:\/\/gr-100.com\/#website\",\"url\":\"https:\/\/gr-100.com\/\",\"name\":\"Gr-100 Tienda de ciclismo Specialized\",\"description\":\"GR-100 tenemos todas las gamas de bicicletas Specialized al mejor precio.\",\"publisher\":{\"@id\":\"https:\/\/gr-100.com\/#organization\"},\"alternateName\":\"Gr-100 Bikes\",\"potentialAction\":[{\"@type\":\"SearchAction\",\"target\":{\"@type\":\"EntryPoint\",\"urlTemplate\":\"https:\/\/gr-100.com\/?s={search_term_string}\"},\"query-input\":{\"@type\":\"PropertyValueSpecification\",\"valueRequired\":true,\"valueName\":\"search_term_string\"}}],\"inLanguage\":\"en-US\"},{\"@type\":\"Organization\",\"@id\":\"https:\/\/gr-100.com\/#organization\",\"name\":\"Gr-100\",\"url\":\"https:\/\/gr-100.com\/\",\"logo\":{\"@type\":\"ImageObject\",\"inLanguage\":\"en-US\",\"@id\":\"https:\/\/gr-100.com\/#\/schema\/logo\/image\/\",\"url\":\"https:\/\/gr-100.com\/wp-content\/uploads\/2023\/08\/logo-gr-100-bikes.png\",\"contentUrl\":\"https:\/\/gr-100.com\/wp-content\/uploads\/2023\/08\/logo-gr-100-bikes.png\",\"width\":707,\"height\":284,\"caption\":\"Gr-100\"},\"image\":{\"@id\":\"https:\/\/gr-100.com\/#\/schema\/logo\/image\/\"},\"sameAs\":[\"https:\/\/www.facebook.com\/Gr100Bikes\",\"https:\/\/www.instagram.com\/gr100bikes\/\",\"https:\/\/www.tiktok.com\/@gr100bikes\",\"https:\/\/twitter.com\/gr100mtbteam\",\"https:\/\/www.youtube.com\/c\/GR100Specialized\"]}]}<\/script>\n<!-- \/ Yoast SEO Premium plugin. -->","yoast_head_json":{"title":"Roval Rapide CL II 2024 Delantera Satin Carbon 700C","description":"GR 100 Specialized. Mejores precios sin competencia. Solicita tu oferta personalizada. Modelo de rueda: Roval Rapide CL II 2023 Delantera Satin Carbon 700C.","robots":{"index":"index","follow":"follow","max-snippet":"max-snippet:-1","max-image-preview":"max-image-preview:large","max-video-preview":"max-video-preview:-1"},"canonical":"https:\/\/gr-100.com\/producto\/roval-rapide-cl-ii-2023-delantera-satin-carbon-700c\/","og_locale":"en_US","og_type":"article","og_title":"Roval Rapide CL II 2024 Delantera Satin Carbon 700C","og_description":"GR 100 Specialized. Mejores precios sin competencia. Solicita tu oferta personalizada. Modelo de rueda: Roval Rapide CL II 2023 Delantera Satin Carbon 700C.","og_url":"https:\/\/gr-100.com\/producto\/roval-rapide-cl-ii-2023-delantera-satin-carbon-700c\/","og_site_name":"Gr-100 Tienda de ciclismo Specialized","article_publisher":"https:\/\/www.facebook.com\/Gr100Bikes","article_modified_time":"2025-09-22T14:15:08+00:00","og_image":[{"width":1000,"height":1000,"url":"https:\/\/gr-100.com\/wp-content\/uploads\/2024\/05\/Screenshot-of-30021-510_WHL.jpg","type":"image\/jpeg"}],"twitter_card":"summary_large_image","twitter_misc":{"Est. reading time":"2 minutes"},"schema":{"@context":"https:\/\/schema.org","@graph":[{"@type":"WebPage","@id":"https:\/\/gr-100.com\/producto\/roval-rapide-cl-ii-2023-delantera-satin-carbon-700c\/","url":"https:\/\/gr-100.com\/producto\/roval-rapide-cl-ii-2023-delantera-satin-carbon-700c\/","name":"Roval Rapide CL II 2024 Delantera Satin Carbon 700C","isPartOf":{"@id":"https:\/\/gr-100.com\/#website"},"primaryImageOfPage":{"@id":"https:\/\/gr-100.com\/producto\/roval-rapide-cl-ii-2023-delantera-satin-carbon-700c\/#primaryimage"},"image":{"@id":"https:\/\/gr-100.com\/producto\/roval-rapide-cl-ii-2023-delantera-satin-carbon-700c\/#primaryimage"},"thumbnailUrl":"https:\/\/gr-100.com\/wp-content\/uploads\/2024\/05\/Screenshot-of-30021-510_WHL.jpg","datePublished":"2024-07-01T10:31:26+00:00","dateModified":"2025-09-22T14:15:08+00:00","description":"GR 100 Specialized. Mejores precios sin competencia. Solicita tu oferta personalizada. Modelo de rueda: Roval Rapide CL II 2023 Delantera Satin Carbon 700C.","breadcrumb":{"@id":"https:\/\/gr-100.com\/producto\/roval-rapide-cl-ii-2023-delantera-satin-carbon-700c\/#breadcrumb"},"inLanguage":"en-US","potentialAction":[{"@type":"ReadAction","target":["https:\/\/gr-100.com\/producto\/roval-rapide-cl-ii-2023-delantera-satin-carbon-700c\/"]}]},{"@type":"ImageObject","inLanguage":"en-US","@id":"https:\/\/gr-100.com\/producto\/roval-rapide-cl-ii-2023-delantera-satin-carbon-700c\/#primaryimage","url":"https:\/\/gr-100.com\/wp-content\/uploads\/2024\/05\/Screenshot-of-30021-510_WHL.jpg","contentUrl":"https:\/\/gr-100.com\/wp-content\/uploads\/2024\/05\/Screenshot-of-30021-510_WHL.jpg","width":1000,"height":1000},{"@type":"BreadcrumbList","@id":"https:\/\/gr-100.com\/producto\/roval-rapide-cl-ii-2023-delantera-satin-carbon-700c\/#breadcrumb","itemListElement":[{"@type":"ListItem","position":1,"name":"Portada","item":"https:\/\/gr-100.com\/pt-pt\/"},{"@type":"ListItem","position":2,"name":"Productos","item":"https:\/\/gr-100.com\/?post_type=product"},{"@type":"ListItem","position":3,"name":"Roval Rapide CL II 2024 Delantera Satin Carbon 700C"}]},{"@type":"WebSite","@id":"https:\/\/gr-100.com\/#website","url":"https:\/\/gr-100.com\/","name":"Gr-100 Tienda de ciclismo Specialized","description":"GR-100 tenemos todas las gamas de bicicletas Specialized al mejor precio.","publisher":{"@id":"https:\/\/gr-100.com\/#organization"},"alternateName":"Gr-100 Bikes","potentialAction":[{"@type":"SearchAction","target":{"@type":"EntryPoint","urlTemplate":"https:\/\/gr-100.com\/?s={search_term_string}"},"query-input":{"@type":"PropertyValueSpecification","valueRequired":true,"valueName":"search_term_string"}}],"inLanguage":"en-US"},{"@type":"Organization","@id":"https:\/\/gr-100.com\/#organization","name":"Gr-100","url":"https:\/\/gr-100.com\/","logo":{"@type":"ImageObject","inLanguage":"en-US","@id":"https:\/\/gr-100.com\/#\/schema\/logo\/image\/","url":"https:\/\/gr-100.com\/wp-content\/uploads\/2023\/08\/logo-gr-100-bikes.png","contentUrl":"https:\/\/gr-100.com\/wp-content\/uploads\/2023\/08\/logo-gr-100-bikes.png","width":707,"height":284,"caption":"Gr-100"},"image":{"@id":"https:\/\/gr-100.com\/#\/schema\/logo\/image\/"},"sameAs":["https:\/\/www.facebook.com\/Gr100Bikes","https:\/\/www.instagram.com\/gr100bikes\/","https:\/\/www.tiktok.com\/@gr100bikes","https:\/\/twitter.com\/gr100mtbteam","https:\/\/www.youtube.com\/c\/GR100Specialized"]}]}},"_links":{"self":[{"href":"https:\/\/gr-100.com\/en\/wp-json\/wp\/v2\/product\/373029","targetHints":{"allow":["GET"]}}],"collection":[{"href":"https:\/\/gr-100.com\/en\/wp-json\/wp\/v2\/product"}],"about":[{"href":"https:\/\/gr-100.com\/en\/wp-json\/wp\/v2\/types\/product"}],"replies":[{"embeddable":true,"href":"https:\/\/gr-100.com\/en\/wp-json\/wp\/v2\/comments?post=373029"}],"wp:featuredmedia":[{"embeddable":true,"href":"https:\/\/gr-100.com\/en\/wp-json\/wp\/v2\/media\/278621"}],"wp:attachment":[{"href":"https:\/\/gr-100.com\/en\/wp-json\/wp\/v2\/media?parent=373029"}],"wp:term":[{"taxonomy":"product_brand","embeddable":true,"href":"https:\/\/gr-100.com\/en\/wp-json\/wp\/v2\/product_brand?post=373029"},{"taxonomy":"product_cat","embeddable":true,"href":"https:\/\/gr-100.com\/en\/wp-json\/wp\/v2\/product_cat?post=373029"},{"taxonomy":"product_tag","embeddable":true,"href":"https:\/\/gr-100.com\/en\/wp-json\/wp\/v2\/product_tag?post=373029"}],"curies":[{"name":"wp","href":"https:\/\/api.w.org\/{rel}","templated":true}]}}