{"id":373091,"date":"2024-07-01T10:33:52","date_gmt":"2024-07-01T10:33:52","guid":{"rendered":"https:\/\/nuevo.gr-100.com\/producto\/oakley-evzero-path-matte-white-prizm-road\/"},"modified":"2025-12-18T16:40:09","modified_gmt":"2025-12-18T14:40:09","slug":"oakley-evzero-path-matte-white-prizm-road","status":"publish","type":"product","link":"https:\/\/gr-100.com\/en\/producto\/oakley-evzero-path-matte-white-prizm-road\/","title":{"rendered":"Oakley Evzero Path Matte White Prizm Road"},"content":{"rendered":"<p>Dise\u00f1adas para la velocidad y para ser lo \u00faltimo en gafas de sol multideportivas para entrenar, correr y mucho m\u00e1s. EVZero\u2122 Path es la montura de rendimiento m\u00e1s ligera de Oakley y se distingue por una lente t\u00f3rica Plutonite\u00ae en un dise\u00f1o sin montura para una visi\u00f3n sin obst\u00e1culos.<\/p>\n<p>Caracter\u00edsticas de la Oakley EVZero Path Gafas<br \/>\nEl ajuste de tres puntos garantiza una alineaci\u00f3n \u00f3ptica precisa de las lentes y no tiene puntos de presi\u00f3n.<br \/>\nLas puntas de las patillas y las plaquetas nasales de Unobtainium\u00ae aumentan el agarre con la transpiraci\u00f3n para una sensaci\u00f3n antideslizante.<br \/>\nLas lentes Plutonite\u00ae proporcionan la m\u00e1xima protecci\u00f3n contra los rayos UV filtrando el 100% de los rayos UVA, UVB, UVC y la luz azul da\u00f1ina hasta 400 nm.<br \/>\nEl material de la montura de alta resistencia O-Matter\u2122 es a la vez ligero y duradero para ofrecer comodidad y protecci\u00f3n durante todo el d\u00eda.<\/p>\n<p>Lentes<br \/>\nLente de rendimiento deportivo para condiciones de luz escasa o brillante. Transmisi\u00f3n neutra para una percepci\u00f3n m\u00e1s real del color en una amplia gama de condiciones. Absorbe el 69% de la luz ambiental cuando se apaga y el 23% de la luz ambiental cuando no se apaga. Bloquea el 100% de los rayos UVA, UVB y UVC.<\/p>\n<p>\u00d3ptica de alta definici\u00f3n<br \/>\nHigh Definition Optics\u00ae (HDO\u00ae) son varias tecnolog\u00edas patentadas que ayudan a que las gafas Oakley no s\u00f3lo cumplan, sino que a menudo superen, los est\u00e1ndares de pruebas del American National Standards Institute en cuanto a claridad \u00f3ptica, fidelidad visual y resistencia a los impactos.<\/p>\n<p>Protecci\u00f3n contra impactos<br \/>\nRespaldadas por d\u00e9cadas de experiencia, las gafas de alto rendimiento de Oakley ofrecen una protecci\u00f3n contra impactos sin concesiones a altas velocidades y con una gran masa. Esta protecci\u00f3n se basa en los mejores materiales y en las arquitecturas \u00fanicas de las combinaciones de lentes y monturas de Oakley.<\/p>\n<p>Protecci\u00f3n UV<br \/>\nLa luz ultravioleta puede causar da\u00f1os en los ojos, como cataratas, pterigi\u00f3n (piel de las alas) y degeneraci\u00f3n macular. Las lentes Plutonite\u00ae de Oakley filtran el 100% de todos los rayos UVA, UVB y UVC, as\u00ed como la luz azul da\u00f1ina hasta 400 nm. La protecci\u00f3n contra los rayos UV se consigue gracias al propio material de las lentes.<\/p>\n<p>Volumen de suministro: gafas, microbolsa, puente nasal<\/p>\n","protected":false},"excerpt":{"rendered":"<p>Gafas Oakley EvZero Path Matte White Prizm Road<\/p>\n<p>EVZero \u2122 Path construido para la velocidad y dise\u00f1ado para ser el \u00faltimo de gafas de sol multi- deporte en entrenamiento. Cuenta con un escudo t\u00f3rico de Plutonite\u00ae un dise\u00f1o sin montura para una vista sin obst\u00e1culos.<\/p>\n<p>OPTICS\u00ae ALTA DEFINICI\u00d3N ( HDO \u00ae ) un conjunto de tecnolog\u00edas patentadas que permiten a las gafas Oakley para cumplir con la claridad \u00f3ptica , la fidelidad visual y resistencia al impacto.<\/p>\n<p>Cristal Prizm Road<\/p>\n","protected":false},"featured_media":278719,"comment_status":"closed","ping_status":"closed","template":"","meta":{"_acf_changed":false,"_et_pb_use_builder":"","_et_pb_old_content":"","_et_gb_content_width":"","inline_featured_image":false},"product_brand":[],"product_cat":[26,47,429,27],"product_tag":[],"class_list":{"0":"post-373091","1":"product","2":"type-product","3":"status-publish","4":"has-post-thumbnail","6":"product_cat-accesorios","7":"product_cat-gafas","8":"product_cat-ofertas","9":"product_cat-outlet","10":"product_shipping_class-accesorios","12":"first","13":"outofstock","14":"sale","15":"taxable","16":"shipping-taxable","17":"purchasable","18":"product-type-simple"},"acf":[],"yoast_head":"<!-- This site is optimized with the Yoast SEO Premium plugin v26.7 (Yoast SEO v26.7) - https:\/\/yoast.com\/wordpress\/plugins\/seo\/ -->\n<title>Oakley Evzero Path Matte White Prizm Road - GR-100<\/title>\n<meta name=\"description\" content=\"GR 100 Specialized. Mejores precios sin competencia. Solicita tu oferta personalizada. Oakley Evzero Path Matte White Prizm Road\" \/>\n<meta name=\"robots\" content=\"index, follow, max-snippet:-1, max-image-preview:large, max-video-preview:-1\" \/>\n<link rel=\"canonical\" href=\"https:\/\/gr-100.com\/producto\/oakley-evzero-path-matte-white-prizm-road\/\" \/>\n<meta property=\"og:locale\" content=\"en_US\" \/>\n<meta property=\"og:type\" content=\"article\" \/>\n<meta property=\"og:title\" content=\"Oakley Evzero Path Matte White Prizm Road\" \/>\n<meta property=\"og:description\" content=\"GR 100 Specialized. Mejores precios sin competencia. Solicita tu oferta personalizada. Oakley Evzero Path Matte White Prizm Road\" \/>\n<meta property=\"og:url\" content=\"https:\/\/gr-100.com\/producto\/oakley-evzero-path-matte-white-prizm-road\/\" \/>\n<meta property=\"og:site_name\" content=\"Gr-100 Tienda de ciclismo Specialized\" \/>\n<meta property=\"article:publisher\" content=\"https:\/\/www.facebook.com\/Gr100Bikes\" \/>\n<meta property=\"article:modified_time\" content=\"2025-12-18T14:40:09+00:00\" \/>\n<meta property=\"og:image\" content=\"https:\/\/gr-100.com\/wp-content\/uploads\/2024\/05\/gafas-oakley-evzero-path-ma.jpg\" \/>\n\t<meta property=\"og:image:width\" content=\"1000\" \/>\n\t<meta property=\"og:image:height\" content=\"1000\" \/>\n\t<meta property=\"og:image:type\" content=\"image\/jpeg\" \/>\n<meta name=\"twitter:card\" content=\"summary_large_image\" \/>\n<meta name=\"twitter:label1\" content=\"Est. reading time\" \/>\n\t<meta name=\"twitter:data1\" content=\"2 minutes\" \/>\n<script type=\"application\/ld+json\" class=\"yoast-schema-graph\">{\"@context\":\"https:\/\/schema.org\",\"@graph\":[{\"@type\":\"WebPage\",\"@id\":\"https:\/\/gr-100.com\/producto\/oakley-evzero-path-matte-white-prizm-road\/\",\"url\":\"https:\/\/gr-100.com\/producto\/oakley-evzero-path-matte-white-prizm-road\/\",\"name\":\"Oakley Evzero Path Matte White Prizm Road - GR-100\",\"isPartOf\":{\"@id\":\"https:\/\/gr-100.com\/#website\"},\"primaryImageOfPage\":{\"@id\":\"https:\/\/gr-100.com\/producto\/oakley-evzero-path-matte-white-prizm-road\/#primaryimage\"},\"image\":{\"@id\":\"https:\/\/gr-100.com\/producto\/oakley-evzero-path-matte-white-prizm-road\/#primaryimage\"},\"thumbnailUrl\":\"https:\/\/gr-100.com\/wp-content\/uploads\/2024\/05\/gafas-oakley-evzero-path-ma.jpg\",\"datePublished\":\"2024-07-01T10:33:52+00:00\",\"dateModified\":\"2025-12-18T14:40:09+00:00\",\"description\":\"GR 100 Specialized. Mejores precios sin competencia. Solicita tu oferta personalizada. Oakley Evzero Path Matte White Prizm Road\",\"breadcrumb\":{\"@id\":\"https:\/\/gr-100.com\/producto\/oakley-evzero-path-matte-white-prizm-road\/#breadcrumb\"},\"inLanguage\":\"en-US\",\"potentialAction\":[{\"@type\":\"ReadAction\",\"target\":[\"https:\/\/gr-100.com\/producto\/oakley-evzero-path-matte-white-prizm-road\/\"]}]},{\"@type\":\"ImageObject\",\"inLanguage\":\"en-US\",\"@id\":\"https:\/\/gr-100.com\/producto\/oakley-evzero-path-matte-white-prizm-road\/#primaryimage\",\"url\":\"https:\/\/gr-100.com\/wp-content\/uploads\/2024\/05\/gafas-oakley-evzero-path-ma.jpg\",\"contentUrl\":\"https:\/\/gr-100.com\/wp-content\/uploads\/2024\/05\/gafas-oakley-evzero-path-ma.jpg\",\"width\":1000,\"height\":1000},{\"@type\":\"BreadcrumbList\",\"@id\":\"https:\/\/gr-100.com\/producto\/oakley-evzero-path-matte-white-prizm-road\/#breadcrumb\",\"itemListElement\":[{\"@type\":\"ListItem\",\"position\":1,\"name\":\"Portada\",\"item\":\"https:\/\/gr-100.com\/pt-pt\/\"},{\"@type\":\"ListItem\",\"position\":2,\"name\":\"Productos\",\"item\":\"https:\/\/gr-100.com\/?post_type=product\"},{\"@type\":\"ListItem\",\"position\":3,\"name\":\"Oakley Evzero Path Matte White Prizm Road\"}]},{\"@type\":\"WebSite\",\"@id\":\"https:\/\/gr-100.com\/#website\",\"url\":\"https:\/\/gr-100.com\/\",\"name\":\"Gr-100 Tienda de ciclismo Specialized\",\"description\":\"GR-100 tenemos todas las gamas de bicicletas Specialized al mejor precio.\",\"publisher\":{\"@id\":\"https:\/\/gr-100.com\/#organization\"},\"alternateName\":\"Gr-100 Bikes\",\"potentialAction\":[{\"@type\":\"SearchAction\",\"target\":{\"@type\":\"EntryPoint\",\"urlTemplate\":\"https:\/\/gr-100.com\/?s={search_term_string}\"},\"query-input\":{\"@type\":\"PropertyValueSpecification\",\"valueRequired\":true,\"valueName\":\"search_term_string\"}}],\"inLanguage\":\"en-US\"},{\"@type\":\"Organization\",\"@id\":\"https:\/\/gr-100.com\/#organization\",\"name\":\"Gr-100\",\"url\":\"https:\/\/gr-100.com\/\",\"logo\":{\"@type\":\"ImageObject\",\"inLanguage\":\"en-US\",\"@id\":\"https:\/\/gr-100.com\/#\/schema\/logo\/image\/\",\"url\":\"https:\/\/gr-100.com\/wp-content\/uploads\/2023\/08\/logo-gr-100-bikes.png\",\"contentUrl\":\"https:\/\/gr-100.com\/wp-content\/uploads\/2023\/08\/logo-gr-100-bikes.png\",\"width\":707,\"height\":284,\"caption\":\"Gr-100\"},\"image\":{\"@id\":\"https:\/\/gr-100.com\/#\/schema\/logo\/image\/\"},\"sameAs\":[\"https:\/\/www.facebook.com\/Gr100Bikes\",\"https:\/\/www.instagram.com\/gr100bikes\/\",\"https:\/\/www.tiktok.com\/@gr100bikes\",\"https:\/\/twitter.com\/gr100mtbteam\",\"https:\/\/www.youtube.com\/c\/GR100Specialized\"]}]}<\/script>\n<!-- \/ Yoast SEO Premium plugin. -->","yoast_head_json":{"title":"Oakley Evzero Path Matte White Prizm Road - GR-100","description":"GR 100 Specialized. Mejores precios sin competencia. Solicita tu oferta personalizada. Oakley Evzero Path Matte White Prizm Road","robots":{"index":"index","follow":"follow","max-snippet":"max-snippet:-1","max-image-preview":"max-image-preview:large","max-video-preview":"max-video-preview:-1"},"canonical":"https:\/\/gr-100.com\/producto\/oakley-evzero-path-matte-white-prizm-road\/","og_locale":"en_US","og_type":"article","og_title":"Oakley Evzero Path Matte White Prizm Road","og_description":"GR 100 Specialized. Mejores precios sin competencia. Solicita tu oferta personalizada. Oakley Evzero Path Matte White Prizm Road","og_url":"https:\/\/gr-100.com\/producto\/oakley-evzero-path-matte-white-prizm-road\/","og_site_name":"Gr-100 Tienda de ciclismo Specialized","article_publisher":"https:\/\/www.facebook.com\/Gr100Bikes","article_modified_time":"2025-12-18T14:40:09+00:00","og_image":[{"width":1000,"height":1000,"url":"https:\/\/gr-100.com\/wp-content\/uploads\/2024\/05\/gafas-oakley-evzero-path-ma.jpg","type":"image\/jpeg"}],"twitter_card":"summary_large_image","twitter_misc":{"Est. reading time":"2 minutes"},"schema":{"@context":"https:\/\/schema.org","@graph":[{"@type":"WebPage","@id":"https:\/\/gr-100.com\/producto\/oakley-evzero-path-matte-white-prizm-road\/","url":"https:\/\/gr-100.com\/producto\/oakley-evzero-path-matte-white-prizm-road\/","name":"Oakley Evzero Path Matte White Prizm Road - GR-100","isPartOf":{"@id":"https:\/\/gr-100.com\/#website"},"primaryImageOfPage":{"@id":"https:\/\/gr-100.com\/producto\/oakley-evzero-path-matte-white-prizm-road\/#primaryimage"},"image":{"@id":"https:\/\/gr-100.com\/producto\/oakley-evzero-path-matte-white-prizm-road\/#primaryimage"},"thumbnailUrl":"https:\/\/gr-100.com\/wp-content\/uploads\/2024\/05\/gafas-oakley-evzero-path-ma.jpg","datePublished":"2024-07-01T10:33:52+00:00","dateModified":"2025-12-18T14:40:09+00:00","description":"GR 100 Specialized. Mejores precios sin competencia. Solicita tu oferta personalizada. Oakley Evzero Path Matte White Prizm Road","breadcrumb":{"@id":"https:\/\/gr-100.com\/producto\/oakley-evzero-path-matte-white-prizm-road\/#breadcrumb"},"inLanguage":"en-US","potentialAction":[{"@type":"ReadAction","target":["https:\/\/gr-100.com\/producto\/oakley-evzero-path-matte-white-prizm-road\/"]}]},{"@type":"ImageObject","inLanguage":"en-US","@id":"https:\/\/gr-100.com\/producto\/oakley-evzero-path-matte-white-prizm-road\/#primaryimage","url":"https:\/\/gr-100.com\/wp-content\/uploads\/2024\/05\/gafas-oakley-evzero-path-ma.jpg","contentUrl":"https:\/\/gr-100.com\/wp-content\/uploads\/2024\/05\/gafas-oakley-evzero-path-ma.jpg","width":1000,"height":1000},{"@type":"BreadcrumbList","@id":"https:\/\/gr-100.com\/producto\/oakley-evzero-path-matte-white-prizm-road\/#breadcrumb","itemListElement":[{"@type":"ListItem","position":1,"name":"Portada","item":"https:\/\/gr-100.com\/pt-pt\/"},{"@type":"ListItem","position":2,"name":"Productos","item":"https:\/\/gr-100.com\/?post_type=product"},{"@type":"ListItem","position":3,"name":"Oakley Evzero Path Matte White Prizm Road"}]},{"@type":"WebSite","@id":"https:\/\/gr-100.com\/#website","url":"https:\/\/gr-100.com\/","name":"Gr-100 Tienda de ciclismo Specialized","description":"GR-100 tenemos todas las gamas de bicicletas Specialized al mejor precio.","publisher":{"@id":"https:\/\/gr-100.com\/#organization"},"alternateName":"Gr-100 Bikes","potentialAction":[{"@type":"SearchAction","target":{"@type":"EntryPoint","urlTemplate":"https:\/\/gr-100.com\/?s={search_term_string}"},"query-input":{"@type":"PropertyValueSpecification","valueRequired":true,"valueName":"search_term_string"}}],"inLanguage":"en-US"},{"@type":"Organization","@id":"https:\/\/gr-100.com\/#organization","name":"Gr-100","url":"https:\/\/gr-100.com\/","logo":{"@type":"ImageObject","inLanguage":"en-US","@id":"https:\/\/gr-100.com\/#\/schema\/logo\/image\/","url":"https:\/\/gr-100.com\/wp-content\/uploads\/2023\/08\/logo-gr-100-bikes.png","contentUrl":"https:\/\/gr-100.com\/wp-content\/uploads\/2023\/08\/logo-gr-100-bikes.png","width":707,"height":284,"caption":"Gr-100"},"image":{"@id":"https:\/\/gr-100.com\/#\/schema\/logo\/image\/"},"sameAs":["https:\/\/www.facebook.com\/Gr100Bikes","https:\/\/www.instagram.com\/gr100bikes\/","https:\/\/www.tiktok.com\/@gr100bikes","https:\/\/twitter.com\/gr100mtbteam","https:\/\/www.youtube.com\/c\/GR100Specialized"]}]}},"_links":{"self":[{"href":"https:\/\/gr-100.com\/en\/wp-json\/wp\/v2\/product\/373091","targetHints":{"allow":["GET"]}}],"collection":[{"href":"https:\/\/gr-100.com\/en\/wp-json\/wp\/v2\/product"}],"about":[{"href":"https:\/\/gr-100.com\/en\/wp-json\/wp\/v2\/types\/product"}],"replies":[{"embeddable":true,"href":"https:\/\/gr-100.com\/en\/wp-json\/wp\/v2\/comments?post=373091"}],"wp:featuredmedia":[{"embeddable":true,"href":"https:\/\/gr-100.com\/en\/wp-json\/wp\/v2\/media\/278719"}],"wp:attachment":[{"href":"https:\/\/gr-100.com\/en\/wp-json\/wp\/v2\/media?parent=373091"}],"wp:term":[{"taxonomy":"product_brand","embeddable":true,"href":"https:\/\/gr-100.com\/en\/wp-json\/wp\/v2\/product_brand?post=373091"},{"taxonomy":"product_cat","embeddable":true,"href":"https:\/\/gr-100.com\/en\/wp-json\/wp\/v2\/product_cat?post=373091"},{"taxonomy":"product_tag","embeddable":true,"href":"https:\/\/gr-100.com\/en\/wp-json\/wp\/v2\/product_tag?post=373091"}],"curies":[{"name":"wp","href":"https:\/\/api.w.org\/{rel}","templated":true}]}}