{"id":373092,"date":"2024-07-01T10:33:56","date_gmt":"2024-07-01T10:33:56","guid":{"rendered":"https:\/\/nuevo.gr-100.com\/producto\/oakley-m2-frame-xl\/"},"modified":"2025-12-18T16:40:09","modified_gmt":"2025-12-18T14:40:09","slug":"oakley-m2-frame-xl","status":"publish","type":"product","link":"https:\/\/gr-100.com\/en\/producto\/oakley-m2-frame-xl\/","title":{"rendered":"Oakley M2 Frame XL"},"content":{"rendered":"<ul>\n<li>La edici\u00f3n XL ofrece una mayor cobertura de lente y una curvatura especializada para la protecci\u00f3n contra el sol, viento e impactos.<\/li>\n<li>Las plaquetas nasales y las gomas de varilla de Unobtainium\u00ae aumentan el agarre en caso de transpiraci\u00f3n, para un agarre sin deslizamientos.<\/li>\n<li>Las lentes intercambiables le permiten cambiar de lentes en segundos, pudiendo optimizar as\u00ed la visi\u00f3n en cualquier entorno deportivo.<\/li>\n<li>Las lentes Plutonite\u00ae ofrecen la m\u00e1xima protecci\u00f3n UV al filtrar el 100% de los rayos UVA, UVB, UVC y luz azul da\u00f1ina, hasta 400 nm.<\/li>\n<li>El material de montura O Matter\u2122 resistente a la tensi\u00f3n es ligero y duradero y ofrece protecci\u00f3n y comodidad todo el d\u00eda.<\/li>\n<\/ul>\n","protected":false},"excerpt":{"rendered":"<p>Gafas de sol M2 Frame XL con montura Navy y las lentes en color Prizm Ruby.<\/p>\n<p>La forma de lente XL lleva el alto rendimiento a\u00fan m\u00e1s lejos con una mayor dimensi\u00f3n vertical. Incluso cuando la cabeza se ladee ligeramente hacia abajo, todo lo que importe seguir\u00e1 estando en su campo de visi\u00f3n. Eso la convierte en ideal para actividades como el ciclismo.<\/p>\n","protected":false},"featured_media":278722,"comment_status":"closed","ping_status":"closed","template":"","meta":{"_acf_changed":false,"_et_pb_use_builder":"","_et_pb_old_content":"","_et_gb_content_width":"","inline_featured_image":false},"product_brand":[],"product_cat":[26,47],"product_tag":[],"class_list":{"0":"post-373092","1":"product","2":"type-product","3":"status-publish","4":"has-post-thumbnail","6":"product_cat-accesorios","7":"product_cat-gafas","8":"product_shipping_class-accesorios","10":"first","11":"outofstock","12":"sale","13":"taxable","14":"shipping-taxable","15":"purchasable","16":"product-type-simple"},"acf":[],"yoast_head":"<!-- This site is optimized with the Yoast SEO Premium plugin v26.7 (Yoast SEO v26.7) - https:\/\/yoast.com\/wordpress\/plugins\/seo\/ -->\n<title>Oakley M2 Frame XL<\/title>\n<meta name=\"description\" content=\"GR 100 Specialized. Mejores precios sin competencia. Solicita tu oferta personalizada. Modelo de gafas: Oakley M2 Frame XL.\" \/>\n<meta name=\"robots\" content=\"index, follow, max-snippet:-1, max-image-preview:large, max-video-preview:-1\" \/>\n<link rel=\"canonical\" href=\"https:\/\/gr-100.com\/producto\/oakley-m2-frame-xl\/\" \/>\n<meta property=\"og:locale\" content=\"en_US\" \/>\n<meta property=\"og:type\" content=\"article\" \/>\n<meta property=\"og:title\" content=\"Oakley M2 Frame XL\" \/>\n<meta property=\"og:description\" content=\"GR 100 Specialized. Mejores precios sin competencia. Solicita tu oferta personalizada. Modelo de gafas: Oakley M2 Frame XL.\" \/>\n<meta property=\"og:url\" content=\"https:\/\/gr-100.com\/producto\/oakley-m2-frame-xl\/\" \/>\n<meta property=\"og:site_name\" content=\"Gr-100 Tienda de ciclismo Specialized\" \/>\n<meta property=\"article:publisher\" content=\"https:\/\/www.facebook.com\/Gr100Bikes\" \/>\n<meta property=\"article:modified_time\" content=\"2025-12-18T14:40:09+00:00\" \/>\n<meta property=\"og:image\" content=\"https:\/\/gr-100.com\/wp-content\/uploads\/2024\/05\/111-Screenshot-of-OakleyM2-.jpg\" \/>\n\t<meta property=\"og:image:width\" content=\"1000\" \/>\n\t<meta property=\"og:image:height\" content=\"1000\" \/>\n\t<meta property=\"og:image:type\" content=\"image\/jpeg\" \/>\n<meta name=\"twitter:card\" content=\"summary_large_image\" \/>\n<meta name=\"twitter:label1\" content=\"Est. reading time\" \/>\n\t<meta name=\"twitter:data1\" content=\"1 minute\" \/>\n<script type=\"application\/ld+json\" class=\"yoast-schema-graph\">{\"@context\":\"https:\/\/schema.org\",\"@graph\":[{\"@type\":\"WebPage\",\"@id\":\"https:\/\/gr-100.com\/producto\/oakley-m2-frame-xl\/\",\"url\":\"https:\/\/gr-100.com\/producto\/oakley-m2-frame-xl\/\",\"name\":\"Oakley M2 Frame XL\",\"isPartOf\":{\"@id\":\"https:\/\/gr-100.com\/#website\"},\"primaryImageOfPage\":{\"@id\":\"https:\/\/gr-100.com\/producto\/oakley-m2-frame-xl\/#primaryimage\"},\"image\":{\"@id\":\"https:\/\/gr-100.com\/producto\/oakley-m2-frame-xl\/#primaryimage\"},\"thumbnailUrl\":\"https:\/\/gr-100.com\/wp-content\/uploads\/2024\/05\/111-Screenshot-of-OakleyM2-.jpg\",\"datePublished\":\"2024-07-01T10:33:56+00:00\",\"dateModified\":\"2025-12-18T14:40:09+00:00\",\"description\":\"GR 100 Specialized. Mejores precios sin competencia. Solicita tu oferta personalizada. Modelo de gafas: Oakley M2 Frame XL.\",\"breadcrumb\":{\"@id\":\"https:\/\/gr-100.com\/producto\/oakley-m2-frame-xl\/#breadcrumb\"},\"inLanguage\":\"en-US\",\"potentialAction\":[{\"@type\":\"ReadAction\",\"target\":[\"https:\/\/gr-100.com\/producto\/oakley-m2-frame-xl\/\"]}]},{\"@type\":\"ImageObject\",\"inLanguage\":\"en-US\",\"@id\":\"https:\/\/gr-100.com\/producto\/oakley-m2-frame-xl\/#primaryimage\",\"url\":\"https:\/\/gr-100.com\/wp-content\/uploads\/2024\/05\/111-Screenshot-of-OakleyM2-.jpg\",\"contentUrl\":\"https:\/\/gr-100.com\/wp-content\/uploads\/2024\/05\/111-Screenshot-of-OakleyM2-.jpg\",\"width\":1000,\"height\":1000},{\"@type\":\"BreadcrumbList\",\"@id\":\"https:\/\/gr-100.com\/producto\/oakley-m2-frame-xl\/#breadcrumb\",\"itemListElement\":[{\"@type\":\"ListItem\",\"position\":1,\"name\":\"Portada\",\"item\":\"https:\/\/gr-100.com\/pt-pt\/\"},{\"@type\":\"ListItem\",\"position\":2,\"name\":\"Productos\",\"item\":\"https:\/\/gr-100.com\/?post_type=product\"},{\"@type\":\"ListItem\",\"position\":3,\"name\":\"Oakley M2 Frame XL\"}]},{\"@type\":\"WebSite\",\"@id\":\"https:\/\/gr-100.com\/#website\",\"url\":\"https:\/\/gr-100.com\/\",\"name\":\"Gr-100 Tienda de ciclismo Specialized\",\"description\":\"GR-100 tenemos todas las gamas de bicicletas Specialized al mejor precio.\",\"publisher\":{\"@id\":\"https:\/\/gr-100.com\/#organization\"},\"alternateName\":\"Gr-100 Bikes\",\"potentialAction\":[{\"@type\":\"SearchAction\",\"target\":{\"@type\":\"EntryPoint\",\"urlTemplate\":\"https:\/\/gr-100.com\/?s={search_term_string}\"},\"query-input\":{\"@type\":\"PropertyValueSpecification\",\"valueRequired\":true,\"valueName\":\"search_term_string\"}}],\"inLanguage\":\"en-US\"},{\"@type\":\"Organization\",\"@id\":\"https:\/\/gr-100.com\/#organization\",\"name\":\"Gr-100\",\"url\":\"https:\/\/gr-100.com\/\",\"logo\":{\"@type\":\"ImageObject\",\"inLanguage\":\"en-US\",\"@id\":\"https:\/\/gr-100.com\/#\/schema\/logo\/image\/\",\"url\":\"https:\/\/gr-100.com\/wp-content\/uploads\/2023\/08\/logo-gr-100-bikes.png\",\"contentUrl\":\"https:\/\/gr-100.com\/wp-content\/uploads\/2023\/08\/logo-gr-100-bikes.png\",\"width\":707,\"height\":284,\"caption\":\"Gr-100\"},\"image\":{\"@id\":\"https:\/\/gr-100.com\/#\/schema\/logo\/image\/\"},\"sameAs\":[\"https:\/\/www.facebook.com\/Gr100Bikes\",\"https:\/\/www.instagram.com\/gr100bikes\/\",\"https:\/\/www.tiktok.com\/@gr100bikes\",\"https:\/\/twitter.com\/gr100mtbteam\",\"https:\/\/www.youtube.com\/c\/GR100Specialized\"]}]}<\/script>\n<!-- \/ Yoast SEO Premium plugin. -->","yoast_head_json":{"title":"Oakley M2 Frame XL","description":"GR 100 Specialized. Mejores precios sin competencia. Solicita tu oferta personalizada. Modelo de gafas: Oakley M2 Frame XL.","robots":{"index":"index","follow":"follow","max-snippet":"max-snippet:-1","max-image-preview":"max-image-preview:large","max-video-preview":"max-video-preview:-1"},"canonical":"https:\/\/gr-100.com\/producto\/oakley-m2-frame-xl\/","og_locale":"en_US","og_type":"article","og_title":"Oakley M2 Frame XL","og_description":"GR 100 Specialized. Mejores precios sin competencia. Solicita tu oferta personalizada. Modelo de gafas: Oakley M2 Frame XL.","og_url":"https:\/\/gr-100.com\/producto\/oakley-m2-frame-xl\/","og_site_name":"Gr-100 Tienda de ciclismo Specialized","article_publisher":"https:\/\/www.facebook.com\/Gr100Bikes","article_modified_time":"2025-12-18T14:40:09+00:00","og_image":[{"width":1000,"height":1000,"url":"https:\/\/gr-100.com\/wp-content\/uploads\/2024\/05\/111-Screenshot-of-OakleyM2-.jpg","type":"image\/jpeg"}],"twitter_card":"summary_large_image","twitter_misc":{"Est. reading time":"1 minute"},"schema":{"@context":"https:\/\/schema.org","@graph":[{"@type":"WebPage","@id":"https:\/\/gr-100.com\/producto\/oakley-m2-frame-xl\/","url":"https:\/\/gr-100.com\/producto\/oakley-m2-frame-xl\/","name":"Oakley M2 Frame XL","isPartOf":{"@id":"https:\/\/gr-100.com\/#website"},"primaryImageOfPage":{"@id":"https:\/\/gr-100.com\/producto\/oakley-m2-frame-xl\/#primaryimage"},"image":{"@id":"https:\/\/gr-100.com\/producto\/oakley-m2-frame-xl\/#primaryimage"},"thumbnailUrl":"https:\/\/gr-100.com\/wp-content\/uploads\/2024\/05\/111-Screenshot-of-OakleyM2-.jpg","datePublished":"2024-07-01T10:33:56+00:00","dateModified":"2025-12-18T14:40:09+00:00","description":"GR 100 Specialized. Mejores precios sin competencia. Solicita tu oferta personalizada. Modelo de gafas: Oakley M2 Frame XL.","breadcrumb":{"@id":"https:\/\/gr-100.com\/producto\/oakley-m2-frame-xl\/#breadcrumb"},"inLanguage":"en-US","potentialAction":[{"@type":"ReadAction","target":["https:\/\/gr-100.com\/producto\/oakley-m2-frame-xl\/"]}]},{"@type":"ImageObject","inLanguage":"en-US","@id":"https:\/\/gr-100.com\/producto\/oakley-m2-frame-xl\/#primaryimage","url":"https:\/\/gr-100.com\/wp-content\/uploads\/2024\/05\/111-Screenshot-of-OakleyM2-.jpg","contentUrl":"https:\/\/gr-100.com\/wp-content\/uploads\/2024\/05\/111-Screenshot-of-OakleyM2-.jpg","width":1000,"height":1000},{"@type":"BreadcrumbList","@id":"https:\/\/gr-100.com\/producto\/oakley-m2-frame-xl\/#breadcrumb","itemListElement":[{"@type":"ListItem","position":1,"name":"Portada","item":"https:\/\/gr-100.com\/pt-pt\/"},{"@type":"ListItem","position":2,"name":"Productos","item":"https:\/\/gr-100.com\/?post_type=product"},{"@type":"ListItem","position":3,"name":"Oakley M2 Frame XL"}]},{"@type":"WebSite","@id":"https:\/\/gr-100.com\/#website","url":"https:\/\/gr-100.com\/","name":"Gr-100 Tienda de ciclismo Specialized","description":"GR-100 tenemos todas las gamas de bicicletas Specialized al mejor precio.","publisher":{"@id":"https:\/\/gr-100.com\/#organization"},"alternateName":"Gr-100 Bikes","potentialAction":[{"@type":"SearchAction","target":{"@type":"EntryPoint","urlTemplate":"https:\/\/gr-100.com\/?s={search_term_string}"},"query-input":{"@type":"PropertyValueSpecification","valueRequired":true,"valueName":"search_term_string"}}],"inLanguage":"en-US"},{"@type":"Organization","@id":"https:\/\/gr-100.com\/#organization","name":"Gr-100","url":"https:\/\/gr-100.com\/","logo":{"@type":"ImageObject","inLanguage":"en-US","@id":"https:\/\/gr-100.com\/#\/schema\/logo\/image\/","url":"https:\/\/gr-100.com\/wp-content\/uploads\/2023\/08\/logo-gr-100-bikes.png","contentUrl":"https:\/\/gr-100.com\/wp-content\/uploads\/2023\/08\/logo-gr-100-bikes.png","width":707,"height":284,"caption":"Gr-100"},"image":{"@id":"https:\/\/gr-100.com\/#\/schema\/logo\/image\/"},"sameAs":["https:\/\/www.facebook.com\/Gr100Bikes","https:\/\/www.instagram.com\/gr100bikes\/","https:\/\/www.tiktok.com\/@gr100bikes","https:\/\/twitter.com\/gr100mtbteam","https:\/\/www.youtube.com\/c\/GR100Specialized"]}]}},"_links":{"self":[{"href":"https:\/\/gr-100.com\/en\/wp-json\/wp\/v2\/product\/373092","targetHints":{"allow":["GET"]}}],"collection":[{"href":"https:\/\/gr-100.com\/en\/wp-json\/wp\/v2\/product"}],"about":[{"href":"https:\/\/gr-100.com\/en\/wp-json\/wp\/v2\/types\/product"}],"replies":[{"embeddable":true,"href":"https:\/\/gr-100.com\/en\/wp-json\/wp\/v2\/comments?post=373092"}],"wp:featuredmedia":[{"embeddable":true,"href":"https:\/\/gr-100.com\/en\/wp-json\/wp\/v2\/media\/278722"}],"wp:attachment":[{"href":"https:\/\/gr-100.com\/en\/wp-json\/wp\/v2\/media?parent=373092"}],"wp:term":[{"taxonomy":"product_brand","embeddable":true,"href":"https:\/\/gr-100.com\/en\/wp-json\/wp\/v2\/product_brand?post=373092"},{"taxonomy":"product_cat","embeddable":true,"href":"https:\/\/gr-100.com\/en\/wp-json\/wp\/v2\/product_cat?post=373092"},{"taxonomy":"product_tag","embeddable":true,"href":"https:\/\/gr-100.com\/en\/wp-json\/wp\/v2\/product_tag?post=373092"}],"curies":[{"name":"wp","href":"https:\/\/api.w.org\/{rel}","templated":true}]}}