{"id":373494,"date":"2024-07-01T11:29:48","date_gmt":"2024-07-01T11:29:48","guid":{"rendered":"https:\/\/nuevo.gr-100.com\/producto\/supacaz-fly-cage-ano\/"},"modified":"2025-12-24T13:48:04","modified_gmt":"2025-12-24T11:48:04","slug":"supacaz-fly-cage-ano","status":"publish","type":"product","link":"https:\/\/gr-100.com\/en\/producto\/supacaz-fly-cage-ano\/","title":{"rendered":"Supacaz Fly Cage Ano"},"content":{"rendered":"<ul>\n<li>Aluminio 100% anodizado.<\/li>\n<li>Alas LockTight<\/li>\n<li>Gr\u00e1ficos grabados con l\u00e1ser<\/li>\n<li>Carretera \/ MTB aprobado<\/li>\n<li>18g y duradero<\/li>\n<\/ul>\n","protected":false},"excerpt":{"rendered":"<p>Una maravilla absoluta, el Fly Cage Anodizado grita estilo. Las l\u00edneas limpias y los gr\u00e1ficos grabados con l\u00e1ser realmente destacan. Ning\u00fan potabotellas supera al Fly Cage Ano con sus alas cerradas pero accesibles. Con solo 18 g, no es de extra\u00f1ar que esta obra maestra 100 % de aluminio sea el potabotellas n\u00famero uno en ventas del mundo.<\/p>\n","protected":false},"featured_media":279379,"comment_status":"closed","ping_status":"closed","template":"","meta":{"_acf_changed":false,"_et_pb_use_builder":"","_et_pb_old_content":"","_et_gb_content_width":"","inline_featured_image":false},"product_brand":[],"product_cat":[26,66],"product_tag":[],"class_list":{"0":"post-373494","1":"product","2":"type-product","3":"status-publish","4":"has-post-thumbnail","6":"product_cat-accesorios","7":"product_cat-portabidones","9":"first","10":"instock","11":"sale","12":"taxable","13":"shipping-taxable","14":"purchasable","15":"product-type-variable","16":"wvs-archive-product-wrapper"},"acf":[],"yoast_head":"<!-- This site is optimized with the Yoast SEO Premium plugin v26.7 (Yoast SEO v26.7) - https:\/\/yoast.com\/wordpress\/plugins\/seo\/ -->\n<title>Supacaz Fly Cage Ano<\/title>\n<meta name=\"description\" content=\"Equipa tu bicicleta con el Supacaz Fly Cage Ano. Comodidad, dise\u00f1o y calidad para tus rutas en bici. \u00a1Desc\u00fabrelo en nuestra tienda!\" \/>\n<meta name=\"robots\" content=\"index, follow, max-snippet:-1, max-image-preview:large, max-video-preview:-1\" \/>\n<link rel=\"canonical\" href=\"https:\/\/gr-100.com\/producto\/supacaz-fly-cage-ano\/\" \/>\n<meta property=\"og:locale\" content=\"en_US\" \/>\n<meta property=\"og:type\" content=\"article\" \/>\n<meta property=\"og:title\" content=\"Supacaz Fly Cage Ano\" \/>\n<meta property=\"og:description\" content=\"Equipa tu bicicleta con el Supacaz Fly Cage Ano. Comodidad, dise\u00f1o y calidad para tus rutas en bici. \u00a1Desc\u00fabrelo en nuestra tienda!\" \/>\n<meta property=\"og:url\" content=\"https:\/\/gr-100.com\/producto\/supacaz-fly-cage-ano\/\" \/>\n<meta property=\"og:site_name\" content=\"Gr-100 Tienda de ciclismo Specialized\" \/>\n<meta property=\"article:publisher\" content=\"https:\/\/www.facebook.com\/Gr100Bikes\" \/>\n<meta property=\"article:modified_time\" content=\"2025-12-24T11:48:04+00:00\" \/>\n<meta property=\"og:image\" content=\"https:\/\/gr-100.com\/wp-content\/uploads\/2024\/05\/611t9i2HJCL._AC_SY355_.jpg\" \/>\n\t<meta property=\"og:image:width\" content=\"1000\" \/>\n\t<meta property=\"og:image:height\" content=\"1000\" \/>\n\t<meta property=\"og:image:type\" content=\"image\/jpeg\" \/>\n<meta name=\"twitter:card\" content=\"summary_large_image\" \/>\n<meta name=\"twitter:label1\" content=\"Est. reading time\" \/>\n\t<meta name=\"twitter:data1\" content=\"1 minute\" \/>\n<script type=\"application\/ld+json\" class=\"yoast-schema-graph\">{\"@context\":\"https:\/\/schema.org\",\"@graph\":[{\"@type\":\"WebPage\",\"@id\":\"https:\/\/gr-100.com\/producto\/supacaz-fly-cage-ano\/\",\"url\":\"https:\/\/gr-100.com\/producto\/supacaz-fly-cage-ano\/\",\"name\":\"Supacaz Fly Cage Ano\",\"isPartOf\":{\"@id\":\"https:\/\/gr-100.com\/#website\"},\"primaryImageOfPage\":{\"@id\":\"https:\/\/gr-100.com\/producto\/supacaz-fly-cage-ano\/#primaryimage\"},\"image\":{\"@id\":\"https:\/\/gr-100.com\/producto\/supacaz-fly-cage-ano\/#primaryimage\"},\"thumbnailUrl\":\"https:\/\/gr-100.com\/wp-content\/uploads\/2024\/05\/611t9i2HJCL._AC_SY355_.jpg\",\"datePublished\":\"2024-07-01T11:29:48+00:00\",\"dateModified\":\"2025-12-24T11:48:04+00:00\",\"description\":\"Equipa tu bicicleta con el Supacaz Fly Cage Ano. Comodidad, dise\u00f1o y calidad para tus rutas en bici. \u00a1Desc\u00fabrelo en nuestra tienda!\",\"breadcrumb\":{\"@id\":\"https:\/\/gr-100.com\/producto\/supacaz-fly-cage-ano\/#breadcrumb\"},\"inLanguage\":\"en-US\",\"potentialAction\":[{\"@type\":\"ReadAction\",\"target\":[\"https:\/\/gr-100.com\/producto\/supacaz-fly-cage-ano\/\"]}]},{\"@type\":\"ImageObject\",\"inLanguage\":\"en-US\",\"@id\":\"https:\/\/gr-100.com\/producto\/supacaz-fly-cage-ano\/#primaryimage\",\"url\":\"https:\/\/gr-100.com\/wp-content\/uploads\/2024\/05\/611t9i2HJCL._AC_SY355_.jpg\",\"contentUrl\":\"https:\/\/gr-100.com\/wp-content\/uploads\/2024\/05\/611t9i2HJCL._AC_SY355_.jpg\",\"width\":1000,\"height\":1000},{\"@type\":\"BreadcrumbList\",\"@id\":\"https:\/\/gr-100.com\/producto\/supacaz-fly-cage-ano\/#breadcrumb\",\"itemListElement\":[{\"@type\":\"ListItem\",\"position\":1,\"name\":\"Portada\",\"item\":\"https:\/\/gr-100.com\/pt-pt\/\"},{\"@type\":\"ListItem\",\"position\":2,\"name\":\"Productos\",\"item\":\"https:\/\/gr-100.com\/?post_type=product\"},{\"@type\":\"ListItem\",\"position\":3,\"name\":\"Supacaz Fly Cage Ano\"}]},{\"@type\":\"WebSite\",\"@id\":\"https:\/\/gr-100.com\/#website\",\"url\":\"https:\/\/gr-100.com\/\",\"name\":\"Gr-100 Tienda de ciclismo Specialized\",\"description\":\"GR-100 tenemos todas las gamas de bicicletas Specialized al mejor precio.\",\"publisher\":{\"@id\":\"https:\/\/gr-100.com\/#organization\"},\"alternateName\":\"Gr-100 Bikes\",\"potentialAction\":[{\"@type\":\"SearchAction\",\"target\":{\"@type\":\"EntryPoint\",\"urlTemplate\":\"https:\/\/gr-100.com\/?s={search_term_string}\"},\"query-input\":{\"@type\":\"PropertyValueSpecification\",\"valueRequired\":true,\"valueName\":\"search_term_string\"}}],\"inLanguage\":\"en-US\"},{\"@type\":\"Organization\",\"@id\":\"https:\/\/gr-100.com\/#organization\",\"name\":\"Gr-100\",\"url\":\"https:\/\/gr-100.com\/\",\"logo\":{\"@type\":\"ImageObject\",\"inLanguage\":\"en-US\",\"@id\":\"https:\/\/gr-100.com\/#\/schema\/logo\/image\/\",\"url\":\"https:\/\/gr-100.com\/wp-content\/uploads\/2023\/08\/logo-gr-100-bikes.png\",\"contentUrl\":\"https:\/\/gr-100.com\/wp-content\/uploads\/2023\/08\/logo-gr-100-bikes.png\",\"width\":707,\"height\":284,\"caption\":\"Gr-100\"},\"image\":{\"@id\":\"https:\/\/gr-100.com\/#\/schema\/logo\/image\/\"},\"sameAs\":[\"https:\/\/www.facebook.com\/Gr100Bikes\",\"https:\/\/www.instagram.com\/gr100bikes\/\",\"https:\/\/www.tiktok.com\/@gr100bikes\",\"https:\/\/twitter.com\/gr100mtbteam\",\"https:\/\/www.youtube.com\/c\/GR100Specialized\"]}]}<\/script>\n<!-- \/ Yoast SEO Premium plugin. -->","yoast_head_json":{"title":"Supacaz Fly Cage Ano","description":"Equipa tu bicicleta con el Supacaz Fly Cage Ano. Comodidad, dise\u00f1o y calidad para tus rutas en bici. \u00a1Desc\u00fabrelo en nuestra tienda!","robots":{"index":"index","follow":"follow","max-snippet":"max-snippet:-1","max-image-preview":"max-image-preview:large","max-video-preview":"max-video-preview:-1"},"canonical":"https:\/\/gr-100.com\/producto\/supacaz-fly-cage-ano\/","og_locale":"en_US","og_type":"article","og_title":"Supacaz Fly Cage Ano","og_description":"Equipa tu bicicleta con el Supacaz Fly Cage Ano. Comodidad, dise\u00f1o y calidad para tus rutas en bici. \u00a1Desc\u00fabrelo en nuestra tienda!","og_url":"https:\/\/gr-100.com\/producto\/supacaz-fly-cage-ano\/","og_site_name":"Gr-100 Tienda de ciclismo Specialized","article_publisher":"https:\/\/www.facebook.com\/Gr100Bikes","article_modified_time":"2025-12-24T11:48:04+00:00","og_image":[{"width":1000,"height":1000,"url":"https:\/\/gr-100.com\/wp-content\/uploads\/2024\/05\/611t9i2HJCL._AC_SY355_.jpg","type":"image\/jpeg"}],"twitter_card":"summary_large_image","twitter_misc":{"Est. reading time":"1 minute"},"schema":{"@context":"https:\/\/schema.org","@graph":[{"@type":"WebPage","@id":"https:\/\/gr-100.com\/producto\/supacaz-fly-cage-ano\/","url":"https:\/\/gr-100.com\/producto\/supacaz-fly-cage-ano\/","name":"Supacaz Fly Cage Ano","isPartOf":{"@id":"https:\/\/gr-100.com\/#website"},"primaryImageOfPage":{"@id":"https:\/\/gr-100.com\/producto\/supacaz-fly-cage-ano\/#primaryimage"},"image":{"@id":"https:\/\/gr-100.com\/producto\/supacaz-fly-cage-ano\/#primaryimage"},"thumbnailUrl":"https:\/\/gr-100.com\/wp-content\/uploads\/2024\/05\/611t9i2HJCL._AC_SY355_.jpg","datePublished":"2024-07-01T11:29:48+00:00","dateModified":"2025-12-24T11:48:04+00:00","description":"Equipa tu bicicleta con el Supacaz Fly Cage Ano. Comodidad, dise\u00f1o y calidad para tus rutas en bici. \u00a1Desc\u00fabrelo en nuestra tienda!","breadcrumb":{"@id":"https:\/\/gr-100.com\/producto\/supacaz-fly-cage-ano\/#breadcrumb"},"inLanguage":"en-US","potentialAction":[{"@type":"ReadAction","target":["https:\/\/gr-100.com\/producto\/supacaz-fly-cage-ano\/"]}]},{"@type":"ImageObject","inLanguage":"en-US","@id":"https:\/\/gr-100.com\/producto\/supacaz-fly-cage-ano\/#primaryimage","url":"https:\/\/gr-100.com\/wp-content\/uploads\/2024\/05\/611t9i2HJCL._AC_SY355_.jpg","contentUrl":"https:\/\/gr-100.com\/wp-content\/uploads\/2024\/05\/611t9i2HJCL._AC_SY355_.jpg","width":1000,"height":1000},{"@type":"BreadcrumbList","@id":"https:\/\/gr-100.com\/producto\/supacaz-fly-cage-ano\/#breadcrumb","itemListElement":[{"@type":"ListItem","position":1,"name":"Portada","item":"https:\/\/gr-100.com\/pt-pt\/"},{"@type":"ListItem","position":2,"name":"Productos","item":"https:\/\/gr-100.com\/?post_type=product"},{"@type":"ListItem","position":3,"name":"Supacaz Fly Cage Ano"}]},{"@type":"WebSite","@id":"https:\/\/gr-100.com\/#website","url":"https:\/\/gr-100.com\/","name":"Gr-100 Tienda de ciclismo Specialized","description":"GR-100 tenemos todas las gamas de bicicletas Specialized al mejor precio.","publisher":{"@id":"https:\/\/gr-100.com\/#organization"},"alternateName":"Gr-100 Bikes","potentialAction":[{"@type":"SearchAction","target":{"@type":"EntryPoint","urlTemplate":"https:\/\/gr-100.com\/?s={search_term_string}"},"query-input":{"@type":"PropertyValueSpecification","valueRequired":true,"valueName":"search_term_string"}}],"inLanguage":"en-US"},{"@type":"Organization","@id":"https:\/\/gr-100.com\/#organization","name":"Gr-100","url":"https:\/\/gr-100.com\/","logo":{"@type":"ImageObject","inLanguage":"en-US","@id":"https:\/\/gr-100.com\/#\/schema\/logo\/image\/","url":"https:\/\/gr-100.com\/wp-content\/uploads\/2023\/08\/logo-gr-100-bikes.png","contentUrl":"https:\/\/gr-100.com\/wp-content\/uploads\/2023\/08\/logo-gr-100-bikes.png","width":707,"height":284,"caption":"Gr-100"},"image":{"@id":"https:\/\/gr-100.com\/#\/schema\/logo\/image\/"},"sameAs":["https:\/\/www.facebook.com\/Gr100Bikes","https:\/\/www.instagram.com\/gr100bikes\/","https:\/\/www.tiktok.com\/@gr100bikes","https:\/\/twitter.com\/gr100mtbteam","https:\/\/www.youtube.com\/c\/GR100Specialized"]}]}},"_links":{"self":[{"href":"https:\/\/gr-100.com\/en\/wp-json\/wp\/v2\/product\/373494","targetHints":{"allow":["GET"]}}],"collection":[{"href":"https:\/\/gr-100.com\/en\/wp-json\/wp\/v2\/product"}],"about":[{"href":"https:\/\/gr-100.com\/en\/wp-json\/wp\/v2\/types\/product"}],"replies":[{"embeddable":true,"href":"https:\/\/gr-100.com\/en\/wp-json\/wp\/v2\/comments?post=373494"}],"wp:featuredmedia":[{"embeddable":true,"href":"https:\/\/gr-100.com\/en\/wp-json\/wp\/v2\/media\/279379"}],"wp:attachment":[{"href":"https:\/\/gr-100.com\/en\/wp-json\/wp\/v2\/media?parent=373494"}],"wp:term":[{"taxonomy":"product_brand","embeddable":true,"href":"https:\/\/gr-100.com\/en\/wp-json\/wp\/v2\/product_brand?post=373494"},{"taxonomy":"product_cat","embeddable":true,"href":"https:\/\/gr-100.com\/en\/wp-json\/wp\/v2\/product_cat?post=373494"},{"taxonomy":"product_tag","embeddable":true,"href":"https:\/\/gr-100.com\/en\/wp-json\/wp\/v2\/product_tag?post=373494"}],"curies":[{"name":"wp","href":"https:\/\/api.w.org\/{rel}","templated":true}]}}