{"id":373523,"date":"2024-07-01T11:31:09","date_gmt":"2024-07-01T11:31:09","guid":{"rendered":"https:\/\/nuevo.gr-100.com\/producto\/specialized-guantes-largos-softshell-deep-winter\/"},"modified":"2026-02-04T13:36:31","modified_gmt":"2026-02-04T11:36:31","slug":"specialized-guantes-largos-softshell-deep-winter","status":"publish","type":"product","link":"https:\/\/gr-100.com\/en\/producto\/specialized-guantes-largos-softshell-deep-winter\/","title":{"rendered":"Specialized Guantes Largos SoftShell Deep Winter"},"content":{"rendered":"<ul>\n<li>A\u00edsla sin a\u00f1adir volumen<\/li>\n<li>\u00a0Hydrophobic Axe Suede en la palma asegura un agarre seguro en las barras.<\/li>\n<li>\u00a0Compatible con pantalla t\u00e1ctil Wiretap\u2122 para facilitar su uso con tel\u00e9fonos inteligentes.<\/li>\n<li>Tejido A 100% Poli\u00e9ster<\/li>\n<li>Tejido B 60% Nylon &#8211; 40% Poliuretano<\/li>\n<\/ul>\n","protected":false},"excerpt":{"rendered":"<p>No importa cu\u00e1l sea su objetivo de viaje, nuestros guantes de invierno Softshell Deep mantienen sus manos calientes y protegidas mientras lo logra. El aislamiento liviano se combina con un tejido exterior de caparaz\u00f3n blando para bloquear el fr\u00edo y mantener los dedos c\u00f3modos. Las yemas de los dedos compatibles con la pantalla t\u00e1ctil Wiretap\u2122 le permiten usar su tel\u00e9fono inteligente sin quitarse los guantes. Para un excelente agarre al cambiar y frenar, estos guantes de ciclismo cuentan con gamuza hidrof\u00f3bica Axe en la palma.<\/p>\n","protected":false},"featured_media":279440,"comment_status":"closed","ping_status":"closed","template":"","meta":{"_acf_changed":false,"_et_pb_use_builder":"","_et_pb_old_content":"","_et_gb_content_width":"","inline_featured_image":false},"product_brand":[],"product_cat":[50,52],"product_tag":[],"class_list":{"0":"post-373523","1":"product","2":"type-product","3":"status-publish","4":"has-post-thumbnail","6":"product_cat-equipaciones","7":"product_cat-guantes","9":"first","10":"instock","11":"taxable","12":"shipping-taxable","13":"purchasable","14":"product-type-variable","15":"wvs-archive-product-wrapper"},"acf":[],"yoast_head":"<!-- This site is optimized with the Yoast SEO Premium plugin v26.7 (Yoast SEO v26.7) - https:\/\/yoast.com\/wordpress\/plugins\/seo\/ -->\n<title>Specialized Guantes Largos SoftShell Deep Winter<\/title>\n<meta name=\"description\" content=\"Specialized Guantes Largos SoftShell Deep Winter en GR-100. Comodidad y protecci\u00f3n para enfrentar los d\u00edas m\u00e1s fr\u00edos en tus salidas en bici.\" \/>\n<meta name=\"robots\" content=\"index, follow, max-snippet:-1, max-image-preview:large, max-video-preview:-1\" \/>\n<link rel=\"canonical\" href=\"https:\/\/gr-100.com\/producto\/specialized-guantes-largos-softshell-deep-winter\/\" \/>\n<meta property=\"og:locale\" content=\"en_US\" \/>\n<meta property=\"og:type\" content=\"article\" \/>\n<meta property=\"og:title\" content=\"Specialized Guantes Largos SoftShell Deep Winter\" \/>\n<meta property=\"og:description\" content=\"Specialized Guantes Largos SoftShell Deep Winter en GR-100. Comodidad y protecci\u00f3n para enfrentar los d\u00edas m\u00e1s fr\u00edos en tus salidas en bici.\" \/>\n<meta property=\"og:url\" content=\"https:\/\/gr-100.com\/producto\/specialized-guantes-largos-softshell-deep-winter\/\" \/>\n<meta property=\"og:site_name\" content=\"Gr-100 Tienda de ciclismo Specialized\" \/>\n<meta property=\"article:publisher\" content=\"https:\/\/www.facebook.com\/Gr100Bikes\" \/>\n<meta property=\"article:modified_time\" content=\"2026-02-04T11:36:31+00:00\" \/>\n<meta property=\"og:image\" content=\"https:\/\/gr-100.com\/wp-content\/uploads\/2024\/05\/specialized-guantes-largos-.jpg\" \/>\n\t<meta property=\"og:image:width\" content=\"1000\" \/>\n\t<meta property=\"og:image:height\" content=\"1000\" \/>\n\t<meta property=\"og:image:type\" content=\"image\/jpeg\" \/>\n<meta name=\"twitter:card\" content=\"summary_large_image\" \/>\n<meta name=\"twitter:label1\" content=\"Est. reading time\" \/>\n\t<meta name=\"twitter:data1\" content=\"1 minute\" \/>\n<script type=\"application\/ld+json\" class=\"yoast-schema-graph\">{\"@context\":\"https:\/\/schema.org\",\"@graph\":[{\"@type\":\"WebPage\",\"@id\":\"https:\/\/gr-100.com\/producto\/specialized-guantes-largos-softshell-deep-winter\/\",\"url\":\"https:\/\/gr-100.com\/producto\/specialized-guantes-largos-softshell-deep-winter\/\",\"name\":\"Specialized Guantes Largos SoftShell Deep Winter\",\"isPartOf\":{\"@id\":\"https:\/\/gr-100.com\/#website\"},\"primaryImageOfPage\":{\"@id\":\"https:\/\/gr-100.com\/producto\/specialized-guantes-largos-softshell-deep-winter\/#primaryimage\"},\"image\":{\"@id\":\"https:\/\/gr-100.com\/producto\/specialized-guantes-largos-softshell-deep-winter\/#primaryimage\"},\"thumbnailUrl\":\"https:\/\/gr-100.com\/wp-content\/uploads\/2024\/05\/specialized-guantes-largos-.jpg\",\"datePublished\":\"2024-07-01T11:31:09+00:00\",\"dateModified\":\"2026-02-04T11:36:31+00:00\",\"description\":\"Specialized Guantes Largos SoftShell Deep Winter en GR-100. Comodidad y protecci\u00f3n para enfrentar los d\u00edas m\u00e1s fr\u00edos en tus salidas en bici.\",\"breadcrumb\":{\"@id\":\"https:\/\/gr-100.com\/producto\/specialized-guantes-largos-softshell-deep-winter\/#breadcrumb\"},\"inLanguage\":\"en-US\",\"potentialAction\":[{\"@type\":\"ReadAction\",\"target\":[\"https:\/\/gr-100.com\/producto\/specialized-guantes-largos-softshell-deep-winter\/\"]}]},{\"@type\":\"ImageObject\",\"inLanguage\":\"en-US\",\"@id\":\"https:\/\/gr-100.com\/producto\/specialized-guantes-largos-softshell-deep-winter\/#primaryimage\",\"url\":\"https:\/\/gr-100.com\/wp-content\/uploads\/2024\/05\/specialized-guantes-largos-.jpg\",\"contentUrl\":\"https:\/\/gr-100.com\/wp-content\/uploads\/2024\/05\/specialized-guantes-largos-.jpg\",\"width\":1000,\"height\":1000},{\"@type\":\"BreadcrumbList\",\"@id\":\"https:\/\/gr-100.com\/producto\/specialized-guantes-largos-softshell-deep-winter\/#breadcrumb\",\"itemListElement\":[{\"@type\":\"ListItem\",\"position\":1,\"name\":\"Portada\",\"item\":\"https:\/\/gr-100.com\/pt-pt\/\"},{\"@type\":\"ListItem\",\"position\":2,\"name\":\"Productos\",\"item\":\"https:\/\/gr-100.com\/?post_type=product\"},{\"@type\":\"ListItem\",\"position\":3,\"name\":\"Specialized Guantes Largos SoftShell Deep Winter\"}]},{\"@type\":\"WebSite\",\"@id\":\"https:\/\/gr-100.com\/#website\",\"url\":\"https:\/\/gr-100.com\/\",\"name\":\"Gr-100 Tienda de ciclismo Specialized\",\"description\":\"GR-100 tenemos todas las gamas de bicicletas Specialized al mejor precio.\",\"publisher\":{\"@id\":\"https:\/\/gr-100.com\/#organization\"},\"alternateName\":\"Gr-100 Bikes\",\"potentialAction\":[{\"@type\":\"SearchAction\",\"target\":{\"@type\":\"EntryPoint\",\"urlTemplate\":\"https:\/\/gr-100.com\/?s={search_term_string}\"},\"query-input\":{\"@type\":\"PropertyValueSpecification\",\"valueRequired\":true,\"valueName\":\"search_term_string\"}}],\"inLanguage\":\"en-US\"},{\"@type\":\"Organization\",\"@id\":\"https:\/\/gr-100.com\/#organization\",\"name\":\"Gr-100\",\"url\":\"https:\/\/gr-100.com\/\",\"logo\":{\"@type\":\"ImageObject\",\"inLanguage\":\"en-US\",\"@id\":\"https:\/\/gr-100.com\/#\/schema\/logo\/image\/\",\"url\":\"https:\/\/gr-100.com\/wp-content\/uploads\/2023\/08\/logo-gr-100-bikes.png\",\"contentUrl\":\"https:\/\/gr-100.com\/wp-content\/uploads\/2023\/08\/logo-gr-100-bikes.png\",\"width\":707,\"height\":284,\"caption\":\"Gr-100\"},\"image\":{\"@id\":\"https:\/\/gr-100.com\/#\/schema\/logo\/image\/\"},\"sameAs\":[\"https:\/\/www.facebook.com\/Gr100Bikes\",\"https:\/\/www.instagram.com\/gr100bikes\/\",\"https:\/\/www.tiktok.com\/@gr100bikes\",\"https:\/\/twitter.com\/gr100mtbteam\",\"https:\/\/www.youtube.com\/c\/GR100Specialized\"]}]}<\/script>\n<!-- \/ Yoast SEO Premium plugin. -->","yoast_head_json":{"title":"Specialized Guantes Largos SoftShell Deep Winter","description":"Specialized Guantes Largos SoftShell Deep Winter en GR-100. Comodidad y protecci\u00f3n para enfrentar los d\u00edas m\u00e1s fr\u00edos en tus salidas en bici.","robots":{"index":"index","follow":"follow","max-snippet":"max-snippet:-1","max-image-preview":"max-image-preview:large","max-video-preview":"max-video-preview:-1"},"canonical":"https:\/\/gr-100.com\/producto\/specialized-guantes-largos-softshell-deep-winter\/","og_locale":"en_US","og_type":"article","og_title":"Specialized Guantes Largos SoftShell Deep Winter","og_description":"Specialized Guantes Largos SoftShell Deep Winter en GR-100. Comodidad y protecci\u00f3n para enfrentar los d\u00edas m\u00e1s fr\u00edos en tus salidas en bici.","og_url":"https:\/\/gr-100.com\/producto\/specialized-guantes-largos-softshell-deep-winter\/","og_site_name":"Gr-100 Tienda de ciclismo Specialized","article_publisher":"https:\/\/www.facebook.com\/Gr100Bikes","article_modified_time":"2026-02-04T11:36:31+00:00","og_image":[{"width":1000,"height":1000,"url":"https:\/\/gr-100.com\/wp-content\/uploads\/2024\/05\/specialized-guantes-largos-.jpg","type":"image\/jpeg"}],"twitter_card":"summary_large_image","twitter_misc":{"Est. reading time":"1 minute"},"schema":{"@context":"https:\/\/schema.org","@graph":[{"@type":"WebPage","@id":"https:\/\/gr-100.com\/producto\/specialized-guantes-largos-softshell-deep-winter\/","url":"https:\/\/gr-100.com\/producto\/specialized-guantes-largos-softshell-deep-winter\/","name":"Specialized Guantes Largos SoftShell Deep Winter","isPartOf":{"@id":"https:\/\/gr-100.com\/#website"},"primaryImageOfPage":{"@id":"https:\/\/gr-100.com\/producto\/specialized-guantes-largos-softshell-deep-winter\/#primaryimage"},"image":{"@id":"https:\/\/gr-100.com\/producto\/specialized-guantes-largos-softshell-deep-winter\/#primaryimage"},"thumbnailUrl":"https:\/\/gr-100.com\/wp-content\/uploads\/2024\/05\/specialized-guantes-largos-.jpg","datePublished":"2024-07-01T11:31:09+00:00","dateModified":"2026-02-04T11:36:31+00:00","description":"Specialized Guantes Largos SoftShell Deep Winter en GR-100. Comodidad y protecci\u00f3n para enfrentar los d\u00edas m\u00e1s fr\u00edos en tus salidas en bici.","breadcrumb":{"@id":"https:\/\/gr-100.com\/producto\/specialized-guantes-largos-softshell-deep-winter\/#breadcrumb"},"inLanguage":"en-US","potentialAction":[{"@type":"ReadAction","target":["https:\/\/gr-100.com\/producto\/specialized-guantes-largos-softshell-deep-winter\/"]}]},{"@type":"ImageObject","inLanguage":"en-US","@id":"https:\/\/gr-100.com\/producto\/specialized-guantes-largos-softshell-deep-winter\/#primaryimage","url":"https:\/\/gr-100.com\/wp-content\/uploads\/2024\/05\/specialized-guantes-largos-.jpg","contentUrl":"https:\/\/gr-100.com\/wp-content\/uploads\/2024\/05\/specialized-guantes-largos-.jpg","width":1000,"height":1000},{"@type":"BreadcrumbList","@id":"https:\/\/gr-100.com\/producto\/specialized-guantes-largos-softshell-deep-winter\/#breadcrumb","itemListElement":[{"@type":"ListItem","position":1,"name":"Portada","item":"https:\/\/gr-100.com\/pt-pt\/"},{"@type":"ListItem","position":2,"name":"Productos","item":"https:\/\/gr-100.com\/?post_type=product"},{"@type":"ListItem","position":3,"name":"Specialized Guantes Largos SoftShell Deep Winter"}]},{"@type":"WebSite","@id":"https:\/\/gr-100.com\/#website","url":"https:\/\/gr-100.com\/","name":"Gr-100 Tienda de ciclismo Specialized","description":"GR-100 tenemos todas las gamas de bicicletas Specialized al mejor precio.","publisher":{"@id":"https:\/\/gr-100.com\/#organization"},"alternateName":"Gr-100 Bikes","potentialAction":[{"@type":"SearchAction","target":{"@type":"EntryPoint","urlTemplate":"https:\/\/gr-100.com\/?s={search_term_string}"},"query-input":{"@type":"PropertyValueSpecification","valueRequired":true,"valueName":"search_term_string"}}],"inLanguage":"en-US"},{"@type":"Organization","@id":"https:\/\/gr-100.com\/#organization","name":"Gr-100","url":"https:\/\/gr-100.com\/","logo":{"@type":"ImageObject","inLanguage":"en-US","@id":"https:\/\/gr-100.com\/#\/schema\/logo\/image\/","url":"https:\/\/gr-100.com\/wp-content\/uploads\/2023\/08\/logo-gr-100-bikes.png","contentUrl":"https:\/\/gr-100.com\/wp-content\/uploads\/2023\/08\/logo-gr-100-bikes.png","width":707,"height":284,"caption":"Gr-100"},"image":{"@id":"https:\/\/gr-100.com\/#\/schema\/logo\/image\/"},"sameAs":["https:\/\/www.facebook.com\/Gr100Bikes","https:\/\/www.instagram.com\/gr100bikes\/","https:\/\/www.tiktok.com\/@gr100bikes","https:\/\/twitter.com\/gr100mtbteam","https:\/\/www.youtube.com\/c\/GR100Specialized"]}]}},"_links":{"self":[{"href":"https:\/\/gr-100.com\/en\/wp-json\/wp\/v2\/product\/373523","targetHints":{"allow":["GET"]}}],"collection":[{"href":"https:\/\/gr-100.com\/en\/wp-json\/wp\/v2\/product"}],"about":[{"href":"https:\/\/gr-100.com\/en\/wp-json\/wp\/v2\/types\/product"}],"replies":[{"embeddable":true,"href":"https:\/\/gr-100.com\/en\/wp-json\/wp\/v2\/comments?post=373523"}],"wp:featuredmedia":[{"embeddable":true,"href":"https:\/\/gr-100.com\/en\/wp-json\/wp\/v2\/media\/279440"}],"wp:attachment":[{"href":"https:\/\/gr-100.com\/en\/wp-json\/wp\/v2\/media?parent=373523"}],"wp:term":[{"taxonomy":"product_brand","embeddable":true,"href":"https:\/\/gr-100.com\/en\/wp-json\/wp\/v2\/product_brand?post=373523"},{"taxonomy":"product_cat","embeddable":true,"href":"https:\/\/gr-100.com\/en\/wp-json\/wp\/v2\/product_cat?post=373523"},{"taxonomy":"product_tag","embeddable":true,"href":"https:\/\/gr-100.com\/en\/wp-json\/wp\/v2\/product_tag?post=373523"}],"curies":[{"name":"wp","href":"https:\/\/api.w.org\/{rel}","templated":true}]}}