{"id":374093,"date":"2024-07-01T12:29:19","date_gmt":"2024-07-01T12:29:19","guid":{"rendered":"https:\/\/nuevo.gr-100.com\/producto\/specialized-s-works-ares-road-2022\/"},"modified":"2025-11-07T13:44:12","modified_gmt":"2025-11-07T11:44:12","slug":"specialized-s-works-ares-road-2022","status":"publish","type":"product","link":"https:\/\/gr-100.com\/en\/producto\/specialized-s-works-ares-road-2022\/","title":{"rendered":"Specialized S-Works Ares Road"},"content":{"rendered":"<ul>\n<li>Combinamos d\u00e9cadas de desarrollo de Body Geometry con una innovaci\u00f3n obsesiva trabajando con los mejores atletas del mundo para re-imaginar al completo la zapatilla de competici\u00f3n. Un sistema de cierre completamente nuevo, pendiente de patente, un calcet\u00edn sin dedos reforzado con Dyneema\u00ae y una suela exterior de carbono ultra r\u00edgida FACT Powerline\u2122 elimina el balanceo del pie, reduce la presi\u00f3n sobre los tendones y transfiere cada gramo de potencia a los pedales para un rendimiento y una comodidad sin precedentes. Es un 1% m\u00e1s r\u00e1pido que cualquier zapatilla que hayamos hecho, y en la l\u00ednea de meta, eso es todo lo que importa.<\/li>\n<li>La clave para una mayor comodidad, menos lesiones y una mayor producci\u00f3n de energ\u00eda proviene de nuestras caracter\u00edsticas Body Geometry, dise\u00f1adas ergon\u00f3micamente y probadas cient\u00edficamente: arco longitudinal, \u00e1ngulo varo y plantillas personalizadas con almohadilla metatarsal. Estas tres caracter\u00edsticas alinean la cadera, el pie y la rodilla, mientras que tambi\u00e9n limitan el movimiento medial\/lateral de la rodilla y mantienen una buena circulaci\u00f3n hasta los dedos de los pies.<\/li>\n<li>El dise\u00f1o del cierre, pendiente de patente, asegura el pie durante esfuerzos extremos, fuera del sill\u00edn, bloqueando los metatarsos e impidiendo el giro lateral.<\/li>\n<li>Dyneema\u00ae est\u00e1 intercalado entre capas de material sint\u00e9tico y TPU para crear zonas de no estiramiento para obtener la m\u00e1xima conexi\u00f3n y comodidad.<\/li>\n<li>Nuestra suela de carbono m\u00e1s r\u00edgida y ligera FACT Powerline\u2122, maximiza la transferencia de energ\u00eda: \u00cdndice de rigidez 15.<\/li>\n<li>Sistema independiente BOA\u00ae Li2 Fit para un microajuste sobre la marcha, respaldado por la Garant\u00eda Boa\u00ae.<\/li>\n<li>La construcci\u00f3n del tal\u00f3n PadLock\u2122 acuna el tal\u00f3n y se ha demostrado que mejora significativamente la aceleraci\u00f3n.<\/li>\n<li>Tal\u00f3n antideslizante reemplazable y con tornillos internos para mayor seguridad.<\/li>\n<li>Form Fit con un amplio espacio para los dedos del pie, lo \u00faltimo en comodidad.<\/li>\n<li>Las tuercas de las calas de aleaci\u00f3n de titanio se pueden girar para colocar las calas 5 mm hacia atr\u00e1s y se ajustan a todos los pedales de carretera de 3 agujeros principales.<\/li>\n<li>Peso aproximado: 220g (1\/2 par, Talla 42)<\/li>\n<\/ul>\n","protected":false},"excerpt":{"rendered":"<p>Cuando llega el momento del ataque en el ascenso, una larga escapada en solitario, o un sprint a pleno gas y al l\u00edmite, cada vatio cuenta, por eso hemos dise\u00f1ado las S-Works Ares, la zapatilla de rendimiento m\u00e1s eficiente y potente jam\u00e1s creado.<\/p>\n","protected":false},"featured_media":378781,"comment_status":"closed","ping_status":"closed","template":"","meta":{"_acf_changed":false,"_et_pb_use_builder":"","_et_pb_old_content":"","_et_gb_content_width":"","inline_featured_image":false},"product_brand":[],"product_cat":[26,62,2409,27,2372],"product_tag":[],"class_list":{"0":"post-374093","1":"product","2":"type-product","3":"status-publish","4":"has-post-thumbnail","6":"product_cat-accesorios","7":"product_cat-zapatillas","8":"product_cat-ofertas-specialized","9":"product_cat-outlet","10":"product_cat-super-ofertas","11":"product_shipping_class-accesorios","13":"first","14":"outofstock","15":"taxable","16":"shipping-taxable","17":"product-type-variable","18":"wvs-archive-product-wrapper"},"acf":[],"yoast_head":"<!-- This site is optimized with the Yoast SEO Premium plugin v26.7 (Yoast SEO v26.7) - https:\/\/yoast.com\/wordpress\/plugins\/seo\/ -->\n<title>Specialized S-Works Ares Road Specialized S-Works<\/title>\n<meta name=\"description\" content=\"Descubre la revolucionaria zapatilla Specialized S-Works Ares Road 2022. Alta calidad y dise\u00f1o para tu rendimiento en carretera.\" \/>\n<meta name=\"robots\" content=\"index, follow, max-snippet:-1, max-image-preview:large, max-video-preview:-1\" \/>\n<link rel=\"canonical\" href=\"https:\/\/gr-100.com\/producto\/specialized-s-works-ares-road-2022\/\" \/>\n<meta property=\"og:locale\" content=\"en_US\" \/>\n<meta property=\"og:type\" content=\"article\" \/>\n<meta property=\"og:title\" content=\"Specialized S-Works Ares Road\" \/>\n<meta property=\"og:description\" content=\"Descubre la revolucionaria zapatilla Specialized S-Works Ares Road 2022. Alta calidad y dise\u00f1o para tu rendimiento en carretera.\" \/>\n<meta property=\"og:url\" content=\"https:\/\/gr-100.com\/producto\/specialized-s-works-ares-road-2022\/\" \/>\n<meta property=\"og:site_name\" content=\"Gr-100 Tienda de ciclismo Specialized\" \/>\n<meta property=\"article:publisher\" content=\"https:\/\/www.facebook.com\/Gr100Bikes\" \/>\n<meta property=\"article:modified_time\" content=\"2025-11-07T11:44:12+00:00\" \/>\n<meta property=\"og:image\" content=\"https:\/\/gr-100.com\/wp-content\/uploads\/2024\/07\/Zapatillas-Carretera-S-Works-Ares-Black.jpg\" \/>\n\t<meta property=\"og:image:width\" content=\"1000\" \/>\n\t<meta property=\"og:image:height\" content=\"1000\" \/>\n\t<meta property=\"og:image:type\" content=\"image\/jpeg\" \/>\n<meta name=\"twitter:card\" content=\"summary_large_image\" \/>\n<meta name=\"twitter:label1\" content=\"Est. reading time\" \/>\n\t<meta name=\"twitter:data1\" content=\"2 minutes\" \/>\n<script type=\"application\/ld+json\" class=\"yoast-schema-graph\">{\"@context\":\"https:\/\/schema.org\",\"@graph\":[{\"@type\":\"WebPage\",\"@id\":\"https:\/\/gr-100.com\/producto\/specialized-s-works-ares-road-2022\/\",\"url\":\"https:\/\/gr-100.com\/producto\/specialized-s-works-ares-road-2022\/\",\"name\":\"Specialized S-Works Ares Road Specialized S-Works\",\"isPartOf\":{\"@id\":\"https:\/\/gr-100.com\/#website\"},\"primaryImageOfPage\":{\"@id\":\"https:\/\/gr-100.com\/producto\/specialized-s-works-ares-road-2022\/#primaryimage\"},\"image\":{\"@id\":\"https:\/\/gr-100.com\/producto\/specialized-s-works-ares-road-2022\/#primaryimage\"},\"thumbnailUrl\":\"https:\/\/gr-100.com\/wp-content\/uploads\/2024\/07\/Zapatillas-Carretera-S-Works-Ares-Black.jpg\",\"datePublished\":\"2024-07-01T12:29:19+00:00\",\"dateModified\":\"2025-11-07T11:44:12+00:00\",\"description\":\"Descubre la revolucionaria zapatilla Specialized S-Works Ares Road 2022. Alta calidad y dise\u00f1o para tu rendimiento en carretera.\",\"breadcrumb\":{\"@id\":\"https:\/\/gr-100.com\/producto\/specialized-s-works-ares-road-2022\/#breadcrumb\"},\"inLanguage\":\"en-US\",\"potentialAction\":[{\"@type\":\"ReadAction\",\"target\":[\"https:\/\/gr-100.com\/producto\/specialized-s-works-ares-road-2022\/\"]}]},{\"@type\":\"ImageObject\",\"inLanguage\":\"en-US\",\"@id\":\"https:\/\/gr-100.com\/producto\/specialized-s-works-ares-road-2022\/#primaryimage\",\"url\":\"https:\/\/gr-100.com\/wp-content\/uploads\/2024\/07\/Zapatillas-Carretera-S-Works-Ares-Black.jpg\",\"contentUrl\":\"https:\/\/gr-100.com\/wp-content\/uploads\/2024\/07\/Zapatillas-Carretera-S-Works-Ares-Black.jpg\",\"width\":1000,\"height\":1000},{\"@type\":\"BreadcrumbList\",\"@id\":\"https:\/\/gr-100.com\/producto\/specialized-s-works-ares-road-2022\/#breadcrumb\",\"itemListElement\":[{\"@type\":\"ListItem\",\"position\":1,\"name\":\"Portada\",\"item\":\"https:\/\/gr-100.com\/pt-pt\/\"},{\"@type\":\"ListItem\",\"position\":2,\"name\":\"Productos\",\"item\":\"https:\/\/gr-100.com\/?post_type=product\"},{\"@type\":\"ListItem\",\"position\":3,\"name\":\"Specialized S-Works Ares Road\"}]},{\"@type\":\"WebSite\",\"@id\":\"https:\/\/gr-100.com\/#website\",\"url\":\"https:\/\/gr-100.com\/\",\"name\":\"Gr-100 Tienda de ciclismo Specialized\",\"description\":\"GR-100 tenemos todas las gamas de bicicletas Specialized al mejor precio.\",\"publisher\":{\"@id\":\"https:\/\/gr-100.com\/#organization\"},\"alternateName\":\"Gr-100 Bikes\",\"potentialAction\":[{\"@type\":\"SearchAction\",\"target\":{\"@type\":\"EntryPoint\",\"urlTemplate\":\"https:\/\/gr-100.com\/?s={search_term_string}\"},\"query-input\":{\"@type\":\"PropertyValueSpecification\",\"valueRequired\":true,\"valueName\":\"search_term_string\"}}],\"inLanguage\":\"en-US\"},{\"@type\":\"Organization\",\"@id\":\"https:\/\/gr-100.com\/#organization\",\"name\":\"Gr-100\",\"url\":\"https:\/\/gr-100.com\/\",\"logo\":{\"@type\":\"ImageObject\",\"inLanguage\":\"en-US\",\"@id\":\"https:\/\/gr-100.com\/#\/schema\/logo\/image\/\",\"url\":\"https:\/\/gr-100.com\/wp-content\/uploads\/2023\/08\/logo-gr-100-bikes.png\",\"contentUrl\":\"https:\/\/gr-100.com\/wp-content\/uploads\/2023\/08\/logo-gr-100-bikes.png\",\"width\":707,\"height\":284,\"caption\":\"Gr-100\"},\"image\":{\"@id\":\"https:\/\/gr-100.com\/#\/schema\/logo\/image\/\"},\"sameAs\":[\"https:\/\/www.facebook.com\/Gr100Bikes\",\"https:\/\/www.instagram.com\/gr100bikes\/\",\"https:\/\/www.tiktok.com\/@gr100bikes\",\"https:\/\/twitter.com\/gr100mtbteam\",\"https:\/\/www.youtube.com\/c\/GR100Specialized\"]}]}<\/script>\n<!-- \/ Yoast SEO Premium plugin. -->","yoast_head_json":{"title":"Specialized S-Works Ares Road Specialized S-Works","description":"Descubre la revolucionaria zapatilla Specialized S-Works Ares Road 2022. Alta calidad y dise\u00f1o para tu rendimiento en carretera.","robots":{"index":"index","follow":"follow","max-snippet":"max-snippet:-1","max-image-preview":"max-image-preview:large","max-video-preview":"max-video-preview:-1"},"canonical":"https:\/\/gr-100.com\/producto\/specialized-s-works-ares-road-2022\/","og_locale":"en_US","og_type":"article","og_title":"Specialized S-Works Ares Road","og_description":"Descubre la revolucionaria zapatilla Specialized S-Works Ares Road 2022. Alta calidad y dise\u00f1o para tu rendimiento en carretera.","og_url":"https:\/\/gr-100.com\/producto\/specialized-s-works-ares-road-2022\/","og_site_name":"Gr-100 Tienda de ciclismo Specialized","article_publisher":"https:\/\/www.facebook.com\/Gr100Bikes","article_modified_time":"2025-11-07T11:44:12+00:00","og_image":[{"width":1000,"height":1000,"url":"https:\/\/gr-100.com\/wp-content\/uploads\/2024\/07\/Zapatillas-Carretera-S-Works-Ares-Black.jpg","type":"image\/jpeg"}],"twitter_card":"summary_large_image","twitter_misc":{"Est. reading time":"2 minutes"},"schema":{"@context":"https:\/\/schema.org","@graph":[{"@type":"WebPage","@id":"https:\/\/gr-100.com\/producto\/specialized-s-works-ares-road-2022\/","url":"https:\/\/gr-100.com\/producto\/specialized-s-works-ares-road-2022\/","name":"Specialized S-Works Ares Road Specialized S-Works","isPartOf":{"@id":"https:\/\/gr-100.com\/#website"},"primaryImageOfPage":{"@id":"https:\/\/gr-100.com\/producto\/specialized-s-works-ares-road-2022\/#primaryimage"},"image":{"@id":"https:\/\/gr-100.com\/producto\/specialized-s-works-ares-road-2022\/#primaryimage"},"thumbnailUrl":"https:\/\/gr-100.com\/wp-content\/uploads\/2024\/07\/Zapatillas-Carretera-S-Works-Ares-Black.jpg","datePublished":"2024-07-01T12:29:19+00:00","dateModified":"2025-11-07T11:44:12+00:00","description":"Descubre la revolucionaria zapatilla Specialized S-Works Ares Road 2022. Alta calidad y dise\u00f1o para tu rendimiento en carretera.","breadcrumb":{"@id":"https:\/\/gr-100.com\/producto\/specialized-s-works-ares-road-2022\/#breadcrumb"},"inLanguage":"en-US","potentialAction":[{"@type":"ReadAction","target":["https:\/\/gr-100.com\/producto\/specialized-s-works-ares-road-2022\/"]}]},{"@type":"ImageObject","inLanguage":"en-US","@id":"https:\/\/gr-100.com\/producto\/specialized-s-works-ares-road-2022\/#primaryimage","url":"https:\/\/gr-100.com\/wp-content\/uploads\/2024\/07\/Zapatillas-Carretera-S-Works-Ares-Black.jpg","contentUrl":"https:\/\/gr-100.com\/wp-content\/uploads\/2024\/07\/Zapatillas-Carretera-S-Works-Ares-Black.jpg","width":1000,"height":1000},{"@type":"BreadcrumbList","@id":"https:\/\/gr-100.com\/producto\/specialized-s-works-ares-road-2022\/#breadcrumb","itemListElement":[{"@type":"ListItem","position":1,"name":"Portada","item":"https:\/\/gr-100.com\/pt-pt\/"},{"@type":"ListItem","position":2,"name":"Productos","item":"https:\/\/gr-100.com\/?post_type=product"},{"@type":"ListItem","position":3,"name":"Specialized S-Works Ares Road"}]},{"@type":"WebSite","@id":"https:\/\/gr-100.com\/#website","url":"https:\/\/gr-100.com\/","name":"Gr-100 Tienda de ciclismo Specialized","description":"GR-100 tenemos todas las gamas de bicicletas Specialized al mejor precio.","publisher":{"@id":"https:\/\/gr-100.com\/#organization"},"alternateName":"Gr-100 Bikes","potentialAction":[{"@type":"SearchAction","target":{"@type":"EntryPoint","urlTemplate":"https:\/\/gr-100.com\/?s={search_term_string}"},"query-input":{"@type":"PropertyValueSpecification","valueRequired":true,"valueName":"search_term_string"}}],"inLanguage":"en-US"},{"@type":"Organization","@id":"https:\/\/gr-100.com\/#organization","name":"Gr-100","url":"https:\/\/gr-100.com\/","logo":{"@type":"ImageObject","inLanguage":"en-US","@id":"https:\/\/gr-100.com\/#\/schema\/logo\/image\/","url":"https:\/\/gr-100.com\/wp-content\/uploads\/2023\/08\/logo-gr-100-bikes.png","contentUrl":"https:\/\/gr-100.com\/wp-content\/uploads\/2023\/08\/logo-gr-100-bikes.png","width":707,"height":284,"caption":"Gr-100"},"image":{"@id":"https:\/\/gr-100.com\/#\/schema\/logo\/image\/"},"sameAs":["https:\/\/www.facebook.com\/Gr100Bikes","https:\/\/www.instagram.com\/gr100bikes\/","https:\/\/www.tiktok.com\/@gr100bikes","https:\/\/twitter.com\/gr100mtbteam","https:\/\/www.youtube.com\/c\/GR100Specialized"]}]}},"_links":{"self":[{"href":"https:\/\/gr-100.com\/en\/wp-json\/wp\/v2\/product\/374093","targetHints":{"allow":["GET"]}}],"collection":[{"href":"https:\/\/gr-100.com\/en\/wp-json\/wp\/v2\/product"}],"about":[{"href":"https:\/\/gr-100.com\/en\/wp-json\/wp\/v2\/types\/product"}],"replies":[{"embeddable":true,"href":"https:\/\/gr-100.com\/en\/wp-json\/wp\/v2\/comments?post=374093"}],"wp:featuredmedia":[{"embeddable":true,"href":"https:\/\/gr-100.com\/en\/wp-json\/wp\/v2\/media\/378781"}],"wp:attachment":[{"href":"https:\/\/gr-100.com\/en\/wp-json\/wp\/v2\/media?parent=374093"}],"wp:term":[{"taxonomy":"product_brand","embeddable":true,"href":"https:\/\/gr-100.com\/en\/wp-json\/wp\/v2\/product_brand?post=374093"},{"taxonomy":"product_cat","embeddable":true,"href":"https:\/\/gr-100.com\/en\/wp-json\/wp\/v2\/product_cat?post=374093"},{"taxonomy":"product_tag","embeddable":true,"href":"https:\/\/gr-100.com\/en\/wp-json\/wp\/v2\/product_tag?post=374093"}],"curies":[{"name":"wp","href":"https:\/\/api.w.org\/{rel}","templated":true}]}}