{"id":374331,"date":"2024-07-01T12:41:32","date_gmt":"2024-07-01T12:41:32","guid":{"rendered":"https:\/\/nuevo.gr-100.com\/producto\/specialized-culotte-verano-rbx-bib\/"},"modified":"2025-11-26T16:36:56","modified_gmt":"2025-11-26T14:36:56","slug":"specialized-culotte-verano-rbx-bib","status":"publish","type":"product","link":"https:\/\/gr-100.com\/en\/producto\/specialized-culotte-verano-rbx-bib\/","title":{"rendered":"Specialized Culotte Verano Rbx Bib"},"content":{"rendered":"<ul>\n<li>El dise\u00f1o articulado garantiza un ajuste perfecto en la posici\u00f3n de conducci\u00f3n.<\/li>\n<li>El ribete de tela con infusi\u00f3n de silicona proporciona una sujeci\u00f3n suave y segura en las piernas para garantizar un ajuste perfecto y sin moverse.<\/li>\n<li>Entrepierna de 25 cm (talla mediana)<\/li>\n<li>Composici\u00f3n del tejido: CORTO: 78 % nailon, 22 % elastano &#8211; PARTE SUPERIOR: 95 % poli\u00e9ster, 5 % elastano<\/li>\n<li>Reflective elements increase your visibility to motorists in low-light conditions.<br \/>\nUPF 50+ rating protects your skin from harmful ultraviolet rays.<\/li>\n<li>Single-density-foam Body Geometry Contour Chamois is pre-molded to match the shape of the body for exceptional comfort.<\/li>\n<li>Slim Fit feels like a second skin.<\/li>\n<\/ul>\n","protected":false},"excerpt":{"rendered":"<p>Cuando se trata de elegir el culote con tirantes perfecto, la comodidad lo es todo. Y para aquellos ciclistas que exigen materiales de primera calidad, un ajuste superior y tecnolog\u00edas de vanguardia, los culotes con tirantes RBX sin duda ser\u00e1n su elecci\u00f3n. Nuestra badana Body Geometry Contour tambi\u00e9n agrega una comodidad inigualable al minimizar su huella total y mantener solo lo que es estructuralmente necesario. Esto minimiza la presi\u00f3n sobre los nervios y los tejidos blandos, al mismo tiempo que mantiene el nivel \u00f3ptimo de soporte.<\/p>\n","protected":false},"featured_media":280681,"comment_status":"closed","ping_status":"closed","template":"","meta":{"_acf_changed":false,"_et_pb_use_builder":"","_et_pb_old_content":"","_et_gb_content_width":"","inline_featured_image":false},"product_brand":[],"product_cat":[50,2403,2372],"product_tag":[],"class_list":{"0":"post-374331","1":"product","2":"type-product","3":"status-publish","4":"has-post-thumbnail","6":"product_cat-equipaciones","7":"product_cat-outlet-equipacion","8":"product_cat-super-ofertas","10":"first","11":"outofstock","12":"taxable","13":"shipping-taxable","14":"product-type-variable","15":"wvs-archive-product-wrapper"},"acf":[],"yoast_head":"<!-- This site is optimized with the Yoast SEO Premium plugin v26.7 (Yoast SEO v26.7) - https:\/\/yoast.com\/wordpress\/plugins\/seo\/ -->\n<title>Specialized Culotte Verano Rbx Bib Specialized<\/title>\n<meta name=\"robots\" content=\"index, follow, max-snippet:-1, max-image-preview:large, max-video-preview:-1\" \/>\n<link rel=\"canonical\" href=\"https:\/\/gr-100.com\/producto\/specialized-culotte-verano-rbx-bib\/\" \/>\n<meta property=\"og:locale\" content=\"en_US\" \/>\n<meta property=\"og:type\" content=\"article\" \/>\n<meta property=\"og:title\" content=\"Specialized Culotte Verano Rbx Bib\" \/>\n<meta property=\"og:description\" content=\"Cuando se trata de elegir el culote con tirantes perfecto, la comodidad lo es todo. Y para aquellos ciclistas que exigen materiales de primera calidad, un ajuste superior y tecnolog\u00edas de vanguardia, los culotes con tirantes RBX sin duda ser\u00e1n su elecci\u00f3n. Nuestra badana Body Geometry Contour tambi\u00e9n agrega una comodidad inigualable al minimizar su huella total y mantener solo lo que es estructuralmente necesario. Esto minimiza la presi\u00f3n sobre los nervios y los tejidos blandos, al mismo tiempo que mantiene el nivel \u00f3ptimo de soporte.\" \/>\n<meta property=\"og:url\" content=\"https:\/\/gr-100.com\/producto\/specialized-culotte-verano-rbx-bib\/\" \/>\n<meta property=\"og:site_name\" content=\"Gr-100 Tienda de ciclismo Specialized\" \/>\n<meta property=\"article:publisher\" content=\"https:\/\/www.facebook.com\/Gr100Bikes\" \/>\n<meta property=\"article:modified_time\" content=\"2025-11-26T14:36:56+00:00\" \/>\n<meta property=\"og:image\" content=\"https:\/\/gr-100.com\/wp-content\/uploads\/2024\/05\/HOK_Se9VRBX_L-sw_RBX_FS19-i.jpg\" \/>\n\t<meta property=\"og:image:width\" content=\"1000\" \/>\n\t<meta property=\"og:image:height\" content=\"1000\" \/>\n\t<meta property=\"og:image:type\" content=\"image\/jpeg\" \/>\n<meta name=\"twitter:card\" content=\"summary_large_image\" \/>\n<meta name=\"twitter:label1\" content=\"Est. reading time\" \/>\n\t<meta name=\"twitter:data1\" content=\"1 minute\" \/>\n<script type=\"application\/ld+json\" class=\"yoast-schema-graph\">{\"@context\":\"https:\/\/schema.org\",\"@graph\":[{\"@type\":\"WebPage\",\"@id\":\"https:\/\/gr-100.com\/producto\/specialized-culotte-verano-rbx-bib\/\",\"url\":\"https:\/\/gr-100.com\/producto\/specialized-culotte-verano-rbx-bib\/\",\"name\":\"Specialized Culotte Verano Rbx Bib Specialized\",\"isPartOf\":{\"@id\":\"https:\/\/gr-100.com\/#website\"},\"primaryImageOfPage\":{\"@id\":\"https:\/\/gr-100.com\/producto\/specialized-culotte-verano-rbx-bib\/#primaryimage\"},\"image\":{\"@id\":\"https:\/\/gr-100.com\/producto\/specialized-culotte-verano-rbx-bib\/#primaryimage\"},\"thumbnailUrl\":\"https:\/\/gr-100.com\/wp-content\/uploads\/2024\/05\/HOK_Se9VRBX_L-sw_RBX_FS19-i.jpg\",\"datePublished\":\"2024-07-01T12:41:32+00:00\",\"dateModified\":\"2025-11-26T14:36:56+00:00\",\"breadcrumb\":{\"@id\":\"https:\/\/gr-100.com\/producto\/specialized-culotte-verano-rbx-bib\/#breadcrumb\"},\"inLanguage\":\"en-US\",\"potentialAction\":[{\"@type\":\"ReadAction\",\"target\":[\"https:\/\/gr-100.com\/producto\/specialized-culotte-verano-rbx-bib\/\"]}]},{\"@type\":\"ImageObject\",\"inLanguage\":\"en-US\",\"@id\":\"https:\/\/gr-100.com\/producto\/specialized-culotte-verano-rbx-bib\/#primaryimage\",\"url\":\"https:\/\/gr-100.com\/wp-content\/uploads\/2024\/05\/HOK_Se9VRBX_L-sw_RBX_FS19-i.jpg\",\"contentUrl\":\"https:\/\/gr-100.com\/wp-content\/uploads\/2024\/05\/HOK_Se9VRBX_L-sw_RBX_FS19-i.jpg\",\"width\":1000,\"height\":1000},{\"@type\":\"BreadcrumbList\",\"@id\":\"https:\/\/gr-100.com\/producto\/specialized-culotte-verano-rbx-bib\/#breadcrumb\",\"itemListElement\":[{\"@type\":\"ListItem\",\"position\":1,\"name\":\"Portada\",\"item\":\"https:\/\/gr-100.com\/pt-pt\/\"},{\"@type\":\"ListItem\",\"position\":2,\"name\":\"Productos\",\"item\":\"https:\/\/gr-100.com\/?post_type=product\"},{\"@type\":\"ListItem\",\"position\":3,\"name\":\"Specialized Culotte Verano Rbx Bib\"}]},{\"@type\":\"WebSite\",\"@id\":\"https:\/\/gr-100.com\/#website\",\"url\":\"https:\/\/gr-100.com\/\",\"name\":\"Gr-100 Tienda de ciclismo Specialized\",\"description\":\"GR-100 tenemos todas las gamas de bicicletas Specialized al mejor precio.\",\"publisher\":{\"@id\":\"https:\/\/gr-100.com\/#organization\"},\"alternateName\":\"Gr-100 Bikes\",\"potentialAction\":[{\"@type\":\"SearchAction\",\"target\":{\"@type\":\"EntryPoint\",\"urlTemplate\":\"https:\/\/gr-100.com\/?s={search_term_string}\"},\"query-input\":{\"@type\":\"PropertyValueSpecification\",\"valueRequired\":true,\"valueName\":\"search_term_string\"}}],\"inLanguage\":\"en-US\"},{\"@type\":\"Organization\",\"@id\":\"https:\/\/gr-100.com\/#organization\",\"name\":\"Gr-100\",\"url\":\"https:\/\/gr-100.com\/\",\"logo\":{\"@type\":\"ImageObject\",\"inLanguage\":\"en-US\",\"@id\":\"https:\/\/gr-100.com\/#\/schema\/logo\/image\/\",\"url\":\"https:\/\/gr-100.com\/wp-content\/uploads\/2023\/08\/logo-gr-100-bikes.png\",\"contentUrl\":\"https:\/\/gr-100.com\/wp-content\/uploads\/2023\/08\/logo-gr-100-bikes.png\",\"width\":707,\"height\":284,\"caption\":\"Gr-100\"},\"image\":{\"@id\":\"https:\/\/gr-100.com\/#\/schema\/logo\/image\/\"},\"sameAs\":[\"https:\/\/www.facebook.com\/Gr100Bikes\",\"https:\/\/www.instagram.com\/gr100bikes\/\",\"https:\/\/www.tiktok.com\/@gr100bikes\",\"https:\/\/twitter.com\/gr100mtbteam\",\"https:\/\/www.youtube.com\/c\/GR100Specialized\"]}]}<\/script>\n<!-- \/ Yoast SEO Premium plugin. -->","yoast_head_json":{"title":"Specialized Culotte Verano Rbx Bib Specialized","robots":{"index":"index","follow":"follow","max-snippet":"max-snippet:-1","max-image-preview":"max-image-preview:large","max-video-preview":"max-video-preview:-1"},"canonical":"https:\/\/gr-100.com\/producto\/specialized-culotte-verano-rbx-bib\/","og_locale":"en_US","og_type":"article","og_title":"Specialized Culotte Verano Rbx Bib","og_description":"Cuando se trata de elegir el culote con tirantes perfecto, la comodidad lo es todo. Y para aquellos ciclistas que exigen materiales de primera calidad, un ajuste superior y tecnolog\u00edas de vanguardia, los culotes con tirantes RBX sin duda ser\u00e1n su elecci\u00f3n. Nuestra badana Body Geometry Contour tambi\u00e9n agrega una comodidad inigualable al minimizar su huella total y mantener solo lo que es estructuralmente necesario. Esto minimiza la presi\u00f3n sobre los nervios y los tejidos blandos, al mismo tiempo que mantiene el nivel \u00f3ptimo de soporte.","og_url":"https:\/\/gr-100.com\/producto\/specialized-culotte-verano-rbx-bib\/","og_site_name":"Gr-100 Tienda de ciclismo Specialized","article_publisher":"https:\/\/www.facebook.com\/Gr100Bikes","article_modified_time":"2025-11-26T14:36:56+00:00","og_image":[{"width":1000,"height":1000,"url":"https:\/\/gr-100.com\/wp-content\/uploads\/2024\/05\/HOK_Se9VRBX_L-sw_RBX_FS19-i.jpg","type":"image\/jpeg"}],"twitter_card":"summary_large_image","twitter_misc":{"Est. reading time":"1 minute"},"schema":{"@context":"https:\/\/schema.org","@graph":[{"@type":"WebPage","@id":"https:\/\/gr-100.com\/producto\/specialized-culotte-verano-rbx-bib\/","url":"https:\/\/gr-100.com\/producto\/specialized-culotte-verano-rbx-bib\/","name":"Specialized Culotte Verano Rbx Bib Specialized","isPartOf":{"@id":"https:\/\/gr-100.com\/#website"},"primaryImageOfPage":{"@id":"https:\/\/gr-100.com\/producto\/specialized-culotte-verano-rbx-bib\/#primaryimage"},"image":{"@id":"https:\/\/gr-100.com\/producto\/specialized-culotte-verano-rbx-bib\/#primaryimage"},"thumbnailUrl":"https:\/\/gr-100.com\/wp-content\/uploads\/2024\/05\/HOK_Se9VRBX_L-sw_RBX_FS19-i.jpg","datePublished":"2024-07-01T12:41:32+00:00","dateModified":"2025-11-26T14:36:56+00:00","breadcrumb":{"@id":"https:\/\/gr-100.com\/producto\/specialized-culotte-verano-rbx-bib\/#breadcrumb"},"inLanguage":"en-US","potentialAction":[{"@type":"ReadAction","target":["https:\/\/gr-100.com\/producto\/specialized-culotte-verano-rbx-bib\/"]}]},{"@type":"ImageObject","inLanguage":"en-US","@id":"https:\/\/gr-100.com\/producto\/specialized-culotte-verano-rbx-bib\/#primaryimage","url":"https:\/\/gr-100.com\/wp-content\/uploads\/2024\/05\/HOK_Se9VRBX_L-sw_RBX_FS19-i.jpg","contentUrl":"https:\/\/gr-100.com\/wp-content\/uploads\/2024\/05\/HOK_Se9VRBX_L-sw_RBX_FS19-i.jpg","width":1000,"height":1000},{"@type":"BreadcrumbList","@id":"https:\/\/gr-100.com\/producto\/specialized-culotte-verano-rbx-bib\/#breadcrumb","itemListElement":[{"@type":"ListItem","position":1,"name":"Portada","item":"https:\/\/gr-100.com\/pt-pt\/"},{"@type":"ListItem","position":2,"name":"Productos","item":"https:\/\/gr-100.com\/?post_type=product"},{"@type":"ListItem","position":3,"name":"Specialized Culotte Verano Rbx Bib"}]},{"@type":"WebSite","@id":"https:\/\/gr-100.com\/#website","url":"https:\/\/gr-100.com\/","name":"Gr-100 Tienda de ciclismo Specialized","description":"GR-100 tenemos todas las gamas de bicicletas Specialized al mejor precio.","publisher":{"@id":"https:\/\/gr-100.com\/#organization"},"alternateName":"Gr-100 Bikes","potentialAction":[{"@type":"SearchAction","target":{"@type":"EntryPoint","urlTemplate":"https:\/\/gr-100.com\/?s={search_term_string}"},"query-input":{"@type":"PropertyValueSpecification","valueRequired":true,"valueName":"search_term_string"}}],"inLanguage":"en-US"},{"@type":"Organization","@id":"https:\/\/gr-100.com\/#organization","name":"Gr-100","url":"https:\/\/gr-100.com\/","logo":{"@type":"ImageObject","inLanguage":"en-US","@id":"https:\/\/gr-100.com\/#\/schema\/logo\/image\/","url":"https:\/\/gr-100.com\/wp-content\/uploads\/2023\/08\/logo-gr-100-bikes.png","contentUrl":"https:\/\/gr-100.com\/wp-content\/uploads\/2023\/08\/logo-gr-100-bikes.png","width":707,"height":284,"caption":"Gr-100"},"image":{"@id":"https:\/\/gr-100.com\/#\/schema\/logo\/image\/"},"sameAs":["https:\/\/www.facebook.com\/Gr100Bikes","https:\/\/www.instagram.com\/gr100bikes\/","https:\/\/www.tiktok.com\/@gr100bikes","https:\/\/twitter.com\/gr100mtbteam","https:\/\/www.youtube.com\/c\/GR100Specialized"]}]}},"_links":{"self":[{"href":"https:\/\/gr-100.com\/en\/wp-json\/wp\/v2\/product\/374331","targetHints":{"allow":["GET"]}}],"collection":[{"href":"https:\/\/gr-100.com\/en\/wp-json\/wp\/v2\/product"}],"about":[{"href":"https:\/\/gr-100.com\/en\/wp-json\/wp\/v2\/types\/product"}],"replies":[{"embeddable":true,"href":"https:\/\/gr-100.com\/en\/wp-json\/wp\/v2\/comments?post=374331"}],"wp:featuredmedia":[{"embeddable":true,"href":"https:\/\/gr-100.com\/en\/wp-json\/wp\/v2\/media\/280681"}],"wp:attachment":[{"href":"https:\/\/gr-100.com\/en\/wp-json\/wp\/v2\/media?parent=374331"}],"wp:term":[{"taxonomy":"product_brand","embeddable":true,"href":"https:\/\/gr-100.com\/en\/wp-json\/wp\/v2\/product_brand?post=374331"},{"taxonomy":"product_cat","embeddable":true,"href":"https:\/\/gr-100.com\/en\/wp-json\/wp\/v2\/product_cat?post=374331"},{"taxonomy":"product_tag","embeddable":true,"href":"https:\/\/gr-100.com\/en\/wp-json\/wp\/v2\/product_tag?post=374331"}],"curies":[{"name":"wp","href":"https:\/\/api.w.org\/{rel}","templated":true}]}}