{"id":374816,"date":"2024-07-01T13:05:19","date_gmt":"2024-07-01T13:05:19","guid":{"rendered":"https:\/\/nuevo.gr-100.com\/producto\/specialized-hydrgen-vent-tall-road\/"},"modified":"2026-03-31T19:40:42","modified_gmt":"2026-03-31T18:40:42","slug":"specialized-hydrgen-vent-tall-road","status":"publish","type":"product","link":"https:\/\/gr-100.com\/en\/producto\/specialized-hydrgen-vent-tall-road\/","title":{"rendered":"Specialized Hydrgen Vent Tall Road"},"content":{"rendered":"<ul>\n<li>El pu\u00f1o de punto acanalado tiene un patr\u00f3n de rayas aerodin\u00e1mico, lo que proporciona una ventaja de velocidad sin necesidad de coser un tejido especial al calcet\u00edn. Esto permite la m\u00e1xima comodidad en esta categor\u00eda de alto rendimiento.<\/li>\n<li>Los hilos VaporRize\u2122 Hydrogen son extremadamente livianos y suaves contra la piel, lo que enfatiza la transferencia de humedad y minimiza la fricci\u00f3n.<\/li>\n<li>El arco del pie central PowerBand brinda soporte al pie y asegura la forma y el ajuste donde el pie m\u00e1s lo necesita.<\/li>\n<li>El canal del dedo del pie de malla ventilada ayuda a mantener las cosas ligeras y aireadas dentro del zapato.<\/li>\n<li>La zona texturizada dirigida debajo del antepi\u00e9 reduce el deslizamiento.<\/li>\n<li>Altura del pu\u00f1o de 7\u00b4\u00b4 (talla mediana)<\/li>\n<\/ul>\n","protected":false},"excerpt":{"rendered":"<p>Los calcetines Hydrogen Aero Tall Road utilizan los mismos hilos VaporRize\u2122 Hydrogen que se utilizan en nuestros calcetines Hydrogen Vent Tall en el pie, pero a\u00f1aden un pu\u00f1o de punto acanalado que le brinda una ventaja aerodin\u00e1mica sobre los calcetines normales. Es como conseguir velocidad libre para tus piernas.<\/p>\n","protected":false},"featured_media":289805,"comment_status":"closed","ping_status":"closed","template":"","meta":{"_acf_changed":false,"_et_pb_use_builder":"","_et_pb_old_content":"","_et_gb_content_width":"","inline_featured_image":false},"product_brand":[],"product_cat":[50,72],"product_tag":[],"class_list":{"0":"post-374816","1":"product","2":"type-product","3":"status-publish","4":"has-post-thumbnail","6":"product_cat-equipaciones","7":"product_cat-calcetines","9":"first","10":"instock","11":"taxable","12":"shipping-taxable","13":"purchasable","14":"product-type-variable","15":"wvs-archive-product-wrapper"},"acf":[],"yoast_head":"<!-- This site is optimized with the Yoast SEO Premium plugin v26.7 (Yoast SEO v26.7) - https:\/\/yoast.com\/wordpress\/plugins\/seo\/ -->\n<title>Specialized Hydrgen Vent Tall Road<\/title>\n<meta name=\"robots\" content=\"index, follow, max-snippet:-1, max-image-preview:large, max-video-preview:-1\" \/>\n<link rel=\"canonical\" href=\"https:\/\/gr-100.com\/producto\/specialized-hydrgen-vent-tall-road\/\" \/>\n<meta property=\"og:locale\" content=\"en_US\" \/>\n<meta property=\"og:type\" content=\"article\" \/>\n<meta property=\"og:title\" content=\"Specialized Hydrgen Vent Tall Road\" \/>\n<meta property=\"og:description\" content=\"Los calcetines Hydrogen Aero Tall Road utilizan los mismos hilos VaporRize\u2122 Hydrogen que se utilizan en nuestros calcetines Hydrogen Vent Tall en el pie, pero a\u00f1aden un pu\u00f1o de punto acanalado que le brinda una ventaja aerodin\u00e1mica sobre los calcetines normales. Es como conseguir velocidad libre para tus piernas.\" \/>\n<meta property=\"og:url\" content=\"https:\/\/gr-100.com\/producto\/specialized-hydrgen-vent-tall-road\/\" \/>\n<meta property=\"og:site_name\" content=\"Gr-100 Tienda de ciclismo Specialized\" \/>\n<meta property=\"article:publisher\" content=\"https:\/\/www.facebook.com\/Gr100Bikes\" \/>\n<meta property=\"article:modified_time\" content=\"2026-03-31T18:40:42+00:00\" \/>\n<meta property=\"og:image\" content=\"https:\/\/gr-100.com\/wp-content\/uploads\/2024\/05\/specialized-calcetines-medi.jpg\" \/>\n\t<meta property=\"og:image:width\" content=\"1000\" \/>\n\t<meta property=\"og:image:height\" content=\"1000\" \/>\n\t<meta property=\"og:image:type\" content=\"image\/jpeg\" \/>\n<meta name=\"twitter:card\" content=\"summary_large_image\" \/>\n<meta name=\"twitter:label1\" content=\"Est. reading time\" \/>\n\t<meta name=\"twitter:data1\" content=\"1 minute\" \/>\n<script type=\"application\/ld+json\" class=\"yoast-schema-graph\">{\"@context\":\"https:\/\/schema.org\",\"@graph\":[{\"@type\":\"WebPage\",\"@id\":\"https:\/\/gr-100.com\/producto\/specialized-hydrgen-vent-tall-road\/\",\"url\":\"https:\/\/gr-100.com\/producto\/specialized-hydrgen-vent-tall-road\/\",\"name\":\"Specialized Hydrgen Vent Tall Road\",\"isPartOf\":{\"@id\":\"https:\/\/gr-100.com\/#website\"},\"primaryImageOfPage\":{\"@id\":\"https:\/\/gr-100.com\/producto\/specialized-hydrgen-vent-tall-road\/#primaryimage\"},\"image\":{\"@id\":\"https:\/\/gr-100.com\/producto\/specialized-hydrgen-vent-tall-road\/#primaryimage\"},\"thumbnailUrl\":\"https:\/\/gr-100.com\/wp-content\/uploads\/2024\/05\/specialized-calcetines-medi.jpg\",\"datePublished\":\"2024-07-01T13:05:19+00:00\",\"dateModified\":\"2026-03-31T18:40:42+00:00\",\"breadcrumb\":{\"@id\":\"https:\/\/gr-100.com\/producto\/specialized-hydrgen-vent-tall-road\/#breadcrumb\"},\"inLanguage\":\"en-US\",\"potentialAction\":[{\"@type\":\"ReadAction\",\"target\":[\"https:\/\/gr-100.com\/producto\/specialized-hydrgen-vent-tall-road\/\"]}]},{\"@type\":\"ImageObject\",\"inLanguage\":\"en-US\",\"@id\":\"https:\/\/gr-100.com\/producto\/specialized-hydrgen-vent-tall-road\/#primaryimage\",\"url\":\"https:\/\/gr-100.com\/wp-content\/uploads\/2024\/05\/specialized-calcetines-medi.jpg\",\"contentUrl\":\"https:\/\/gr-100.com\/wp-content\/uploads\/2024\/05\/specialized-calcetines-medi.jpg\",\"width\":1000,\"height\":1000},{\"@type\":\"BreadcrumbList\",\"@id\":\"https:\/\/gr-100.com\/producto\/specialized-hydrgen-vent-tall-road\/#breadcrumb\",\"itemListElement\":[{\"@type\":\"ListItem\",\"position\":1,\"name\":\"Portada\",\"item\":\"https:\/\/gr-100.com\/pt-pt\/\"},{\"@type\":\"ListItem\",\"position\":2,\"name\":\"Productos\",\"item\":\"https:\/\/gr-100.com\/?post_type=product\"},{\"@type\":\"ListItem\",\"position\":3,\"name\":\"Specialized Hydrgen Vent Tall Road\"}]},{\"@type\":\"WebSite\",\"@id\":\"https:\/\/gr-100.com\/#website\",\"url\":\"https:\/\/gr-100.com\/\",\"name\":\"Gr-100 Tienda de ciclismo Specialized\",\"description\":\"GR-100 tenemos todas las gamas de bicicletas Specialized al mejor precio.\",\"publisher\":{\"@id\":\"https:\/\/gr-100.com\/#organization\"},\"alternateName\":\"Gr-100 Bikes\",\"potentialAction\":[{\"@type\":\"SearchAction\",\"target\":{\"@type\":\"EntryPoint\",\"urlTemplate\":\"https:\/\/gr-100.com\/?s={search_term_string}\"},\"query-input\":{\"@type\":\"PropertyValueSpecification\",\"valueRequired\":true,\"valueName\":\"search_term_string\"}}],\"inLanguage\":\"en-US\"},{\"@type\":\"Organization\",\"@id\":\"https:\/\/gr-100.com\/#organization\",\"name\":\"Gr-100\",\"url\":\"https:\/\/gr-100.com\/\",\"logo\":{\"@type\":\"ImageObject\",\"inLanguage\":\"en-US\",\"@id\":\"https:\/\/gr-100.com\/#\/schema\/logo\/image\/\",\"url\":\"https:\/\/gr-100.com\/wp-content\/uploads\/2023\/08\/logo-gr-100-bikes.png\",\"contentUrl\":\"https:\/\/gr-100.com\/wp-content\/uploads\/2023\/08\/logo-gr-100-bikes.png\",\"width\":707,\"height\":284,\"caption\":\"Gr-100\"},\"image\":{\"@id\":\"https:\/\/gr-100.com\/#\/schema\/logo\/image\/\"},\"sameAs\":[\"https:\/\/www.facebook.com\/Gr100Bikes\",\"https:\/\/www.instagram.com\/gr100bikes\/\",\"https:\/\/www.tiktok.com\/@gr100bikes\",\"https:\/\/twitter.com\/gr100mtbteam\",\"https:\/\/www.youtube.com\/c\/GR100Specialized\"]}]}<\/script>\n<!-- \/ Yoast SEO Premium plugin. -->","yoast_head_json":{"title":"Specialized Hydrgen Vent Tall Road","robots":{"index":"index","follow":"follow","max-snippet":"max-snippet:-1","max-image-preview":"max-image-preview:large","max-video-preview":"max-video-preview:-1"},"canonical":"https:\/\/gr-100.com\/producto\/specialized-hydrgen-vent-tall-road\/","og_locale":"en_US","og_type":"article","og_title":"Specialized Hydrgen Vent Tall Road","og_description":"Los calcetines Hydrogen Aero Tall Road utilizan los mismos hilos VaporRize\u2122 Hydrogen que se utilizan en nuestros calcetines Hydrogen Vent Tall en el pie, pero a\u00f1aden un pu\u00f1o de punto acanalado que le brinda una ventaja aerodin\u00e1mica sobre los calcetines normales. Es como conseguir velocidad libre para tus piernas.","og_url":"https:\/\/gr-100.com\/producto\/specialized-hydrgen-vent-tall-road\/","og_site_name":"Gr-100 Tienda de ciclismo Specialized","article_publisher":"https:\/\/www.facebook.com\/Gr100Bikes","article_modified_time":"2026-03-31T18:40:42+00:00","og_image":[{"width":1000,"height":1000,"url":"https:\/\/gr-100.com\/wp-content\/uploads\/2024\/05\/specialized-calcetines-medi.jpg","type":"image\/jpeg"}],"twitter_card":"summary_large_image","twitter_misc":{"Est. reading time":"1 minute"},"schema":{"@context":"https:\/\/schema.org","@graph":[{"@type":"WebPage","@id":"https:\/\/gr-100.com\/producto\/specialized-hydrgen-vent-tall-road\/","url":"https:\/\/gr-100.com\/producto\/specialized-hydrgen-vent-tall-road\/","name":"Specialized Hydrgen Vent Tall Road","isPartOf":{"@id":"https:\/\/gr-100.com\/#website"},"primaryImageOfPage":{"@id":"https:\/\/gr-100.com\/producto\/specialized-hydrgen-vent-tall-road\/#primaryimage"},"image":{"@id":"https:\/\/gr-100.com\/producto\/specialized-hydrgen-vent-tall-road\/#primaryimage"},"thumbnailUrl":"https:\/\/gr-100.com\/wp-content\/uploads\/2024\/05\/specialized-calcetines-medi.jpg","datePublished":"2024-07-01T13:05:19+00:00","dateModified":"2026-03-31T18:40:42+00:00","breadcrumb":{"@id":"https:\/\/gr-100.com\/producto\/specialized-hydrgen-vent-tall-road\/#breadcrumb"},"inLanguage":"en-US","potentialAction":[{"@type":"ReadAction","target":["https:\/\/gr-100.com\/producto\/specialized-hydrgen-vent-tall-road\/"]}]},{"@type":"ImageObject","inLanguage":"en-US","@id":"https:\/\/gr-100.com\/producto\/specialized-hydrgen-vent-tall-road\/#primaryimage","url":"https:\/\/gr-100.com\/wp-content\/uploads\/2024\/05\/specialized-calcetines-medi.jpg","contentUrl":"https:\/\/gr-100.com\/wp-content\/uploads\/2024\/05\/specialized-calcetines-medi.jpg","width":1000,"height":1000},{"@type":"BreadcrumbList","@id":"https:\/\/gr-100.com\/producto\/specialized-hydrgen-vent-tall-road\/#breadcrumb","itemListElement":[{"@type":"ListItem","position":1,"name":"Portada","item":"https:\/\/gr-100.com\/pt-pt\/"},{"@type":"ListItem","position":2,"name":"Productos","item":"https:\/\/gr-100.com\/?post_type=product"},{"@type":"ListItem","position":3,"name":"Specialized Hydrgen Vent Tall Road"}]},{"@type":"WebSite","@id":"https:\/\/gr-100.com\/#website","url":"https:\/\/gr-100.com\/","name":"Gr-100 Tienda de ciclismo Specialized","description":"GR-100 tenemos todas las gamas de bicicletas Specialized al mejor precio.","publisher":{"@id":"https:\/\/gr-100.com\/#organization"},"alternateName":"Gr-100 Bikes","potentialAction":[{"@type":"SearchAction","target":{"@type":"EntryPoint","urlTemplate":"https:\/\/gr-100.com\/?s={search_term_string}"},"query-input":{"@type":"PropertyValueSpecification","valueRequired":true,"valueName":"search_term_string"}}],"inLanguage":"en-US"},{"@type":"Organization","@id":"https:\/\/gr-100.com\/#organization","name":"Gr-100","url":"https:\/\/gr-100.com\/","logo":{"@type":"ImageObject","inLanguage":"en-US","@id":"https:\/\/gr-100.com\/#\/schema\/logo\/image\/","url":"https:\/\/gr-100.com\/wp-content\/uploads\/2023\/08\/logo-gr-100-bikes.png","contentUrl":"https:\/\/gr-100.com\/wp-content\/uploads\/2023\/08\/logo-gr-100-bikes.png","width":707,"height":284,"caption":"Gr-100"},"image":{"@id":"https:\/\/gr-100.com\/#\/schema\/logo\/image\/"},"sameAs":["https:\/\/www.facebook.com\/Gr100Bikes","https:\/\/www.instagram.com\/gr100bikes\/","https:\/\/www.tiktok.com\/@gr100bikes","https:\/\/twitter.com\/gr100mtbteam","https:\/\/www.youtube.com\/c\/GR100Specialized"]}]}},"_links":{"self":[{"href":"https:\/\/gr-100.com\/en\/wp-json\/wp\/v2\/product\/374816","targetHints":{"allow":["GET"]}}],"collection":[{"href":"https:\/\/gr-100.com\/en\/wp-json\/wp\/v2\/product"}],"about":[{"href":"https:\/\/gr-100.com\/en\/wp-json\/wp\/v2\/types\/product"}],"replies":[{"embeddable":true,"href":"https:\/\/gr-100.com\/en\/wp-json\/wp\/v2\/comments?post=374816"}],"wp:featuredmedia":[{"embeddable":true,"href":"https:\/\/gr-100.com\/en\/wp-json\/wp\/v2\/media\/289805"}],"wp:attachment":[{"href":"https:\/\/gr-100.com\/en\/wp-json\/wp\/v2\/media?parent=374816"}],"wp:term":[{"taxonomy":"product_brand","embeddable":true,"href":"https:\/\/gr-100.com\/en\/wp-json\/wp\/v2\/product_brand?post=374816"},{"taxonomy":"product_cat","embeddable":true,"href":"https:\/\/gr-100.com\/en\/wp-json\/wp\/v2\/product_cat?post=374816"},{"taxonomy":"product_tag","embeddable":true,"href":"https:\/\/gr-100.com\/en\/wp-json\/wp\/v2\/product_tag?post=374816"}],"curies":[{"name":"wp","href":"https:\/\/api.w.org\/{rel}","templated":true}]}}