{"id":375214,"date":"2024-07-01T13:22:44","date_gmt":"2024-07-01T13:22:44","guid":{"rendered":"https:\/\/nuevo.gr-100.com\/producto\/dt-swiss-erc-1600-di-45\/"},"modified":"2025-09-22T15:13:53","modified_gmt":"2025-09-22T13:13:53","slug":"dt-swiss-erc-1600-di-45","status":"publish","type":"product","link":"https:\/\/gr-100.com\/en\/producto\/dt-swiss-erc-1600-di-45\/","title":{"rendered":"DT Swiss ERC 1600 Di 45"},"content":{"rendered":"<p><strong>CARACTERISTICAS:<\/strong><\/p>\n<p>CATEGOR\u00cdA DE PRODUCTOS<br \/>\nRoad<br \/>\nCAMPO DE APLICACI\u00d3N<br \/>\nERC<br \/>\nTIPO DE PRODUCTO<br \/>\n1600<br \/>\nPESO NETO [G]<br \/>\n1550 ( SET )<br \/>\nPESO M\u00c1XIMO RECOMENDADO DEL SISTEMA<br \/>\n120 kg<br \/>\nCLASIFICACI\u00d3N ASTM<br \/>\n2<br \/>\nRECOMENDADO PARA E-BIKES<br \/>\n&#8211;<br \/>\nMATERIAL<br \/>\nCarbon<br \/>\nINTERFAZ DE LOS NEUM\u00c1TICOS<br \/>\nHooked \/ Crotchet tubeless TC<br \/>\nDI\u00c1METRO DE LA RUEDA<br \/>\n622 mm (29&#8243; \/ 700C)<br \/>\nALTURA DE LLANTA<br \/>\n45 mm<br \/>\nANCHURA INTERIOR DE LA LLANTA<br \/>\n22 mm<br \/>\nANCHURA EXTERIOR<br \/>\n28.5 mm<br \/>\nBUJE<br \/>\nSISTEMA DE EJES<br \/>\n12 mm Thru axle<br \/>\nSISTEMA DE FRENO<br \/>\nDisc Center Lock<br \/>\nN\u00daCLEO<br \/>\nShim. RD. 11SP Light (ASL11)<br \/>\nINTERFAZ DE CASSETTE<br \/>\nShimano ROAD<br \/>\nTIPO DE BUJE<br \/>\n350 DICUT<br \/>\nTIPO DE N\u00daCLEO<br \/>\nRatchet<br \/>\nRADIOS &#038; CABECILLAS<br \/>\nRADIOS LADO IZQUIERDO<br \/>\nDT aero comp\u00ae t-head<br \/>\nRADIOS LADO DERECHO<br \/>\nDT aero comp\u00ae t-head<br \/>\nRADIADO<br \/>\nTwo-cross (1:1)<br \/>\nCABECILLAS<br \/>\nDT Pro Lock hidden aluminum<\/p>\n","protected":false},"excerpt":{"rendered":"<p>Las\u00a0<strong>RUEDAS DT Swiss ERC 1600 Di 45<\/strong>\u00a0son un conjunto de ruedas optimizado aerodin\u00e1micamente con llanta de media altura para salidas m\u00e1s largas por terreno variable. Disfruta de una marcha c\u00f3moda y una maniobrabilidad segura tambi\u00e9n en los descensos r\u00e1pidos.<\/p>\n","protected":false},"featured_media":290472,"comment_status":"closed","ping_status":"closed","template":"","meta":{"_acf_changed":false,"_et_pb_use_builder":"","_et_pb_old_content":"","_et_gb_content_width":"","inline_featured_image":false},"product_brand":[],"product_cat":[25,55],"product_tag":[],"class_list":{"0":"post-375214","1":"product","2":"type-product","3":"status-publish","4":"has-post-thumbnail","6":"product_cat-componentes","7":"product_cat-ruedas","8":"product_shipping_class-componentes","10":"first","11":"outofstock","12":"sale","13":"taxable","14":"shipping-taxable","15":"purchasable","16":"product-type-simple"},"acf":[],"yoast_head":"<!-- This site is optimized with the Yoast SEO Premium plugin v26.7 (Yoast SEO v26.7) - https:\/\/yoast.com\/wordpress\/plugins\/seo\/ -->\n<title>DT Swiss ERC 1600 Di 45 GR-100 Oferta<\/title>\n<meta name=\"description\" content=\"Que ni las superficies cambiantes de la calzada ni las condiciones meteorol\u00f3gicas te detengan: con las DT Swiss Arc 1600 SP Cl 62.\" \/>\n<meta name=\"robots\" content=\"index, follow, max-snippet:-1, max-image-preview:large, max-video-preview:-1\" \/>\n<link rel=\"canonical\" href=\"https:\/\/gr-100.com\/producto\/dt-swiss-erc-1600-di-45\/\" \/>\n<meta property=\"og:locale\" content=\"en_US\" \/>\n<meta property=\"og:type\" content=\"article\" \/>\n<meta property=\"og:title\" content=\"DT Swiss ERC 1600 Di 45\" \/>\n<meta property=\"og:description\" content=\"Que ni las superficies cambiantes de la calzada ni las condiciones meteorol\u00f3gicas te detengan: con las DT Swiss Arc 1600 SP Cl 62.\" \/>\n<meta property=\"og:url\" content=\"https:\/\/gr-100.com\/producto\/dt-swiss-erc-1600-di-45\/\" \/>\n<meta property=\"og:site_name\" content=\"Gr-100 Tienda de ciclismo Specialized\" \/>\n<meta property=\"article:publisher\" content=\"https:\/\/www.facebook.com\/Gr100Bikes\" \/>\n<meta property=\"article:modified_time\" content=\"2025-09-22T13:13:53+00:00\" \/>\n<meta property=\"og:image\" content=\"https:\/\/gr-100.com\/wp-content\/uploads\/2024\/05\/arc-1600-sp-cl-62.jpeg\" \/>\n\t<meta property=\"og:image:width\" content=\"1000\" \/>\n\t<meta property=\"og:image:height\" content=\"1000\" \/>\n\t<meta property=\"og:image:type\" content=\"image\/jpeg\" \/>\n<meta name=\"twitter:card\" content=\"summary_large_image\" \/>\n<meta name=\"twitter:label1\" content=\"Est. reading time\" \/>\n\t<meta name=\"twitter:data1\" content=\"1 minute\" \/>\n<script type=\"application\/ld+json\" class=\"yoast-schema-graph\">{\"@context\":\"https:\/\/schema.org\",\"@graph\":[{\"@type\":\"WebPage\",\"@id\":\"https:\/\/gr-100.com\/producto\/dt-swiss-erc-1600-di-45\/\",\"url\":\"https:\/\/gr-100.com\/producto\/dt-swiss-erc-1600-di-45\/\",\"name\":\"DT Swiss ERC 1600 Di 45 GR-100 Oferta\",\"isPartOf\":{\"@id\":\"https:\/\/gr-100.com\/#website\"},\"primaryImageOfPage\":{\"@id\":\"https:\/\/gr-100.com\/producto\/dt-swiss-erc-1600-di-45\/#primaryimage\"},\"image\":{\"@id\":\"https:\/\/gr-100.com\/producto\/dt-swiss-erc-1600-di-45\/#primaryimage\"},\"thumbnailUrl\":\"https:\/\/gr-100.com\/wp-content\/uploads\/2024\/05\/arc-1600-sp-cl-62.jpeg\",\"datePublished\":\"2024-07-01T13:22:44+00:00\",\"dateModified\":\"2025-09-22T13:13:53+00:00\",\"description\":\"Que ni las superficies cambiantes de la calzada ni las condiciones meteorol\u00f3gicas te detengan: con las DT Swiss Arc 1600 SP Cl 62.\",\"breadcrumb\":{\"@id\":\"https:\/\/gr-100.com\/producto\/dt-swiss-erc-1600-di-45\/#breadcrumb\"},\"inLanguage\":\"en-US\",\"potentialAction\":[{\"@type\":\"ReadAction\",\"target\":[\"https:\/\/gr-100.com\/producto\/dt-swiss-erc-1600-di-45\/\"]}]},{\"@type\":\"ImageObject\",\"inLanguage\":\"en-US\",\"@id\":\"https:\/\/gr-100.com\/producto\/dt-swiss-erc-1600-di-45\/#primaryimage\",\"url\":\"https:\/\/gr-100.com\/wp-content\/uploads\/2024\/05\/arc-1600-sp-cl-62.jpeg\",\"contentUrl\":\"https:\/\/gr-100.com\/wp-content\/uploads\/2024\/05\/arc-1600-sp-cl-62.jpeg\",\"width\":1000,\"height\":1000},{\"@type\":\"BreadcrumbList\",\"@id\":\"https:\/\/gr-100.com\/producto\/dt-swiss-erc-1600-di-45\/#breadcrumb\",\"itemListElement\":[{\"@type\":\"ListItem\",\"position\":1,\"name\":\"Portada\",\"item\":\"https:\/\/gr-100.com\/pt-pt\/\"},{\"@type\":\"ListItem\",\"position\":2,\"name\":\"Productos\",\"item\":\"https:\/\/gr-100.com\/?post_type=product\"},{\"@type\":\"ListItem\",\"position\":3,\"name\":\"DT Swiss ERC 1600 Di 45\"}]},{\"@type\":\"WebSite\",\"@id\":\"https:\/\/gr-100.com\/#website\",\"url\":\"https:\/\/gr-100.com\/\",\"name\":\"Gr-100 Tienda de ciclismo Specialized\",\"description\":\"GR-100 tenemos todas las gamas de bicicletas Specialized al mejor precio.\",\"publisher\":{\"@id\":\"https:\/\/gr-100.com\/#organization\"},\"alternateName\":\"Gr-100 Bikes\",\"potentialAction\":[{\"@type\":\"SearchAction\",\"target\":{\"@type\":\"EntryPoint\",\"urlTemplate\":\"https:\/\/gr-100.com\/?s={search_term_string}\"},\"query-input\":{\"@type\":\"PropertyValueSpecification\",\"valueRequired\":true,\"valueName\":\"search_term_string\"}}],\"inLanguage\":\"en-US\"},{\"@type\":\"Organization\",\"@id\":\"https:\/\/gr-100.com\/#organization\",\"name\":\"Gr-100\",\"url\":\"https:\/\/gr-100.com\/\",\"logo\":{\"@type\":\"ImageObject\",\"inLanguage\":\"en-US\",\"@id\":\"https:\/\/gr-100.com\/#\/schema\/logo\/image\/\",\"url\":\"https:\/\/gr-100.com\/wp-content\/uploads\/2023\/08\/logo-gr-100-bikes.png\",\"contentUrl\":\"https:\/\/gr-100.com\/wp-content\/uploads\/2023\/08\/logo-gr-100-bikes.png\",\"width\":707,\"height\":284,\"caption\":\"Gr-100\"},\"image\":{\"@id\":\"https:\/\/gr-100.com\/#\/schema\/logo\/image\/\"},\"sameAs\":[\"https:\/\/www.facebook.com\/Gr100Bikes\",\"https:\/\/www.instagram.com\/gr100bikes\/\",\"https:\/\/www.tiktok.com\/@gr100bikes\",\"https:\/\/twitter.com\/gr100mtbteam\",\"https:\/\/www.youtube.com\/c\/GR100Specialized\"]}]}<\/script>\n<!-- \/ Yoast SEO Premium plugin. -->","yoast_head_json":{"title":"DT Swiss ERC 1600 Di 45 GR-100 Oferta","description":"Que ni las superficies cambiantes de la calzada ni las condiciones meteorol\u00f3gicas te detengan: con las DT Swiss Arc 1600 SP Cl 62.","robots":{"index":"index","follow":"follow","max-snippet":"max-snippet:-1","max-image-preview":"max-image-preview:large","max-video-preview":"max-video-preview:-1"},"canonical":"https:\/\/gr-100.com\/producto\/dt-swiss-erc-1600-di-45\/","og_locale":"en_US","og_type":"article","og_title":"DT Swiss ERC 1600 Di 45","og_description":"Que ni las superficies cambiantes de la calzada ni las condiciones meteorol\u00f3gicas te detengan: con las DT Swiss Arc 1600 SP Cl 62.","og_url":"https:\/\/gr-100.com\/producto\/dt-swiss-erc-1600-di-45\/","og_site_name":"Gr-100 Tienda de ciclismo Specialized","article_publisher":"https:\/\/www.facebook.com\/Gr100Bikes","article_modified_time":"2025-09-22T13:13:53+00:00","og_image":[{"width":1000,"height":1000,"url":"https:\/\/gr-100.com\/wp-content\/uploads\/2024\/05\/arc-1600-sp-cl-62.jpeg","type":"image\/jpeg"}],"twitter_card":"summary_large_image","twitter_misc":{"Est. reading time":"1 minute"},"schema":{"@context":"https:\/\/schema.org","@graph":[{"@type":"WebPage","@id":"https:\/\/gr-100.com\/producto\/dt-swiss-erc-1600-di-45\/","url":"https:\/\/gr-100.com\/producto\/dt-swiss-erc-1600-di-45\/","name":"DT Swiss ERC 1600 Di 45 GR-100 Oferta","isPartOf":{"@id":"https:\/\/gr-100.com\/#website"},"primaryImageOfPage":{"@id":"https:\/\/gr-100.com\/producto\/dt-swiss-erc-1600-di-45\/#primaryimage"},"image":{"@id":"https:\/\/gr-100.com\/producto\/dt-swiss-erc-1600-di-45\/#primaryimage"},"thumbnailUrl":"https:\/\/gr-100.com\/wp-content\/uploads\/2024\/05\/arc-1600-sp-cl-62.jpeg","datePublished":"2024-07-01T13:22:44+00:00","dateModified":"2025-09-22T13:13:53+00:00","description":"Que ni las superficies cambiantes de la calzada ni las condiciones meteorol\u00f3gicas te detengan: con las DT Swiss Arc 1600 SP Cl 62.","breadcrumb":{"@id":"https:\/\/gr-100.com\/producto\/dt-swiss-erc-1600-di-45\/#breadcrumb"},"inLanguage":"en-US","potentialAction":[{"@type":"ReadAction","target":["https:\/\/gr-100.com\/producto\/dt-swiss-erc-1600-di-45\/"]}]},{"@type":"ImageObject","inLanguage":"en-US","@id":"https:\/\/gr-100.com\/producto\/dt-swiss-erc-1600-di-45\/#primaryimage","url":"https:\/\/gr-100.com\/wp-content\/uploads\/2024\/05\/arc-1600-sp-cl-62.jpeg","contentUrl":"https:\/\/gr-100.com\/wp-content\/uploads\/2024\/05\/arc-1600-sp-cl-62.jpeg","width":1000,"height":1000},{"@type":"BreadcrumbList","@id":"https:\/\/gr-100.com\/producto\/dt-swiss-erc-1600-di-45\/#breadcrumb","itemListElement":[{"@type":"ListItem","position":1,"name":"Portada","item":"https:\/\/gr-100.com\/pt-pt\/"},{"@type":"ListItem","position":2,"name":"Productos","item":"https:\/\/gr-100.com\/?post_type=product"},{"@type":"ListItem","position":3,"name":"DT Swiss ERC 1600 Di 45"}]},{"@type":"WebSite","@id":"https:\/\/gr-100.com\/#website","url":"https:\/\/gr-100.com\/","name":"Gr-100 Tienda de ciclismo Specialized","description":"GR-100 tenemos todas las gamas de bicicletas Specialized al mejor precio.","publisher":{"@id":"https:\/\/gr-100.com\/#organization"},"alternateName":"Gr-100 Bikes","potentialAction":[{"@type":"SearchAction","target":{"@type":"EntryPoint","urlTemplate":"https:\/\/gr-100.com\/?s={search_term_string}"},"query-input":{"@type":"PropertyValueSpecification","valueRequired":true,"valueName":"search_term_string"}}],"inLanguage":"en-US"},{"@type":"Organization","@id":"https:\/\/gr-100.com\/#organization","name":"Gr-100","url":"https:\/\/gr-100.com\/","logo":{"@type":"ImageObject","inLanguage":"en-US","@id":"https:\/\/gr-100.com\/#\/schema\/logo\/image\/","url":"https:\/\/gr-100.com\/wp-content\/uploads\/2023\/08\/logo-gr-100-bikes.png","contentUrl":"https:\/\/gr-100.com\/wp-content\/uploads\/2023\/08\/logo-gr-100-bikes.png","width":707,"height":284,"caption":"Gr-100"},"image":{"@id":"https:\/\/gr-100.com\/#\/schema\/logo\/image\/"},"sameAs":["https:\/\/www.facebook.com\/Gr100Bikes","https:\/\/www.instagram.com\/gr100bikes\/","https:\/\/www.tiktok.com\/@gr100bikes","https:\/\/twitter.com\/gr100mtbteam","https:\/\/www.youtube.com\/c\/GR100Specialized"]}]}},"_links":{"self":[{"href":"https:\/\/gr-100.com\/en\/wp-json\/wp\/v2\/product\/375214","targetHints":{"allow":["GET"]}}],"collection":[{"href":"https:\/\/gr-100.com\/en\/wp-json\/wp\/v2\/product"}],"about":[{"href":"https:\/\/gr-100.com\/en\/wp-json\/wp\/v2\/types\/product"}],"replies":[{"embeddable":true,"href":"https:\/\/gr-100.com\/en\/wp-json\/wp\/v2\/comments?post=375214"}],"wp:featuredmedia":[{"embeddable":true,"href":"https:\/\/gr-100.com\/en\/wp-json\/wp\/v2\/media\/290472"}],"wp:attachment":[{"href":"https:\/\/gr-100.com\/en\/wp-json\/wp\/v2\/media?parent=375214"}],"wp:term":[{"taxonomy":"product_brand","embeddable":true,"href":"https:\/\/gr-100.com\/en\/wp-json\/wp\/v2\/product_brand?post=375214"},{"taxonomy":"product_cat","embeddable":true,"href":"https:\/\/gr-100.com\/en\/wp-json\/wp\/v2\/product_cat?post=375214"},{"taxonomy":"product_tag","embeddable":true,"href":"https:\/\/gr-100.com\/en\/wp-json\/wp\/v2\/product_tag?post=375214"}],"curies":[{"name":"wp","href":"https:\/\/api.w.org\/{rel}","templated":true}]}}