{"id":375230,"date":"2024-07-01T13:23:31","date_gmt":"2024-07-01T13:23:31","guid":{"rendered":"https:\/\/nuevo.gr-100.com\/producto\/specialized-mountain-liner-culotte\/"},"modified":"2026-04-09T11:01:49","modified_gmt":"2026-04-09T10:01:49","slug":"specialized-mountain-liner-culotte","status":"publish","type":"product","link":"https:\/\/gr-100.com\/en\/producto\/specialized-mountain-liner-culotte\/","title":{"rendered":"Specialized Mountain Liner Culotte"},"content":{"rendered":"<ul>\n<li>Los tejidos de malla VaporRize\u2122 son extremadamente frescos, c\u00f3modos y livianos, al tiempo que crean el doble beneficio de ser altamente efectivos en la absorci\u00f3n y evaporaci\u00f3n de la humedad.<\/li>\n<li>Los bolsillos SWAT\u2122 patentados e integrados guardan todos tus elementos esenciales para el sendero y colocan todo lo que necesitas justo donde lo deseas. Tambi\u00e9n incluimos un bolsillo trasero con cremallera seguro y dos bolsillos laterales en las piernas en este culotte con tirantes para obtener la m\u00e1xima cantidad de espacio de carga.<\/li>\n<li>La gamuza 3D est\u00e1 premoldeada para adaptarse a la forma del cuerpo para brindar una comodidad excepcional.<\/li>\n<li>Entrepierna de 8.5&#8243; (talla mediana).<\/li>\n<li>Contenido de la tela: PRINCIPAL: 100% Poli\u00e9ster &#8211; OTROS: 88% Poli\u00e9ster, 12% Elastano<\/li>\n<\/ul>\n","protected":false},"excerpt":{"rendered":"<p>Mountain Liner con SWAT\u2122. Con ellos, hemos podido crear un dise\u00f1o pendiente de patente que alberga cinco bolsillos SWAT\u2122 integrados en el propio culotte. Los bolsillos se asientan a ras del cuerpo, y tienen una forma y una estructura que garantizan que el contenido no saldr\u00e1 nunca disparado. Adem\u00e1s, los bolsillos var\u00edan en tama\u00f1o y ubicaci\u00f3n, lo que significa que siempre tendr\u00e1s un bolsillo de forma perfecta para tus objetos grandes y peque\u00f1os, por igual. En cuanto a los pantalones cortos, los hemos dise\u00f1ado para que vayan solos, a ver, no literalmente, sino en el sentido de que te encantar\u00e1 llevarlos con o sin los ingeniosos bolsillos. Para ello, los hemos confeccionado con nuestros tejidos de malla VaporRize\u2122, m\u00e1s que ligeros, para que sean lo m\u00e1s c\u00f3modos y transpirables posible, mientras que la longitud de la entrepierna de 9,5 pulgadas (talla Medium) se adapta muy bien a los pantalones cortos cuando te inclinas.<\/p>\n","protected":false},"featured_media":290526,"comment_status":"closed","ping_status":"closed","template":"","meta":{"_acf_changed":false,"_et_pb_use_builder":"","_et_pb_old_content":"","_et_gb_content_width":"","inline_featured_image":false},"product_brand":[],"product_cat":[4330,50,2403,51,27],"product_tag":[],"class_list":{"0":"post-375230","1":"product","2":"type-product","3":"status-publish","4":"has-post-thumbnail","6":"product_cat-black-friday-2","7":"product_cat-equipaciones","8":"product_cat-outlet-equipacion","9":"product_cat-ropa","10":"product_cat-outlet","11":"product_shipping_class-equipacion","13":"first","14":"instock","15":"sale","16":"taxable","17":"shipping-taxable","18":"purchasable","19":"product-type-variable","20":"wvs-archive-product-wrapper"},"acf":[],"yoast_head":"<!-- This site is optimized with the Yoast SEO Premium plugin v26.7 (Yoast SEO v26.7) - https:\/\/yoast.com\/wordpress\/plugins\/seo\/ -->\n<title>Specialized Mountain Liner Culotte GR-!00<\/title>\n<meta name=\"description\" content=\"Mountain Liner Culotte, confeccionados con nuestros tejidos de malla VaporRize\u2122, m\u00e1s que ligeros, para que sean lo m\u00e1s c\u00f3modos y transpirables posible.\" \/>\n<meta name=\"robots\" content=\"index, follow, max-snippet:-1, max-image-preview:large, max-video-preview:-1\" \/>\n<link rel=\"canonical\" href=\"https:\/\/gr-100.com\/producto\/specialized-mountain-liner-culotte\/\" \/>\n<meta property=\"og:locale\" content=\"en_US\" \/>\n<meta property=\"og:type\" content=\"article\" \/>\n<meta property=\"og:title\" content=\"Specialized Mountain Liner Culotte\" \/>\n<meta property=\"og:description\" content=\"Mountain Liner Culotte, confeccionados con nuestros tejidos de malla VaporRize\u2122, m\u00e1s que ligeros, para que sean lo m\u00e1s c\u00f3modos y transpirables posible.\" \/>\n<meta property=\"og:url\" content=\"https:\/\/gr-100.com\/producto\/specialized-mountain-liner-culotte\/\" \/>\n<meta property=\"og:site_name\" content=\"Gr-100 Tienda de ciclismo Specialized\" \/>\n<meta property=\"article:publisher\" content=\"https:\/\/www.facebook.com\/Gr100Bikes\" \/>\n<meta property=\"article:modified_time\" content=\"2026-04-09T10:01:49+00:00\" \/>\n<meta property=\"og:image\" content=\"https:\/\/gr-100.com\/wp-content\/uploads\/2024\/05\/My-project-1-3.jpeg\" \/>\n\t<meta property=\"og:image:width\" content=\"1200\" \/>\n\t<meta property=\"og:image:height\" content=\"1200\" \/>\n\t<meta property=\"og:image:type\" content=\"image\/jpeg\" \/>\n<meta name=\"twitter:card\" content=\"summary_large_image\" \/>\n<meta name=\"twitter:label1\" content=\"Est. reading time\" \/>\n\t<meta name=\"twitter:data1\" content=\"1 minute\" \/>\n<script type=\"application\/ld+json\" class=\"yoast-schema-graph\">{\"@context\":\"https:\/\/schema.org\",\"@graph\":[{\"@type\":\"WebPage\",\"@id\":\"https:\/\/gr-100.com\/producto\/specialized-mountain-liner-culotte\/\",\"url\":\"https:\/\/gr-100.com\/producto\/specialized-mountain-liner-culotte\/\",\"name\":\"Specialized Mountain Liner Culotte GR-!00\",\"isPartOf\":{\"@id\":\"https:\/\/gr-100.com\/#website\"},\"primaryImageOfPage\":{\"@id\":\"https:\/\/gr-100.com\/producto\/specialized-mountain-liner-culotte\/#primaryimage\"},\"image\":{\"@id\":\"https:\/\/gr-100.com\/producto\/specialized-mountain-liner-culotte\/#primaryimage\"},\"thumbnailUrl\":\"https:\/\/gr-100.com\/wp-content\/uploads\/2024\/05\/My-project-1-3.jpeg\",\"datePublished\":\"2024-07-01T13:23:31+00:00\",\"dateModified\":\"2026-04-09T10:01:49+00:00\",\"description\":\"Mountain Liner Culotte, confeccionados con nuestros tejidos de malla VaporRize\u2122, m\u00e1s que ligeros, para que sean lo m\u00e1s c\u00f3modos y transpirables posible.\",\"breadcrumb\":{\"@id\":\"https:\/\/gr-100.com\/producto\/specialized-mountain-liner-culotte\/#breadcrumb\"},\"inLanguage\":\"en-US\",\"potentialAction\":[{\"@type\":\"ReadAction\",\"target\":[\"https:\/\/gr-100.com\/producto\/specialized-mountain-liner-culotte\/\"]}]},{\"@type\":\"ImageObject\",\"inLanguage\":\"en-US\",\"@id\":\"https:\/\/gr-100.com\/producto\/specialized-mountain-liner-culotte\/#primaryimage\",\"url\":\"https:\/\/gr-100.com\/wp-content\/uploads\/2024\/05\/My-project-1-3.jpeg\",\"contentUrl\":\"https:\/\/gr-100.com\/wp-content\/uploads\/2024\/05\/My-project-1-3.jpeg\",\"width\":1200,\"height\":1200},{\"@type\":\"BreadcrumbList\",\"@id\":\"https:\/\/gr-100.com\/producto\/specialized-mountain-liner-culotte\/#breadcrumb\",\"itemListElement\":[{\"@type\":\"ListItem\",\"position\":1,\"name\":\"Portada\",\"item\":\"https:\/\/gr-100.com\/pt-pt\/\"},{\"@type\":\"ListItem\",\"position\":2,\"name\":\"Productos\",\"item\":\"https:\/\/gr-100.com\/?post_type=product\"},{\"@type\":\"ListItem\",\"position\":3,\"name\":\"Specialized Mountain Liner Culotte\"}]},{\"@type\":\"WebSite\",\"@id\":\"https:\/\/gr-100.com\/#website\",\"url\":\"https:\/\/gr-100.com\/\",\"name\":\"Gr-100 Tienda de ciclismo Specialized\",\"description\":\"GR-100 tenemos todas las gamas de bicicletas Specialized al mejor precio.\",\"publisher\":{\"@id\":\"https:\/\/gr-100.com\/#organization\"},\"alternateName\":\"Gr-100 Bikes\",\"potentialAction\":[{\"@type\":\"SearchAction\",\"target\":{\"@type\":\"EntryPoint\",\"urlTemplate\":\"https:\/\/gr-100.com\/?s={search_term_string}\"},\"query-input\":{\"@type\":\"PropertyValueSpecification\",\"valueRequired\":true,\"valueName\":\"search_term_string\"}}],\"inLanguage\":\"en-US\"},{\"@type\":\"Organization\",\"@id\":\"https:\/\/gr-100.com\/#organization\",\"name\":\"Gr-100\",\"url\":\"https:\/\/gr-100.com\/\",\"logo\":{\"@type\":\"ImageObject\",\"inLanguage\":\"en-US\",\"@id\":\"https:\/\/gr-100.com\/#\/schema\/logo\/image\/\",\"url\":\"https:\/\/gr-100.com\/wp-content\/uploads\/2023\/08\/logo-gr-100-bikes.png\",\"contentUrl\":\"https:\/\/gr-100.com\/wp-content\/uploads\/2023\/08\/logo-gr-100-bikes.png\",\"width\":707,\"height\":284,\"caption\":\"Gr-100\"},\"image\":{\"@id\":\"https:\/\/gr-100.com\/#\/schema\/logo\/image\/\"},\"sameAs\":[\"https:\/\/www.facebook.com\/Gr100Bikes\",\"https:\/\/www.instagram.com\/gr100bikes\/\",\"https:\/\/www.tiktok.com\/@gr100bikes\",\"https:\/\/twitter.com\/gr100mtbteam\",\"https:\/\/www.youtube.com\/c\/GR100Specialized\"]}]}<\/script>\n<!-- \/ Yoast SEO Premium plugin. -->","yoast_head_json":{"title":"Specialized Mountain Liner Culotte GR-!00","description":"Mountain Liner Culotte, confeccionados con nuestros tejidos de malla VaporRize\u2122, m\u00e1s que ligeros, para que sean lo m\u00e1s c\u00f3modos y transpirables posible.","robots":{"index":"index","follow":"follow","max-snippet":"max-snippet:-1","max-image-preview":"max-image-preview:large","max-video-preview":"max-video-preview:-1"},"canonical":"https:\/\/gr-100.com\/producto\/specialized-mountain-liner-culotte\/","og_locale":"en_US","og_type":"article","og_title":"Specialized Mountain Liner Culotte","og_description":"Mountain Liner Culotte, confeccionados con nuestros tejidos de malla VaporRize\u2122, m\u00e1s que ligeros, para que sean lo m\u00e1s c\u00f3modos y transpirables posible.","og_url":"https:\/\/gr-100.com\/producto\/specialized-mountain-liner-culotte\/","og_site_name":"Gr-100 Tienda de ciclismo Specialized","article_publisher":"https:\/\/www.facebook.com\/Gr100Bikes","article_modified_time":"2026-04-09T10:01:49+00:00","og_image":[{"width":1200,"height":1200,"url":"https:\/\/gr-100.com\/wp-content\/uploads\/2024\/05\/My-project-1-3.jpeg","type":"image\/jpeg"}],"twitter_card":"summary_large_image","twitter_misc":{"Est. reading time":"1 minute"},"schema":{"@context":"https:\/\/schema.org","@graph":[{"@type":"WebPage","@id":"https:\/\/gr-100.com\/producto\/specialized-mountain-liner-culotte\/","url":"https:\/\/gr-100.com\/producto\/specialized-mountain-liner-culotte\/","name":"Specialized Mountain Liner Culotte GR-!00","isPartOf":{"@id":"https:\/\/gr-100.com\/#website"},"primaryImageOfPage":{"@id":"https:\/\/gr-100.com\/producto\/specialized-mountain-liner-culotte\/#primaryimage"},"image":{"@id":"https:\/\/gr-100.com\/producto\/specialized-mountain-liner-culotte\/#primaryimage"},"thumbnailUrl":"https:\/\/gr-100.com\/wp-content\/uploads\/2024\/05\/My-project-1-3.jpeg","datePublished":"2024-07-01T13:23:31+00:00","dateModified":"2026-04-09T10:01:49+00:00","description":"Mountain Liner Culotte, confeccionados con nuestros tejidos de malla VaporRize\u2122, m\u00e1s que ligeros, para que sean lo m\u00e1s c\u00f3modos y transpirables posible.","breadcrumb":{"@id":"https:\/\/gr-100.com\/producto\/specialized-mountain-liner-culotte\/#breadcrumb"},"inLanguage":"en-US","potentialAction":[{"@type":"ReadAction","target":["https:\/\/gr-100.com\/producto\/specialized-mountain-liner-culotte\/"]}]},{"@type":"ImageObject","inLanguage":"en-US","@id":"https:\/\/gr-100.com\/producto\/specialized-mountain-liner-culotte\/#primaryimage","url":"https:\/\/gr-100.com\/wp-content\/uploads\/2024\/05\/My-project-1-3.jpeg","contentUrl":"https:\/\/gr-100.com\/wp-content\/uploads\/2024\/05\/My-project-1-3.jpeg","width":1200,"height":1200},{"@type":"BreadcrumbList","@id":"https:\/\/gr-100.com\/producto\/specialized-mountain-liner-culotte\/#breadcrumb","itemListElement":[{"@type":"ListItem","position":1,"name":"Portada","item":"https:\/\/gr-100.com\/pt-pt\/"},{"@type":"ListItem","position":2,"name":"Productos","item":"https:\/\/gr-100.com\/?post_type=product"},{"@type":"ListItem","position":3,"name":"Specialized Mountain Liner Culotte"}]},{"@type":"WebSite","@id":"https:\/\/gr-100.com\/#website","url":"https:\/\/gr-100.com\/","name":"Gr-100 Tienda de ciclismo Specialized","description":"GR-100 tenemos todas las gamas de bicicletas Specialized al mejor precio.","publisher":{"@id":"https:\/\/gr-100.com\/#organization"},"alternateName":"Gr-100 Bikes","potentialAction":[{"@type":"SearchAction","target":{"@type":"EntryPoint","urlTemplate":"https:\/\/gr-100.com\/?s={search_term_string}"},"query-input":{"@type":"PropertyValueSpecification","valueRequired":true,"valueName":"search_term_string"}}],"inLanguage":"en-US"},{"@type":"Organization","@id":"https:\/\/gr-100.com\/#organization","name":"Gr-100","url":"https:\/\/gr-100.com\/","logo":{"@type":"ImageObject","inLanguage":"en-US","@id":"https:\/\/gr-100.com\/#\/schema\/logo\/image\/","url":"https:\/\/gr-100.com\/wp-content\/uploads\/2023\/08\/logo-gr-100-bikes.png","contentUrl":"https:\/\/gr-100.com\/wp-content\/uploads\/2023\/08\/logo-gr-100-bikes.png","width":707,"height":284,"caption":"Gr-100"},"image":{"@id":"https:\/\/gr-100.com\/#\/schema\/logo\/image\/"},"sameAs":["https:\/\/www.facebook.com\/Gr100Bikes","https:\/\/www.instagram.com\/gr100bikes\/","https:\/\/www.tiktok.com\/@gr100bikes","https:\/\/twitter.com\/gr100mtbteam","https:\/\/www.youtube.com\/c\/GR100Specialized"]}]}},"_links":{"self":[{"href":"https:\/\/gr-100.com\/en\/wp-json\/wp\/v2\/product\/375230","targetHints":{"allow":["GET"]}}],"collection":[{"href":"https:\/\/gr-100.com\/en\/wp-json\/wp\/v2\/product"}],"about":[{"href":"https:\/\/gr-100.com\/en\/wp-json\/wp\/v2\/types\/product"}],"replies":[{"embeddable":true,"href":"https:\/\/gr-100.com\/en\/wp-json\/wp\/v2\/comments?post=375230"}],"wp:featuredmedia":[{"embeddable":true,"href":"https:\/\/gr-100.com\/en\/wp-json\/wp\/v2\/media\/290526"}],"wp:attachment":[{"href":"https:\/\/gr-100.com\/en\/wp-json\/wp\/v2\/media?parent=375230"}],"wp:term":[{"taxonomy":"product_brand","embeddable":true,"href":"https:\/\/gr-100.com\/en\/wp-json\/wp\/v2\/product_brand?post=375230"},{"taxonomy":"product_cat","embeddable":true,"href":"https:\/\/gr-100.com\/en\/wp-json\/wp\/v2\/product_cat?post=375230"},{"taxonomy":"product_tag","embeddable":true,"href":"https:\/\/gr-100.com\/en\/wp-json\/wp\/v2\/product_tag?post=375230"}],"curies":[{"name":"wp","href":"https:\/\/api.w.org\/{rel}","templated":true}]}}