{"id":375500,"date":"2024-07-01T13:35:13","date_gmt":"2024-07-01T13:35:13","guid":{"rendered":"https:\/\/nuevo.gr-100.com\/producto\/specialized-renegade-control-2bliss-ready-t7-29x2-35\/"},"modified":"2026-04-20T21:53:57","modified_gmt":"2026-04-20T19:53:57","slug":"specialized-renegade-control-2bliss-ready-t7-29x2-35","status":"publish","type":"product","link":"https:\/\/gr-100.com\/en\/producto\/specialized-renegade-control-2bliss-ready-t7-29x2-35\/","title":{"rendered":"Specialized Renegade Control 2Bliss Ready T7 29X2.35"},"content":{"rendered":"<ul>\n<li>Carcasa: 60 TPI, ligera y duradera, construcci\u00f3n para XC<\/li>\n<li>Carcasa: Plegable<\/li>\n<li>Carcasa recubierta de butilo = 2Bliss Ready.<\/li>\n<li>Compuesto: GRIPTON\u00ae T7.<\/li>\n<li>29 x 2.35&#8243;, PSI 25-50, peso aproximado 645g.<\/li>\n<\/ul>\n","protected":false},"excerpt":{"rendered":"<p>El Renegade es perfecto para tener aceleraciones m\u00e1s r\u00e1pidas, escaladas en terrenos duros y llegar a hacer podios en competici\u00f3n. La banda de rodadura es m\u00e1s r\u00e1pida para cross-country y recibe una altura de carcasa elevada para obtener mayor velocidad y con total confianza en curva. Nuestro dise\u00f1o Block-In-Block utiliza un bloque interior adaptable m\u00e1s alto para perforar el suelo y obtener m\u00e1s tracci\u00f3n. La estructura exterior m\u00e1s grande da soporta al bloque interior para tener mayor velocidad, tracci\u00f3n, estabilidad y manejabilidad . Elije entre nuestro compuestos T5 de rodadura r\u00e1pida, el T7 de trail adherente o nuestros bi-compuestos T5\/T7 listos para competir en cross-country, obteniendo el neum\u00e1tico perfecto en cualquier condici\u00f3n.<\/p>\n","protected":false},"featured_media":291047,"comment_status":"closed","ping_status":"closed","template":"","meta":{"_acf_changed":false,"_et_pb_use_builder":"","_et_pb_old_content":"","_et_gb_content_width":"","inline_featured_image":false},"product_brand":[],"product_cat":[25,45],"product_tag":[],"class_list":{"0":"post-375500","1":"product","2":"type-product","3":"status-publish","4":"has-post-thumbnail","6":"product_cat-componentes","7":"product_cat-cubiertas-y-camaras","8":"product_shipping_class-componentes","10":"first","11":"outofstock","12":"taxable","13":"shipping-taxable","14":"product-type-variable","15":"wvs-archive-product-wrapper"},"acf":[],"yoast_head":"<!-- This site is optimized with the Yoast SEO Premium plugin v26.7 (Yoast SEO v26.7) - https:\/\/yoast.com\/wordpress\/plugins\/seo\/ -->\n<title>Specialized Renegade Control 2Bliss Ready T7 29X2.35 GR-100<\/title>\n<meta name=\"description\" content=\"El Renegade es perfecto para tener aceleraciones m\u00e1s r\u00e1pidas, escaladas en terrenos duros y llegar a hacer podios en competici\u00f3n.\" \/>\n<meta name=\"robots\" content=\"index, follow, max-snippet:-1, max-image-preview:large, max-video-preview:-1\" \/>\n<link rel=\"canonical\" href=\"https:\/\/gr-100.com\/producto\/specialized-renegade-control-2bliss-ready-t7-29x2-35\/\" \/>\n<meta property=\"og:locale\" content=\"en_US\" \/>\n<meta property=\"og:type\" content=\"article\" \/>\n<meta property=\"og:title\" content=\"Specialized Renegade Control 2Bliss Ready T7 29X2.35\" \/>\n<meta property=\"og:description\" content=\"El Renegade es perfecto para tener aceleraciones m\u00e1s r\u00e1pidas, escaladas en terrenos duros y llegar a hacer podios en competici\u00f3n.\" \/>\n<meta property=\"og:url\" content=\"https:\/\/gr-100.com\/producto\/specialized-renegade-control-2bliss-ready-t7-29x2-35\/\" \/>\n<meta property=\"og:site_name\" content=\"Gr-100 Tienda de ciclismo Specialized\" \/>\n<meta property=\"article:publisher\" content=\"https:\/\/www.facebook.com\/Gr100Bikes\" \/>\n<meta property=\"article:modified_time\" content=\"2026-04-20T19:53:57+00:00\" \/>\n<meta property=\"og:image\" content=\"https:\/\/gr-100.com\/wp-content\/uploads\/2024\/05\/My-project-2-10.jpeg\" \/>\n\t<meta property=\"og:image:width\" content=\"1200\" \/>\n\t<meta property=\"og:image:height\" content=\"1200\" \/>\n\t<meta property=\"og:image:type\" content=\"image\/jpeg\" \/>\n<meta name=\"twitter:card\" content=\"summary_large_image\" \/>\n<meta name=\"twitter:label1\" content=\"Est. reading time\" \/>\n\t<meta name=\"twitter:data1\" content=\"1 minute\" \/>\n<script type=\"application\/ld+json\" class=\"yoast-schema-graph\">{\"@context\":\"https:\/\/schema.org\",\"@graph\":[{\"@type\":\"WebPage\",\"@id\":\"https:\/\/gr-100.com\/producto\/specialized-renegade-control-2bliss-ready-t7-29x2-35\/\",\"url\":\"https:\/\/gr-100.com\/producto\/specialized-renegade-control-2bliss-ready-t7-29x2-35\/\",\"name\":\"Specialized Renegade Control 2Bliss Ready T7 29X2.35 GR-100\",\"isPartOf\":{\"@id\":\"https:\/\/gr-100.com\/#website\"},\"primaryImageOfPage\":{\"@id\":\"https:\/\/gr-100.com\/producto\/specialized-renegade-control-2bliss-ready-t7-29x2-35\/#primaryimage\"},\"image\":{\"@id\":\"https:\/\/gr-100.com\/producto\/specialized-renegade-control-2bliss-ready-t7-29x2-35\/#primaryimage\"},\"thumbnailUrl\":\"https:\/\/gr-100.com\/wp-content\/uploads\/2024\/05\/My-project-2-10.jpeg\",\"datePublished\":\"2024-07-01T13:35:13+00:00\",\"dateModified\":\"2026-04-20T19:53:57+00:00\",\"description\":\"El Renegade es perfecto para tener aceleraciones m\u00e1s r\u00e1pidas, escaladas en terrenos duros y llegar a hacer podios en competici\u00f3n.\",\"breadcrumb\":{\"@id\":\"https:\/\/gr-100.com\/producto\/specialized-renegade-control-2bliss-ready-t7-29x2-35\/#breadcrumb\"},\"inLanguage\":\"en-US\",\"potentialAction\":[{\"@type\":\"ReadAction\",\"target\":[\"https:\/\/gr-100.com\/producto\/specialized-renegade-control-2bliss-ready-t7-29x2-35\/\"]}]},{\"@type\":\"ImageObject\",\"inLanguage\":\"en-US\",\"@id\":\"https:\/\/gr-100.com\/producto\/specialized-renegade-control-2bliss-ready-t7-29x2-35\/#primaryimage\",\"url\":\"https:\/\/gr-100.com\/wp-content\/uploads\/2024\/05\/My-project-2-10.jpeg\",\"contentUrl\":\"https:\/\/gr-100.com\/wp-content\/uploads\/2024\/05\/My-project-2-10.jpeg\",\"width\":1200,\"height\":1200},{\"@type\":\"BreadcrumbList\",\"@id\":\"https:\/\/gr-100.com\/producto\/specialized-renegade-control-2bliss-ready-t7-29x2-35\/#breadcrumb\",\"itemListElement\":[{\"@type\":\"ListItem\",\"position\":1,\"name\":\"Portada\",\"item\":\"https:\/\/gr-100.com\/pt-pt\/\"},{\"@type\":\"ListItem\",\"position\":2,\"name\":\"Productos\",\"item\":\"https:\/\/gr-100.com\/?post_type=product\"},{\"@type\":\"ListItem\",\"position\":3,\"name\":\"Specialized Renegade Control 2Bliss Ready T7 29X2.35\"}]},{\"@type\":\"WebSite\",\"@id\":\"https:\/\/gr-100.com\/#website\",\"url\":\"https:\/\/gr-100.com\/\",\"name\":\"Gr-100 Tienda de ciclismo Specialized\",\"description\":\"GR-100 tenemos todas las gamas de bicicletas Specialized al mejor precio.\",\"publisher\":{\"@id\":\"https:\/\/gr-100.com\/#organization\"},\"alternateName\":\"Gr-100 Bikes\",\"potentialAction\":[{\"@type\":\"SearchAction\",\"target\":{\"@type\":\"EntryPoint\",\"urlTemplate\":\"https:\/\/gr-100.com\/?s={search_term_string}\"},\"query-input\":{\"@type\":\"PropertyValueSpecification\",\"valueRequired\":true,\"valueName\":\"search_term_string\"}}],\"inLanguage\":\"en-US\"},{\"@type\":\"Organization\",\"@id\":\"https:\/\/gr-100.com\/#organization\",\"name\":\"Gr-100\",\"url\":\"https:\/\/gr-100.com\/\",\"logo\":{\"@type\":\"ImageObject\",\"inLanguage\":\"en-US\",\"@id\":\"https:\/\/gr-100.com\/#\/schema\/logo\/image\/\",\"url\":\"https:\/\/gr-100.com\/wp-content\/uploads\/2023\/08\/logo-gr-100-bikes.png\",\"contentUrl\":\"https:\/\/gr-100.com\/wp-content\/uploads\/2023\/08\/logo-gr-100-bikes.png\",\"width\":707,\"height\":284,\"caption\":\"Gr-100\"},\"image\":{\"@id\":\"https:\/\/gr-100.com\/#\/schema\/logo\/image\/\"},\"sameAs\":[\"https:\/\/www.facebook.com\/Gr100Bikes\",\"https:\/\/www.instagram.com\/gr100bikes\/\",\"https:\/\/www.tiktok.com\/@gr100bikes\",\"https:\/\/twitter.com\/gr100mtbteam\",\"https:\/\/www.youtube.com\/c\/GR100Specialized\"]}]}<\/script>\n<!-- \/ Yoast SEO Premium plugin. -->","yoast_head_json":{"title":"Specialized Renegade Control 2Bliss Ready T7 29X2.35 GR-100","description":"El Renegade es perfecto para tener aceleraciones m\u00e1s r\u00e1pidas, escaladas en terrenos duros y llegar a hacer podios en competici\u00f3n.","robots":{"index":"index","follow":"follow","max-snippet":"max-snippet:-1","max-image-preview":"max-image-preview:large","max-video-preview":"max-video-preview:-1"},"canonical":"https:\/\/gr-100.com\/producto\/specialized-renegade-control-2bliss-ready-t7-29x2-35\/","og_locale":"en_US","og_type":"article","og_title":"Specialized Renegade Control 2Bliss Ready T7 29X2.35","og_description":"El Renegade es perfecto para tener aceleraciones m\u00e1s r\u00e1pidas, escaladas en terrenos duros y llegar a hacer podios en competici\u00f3n.","og_url":"https:\/\/gr-100.com\/producto\/specialized-renegade-control-2bliss-ready-t7-29x2-35\/","og_site_name":"Gr-100 Tienda de ciclismo Specialized","article_publisher":"https:\/\/www.facebook.com\/Gr100Bikes","article_modified_time":"2026-04-20T19:53:57+00:00","og_image":[{"width":1200,"height":1200,"url":"https:\/\/gr-100.com\/wp-content\/uploads\/2024\/05\/My-project-2-10.jpeg","type":"image\/jpeg"}],"twitter_card":"summary_large_image","twitter_misc":{"Est. reading time":"1 minute"},"schema":{"@context":"https:\/\/schema.org","@graph":[{"@type":"WebPage","@id":"https:\/\/gr-100.com\/producto\/specialized-renegade-control-2bliss-ready-t7-29x2-35\/","url":"https:\/\/gr-100.com\/producto\/specialized-renegade-control-2bliss-ready-t7-29x2-35\/","name":"Specialized Renegade Control 2Bliss Ready T7 29X2.35 GR-100","isPartOf":{"@id":"https:\/\/gr-100.com\/#website"},"primaryImageOfPage":{"@id":"https:\/\/gr-100.com\/producto\/specialized-renegade-control-2bliss-ready-t7-29x2-35\/#primaryimage"},"image":{"@id":"https:\/\/gr-100.com\/producto\/specialized-renegade-control-2bliss-ready-t7-29x2-35\/#primaryimage"},"thumbnailUrl":"https:\/\/gr-100.com\/wp-content\/uploads\/2024\/05\/My-project-2-10.jpeg","datePublished":"2024-07-01T13:35:13+00:00","dateModified":"2026-04-20T19:53:57+00:00","description":"El Renegade es perfecto para tener aceleraciones m\u00e1s r\u00e1pidas, escaladas en terrenos duros y llegar a hacer podios en competici\u00f3n.","breadcrumb":{"@id":"https:\/\/gr-100.com\/producto\/specialized-renegade-control-2bliss-ready-t7-29x2-35\/#breadcrumb"},"inLanguage":"en-US","potentialAction":[{"@type":"ReadAction","target":["https:\/\/gr-100.com\/producto\/specialized-renegade-control-2bliss-ready-t7-29x2-35\/"]}]},{"@type":"ImageObject","inLanguage":"en-US","@id":"https:\/\/gr-100.com\/producto\/specialized-renegade-control-2bliss-ready-t7-29x2-35\/#primaryimage","url":"https:\/\/gr-100.com\/wp-content\/uploads\/2024\/05\/My-project-2-10.jpeg","contentUrl":"https:\/\/gr-100.com\/wp-content\/uploads\/2024\/05\/My-project-2-10.jpeg","width":1200,"height":1200},{"@type":"BreadcrumbList","@id":"https:\/\/gr-100.com\/producto\/specialized-renegade-control-2bliss-ready-t7-29x2-35\/#breadcrumb","itemListElement":[{"@type":"ListItem","position":1,"name":"Portada","item":"https:\/\/gr-100.com\/pt-pt\/"},{"@type":"ListItem","position":2,"name":"Productos","item":"https:\/\/gr-100.com\/?post_type=product"},{"@type":"ListItem","position":3,"name":"Specialized Renegade Control 2Bliss Ready T7 29X2.35"}]},{"@type":"WebSite","@id":"https:\/\/gr-100.com\/#website","url":"https:\/\/gr-100.com\/","name":"Gr-100 Tienda de ciclismo Specialized","description":"GR-100 tenemos todas las gamas de bicicletas Specialized al mejor precio.","publisher":{"@id":"https:\/\/gr-100.com\/#organization"},"alternateName":"Gr-100 Bikes","potentialAction":[{"@type":"SearchAction","target":{"@type":"EntryPoint","urlTemplate":"https:\/\/gr-100.com\/?s={search_term_string}"},"query-input":{"@type":"PropertyValueSpecification","valueRequired":true,"valueName":"search_term_string"}}],"inLanguage":"en-US"},{"@type":"Organization","@id":"https:\/\/gr-100.com\/#organization","name":"Gr-100","url":"https:\/\/gr-100.com\/","logo":{"@type":"ImageObject","inLanguage":"en-US","@id":"https:\/\/gr-100.com\/#\/schema\/logo\/image\/","url":"https:\/\/gr-100.com\/wp-content\/uploads\/2023\/08\/logo-gr-100-bikes.png","contentUrl":"https:\/\/gr-100.com\/wp-content\/uploads\/2023\/08\/logo-gr-100-bikes.png","width":707,"height":284,"caption":"Gr-100"},"image":{"@id":"https:\/\/gr-100.com\/#\/schema\/logo\/image\/"},"sameAs":["https:\/\/www.facebook.com\/Gr100Bikes","https:\/\/www.instagram.com\/gr100bikes\/","https:\/\/www.tiktok.com\/@gr100bikes","https:\/\/twitter.com\/gr100mtbteam","https:\/\/www.youtube.com\/c\/GR100Specialized"]}]}},"_links":{"self":[{"href":"https:\/\/gr-100.com\/en\/wp-json\/wp\/v2\/product\/375500","targetHints":{"allow":["GET"]}}],"collection":[{"href":"https:\/\/gr-100.com\/en\/wp-json\/wp\/v2\/product"}],"about":[{"href":"https:\/\/gr-100.com\/en\/wp-json\/wp\/v2\/types\/product"}],"replies":[{"embeddable":true,"href":"https:\/\/gr-100.com\/en\/wp-json\/wp\/v2\/comments?post=375500"}],"wp:featuredmedia":[{"embeddable":true,"href":"https:\/\/gr-100.com\/en\/wp-json\/wp\/v2\/media\/291047"}],"wp:attachment":[{"href":"https:\/\/gr-100.com\/en\/wp-json\/wp\/v2\/media?parent=375500"}],"wp:term":[{"taxonomy":"product_brand","embeddable":true,"href":"https:\/\/gr-100.com\/en\/wp-json\/wp\/v2\/product_brand?post=375500"},{"taxonomy":"product_cat","embeddable":true,"href":"https:\/\/gr-100.com\/en\/wp-json\/wp\/v2\/product_cat?post=375500"},{"taxonomy":"product_tag","embeddable":true,"href":"https:\/\/gr-100.com\/en\/wp-json\/wp\/v2\/product_tag?post=375500"}],"curies":[{"name":"wp","href":"https:\/\/api.w.org\/{rel}","templated":true}]}}