{"id":375781,"date":"2024-07-01T13:47:39","date_gmt":"2024-07-01T13:47:39","guid":{"rendered":"https:\/\/nuevo.gr-100.com\/producto\/specialized-stumpjumper-comp-alloy-2023-2\/"},"modified":"2025-11-26T16:42:17","modified_gmt":"2025-11-26T14:42:17","slug":"specialized-stumpjumper-comp-alloy-2023-2","status":"publish","type":"product","link":"https:\/\/gr-100.com\/en\/producto\/specialized-stumpjumper-comp-alloy-2023-2\/","title":{"rendered":"Specialized Stumpjumper Comp Alloy 2023"},"content":{"rendered":"<p>LA REFERENCIA EN EL TRAIL &#8211; Cuando nos propusimos dise\u00f1ar la nueva Stumpjumper, perseguimos algunos objetivos importantes. Ten\u00eda que sobresalir en cualquier tipo de camino, para cada estilo de piloto. Para conseguirlo, buscamos una gran reducci\u00f3n de peso sin sacrificar la durabilidad, un chasis r\u00edgido y sensible que siguiera siendo ligero y vivo, una geometr\u00eda que mejorara la conducci\u00f3n de todos y la mejor cinem\u00e1tica de suspensi\u00f3n que sabemos dise\u00f1ar. Resulta que puedes tener tu pastel y comerlo tambi\u00e9n con la nueva Stumpjumper.<br \/>\nLOS 130MM DE VIAJE M\u00c1S DULCES QUE JAM\u00c1S HABR\u00c1S MONTADO &#8211; Hemos masajeado la cinem\u00e1tica de la suspensi\u00f3n de la Stumpjumper para obtener el mejor rendimiento general posible en un paquete de 130mm. Incontables horas de desarrollo de la suspensi\u00f3n en el laboratorio y de pruebas sobre el terreno han creado un refinado ripper de recorrido medio que se come los grandes terrenos como una bestia alimentada por la gravedad, se maneja como un sue\u00f1o en cualquier lugar y sube como si tuviera un motor.<br \/>\nGEOMETR\u00cdA PROGRESIVA &#8211; La geometr\u00eda S-Sizing de la nueva Stumpjumper da en el clavo de la progresividad. Es larga, baja y floja, con una horquilla corta y un \u00e1ngulo del tubo de sill\u00edn m\u00e1s pronunciado. Estos n\u00fameros se combinan para hacer que su conducci\u00f3n sea m\u00e1s estable, m\u00e1s carvealicious, m\u00e1s c\u00f3modo subir, m\u00e1s mejor en todas partes. Con la posibilidad de ajustar el FlipChip, podr\u00e1s afinar a\u00fan m\u00e1s tu ajuste, asegurando que tu nueva Stumpjumper se comporte perfectamente en cualquier terreno que elijas.<br \/>\nRIDER-FIRST ENGINEERED\u2122 &#8211; Los cuadros Rider-First Engineered\u2122 utilizan un enfoque de tama\u00f1o espec\u00edfico para las caracter\u00edsticas de conducci\u00f3n que garantiza un manejo de referencia y un rendimiento impecable, independientemente del tama\u00f1o del cuadro o del ciclista. Tanto si eres un principiante con ganas de saltar que monta una S1, como si eres un gigante del DH que necesita la larga S6, experimentar\u00e1s las mismas caracter\u00edsticas de conducci\u00f3n &#8211; un paso por curva muy preciso y una rigidez delantera y trasera equilibrada &#8211; con el peso m\u00e1s ligero posible, y por ligero queremos decir realmente ligero: 2.250 gramos (S-Works, talla S-3, con amortiguador trasero).<\/p>\n<ul>\n<li>Cuadro<br \/>\nAlloy chassis and rear-end, asymmetrical design, 29 Trail Geometry, horst pivot BB adjustment, threaded BB, 12x148mm dropouts, sealed cartridge bearing pivots, replaceable derailleur hanger, 130mm of travel<\/li>\n<li>Horquilla<br \/>\nFOX FLOAT 34 Rhythm, GRIP damper, two position Sweep adjustment, 15x110mm axle, 44mm offset, 140mm of travel<\/li>\n<li>Amortiguador<br \/>\nFOX FLOAT DPS Performance, Rx Trail Tune, rebound and 3-position compression adjust, S1:190&#215;42.5mm, S2-S6: 190x45mm<\/li>\n<li>Material<br \/>\nAluminio<\/li>\n<li>Manillar<br \/>\nSpecialized, 6061 alloy, 6-degree upsweep, 8-degree backsweep, 30mm rise, 780mm width<\/li>\n<li>Potencia<br \/>\nAlloy Trail Stem, 35mm bar bore<\/li>\n<li>Pu\u00f1os<br \/>\nSpecialized Trail Grips<\/li>\n<li>Frenos<br \/>\nFreno Delantero<br \/>\nSRAM G2 R, 4-piston caliper, hydraulic disc, 200mm<\/li>\n<li>Freno Trasero<br \/>\nSRAM G2 R, 4-piston caliper, hydraulic disc, 180mm<\/li>\n<li>Componentes Sill\u00edn<\/li>\n<li>Sill\u00edn<br \/>\nBridge Comp, Hollow Cr-mo rails, 155\/143mm<\/li>\n<li>Tija Sill\u00edn<br \/>\nX-Fusion Manic, infinite adjustable, two-bolt head, bottom mount cable routing, remote SLR LE lever, 34.9, S1: 100mm, S2: 125mm, S3: 150mm, S4\/S5: 175mm, S6: 190mm<br \/>\nAbrazadera Sill\u00edn<br \/>\nAlloy, 38.6mm<\/li>\n<li>Transmisi\u00f3n<\/li>\n<li>Manetas Cambio<br \/>\nSRAM NX Eagle, trigger, 12-speed<\/li>\n<li>Cambio<br \/>\nSRAM NX Eagle, 12-speed<\/li>\n<li>Pedalier<br \/>\nSRAM NX Eagle, DUB, S1:165mm, S2-S5: 170mm, S6: 175mm<\/li>\n<li>Platos<br \/>\n32T<\/li>\n<li>Casete<br \/>\nSRAM NX Eagle, 12-speed, 11-50t<\/li>\n<li>Cadena<br \/>\nSRAM NX Eagle, 12-speed<\/li>\n<li>Velocidades<br \/>\n1&#215;12<\/li>\n<li>Ruedas<\/li>\n<li>Llantas<br \/>\nSpecialized 29, hookless alloy, 30mm inner width, tubeless ready<\/li>\n<li>Radios<br \/>\nDT Swiss Industry<\/li>\n<li>Neumatico Delantero<br \/>\nButcher, GRID casing, GRIPTON\u00ae T7 compound, 29&#215;2.3&#8243;<\/li>\n<li>Neumatico Trasero<br \/>\nPurgatory, GRID casing, GRIPTON\u00ae T7 compound, 29&#215;2.3&#8243;<\/li>\n<li>Camaras<br \/>\nStandard, Presta valve<\/li>\n<li>Buje Delantero<br \/>\nAlloy, sealed cartridge bearings, 15x110mm thru-axle, 28h<\/li>\n<li>Buje Trasero<br \/>\nAlloy, sealed cartridge bearings, 12x148mm thru-axle, 28h<\/li>\n<\/ul>\n","protected":false},"excerpt":{"rendered":"<p>\u00a1Los fan\u00e1ticos del metal se regocijan! La Stumpjumper Comp Alloy es uno de los cuadros de aleaci\u00f3n m\u00e1s avanzados jam\u00e1s desarrollados.<br \/>\nDesde el dise\u00f1o asim\u00e9trico del cuadro, pasando por la refinada cinem\u00e1tica de la suspensi\u00f3n y una geometr\u00eda totalmente nueva, hasta un kit de montaje que consigue la combinaci\u00f3n \u00f3ptima de rendimiento y valor, es metal, pero no es metal pesado. Y est\u00e1 preparada para arrasar.<\/p>\n","protected":false},"featured_media":291423,"comment_status":"closed","ping_status":"closed","template":"","meta":{"_acf_changed":false,"_et_pb_use_builder":"","_et_pb_old_content":"","_et_gb_content_width":"","inline_featured_image":false},"product_brand":[],"product_cat":[2408],"product_tag":[],"class_list":{"0":"post-375781","1":"product","2":"type-product","3":"status-publish","4":"has-post-thumbnail","6":"product_cat-sin-categorizar","8":"first","9":"outofstock","10":"taxable","11":"shipping-taxable","12":"product-type-variable","13":"wvs-archive-product-wrapper"},"acf":[],"yoast_head":"<!-- This site is optimized with the Yoast SEO Premium plugin v26.7 (Yoast SEO v26.7) - https:\/\/yoast.com\/wordpress\/plugins\/seo\/ -->\n<title>Specialized Stumpjumper Comp Alloy 2023 - GR-100<\/title>\n<meta name=\"description\" content=\"Encuentra la bici ideal para tus aventuras en monta\u00f1a con Specialized Stumpjumper Comp Alloy 2023. Descubre su resistencia y rendimiento en GR-100.\" \/>\n<meta name=\"robots\" content=\"index, follow, max-snippet:-1, max-image-preview:large, max-video-preview:-1\" \/>\n<link rel=\"canonical\" href=\"https:\/\/gr-100.com\/producto\/specialized-stumpjumper-comp-alloy-2023-2\/\" \/>\n<meta property=\"og:locale\" content=\"en_US\" \/>\n<meta property=\"og:type\" content=\"article\" \/>\n<meta property=\"og:title\" content=\"Specialized Stumpjumper Comp Alloy 2023\" \/>\n<meta property=\"og:description\" content=\"Encuentra la bici ideal para tus aventuras en monta\u00f1a con Specialized Stumpjumper Comp Alloy 2023. Descubre su resistencia y rendimiento en GR-100.\" \/>\n<meta property=\"og:url\" content=\"https:\/\/gr-100.com\/producto\/specialized-stumpjumper-comp-alloy-2023-2\/\" \/>\n<meta property=\"og:site_name\" content=\"Gr-100 Tienda de ciclismo Specialized\" \/>\n<meta property=\"article:publisher\" content=\"https:\/\/www.facebook.com\/Gr100Bikes\" \/>\n<meta property=\"article:modified_time\" content=\"2025-11-26T14:42:17+00:00\" \/>\n<meta property=\"og:image\" content=\"https:\/\/gr-100.com\/wp-content\/uploads\/2024\/05\/sj_com_alloy_23.jpeg\" \/>\n\t<meta property=\"og:image:width\" content=\"1000\" \/>\n\t<meta property=\"og:image:height\" content=\"1000\" \/>\n\t<meta property=\"og:image:type\" content=\"image\/jpeg\" \/>\n<meta name=\"twitter:card\" content=\"summary_large_image\" \/>\n<meta name=\"twitter:label1\" content=\"Est. reading time\" \/>\n\t<meta name=\"twitter:data1\" content=\"3 minutes\" \/>\n<script type=\"application\/ld+json\" class=\"yoast-schema-graph\">{\"@context\":\"https:\/\/schema.org\",\"@graph\":[{\"@type\":\"WebPage\",\"@id\":\"https:\/\/gr-100.com\/producto\/specialized-stumpjumper-comp-alloy-2023-2\/\",\"url\":\"https:\/\/gr-100.com\/producto\/specialized-stumpjumper-comp-alloy-2023-2\/\",\"name\":\"Specialized Stumpjumper Comp Alloy 2023 - GR-100\",\"isPartOf\":{\"@id\":\"https:\/\/gr-100.com\/#website\"},\"primaryImageOfPage\":{\"@id\":\"https:\/\/gr-100.com\/producto\/specialized-stumpjumper-comp-alloy-2023-2\/#primaryimage\"},\"image\":{\"@id\":\"https:\/\/gr-100.com\/producto\/specialized-stumpjumper-comp-alloy-2023-2\/#primaryimage\"},\"thumbnailUrl\":\"https:\/\/gr-100.com\/wp-content\/uploads\/2024\/05\/sj_com_alloy_23_1.jpeg\",\"datePublished\":\"2024-07-01T13:47:39+00:00\",\"dateModified\":\"2025-11-26T14:42:17+00:00\",\"description\":\"Encuentra la bici ideal para tus aventuras en monta\u00f1a con Specialized Stumpjumper Comp Alloy 2023. Descubre su resistencia y rendimiento en GR-100.\",\"breadcrumb\":{\"@id\":\"https:\/\/gr-100.com\/producto\/specialized-stumpjumper-comp-alloy-2023-2\/#breadcrumb\"},\"inLanguage\":\"en-US\",\"potentialAction\":[{\"@type\":\"ReadAction\",\"target\":[\"https:\/\/gr-100.com\/producto\/specialized-stumpjumper-comp-alloy-2023-2\/\"]}]},{\"@type\":\"ImageObject\",\"inLanguage\":\"en-US\",\"@id\":\"https:\/\/gr-100.com\/producto\/specialized-stumpjumper-comp-alloy-2023-2\/#primaryimage\",\"url\":\"https:\/\/gr-100.com\/wp-content\/uploads\/2024\/05\/sj_com_alloy_23_1.jpeg\",\"contentUrl\":\"https:\/\/gr-100.com\/wp-content\/uploads\/2024\/05\/sj_com_alloy_23_1.jpeg\",\"width\":1000,\"height\":1000},{\"@type\":\"BreadcrumbList\",\"@id\":\"https:\/\/gr-100.com\/producto\/specialized-stumpjumper-comp-alloy-2023-2\/#breadcrumb\",\"itemListElement\":[{\"@type\":\"ListItem\",\"position\":1,\"name\":\"Portada\",\"item\":\"https:\/\/gr-100.com\/pt-pt\/\"},{\"@type\":\"ListItem\",\"position\":2,\"name\":\"Productos\",\"item\":\"https:\/\/gr-100.com\/?post_type=product\"},{\"@type\":\"ListItem\",\"position\":3,\"name\":\"Specialized Stumpjumper Comp Alloy 2023\"}]},{\"@type\":\"WebSite\",\"@id\":\"https:\/\/gr-100.com\/#website\",\"url\":\"https:\/\/gr-100.com\/\",\"name\":\"Gr-100 Tienda de ciclismo Specialized\",\"description\":\"GR-100 tenemos todas las gamas de bicicletas Specialized al mejor precio.\",\"publisher\":{\"@id\":\"https:\/\/gr-100.com\/#organization\"},\"alternateName\":\"Gr-100 Bikes\",\"potentialAction\":[{\"@type\":\"SearchAction\",\"target\":{\"@type\":\"EntryPoint\",\"urlTemplate\":\"https:\/\/gr-100.com\/?s={search_term_string}\"},\"query-input\":{\"@type\":\"PropertyValueSpecification\",\"valueRequired\":true,\"valueName\":\"search_term_string\"}}],\"inLanguage\":\"en-US\"},{\"@type\":\"Organization\",\"@id\":\"https:\/\/gr-100.com\/#organization\",\"name\":\"Gr-100\",\"url\":\"https:\/\/gr-100.com\/\",\"logo\":{\"@type\":\"ImageObject\",\"inLanguage\":\"en-US\",\"@id\":\"https:\/\/gr-100.com\/#\/schema\/logo\/image\/\",\"url\":\"https:\/\/gr-100.com\/wp-content\/uploads\/2023\/08\/logo-gr-100-bikes.png\",\"contentUrl\":\"https:\/\/gr-100.com\/wp-content\/uploads\/2023\/08\/logo-gr-100-bikes.png\",\"width\":707,\"height\":284,\"caption\":\"Gr-100\"},\"image\":{\"@id\":\"https:\/\/gr-100.com\/#\/schema\/logo\/image\/\"},\"sameAs\":[\"https:\/\/www.facebook.com\/Gr100Bikes\",\"https:\/\/www.instagram.com\/gr100bikes\/\",\"https:\/\/www.tiktok.com\/@gr100bikes\",\"https:\/\/twitter.com\/gr100mtbteam\",\"https:\/\/www.youtube.com\/c\/GR100Specialized\"]}]}<\/script>\n<!-- \/ Yoast SEO Premium plugin. -->","yoast_head_json":{"title":"Specialized Stumpjumper Comp Alloy 2023 - GR-100","description":"Encuentra la bici ideal para tus aventuras en monta\u00f1a con Specialized Stumpjumper Comp Alloy 2023. Descubre su resistencia y rendimiento en GR-100.","robots":{"index":"index","follow":"follow","max-snippet":"max-snippet:-1","max-image-preview":"max-image-preview:large","max-video-preview":"max-video-preview:-1"},"canonical":"https:\/\/gr-100.com\/producto\/specialized-stumpjumper-comp-alloy-2023-2\/","og_locale":"en_US","og_type":"article","og_title":"Specialized Stumpjumper Comp Alloy 2023","og_description":"Encuentra la bici ideal para tus aventuras en monta\u00f1a con Specialized Stumpjumper Comp Alloy 2023. Descubre su resistencia y rendimiento en GR-100.","og_url":"https:\/\/gr-100.com\/producto\/specialized-stumpjumper-comp-alloy-2023-2\/","og_site_name":"Gr-100 Tienda de ciclismo Specialized","article_publisher":"https:\/\/www.facebook.com\/Gr100Bikes","article_modified_time":"2025-11-26T14:42:17+00:00","og_image":[{"width":1000,"height":1000,"url":"https:\/\/gr-100.com\/wp-content\/uploads\/2024\/05\/sj_com_alloy_23.jpeg","type":"image\/jpeg"}],"twitter_card":"summary_large_image","twitter_misc":{"Est. reading time":"3 minutes"},"schema":{"@context":"https:\/\/schema.org","@graph":[{"@type":"WebPage","@id":"https:\/\/gr-100.com\/producto\/specialized-stumpjumper-comp-alloy-2023-2\/","url":"https:\/\/gr-100.com\/producto\/specialized-stumpjumper-comp-alloy-2023-2\/","name":"Specialized Stumpjumper Comp Alloy 2023 - GR-100","isPartOf":{"@id":"https:\/\/gr-100.com\/#website"},"primaryImageOfPage":{"@id":"https:\/\/gr-100.com\/producto\/specialized-stumpjumper-comp-alloy-2023-2\/#primaryimage"},"image":{"@id":"https:\/\/gr-100.com\/producto\/specialized-stumpjumper-comp-alloy-2023-2\/#primaryimage"},"thumbnailUrl":"https:\/\/gr-100.com\/wp-content\/uploads\/2024\/05\/sj_com_alloy_23_1.jpeg","datePublished":"2024-07-01T13:47:39+00:00","dateModified":"2025-11-26T14:42:17+00:00","description":"Encuentra la bici ideal para tus aventuras en monta\u00f1a con Specialized Stumpjumper Comp Alloy 2023. Descubre su resistencia y rendimiento en GR-100.","breadcrumb":{"@id":"https:\/\/gr-100.com\/producto\/specialized-stumpjumper-comp-alloy-2023-2\/#breadcrumb"},"inLanguage":"en-US","potentialAction":[{"@type":"ReadAction","target":["https:\/\/gr-100.com\/producto\/specialized-stumpjumper-comp-alloy-2023-2\/"]}]},{"@type":"ImageObject","inLanguage":"en-US","@id":"https:\/\/gr-100.com\/producto\/specialized-stumpjumper-comp-alloy-2023-2\/#primaryimage","url":"https:\/\/gr-100.com\/wp-content\/uploads\/2024\/05\/sj_com_alloy_23_1.jpeg","contentUrl":"https:\/\/gr-100.com\/wp-content\/uploads\/2024\/05\/sj_com_alloy_23_1.jpeg","width":1000,"height":1000},{"@type":"BreadcrumbList","@id":"https:\/\/gr-100.com\/producto\/specialized-stumpjumper-comp-alloy-2023-2\/#breadcrumb","itemListElement":[{"@type":"ListItem","position":1,"name":"Portada","item":"https:\/\/gr-100.com\/pt-pt\/"},{"@type":"ListItem","position":2,"name":"Productos","item":"https:\/\/gr-100.com\/?post_type=product"},{"@type":"ListItem","position":3,"name":"Specialized Stumpjumper Comp Alloy 2023"}]},{"@type":"WebSite","@id":"https:\/\/gr-100.com\/#website","url":"https:\/\/gr-100.com\/","name":"Gr-100 Tienda de ciclismo Specialized","description":"GR-100 tenemos todas las gamas de bicicletas Specialized al mejor precio.","publisher":{"@id":"https:\/\/gr-100.com\/#organization"},"alternateName":"Gr-100 Bikes","potentialAction":[{"@type":"SearchAction","target":{"@type":"EntryPoint","urlTemplate":"https:\/\/gr-100.com\/?s={search_term_string}"},"query-input":{"@type":"PropertyValueSpecification","valueRequired":true,"valueName":"search_term_string"}}],"inLanguage":"en-US"},{"@type":"Organization","@id":"https:\/\/gr-100.com\/#organization","name":"Gr-100","url":"https:\/\/gr-100.com\/","logo":{"@type":"ImageObject","inLanguage":"en-US","@id":"https:\/\/gr-100.com\/#\/schema\/logo\/image\/","url":"https:\/\/gr-100.com\/wp-content\/uploads\/2023\/08\/logo-gr-100-bikes.png","contentUrl":"https:\/\/gr-100.com\/wp-content\/uploads\/2023\/08\/logo-gr-100-bikes.png","width":707,"height":284,"caption":"Gr-100"},"image":{"@id":"https:\/\/gr-100.com\/#\/schema\/logo\/image\/"},"sameAs":["https:\/\/www.facebook.com\/Gr100Bikes","https:\/\/www.instagram.com\/gr100bikes\/","https:\/\/www.tiktok.com\/@gr100bikes","https:\/\/twitter.com\/gr100mtbteam","https:\/\/www.youtube.com\/c\/GR100Specialized"]}]}},"_links":{"self":[{"href":"https:\/\/gr-100.com\/en\/wp-json\/wp\/v2\/product\/375781","targetHints":{"allow":["GET"]}}],"collection":[{"href":"https:\/\/gr-100.com\/en\/wp-json\/wp\/v2\/product"}],"about":[{"href":"https:\/\/gr-100.com\/en\/wp-json\/wp\/v2\/types\/product"}],"replies":[{"embeddable":true,"href":"https:\/\/gr-100.com\/en\/wp-json\/wp\/v2\/comments?post=375781"}],"wp:featuredmedia":[{"embeddable":true,"href":"https:\/\/gr-100.com\/en\/wp-json\/wp\/v2\/media\/291423"}],"wp:attachment":[{"href":"https:\/\/gr-100.com\/en\/wp-json\/wp\/v2\/media?parent=375781"}],"wp:term":[{"taxonomy":"product_brand","embeddable":true,"href":"https:\/\/gr-100.com\/en\/wp-json\/wp\/v2\/product_brand?post=375781"},{"taxonomy":"product_cat","embeddable":true,"href":"https:\/\/gr-100.com\/en\/wp-json\/wp\/v2\/product_cat?post=375781"},{"taxonomy":"product_tag","embeddable":true,"href":"https:\/\/gr-100.com\/en\/wp-json\/wp\/v2\/product_tag?post=375781"}],"curies":[{"name":"wp","href":"https:\/\/api.w.org\/{rel}","templated":true}]}}