{"id":376349,"date":"2024-07-01T14:12:12","date_gmt":"2024-07-01T14:12:12","guid":{"rendered":"https:\/\/nuevo.gr-100.com\/producto\/roval-control-sl-35mm-handlebar-2024\/"},"modified":"2026-03-11T13:17:53","modified_gmt":"2026-03-11T12:17:53","slug":"roval-control-sl-35mm-handlebar-2024","status":"publish","type":"product","link":"https:\/\/gr-100.com\/en\/producto\/roval-control-sl-35mm-handlebar-2024\/","title":{"rendered":"Roval Control SL 35mm Handlebar 2024"},"content":{"rendered":"<p>CARACTER\u00cdSTICAS:<\/p>\n<ul>\n<li>Material: fibras de carbono de alta rigidez<\/li>\n<li>Anchura: 780 mm con marcas para acortar a su anchura de manillar individual<\/li>\n<li>Di\u00e1metro de la abrazadera del manillar: 35 mm<\/li>\n<li>Specialized se ha inspirado en la tecnolog\u00eda de las bicicletas de trail y ha optado por una abrazadera de manillar de 35 mm. Esto crea<\/li>\n<li>la rigidez y forma la base para el ultraligero carbono hecho a mano.<\/li>\n<li>El manillar SL superligero pesa s\u00f3lo 185 g.<\/li>\n<li>El manillar Roval Control SL de 780 mm de ancho te permite elegir tu anchura de manillar individual y la geometr\u00eda probada en<\/li>\n<li>campeonatos mundiales te da la confianza para atacar en cualquier segmento.<\/li>\n<\/ul>\n","protected":false},"excerpt":{"rendered":"<p>El manillar S-Works Carbon Mini Rise combina la durabilidad de los manillares de descenso con el peso de aquellos para carreras de XC, siendo as\u00ed uno de los manillares de carbono para trail m\u00e1s ligeros y vers\u00e1tiles del mercado. Tiene una anchura de 780 mm, con marcas de corte para que te resulte m\u00e1s f\u00e1cil encontrar la anchura correcta para tu modo de conducci\u00f3n.<\/p>\n","protected":false},"featured_media":292470,"comment_status":"closed","ping_status":"closed","template":"","meta":{"_acf_changed":false,"_et_pb_use_builder":"","_et_pb_old_content":"","_et_gb_content_width":"","inline_featured_image":false},"product_brand":[],"product_cat":[25,2260],"product_tag":[],"class_list":{"0":"post-376349","1":"product","2":"type-product","3":"status-publish","4":"has-post-thumbnail","6":"product_cat-componentes","7":"product_cat-manillar","8":"product_shipping_class-componentes","10":"first","11":"instock","12":"taxable","13":"shipping-taxable","14":"purchasable","15":"product-type-variable","16":"wvs-archive-product-wrapper"},"acf":[],"yoast_head":"<!-- This site is optimized with the Yoast SEO Premium plugin v26.7 (Yoast SEO v26.7) - https:\/\/yoast.com\/wordpress\/plugins\/seo\/ -->\n<title>Roval Control SL 35mm Handlebar 2024 GR-100<\/title>\n<meta name=\"description\" content=\"Para las carreras XC, la rigidez es igual a velocidad. Esto es lo que impuls\u00f3 nuestro pensamiento al dise\u00f1ar el manillar Roval Control SL.\" \/>\n<meta name=\"robots\" content=\"index, follow, max-snippet:-1, max-image-preview:large, max-video-preview:-1\" \/>\n<link rel=\"canonical\" href=\"https:\/\/gr-100.com\/producto\/roval-control-sl-35mm-handlebar-2024\/\" \/>\n<meta property=\"og:locale\" content=\"en_US\" \/>\n<meta property=\"og:type\" content=\"article\" \/>\n<meta property=\"og:title\" content=\"Roval Control SL 35mm Handlebar 2024\" \/>\n<meta property=\"og:description\" content=\"Para las carreras XC, la rigidez es igual a velocidad. Esto es lo que impuls\u00f3 nuestro pensamiento al dise\u00f1ar el manillar Roval Control SL.\" \/>\n<meta property=\"og:url\" content=\"https:\/\/gr-100.com\/producto\/roval-control-sl-35mm-handlebar-2024\/\" \/>\n<meta property=\"og:site_name\" content=\"Gr-100 Tienda de ciclismo Specialized\" \/>\n<meta property=\"article:publisher\" content=\"https:\/\/www.facebook.com\/Gr100Bikes\" \/>\n<meta property=\"article:modified_time\" content=\"2026-03-11T12:17:53+00:00\" \/>\n<meta property=\"og:image\" content=\"https:\/\/gr-100.com\/wp-content\/uploads\/2024\/05\/Roval-Control-SL-35mm.jpg\" \/>\n\t<meta property=\"og:image:width\" content=\"1000\" \/>\n\t<meta property=\"og:image:height\" content=\"1000\" \/>\n\t<meta property=\"og:image:type\" content=\"image\/jpeg\" \/>\n<meta name=\"twitter:card\" content=\"summary_large_image\" \/>\n<meta name=\"twitter:label1\" content=\"Est. reading time\" \/>\n\t<meta name=\"twitter:data1\" content=\"1 minute\" \/>\n<script type=\"application\/ld+json\" class=\"yoast-schema-graph\">{\"@context\":\"https:\/\/schema.org\",\"@graph\":[{\"@type\":\"WebPage\",\"@id\":\"https:\/\/gr-100.com\/producto\/roval-control-sl-35mm-handlebar-2024\/\",\"url\":\"https:\/\/gr-100.com\/producto\/roval-control-sl-35mm-handlebar-2024\/\",\"name\":\"Roval Control SL 35mm Handlebar 2024 GR-100\",\"isPartOf\":{\"@id\":\"https:\/\/gr-100.com\/#website\"},\"primaryImageOfPage\":{\"@id\":\"https:\/\/gr-100.com\/producto\/roval-control-sl-35mm-handlebar-2024\/#primaryimage\"},\"image\":{\"@id\":\"https:\/\/gr-100.com\/producto\/roval-control-sl-35mm-handlebar-2024\/#primaryimage\"},\"thumbnailUrl\":\"https:\/\/gr-100.com\/wp-content\/uploads\/2024\/05\/Roval-Control-SL-35mm.jpg\",\"datePublished\":\"2024-07-01T14:12:12+00:00\",\"dateModified\":\"2026-03-11T12:17:53+00:00\",\"description\":\"Para las carreras XC, la rigidez es igual a velocidad. Esto es lo que impuls\u00f3 nuestro pensamiento al dise\u00f1ar el manillar Roval Control SL.\",\"breadcrumb\":{\"@id\":\"https:\/\/gr-100.com\/producto\/roval-control-sl-35mm-handlebar-2024\/#breadcrumb\"},\"inLanguage\":\"en-US\",\"potentialAction\":[{\"@type\":\"ReadAction\",\"target\":[\"https:\/\/gr-100.com\/producto\/roval-control-sl-35mm-handlebar-2024\/\"]}]},{\"@type\":\"ImageObject\",\"inLanguage\":\"en-US\",\"@id\":\"https:\/\/gr-100.com\/producto\/roval-control-sl-35mm-handlebar-2024\/#primaryimage\",\"url\":\"https:\/\/gr-100.com\/wp-content\/uploads\/2024\/05\/Roval-Control-SL-35mm.jpg\",\"contentUrl\":\"https:\/\/gr-100.com\/wp-content\/uploads\/2024\/05\/Roval-Control-SL-35mm.jpg\",\"width\":1000,\"height\":1000},{\"@type\":\"BreadcrumbList\",\"@id\":\"https:\/\/gr-100.com\/producto\/roval-control-sl-35mm-handlebar-2024\/#breadcrumb\",\"itemListElement\":[{\"@type\":\"ListItem\",\"position\":1,\"name\":\"Portada\",\"item\":\"https:\/\/gr-100.com\/pt-pt\/\"},{\"@type\":\"ListItem\",\"position\":2,\"name\":\"Productos\",\"item\":\"https:\/\/gr-100.com\/?post_type=product\"},{\"@type\":\"ListItem\",\"position\":3,\"name\":\"Roval Control SL 35mm Handlebar 2024\"}]},{\"@type\":\"WebSite\",\"@id\":\"https:\/\/gr-100.com\/#website\",\"url\":\"https:\/\/gr-100.com\/\",\"name\":\"Gr-100 Tienda de ciclismo Specialized\",\"description\":\"GR-100 tenemos todas las gamas de bicicletas Specialized al mejor precio.\",\"publisher\":{\"@id\":\"https:\/\/gr-100.com\/#organization\"},\"alternateName\":\"Gr-100 Bikes\",\"potentialAction\":[{\"@type\":\"SearchAction\",\"target\":{\"@type\":\"EntryPoint\",\"urlTemplate\":\"https:\/\/gr-100.com\/?s={search_term_string}\"},\"query-input\":{\"@type\":\"PropertyValueSpecification\",\"valueRequired\":true,\"valueName\":\"search_term_string\"}}],\"inLanguage\":\"en-US\"},{\"@type\":\"Organization\",\"@id\":\"https:\/\/gr-100.com\/#organization\",\"name\":\"Gr-100\",\"url\":\"https:\/\/gr-100.com\/\",\"logo\":{\"@type\":\"ImageObject\",\"inLanguage\":\"en-US\",\"@id\":\"https:\/\/gr-100.com\/#\/schema\/logo\/image\/\",\"url\":\"https:\/\/gr-100.com\/wp-content\/uploads\/2023\/08\/logo-gr-100-bikes.png\",\"contentUrl\":\"https:\/\/gr-100.com\/wp-content\/uploads\/2023\/08\/logo-gr-100-bikes.png\",\"width\":707,\"height\":284,\"caption\":\"Gr-100\"},\"image\":{\"@id\":\"https:\/\/gr-100.com\/#\/schema\/logo\/image\/\"},\"sameAs\":[\"https:\/\/www.facebook.com\/Gr100Bikes\",\"https:\/\/www.instagram.com\/gr100bikes\/\",\"https:\/\/www.tiktok.com\/@gr100bikes\",\"https:\/\/twitter.com\/gr100mtbteam\",\"https:\/\/www.youtube.com\/c\/GR100Specialized\"]}]}<\/script>\n<!-- \/ Yoast SEO Premium plugin. -->","yoast_head_json":{"title":"Roval Control SL 35mm Handlebar 2024 GR-100","description":"Para las carreras XC, la rigidez es igual a velocidad. Esto es lo que impuls\u00f3 nuestro pensamiento al dise\u00f1ar el manillar Roval Control SL.","robots":{"index":"index","follow":"follow","max-snippet":"max-snippet:-1","max-image-preview":"max-image-preview:large","max-video-preview":"max-video-preview:-1"},"canonical":"https:\/\/gr-100.com\/producto\/roval-control-sl-35mm-handlebar-2024\/","og_locale":"en_US","og_type":"article","og_title":"Roval Control SL 35mm Handlebar 2024","og_description":"Para las carreras XC, la rigidez es igual a velocidad. Esto es lo que impuls\u00f3 nuestro pensamiento al dise\u00f1ar el manillar Roval Control SL.","og_url":"https:\/\/gr-100.com\/producto\/roval-control-sl-35mm-handlebar-2024\/","og_site_name":"Gr-100 Tienda de ciclismo Specialized","article_publisher":"https:\/\/www.facebook.com\/Gr100Bikes","article_modified_time":"2026-03-11T12:17:53+00:00","og_image":[{"width":1000,"height":1000,"url":"https:\/\/gr-100.com\/wp-content\/uploads\/2024\/05\/Roval-Control-SL-35mm.jpg","type":"image\/jpeg"}],"twitter_card":"summary_large_image","twitter_misc":{"Est. reading time":"1 minute"},"schema":{"@context":"https:\/\/schema.org","@graph":[{"@type":"WebPage","@id":"https:\/\/gr-100.com\/producto\/roval-control-sl-35mm-handlebar-2024\/","url":"https:\/\/gr-100.com\/producto\/roval-control-sl-35mm-handlebar-2024\/","name":"Roval Control SL 35mm Handlebar 2024 GR-100","isPartOf":{"@id":"https:\/\/gr-100.com\/#website"},"primaryImageOfPage":{"@id":"https:\/\/gr-100.com\/producto\/roval-control-sl-35mm-handlebar-2024\/#primaryimage"},"image":{"@id":"https:\/\/gr-100.com\/producto\/roval-control-sl-35mm-handlebar-2024\/#primaryimage"},"thumbnailUrl":"https:\/\/gr-100.com\/wp-content\/uploads\/2024\/05\/Roval-Control-SL-35mm.jpg","datePublished":"2024-07-01T14:12:12+00:00","dateModified":"2026-03-11T12:17:53+00:00","description":"Para las carreras XC, la rigidez es igual a velocidad. Esto es lo que impuls\u00f3 nuestro pensamiento al dise\u00f1ar el manillar Roval Control SL.","breadcrumb":{"@id":"https:\/\/gr-100.com\/producto\/roval-control-sl-35mm-handlebar-2024\/#breadcrumb"},"inLanguage":"en-US","potentialAction":[{"@type":"ReadAction","target":["https:\/\/gr-100.com\/producto\/roval-control-sl-35mm-handlebar-2024\/"]}]},{"@type":"ImageObject","inLanguage":"en-US","@id":"https:\/\/gr-100.com\/producto\/roval-control-sl-35mm-handlebar-2024\/#primaryimage","url":"https:\/\/gr-100.com\/wp-content\/uploads\/2024\/05\/Roval-Control-SL-35mm.jpg","contentUrl":"https:\/\/gr-100.com\/wp-content\/uploads\/2024\/05\/Roval-Control-SL-35mm.jpg","width":1000,"height":1000},{"@type":"BreadcrumbList","@id":"https:\/\/gr-100.com\/producto\/roval-control-sl-35mm-handlebar-2024\/#breadcrumb","itemListElement":[{"@type":"ListItem","position":1,"name":"Portada","item":"https:\/\/gr-100.com\/pt-pt\/"},{"@type":"ListItem","position":2,"name":"Productos","item":"https:\/\/gr-100.com\/?post_type=product"},{"@type":"ListItem","position":3,"name":"Roval Control SL 35mm Handlebar 2024"}]},{"@type":"WebSite","@id":"https:\/\/gr-100.com\/#website","url":"https:\/\/gr-100.com\/","name":"Gr-100 Tienda de ciclismo Specialized","description":"GR-100 tenemos todas las gamas de bicicletas Specialized al mejor precio.","publisher":{"@id":"https:\/\/gr-100.com\/#organization"},"alternateName":"Gr-100 Bikes","potentialAction":[{"@type":"SearchAction","target":{"@type":"EntryPoint","urlTemplate":"https:\/\/gr-100.com\/?s={search_term_string}"},"query-input":{"@type":"PropertyValueSpecification","valueRequired":true,"valueName":"search_term_string"}}],"inLanguage":"en-US"},{"@type":"Organization","@id":"https:\/\/gr-100.com\/#organization","name":"Gr-100","url":"https:\/\/gr-100.com\/","logo":{"@type":"ImageObject","inLanguage":"en-US","@id":"https:\/\/gr-100.com\/#\/schema\/logo\/image\/","url":"https:\/\/gr-100.com\/wp-content\/uploads\/2023\/08\/logo-gr-100-bikes.png","contentUrl":"https:\/\/gr-100.com\/wp-content\/uploads\/2023\/08\/logo-gr-100-bikes.png","width":707,"height":284,"caption":"Gr-100"},"image":{"@id":"https:\/\/gr-100.com\/#\/schema\/logo\/image\/"},"sameAs":["https:\/\/www.facebook.com\/Gr100Bikes","https:\/\/www.instagram.com\/gr100bikes\/","https:\/\/www.tiktok.com\/@gr100bikes","https:\/\/twitter.com\/gr100mtbteam","https:\/\/www.youtube.com\/c\/GR100Specialized"]}]}},"_links":{"self":[{"href":"https:\/\/gr-100.com\/en\/wp-json\/wp\/v2\/product\/376349","targetHints":{"allow":["GET"]}}],"collection":[{"href":"https:\/\/gr-100.com\/en\/wp-json\/wp\/v2\/product"}],"about":[{"href":"https:\/\/gr-100.com\/en\/wp-json\/wp\/v2\/types\/product"}],"replies":[{"embeddable":true,"href":"https:\/\/gr-100.com\/en\/wp-json\/wp\/v2\/comments?post=376349"}],"wp:featuredmedia":[{"embeddable":true,"href":"https:\/\/gr-100.com\/en\/wp-json\/wp\/v2\/media\/292470"}],"wp:attachment":[{"href":"https:\/\/gr-100.com\/en\/wp-json\/wp\/v2\/media?parent=376349"}],"wp:term":[{"taxonomy":"product_brand","embeddable":true,"href":"https:\/\/gr-100.com\/en\/wp-json\/wp\/v2\/product_brand?post=376349"},{"taxonomy":"product_cat","embeddable":true,"href":"https:\/\/gr-100.com\/en\/wp-json\/wp\/v2\/product_cat?post=376349"},{"taxonomy":"product_tag","embeddable":true,"href":"https:\/\/gr-100.com\/en\/wp-json\/wp\/v2\/product_tag?post=376349"}],"curies":[{"name":"wp","href":"https:\/\/api.w.org\/{rel}","templated":true}]}}