{"id":376746,"date":"2024-07-01T14:30:25","date_gmt":"2024-07-01T14:30:25","guid":{"rendered":"https:\/\/nuevo.gr-100.com\/producto\/culotte-gr-100-gsport-aero-negro-largo-2024\/"},"modified":"2025-09-22T15:45:33","modified_gmt":"2025-09-22T13:45:33","slug":"culotte-gr-100-gsport-aero-negro-largo-2024","status":"publish","type":"product","link":"https:\/\/gr-100.com\/en\/producto\/culotte-gr-100-gsport-aero-negro-largo-2024\/","title":{"rendered":"Culotte GR-100 GSPORT Aero Negro Largo 2024"},"content":{"rendered":"<ul>\n<li>Compuesto por tres licras diferentes para un mayor ajuste y comodidad.<\/li>\n<li>Tirantes planos microperforados, sujeci\u00f3n y elasticidad \u00f3ptima para una comodidad adecuada.<\/li>\n<li><span lang=\"es\">El interior de\u00a0las mallas tiene un tejido de forro polar cepillado para un toque de comodidad cuando hace fr\u00edo.<\/span><\/li>\n<li>Costura plana para un mejor termosellado de la prenda.<\/li>\n<li>Rango de Temperatura: a partir de 4\u00baC.<\/li>\n<\/ul>\n<p><img decoding=\"async\" class=\"aligncenter wp-image-263930 size-full\" src=\"https:\/\/gr-100.com\/wp-content\/uploads\/2024\/05\/Tallas_Hombre-1.webp\" alt=\"\" width=\"1250\" height=\"668\" \/> <img decoding=\"async\" class=\"aligncenter wp-image-263931 size-full\" src=\"https:\/\/gr-100.com\/wp-content\/uploads\/2024\/05\/Tallas_Mujer-1.webp\" alt=\"\" width=\"1250\" height=\"668\" \/><\/p>\n","protected":false},"excerpt":{"rendered":"<p>Culotte gama GSPORT Aero con los \u00faltimos materiales y m\u00e1xima calidad, para la colecci\u00f3n oto\u00f1o\/invierno de GR-100 Bikes. Compuesto por tres licras diferentes para un mayor ajuste y comodidad. Tirantes planos microperforados, sujeci\u00f3n y elasticidad \u00f3ptima para una comodidad adecuada.<\/p>\n","protected":false},"featured_media":378249,"comment_status":"closed","ping_status":"closed","template":"","meta":{"_acf_changed":false,"_et_pb_use_builder":"","_et_pb_old_content":"","_et_gb_content_width":"","inline_featured_image":false},"product_brand":[],"product_cat":[50,75,51],"product_tag":[],"class_list":{"0":"post-376746","1":"product","2":"type-product","3":"status-publish","4":"has-post-thumbnail","6":"product_cat-equipaciones","7":"product_cat-equipaciones-gr-100","8":"product_cat-ropa","9":"product_shipping_class-equipacion","11":"first","12":"outofstock","13":"taxable","14":"shipping-taxable","15":"product-type-variable","16":"wvs-archive-product-wrapper"},"acf":[],"yoast_head":"<!-- This site is optimized with the Yoast SEO Premium plugin v26.7 (Yoast SEO v26.7) - https:\/\/yoast.com\/wordpress\/plugins\/seo\/ -->\n<title>Culotte GR-100 GSPORT Aero Negro Largo 2024 GR-100<\/title>\n<meta name=\"description\" content=\"Culotte gama GSPORT Aero con los \u00faltimos materiales y m\u00e1xima calidad, para la colecci\u00f3n oto\u00f1o\/invierno de GR-100 Bikes. Disponible online y tiendas.\" \/>\n<meta name=\"robots\" content=\"index, follow, max-snippet:-1, max-image-preview:large, max-video-preview:-1\" \/>\n<link rel=\"canonical\" href=\"https:\/\/gr-100.com\/producto\/culotte-gr-100-gsport-aero-negro-largo-2024\/\" \/>\n<meta property=\"og:locale\" content=\"en_US\" \/>\n<meta property=\"og:type\" content=\"article\" \/>\n<meta property=\"og:title\" content=\"Culotte GR-100 GSPORT Aero Negro Largo 2024\" \/>\n<meta property=\"og:description\" content=\"Culotte gama GSPORT Aero con los \u00faltimos materiales y m\u00e1xima calidad, para la colecci\u00f3n oto\u00f1o\/invierno de GR-100 Bikes. Disponible online y tiendas.\" \/>\n<meta property=\"og:url\" content=\"https:\/\/gr-100.com\/producto\/culotte-gr-100-gsport-aero-negro-largo-2024\/\" \/>\n<meta property=\"og:site_name\" content=\"Gr-100 Tienda de ciclismo Specialized\" \/>\n<meta property=\"article:publisher\" content=\"https:\/\/www.facebook.com\/Gr100Bikes\" \/>\n<meta property=\"article:modified_time\" content=\"2025-09-22T13:45:33+00:00\" \/>\n<meta property=\"og:image\" content=\"https:\/\/gr-100.com\/wp-content\/uploads\/2024\/07\/1-2-1000x1000-1.jpg\" \/>\n\t<meta property=\"og:image:width\" content=\"1000\" \/>\n\t<meta property=\"og:image:height\" content=\"1000\" \/>\n\t<meta property=\"og:image:type\" content=\"image\/jpeg\" \/>\n<meta name=\"twitter:card\" content=\"summary_large_image\" \/>\n<meta name=\"twitter:label1\" content=\"Est. reading time\" \/>\n\t<meta name=\"twitter:data1\" content=\"1 minute\" \/>\n<script type=\"application\/ld+json\" class=\"yoast-schema-graph\">{\"@context\":\"https:\/\/schema.org\",\"@graph\":[{\"@type\":\"WebPage\",\"@id\":\"https:\/\/gr-100.com\/producto\/culotte-gr-100-gsport-aero-negro-largo-2024\/\",\"url\":\"https:\/\/gr-100.com\/producto\/culotte-gr-100-gsport-aero-negro-largo-2024\/\",\"name\":\"Culotte GR-100 GSPORT Aero Negro Largo 2024 GR-100\",\"isPartOf\":{\"@id\":\"https:\/\/gr-100.com\/#website\"},\"primaryImageOfPage\":{\"@id\":\"https:\/\/gr-100.com\/producto\/culotte-gr-100-gsport-aero-negro-largo-2024\/#primaryimage\"},\"image\":{\"@id\":\"https:\/\/gr-100.com\/producto\/culotte-gr-100-gsport-aero-negro-largo-2024\/#primaryimage\"},\"thumbnailUrl\":\"https:\/\/gr-100.com\/wp-content\/uploads\/2024\/07\/1-2-1000x1000-1.jpg\",\"datePublished\":\"2024-07-01T14:30:25+00:00\",\"dateModified\":\"2025-09-22T13:45:33+00:00\",\"description\":\"Culotte gama GSPORT Aero con los \u00faltimos materiales y m\u00e1xima calidad, para la colecci\u00f3n oto\u00f1o\/invierno de GR-100 Bikes. Disponible online y tiendas.\",\"breadcrumb\":{\"@id\":\"https:\/\/gr-100.com\/producto\/culotte-gr-100-gsport-aero-negro-largo-2024\/#breadcrumb\"},\"inLanguage\":\"en-US\",\"potentialAction\":[{\"@type\":\"ReadAction\",\"target\":[\"https:\/\/gr-100.com\/producto\/culotte-gr-100-gsport-aero-negro-largo-2024\/\"]}]},{\"@type\":\"ImageObject\",\"inLanguage\":\"en-US\",\"@id\":\"https:\/\/gr-100.com\/producto\/culotte-gr-100-gsport-aero-negro-largo-2024\/#primaryimage\",\"url\":\"https:\/\/gr-100.com\/wp-content\/uploads\/2024\/07\/1-2-1000x1000-1.jpg\",\"contentUrl\":\"https:\/\/gr-100.com\/wp-content\/uploads\/2024\/07\/1-2-1000x1000-1.jpg\",\"width\":1000,\"height\":1000,\"caption\":\"xr:d:DAF0snwgOPc:7,j:4291214329088026066,t:23112010\"},{\"@type\":\"BreadcrumbList\",\"@id\":\"https:\/\/gr-100.com\/producto\/culotte-gr-100-gsport-aero-negro-largo-2024\/#breadcrumb\",\"itemListElement\":[{\"@type\":\"ListItem\",\"position\":1,\"name\":\"Portada\",\"item\":\"https:\/\/gr-100.com\/pt-pt\/\"},{\"@type\":\"ListItem\",\"position\":2,\"name\":\"Productos\",\"item\":\"https:\/\/gr-100.com\/?post_type=product\"},{\"@type\":\"ListItem\",\"position\":3,\"name\":\"Culotte GR-100 GSPORT Aero Negro Largo 2024\"}]},{\"@type\":\"WebSite\",\"@id\":\"https:\/\/gr-100.com\/#website\",\"url\":\"https:\/\/gr-100.com\/\",\"name\":\"Gr-100 Tienda de ciclismo Specialized\",\"description\":\"GR-100 tenemos todas las gamas de bicicletas Specialized al mejor precio.\",\"publisher\":{\"@id\":\"https:\/\/gr-100.com\/#organization\"},\"alternateName\":\"Gr-100 Bikes\",\"potentialAction\":[{\"@type\":\"SearchAction\",\"target\":{\"@type\":\"EntryPoint\",\"urlTemplate\":\"https:\/\/gr-100.com\/?s={search_term_string}\"},\"query-input\":{\"@type\":\"PropertyValueSpecification\",\"valueRequired\":true,\"valueName\":\"search_term_string\"}}],\"inLanguage\":\"en-US\"},{\"@type\":\"Organization\",\"@id\":\"https:\/\/gr-100.com\/#organization\",\"name\":\"Gr-100\",\"url\":\"https:\/\/gr-100.com\/\",\"logo\":{\"@type\":\"ImageObject\",\"inLanguage\":\"en-US\",\"@id\":\"https:\/\/gr-100.com\/#\/schema\/logo\/image\/\",\"url\":\"https:\/\/gr-100.com\/wp-content\/uploads\/2023\/08\/logo-gr-100-bikes.png\",\"contentUrl\":\"https:\/\/gr-100.com\/wp-content\/uploads\/2023\/08\/logo-gr-100-bikes.png\",\"width\":707,\"height\":284,\"caption\":\"Gr-100\"},\"image\":{\"@id\":\"https:\/\/gr-100.com\/#\/schema\/logo\/image\/\"},\"sameAs\":[\"https:\/\/www.facebook.com\/Gr100Bikes\",\"https:\/\/www.instagram.com\/gr100bikes\/\",\"https:\/\/www.tiktok.com\/@gr100bikes\",\"https:\/\/twitter.com\/gr100mtbteam\",\"https:\/\/www.youtube.com\/c\/GR100Specialized\"]}]}<\/script>\n<!-- \/ Yoast SEO Premium plugin. -->","yoast_head_json":{"title":"Culotte GR-100 GSPORT Aero Negro Largo 2024 GR-100","description":"Culotte gama GSPORT Aero con los \u00faltimos materiales y m\u00e1xima calidad, para la colecci\u00f3n oto\u00f1o\/invierno de GR-100 Bikes. Disponible online y tiendas.","robots":{"index":"index","follow":"follow","max-snippet":"max-snippet:-1","max-image-preview":"max-image-preview:large","max-video-preview":"max-video-preview:-1"},"canonical":"https:\/\/gr-100.com\/producto\/culotte-gr-100-gsport-aero-negro-largo-2024\/","og_locale":"en_US","og_type":"article","og_title":"Culotte GR-100 GSPORT Aero Negro Largo 2024","og_description":"Culotte gama GSPORT Aero con los \u00faltimos materiales y m\u00e1xima calidad, para la colecci\u00f3n oto\u00f1o\/invierno de GR-100 Bikes. Disponible online y tiendas.","og_url":"https:\/\/gr-100.com\/producto\/culotte-gr-100-gsport-aero-negro-largo-2024\/","og_site_name":"Gr-100 Tienda de ciclismo Specialized","article_publisher":"https:\/\/www.facebook.com\/Gr100Bikes","article_modified_time":"2025-09-22T13:45:33+00:00","og_image":[{"width":1000,"height":1000,"url":"https:\/\/gr-100.com\/wp-content\/uploads\/2024\/07\/1-2-1000x1000-1.jpg","type":"image\/jpeg"}],"twitter_card":"summary_large_image","twitter_misc":{"Est. reading time":"1 minute"},"schema":{"@context":"https:\/\/schema.org","@graph":[{"@type":"WebPage","@id":"https:\/\/gr-100.com\/producto\/culotte-gr-100-gsport-aero-negro-largo-2024\/","url":"https:\/\/gr-100.com\/producto\/culotte-gr-100-gsport-aero-negro-largo-2024\/","name":"Culotte GR-100 GSPORT Aero Negro Largo 2024 GR-100","isPartOf":{"@id":"https:\/\/gr-100.com\/#website"},"primaryImageOfPage":{"@id":"https:\/\/gr-100.com\/producto\/culotte-gr-100-gsport-aero-negro-largo-2024\/#primaryimage"},"image":{"@id":"https:\/\/gr-100.com\/producto\/culotte-gr-100-gsport-aero-negro-largo-2024\/#primaryimage"},"thumbnailUrl":"https:\/\/gr-100.com\/wp-content\/uploads\/2024\/07\/1-2-1000x1000-1.jpg","datePublished":"2024-07-01T14:30:25+00:00","dateModified":"2025-09-22T13:45:33+00:00","description":"Culotte gama GSPORT Aero con los \u00faltimos materiales y m\u00e1xima calidad, para la colecci\u00f3n oto\u00f1o\/invierno de GR-100 Bikes. Disponible online y tiendas.","breadcrumb":{"@id":"https:\/\/gr-100.com\/producto\/culotte-gr-100-gsport-aero-negro-largo-2024\/#breadcrumb"},"inLanguage":"en-US","potentialAction":[{"@type":"ReadAction","target":["https:\/\/gr-100.com\/producto\/culotte-gr-100-gsport-aero-negro-largo-2024\/"]}]},{"@type":"ImageObject","inLanguage":"en-US","@id":"https:\/\/gr-100.com\/producto\/culotte-gr-100-gsport-aero-negro-largo-2024\/#primaryimage","url":"https:\/\/gr-100.com\/wp-content\/uploads\/2024\/07\/1-2-1000x1000-1.jpg","contentUrl":"https:\/\/gr-100.com\/wp-content\/uploads\/2024\/07\/1-2-1000x1000-1.jpg","width":1000,"height":1000,"caption":"xr:d:DAF0snwgOPc:7,j:4291214329088026066,t:23112010"},{"@type":"BreadcrumbList","@id":"https:\/\/gr-100.com\/producto\/culotte-gr-100-gsport-aero-negro-largo-2024\/#breadcrumb","itemListElement":[{"@type":"ListItem","position":1,"name":"Portada","item":"https:\/\/gr-100.com\/pt-pt\/"},{"@type":"ListItem","position":2,"name":"Productos","item":"https:\/\/gr-100.com\/?post_type=product"},{"@type":"ListItem","position":3,"name":"Culotte GR-100 GSPORT Aero Negro Largo 2024"}]},{"@type":"WebSite","@id":"https:\/\/gr-100.com\/#website","url":"https:\/\/gr-100.com\/","name":"Gr-100 Tienda de ciclismo Specialized","description":"GR-100 tenemos todas las gamas de bicicletas Specialized al mejor precio.","publisher":{"@id":"https:\/\/gr-100.com\/#organization"},"alternateName":"Gr-100 Bikes","potentialAction":[{"@type":"SearchAction","target":{"@type":"EntryPoint","urlTemplate":"https:\/\/gr-100.com\/?s={search_term_string}"},"query-input":{"@type":"PropertyValueSpecification","valueRequired":true,"valueName":"search_term_string"}}],"inLanguage":"en-US"},{"@type":"Organization","@id":"https:\/\/gr-100.com\/#organization","name":"Gr-100","url":"https:\/\/gr-100.com\/","logo":{"@type":"ImageObject","inLanguage":"en-US","@id":"https:\/\/gr-100.com\/#\/schema\/logo\/image\/","url":"https:\/\/gr-100.com\/wp-content\/uploads\/2023\/08\/logo-gr-100-bikes.png","contentUrl":"https:\/\/gr-100.com\/wp-content\/uploads\/2023\/08\/logo-gr-100-bikes.png","width":707,"height":284,"caption":"Gr-100"},"image":{"@id":"https:\/\/gr-100.com\/#\/schema\/logo\/image\/"},"sameAs":["https:\/\/www.facebook.com\/Gr100Bikes","https:\/\/www.instagram.com\/gr100bikes\/","https:\/\/www.tiktok.com\/@gr100bikes","https:\/\/twitter.com\/gr100mtbteam","https:\/\/www.youtube.com\/c\/GR100Specialized"]}]}},"_links":{"self":[{"href":"https:\/\/gr-100.com\/en\/wp-json\/wp\/v2\/product\/376746","targetHints":{"allow":["GET"]}}],"collection":[{"href":"https:\/\/gr-100.com\/en\/wp-json\/wp\/v2\/product"}],"about":[{"href":"https:\/\/gr-100.com\/en\/wp-json\/wp\/v2\/types\/product"}],"replies":[{"embeddable":true,"href":"https:\/\/gr-100.com\/en\/wp-json\/wp\/v2\/comments?post=376746"}],"wp:featuredmedia":[{"embeddable":true,"href":"https:\/\/gr-100.com\/en\/wp-json\/wp\/v2\/media\/378249"}],"wp:attachment":[{"href":"https:\/\/gr-100.com\/en\/wp-json\/wp\/v2\/media?parent=376746"}],"wp:term":[{"taxonomy":"product_brand","embeddable":true,"href":"https:\/\/gr-100.com\/en\/wp-json\/wp\/v2\/product_brand?post=376746"},{"taxonomy":"product_cat","embeddable":true,"href":"https:\/\/gr-100.com\/en\/wp-json\/wp\/v2\/product_cat?post=376746"},{"taxonomy":"product_tag","embeddable":true,"href":"https:\/\/gr-100.com\/en\/wp-json\/wp\/v2\/product_tag?post=376746"}],"curies":[{"name":"wp","href":"https:\/\/api.w.org\/{rel}","templated":true}]}}