{"id":377071,"date":"2024-07-01T14:46:05","date_gmt":"2024-07-01T14:46:05","guid":{"rendered":"https:\/\/nuevo.gr-100.com\/producto\/conjunto-electromercantil-gr-100-gsport-aero-corto-2024\/"},"modified":"2025-11-06T11:43:58","modified_gmt":"2025-11-06T09:43:58","slug":"conjunto-electromercantil-gr-100-gsport-aero-corto-2024","status":"publish","type":"product","link":"https:\/\/gr-100.com\/en\/producto\/conjunto-electromercantil-gr-100-gsport-aero-corto-2024\/","title":{"rendered":"Conjunto Electromercantil GR-100 GSPORT Aero Corto 2025"},"content":{"rendered":"<p>&nbsp;<\/p>\n<ul>\n<li><strong>Culotte:<\/strong><\/li>\n<li>Compuesto por tres licras combinadas de manera optima para un perfecto ajuste, compresiva en su base y el\u00e1stica en sus curvas.<\/li>\n<li>Tejido gofrado en la base.<\/li>\n<li>Tirantes planos microperforados, sujeci\u00f3n y elasticidad \u00f3ptima para una comodidad adecuada.<\/li>\n<li>Costuras planas para un mejor termosellado de la prenda.<\/li>\n<li>Pu\u00f1o de 7cm con inserciones de silicona (spandex).<\/li>\n<li>Rango de Temperatura: a partir de 18\u00baC.<\/li>\n<li>Patr\u00f3n disponible en Hombre \/ Mujer.<\/li>\n<li><strong>Maillot:<\/strong><\/li>\n<li>El Maillot Aero combina tejido de licra lisa en el frente y licra microperforada en la espalda.<\/li>\n<li>Ligeros paneles laterales de rejilla, ideales para evacuar el sudor y regular la temperatura corporal.<\/li>\n<li>Manga sentada de licra con silicona interior para lograr un mayor ajuste.<\/li>\n<li>Bolsillos reforzados con elasticidad unidireccional y acabado en el\u00e1stico de 2 cm.<\/li>\n<li>Reflectante trasero para dotar al ciclista de visibilidad en las horas de menos luz.<\/li>\n<li>Terminaci\u00f3n con goma de silicona.<\/li>\n<li>Cremallera YKK invertida con bloqueo.<\/li>\n<li>Rango de temperatura a partir de 18\u00ba.<\/li>\n<\/ul>\n<p><div style=\"width: 640px;\" class=\"wp-video\"><video class=\"wp-video-shortcode\" id=\"video-377071-1\" width=\"640\" height=\"360\" preload=\"metadata\" controls=\"controls\"><source type=\"video\/mp4\" src=\"https:\/\/gr-100.com\/wp-content\/uploads\/2024\/02\/electromercantil_corto_24-1.mp4?_=1\" \/><a href=\"https:\/\/gr-100.com\/wp-content\/uploads\/2024\/02\/electromercantil_corto_24-1.mp4\">https:\/\/gr-100.com\/wp-content\/uploads\/2024\/02\/electromercantil_corto_24-1.mp4<\/a><\/video><\/div><br \/>\n<img decoding=\"async\" class=\"aligncenter wp-image-263930 size-full\" src=\"https:\/\/gr-100.com\/wp-content\/uploads\/2024\/05\/Tallas_Hombre-1.webp\" alt=\"\" width=\"1250\" height=\"668\" \/> <img decoding=\"async\" class=\"aligncenter wp-image-263931 size-full\" src=\"https:\/\/gr-100.com\/wp-content\/uploads\/2024\/05\/Tallas_Mujer-1.webp\" alt=\"\" width=\"1250\" height=\"668\" \/><\/p>\n","protected":false},"excerpt":{"rendered":"<p>Conjunto Electromercantil GR-100 Bikes, compuesto por maillot, culotte, de la gama GSPORT Aero con los \u00faltimos materiales y m\u00e1xima calidad, para la temporada 2024 de nuestro equipo. Culotte compuesto por tres licras combinadas de manera optima para un perfecto ajuste, compresiva en su base y el\u00e1stica en sus curvas. Tirantes planos microperforados, sujeci\u00f3n y elasticidad \u00f3ptima para una comodidad adecuada. Maillot El Maillot Aero combina tejido de licra lisa en el frente y licra microperforada en la espalda&#8230;<\/p>\n<p>&nbsp;<\/p>\n","protected":false},"featured_media":419709,"comment_status":"closed","ping_status":"closed","template":"","meta":{"_acf_changed":false,"_et_pb_use_builder":"","_et_pb_old_content":"","_et_gb_content_width":"","inline_featured_image":false},"product_brand":[],"product_cat":[50,76,75],"product_tag":[],"class_list":{"0":"post-377071","1":"product","2":"type-product","3":"status-publish","4":"has-post-thumbnail","6":"product_cat-equipaciones","7":"product_cat-equipaciones-extremadura","8":"product_cat-equipaciones-gr-100","10":"first","11":"instock","12":"sale","13":"taxable","14":"shipping-taxable","15":"purchasable","16":"product-type-variable","17":"wvs-archive-product-wrapper"},"acf":[],"yoast_head":"<!-- This site is optimized with the Yoast SEO Premium plugin v26.7 (Yoast SEO v26.7) - https:\/\/yoast.com\/wordpress\/plugins\/seo\/ -->\n<title>Conjunto Electromercantil GR-100 GSPORT Aero Corto 2025 GR-100<\/title>\n<meta name=\"description\" content=\"Conjunto Electromercantil GR-100 GSPORT Aero Corto 2024 gama GSPORT Aero con los \u00faltimos materiales y m\u00e1xima calidad.\" \/>\n<meta name=\"robots\" content=\"index, follow, max-snippet:-1, max-image-preview:large, max-video-preview:-1\" \/>\n<link rel=\"canonical\" href=\"https:\/\/gr-100.com\/producto\/conjunto-electromercantil-gr-100-gsport-aero-corto-2024\/\" \/>\n<meta property=\"og:locale\" content=\"en_US\" \/>\n<meta property=\"og:type\" content=\"article\" \/>\n<meta property=\"og:title\" content=\"Conjunto Electromercantil GR-100 GSPORT Aero Corto 2025\" \/>\n<meta property=\"og:description\" content=\"Conjunto Electromercantil GR-100 GSPORT Aero Corto 2024 gama GSPORT Aero con los \u00faltimos materiales y m\u00e1xima calidad.\" \/>\n<meta property=\"og:url\" content=\"https:\/\/gr-100.com\/producto\/conjunto-electromercantil-gr-100-gsport-aero-corto-2024\/\" \/>\n<meta property=\"og:site_name\" content=\"Gr-100 Tienda de ciclismo Specialized\" \/>\n<meta property=\"article:publisher\" content=\"https:\/\/www.facebook.com\/Gr100Bikes\" \/>\n<meta property=\"article:modified_time\" content=\"2025-11-06T09:43:58+00:00\" \/>\n<meta property=\"og:image\" content=\"https:\/\/gr-100.com\/wp-content\/uploads\/2024\/07\/eaabeda1-621e-4800-9227-0958b499272a.jpg\" \/>\n\t<meta property=\"og:image:width\" content=\"1000\" \/>\n\t<meta property=\"og:image:height\" content=\"652\" \/>\n\t<meta property=\"og:image:type\" content=\"image\/jpeg\" \/>\n<meta name=\"twitter:card\" content=\"summary_large_image\" \/>\n<meta name=\"twitter:label1\" content=\"Est. reading time\" \/>\n\t<meta name=\"twitter:data1\" content=\"2 minutes\" \/>\n<script type=\"application\/ld+json\" class=\"yoast-schema-graph\">{\"@context\":\"https:\/\/schema.org\",\"@graph\":[{\"@type\":\"WebPage\",\"@id\":\"https:\/\/gr-100.com\/producto\/conjunto-electromercantil-gr-100-gsport-aero-corto-2024\/\",\"url\":\"https:\/\/gr-100.com\/producto\/conjunto-electromercantil-gr-100-gsport-aero-corto-2024\/\",\"name\":\"Conjunto Electromercantil GR-100 GSPORT Aero Corto 2025 GR-100\",\"isPartOf\":{\"@id\":\"https:\/\/gr-100.com\/#website\"},\"primaryImageOfPage\":{\"@id\":\"https:\/\/gr-100.com\/producto\/conjunto-electromercantil-gr-100-gsport-aero-corto-2024\/#primaryimage\"},\"image\":{\"@id\":\"https:\/\/gr-100.com\/producto\/conjunto-electromercantil-gr-100-gsport-aero-corto-2024\/#primaryimage\"},\"thumbnailUrl\":\"https:\/\/gr-100.com\/wp-content\/uploads\/2024\/07\/eaabeda1-621e-4800-9227-0958b499272a.jpg\",\"datePublished\":\"2024-07-01T14:46:05+00:00\",\"dateModified\":\"2025-11-06T09:43:58+00:00\",\"description\":\"Conjunto Electromercantil GR-100 GSPORT Aero Corto 2024 gama GSPORT Aero con los \u00faltimos materiales y m\u00e1xima calidad.\",\"breadcrumb\":{\"@id\":\"https:\/\/gr-100.com\/producto\/conjunto-electromercantil-gr-100-gsport-aero-corto-2024\/#breadcrumb\"},\"inLanguage\":\"en-US\",\"potentialAction\":[{\"@type\":\"ReadAction\",\"target\":[\"https:\/\/gr-100.com\/producto\/conjunto-electromercantil-gr-100-gsport-aero-corto-2024\/\"]}]},{\"@type\":\"ImageObject\",\"inLanguage\":\"en-US\",\"@id\":\"https:\/\/gr-100.com\/producto\/conjunto-electromercantil-gr-100-gsport-aero-corto-2024\/#primaryimage\",\"url\":\"https:\/\/gr-100.com\/wp-content\/uploads\/2024\/07\/eaabeda1-621e-4800-9227-0958b499272a.jpg\",\"contentUrl\":\"https:\/\/gr-100.com\/wp-content\/uploads\/2024\/07\/eaabeda1-621e-4800-9227-0958b499272a.jpg\",\"width\":1000,\"height\":652},{\"@type\":\"BreadcrumbList\",\"@id\":\"https:\/\/gr-100.com\/producto\/conjunto-electromercantil-gr-100-gsport-aero-corto-2024\/#breadcrumb\",\"itemListElement\":[{\"@type\":\"ListItem\",\"position\":1,\"name\":\"Portada\",\"item\":\"https:\/\/gr-100.com\/pt-pt\/\"},{\"@type\":\"ListItem\",\"position\":2,\"name\":\"Productos\",\"item\":\"https:\/\/gr-100.com\/?post_type=product\"},{\"@type\":\"ListItem\",\"position\":3,\"name\":\"Conjunto Electromercantil GR-100 GSPORT Aero Corto 2025\"}]},{\"@type\":\"WebSite\",\"@id\":\"https:\/\/gr-100.com\/#website\",\"url\":\"https:\/\/gr-100.com\/\",\"name\":\"Gr-100 Tienda de ciclismo Specialized\",\"description\":\"GR-100 tenemos todas las gamas de bicicletas Specialized al mejor precio.\",\"publisher\":{\"@id\":\"https:\/\/gr-100.com\/#organization\"},\"alternateName\":\"Gr-100 Bikes\",\"potentialAction\":[{\"@type\":\"SearchAction\",\"target\":{\"@type\":\"EntryPoint\",\"urlTemplate\":\"https:\/\/gr-100.com\/?s={search_term_string}\"},\"query-input\":{\"@type\":\"PropertyValueSpecification\",\"valueRequired\":true,\"valueName\":\"search_term_string\"}}],\"inLanguage\":\"en-US\"},{\"@type\":\"Organization\",\"@id\":\"https:\/\/gr-100.com\/#organization\",\"name\":\"Gr-100\",\"url\":\"https:\/\/gr-100.com\/\",\"logo\":{\"@type\":\"ImageObject\",\"inLanguage\":\"en-US\",\"@id\":\"https:\/\/gr-100.com\/#\/schema\/logo\/image\/\",\"url\":\"https:\/\/gr-100.com\/wp-content\/uploads\/2023\/08\/logo-gr-100-bikes.png\",\"contentUrl\":\"https:\/\/gr-100.com\/wp-content\/uploads\/2023\/08\/logo-gr-100-bikes.png\",\"width\":707,\"height\":284,\"caption\":\"Gr-100\"},\"image\":{\"@id\":\"https:\/\/gr-100.com\/#\/schema\/logo\/image\/\"},\"sameAs\":[\"https:\/\/www.facebook.com\/Gr100Bikes\",\"https:\/\/www.instagram.com\/gr100bikes\/\",\"https:\/\/www.tiktok.com\/@gr100bikes\",\"https:\/\/twitter.com\/gr100mtbteam\",\"https:\/\/www.youtube.com\/c\/GR100Specialized\"]}]}<\/script>\n<!-- \/ Yoast SEO Premium plugin. -->","yoast_head_json":{"title":"Conjunto Electromercantil GR-100 GSPORT Aero Corto 2025 GR-100","description":"Conjunto Electromercantil GR-100 GSPORT Aero Corto 2024 gama GSPORT Aero con los \u00faltimos materiales y m\u00e1xima calidad.","robots":{"index":"index","follow":"follow","max-snippet":"max-snippet:-1","max-image-preview":"max-image-preview:large","max-video-preview":"max-video-preview:-1"},"canonical":"https:\/\/gr-100.com\/producto\/conjunto-electromercantil-gr-100-gsport-aero-corto-2024\/","og_locale":"en_US","og_type":"article","og_title":"Conjunto Electromercantil GR-100 GSPORT Aero Corto 2025","og_description":"Conjunto Electromercantil GR-100 GSPORT Aero Corto 2024 gama GSPORT Aero con los \u00faltimos materiales y m\u00e1xima calidad.","og_url":"https:\/\/gr-100.com\/producto\/conjunto-electromercantil-gr-100-gsport-aero-corto-2024\/","og_site_name":"Gr-100 Tienda de ciclismo Specialized","article_publisher":"https:\/\/www.facebook.com\/Gr100Bikes","article_modified_time":"2025-11-06T09:43:58+00:00","og_image":[{"width":1000,"height":652,"url":"https:\/\/gr-100.com\/wp-content\/uploads\/2024\/07\/eaabeda1-621e-4800-9227-0958b499272a.jpg","type":"image\/jpeg"}],"twitter_card":"summary_large_image","twitter_misc":{"Est. reading time":"2 minutes"},"schema":{"@context":"https:\/\/schema.org","@graph":[{"@type":"WebPage","@id":"https:\/\/gr-100.com\/producto\/conjunto-electromercantil-gr-100-gsport-aero-corto-2024\/","url":"https:\/\/gr-100.com\/producto\/conjunto-electromercantil-gr-100-gsport-aero-corto-2024\/","name":"Conjunto Electromercantil GR-100 GSPORT Aero Corto 2025 GR-100","isPartOf":{"@id":"https:\/\/gr-100.com\/#website"},"primaryImageOfPage":{"@id":"https:\/\/gr-100.com\/producto\/conjunto-electromercantil-gr-100-gsport-aero-corto-2024\/#primaryimage"},"image":{"@id":"https:\/\/gr-100.com\/producto\/conjunto-electromercantil-gr-100-gsport-aero-corto-2024\/#primaryimage"},"thumbnailUrl":"https:\/\/gr-100.com\/wp-content\/uploads\/2024\/07\/eaabeda1-621e-4800-9227-0958b499272a.jpg","datePublished":"2024-07-01T14:46:05+00:00","dateModified":"2025-11-06T09:43:58+00:00","description":"Conjunto Electromercantil GR-100 GSPORT Aero Corto 2024 gama GSPORT Aero con los \u00faltimos materiales y m\u00e1xima calidad.","breadcrumb":{"@id":"https:\/\/gr-100.com\/producto\/conjunto-electromercantil-gr-100-gsport-aero-corto-2024\/#breadcrumb"},"inLanguage":"en-US","potentialAction":[{"@type":"ReadAction","target":["https:\/\/gr-100.com\/producto\/conjunto-electromercantil-gr-100-gsport-aero-corto-2024\/"]}]},{"@type":"ImageObject","inLanguage":"en-US","@id":"https:\/\/gr-100.com\/producto\/conjunto-electromercantil-gr-100-gsport-aero-corto-2024\/#primaryimage","url":"https:\/\/gr-100.com\/wp-content\/uploads\/2024\/07\/eaabeda1-621e-4800-9227-0958b499272a.jpg","contentUrl":"https:\/\/gr-100.com\/wp-content\/uploads\/2024\/07\/eaabeda1-621e-4800-9227-0958b499272a.jpg","width":1000,"height":652},{"@type":"BreadcrumbList","@id":"https:\/\/gr-100.com\/producto\/conjunto-electromercantil-gr-100-gsport-aero-corto-2024\/#breadcrumb","itemListElement":[{"@type":"ListItem","position":1,"name":"Portada","item":"https:\/\/gr-100.com\/pt-pt\/"},{"@type":"ListItem","position":2,"name":"Productos","item":"https:\/\/gr-100.com\/?post_type=product"},{"@type":"ListItem","position":3,"name":"Conjunto Electromercantil GR-100 GSPORT Aero Corto 2025"}]},{"@type":"WebSite","@id":"https:\/\/gr-100.com\/#website","url":"https:\/\/gr-100.com\/","name":"Gr-100 Tienda de ciclismo Specialized","description":"GR-100 tenemos todas las gamas de bicicletas Specialized al mejor precio.","publisher":{"@id":"https:\/\/gr-100.com\/#organization"},"alternateName":"Gr-100 Bikes","potentialAction":[{"@type":"SearchAction","target":{"@type":"EntryPoint","urlTemplate":"https:\/\/gr-100.com\/?s={search_term_string}"},"query-input":{"@type":"PropertyValueSpecification","valueRequired":true,"valueName":"search_term_string"}}],"inLanguage":"en-US"},{"@type":"Organization","@id":"https:\/\/gr-100.com\/#organization","name":"Gr-100","url":"https:\/\/gr-100.com\/","logo":{"@type":"ImageObject","inLanguage":"en-US","@id":"https:\/\/gr-100.com\/#\/schema\/logo\/image\/","url":"https:\/\/gr-100.com\/wp-content\/uploads\/2023\/08\/logo-gr-100-bikes.png","contentUrl":"https:\/\/gr-100.com\/wp-content\/uploads\/2023\/08\/logo-gr-100-bikes.png","width":707,"height":284,"caption":"Gr-100"},"image":{"@id":"https:\/\/gr-100.com\/#\/schema\/logo\/image\/"},"sameAs":["https:\/\/www.facebook.com\/Gr100Bikes","https:\/\/www.instagram.com\/gr100bikes\/","https:\/\/www.tiktok.com\/@gr100bikes","https:\/\/twitter.com\/gr100mtbteam","https:\/\/www.youtube.com\/c\/GR100Specialized"]}]}},"_links":{"self":[{"href":"https:\/\/gr-100.com\/en\/wp-json\/wp\/v2\/product\/377071","targetHints":{"allow":["GET"]}}],"collection":[{"href":"https:\/\/gr-100.com\/en\/wp-json\/wp\/v2\/product"}],"about":[{"href":"https:\/\/gr-100.com\/en\/wp-json\/wp\/v2\/types\/product"}],"replies":[{"embeddable":true,"href":"https:\/\/gr-100.com\/en\/wp-json\/wp\/v2\/comments?post=377071"}],"wp:featuredmedia":[{"embeddable":true,"href":"https:\/\/gr-100.com\/en\/wp-json\/wp\/v2\/media\/419709"}],"wp:attachment":[{"href":"https:\/\/gr-100.com\/en\/wp-json\/wp\/v2\/media?parent=377071"}],"wp:term":[{"taxonomy":"product_brand","embeddable":true,"href":"https:\/\/gr-100.com\/en\/wp-json\/wp\/v2\/product_brand?post=377071"},{"taxonomy":"product_cat","embeddable":true,"href":"https:\/\/gr-100.com\/en\/wp-json\/wp\/v2\/product_cat?post=377071"},{"taxonomy":"product_tag","embeddable":true,"href":"https:\/\/gr-100.com\/en\/wp-json\/wp\/v2\/product_tag?post=377071"}],"curies":[{"name":"wp","href":"https:\/\/api.w.org\/{rel}","templated":true}]}}