{"id":377096,"date":"2024-07-01T14:47:30","date_gmt":"2024-07-01T14:47:30","guid":{"rendered":"https:\/\/nuevo.gr-100.com\/producto\/specialized-romin-evo-pro-con-mirror\/"},"modified":"2026-04-11T16:56:09","modified_gmt":"2026-04-11T15:56:09","slug":"specialized-romin-evo-pro-con-mirror","status":"publish","type":"product","link":"https:\/\/gr-100.com\/en\/producto\/specialized-romin-evo-pro-con-mirror\/","title":{"rendered":"Specialized Romin EVO Pro con Mirror"},"content":{"rendered":"<p>Romin EVO Pro con Mirror parte de nuestra metodolog\u00eda Body Geometry y la combina con nuestra revolucionaria tecnolog\u00eda de sill\u00edn Mirror para crear una combinaci\u00f3n inigualable de rendimiento y comodidad. El sill\u00edn est\u00e1 dise\u00f1ado para ciclistas que prefieren una posici\u00f3n agresiva, inspirada en el rendimiento, que siga protegiendo los tejidos blandos y el flujo sangu\u00edneo. \u00bfEl resultado? Un 26% menos de presi\u00f3n, justo donde cuenta.<\/p>\n<p>EL RENDIMIENTO SE UNE A LA COMODIDAD: El nuevo sill\u00edn Romin EVO Pro con Mirror utiliza exactamente la misma almohadilla impresa en 3D que el S-Works Romin EVO Pro con Mirror, pero ahora viene con una carcasa de nailon y fibra de carbono recuperada y ra\u00edles huecos de titanio. Nuestro Romin EVO es el preferido de nuestros atletas profesionales y corredores de todo el mundo temporada tras temporada. Su tradicional forma alargada est\u00e1 dise\u00f1ada para ayudar a aliviar la presi\u00f3n en posiciones agresivas, tan adoptadas en las carreras, a la vez que permite al ciclista deslizarse hacia atr\u00e1s y hacia delante en el sill\u00edn para proporcionar la posici\u00f3n ideal para escaladas a ritmo o m\u00e1ximos esfuerzos. Ahora con la tecnolog\u00eda Mirror, el sill\u00edn reduce la presi\u00f3n hasta un 26% en comparaci\u00f3n con los sillines de espuma tradicionales, validado con amplios estudios de mapeo de presi\u00f3n de alta resoluci\u00f3n. Utiliza una matriz impresa en 3D con 22.200 nodos y 10.700 puntales y cuenta con una carcasa c\u00f3ncava \u00fanica para ofrecer nuestra almohadilla Mirror m\u00e1s gruesa hasta la fecha. Para garantizar una medida perfecta, est\u00e1 disponible en dos anchuras: 155 mm y 143 mm.<\/p>\n<p>BODY GEOMETRY Y MIRROR: Sabemos que cada cuerpo es diferente, pero las incomodidades a las que se enfrentan los ciclistas sobre el sill\u00edn son las mismas: presi\u00f3n en los isquiones, acumulaci\u00f3n de tejido cicatricial y p\u00e9rdida de flujo sangu\u00edneo. Mediante el uso de mapas de presi\u00f3n, estudios de comodidad a ciegas e incluso estudios de flujo sangu\u00edneo en la zona perianal (s\u00ed, lo hemos hecho), los sillines Body Geometry y Mirror prometen resolver estos problemas para hombres y mujeres. A diferencia de la espuma tradicional de densidad \u00fanica, la tecnolog\u00eda Mirror permite un ajuste infinito de la densidad con un solo material. Pero cualquier material es tan bueno como los dise\u00f1adores e ingenieros que lo utilizan. Gracias a nuestra metodolog\u00eda de Body Geometry, a los datos de Ret\u00fcl y a d\u00e9cadas de experiencia, la matriz impresa en 3D est\u00e1 preparada para soportar los isquiones sobre un \u00e1rea mayor, creando un efecto hamaca que permite que el sill\u00edn soporte tu peso, no el tejido que rodea los isquiones.<\/p>\n<p>DURABILIDAD Y SOSTENIBILIDAD: Al utilizar fibra de carbono recuperada en la carcasa, evitamos que los residuos de fibra de carbono acaben en los vertederos, al tiempo que creamos un sill\u00edn ligero y duradero. Si a esto le a\u00f1adimos los ra\u00edles huecos de titanio, tenemos un sill\u00edn lo suficientemente ligero para carretera y XC (s\u00f3lo 243 gramos en un ancho de 143 mm) y lo suficientemente resistente para Gravel y Trail.<\/p>\n<ul>\n<li>Dise\u00f1o patentado de Body Geometry que aumenta la comodidad y facilita el flujo sang\u00edneo en arter\u00edas m\u00e1s sensibles.<\/li>\n<li>El tejido Mirror cuenta con 22.200 puntales y 10.700 nodos, todos ellos ajustados individualmente.<\/li>\n<li>Los soportes compatibles con SWAT\u2122 moldeados en la base del sill\u00edn permiten soluciones de almacenamiento elegantes e integradas.<\/li>\n<li>Ra\u00edles de titanio huecos, ligeros y duraderos<\/li>\n<li>Base de fibra de carbono reciclada e inyectada en nailon. 15% fibra de carbono reciclada.<\/li>\n<li>Talla 143mm \/ Peso: 239g<\/li>\n<li>Talla 155mm \/ Peso: 245g<\/li>\n<\/ul>\n","protected":false},"excerpt":{"rendered":"<p>Romin EVO Pro con Mirror parte de nuestra metodolog\u00eda Body Geometry y la combina con nuestra revolucionaria tecnolog\u00eda de sill\u00edn Mirror para crear una combinaci\u00f3n inigualable de rendimiento y comodidad. El sill\u00edn est\u00e1 dise\u00f1ado para ciclistas que prefieren una posici\u00f3n agresiva, inspirada en el rendimiento, que siga protegiendo los tejidos blandos y el flujo sangu\u00edneo. \u00bfEl resultado? Un 26% menos de presi\u00f3n, justo donde cuenta.<\/p>\n","protected":false},"featured_media":293762,"comment_status":"closed","ping_status":"closed","template":"","meta":{"_acf_changed":false,"_et_pb_use_builder":"","_et_pb_old_content":"","_et_gb_content_width":"","inline_featured_image":false},"product_brand":[],"product_cat":[25,56],"product_tag":[],"class_list":{"0":"post-377096","1":"product","2":"type-product","3":"status-publish","4":"has-post-thumbnail","6":"product_cat-componentes","7":"product_cat-sillines","8":"product_shipping_class-componentes","10":"first","11":"instock","12":"taxable","13":"shipping-taxable","14":"purchasable","15":"product-type-variable","16":"wvs-archive-product-wrapper"},"acf":[],"yoast_head":"<!-- This site is optimized with the Yoast SEO Premium plugin v26.7 (Yoast SEO v26.7) - https:\/\/yoast.com\/wordpress\/plugins\/seo\/ -->\n<title>Specialized Romin EVO Pro con Mirror - GR-100<\/title>\n<meta name=\"description\" content=\"Body Geometry y la combina con nuestra revolucionaria tecnolog\u00eda de sill\u00edn Mirror para crear una combinaci\u00f3n inigualable de rendimiento y comodidad.\" \/>\n<meta name=\"robots\" content=\"index, follow, max-snippet:-1, max-image-preview:large, max-video-preview:-1\" \/>\n<link rel=\"canonical\" href=\"https:\/\/gr-100.com\/producto\/specialized-romin-evo-pro-con-mirror\/\" \/>\n<meta property=\"og:locale\" content=\"en_US\" \/>\n<meta property=\"og:type\" content=\"article\" \/>\n<meta property=\"og:title\" content=\"Specialized Romin EVO Pro con Mirror\" \/>\n<meta property=\"og:description\" content=\"Body Geometry y la combina con nuestra revolucionaria tecnolog\u00eda de sill\u00edn Mirror para crear una combinaci\u00f3n inigualable de rendimiento y comodidad.\" \/>\n<meta property=\"og:url\" content=\"https:\/\/gr-100.com\/producto\/specialized-romin-evo-pro-con-mirror\/\" \/>\n<meta property=\"og:site_name\" content=\"Gr-100 Tienda de ciclismo Specialized\" \/>\n<meta property=\"article:publisher\" content=\"https:\/\/www.facebook.com\/Gr100Bikes\" \/>\n<meta property=\"article:modified_time\" content=\"2026-04-11T15:56:09+00:00\" \/>\n<meta property=\"og:image\" content=\"https:\/\/gr-100.com\/wp-content\/uploads\/2024\/05\/Romin-EVO-Pro-con-Mirror1.jpg\" \/>\n\t<meta property=\"og:image:width\" content=\"1000\" \/>\n\t<meta property=\"og:image:height\" content=\"1000\" \/>\n\t<meta property=\"og:image:type\" content=\"image\/jpeg\" \/>\n<meta name=\"twitter:card\" content=\"summary_large_image\" \/>\n<meta name=\"twitter:label1\" content=\"Est. reading time\" \/>\n\t<meta name=\"twitter:data1\" content=\"3 minutes\" \/>\n<script type=\"application\/ld+json\" class=\"yoast-schema-graph\">{\"@context\":\"https:\/\/schema.org\",\"@graph\":[{\"@type\":\"WebPage\",\"@id\":\"https:\/\/gr-100.com\/producto\/specialized-romin-evo-pro-con-mirror\/\",\"url\":\"https:\/\/gr-100.com\/producto\/specialized-romin-evo-pro-con-mirror\/\",\"name\":\"Specialized Romin EVO Pro con Mirror - GR-100\",\"isPartOf\":{\"@id\":\"https:\/\/gr-100.com\/#website\"},\"primaryImageOfPage\":{\"@id\":\"https:\/\/gr-100.com\/producto\/specialized-romin-evo-pro-con-mirror\/#primaryimage\"},\"image\":{\"@id\":\"https:\/\/gr-100.com\/producto\/specialized-romin-evo-pro-con-mirror\/#primaryimage\"},\"thumbnailUrl\":\"https:\/\/gr-100.com\/wp-content\/uploads\/2024\/05\/Romin-EVO-Pro-con-Mirror1.jpg\",\"datePublished\":\"2024-07-01T14:47:30+00:00\",\"dateModified\":\"2026-04-11T15:56:09+00:00\",\"description\":\"Body Geometry y la combina con nuestra revolucionaria tecnolog\u00eda de sill\u00edn Mirror para crear una combinaci\u00f3n inigualable de rendimiento y comodidad.\",\"breadcrumb\":{\"@id\":\"https:\/\/gr-100.com\/producto\/specialized-romin-evo-pro-con-mirror\/#breadcrumb\"},\"inLanguage\":\"en-US\",\"potentialAction\":[{\"@type\":\"ReadAction\",\"target\":[\"https:\/\/gr-100.com\/producto\/specialized-romin-evo-pro-con-mirror\/\"]}]},{\"@type\":\"ImageObject\",\"inLanguage\":\"en-US\",\"@id\":\"https:\/\/gr-100.com\/producto\/specialized-romin-evo-pro-con-mirror\/#primaryimage\",\"url\":\"https:\/\/gr-100.com\/wp-content\/uploads\/2024\/05\/Romin-EVO-Pro-con-Mirror1.jpg\",\"contentUrl\":\"https:\/\/gr-100.com\/wp-content\/uploads\/2024\/05\/Romin-EVO-Pro-con-Mirror1.jpg\",\"width\":1000,\"height\":1000},{\"@type\":\"BreadcrumbList\",\"@id\":\"https:\/\/gr-100.com\/producto\/specialized-romin-evo-pro-con-mirror\/#breadcrumb\",\"itemListElement\":[{\"@type\":\"ListItem\",\"position\":1,\"name\":\"Portada\",\"item\":\"https:\/\/gr-100.com\/pt-pt\/\"},{\"@type\":\"ListItem\",\"position\":2,\"name\":\"Productos\",\"item\":\"https:\/\/gr-100.com\/?post_type=product\"},{\"@type\":\"ListItem\",\"position\":3,\"name\":\"Specialized Romin EVO Pro con Mirror\"}]},{\"@type\":\"WebSite\",\"@id\":\"https:\/\/gr-100.com\/#website\",\"url\":\"https:\/\/gr-100.com\/\",\"name\":\"Gr-100 Tienda de ciclismo Specialized\",\"description\":\"GR-100 tenemos todas las gamas de bicicletas Specialized al mejor precio.\",\"publisher\":{\"@id\":\"https:\/\/gr-100.com\/#organization\"},\"alternateName\":\"Gr-100 Bikes\",\"potentialAction\":[{\"@type\":\"SearchAction\",\"target\":{\"@type\":\"EntryPoint\",\"urlTemplate\":\"https:\/\/gr-100.com\/?s={search_term_string}\"},\"query-input\":{\"@type\":\"PropertyValueSpecification\",\"valueRequired\":true,\"valueName\":\"search_term_string\"}}],\"inLanguage\":\"en-US\"},{\"@type\":\"Organization\",\"@id\":\"https:\/\/gr-100.com\/#organization\",\"name\":\"Gr-100\",\"url\":\"https:\/\/gr-100.com\/\",\"logo\":{\"@type\":\"ImageObject\",\"inLanguage\":\"en-US\",\"@id\":\"https:\/\/gr-100.com\/#\/schema\/logo\/image\/\",\"url\":\"https:\/\/gr-100.com\/wp-content\/uploads\/2023\/08\/logo-gr-100-bikes.png\",\"contentUrl\":\"https:\/\/gr-100.com\/wp-content\/uploads\/2023\/08\/logo-gr-100-bikes.png\",\"width\":707,\"height\":284,\"caption\":\"Gr-100\"},\"image\":{\"@id\":\"https:\/\/gr-100.com\/#\/schema\/logo\/image\/\"},\"sameAs\":[\"https:\/\/www.facebook.com\/Gr100Bikes\",\"https:\/\/www.instagram.com\/gr100bikes\/\",\"https:\/\/www.tiktok.com\/@gr100bikes\",\"https:\/\/twitter.com\/gr100mtbteam\",\"https:\/\/www.youtube.com\/c\/GR100Specialized\"]}]}<\/script>\n<!-- \/ Yoast SEO Premium plugin. -->","yoast_head_json":{"title":"Specialized Romin EVO Pro con Mirror - GR-100","description":"Body Geometry y la combina con nuestra revolucionaria tecnolog\u00eda de sill\u00edn Mirror para crear una combinaci\u00f3n inigualable de rendimiento y comodidad.","robots":{"index":"index","follow":"follow","max-snippet":"max-snippet:-1","max-image-preview":"max-image-preview:large","max-video-preview":"max-video-preview:-1"},"canonical":"https:\/\/gr-100.com\/producto\/specialized-romin-evo-pro-con-mirror\/","og_locale":"en_US","og_type":"article","og_title":"Specialized Romin EVO Pro con Mirror","og_description":"Body Geometry y la combina con nuestra revolucionaria tecnolog\u00eda de sill\u00edn Mirror para crear una combinaci\u00f3n inigualable de rendimiento y comodidad.","og_url":"https:\/\/gr-100.com\/producto\/specialized-romin-evo-pro-con-mirror\/","og_site_name":"Gr-100 Tienda de ciclismo Specialized","article_publisher":"https:\/\/www.facebook.com\/Gr100Bikes","article_modified_time":"2026-04-11T15:56:09+00:00","og_image":[{"width":1000,"height":1000,"url":"https:\/\/gr-100.com\/wp-content\/uploads\/2024\/05\/Romin-EVO-Pro-con-Mirror1.jpg","type":"image\/jpeg"}],"twitter_card":"summary_large_image","twitter_misc":{"Est. reading time":"3 minutes"},"schema":{"@context":"https:\/\/schema.org","@graph":[{"@type":"WebPage","@id":"https:\/\/gr-100.com\/producto\/specialized-romin-evo-pro-con-mirror\/","url":"https:\/\/gr-100.com\/producto\/specialized-romin-evo-pro-con-mirror\/","name":"Specialized Romin EVO Pro con Mirror - GR-100","isPartOf":{"@id":"https:\/\/gr-100.com\/#website"},"primaryImageOfPage":{"@id":"https:\/\/gr-100.com\/producto\/specialized-romin-evo-pro-con-mirror\/#primaryimage"},"image":{"@id":"https:\/\/gr-100.com\/producto\/specialized-romin-evo-pro-con-mirror\/#primaryimage"},"thumbnailUrl":"https:\/\/gr-100.com\/wp-content\/uploads\/2024\/05\/Romin-EVO-Pro-con-Mirror1.jpg","datePublished":"2024-07-01T14:47:30+00:00","dateModified":"2026-04-11T15:56:09+00:00","description":"Body Geometry y la combina con nuestra revolucionaria tecnolog\u00eda de sill\u00edn Mirror para crear una combinaci\u00f3n inigualable de rendimiento y comodidad.","breadcrumb":{"@id":"https:\/\/gr-100.com\/producto\/specialized-romin-evo-pro-con-mirror\/#breadcrumb"},"inLanguage":"en-US","potentialAction":[{"@type":"ReadAction","target":["https:\/\/gr-100.com\/producto\/specialized-romin-evo-pro-con-mirror\/"]}]},{"@type":"ImageObject","inLanguage":"en-US","@id":"https:\/\/gr-100.com\/producto\/specialized-romin-evo-pro-con-mirror\/#primaryimage","url":"https:\/\/gr-100.com\/wp-content\/uploads\/2024\/05\/Romin-EVO-Pro-con-Mirror1.jpg","contentUrl":"https:\/\/gr-100.com\/wp-content\/uploads\/2024\/05\/Romin-EVO-Pro-con-Mirror1.jpg","width":1000,"height":1000},{"@type":"BreadcrumbList","@id":"https:\/\/gr-100.com\/producto\/specialized-romin-evo-pro-con-mirror\/#breadcrumb","itemListElement":[{"@type":"ListItem","position":1,"name":"Portada","item":"https:\/\/gr-100.com\/pt-pt\/"},{"@type":"ListItem","position":2,"name":"Productos","item":"https:\/\/gr-100.com\/?post_type=product"},{"@type":"ListItem","position":3,"name":"Specialized Romin EVO Pro con Mirror"}]},{"@type":"WebSite","@id":"https:\/\/gr-100.com\/#website","url":"https:\/\/gr-100.com\/","name":"Gr-100 Tienda de ciclismo Specialized","description":"GR-100 tenemos todas las gamas de bicicletas Specialized al mejor precio.","publisher":{"@id":"https:\/\/gr-100.com\/#organization"},"alternateName":"Gr-100 Bikes","potentialAction":[{"@type":"SearchAction","target":{"@type":"EntryPoint","urlTemplate":"https:\/\/gr-100.com\/?s={search_term_string}"},"query-input":{"@type":"PropertyValueSpecification","valueRequired":true,"valueName":"search_term_string"}}],"inLanguage":"en-US"},{"@type":"Organization","@id":"https:\/\/gr-100.com\/#organization","name":"Gr-100","url":"https:\/\/gr-100.com\/","logo":{"@type":"ImageObject","inLanguage":"en-US","@id":"https:\/\/gr-100.com\/#\/schema\/logo\/image\/","url":"https:\/\/gr-100.com\/wp-content\/uploads\/2023\/08\/logo-gr-100-bikes.png","contentUrl":"https:\/\/gr-100.com\/wp-content\/uploads\/2023\/08\/logo-gr-100-bikes.png","width":707,"height":284,"caption":"Gr-100"},"image":{"@id":"https:\/\/gr-100.com\/#\/schema\/logo\/image\/"},"sameAs":["https:\/\/www.facebook.com\/Gr100Bikes","https:\/\/www.instagram.com\/gr100bikes\/","https:\/\/www.tiktok.com\/@gr100bikes","https:\/\/twitter.com\/gr100mtbteam","https:\/\/www.youtube.com\/c\/GR100Specialized"]}]}},"_links":{"self":[{"href":"https:\/\/gr-100.com\/en\/wp-json\/wp\/v2\/product\/377096","targetHints":{"allow":["GET"]}}],"collection":[{"href":"https:\/\/gr-100.com\/en\/wp-json\/wp\/v2\/product"}],"about":[{"href":"https:\/\/gr-100.com\/en\/wp-json\/wp\/v2\/types\/product"}],"replies":[{"embeddable":true,"href":"https:\/\/gr-100.com\/en\/wp-json\/wp\/v2\/comments?post=377096"}],"wp:featuredmedia":[{"embeddable":true,"href":"https:\/\/gr-100.com\/en\/wp-json\/wp\/v2\/media\/293762"}],"wp:attachment":[{"href":"https:\/\/gr-100.com\/en\/wp-json\/wp\/v2\/media?parent=377096"}],"wp:term":[{"taxonomy":"product_brand","embeddable":true,"href":"https:\/\/gr-100.com\/en\/wp-json\/wp\/v2\/product_brand?post=377096"},{"taxonomy":"product_cat","embeddable":true,"href":"https:\/\/gr-100.com\/en\/wp-json\/wp\/v2\/product_cat?post=377096"},{"taxonomy":"product_tag","embeddable":true,"href":"https:\/\/gr-100.com\/en\/wp-json\/wp\/v2\/product_tag?post=377096"}],"curies":[{"name":"wp","href":"https:\/\/api.w.org\/{rel}","templated":true}]}}