{"id":377244,"date":"2024-07-01T14:54:05","date_gmt":"2024-07-01T14:54:05","guid":{"rendered":"https:\/\/nuevo.gr-100.com\/producto\/alquiler-mtb-2-megamo\/"},"modified":"2025-11-26T16:01:10","modified_gmt":"2025-11-26T14:01:10","slug":"alquiler-mtb-2-megamo","status":"publish","type":"product","link":"https:\/\/gr-100.com\/en\/producto\/alquiler-mtb-2-megamo\/","title":{"rendered":"Alquiler MTB 2 Megamo"},"content":{"rendered":"<div class=\"et_pb_module et_pb_text et_pb_text_6 et_pb_text_align_left et_pb_bg_layout_light\">\n<div class=\"et_pb_text_inner\">\n<div class=\"et_pb_module et_pb_text et_pb_text_6 et_pb_text_align_left et_pb_bg_layout_light\">\n<div class=\"et_pb_text_inner\">\n<p><strong>Condiciones<\/strong><\/p>\n<p>Para el alquiler de nuestras bicicletas de monta\u00f1a, carretera, gravel o el\u00e9ctricas en Extremadura.<\/p>\n<\/div>\n<\/div>\n<div class=\"et_pb_module et_pb_text et_pb_text_7 et_pb_text_align_left et_pb_bg_layout_light\">\n<div class=\"et_pb_text_inner\">\n<ul>\n<li>Todas nuestras bicis est\u00e1n tubelizadas o llevan c\u00e1maras antipinchazos.<\/li>\n<li>Se facilitar\u00e1 un\u00a0<strong>repuesto por bicicleta<\/strong>\u00a0en alquiler.<\/li>\n<li>Servicio de alquiler de pedales autom\u00e1ticos:\u00a0<strong>3\u20ac\/d\u00eda.<\/strong><\/li>\n<li>Opci\u00f3n de servicio de alquiler de casco ciclista marca Specialized\u00a0<strong>5\u20ac\/d\u00eda.<\/strong><\/li>\n<li>Como fianza para el alquiler de todas nuestras bicis se dejar\u00e1 c\u00f3mo\u00a0<strong>garant\u00eda una foto del DNI<\/strong>\u00a0<strong>y de la tarjeta de cr\u00e9dito<\/strong>\u00a0a nombre de la persona que efect\u00faa el alquiler.<\/li>\n<li>Importante<strong>\u00a0tallas disponibles S-M-L-XL.<\/strong><\/li>\n<li>Lugar de recogida y entrega EXPERIENCE CENTER by GR100.<\/li>\n<\/ul>\n<\/div>\n<\/div>\n<\/div>\n<\/div>\n","protected":false},"excerpt":{"rendered":"<p>Alquiler Mtb.<strong> PRECIO POR 2 BICICLETAS, 1 D\u00cdA.<\/strong><\/p>\n<div class='et-box et-info'>\n\t\t\t\t\t<div class='et-box-content'>Primero marque los d\u00edas de alquiler y despu\u00e9s agregue el n\u00famero de bicicletas antes de a\u00f1adir al carrito.<\/div><\/div>\n","protected":false},"featured_media":274065,"comment_status":"closed","ping_status":"closed","template":"","meta":{"_acf_changed":false,"_et_pb_use_builder":"","_et_pb_old_content":"","_et_gb_content_width":"","inline_featured_image":false},"product_brand":[],"product_cat":[773],"product_tag":[],"class_list":{"0":"post-377244","1":"product","2":"type-product","3":"status-publish","4":"has-post-thumbnail","6":"product_cat-alquiler-experience-center","8":"first","9":"instock","10":"taxable","11":"shipping-taxable","12":"purchasable","13":"product-type-simple"},"acf":[],"yoast_head":"<!-- This site is optimized with the Yoast SEO Premium plugin v26.7 (Yoast SEO v26.7) - https:\/\/yoast.com\/wordpress\/plugins\/seo\/ -->\n<title>Alquiler MTB 2 Megamo<\/title>\n<meta name=\"description\" content=\"Explora nuevos senderos con la MTB Megamo Factory 15 de alquiler en GR-100. Bicicleta de monta\u00f1a de alta calidad para aventuras \u00e9picas. \u00a1Reserva ahora!\" \/>\n<meta name=\"robots\" content=\"index, follow, max-snippet:-1, max-image-preview:large, max-video-preview:-1\" \/>\n<link rel=\"canonical\" href=\"https:\/\/gr-100.com\/producto\/alquiler-mtb-2-megamo\/\" \/>\n<meta property=\"og:locale\" content=\"en_US\" \/>\n<meta property=\"og:type\" content=\"article\" \/>\n<meta property=\"og:title\" content=\"Alquiler MTB 2 Megamo\" \/>\n<meta property=\"og:description\" content=\"Explora nuevos senderos con la MTB Megamo Factory 15 de alquiler en GR-100. Bicicleta de monta\u00f1a de alta calidad para aventuras \u00e9picas. \u00a1Reserva ahora!\" \/>\n<meta property=\"og:url\" content=\"https:\/\/gr-100.com\/producto\/alquiler-mtb-2-megamo\/\" \/>\n<meta property=\"og:site_name\" content=\"Gr-100 Tienda de ciclismo Specialized\" \/>\n<meta property=\"article:publisher\" content=\"https:\/\/www.facebook.com\/Gr100Bikes\" \/>\n<meta property=\"article:modified_time\" content=\"2025-11-26T14:01:10+00:00\" \/>\n<meta property=\"og:image\" content=\"https:\/\/gr-100.com\/wp-content\/uploads\/2024\/05\/22-Screenshot-of-FACTORY-15.jpg\" \/>\n\t<meta property=\"og:image:width\" content=\"1000\" \/>\n\t<meta property=\"og:image:height\" content=\"1000\" \/>\n\t<meta property=\"og:image:type\" content=\"image\/jpeg\" \/>\n<meta name=\"twitter:card\" content=\"summary_large_image\" \/>\n<meta name=\"twitter:label1\" content=\"Est. reading time\" \/>\n\t<meta name=\"twitter:data1\" content=\"1 minute\" \/>\n<script type=\"application\/ld+json\" class=\"yoast-schema-graph\">{\"@context\":\"https:\/\/schema.org\",\"@graph\":[{\"@type\":\"WebPage\",\"@id\":\"https:\/\/gr-100.com\/producto\/alquiler-mtb-2-megamo\/\",\"url\":\"https:\/\/gr-100.com\/producto\/alquiler-mtb-2-megamo\/\",\"name\":\"Alquiler MTB 2 Megamo\",\"isPartOf\":{\"@id\":\"https:\/\/gr-100.com\/#website\"},\"primaryImageOfPage\":{\"@id\":\"https:\/\/gr-100.com\/producto\/alquiler-mtb-2-megamo\/#primaryimage\"},\"image\":{\"@id\":\"https:\/\/gr-100.com\/producto\/alquiler-mtb-2-megamo\/#primaryimage\"},\"thumbnailUrl\":\"https:\/\/gr-100.com\/wp-content\/uploads\/2024\/05\/22-Screenshot-of-FACTORY-15.jpg\",\"datePublished\":\"2024-07-01T14:54:05+00:00\",\"dateModified\":\"2025-11-26T14:01:10+00:00\",\"description\":\"Explora nuevos senderos con la MTB Megamo Factory 15 de alquiler en GR-100. Bicicleta de monta\u00f1a de alta calidad para aventuras \u00e9picas. \u00a1Reserva ahora!\",\"breadcrumb\":{\"@id\":\"https:\/\/gr-100.com\/producto\/alquiler-mtb-2-megamo\/#breadcrumb\"},\"inLanguage\":\"en-US\",\"potentialAction\":[{\"@type\":\"ReadAction\",\"target\":[\"https:\/\/gr-100.com\/producto\/alquiler-mtb-2-megamo\/\"]}]},{\"@type\":\"ImageObject\",\"inLanguage\":\"en-US\",\"@id\":\"https:\/\/gr-100.com\/producto\/alquiler-mtb-2-megamo\/#primaryimage\",\"url\":\"https:\/\/gr-100.com\/wp-content\/uploads\/2024\/05\/22-Screenshot-of-FACTORY-15.jpg\",\"contentUrl\":\"https:\/\/gr-100.com\/wp-content\/uploads\/2024\/05\/22-Screenshot-of-FACTORY-15.jpg\",\"width\":1000,\"height\":1000},{\"@type\":\"BreadcrumbList\",\"@id\":\"https:\/\/gr-100.com\/producto\/alquiler-mtb-2-megamo\/#breadcrumb\",\"itemListElement\":[{\"@type\":\"ListItem\",\"position\":1,\"name\":\"Portada\",\"item\":\"https:\/\/gr-100.com\/pt-pt\/\"},{\"@type\":\"ListItem\",\"position\":2,\"name\":\"Productos\",\"item\":\"https:\/\/gr-100.com\/?post_type=product\"},{\"@type\":\"ListItem\",\"position\":3,\"name\":\"Alquiler MTB 2 Megamo\"}]},{\"@type\":\"WebSite\",\"@id\":\"https:\/\/gr-100.com\/#website\",\"url\":\"https:\/\/gr-100.com\/\",\"name\":\"Gr-100 Tienda de ciclismo Specialized\",\"description\":\"GR-100 tenemos todas las gamas de bicicletas Specialized al mejor precio.\",\"publisher\":{\"@id\":\"https:\/\/gr-100.com\/#organization\"},\"alternateName\":\"Gr-100 Bikes\",\"potentialAction\":[{\"@type\":\"SearchAction\",\"target\":{\"@type\":\"EntryPoint\",\"urlTemplate\":\"https:\/\/gr-100.com\/?s={search_term_string}\"},\"query-input\":{\"@type\":\"PropertyValueSpecification\",\"valueRequired\":true,\"valueName\":\"search_term_string\"}}],\"inLanguage\":\"en-US\"},{\"@type\":\"Organization\",\"@id\":\"https:\/\/gr-100.com\/#organization\",\"name\":\"Gr-100\",\"url\":\"https:\/\/gr-100.com\/\",\"logo\":{\"@type\":\"ImageObject\",\"inLanguage\":\"en-US\",\"@id\":\"https:\/\/gr-100.com\/#\/schema\/logo\/image\/\",\"url\":\"https:\/\/gr-100.com\/wp-content\/uploads\/2023\/08\/logo-gr-100-bikes.png\",\"contentUrl\":\"https:\/\/gr-100.com\/wp-content\/uploads\/2023\/08\/logo-gr-100-bikes.png\",\"width\":707,\"height\":284,\"caption\":\"Gr-100\"},\"image\":{\"@id\":\"https:\/\/gr-100.com\/#\/schema\/logo\/image\/\"},\"sameAs\":[\"https:\/\/www.facebook.com\/Gr100Bikes\",\"https:\/\/www.instagram.com\/gr100bikes\/\",\"https:\/\/www.tiktok.com\/@gr100bikes\",\"https:\/\/twitter.com\/gr100mtbteam\",\"https:\/\/www.youtube.com\/c\/GR100Specialized\"]}]}<\/script>\n<!-- \/ Yoast SEO Premium plugin. -->","yoast_head_json":{"title":"Alquiler MTB 2 Megamo","description":"Explora nuevos senderos con la MTB Megamo Factory 15 de alquiler en GR-100. Bicicleta de monta\u00f1a de alta calidad para aventuras \u00e9picas. \u00a1Reserva ahora!","robots":{"index":"index","follow":"follow","max-snippet":"max-snippet:-1","max-image-preview":"max-image-preview:large","max-video-preview":"max-video-preview:-1"},"canonical":"https:\/\/gr-100.com\/producto\/alquiler-mtb-2-megamo\/","og_locale":"en_US","og_type":"article","og_title":"Alquiler MTB 2 Megamo","og_description":"Explora nuevos senderos con la MTB Megamo Factory 15 de alquiler en GR-100. Bicicleta de monta\u00f1a de alta calidad para aventuras \u00e9picas. \u00a1Reserva ahora!","og_url":"https:\/\/gr-100.com\/producto\/alquiler-mtb-2-megamo\/","og_site_name":"Gr-100 Tienda de ciclismo Specialized","article_publisher":"https:\/\/www.facebook.com\/Gr100Bikes","article_modified_time":"2025-11-26T14:01:10+00:00","og_image":[{"width":1000,"height":1000,"url":"https:\/\/gr-100.com\/wp-content\/uploads\/2024\/05\/22-Screenshot-of-FACTORY-15.jpg","type":"image\/jpeg"}],"twitter_card":"summary_large_image","twitter_misc":{"Est. reading time":"1 minute"},"schema":{"@context":"https:\/\/schema.org","@graph":[{"@type":"WebPage","@id":"https:\/\/gr-100.com\/producto\/alquiler-mtb-2-megamo\/","url":"https:\/\/gr-100.com\/producto\/alquiler-mtb-2-megamo\/","name":"Alquiler MTB 2 Megamo","isPartOf":{"@id":"https:\/\/gr-100.com\/#website"},"primaryImageOfPage":{"@id":"https:\/\/gr-100.com\/producto\/alquiler-mtb-2-megamo\/#primaryimage"},"image":{"@id":"https:\/\/gr-100.com\/producto\/alquiler-mtb-2-megamo\/#primaryimage"},"thumbnailUrl":"https:\/\/gr-100.com\/wp-content\/uploads\/2024\/05\/22-Screenshot-of-FACTORY-15.jpg","datePublished":"2024-07-01T14:54:05+00:00","dateModified":"2025-11-26T14:01:10+00:00","description":"Explora nuevos senderos con la MTB Megamo Factory 15 de alquiler en GR-100. Bicicleta de monta\u00f1a de alta calidad para aventuras \u00e9picas. \u00a1Reserva ahora!","breadcrumb":{"@id":"https:\/\/gr-100.com\/producto\/alquiler-mtb-2-megamo\/#breadcrumb"},"inLanguage":"en-US","potentialAction":[{"@type":"ReadAction","target":["https:\/\/gr-100.com\/producto\/alquiler-mtb-2-megamo\/"]}]},{"@type":"ImageObject","inLanguage":"en-US","@id":"https:\/\/gr-100.com\/producto\/alquiler-mtb-2-megamo\/#primaryimage","url":"https:\/\/gr-100.com\/wp-content\/uploads\/2024\/05\/22-Screenshot-of-FACTORY-15.jpg","contentUrl":"https:\/\/gr-100.com\/wp-content\/uploads\/2024\/05\/22-Screenshot-of-FACTORY-15.jpg","width":1000,"height":1000},{"@type":"BreadcrumbList","@id":"https:\/\/gr-100.com\/producto\/alquiler-mtb-2-megamo\/#breadcrumb","itemListElement":[{"@type":"ListItem","position":1,"name":"Portada","item":"https:\/\/gr-100.com\/pt-pt\/"},{"@type":"ListItem","position":2,"name":"Productos","item":"https:\/\/gr-100.com\/?post_type=product"},{"@type":"ListItem","position":3,"name":"Alquiler MTB 2 Megamo"}]},{"@type":"WebSite","@id":"https:\/\/gr-100.com\/#website","url":"https:\/\/gr-100.com\/","name":"Gr-100 Tienda de ciclismo Specialized","description":"GR-100 tenemos todas las gamas de bicicletas Specialized al mejor precio.","publisher":{"@id":"https:\/\/gr-100.com\/#organization"},"alternateName":"Gr-100 Bikes","potentialAction":[{"@type":"SearchAction","target":{"@type":"EntryPoint","urlTemplate":"https:\/\/gr-100.com\/?s={search_term_string}"},"query-input":{"@type":"PropertyValueSpecification","valueRequired":true,"valueName":"search_term_string"}}],"inLanguage":"en-US"},{"@type":"Organization","@id":"https:\/\/gr-100.com\/#organization","name":"Gr-100","url":"https:\/\/gr-100.com\/","logo":{"@type":"ImageObject","inLanguage":"en-US","@id":"https:\/\/gr-100.com\/#\/schema\/logo\/image\/","url":"https:\/\/gr-100.com\/wp-content\/uploads\/2023\/08\/logo-gr-100-bikes.png","contentUrl":"https:\/\/gr-100.com\/wp-content\/uploads\/2023\/08\/logo-gr-100-bikes.png","width":707,"height":284,"caption":"Gr-100"},"image":{"@id":"https:\/\/gr-100.com\/#\/schema\/logo\/image\/"},"sameAs":["https:\/\/www.facebook.com\/Gr100Bikes","https:\/\/www.instagram.com\/gr100bikes\/","https:\/\/www.tiktok.com\/@gr100bikes","https:\/\/twitter.com\/gr100mtbteam","https:\/\/www.youtube.com\/c\/GR100Specialized"]}]}},"_links":{"self":[{"href":"https:\/\/gr-100.com\/en\/wp-json\/wp\/v2\/product\/377244","targetHints":{"allow":["GET"]}}],"collection":[{"href":"https:\/\/gr-100.com\/en\/wp-json\/wp\/v2\/product"}],"about":[{"href":"https:\/\/gr-100.com\/en\/wp-json\/wp\/v2\/types\/product"}],"replies":[{"embeddable":true,"href":"https:\/\/gr-100.com\/en\/wp-json\/wp\/v2\/comments?post=377244"}],"wp:featuredmedia":[{"embeddable":true,"href":"https:\/\/gr-100.com\/en\/wp-json\/wp\/v2\/media\/274065"}],"wp:attachment":[{"href":"https:\/\/gr-100.com\/en\/wp-json\/wp\/v2\/media?parent=377244"}],"wp:term":[{"taxonomy":"product_brand","embeddable":true,"href":"https:\/\/gr-100.com\/en\/wp-json\/wp\/v2\/product_brand?post=377244"},{"taxonomy":"product_cat","embeddable":true,"href":"https:\/\/gr-100.com\/en\/wp-json\/wp\/v2\/product_cat?post=377244"},{"taxonomy":"product_tag","embeddable":true,"href":"https:\/\/gr-100.com\/en\/wp-json\/wp\/v2\/product_tag?post=377244"}],"curies":[{"name":"wp","href":"https:\/\/api.w.org\/{rel}","templated":true}]}}