{"id":377287,"date":"2024-07-01T14:56:00","date_gmt":"2024-07-01T14:56:00","guid":{"rendered":"https:\/\/nuevo.gr-100.com\/producto\/specialized-recon-1-0-2024\/"},"modified":"2026-04-16T16:46:29","modified_gmt":"2026-04-16T14:46:29","slug":"specialized-recon-1-0-2024","status":"publish","type":"product","link":"https:\/\/gr-100.com\/en\/producto\/specialized-recon-1-0-2024\/","title":{"rendered":"Specialized Recon 1.0 2025"},"content":{"rendered":"<p>Para los ciclistas que superan sus l\u00edmites cuesta arriba para disfrutar de una vista inolvidable, tal vez incluso se est\u00e9n subiendo por primera vez o se est\u00e9n subiendo en la bicicleta de spinning para una sesi\u00f3n despu\u00e9s del trabajo. La comodidad y la versatilidad son claves, y para eso se cre\u00f3 las Recon 1.0.<\/p>\n<ul>\n<li><strong>Body Geometry:<\/strong> como todas las zapatillas Body Geometry, las Recon 1.0 est\u00e1n dise\u00f1adas ergon\u00f3micamente y cient\u00edficamente probadas para mejorar la comodidad, aumentar el rendimiento y reducir la posibilidad de lesiones para cada ciclista con tecnolog\u00eda patentada, al tiempo que mejora la potencia en 7 vatios, validado por la ciencia.<br \/>\nTecnolog\u00eda Stride: La tecnolog\u00eda Stride proporciona una suela exterior flexible y una parte superior alrededor de la puntera combinada con una zona r\u00edgida para los tacos, lo que permite que la zapatilla se flexione f\u00e1cilmente al caminar y permanezca r\u00edgida y eficiente al pedalear.<\/li>\n<li><strong>Eficiencia:<\/strong> Las Recon 1.0 utiliza Dial Boa L6 con cables de encaje suave hechos de hilo Dyneema, lo que elimina el estiramiento no deseado y al mismo tiempo elimina las gu\u00edas duras para brindar a los ciclistas una parte superior m\u00e1s flexible que se adapta c\u00f3modamente al pie. Adem\u00e1s, la suela exterior est\u00e1 optimizada para poner tu potencia en el pedal a trav\u00e9s de una rigidez equilibrada.<\/li>\n<li>La suela y la plantilla<strong> Body Geometry<\/strong> est\u00e1n dise\u00f1adas con un prop\u00f3sito y respaldadas por la ciencia para aumentar la potencia, aumentar la eficiencia y reducir la posibilidad de lesiones al optimizar la alineaci\u00f3n de la cadera, la rodilla y el pie.<\/li>\n<li>La tecnolog\u00eda de inyecci\u00f3n <strong>STRIDE toe-flex<\/strong> permite el movimiento natural de los dedos fuera de la bicicleta pero permanece r\u00edgido al pedalear (\u00edndice de rigidez 6.0)<\/li>\n<li><strong>L6 BOA\u00ae Dial<\/strong> con cables de encaje suave hechos de hilo <strong>Dyneema.<\/strong><\/li>\n<li>Banda de rodadura de goma<strong> SlipNot\u2122<\/strong> para una tracci\u00f3n segura en todo terreno.<\/li>\n<li>El patr\u00f3n de calas de dos pernos se adapta a todos los principales pedales de MTB.<\/li>\n<li>Peso aproximado: 291g (1\/2 par, Talla 42)<\/li>\n<\/ul>\n","protected":false},"excerpt":{"rendered":"<p>Las Recon 1.0 fue creada para ciclistas que buscan aire libre y aventura, con los beneficios de rendimiento cient\u00edficamente probados de nuestro Body Geometry. <strong>El prop\u00f3sito de las Recon 1.0 es agregar confianza y funcionalidad.<\/strong><\/p>\n","protected":false},"featured_media":294078,"comment_status":"closed","ping_status":"closed","template":"","meta":{"_acf_changed":false,"_et_pb_use_builder":"","_et_pb_old_content":"","_et_gb_content_width":"","inline_featured_image":false},"product_brand":[],"product_cat":[26,62,5242,5241,5238,27],"product_tag":[],"class_list":{"0":"post-377287","1":"product","2":"type-product","3":"status-publish","4":"has-post-thumbnail","6":"product_cat-accesorios","7":"product_cat-zapatillas","8":"product_cat-zapatillas-gravel","9":"product_cat-zapatillas-montana","10":"product_cat-zapatillas-specialized","11":"product_cat-outlet","12":"product_shipping_class-accesorios","14":"first","15":"instock","16":"taxable","17":"shipping-taxable","18":"purchasable","19":"product-type-variable","20":"wvs-archive-product-wrapper"},"acf":[],"yoast_head":"<!-- This site is optimized with the Yoast SEO Premium plugin v26.7 (Yoast SEO v26.7) - https:\/\/yoast.com\/wordpress\/plugins\/seo\/ -->\n<title>Specialized Recon 1.0 2025 GR-100<\/title>\n<meta name=\"description\" content=\"Suela y plantilla Body Geometry, tecnolog\u00eda STRIDE toe-flex, L6 BOA\u00ae Dial, calas de 2 pernos apta para todos los principales pedales de MTB.\" \/>\n<meta name=\"robots\" content=\"index, follow, max-snippet:-1, max-image-preview:large, max-video-preview:-1\" \/>\n<link rel=\"canonical\" href=\"https:\/\/gr-100.com\/producto\/specialized-recon-1-0-2024\/\" \/>\n<meta property=\"og:locale\" content=\"en_US\" \/>\n<meta property=\"og:type\" content=\"article\" \/>\n<meta property=\"og:title\" content=\"Specialized Recon 1.0 2025\" \/>\n<meta property=\"og:description\" content=\"Suela y plantilla Body Geometry, tecnolog\u00eda STRIDE toe-flex, L6 BOA\u00ae Dial, calas de 2 pernos apta para todos los principales pedales de MTB.\" \/>\n<meta property=\"og:url\" content=\"https:\/\/gr-100.com\/producto\/specialized-recon-1-0-2024\/\" \/>\n<meta property=\"og:site_name\" content=\"Gr-100 Tienda de ciclismo Specialized\" \/>\n<meta property=\"article:publisher\" content=\"https:\/\/www.facebook.com\/Gr100Bikes\" \/>\n<meta property=\"article:modified_time\" content=\"2026-04-16T14:46:29+00:00\" \/>\n<meta property=\"og:image\" content=\"https:\/\/gr-100.com\/wp-content\/uploads\/2024\/05\/Recon-1.0-2024-1.jpg\" \/>\n\t<meta property=\"og:image:width\" content=\"1080\" \/>\n\t<meta property=\"og:image:height\" content=\"1080\" \/>\n\t<meta property=\"og:image:type\" content=\"image\/jpeg\" \/>\n<meta name=\"twitter:card\" content=\"summary_large_image\" \/>\n<meta name=\"twitter:label1\" content=\"Est. reading time\" \/>\n\t<meta name=\"twitter:data1\" content=\"2 minutes\" \/>\n<script type=\"application\/ld+json\" class=\"yoast-schema-graph\">{\"@context\":\"https:\/\/schema.org\",\"@graph\":[{\"@type\":\"WebPage\",\"@id\":\"https:\/\/gr-100.com\/producto\/specialized-recon-1-0-2024\/\",\"url\":\"https:\/\/gr-100.com\/producto\/specialized-recon-1-0-2024\/\",\"name\":\"Specialized Recon 1.0 2025 GR-100\",\"isPartOf\":{\"@id\":\"https:\/\/gr-100.com\/#website\"},\"primaryImageOfPage\":{\"@id\":\"https:\/\/gr-100.com\/producto\/specialized-recon-1-0-2024\/#primaryimage\"},\"image\":{\"@id\":\"https:\/\/gr-100.com\/producto\/specialized-recon-1-0-2024\/#primaryimage\"},\"thumbnailUrl\":\"https:\/\/gr-100.com\/wp-content\/uploads\/2024\/05\/Recon-1.0-2024-1.jpg\",\"datePublished\":\"2024-07-01T14:56:00+00:00\",\"dateModified\":\"2026-04-16T14:46:29+00:00\",\"description\":\"Suela y plantilla Body Geometry, tecnolog\u00eda STRIDE toe-flex, L6 BOA\u00ae Dial, calas de 2 pernos apta para todos los principales pedales de MTB.\",\"breadcrumb\":{\"@id\":\"https:\/\/gr-100.com\/producto\/specialized-recon-1-0-2024\/#breadcrumb\"},\"inLanguage\":\"en-US\",\"potentialAction\":[{\"@type\":\"ReadAction\",\"target\":[\"https:\/\/gr-100.com\/producto\/specialized-recon-1-0-2024\/\"]}]},{\"@type\":\"ImageObject\",\"inLanguage\":\"en-US\",\"@id\":\"https:\/\/gr-100.com\/producto\/specialized-recon-1-0-2024\/#primaryimage\",\"url\":\"https:\/\/gr-100.com\/wp-content\/uploads\/2024\/05\/Recon-1.0-2024-1.jpg\",\"contentUrl\":\"https:\/\/gr-100.com\/wp-content\/uploads\/2024\/05\/Recon-1.0-2024-1.jpg\",\"width\":1080,\"height\":1080},{\"@type\":\"BreadcrumbList\",\"@id\":\"https:\/\/gr-100.com\/producto\/specialized-recon-1-0-2024\/#breadcrumb\",\"itemListElement\":[{\"@type\":\"ListItem\",\"position\":1,\"name\":\"Portada\",\"item\":\"https:\/\/gr-100.com\/pt-pt\/\"},{\"@type\":\"ListItem\",\"position\":2,\"name\":\"Productos\",\"item\":\"https:\/\/gr-100.com\/?post_type=product\"},{\"@type\":\"ListItem\",\"position\":3,\"name\":\"Specialized Recon 1.0 2025\"}]},{\"@type\":\"WebSite\",\"@id\":\"https:\/\/gr-100.com\/#website\",\"url\":\"https:\/\/gr-100.com\/\",\"name\":\"Gr-100 Tienda de ciclismo Specialized\",\"description\":\"GR-100 tenemos todas las gamas de bicicletas Specialized al mejor precio.\",\"publisher\":{\"@id\":\"https:\/\/gr-100.com\/#organization\"},\"alternateName\":\"Gr-100 Bikes\",\"potentialAction\":[{\"@type\":\"SearchAction\",\"target\":{\"@type\":\"EntryPoint\",\"urlTemplate\":\"https:\/\/gr-100.com\/?s={search_term_string}\"},\"query-input\":{\"@type\":\"PropertyValueSpecification\",\"valueRequired\":true,\"valueName\":\"search_term_string\"}}],\"inLanguage\":\"en-US\"},{\"@type\":\"Organization\",\"@id\":\"https:\/\/gr-100.com\/#organization\",\"name\":\"Gr-100\",\"url\":\"https:\/\/gr-100.com\/\",\"logo\":{\"@type\":\"ImageObject\",\"inLanguage\":\"en-US\",\"@id\":\"https:\/\/gr-100.com\/#\/schema\/logo\/image\/\",\"url\":\"https:\/\/gr-100.com\/wp-content\/uploads\/2023\/08\/logo-gr-100-bikes.png\",\"contentUrl\":\"https:\/\/gr-100.com\/wp-content\/uploads\/2023\/08\/logo-gr-100-bikes.png\",\"width\":707,\"height\":284,\"caption\":\"Gr-100\"},\"image\":{\"@id\":\"https:\/\/gr-100.com\/#\/schema\/logo\/image\/\"},\"sameAs\":[\"https:\/\/www.facebook.com\/Gr100Bikes\",\"https:\/\/www.instagram.com\/gr100bikes\/\",\"https:\/\/www.tiktok.com\/@gr100bikes\",\"https:\/\/twitter.com\/gr100mtbteam\",\"https:\/\/www.youtube.com\/c\/GR100Specialized\"]}]}<\/script>\n<!-- \/ Yoast SEO Premium plugin. -->","yoast_head_json":{"title":"Specialized Recon 1.0 2025 GR-100","description":"Suela y plantilla Body Geometry, tecnolog\u00eda STRIDE toe-flex, L6 BOA\u00ae Dial, calas de 2 pernos apta para todos los principales pedales de MTB.","robots":{"index":"index","follow":"follow","max-snippet":"max-snippet:-1","max-image-preview":"max-image-preview:large","max-video-preview":"max-video-preview:-1"},"canonical":"https:\/\/gr-100.com\/producto\/specialized-recon-1-0-2024\/","og_locale":"en_US","og_type":"article","og_title":"Specialized Recon 1.0 2025","og_description":"Suela y plantilla Body Geometry, tecnolog\u00eda STRIDE toe-flex, L6 BOA\u00ae Dial, calas de 2 pernos apta para todos los principales pedales de MTB.","og_url":"https:\/\/gr-100.com\/producto\/specialized-recon-1-0-2024\/","og_site_name":"Gr-100 Tienda de ciclismo Specialized","article_publisher":"https:\/\/www.facebook.com\/Gr100Bikes","article_modified_time":"2026-04-16T14:46:29+00:00","og_image":[{"width":1080,"height":1080,"url":"https:\/\/gr-100.com\/wp-content\/uploads\/2024\/05\/Recon-1.0-2024-1.jpg","type":"image\/jpeg"}],"twitter_card":"summary_large_image","twitter_misc":{"Est. reading time":"2 minutes"},"schema":{"@context":"https:\/\/schema.org","@graph":[{"@type":"WebPage","@id":"https:\/\/gr-100.com\/producto\/specialized-recon-1-0-2024\/","url":"https:\/\/gr-100.com\/producto\/specialized-recon-1-0-2024\/","name":"Specialized Recon 1.0 2025 GR-100","isPartOf":{"@id":"https:\/\/gr-100.com\/#website"},"primaryImageOfPage":{"@id":"https:\/\/gr-100.com\/producto\/specialized-recon-1-0-2024\/#primaryimage"},"image":{"@id":"https:\/\/gr-100.com\/producto\/specialized-recon-1-0-2024\/#primaryimage"},"thumbnailUrl":"https:\/\/gr-100.com\/wp-content\/uploads\/2024\/05\/Recon-1.0-2024-1.jpg","datePublished":"2024-07-01T14:56:00+00:00","dateModified":"2026-04-16T14:46:29+00:00","description":"Suela y plantilla Body Geometry, tecnolog\u00eda STRIDE toe-flex, L6 BOA\u00ae Dial, calas de 2 pernos apta para todos los principales pedales de MTB.","breadcrumb":{"@id":"https:\/\/gr-100.com\/producto\/specialized-recon-1-0-2024\/#breadcrumb"},"inLanguage":"en-US","potentialAction":[{"@type":"ReadAction","target":["https:\/\/gr-100.com\/producto\/specialized-recon-1-0-2024\/"]}]},{"@type":"ImageObject","inLanguage":"en-US","@id":"https:\/\/gr-100.com\/producto\/specialized-recon-1-0-2024\/#primaryimage","url":"https:\/\/gr-100.com\/wp-content\/uploads\/2024\/05\/Recon-1.0-2024-1.jpg","contentUrl":"https:\/\/gr-100.com\/wp-content\/uploads\/2024\/05\/Recon-1.0-2024-1.jpg","width":1080,"height":1080},{"@type":"BreadcrumbList","@id":"https:\/\/gr-100.com\/producto\/specialized-recon-1-0-2024\/#breadcrumb","itemListElement":[{"@type":"ListItem","position":1,"name":"Portada","item":"https:\/\/gr-100.com\/pt-pt\/"},{"@type":"ListItem","position":2,"name":"Productos","item":"https:\/\/gr-100.com\/?post_type=product"},{"@type":"ListItem","position":3,"name":"Specialized Recon 1.0 2025"}]},{"@type":"WebSite","@id":"https:\/\/gr-100.com\/#website","url":"https:\/\/gr-100.com\/","name":"Gr-100 Tienda de ciclismo Specialized","description":"GR-100 tenemos todas las gamas de bicicletas Specialized al mejor precio.","publisher":{"@id":"https:\/\/gr-100.com\/#organization"},"alternateName":"Gr-100 Bikes","potentialAction":[{"@type":"SearchAction","target":{"@type":"EntryPoint","urlTemplate":"https:\/\/gr-100.com\/?s={search_term_string}"},"query-input":{"@type":"PropertyValueSpecification","valueRequired":true,"valueName":"search_term_string"}}],"inLanguage":"en-US"},{"@type":"Organization","@id":"https:\/\/gr-100.com\/#organization","name":"Gr-100","url":"https:\/\/gr-100.com\/","logo":{"@type":"ImageObject","inLanguage":"en-US","@id":"https:\/\/gr-100.com\/#\/schema\/logo\/image\/","url":"https:\/\/gr-100.com\/wp-content\/uploads\/2023\/08\/logo-gr-100-bikes.png","contentUrl":"https:\/\/gr-100.com\/wp-content\/uploads\/2023\/08\/logo-gr-100-bikes.png","width":707,"height":284,"caption":"Gr-100"},"image":{"@id":"https:\/\/gr-100.com\/#\/schema\/logo\/image\/"},"sameAs":["https:\/\/www.facebook.com\/Gr100Bikes","https:\/\/www.instagram.com\/gr100bikes\/","https:\/\/www.tiktok.com\/@gr100bikes","https:\/\/twitter.com\/gr100mtbteam","https:\/\/www.youtube.com\/c\/GR100Specialized"]}]}},"_links":{"self":[{"href":"https:\/\/gr-100.com\/en\/wp-json\/wp\/v2\/product\/377287","targetHints":{"allow":["GET"]}}],"collection":[{"href":"https:\/\/gr-100.com\/en\/wp-json\/wp\/v2\/product"}],"about":[{"href":"https:\/\/gr-100.com\/en\/wp-json\/wp\/v2\/types\/product"}],"replies":[{"embeddable":true,"href":"https:\/\/gr-100.com\/en\/wp-json\/wp\/v2\/comments?post=377287"}],"wp:featuredmedia":[{"embeddable":true,"href":"https:\/\/gr-100.com\/en\/wp-json\/wp\/v2\/media\/294078"}],"wp:attachment":[{"href":"https:\/\/gr-100.com\/en\/wp-json\/wp\/v2\/media?parent=377287"}],"wp:term":[{"taxonomy":"product_brand","embeddable":true,"href":"https:\/\/gr-100.com\/en\/wp-json\/wp\/v2\/product_brand?post=377287"},{"taxonomy":"product_cat","embeddable":true,"href":"https:\/\/gr-100.com\/en\/wp-json\/wp\/v2\/product_cat?post=377287"},{"taxonomy":"product_tag","embeddable":true,"href":"https:\/\/gr-100.com\/en\/wp-json\/wp\/v2\/product_tag?post=377287"}],"curies":[{"name":"wp","href":"https:\/\/api.w.org\/{rel}","templated":true}]}}