{"id":377302,"date":"2024-07-01T14:56:47","date_gmt":"2024-07-01T14:56:47","guid":{"rendered":"https:\/\/nuevo.gr-100.com\/producto\/specialized-s-works-recon-2024\/"},"modified":"2025-12-04T00:27:47","modified_gmt":"2025-12-03T22:27:47","slug":"specialized-s-works-recon-2024","status":"publish","type":"product","link":"https:\/\/gr-100.com\/en\/producto\/specialized-s-works-recon-2024\/","title":{"rendered":"Specialized S-Works Recon 2024"},"content":{"rendered":"<ul>\n<li>Gracias a los escaneos de m\u00e1s de 100.000 pies en los an\u00e1lisis biomec\u00e1nicos de nuestro\u00a0<strong>sistema RET\u00dcL<\/strong>, descubrimos que una suela de carbono ligeramente m\u00e1s ancha se adaptar\u00eda mejor a las diferentes formas del pie humano. La\u00a0<strong>viga I-Beam<\/strong>\u00a0que recorre la suela le aporta rigidez y resistencia, eliminando la necesidad de refuerzos adicionales. El resultado es un ajuste r\u00edgido, c\u00f3modo y configurable, para que la transferencia de potencia sea m\u00e1xima.Por dentro y por fuera, la\u00a0<strong>tecnolog\u00eda Body Geometry<\/strong>\u00a0est\u00e1 integrada en las S-Works Recon. Con la experiencia de dos d\u00e9cadas de desarrollo, y la validaci\u00f3n de los datos, con la tecnolog\u00eda Body Geometry nos aseguramos de que no haya puntos de dolor, s\u00f3lo el mejor rendimiento, donde el cuerpo se conecta con la bicicleta. Gracias a la\u00a0<strong>cu\u00f1a de varo, el soporte del arco longitudinal y el bot\u00f3n metatarsal<\/strong>, tus pies se mantienen en la posici\u00f3n \u00f3ptima al pedalear, as\u00ed como alineados con tu rodilla y cadera.&#8221;<em>Para m\u00ed son excelentes. Son minimalistas y perfectas para competir, muy ligeras y r\u00edgidas&#8230; Son las zapatillas m\u00e1s c\u00f3modas que he usado<\/em>&#8221; &#8211;\u00a0<strong>Victor Koretzky, Specialized Factory Racing<\/strong>\n<ul>\n<li>Los tacos laterales de alta densidad y las nuevas alzas permiten a los ciclistas ajustar su interfaz de pedaleo para obtener la m\u00e1xima eficiencia y una plataforma de pedaleo similar a la de carretera<\/li>\n<li>Incorpora tecnolog\u00eda Body Geometry: cu\u00f1a de varo, soporte longitudinal del arco y bot\u00f3n metatarsal<\/li>\n<li>El contrafuerte asim\u00e9trico del tal\u00f3n apoya el lado interno y elimina material del lado externo, permitiendo un collar m\u00e1s bajo.<\/li>\n<li>El uso de una viga interna I-Beam a\u00f1ade rigidez y resistencia, eliminando la necesidad de refuerzos adicionales y permitiendo que la zapatilla siga siendo extremadamente ligera.<\/li>\n<li>Refuerzos en el antepie y zona media de la zapatilla maximizan el soporte, mientras que el nuevo lazado del sistema BOA\u00ae mejora la sujeci\u00f3n, eliminando la necesidad de una tira de velcro en la puntera.<\/li>\n<li>Las alzas de 3mm, 6mm, y 9mm para aumentar la altura de la cala o para solucionar la diferencia de longitud de piernas est\u00e1n disponibles a trav\u00e9s de Specialized Rider Care.<\/li>\n<li>Para un ajuste m\u00e1s c\u00f3modo, la nueva suela es 4mm m\u00e1s ancha que la suela de las anteriores S-Works Recon MTB.<\/li>\n<li>Peso: 280g\u00a0&#8211; talla 42<\/li>\n<\/ul>\n<\/li>\n<\/ul>\n","protected":false},"excerpt":{"rendered":"<p>Las\u00a0<strong>nuevas zapatillas S-Works Recon<\/strong>\u00a0ofrecen el rendimiento de nuestros modelos de carretera para cualquier disciplina fuera del asfalto a todo tipo de ciclistas: desde los m\u00e1s competitivos en XC o marat\u00f3n, a los reci\u00e9n llegados al gravel a partir del ciclismo de la carretera.<\/p>\n","protected":false},"featured_media":294099,"comment_status":"closed","ping_status":"closed","template":"","meta":{"_acf_changed":false,"_et_pb_use_builder":"","_et_pb_old_content":"","_et_gb_content_width":"","inline_featured_image":false},"product_brand":[],"product_cat":[4330,26,62,2371,2409],"product_tag":[],"class_list":{"0":"post-377302","1":"product","2":"type-product","3":"status-publish","4":"has-post-thumbnail","6":"product_cat-black-friday-2","7":"product_cat-accesorios","8":"product_cat-zapatillas","9":"product_cat-accesorios-novedad","10":"product_cat-ofertas-specialized","11":"product_shipping_class-accesorios","13":"first","14":"outofstock","15":"taxable","16":"shipping-taxable","17":"product-type-variable","18":"wvs-archive-product-wrapper"},"acf":[],"yoast_head":"<!-- This site is optimized with the Yoast SEO Premium plugin v26.7 (Yoast SEO v26.7) - https:\/\/yoast.com\/wordpress\/plugins\/seo\/ -->\n<title>Specialized S-Works Recon 2024 GR-100 Specialized S-works<\/title>\n<meta name=\"description\" content=\"GR 100 Specialized. Mejores precios sin competencia. Solicita tu oferta personalizada. S-Works Recon 2024 dise\u00f1adas para la velocidad y la eficiencia\" \/>\n<meta name=\"robots\" content=\"index, follow, max-snippet:-1, max-image-preview:large, max-video-preview:-1\" \/>\n<link rel=\"canonical\" href=\"https:\/\/gr-100.com\/producto\/specialized-s-works-recon-2024\/\" \/>\n<meta property=\"og:locale\" content=\"en_US\" \/>\n<meta property=\"og:type\" content=\"article\" \/>\n<meta property=\"og:title\" content=\"Specialized S-Works Recon 2024\" \/>\n<meta property=\"og:description\" content=\"GR 100 Specialized. Mejores precios sin competencia. Solicita tu oferta personalizada. S-Works Recon 2024 dise\u00f1adas para la velocidad y la eficiencia\" \/>\n<meta property=\"og:url\" content=\"https:\/\/gr-100.com\/producto\/specialized-s-works-recon-2024\/\" \/>\n<meta property=\"og:site_name\" content=\"Gr-100 Tienda de ciclismo Specialized\" \/>\n<meta property=\"article:publisher\" content=\"https:\/\/www.facebook.com\/Gr100Bikes\" \/>\n<meta property=\"article:modified_time\" content=\"2025-12-03T22:27:47+00:00\" \/>\n<meta property=\"og:image\" content=\"https:\/\/gr-100.com\/wp-content\/uploads\/2024\/05\/Specialized-S-Works-Recon-Spruce-2024-1.jpg\" \/>\n\t<meta property=\"og:image:width\" content=\"1080\" \/>\n\t<meta property=\"og:image:height\" content=\"1080\" \/>\n\t<meta property=\"og:image:type\" content=\"image\/jpeg\" \/>\n<meta name=\"twitter:card\" content=\"summary_large_image\" \/>\n<meta name=\"twitter:label1\" content=\"Est. reading time\" \/>\n\t<meta name=\"twitter:data1\" content=\"2 minutes\" \/>\n<script type=\"application\/ld+json\" class=\"yoast-schema-graph\">{\"@context\":\"https:\/\/schema.org\",\"@graph\":[{\"@type\":\"WebPage\",\"@id\":\"https:\/\/gr-100.com\/producto\/specialized-s-works-recon-2024\/\",\"url\":\"https:\/\/gr-100.com\/producto\/specialized-s-works-recon-2024\/\",\"name\":\"Specialized S-Works Recon 2024 GR-100 Specialized S-works\",\"isPartOf\":{\"@id\":\"https:\/\/gr-100.com\/#website\"},\"primaryImageOfPage\":{\"@id\":\"https:\/\/gr-100.com\/producto\/specialized-s-works-recon-2024\/#primaryimage\"},\"image\":{\"@id\":\"https:\/\/gr-100.com\/producto\/specialized-s-works-recon-2024\/#primaryimage\"},\"thumbnailUrl\":\"https:\/\/gr-100.com\/wp-content\/uploads\/2024\/05\/Specialized-S-Works-Recon-Spruce-2024-1.jpg\",\"datePublished\":\"2024-07-01T14:56:47+00:00\",\"dateModified\":\"2025-12-03T22:27:47+00:00\",\"description\":\"GR 100 Specialized. Mejores precios sin competencia. Solicita tu oferta personalizada. S-Works Recon 2024 dise\u00f1adas para la velocidad y la eficiencia\",\"breadcrumb\":{\"@id\":\"https:\/\/gr-100.com\/producto\/specialized-s-works-recon-2024\/#breadcrumb\"},\"inLanguage\":\"en-US\",\"potentialAction\":[{\"@type\":\"ReadAction\",\"target\":[\"https:\/\/gr-100.com\/producto\/specialized-s-works-recon-2024\/\"]}]},{\"@type\":\"ImageObject\",\"inLanguage\":\"en-US\",\"@id\":\"https:\/\/gr-100.com\/producto\/specialized-s-works-recon-2024\/#primaryimage\",\"url\":\"https:\/\/gr-100.com\/wp-content\/uploads\/2024\/05\/Specialized-S-Works-Recon-Spruce-2024-1.jpg\",\"contentUrl\":\"https:\/\/gr-100.com\/wp-content\/uploads\/2024\/05\/Specialized-S-Works-Recon-Spruce-2024-1.jpg\",\"width\":1080,\"height\":1080},{\"@type\":\"BreadcrumbList\",\"@id\":\"https:\/\/gr-100.com\/producto\/specialized-s-works-recon-2024\/#breadcrumb\",\"itemListElement\":[{\"@type\":\"ListItem\",\"position\":1,\"name\":\"Portada\",\"item\":\"https:\/\/gr-100.com\/pt-pt\/\"},{\"@type\":\"ListItem\",\"position\":2,\"name\":\"Productos\",\"item\":\"https:\/\/gr-100.com\/?post_type=product\"},{\"@type\":\"ListItem\",\"position\":3,\"name\":\"Specialized S-Works Recon 2024\"}]},{\"@type\":\"WebSite\",\"@id\":\"https:\/\/gr-100.com\/#website\",\"url\":\"https:\/\/gr-100.com\/\",\"name\":\"Gr-100 Tienda de ciclismo Specialized\",\"description\":\"GR-100 tenemos todas las gamas de bicicletas Specialized al mejor precio.\",\"publisher\":{\"@id\":\"https:\/\/gr-100.com\/#organization\"},\"alternateName\":\"Gr-100 Bikes\",\"potentialAction\":[{\"@type\":\"SearchAction\",\"target\":{\"@type\":\"EntryPoint\",\"urlTemplate\":\"https:\/\/gr-100.com\/?s={search_term_string}\"},\"query-input\":{\"@type\":\"PropertyValueSpecification\",\"valueRequired\":true,\"valueName\":\"search_term_string\"}}],\"inLanguage\":\"en-US\"},{\"@type\":\"Organization\",\"@id\":\"https:\/\/gr-100.com\/#organization\",\"name\":\"Gr-100\",\"url\":\"https:\/\/gr-100.com\/\",\"logo\":{\"@type\":\"ImageObject\",\"inLanguage\":\"en-US\",\"@id\":\"https:\/\/gr-100.com\/#\/schema\/logo\/image\/\",\"url\":\"https:\/\/gr-100.com\/wp-content\/uploads\/2023\/08\/logo-gr-100-bikes.png\",\"contentUrl\":\"https:\/\/gr-100.com\/wp-content\/uploads\/2023\/08\/logo-gr-100-bikes.png\",\"width\":707,\"height\":284,\"caption\":\"Gr-100\"},\"image\":{\"@id\":\"https:\/\/gr-100.com\/#\/schema\/logo\/image\/\"},\"sameAs\":[\"https:\/\/www.facebook.com\/Gr100Bikes\",\"https:\/\/www.instagram.com\/gr100bikes\/\",\"https:\/\/www.tiktok.com\/@gr100bikes\",\"https:\/\/twitter.com\/gr100mtbteam\",\"https:\/\/www.youtube.com\/c\/GR100Specialized\"]}]}<\/script>\n<!-- \/ Yoast SEO Premium plugin. -->","yoast_head_json":{"title":"Specialized S-Works Recon 2024 GR-100 Specialized S-works","description":"GR 100 Specialized. Mejores precios sin competencia. Solicita tu oferta personalizada. S-Works Recon 2024 dise\u00f1adas para la velocidad y la eficiencia","robots":{"index":"index","follow":"follow","max-snippet":"max-snippet:-1","max-image-preview":"max-image-preview:large","max-video-preview":"max-video-preview:-1"},"canonical":"https:\/\/gr-100.com\/producto\/specialized-s-works-recon-2024\/","og_locale":"en_US","og_type":"article","og_title":"Specialized S-Works Recon 2024","og_description":"GR 100 Specialized. Mejores precios sin competencia. Solicita tu oferta personalizada. S-Works Recon 2024 dise\u00f1adas para la velocidad y la eficiencia","og_url":"https:\/\/gr-100.com\/producto\/specialized-s-works-recon-2024\/","og_site_name":"Gr-100 Tienda de ciclismo Specialized","article_publisher":"https:\/\/www.facebook.com\/Gr100Bikes","article_modified_time":"2025-12-03T22:27:47+00:00","og_image":[{"width":1080,"height":1080,"url":"https:\/\/gr-100.com\/wp-content\/uploads\/2024\/05\/Specialized-S-Works-Recon-Spruce-2024-1.jpg","type":"image\/jpeg"}],"twitter_card":"summary_large_image","twitter_misc":{"Est. reading time":"2 minutes"},"schema":{"@context":"https:\/\/schema.org","@graph":[{"@type":"WebPage","@id":"https:\/\/gr-100.com\/producto\/specialized-s-works-recon-2024\/","url":"https:\/\/gr-100.com\/producto\/specialized-s-works-recon-2024\/","name":"Specialized S-Works Recon 2024 GR-100 Specialized S-works","isPartOf":{"@id":"https:\/\/gr-100.com\/#website"},"primaryImageOfPage":{"@id":"https:\/\/gr-100.com\/producto\/specialized-s-works-recon-2024\/#primaryimage"},"image":{"@id":"https:\/\/gr-100.com\/producto\/specialized-s-works-recon-2024\/#primaryimage"},"thumbnailUrl":"https:\/\/gr-100.com\/wp-content\/uploads\/2024\/05\/Specialized-S-Works-Recon-Spruce-2024-1.jpg","datePublished":"2024-07-01T14:56:47+00:00","dateModified":"2025-12-03T22:27:47+00:00","description":"GR 100 Specialized. Mejores precios sin competencia. Solicita tu oferta personalizada. S-Works Recon 2024 dise\u00f1adas para la velocidad y la eficiencia","breadcrumb":{"@id":"https:\/\/gr-100.com\/producto\/specialized-s-works-recon-2024\/#breadcrumb"},"inLanguage":"en-US","potentialAction":[{"@type":"ReadAction","target":["https:\/\/gr-100.com\/producto\/specialized-s-works-recon-2024\/"]}]},{"@type":"ImageObject","inLanguage":"en-US","@id":"https:\/\/gr-100.com\/producto\/specialized-s-works-recon-2024\/#primaryimage","url":"https:\/\/gr-100.com\/wp-content\/uploads\/2024\/05\/Specialized-S-Works-Recon-Spruce-2024-1.jpg","contentUrl":"https:\/\/gr-100.com\/wp-content\/uploads\/2024\/05\/Specialized-S-Works-Recon-Spruce-2024-1.jpg","width":1080,"height":1080},{"@type":"BreadcrumbList","@id":"https:\/\/gr-100.com\/producto\/specialized-s-works-recon-2024\/#breadcrumb","itemListElement":[{"@type":"ListItem","position":1,"name":"Portada","item":"https:\/\/gr-100.com\/pt-pt\/"},{"@type":"ListItem","position":2,"name":"Productos","item":"https:\/\/gr-100.com\/?post_type=product"},{"@type":"ListItem","position":3,"name":"Specialized S-Works Recon 2024"}]},{"@type":"WebSite","@id":"https:\/\/gr-100.com\/#website","url":"https:\/\/gr-100.com\/","name":"Gr-100 Tienda de ciclismo Specialized","description":"GR-100 tenemos todas las gamas de bicicletas Specialized al mejor precio.","publisher":{"@id":"https:\/\/gr-100.com\/#organization"},"alternateName":"Gr-100 Bikes","potentialAction":[{"@type":"SearchAction","target":{"@type":"EntryPoint","urlTemplate":"https:\/\/gr-100.com\/?s={search_term_string}"},"query-input":{"@type":"PropertyValueSpecification","valueRequired":true,"valueName":"search_term_string"}}],"inLanguage":"en-US"},{"@type":"Organization","@id":"https:\/\/gr-100.com\/#organization","name":"Gr-100","url":"https:\/\/gr-100.com\/","logo":{"@type":"ImageObject","inLanguage":"en-US","@id":"https:\/\/gr-100.com\/#\/schema\/logo\/image\/","url":"https:\/\/gr-100.com\/wp-content\/uploads\/2023\/08\/logo-gr-100-bikes.png","contentUrl":"https:\/\/gr-100.com\/wp-content\/uploads\/2023\/08\/logo-gr-100-bikes.png","width":707,"height":284,"caption":"Gr-100"},"image":{"@id":"https:\/\/gr-100.com\/#\/schema\/logo\/image\/"},"sameAs":["https:\/\/www.facebook.com\/Gr100Bikes","https:\/\/www.instagram.com\/gr100bikes\/","https:\/\/www.tiktok.com\/@gr100bikes","https:\/\/twitter.com\/gr100mtbteam","https:\/\/www.youtube.com\/c\/GR100Specialized"]}]}},"_links":{"self":[{"href":"https:\/\/gr-100.com\/en\/wp-json\/wp\/v2\/product\/377302","targetHints":{"allow":["GET"]}}],"collection":[{"href":"https:\/\/gr-100.com\/en\/wp-json\/wp\/v2\/product"}],"about":[{"href":"https:\/\/gr-100.com\/en\/wp-json\/wp\/v2\/types\/product"}],"replies":[{"embeddable":true,"href":"https:\/\/gr-100.com\/en\/wp-json\/wp\/v2\/comments?post=377302"}],"wp:featuredmedia":[{"embeddable":true,"href":"https:\/\/gr-100.com\/en\/wp-json\/wp\/v2\/media\/294099"}],"wp:attachment":[{"href":"https:\/\/gr-100.com\/en\/wp-json\/wp\/v2\/media?parent=377302"}],"wp:term":[{"taxonomy":"product_brand","embeddable":true,"href":"https:\/\/gr-100.com\/en\/wp-json\/wp\/v2\/product_brand?post=377302"},{"taxonomy":"product_cat","embeddable":true,"href":"https:\/\/gr-100.com\/en\/wp-json\/wp\/v2\/product_cat?post=377302"},{"taxonomy":"product_tag","embeddable":true,"href":"https:\/\/gr-100.com\/en\/wp-json\/wp\/v2\/product_tag?post=377302"}],"curies":[{"name":"wp","href":"https:\/\/api.w.org\/{rel}","templated":true}]}}