{"id":377723,"date":"2024-07-01T15:14:56","date_gmt":"2024-07-01T15:14:56","guid":{"rendered":"https:\/\/nuevo.gr-100.com\/producto\/specialized-sl-pro-guantes\/"},"modified":"2025-12-29T14:49:15","modified_gmt":"2025-12-29T12:49:15","slug":"specialized-sl-pro-guantes","status":"publish","type":"product","link":"https:\/\/gr-100.com\/en\/producto\/specialized-sl-pro-guantes\/","title":{"rendered":"Specialized SL PRO Guantes"},"content":{"rendered":"<ul>\n<li>La palma de ante sint\u00e9tico Clarino est\u00e1 hecha de una microfibra ultrafina para combinar durabilidad con una sensaci\u00f3n excepcional en las barras.<\/li>\n<li>La palma perforada es una ventilaci\u00f3n estrat\u00e9gica para mejorar la transpiraci\u00f3n mientras se conduce.<\/li>\n<li>El dise\u00f1o de la palma Lifeline\u2122 elimina arrugas, proporcionando una segunda piel para tener mejor tacto con el manillar.<\/li>\n<li>La parte superior italiana es nuestra malla m\u00e1s ligera y transpirable, y tiene una clasificaci\u00f3n UV 30+.<\/li>\n<li>El pu\u00f1o presenta costuras selladas para el cierre de las mu\u00f1ecas que son limpias, c\u00f3modas y seguras.<\/li>\n<li>Compatible con pantallas t\u00e1ctiles<\/li>\n<li>Contenido del tejido: PRINCIPAL: 92% poli\u00e9ster, 8% PU &#8211; PALMA: 60% nailon, 40% PU<\/li>\n<\/ul>\n","protected":false},"excerpt":{"rendered":"<p>Para complementar su excelente ajuste y transpirabilidad, nuestros guantes de dedos largos SL Pro cuentan con nuestro dise\u00f1o de palma LifeLine\u2122 para un contacto \u00f3ptimo entre la mano y la barra. Esto ofrece el m\u00e1ximo control y total comodidad cuando se recorren largas distancias. Tambi\u00e9n encontrar\u00e1 una palma de gamuza suave para mayor seguridad y una sensaci\u00f3n mejorada, y tambi\u00e9n hay un pu\u00f1o sin cordones que crea un ajuste incre\u00edble. Y, por \u00faltimo, el uso del tel\u00e9fono no es un problema, ya que las yemas de los dedos est\u00e1n dise\u00f1adas para ser compatibles con la pantalla t\u00e1ctil. Con todas estas caracter\u00edsticas, no es de extra\u00f1ar que los guantes SL Pro sean la elecci\u00f3n de los corredores.<\/p>\n","protected":false},"featured_media":318900,"comment_status":"closed","ping_status":"closed","template":"","meta":{"_acf_changed":false,"_et_pb_use_builder":"","_et_pb_old_content":"","_et_gb_content_width":"","inline_featured_image":false},"product_brand":[],"product_cat":[50,52],"product_tag":[],"class_list":{"0":"post-377723","1":"product","2":"type-product","3":"status-publish","4":"has-post-thumbnail","6":"product_cat-equipaciones","7":"product_cat-guantes","9":"first","10":"instock","11":"taxable","12":"shipping-taxable","13":"purchasable","14":"product-type-variable","15":"wvs-archive-product-wrapper"},"acf":[],"yoast_head":"<!-- This site is optimized with the Yoast SEO Premium plugin v26.7 (Yoast SEO v26.7) - https:\/\/yoast.com\/wordpress\/plugins\/seo\/ -->\n<title>Specialized SL PRO Guantes GR-100<\/title>\n<meta name=\"description\" content=\"m\u00e1ximo control y total comodidad cuando se recorren largas distancias. Tambi\u00e9n encontrar\u00e1 una palma de gamuza suae para mayor seguridad.\" \/>\n<meta name=\"robots\" content=\"index, follow, max-snippet:-1, max-image-preview:large, max-video-preview:-1\" \/>\n<link rel=\"canonical\" href=\"https:\/\/gr-100.com\/producto\/specialized-sl-pro-guantes\/\" \/>\n<meta property=\"og:locale\" content=\"en_US\" \/>\n<meta property=\"og:type\" content=\"article\" \/>\n<meta property=\"og:title\" content=\"Specialized SL PRO Guantes\" \/>\n<meta property=\"og:description\" content=\"m\u00e1ximo control y total comodidad cuando se recorren largas distancias. Tambi\u00e9n encontrar\u00e1 una palma de gamuza suae para mayor seguridad.\" \/>\n<meta property=\"og:url\" content=\"https:\/\/gr-100.com\/producto\/specialized-sl-pro-guantes\/\" \/>\n<meta property=\"og:site_name\" content=\"Gr-100 Tienda de ciclismo Specialized\" \/>\n<meta property=\"article:publisher\" content=\"https:\/\/www.facebook.com\/Gr100Bikes\" \/>\n<meta property=\"article:modified_time\" content=\"2025-12-29T12:49:15+00:00\" \/>\n<meta property=\"og:image\" content=\"https:\/\/gr-100.com\/wp-content\/uploads\/2024\/06\/My-project-2024-05-30T135940.217.jpeg\" \/>\n\t<meta property=\"og:image:width\" content=\"1000\" \/>\n\t<meta property=\"og:image:height\" content=\"1000\" \/>\n\t<meta property=\"og:image:type\" content=\"image\/jpeg\" \/>\n<meta name=\"twitter:card\" content=\"summary_large_image\" \/>\n<meta name=\"twitter:label1\" content=\"Est. reading time\" \/>\n\t<meta name=\"twitter:data1\" content=\"1 minute\" \/>\n<script type=\"application\/ld+json\" class=\"yoast-schema-graph\">{\"@context\":\"https:\/\/schema.org\",\"@graph\":[{\"@type\":\"WebPage\",\"@id\":\"https:\/\/gr-100.com\/producto\/specialized-sl-pro-guantes\/\",\"url\":\"https:\/\/gr-100.com\/producto\/specialized-sl-pro-guantes\/\",\"name\":\"Specialized SL PRO Guantes GR-100\",\"isPartOf\":{\"@id\":\"https:\/\/gr-100.com\/#website\"},\"primaryImageOfPage\":{\"@id\":\"https:\/\/gr-100.com\/producto\/specialized-sl-pro-guantes\/#primaryimage\"},\"image\":{\"@id\":\"https:\/\/gr-100.com\/producto\/specialized-sl-pro-guantes\/#primaryimage\"},\"thumbnailUrl\":\"https:\/\/gr-100.com\/wp-content\/uploads\/2024\/06\/My-project-2024-05-30T135940.217.jpeg\",\"datePublished\":\"2024-07-01T15:14:56+00:00\",\"dateModified\":\"2025-12-29T12:49:15+00:00\",\"description\":\"m\u00e1ximo control y total comodidad cuando se recorren largas distancias. Tambi\u00e9n encontrar\u00e1 una palma de gamuza suae para mayor seguridad.\",\"breadcrumb\":{\"@id\":\"https:\/\/gr-100.com\/producto\/specialized-sl-pro-guantes\/#breadcrumb\"},\"inLanguage\":\"en-US\",\"potentialAction\":[{\"@type\":\"ReadAction\",\"target\":[\"https:\/\/gr-100.com\/producto\/specialized-sl-pro-guantes\/\"]}]},{\"@type\":\"ImageObject\",\"inLanguage\":\"en-US\",\"@id\":\"https:\/\/gr-100.com\/producto\/specialized-sl-pro-guantes\/#primaryimage\",\"url\":\"https:\/\/gr-100.com\/wp-content\/uploads\/2024\/06\/My-project-2024-05-30T135940.217.jpeg\",\"contentUrl\":\"https:\/\/gr-100.com\/wp-content\/uploads\/2024\/06\/My-project-2024-05-30T135940.217.jpeg\",\"width\":1000,\"height\":1000},{\"@type\":\"BreadcrumbList\",\"@id\":\"https:\/\/gr-100.com\/producto\/specialized-sl-pro-guantes\/#breadcrumb\",\"itemListElement\":[{\"@type\":\"ListItem\",\"position\":1,\"name\":\"Portada\",\"item\":\"https:\/\/gr-100.com\/pt-pt\/\"},{\"@type\":\"ListItem\",\"position\":2,\"name\":\"Productos\",\"item\":\"https:\/\/gr-100.com\/?post_type=product\"},{\"@type\":\"ListItem\",\"position\":3,\"name\":\"Specialized SL PRO Guantes\"}]},{\"@type\":\"WebSite\",\"@id\":\"https:\/\/gr-100.com\/#website\",\"url\":\"https:\/\/gr-100.com\/\",\"name\":\"Gr-100 Tienda de ciclismo Specialized\",\"description\":\"GR-100 tenemos todas las gamas de bicicletas Specialized al mejor precio.\",\"publisher\":{\"@id\":\"https:\/\/gr-100.com\/#organization\"},\"alternateName\":\"Gr-100 Bikes\",\"potentialAction\":[{\"@type\":\"SearchAction\",\"target\":{\"@type\":\"EntryPoint\",\"urlTemplate\":\"https:\/\/gr-100.com\/?s={search_term_string}\"},\"query-input\":{\"@type\":\"PropertyValueSpecification\",\"valueRequired\":true,\"valueName\":\"search_term_string\"}}],\"inLanguage\":\"en-US\"},{\"@type\":\"Organization\",\"@id\":\"https:\/\/gr-100.com\/#organization\",\"name\":\"Gr-100\",\"url\":\"https:\/\/gr-100.com\/\",\"logo\":{\"@type\":\"ImageObject\",\"inLanguage\":\"en-US\",\"@id\":\"https:\/\/gr-100.com\/#\/schema\/logo\/image\/\",\"url\":\"https:\/\/gr-100.com\/wp-content\/uploads\/2023\/08\/logo-gr-100-bikes.png\",\"contentUrl\":\"https:\/\/gr-100.com\/wp-content\/uploads\/2023\/08\/logo-gr-100-bikes.png\",\"width\":707,\"height\":284,\"caption\":\"Gr-100\"},\"image\":{\"@id\":\"https:\/\/gr-100.com\/#\/schema\/logo\/image\/\"},\"sameAs\":[\"https:\/\/www.facebook.com\/Gr100Bikes\",\"https:\/\/www.instagram.com\/gr100bikes\/\",\"https:\/\/www.tiktok.com\/@gr100bikes\",\"https:\/\/twitter.com\/gr100mtbteam\",\"https:\/\/www.youtube.com\/c\/GR100Specialized\"]}]}<\/script>\n<!-- \/ Yoast SEO Premium plugin. -->","yoast_head_json":{"title":"Specialized SL PRO Guantes GR-100","description":"m\u00e1ximo control y total comodidad cuando se recorren largas distancias. Tambi\u00e9n encontrar\u00e1 una palma de gamuza suae para mayor seguridad.","robots":{"index":"index","follow":"follow","max-snippet":"max-snippet:-1","max-image-preview":"max-image-preview:large","max-video-preview":"max-video-preview:-1"},"canonical":"https:\/\/gr-100.com\/producto\/specialized-sl-pro-guantes\/","og_locale":"en_US","og_type":"article","og_title":"Specialized SL PRO Guantes","og_description":"m\u00e1ximo control y total comodidad cuando se recorren largas distancias. Tambi\u00e9n encontrar\u00e1 una palma de gamuza suae para mayor seguridad.","og_url":"https:\/\/gr-100.com\/producto\/specialized-sl-pro-guantes\/","og_site_name":"Gr-100 Tienda de ciclismo Specialized","article_publisher":"https:\/\/www.facebook.com\/Gr100Bikes","article_modified_time":"2025-12-29T12:49:15+00:00","og_image":[{"width":1000,"height":1000,"url":"https:\/\/gr-100.com\/wp-content\/uploads\/2024\/06\/My-project-2024-05-30T135940.217.jpeg","type":"image\/jpeg"}],"twitter_card":"summary_large_image","twitter_misc":{"Est. reading time":"1 minute"},"schema":{"@context":"https:\/\/schema.org","@graph":[{"@type":"WebPage","@id":"https:\/\/gr-100.com\/producto\/specialized-sl-pro-guantes\/","url":"https:\/\/gr-100.com\/producto\/specialized-sl-pro-guantes\/","name":"Specialized SL PRO Guantes GR-100","isPartOf":{"@id":"https:\/\/gr-100.com\/#website"},"primaryImageOfPage":{"@id":"https:\/\/gr-100.com\/producto\/specialized-sl-pro-guantes\/#primaryimage"},"image":{"@id":"https:\/\/gr-100.com\/producto\/specialized-sl-pro-guantes\/#primaryimage"},"thumbnailUrl":"https:\/\/gr-100.com\/wp-content\/uploads\/2024\/06\/My-project-2024-05-30T135940.217.jpeg","datePublished":"2024-07-01T15:14:56+00:00","dateModified":"2025-12-29T12:49:15+00:00","description":"m\u00e1ximo control y total comodidad cuando se recorren largas distancias. Tambi\u00e9n encontrar\u00e1 una palma de gamuza suae para mayor seguridad.","breadcrumb":{"@id":"https:\/\/gr-100.com\/producto\/specialized-sl-pro-guantes\/#breadcrumb"},"inLanguage":"en-US","potentialAction":[{"@type":"ReadAction","target":["https:\/\/gr-100.com\/producto\/specialized-sl-pro-guantes\/"]}]},{"@type":"ImageObject","inLanguage":"en-US","@id":"https:\/\/gr-100.com\/producto\/specialized-sl-pro-guantes\/#primaryimage","url":"https:\/\/gr-100.com\/wp-content\/uploads\/2024\/06\/My-project-2024-05-30T135940.217.jpeg","contentUrl":"https:\/\/gr-100.com\/wp-content\/uploads\/2024\/06\/My-project-2024-05-30T135940.217.jpeg","width":1000,"height":1000},{"@type":"BreadcrumbList","@id":"https:\/\/gr-100.com\/producto\/specialized-sl-pro-guantes\/#breadcrumb","itemListElement":[{"@type":"ListItem","position":1,"name":"Portada","item":"https:\/\/gr-100.com\/pt-pt\/"},{"@type":"ListItem","position":2,"name":"Productos","item":"https:\/\/gr-100.com\/?post_type=product"},{"@type":"ListItem","position":3,"name":"Specialized SL PRO Guantes"}]},{"@type":"WebSite","@id":"https:\/\/gr-100.com\/#website","url":"https:\/\/gr-100.com\/","name":"Gr-100 Tienda de ciclismo Specialized","description":"GR-100 tenemos todas las gamas de bicicletas Specialized al mejor precio.","publisher":{"@id":"https:\/\/gr-100.com\/#organization"},"alternateName":"Gr-100 Bikes","potentialAction":[{"@type":"SearchAction","target":{"@type":"EntryPoint","urlTemplate":"https:\/\/gr-100.com\/?s={search_term_string}"},"query-input":{"@type":"PropertyValueSpecification","valueRequired":true,"valueName":"search_term_string"}}],"inLanguage":"en-US"},{"@type":"Organization","@id":"https:\/\/gr-100.com\/#organization","name":"Gr-100","url":"https:\/\/gr-100.com\/","logo":{"@type":"ImageObject","inLanguage":"en-US","@id":"https:\/\/gr-100.com\/#\/schema\/logo\/image\/","url":"https:\/\/gr-100.com\/wp-content\/uploads\/2023\/08\/logo-gr-100-bikes.png","contentUrl":"https:\/\/gr-100.com\/wp-content\/uploads\/2023\/08\/logo-gr-100-bikes.png","width":707,"height":284,"caption":"Gr-100"},"image":{"@id":"https:\/\/gr-100.com\/#\/schema\/logo\/image\/"},"sameAs":["https:\/\/www.facebook.com\/Gr100Bikes","https:\/\/www.instagram.com\/gr100bikes\/","https:\/\/www.tiktok.com\/@gr100bikes","https:\/\/twitter.com\/gr100mtbteam","https:\/\/www.youtube.com\/c\/GR100Specialized"]}]}},"_links":{"self":[{"href":"https:\/\/gr-100.com\/en\/wp-json\/wp\/v2\/product\/377723","targetHints":{"allow":["GET"]}}],"collection":[{"href":"https:\/\/gr-100.com\/en\/wp-json\/wp\/v2\/product"}],"about":[{"href":"https:\/\/gr-100.com\/en\/wp-json\/wp\/v2\/types\/product"}],"replies":[{"embeddable":true,"href":"https:\/\/gr-100.com\/en\/wp-json\/wp\/v2\/comments?post=377723"}],"wp:featuredmedia":[{"embeddable":true,"href":"https:\/\/gr-100.com\/en\/wp-json\/wp\/v2\/media\/318900"}],"wp:attachment":[{"href":"https:\/\/gr-100.com\/en\/wp-json\/wp\/v2\/media?parent=377723"}],"wp:term":[{"taxonomy":"product_brand","embeddable":true,"href":"https:\/\/gr-100.com\/en\/wp-json\/wp\/v2\/product_brand?post=377723"},{"taxonomy":"product_cat","embeddable":true,"href":"https:\/\/gr-100.com\/en\/wp-json\/wp\/v2\/product_cat?post=377723"},{"taxonomy":"product_tag","embeddable":true,"href":"https:\/\/gr-100.com\/en\/wp-json\/wp\/v2\/product_tag?post=377723"}],"curies":[{"name":"wp","href":"https:\/\/api.w.org\/{rel}","templated":true}]}}