{"id":377753,"date":"2024-07-01T15:15:57","date_gmt":"2024-07-01T15:15:57","guid":{"rendered":"https:\/\/nuevo.gr-100.com\/producto\/specialized-sbc-graphic-5-panel-camper\/"},"modified":"2025-11-27T11:12:30","modified_gmt":"2025-11-27T09:12:30","slug":"specialized-sbc-graphic-5-panel-camper","status":"publish","type":"product","link":"https:\/\/gr-100.com\/en\/producto\/specialized-sbc-graphic-5-panel-camper\/","title":{"rendered":"Specialized SBC Graphic 5-Panel Camper"},"content":{"rendered":"<div id=\"KnM9nf\" class=\"PZPZlf\" data-attrid=\"tw-sourceArea\" data-entityname=\"Google Translate\">\n<div id=\"tw-source\">\n<div id=\"tw-source-text-container\" class=\"tw-ta-container F0azHf tw-nfl\" data-ved=\"2ahUKEwjy6Y-ZvNOGAxUBUaQEHSatK8UQ3OwLegQIBRAK\">\n<ul>\n<li>Dise\u00f1o cl\u00e1sico de 5 paneles con ala plana.<\/li>\n<li>Material de lona duradero.<\/li>\n<li>Correa trasera ajustable con cierre de tensi\u00f3n met\u00e1lico.<\/li>\n<li>Logotipo SBC bordado en la parte delantera con logotipo S tejido en la correa trasera.<\/li>\n<li>Ojales bordados en los paneles laterales para mayor transpirabilidad.<\/li>\n<li>Talla \u00fanica.<\/li>\n<li>Contenido de la tela: 100% algod\u00f3n.<\/li>\n<\/ul>\n<\/div>\n<div id=\"tw-source-rmn-container\" class=\"tw-ta-container F0azHf tw-nfl\">\n<pre id=\"tw-source-rmn\" class=\"tw-data-placeholder tw-text-small tw-ta\" dir=\"ltr\" data-placeholder=\"\"><\/pre>\n<\/div>\n<div id=\"gt-src-is\" class=\"gt-is\" role=\"menu\">\n<div id=\"gt-src-is-list\" class=\"gt-is-ctr\"><\/div>\n<div id=\"sugg-spell\" data-ved=\"2ahUKEwjy6Y-ZvNOGAxUBUaQEHSatK8UQ7fQBegQIBRAM\"><\/div>\n<div id=\"sugg-completion\" data-ved=\"2ahUKEwjy6Y-ZvNOGAxUBUaQEHSatK8UQ-b0EegQIBRAN\"><\/div>\n<div id=\"sugg-reject\" data-ved=\"2ahUKEwjy6Y-ZvNOGAxUBUaQEHSatK8UQpPQBegQIBRAO\"><\/div>\n<div id=\"sugg-lang\" data-ved=\"2ahUKEwjy6Y-ZvNOGAxUBUaQEHSatK8UQ7Dh6BAgFEA8\"><\/div>\n<\/div>\n<\/div>\n<div id=\"tw-smenu\" class=\"tw-menu\"><\/div>\n<\/div>\n<div class=\"QmZWSe\">\n<div class=\"DHcWmd\"><\/div>\n<\/div>\n<div class=\"oSioSc\">\n<div id=\"tw-target\">\n<div id=\"kAz1tf\" class=\"g9WsWb PZPZlf\" data-attrid=\"tw-targetArea\" data-entityname=\"Google Translate\">\n<div id=\"tw-target-text-container\" class=\"tw-ta-container F0azHf tw-nfl\">\n<pre id=\"tw-target-text\" class=\"tw-data-text tw-text-large tw-ta\" dir=\"ltr\" data-placeholder=\"Traducci\u00f3n\" aria-label=\"Texto traducido\" data-ved=\"2ahUKEwjy6Y-ZvNOGAxUBUaQEHSatK8UQ3ewLegQIBRAU\"><\/pre>\n<\/div>\n<\/div>\n<\/div>\n<\/div>\n","protected":false},"excerpt":{"rendered":"<p>Confeccionado con un material duradero de lona 100 % algod\u00f3n, esta gorra est\u00e1 dise\u00f1ado para soportar las exigencias de su estilo de vida activo. La correa trasera ajustable, con un cierre de tensi\u00f3n de metal para mayor comodidad, te permite personalizar el ajuste, mientras que el logotipo S tejido en la correa trasera a\u00f1ade un toque de estilo Specialized. Con un dise\u00f1o de talla \u00fanica.<\/p>\n","protected":false},"featured_media":343751,"comment_status":"closed","ping_status":"closed","template":"","meta":{"_acf_changed":false,"_et_pb_use_builder":"","_et_pb_old_content":"","_et_gb_content_width":"","inline_featured_image":false},"product_brand":[],"product_cat":[50,51],"product_tag":[],"class_list":{"0":"post-377753","1":"product","2":"type-product","3":"status-publish","4":"has-post-thumbnail","6":"product_cat-equipaciones","7":"product_cat-ropa","8":"product_shipping_class-equipacion","10":"first","11":"outofstock","12":"taxable","13":"shipping-taxable","14":"product-type-variable","15":"wvs-archive-product-wrapper"},"acf":[],"yoast_head":"<!-- This site is optimized with the Yoast SEO Premium plugin v26.7 (Yoast SEO v26.7) - https:\/\/yoast.com\/wordpress\/plugins\/seo\/ -->\n<title>Specialized SBC Graphic 5-Panel Camper GR-100<\/title>\n<meta name=\"description\" content=\"Confeccionado con un material duradero de lona 100 % algod\u00f3n, esta gorra est\u00e1 dise\u00f1ado para soportar las exigencias de su estilo de vida activo.\" \/>\n<meta name=\"robots\" content=\"index, follow, max-snippet:-1, max-image-preview:large, max-video-preview:-1\" \/>\n<link rel=\"canonical\" href=\"https:\/\/gr-100.com\/producto\/specialized-sbc-graphic-5-panel-camper\/\" \/>\n<meta property=\"og:locale\" content=\"en_US\" \/>\n<meta property=\"og:type\" content=\"article\" \/>\n<meta property=\"og:title\" content=\"Specialized SBC Graphic 5-Panel Camper\" \/>\n<meta property=\"og:description\" content=\"Confeccionado con un material duradero de lona 100 % algod\u00f3n, esta gorra est\u00e1 dise\u00f1ado para soportar las exigencias de su estilo de vida activo.\" \/>\n<meta property=\"og:url\" content=\"https:\/\/gr-100.com\/producto\/specialized-sbc-graphic-5-panel-camper\/\" \/>\n<meta property=\"og:site_name\" content=\"Gr-100 Tienda de ciclismo Specialized\" \/>\n<meta property=\"article:publisher\" content=\"https:\/\/www.facebook.com\/Gr100Bikes\" \/>\n<meta property=\"article:modified_time\" content=\"2025-11-27T09:12:30+00:00\" \/>\n<meta property=\"og:image\" content=\"https:\/\/gr-100.com\/wp-content\/uploads\/2024\/06\/Sin-titulo-3-1.jpeg\" \/>\n\t<meta property=\"og:image:width\" content=\"1000\" \/>\n\t<meta property=\"og:image:height\" content=\"1000\" \/>\n\t<meta property=\"og:image:type\" content=\"image\/jpeg\" \/>\n<meta name=\"twitter:card\" content=\"summary_large_image\" \/>\n<meta name=\"twitter:label1\" content=\"Est. reading time\" \/>\n\t<meta name=\"twitter:data1\" content=\"1 minute\" \/>\n<script type=\"application\/ld+json\" class=\"yoast-schema-graph\">{\"@context\":\"https:\/\/schema.org\",\"@graph\":[{\"@type\":\"WebPage\",\"@id\":\"https:\/\/gr-100.com\/producto\/specialized-sbc-graphic-5-panel-camper\/\",\"url\":\"https:\/\/gr-100.com\/producto\/specialized-sbc-graphic-5-panel-camper\/\",\"name\":\"Specialized SBC Graphic 5-Panel Camper GR-100\",\"isPartOf\":{\"@id\":\"https:\/\/gr-100.com\/#website\"},\"primaryImageOfPage\":{\"@id\":\"https:\/\/gr-100.com\/producto\/specialized-sbc-graphic-5-panel-camper\/#primaryimage\"},\"image\":{\"@id\":\"https:\/\/gr-100.com\/producto\/specialized-sbc-graphic-5-panel-camper\/#primaryimage\"},\"thumbnailUrl\":\"https:\/\/gr-100.com\/wp-content\/uploads\/2024\/06\/Sin-titulo-3-1.jpeg\",\"datePublished\":\"2024-07-01T15:15:57+00:00\",\"dateModified\":\"2025-11-27T09:12:30+00:00\",\"description\":\"Confeccionado con un material duradero de lona 100 % algod\u00f3n, esta gorra est\u00e1 dise\u00f1ado para soportar las exigencias de su estilo de vida activo.\",\"breadcrumb\":{\"@id\":\"https:\/\/gr-100.com\/producto\/specialized-sbc-graphic-5-panel-camper\/#breadcrumb\"},\"inLanguage\":\"en-US\",\"potentialAction\":[{\"@type\":\"ReadAction\",\"target\":[\"https:\/\/gr-100.com\/producto\/specialized-sbc-graphic-5-panel-camper\/\"]}]},{\"@type\":\"ImageObject\",\"inLanguage\":\"en-US\",\"@id\":\"https:\/\/gr-100.com\/producto\/specialized-sbc-graphic-5-panel-camper\/#primaryimage\",\"url\":\"https:\/\/gr-100.com\/wp-content\/uploads\/2024\/06\/Sin-titulo-3-1.jpeg\",\"contentUrl\":\"https:\/\/gr-100.com\/wp-content\/uploads\/2024\/06\/Sin-titulo-3-1.jpeg\",\"width\":1000,\"height\":1000},{\"@type\":\"BreadcrumbList\",\"@id\":\"https:\/\/gr-100.com\/producto\/specialized-sbc-graphic-5-panel-camper\/#breadcrumb\",\"itemListElement\":[{\"@type\":\"ListItem\",\"position\":1,\"name\":\"Portada\",\"item\":\"https:\/\/gr-100.com\/pt-pt\/\"},{\"@type\":\"ListItem\",\"position\":2,\"name\":\"Productos\",\"item\":\"https:\/\/gr-100.com\/?post_type=product\"},{\"@type\":\"ListItem\",\"position\":3,\"name\":\"Specialized SBC Graphic 5-Panel Camper\"}]},{\"@type\":\"WebSite\",\"@id\":\"https:\/\/gr-100.com\/#website\",\"url\":\"https:\/\/gr-100.com\/\",\"name\":\"Gr-100 Tienda de ciclismo Specialized\",\"description\":\"GR-100 tenemos todas las gamas de bicicletas Specialized al mejor precio.\",\"publisher\":{\"@id\":\"https:\/\/gr-100.com\/#organization\"},\"alternateName\":\"Gr-100 Bikes\",\"potentialAction\":[{\"@type\":\"SearchAction\",\"target\":{\"@type\":\"EntryPoint\",\"urlTemplate\":\"https:\/\/gr-100.com\/?s={search_term_string}\"},\"query-input\":{\"@type\":\"PropertyValueSpecification\",\"valueRequired\":true,\"valueName\":\"search_term_string\"}}],\"inLanguage\":\"en-US\"},{\"@type\":\"Organization\",\"@id\":\"https:\/\/gr-100.com\/#organization\",\"name\":\"Gr-100\",\"url\":\"https:\/\/gr-100.com\/\",\"logo\":{\"@type\":\"ImageObject\",\"inLanguage\":\"en-US\",\"@id\":\"https:\/\/gr-100.com\/#\/schema\/logo\/image\/\",\"url\":\"https:\/\/gr-100.com\/wp-content\/uploads\/2023\/08\/logo-gr-100-bikes.png\",\"contentUrl\":\"https:\/\/gr-100.com\/wp-content\/uploads\/2023\/08\/logo-gr-100-bikes.png\",\"width\":707,\"height\":284,\"caption\":\"Gr-100\"},\"image\":{\"@id\":\"https:\/\/gr-100.com\/#\/schema\/logo\/image\/\"},\"sameAs\":[\"https:\/\/www.facebook.com\/Gr100Bikes\",\"https:\/\/www.instagram.com\/gr100bikes\/\",\"https:\/\/www.tiktok.com\/@gr100bikes\",\"https:\/\/twitter.com\/gr100mtbteam\",\"https:\/\/www.youtube.com\/c\/GR100Specialized\"]}]}<\/script>\n<!-- \/ Yoast SEO Premium plugin. -->","yoast_head_json":{"title":"Specialized SBC Graphic 5-Panel Camper GR-100","description":"Confeccionado con un material duradero de lona 100 % algod\u00f3n, esta gorra est\u00e1 dise\u00f1ado para soportar las exigencias de su estilo de vida activo.","robots":{"index":"index","follow":"follow","max-snippet":"max-snippet:-1","max-image-preview":"max-image-preview:large","max-video-preview":"max-video-preview:-1"},"canonical":"https:\/\/gr-100.com\/producto\/specialized-sbc-graphic-5-panel-camper\/","og_locale":"en_US","og_type":"article","og_title":"Specialized SBC Graphic 5-Panel Camper","og_description":"Confeccionado con un material duradero de lona 100 % algod\u00f3n, esta gorra est\u00e1 dise\u00f1ado para soportar las exigencias de su estilo de vida activo.","og_url":"https:\/\/gr-100.com\/producto\/specialized-sbc-graphic-5-panel-camper\/","og_site_name":"Gr-100 Tienda de ciclismo Specialized","article_publisher":"https:\/\/www.facebook.com\/Gr100Bikes","article_modified_time":"2025-11-27T09:12:30+00:00","og_image":[{"width":1000,"height":1000,"url":"https:\/\/gr-100.com\/wp-content\/uploads\/2024\/06\/Sin-titulo-3-1.jpeg","type":"image\/jpeg"}],"twitter_card":"summary_large_image","twitter_misc":{"Est. reading time":"1 minute"},"schema":{"@context":"https:\/\/schema.org","@graph":[{"@type":"WebPage","@id":"https:\/\/gr-100.com\/producto\/specialized-sbc-graphic-5-panel-camper\/","url":"https:\/\/gr-100.com\/producto\/specialized-sbc-graphic-5-panel-camper\/","name":"Specialized SBC Graphic 5-Panel Camper GR-100","isPartOf":{"@id":"https:\/\/gr-100.com\/#website"},"primaryImageOfPage":{"@id":"https:\/\/gr-100.com\/producto\/specialized-sbc-graphic-5-panel-camper\/#primaryimage"},"image":{"@id":"https:\/\/gr-100.com\/producto\/specialized-sbc-graphic-5-panel-camper\/#primaryimage"},"thumbnailUrl":"https:\/\/gr-100.com\/wp-content\/uploads\/2024\/06\/Sin-titulo-3-1.jpeg","datePublished":"2024-07-01T15:15:57+00:00","dateModified":"2025-11-27T09:12:30+00:00","description":"Confeccionado con un material duradero de lona 100 % algod\u00f3n, esta gorra est\u00e1 dise\u00f1ado para soportar las exigencias de su estilo de vida activo.","breadcrumb":{"@id":"https:\/\/gr-100.com\/producto\/specialized-sbc-graphic-5-panel-camper\/#breadcrumb"},"inLanguage":"en-US","potentialAction":[{"@type":"ReadAction","target":["https:\/\/gr-100.com\/producto\/specialized-sbc-graphic-5-panel-camper\/"]}]},{"@type":"ImageObject","inLanguage":"en-US","@id":"https:\/\/gr-100.com\/producto\/specialized-sbc-graphic-5-panel-camper\/#primaryimage","url":"https:\/\/gr-100.com\/wp-content\/uploads\/2024\/06\/Sin-titulo-3-1.jpeg","contentUrl":"https:\/\/gr-100.com\/wp-content\/uploads\/2024\/06\/Sin-titulo-3-1.jpeg","width":1000,"height":1000},{"@type":"BreadcrumbList","@id":"https:\/\/gr-100.com\/producto\/specialized-sbc-graphic-5-panel-camper\/#breadcrumb","itemListElement":[{"@type":"ListItem","position":1,"name":"Portada","item":"https:\/\/gr-100.com\/pt-pt\/"},{"@type":"ListItem","position":2,"name":"Productos","item":"https:\/\/gr-100.com\/?post_type=product"},{"@type":"ListItem","position":3,"name":"Specialized SBC Graphic 5-Panel Camper"}]},{"@type":"WebSite","@id":"https:\/\/gr-100.com\/#website","url":"https:\/\/gr-100.com\/","name":"Gr-100 Tienda de ciclismo Specialized","description":"GR-100 tenemos todas las gamas de bicicletas Specialized al mejor precio.","publisher":{"@id":"https:\/\/gr-100.com\/#organization"},"alternateName":"Gr-100 Bikes","potentialAction":[{"@type":"SearchAction","target":{"@type":"EntryPoint","urlTemplate":"https:\/\/gr-100.com\/?s={search_term_string}"},"query-input":{"@type":"PropertyValueSpecification","valueRequired":true,"valueName":"search_term_string"}}],"inLanguage":"en-US"},{"@type":"Organization","@id":"https:\/\/gr-100.com\/#organization","name":"Gr-100","url":"https:\/\/gr-100.com\/","logo":{"@type":"ImageObject","inLanguage":"en-US","@id":"https:\/\/gr-100.com\/#\/schema\/logo\/image\/","url":"https:\/\/gr-100.com\/wp-content\/uploads\/2023\/08\/logo-gr-100-bikes.png","contentUrl":"https:\/\/gr-100.com\/wp-content\/uploads\/2023\/08\/logo-gr-100-bikes.png","width":707,"height":284,"caption":"Gr-100"},"image":{"@id":"https:\/\/gr-100.com\/#\/schema\/logo\/image\/"},"sameAs":["https:\/\/www.facebook.com\/Gr100Bikes","https:\/\/www.instagram.com\/gr100bikes\/","https:\/\/www.tiktok.com\/@gr100bikes","https:\/\/twitter.com\/gr100mtbteam","https:\/\/www.youtube.com\/c\/GR100Specialized"]}]}},"_links":{"self":[{"href":"https:\/\/gr-100.com\/en\/wp-json\/wp\/v2\/product\/377753","targetHints":{"allow":["GET"]}}],"collection":[{"href":"https:\/\/gr-100.com\/en\/wp-json\/wp\/v2\/product"}],"about":[{"href":"https:\/\/gr-100.com\/en\/wp-json\/wp\/v2\/types\/product"}],"replies":[{"embeddable":true,"href":"https:\/\/gr-100.com\/en\/wp-json\/wp\/v2\/comments?post=377753"}],"wp:featuredmedia":[{"embeddable":true,"href":"https:\/\/gr-100.com\/en\/wp-json\/wp\/v2\/media\/343751"}],"wp:attachment":[{"href":"https:\/\/gr-100.com\/en\/wp-json\/wp\/v2\/media?parent=377753"}],"wp:term":[{"taxonomy":"product_brand","embeddable":true,"href":"https:\/\/gr-100.com\/en\/wp-json\/wp\/v2\/product_brand?post=377753"},{"taxonomy":"product_cat","embeddable":true,"href":"https:\/\/gr-100.com\/en\/wp-json\/wp\/v2\/product_cat?post=377753"},{"taxonomy":"product_tag","embeddable":true,"href":"https:\/\/gr-100.com\/en\/wp-json\/wp\/v2\/product_tag?post=377753"}],"curies":[{"name":"wp","href":"https:\/\/api.w.org\/{rel}","templated":true}]}}