{"id":377793,"date":"2024-07-01T15:17:19","date_gmt":"2024-07-01T15:17:19","guid":{"rendered":"https:\/\/nuevo.gr-100.com\/producto\/oakley-sutro-lite-sweep-prizm-road-jade\/"},"modified":"2025-09-22T15:44:20","modified_gmt":"2025-09-22T13:44:20","slug":"oakley-sutro-lite-sweep-prizm-road-jade","status":"publish","type":"product","link":"https:\/\/gr-100.com\/en\/producto\/oakley-sutro-lite-sweep-prizm-road-jade\/","title":{"rendered":"Oakley Sutro Lite Sweep Prizm Road Jade"},"content":{"rendered":"<div class=\"pdpBottom-productInfo-description o21_text-color2 o21_text7 o21_text-medium\"><\/div>\n<div class=\"pdpBottom-productInfo-feature o21_text-color1 o21_text7 o21_bg5\">\u2022 DISE\u00d1O &#8211; Dise\u00f1o deportivo funcional con cobertura optimizada, un campo visual m\u00e1s amplio, retenci\u00f3n y protecci\u00f3n contra los impactos. Forma inspirada en las Eyeshade originales, donde una selecci\u00f3n de piezas incluye lentes con orificios de ventilaci\u00f3n.<br \/>\n\u2022 MATERIAL DE MONTURA &#8211; La montura fuerte pero ligera de O-Matter\u00ae proporciona durabilidad y comodidad durante todo el d\u00eda<br \/>\n\u2022 MAYOR RETENCI\u00d3N &#8211; Los extremos de las varillas llevan fundas moldeadas que ayudan a ofrecer una retenci\u00f3n excelente y comodidad durante todo el d\u00eda<br \/>\n\u2022 AGARRE ANTIDESLIZANTE &#8211; Las plaquetas nasales de Unobtainium\u00ae proporcionan mayor comodidad y rendimiento y aumentan el agarre con el sudor<br \/>\n\u2022 VE M\u00c1S DETALLES &#8211; Disponibles con la tecnolog\u00eda de lentes Prizm\u2122, dise\u00f1ada para realzar el color y el contraste y permitirte ver m\u00e1s detalles<\/div>\n","protected":false},"excerpt":{"rendered":"<p>Sutro Lite Sweep combina la forma de lente curvada que hicieron popular las Eyeshade con el famoso dise\u00f1o de montura Sutro. El dise\u00f1o deportivo funcional, la cobertura optimizada, el campo visual m\u00e1s amplio, retenci\u00f3n y la protecci\u00f3n contra los impactos hacen que las Sutro Lite Sweep sean la elecci\u00f3n perfecta si se busca durabilidad y comodidad durante todo el d\u00eda adem\u00e1s de destacar por tu estilo. Lentes Prizm Road Jade.<\/p>\n","protected":false},"featured_media":362235,"comment_status":"closed","ping_status":"closed","template":"","meta":{"_acf_changed":false,"_et_pb_use_builder":"","_et_pb_old_content":"","_et_gb_content_width":"","inline_featured_image":false},"product_brand":[],"product_cat":[26,47],"product_tag":[],"class_list":{"0":"post-377793","1":"product","2":"type-product","3":"status-publish","4":"has-post-thumbnail","6":"product_cat-accesorios","7":"product_cat-gafas","8":"product_shipping_class-accesorios","10":"first","11":"outofstock","12":"sale","13":"taxable","14":"shipping-taxable","15":"purchasable","16":"product-type-simple"},"acf":[],"yoast_head":"<!-- This site is optimized with the Yoast SEO Premium plugin v26.7 (Yoast SEO v26.7) - https:\/\/yoast.com\/wordpress\/plugins\/seo\/ -->\n<title>Oakley Sutro Lite Sweep Prizm Road Jade - GR-100<\/title>\n<meta name=\"description\" content=\"GR-100 Bikes. Mejores precios sin competencia. lente curvada que hicieron popular las Eyeshade con el famoso dise\u00f1o de montura Sutro.\" \/>\n<meta name=\"robots\" content=\"index, follow, max-snippet:-1, max-image-preview:large, max-video-preview:-1\" \/>\n<link rel=\"canonical\" href=\"https:\/\/gr-100.com\/producto\/oakley-sutro-lite-sweep-prizm-road-jade\/\" \/>\n<meta property=\"og:locale\" content=\"en_US\" \/>\n<meta property=\"og:type\" content=\"article\" \/>\n<meta property=\"og:title\" content=\"Oakley Sutro Lite Sweep Prizm Road Jade\" \/>\n<meta property=\"og:description\" content=\"GR-100 Bikes. Mejores precios sin competencia. lente curvada que hicieron popular las Eyeshade con el famoso dise\u00f1o de montura Sutro.\" \/>\n<meta property=\"og:url\" content=\"https:\/\/gr-100.com\/producto\/oakley-sutro-lite-sweep-prizm-road-jade\/\" \/>\n<meta property=\"og:site_name\" content=\"Gr-100 Tienda de ciclismo Specialized\" \/>\n<meta property=\"article:publisher\" content=\"https:\/\/www.facebook.com\/Gr100Bikes\" \/>\n<meta property=\"article:modified_time\" content=\"2025-09-22T13:44:20+00:00\" \/>\n<meta property=\"og:image\" content=\"https:\/\/gr-100.com\/wp-content\/uploads\/2024\/06\/Sutro-Lite-Sweep-Prizm-Road-Jade.jpg\" \/>\n\t<meta property=\"og:image:width\" content=\"1000\" \/>\n\t<meta property=\"og:image:height\" content=\"1000\" \/>\n\t<meta property=\"og:image:type\" content=\"image\/jpeg\" \/>\n<meta name=\"twitter:card\" content=\"summary_large_image\" \/>\n<meta name=\"twitter:label1\" content=\"Est. reading time\" \/>\n\t<meta name=\"twitter:data1\" content=\"1 minute\" \/>\n<script type=\"application\/ld+json\" class=\"yoast-schema-graph\">{\"@context\":\"https:\/\/schema.org\",\"@graph\":[{\"@type\":\"WebPage\",\"@id\":\"https:\/\/gr-100.com\/producto\/oakley-sutro-lite-sweep-prizm-road-jade\/\",\"url\":\"https:\/\/gr-100.com\/producto\/oakley-sutro-lite-sweep-prizm-road-jade\/\",\"name\":\"Oakley Sutro Lite Sweep Prizm Road Jade - GR-100\",\"isPartOf\":{\"@id\":\"https:\/\/gr-100.com\/#website\"},\"primaryImageOfPage\":{\"@id\":\"https:\/\/gr-100.com\/producto\/oakley-sutro-lite-sweep-prizm-road-jade\/#primaryimage\"},\"image\":{\"@id\":\"https:\/\/gr-100.com\/producto\/oakley-sutro-lite-sweep-prizm-road-jade\/#primaryimage\"},\"thumbnailUrl\":\"https:\/\/gr-100.com\/wp-content\/uploads\/2024\/06\/Sutro-Lite-Sweep-Prizm-Road-Jade.jpg\",\"datePublished\":\"2024-07-01T15:17:19+00:00\",\"dateModified\":\"2025-09-22T13:44:20+00:00\",\"description\":\"GR-100 Bikes. Mejores precios sin competencia. lente curvada que hicieron popular las Eyeshade con el famoso dise\u00f1o de montura Sutro.\",\"breadcrumb\":{\"@id\":\"https:\/\/gr-100.com\/producto\/oakley-sutro-lite-sweep-prizm-road-jade\/#breadcrumb\"},\"inLanguage\":\"en-US\",\"potentialAction\":[{\"@type\":\"ReadAction\",\"target\":[\"https:\/\/gr-100.com\/producto\/oakley-sutro-lite-sweep-prizm-road-jade\/\"]}]},{\"@type\":\"ImageObject\",\"inLanguage\":\"en-US\",\"@id\":\"https:\/\/gr-100.com\/producto\/oakley-sutro-lite-sweep-prizm-road-jade\/#primaryimage\",\"url\":\"https:\/\/gr-100.com\/wp-content\/uploads\/2024\/06\/Sutro-Lite-Sweep-Prizm-Road-Jade.jpg\",\"contentUrl\":\"https:\/\/gr-100.com\/wp-content\/uploads\/2024\/06\/Sutro-Lite-Sweep-Prizm-Road-Jade.jpg\",\"width\":1000,\"height\":1000},{\"@type\":\"BreadcrumbList\",\"@id\":\"https:\/\/gr-100.com\/producto\/oakley-sutro-lite-sweep-prizm-road-jade\/#breadcrumb\",\"itemListElement\":[{\"@type\":\"ListItem\",\"position\":1,\"name\":\"Portada\",\"item\":\"https:\/\/gr-100.com\/pt-pt\/\"},{\"@type\":\"ListItem\",\"position\":2,\"name\":\"Productos\",\"item\":\"https:\/\/gr-100.com\/?post_type=product\"},{\"@type\":\"ListItem\",\"position\":3,\"name\":\"Oakley Sutro Lite Sweep Prizm Road Jade\"}]},{\"@type\":\"WebSite\",\"@id\":\"https:\/\/gr-100.com\/#website\",\"url\":\"https:\/\/gr-100.com\/\",\"name\":\"Gr-100 Tienda de ciclismo Specialized\",\"description\":\"GR-100 tenemos todas las gamas de bicicletas Specialized al mejor precio.\",\"publisher\":{\"@id\":\"https:\/\/gr-100.com\/#organization\"},\"alternateName\":\"Gr-100 Bikes\",\"potentialAction\":[{\"@type\":\"SearchAction\",\"target\":{\"@type\":\"EntryPoint\",\"urlTemplate\":\"https:\/\/gr-100.com\/?s={search_term_string}\"},\"query-input\":{\"@type\":\"PropertyValueSpecification\",\"valueRequired\":true,\"valueName\":\"search_term_string\"}}],\"inLanguage\":\"en-US\"},{\"@type\":\"Organization\",\"@id\":\"https:\/\/gr-100.com\/#organization\",\"name\":\"Gr-100\",\"url\":\"https:\/\/gr-100.com\/\",\"logo\":{\"@type\":\"ImageObject\",\"inLanguage\":\"en-US\",\"@id\":\"https:\/\/gr-100.com\/#\/schema\/logo\/image\/\",\"url\":\"https:\/\/gr-100.com\/wp-content\/uploads\/2023\/08\/logo-gr-100-bikes.png\",\"contentUrl\":\"https:\/\/gr-100.com\/wp-content\/uploads\/2023\/08\/logo-gr-100-bikes.png\",\"width\":707,\"height\":284,\"caption\":\"Gr-100\"},\"image\":{\"@id\":\"https:\/\/gr-100.com\/#\/schema\/logo\/image\/\"},\"sameAs\":[\"https:\/\/www.facebook.com\/Gr100Bikes\",\"https:\/\/www.instagram.com\/gr100bikes\/\",\"https:\/\/www.tiktok.com\/@gr100bikes\",\"https:\/\/twitter.com\/gr100mtbteam\",\"https:\/\/www.youtube.com\/c\/GR100Specialized\"]}]}<\/script>\n<!-- \/ Yoast SEO Premium plugin. -->","yoast_head_json":{"title":"Oakley Sutro Lite Sweep Prizm Road Jade - GR-100","description":"GR-100 Bikes. Mejores precios sin competencia. lente curvada que hicieron popular las Eyeshade con el famoso dise\u00f1o de montura Sutro.","robots":{"index":"index","follow":"follow","max-snippet":"max-snippet:-1","max-image-preview":"max-image-preview:large","max-video-preview":"max-video-preview:-1"},"canonical":"https:\/\/gr-100.com\/producto\/oakley-sutro-lite-sweep-prizm-road-jade\/","og_locale":"en_US","og_type":"article","og_title":"Oakley Sutro Lite Sweep Prizm Road Jade","og_description":"GR-100 Bikes. Mejores precios sin competencia. lente curvada que hicieron popular las Eyeshade con el famoso dise\u00f1o de montura Sutro.","og_url":"https:\/\/gr-100.com\/producto\/oakley-sutro-lite-sweep-prizm-road-jade\/","og_site_name":"Gr-100 Tienda de ciclismo Specialized","article_publisher":"https:\/\/www.facebook.com\/Gr100Bikes","article_modified_time":"2025-09-22T13:44:20+00:00","og_image":[{"width":1000,"height":1000,"url":"https:\/\/gr-100.com\/wp-content\/uploads\/2024\/06\/Sutro-Lite-Sweep-Prizm-Road-Jade.jpg","type":"image\/jpeg"}],"twitter_card":"summary_large_image","twitter_misc":{"Est. reading time":"1 minute"},"schema":{"@context":"https:\/\/schema.org","@graph":[{"@type":"WebPage","@id":"https:\/\/gr-100.com\/producto\/oakley-sutro-lite-sweep-prizm-road-jade\/","url":"https:\/\/gr-100.com\/producto\/oakley-sutro-lite-sweep-prizm-road-jade\/","name":"Oakley Sutro Lite Sweep Prizm Road Jade - GR-100","isPartOf":{"@id":"https:\/\/gr-100.com\/#website"},"primaryImageOfPage":{"@id":"https:\/\/gr-100.com\/producto\/oakley-sutro-lite-sweep-prizm-road-jade\/#primaryimage"},"image":{"@id":"https:\/\/gr-100.com\/producto\/oakley-sutro-lite-sweep-prizm-road-jade\/#primaryimage"},"thumbnailUrl":"https:\/\/gr-100.com\/wp-content\/uploads\/2024\/06\/Sutro-Lite-Sweep-Prizm-Road-Jade.jpg","datePublished":"2024-07-01T15:17:19+00:00","dateModified":"2025-09-22T13:44:20+00:00","description":"GR-100 Bikes. Mejores precios sin competencia. lente curvada que hicieron popular las Eyeshade con el famoso dise\u00f1o de montura Sutro.","breadcrumb":{"@id":"https:\/\/gr-100.com\/producto\/oakley-sutro-lite-sweep-prizm-road-jade\/#breadcrumb"},"inLanguage":"en-US","potentialAction":[{"@type":"ReadAction","target":["https:\/\/gr-100.com\/producto\/oakley-sutro-lite-sweep-prizm-road-jade\/"]}]},{"@type":"ImageObject","inLanguage":"en-US","@id":"https:\/\/gr-100.com\/producto\/oakley-sutro-lite-sweep-prizm-road-jade\/#primaryimage","url":"https:\/\/gr-100.com\/wp-content\/uploads\/2024\/06\/Sutro-Lite-Sweep-Prizm-Road-Jade.jpg","contentUrl":"https:\/\/gr-100.com\/wp-content\/uploads\/2024\/06\/Sutro-Lite-Sweep-Prizm-Road-Jade.jpg","width":1000,"height":1000},{"@type":"BreadcrumbList","@id":"https:\/\/gr-100.com\/producto\/oakley-sutro-lite-sweep-prizm-road-jade\/#breadcrumb","itemListElement":[{"@type":"ListItem","position":1,"name":"Portada","item":"https:\/\/gr-100.com\/pt-pt\/"},{"@type":"ListItem","position":2,"name":"Productos","item":"https:\/\/gr-100.com\/?post_type=product"},{"@type":"ListItem","position":3,"name":"Oakley Sutro Lite Sweep Prizm Road Jade"}]},{"@type":"WebSite","@id":"https:\/\/gr-100.com\/#website","url":"https:\/\/gr-100.com\/","name":"Gr-100 Tienda de ciclismo Specialized","description":"GR-100 tenemos todas las gamas de bicicletas Specialized al mejor precio.","publisher":{"@id":"https:\/\/gr-100.com\/#organization"},"alternateName":"Gr-100 Bikes","potentialAction":[{"@type":"SearchAction","target":{"@type":"EntryPoint","urlTemplate":"https:\/\/gr-100.com\/?s={search_term_string}"},"query-input":{"@type":"PropertyValueSpecification","valueRequired":true,"valueName":"search_term_string"}}],"inLanguage":"en-US"},{"@type":"Organization","@id":"https:\/\/gr-100.com\/#organization","name":"Gr-100","url":"https:\/\/gr-100.com\/","logo":{"@type":"ImageObject","inLanguage":"en-US","@id":"https:\/\/gr-100.com\/#\/schema\/logo\/image\/","url":"https:\/\/gr-100.com\/wp-content\/uploads\/2023\/08\/logo-gr-100-bikes.png","contentUrl":"https:\/\/gr-100.com\/wp-content\/uploads\/2023\/08\/logo-gr-100-bikes.png","width":707,"height":284,"caption":"Gr-100"},"image":{"@id":"https:\/\/gr-100.com\/#\/schema\/logo\/image\/"},"sameAs":["https:\/\/www.facebook.com\/Gr100Bikes","https:\/\/www.instagram.com\/gr100bikes\/","https:\/\/www.tiktok.com\/@gr100bikes","https:\/\/twitter.com\/gr100mtbteam","https:\/\/www.youtube.com\/c\/GR100Specialized"]}]}},"_links":{"self":[{"href":"https:\/\/gr-100.com\/en\/wp-json\/wp\/v2\/product\/377793","targetHints":{"allow":["GET"]}}],"collection":[{"href":"https:\/\/gr-100.com\/en\/wp-json\/wp\/v2\/product"}],"about":[{"href":"https:\/\/gr-100.com\/en\/wp-json\/wp\/v2\/types\/product"}],"replies":[{"embeddable":true,"href":"https:\/\/gr-100.com\/en\/wp-json\/wp\/v2\/comments?post=377793"}],"wp:featuredmedia":[{"embeddable":true,"href":"https:\/\/gr-100.com\/en\/wp-json\/wp\/v2\/media\/362235"}],"wp:attachment":[{"href":"https:\/\/gr-100.com\/en\/wp-json\/wp\/v2\/media?parent=377793"}],"wp:term":[{"taxonomy":"product_brand","embeddable":true,"href":"https:\/\/gr-100.com\/en\/wp-json\/wp\/v2\/product_brand?post=377793"},{"taxonomy":"product_cat","embeddable":true,"href":"https:\/\/gr-100.com\/en\/wp-json\/wp\/v2\/product_cat?post=377793"},{"taxonomy":"product_tag","embeddable":true,"href":"https:\/\/gr-100.com\/en\/wp-json\/wp\/v2\/product_tag?post=377793"}],"curies":[{"name":"wp","href":"https:\/\/api.w.org\/{rel}","templated":true}]}}