{"id":377805,"date":"2024-07-01T15:17:42","date_gmt":"2024-07-01T15:17:42","guid":{"rendered":"https:\/\/nuevo.gr-100.com\/producto\/juego-de-ruedas-carbono-a-prime-disc-shimano-hg-ng\/"},"modified":"2025-09-22T15:39:52","modified_gmt":"2025-09-22T13:39:52","slug":"juego-de-ruedas-carbono-a-prime-disc-shimano-hg-ng","status":"publish","type":"product","link":"https:\/\/gr-100.com\/en\/producto\/juego-de-ruedas-carbono-a-prime-disc-shimano-hg-ng\/","title":{"rendered":"Juego de ruedas Carbono A-Prime Disc Shimano HG NG 2024"},"content":{"rendered":"<div class=\"uncode_text_column text-small\">\n<p>Con solo 10.7 vatios de resistencia al aire a 45 km\/h ofrecen un rendimiento sin precedentes. Llanta curvada y ancha que minimiza la resistencia al viento incluso con neum\u00e1ticos de 28mm. Lo m\u00e1s avanzado en tecnolog\u00eda con llantas de grafeno ultraligeras. Innovadoras y dise\u00f1adas para romper l\u00edmites y acaparar todas las miradas.<\/p>\n<\/div>\n<ul>\n<li>Medidas disponibles<br \/>\n700c<\/li>\n<li>Material llanta<br \/>\nGrafeno con fibra de Carbono T1000<\/li>\n<li>Acabado<br \/>\nSpectro con perfil AIR+PLUS<\/li>\n<li>Perfil<br \/>\n50mm<\/li>\n<li>Ancho interior<br \/>\n21mm<\/li>\n<li>Ancho exterior<br \/>\n30mm<\/li>\n<li>Compatibilidad cubiertas<br \/>\nCubierta, Tubeless Ready<\/li>\n<li>Bujes<br \/>\nNitro Ceramic Disc ROAD<\/li>\n<li>Rodamientos<br \/>\nCer\u00e1micos Coax<\/li>\n<li>Sistema de freno<br \/>\nDisc Center Lock<\/li>\n<li>Eje delantero<br \/>\n12\u00d7100<\/li>\n<li>Eje trasero<br \/>\n12\u00d7142<\/li>\n<li>N\u00facleos<br \/>\nShimano<\/li>\n<li>Radios<br \/>\nSapim Aero CX-Ray Straight Pull<\/li>\n<li>Peso (gr)<br \/>\nCubierta: 1375<\/li>\n<li>Colores<br \/>\nNegro<\/li>\n<li>Peso m\u00e1x. recomendado ciclista (kg)<br \/>\n110<\/li>\n<li>Tama\u00f1o cubierta recomendado<br \/>\n23mm a 32mm<\/li>\n<li>Incluido<br \/>\nV\u00e1lvulas UST, Fondo de llanta preinstalado, Prolongadores de v\u00e1lvula, Fundas de rueda.<\/li>\n<\/ul>\n<p>\u30fbLAS RUEDAS M\u00c1S R\u00c1PIDAS EN EL TUNEL DEL VIENTO PARA FRENO DISCO<br \/>\nDespu\u00e9s de muchas horas invertidos en dise\u00f1o y t\u00faneles de viento lo hemos logrado. Las ruedas para freno disco de 50 m\u00e1s r\u00e1pidas jam\u00e1s testado en un t\u00fanel de viento. Un juego lo m\u00e1s vers\u00e1til para monta\u00f1a y llano con rendimiento excepcional y peso pluma.<br \/>\nAerodin\u00e1mica Avanzada:<br \/>\nEficiencia aerodin\u00e1mica m\u00e1xima para un rendimiento excepcional. Llanta curvada de gran anchura que minimiza la resistencia al aire, incluso con neum\u00e1ticos de 28mm. Resistencia al aire de solo 10.7 vatios a 45 km\/h en un rango de ataque de viento entre +\/- 20 grados. Dise\u00f1o AIR+PLUS para un m\u00e1ximo control de la bicicleta con vientos lateral y r\u00e1fagas de viento. Aprovecha el viento para obtener una ventaja aerodin\u00e1mica significativa.<br \/>\nConstrucci\u00f3n de Alta Tecnolog\u00eda:<br \/>\nEl material del futuro Fibra de Carbono T1000 con Epoxi Grafeno el m\u00e1s ligero descubierto hasta el momento. Bujes Nitro cer\u00e1micos con m\u00ednima ficci\u00f3n y m\u00e1xima durabilidad. Centrado a mano con radios SAPIM Aero CX-RAY y cabecillas auto bloqueantes con tensi\u00f3n correcta en cada radio.<br \/>\nBuje Nitro:<br \/>\nUltra ligero mecanizado en aluminio 7075 con PAL-TECH Rodamientos 100% paralelos, coaxiales cer\u00e1micos de m\u00e1xima precisi\u00f3n con mayor di\u00e1metro 28mm para soportar miles de kil\u00f3metros. 3 trinquetes con 24 y opcional 36 dientes nos facilitan m\u00ednima fricci\u00f3n y enganche firme. El Nitro ofrece una relaci\u00f3n \u00fanica entre peso y durabilidad.<\/p>\n","protected":false},"excerpt":{"rendered":"<p><strong>Las ruedas m\u00e1s r\u00e1pidas<\/strong>\u00a0en t\u00faneles de viento para freno de disco perfil 50mm<\/p>\n","protected":false},"featured_media":378198,"comment_status":"closed","ping_status":"closed","template":"","meta":{"_acf_changed":false,"_et_pb_use_builder":"","_et_pb_old_content":"","_et_gb_content_width":"","inline_featured_image":false},"product_brand":[],"product_cat":[25,55,429,27],"product_tag":[],"class_list":{"0":"post-377805","1":"product","2":"type-product","3":"status-publish","4":"has-post-thumbnail","6":"product_cat-componentes","7":"product_cat-ruedas","8":"product_cat-ofertas","9":"product_cat-outlet","10":"product_shipping_class-componentes","12":"first","13":"outofstock","14":"sale","15":"taxable","16":"shipping-taxable","17":"purchasable","18":"product-type-simple"},"acf":[],"yoast_head":"<!-- This site is optimized with the Yoast SEO Premium plugin v26.7 (Yoast SEO v26.7) - https:\/\/yoast.com\/wordpress\/plugins\/seo\/ -->\n<title>Juego de ruedas Carbono A-Prime Disc Shimano HG NG 2024 GR-100<\/title>\n<meta name=\"description\" content=\"Las ruedas m\u00e1s r\u00e1pidas\u00a0en t\u00faneles de viento para freno de disco perfil 50mm. Para cubierta tubeless, nucleo Shimano HG, negras.\" \/>\n<meta name=\"robots\" content=\"index, follow, max-snippet:-1, max-image-preview:large, max-video-preview:-1\" \/>\n<link rel=\"canonical\" href=\"https:\/\/gr-100.com\/producto\/juego-de-ruedas-carbono-a-prime-disc-shimano-hg-ng\/\" \/>\n<meta property=\"og:locale\" content=\"en_US\" \/>\n<meta property=\"og:type\" content=\"article\" \/>\n<meta property=\"og:title\" content=\"Juego de ruedas Carbono A-Prime Disc Shimano HG NG 2024\" \/>\n<meta property=\"og:description\" content=\"Las ruedas m\u00e1s r\u00e1pidas\u00a0en t\u00faneles de viento para freno de disco perfil 50mm. Para cubierta tubeless, nucleo Shimano HG, negras.\" \/>\n<meta property=\"og:url\" content=\"https:\/\/gr-100.com\/producto\/juego-de-ruedas-carbono-a-prime-disc-shimano-hg-ng\/\" \/>\n<meta property=\"og:site_name\" content=\"Gr-100 Tienda de ciclismo Specialized\" \/>\n<meta property=\"article:publisher\" content=\"https:\/\/www.facebook.com\/Gr100Bikes\" \/>\n<meta property=\"article:modified_time\" content=\"2025-09-22T13:39:52+00:00\" \/>\n<meta property=\"og:image\" content=\"https:\/\/gr-100.com\/wp-content\/uploads\/2024\/07\/A-Prime-Disc-1-1000x1000-1.jpg\" \/>\n\t<meta property=\"og:image:width\" content=\"1000\" \/>\n\t<meta property=\"og:image:height\" content=\"1000\" \/>\n\t<meta property=\"og:image:type\" content=\"image\/jpeg\" \/>\n<meta name=\"twitter:card\" content=\"summary_large_image\" \/>\n<meta name=\"twitter:label1\" content=\"Est. reading time\" \/>\n\t<meta name=\"twitter:data1\" content=\"2 minutes\" \/>\n<script type=\"application\/ld+json\" class=\"yoast-schema-graph\">{\"@context\":\"https:\/\/schema.org\",\"@graph\":[{\"@type\":\"WebPage\",\"@id\":\"https:\/\/gr-100.com\/producto\/juego-de-ruedas-carbono-a-prime-disc-shimano-hg-ng\/\",\"url\":\"https:\/\/gr-100.com\/producto\/juego-de-ruedas-carbono-a-prime-disc-shimano-hg-ng\/\",\"name\":\"Juego de ruedas Carbono A-Prime Disc Shimano HG NG 2024 GR-100\",\"isPartOf\":{\"@id\":\"https:\/\/gr-100.com\/#website\"},\"primaryImageOfPage\":{\"@id\":\"https:\/\/gr-100.com\/producto\/juego-de-ruedas-carbono-a-prime-disc-shimano-hg-ng\/#primaryimage\"},\"image\":{\"@id\":\"https:\/\/gr-100.com\/producto\/juego-de-ruedas-carbono-a-prime-disc-shimano-hg-ng\/#primaryimage\"},\"thumbnailUrl\":\"https:\/\/gr-100.com\/wp-content\/uploads\/2024\/07\/A-Prime-Disc-1-1000x1000-1.jpg\",\"datePublished\":\"2024-07-01T15:17:42+00:00\",\"dateModified\":\"2025-09-22T13:39:52+00:00\",\"description\":\"Las ruedas m\u00e1s r\u00e1pidas\u00a0en t\u00faneles de viento para freno de disco perfil 50mm. Para cubierta tubeless, nucleo Shimano HG, negras.\",\"breadcrumb\":{\"@id\":\"https:\/\/gr-100.com\/producto\/juego-de-ruedas-carbono-a-prime-disc-shimano-hg-ng\/#breadcrumb\"},\"inLanguage\":\"en-US\",\"potentialAction\":[{\"@type\":\"ReadAction\",\"target\":[\"https:\/\/gr-100.com\/producto\/juego-de-ruedas-carbono-a-prime-disc-shimano-hg-ng\/\"]}]},{\"@type\":\"ImageObject\",\"inLanguage\":\"en-US\",\"@id\":\"https:\/\/gr-100.com\/producto\/juego-de-ruedas-carbono-a-prime-disc-shimano-hg-ng\/#primaryimage\",\"url\":\"https:\/\/gr-100.com\/wp-content\/uploads\/2024\/07\/A-Prime-Disc-1-1000x1000-1.jpg\",\"contentUrl\":\"https:\/\/gr-100.com\/wp-content\/uploads\/2024\/07\/A-Prime-Disc-1-1000x1000-1.jpg\",\"width\":1000,\"height\":1000},{\"@type\":\"BreadcrumbList\",\"@id\":\"https:\/\/gr-100.com\/producto\/juego-de-ruedas-carbono-a-prime-disc-shimano-hg-ng\/#breadcrumb\",\"itemListElement\":[{\"@type\":\"ListItem\",\"position\":1,\"name\":\"Portada\",\"item\":\"https:\/\/gr-100.com\/pt-pt\/\"},{\"@type\":\"ListItem\",\"position\":2,\"name\":\"Productos\",\"item\":\"https:\/\/gr-100.com\/?post_type=product\"},{\"@type\":\"ListItem\",\"position\":3,\"name\":\"Juego de ruedas Carbono A-Prime Disc Shimano HG NG 2024\"}]},{\"@type\":\"WebSite\",\"@id\":\"https:\/\/gr-100.com\/#website\",\"url\":\"https:\/\/gr-100.com\/\",\"name\":\"Gr-100 Tienda de ciclismo Specialized\",\"description\":\"GR-100 tenemos todas las gamas de bicicletas Specialized al mejor precio.\",\"publisher\":{\"@id\":\"https:\/\/gr-100.com\/#organization\"},\"alternateName\":\"Gr-100 Bikes\",\"potentialAction\":[{\"@type\":\"SearchAction\",\"target\":{\"@type\":\"EntryPoint\",\"urlTemplate\":\"https:\/\/gr-100.com\/?s={search_term_string}\"},\"query-input\":{\"@type\":\"PropertyValueSpecification\",\"valueRequired\":true,\"valueName\":\"search_term_string\"}}],\"inLanguage\":\"en-US\"},{\"@type\":\"Organization\",\"@id\":\"https:\/\/gr-100.com\/#organization\",\"name\":\"Gr-100\",\"url\":\"https:\/\/gr-100.com\/\",\"logo\":{\"@type\":\"ImageObject\",\"inLanguage\":\"en-US\",\"@id\":\"https:\/\/gr-100.com\/#\/schema\/logo\/image\/\",\"url\":\"https:\/\/gr-100.com\/wp-content\/uploads\/2023\/08\/logo-gr-100-bikes.png\",\"contentUrl\":\"https:\/\/gr-100.com\/wp-content\/uploads\/2023\/08\/logo-gr-100-bikes.png\",\"width\":707,\"height\":284,\"caption\":\"Gr-100\"},\"image\":{\"@id\":\"https:\/\/gr-100.com\/#\/schema\/logo\/image\/\"},\"sameAs\":[\"https:\/\/www.facebook.com\/Gr100Bikes\",\"https:\/\/www.instagram.com\/gr100bikes\/\",\"https:\/\/www.tiktok.com\/@gr100bikes\",\"https:\/\/twitter.com\/gr100mtbteam\",\"https:\/\/www.youtube.com\/c\/GR100Specialized\"]}]}<\/script>\n<!-- \/ Yoast SEO Premium plugin. -->","yoast_head_json":{"title":"Juego de ruedas Carbono A-Prime Disc Shimano HG NG 2024 GR-100","description":"Las ruedas m\u00e1s r\u00e1pidas\u00a0en t\u00faneles de viento para freno de disco perfil 50mm. Para cubierta tubeless, nucleo Shimano HG, negras.","robots":{"index":"index","follow":"follow","max-snippet":"max-snippet:-1","max-image-preview":"max-image-preview:large","max-video-preview":"max-video-preview:-1"},"canonical":"https:\/\/gr-100.com\/producto\/juego-de-ruedas-carbono-a-prime-disc-shimano-hg-ng\/","og_locale":"en_US","og_type":"article","og_title":"Juego de ruedas Carbono A-Prime Disc Shimano HG NG 2024","og_description":"Las ruedas m\u00e1s r\u00e1pidas\u00a0en t\u00faneles de viento para freno de disco perfil 50mm. Para cubierta tubeless, nucleo Shimano HG, negras.","og_url":"https:\/\/gr-100.com\/producto\/juego-de-ruedas-carbono-a-prime-disc-shimano-hg-ng\/","og_site_name":"Gr-100 Tienda de ciclismo Specialized","article_publisher":"https:\/\/www.facebook.com\/Gr100Bikes","article_modified_time":"2025-09-22T13:39:52+00:00","og_image":[{"width":1000,"height":1000,"url":"https:\/\/gr-100.com\/wp-content\/uploads\/2024\/07\/A-Prime-Disc-1-1000x1000-1.jpg","type":"image\/jpeg"}],"twitter_card":"summary_large_image","twitter_misc":{"Est. reading time":"2 minutes"},"schema":{"@context":"https:\/\/schema.org","@graph":[{"@type":"WebPage","@id":"https:\/\/gr-100.com\/producto\/juego-de-ruedas-carbono-a-prime-disc-shimano-hg-ng\/","url":"https:\/\/gr-100.com\/producto\/juego-de-ruedas-carbono-a-prime-disc-shimano-hg-ng\/","name":"Juego de ruedas Carbono A-Prime Disc Shimano HG NG 2024 GR-100","isPartOf":{"@id":"https:\/\/gr-100.com\/#website"},"primaryImageOfPage":{"@id":"https:\/\/gr-100.com\/producto\/juego-de-ruedas-carbono-a-prime-disc-shimano-hg-ng\/#primaryimage"},"image":{"@id":"https:\/\/gr-100.com\/producto\/juego-de-ruedas-carbono-a-prime-disc-shimano-hg-ng\/#primaryimage"},"thumbnailUrl":"https:\/\/gr-100.com\/wp-content\/uploads\/2024\/07\/A-Prime-Disc-1-1000x1000-1.jpg","datePublished":"2024-07-01T15:17:42+00:00","dateModified":"2025-09-22T13:39:52+00:00","description":"Las ruedas m\u00e1s r\u00e1pidas\u00a0en t\u00faneles de viento para freno de disco perfil 50mm. Para cubierta tubeless, nucleo Shimano HG, negras.","breadcrumb":{"@id":"https:\/\/gr-100.com\/producto\/juego-de-ruedas-carbono-a-prime-disc-shimano-hg-ng\/#breadcrumb"},"inLanguage":"en-US","potentialAction":[{"@type":"ReadAction","target":["https:\/\/gr-100.com\/producto\/juego-de-ruedas-carbono-a-prime-disc-shimano-hg-ng\/"]}]},{"@type":"ImageObject","inLanguage":"en-US","@id":"https:\/\/gr-100.com\/producto\/juego-de-ruedas-carbono-a-prime-disc-shimano-hg-ng\/#primaryimage","url":"https:\/\/gr-100.com\/wp-content\/uploads\/2024\/07\/A-Prime-Disc-1-1000x1000-1.jpg","contentUrl":"https:\/\/gr-100.com\/wp-content\/uploads\/2024\/07\/A-Prime-Disc-1-1000x1000-1.jpg","width":1000,"height":1000},{"@type":"BreadcrumbList","@id":"https:\/\/gr-100.com\/producto\/juego-de-ruedas-carbono-a-prime-disc-shimano-hg-ng\/#breadcrumb","itemListElement":[{"@type":"ListItem","position":1,"name":"Portada","item":"https:\/\/gr-100.com\/pt-pt\/"},{"@type":"ListItem","position":2,"name":"Productos","item":"https:\/\/gr-100.com\/?post_type=product"},{"@type":"ListItem","position":3,"name":"Juego de ruedas Carbono A-Prime Disc Shimano HG NG 2024"}]},{"@type":"WebSite","@id":"https:\/\/gr-100.com\/#website","url":"https:\/\/gr-100.com\/","name":"Gr-100 Tienda de ciclismo Specialized","description":"GR-100 tenemos todas las gamas de bicicletas Specialized al mejor precio.","publisher":{"@id":"https:\/\/gr-100.com\/#organization"},"alternateName":"Gr-100 Bikes","potentialAction":[{"@type":"SearchAction","target":{"@type":"EntryPoint","urlTemplate":"https:\/\/gr-100.com\/?s={search_term_string}"},"query-input":{"@type":"PropertyValueSpecification","valueRequired":true,"valueName":"search_term_string"}}],"inLanguage":"en-US"},{"@type":"Organization","@id":"https:\/\/gr-100.com\/#organization","name":"Gr-100","url":"https:\/\/gr-100.com\/","logo":{"@type":"ImageObject","inLanguage":"en-US","@id":"https:\/\/gr-100.com\/#\/schema\/logo\/image\/","url":"https:\/\/gr-100.com\/wp-content\/uploads\/2023\/08\/logo-gr-100-bikes.png","contentUrl":"https:\/\/gr-100.com\/wp-content\/uploads\/2023\/08\/logo-gr-100-bikes.png","width":707,"height":284,"caption":"Gr-100"},"image":{"@id":"https:\/\/gr-100.com\/#\/schema\/logo\/image\/"},"sameAs":["https:\/\/www.facebook.com\/Gr100Bikes","https:\/\/www.instagram.com\/gr100bikes\/","https:\/\/www.tiktok.com\/@gr100bikes","https:\/\/twitter.com\/gr100mtbteam","https:\/\/www.youtube.com\/c\/GR100Specialized"]}]}},"_links":{"self":[{"href":"https:\/\/gr-100.com\/en\/wp-json\/wp\/v2\/product\/377805","targetHints":{"allow":["GET"]}}],"collection":[{"href":"https:\/\/gr-100.com\/en\/wp-json\/wp\/v2\/product"}],"about":[{"href":"https:\/\/gr-100.com\/en\/wp-json\/wp\/v2\/types\/product"}],"replies":[{"embeddable":true,"href":"https:\/\/gr-100.com\/en\/wp-json\/wp\/v2\/comments?post=377805"}],"wp:featuredmedia":[{"embeddable":true,"href":"https:\/\/gr-100.com\/en\/wp-json\/wp\/v2\/media\/378198"}],"wp:attachment":[{"href":"https:\/\/gr-100.com\/en\/wp-json\/wp\/v2\/media?parent=377805"}],"wp:term":[{"taxonomy":"product_brand","embeddable":true,"href":"https:\/\/gr-100.com\/en\/wp-json\/wp\/v2\/product_brand?post=377805"},{"taxonomy":"product_cat","embeddable":true,"href":"https:\/\/gr-100.com\/en\/wp-json\/wp\/v2\/product_cat?post=377805"},{"taxonomy":"product_tag","embeddable":true,"href":"https:\/\/gr-100.com\/en\/wp-json\/wp\/v2\/product_tag?post=377805"}],"curies":[{"name":"wp","href":"https:\/\/api.w.org\/{rel}","templated":true}]}}