{"id":378472,"date":"2024-07-10T15:10:51","date_gmt":"2024-07-10T15:10:51","guid":{"rendered":"https:\/\/gr-100.com\/?post_type=product&#038;p=378472"},"modified":"2025-09-22T15:14:14","modified_gmt":"2025-09-22T13:14:14","slug":"juego-roval-traverse-sl-ii-350-6b-carbono","status":"publish","type":"product","link":"https:\/\/gr-100.com\/en\/producto\/juego-roval-traverse-sl-ii-350-6b-carbono\/","title":{"rendered":"Juego Roval Traverse SL II 350 6B Carbono"},"content":{"rendered":"<ul>\n<li><strong>M\u00c1S C\u00d3MODO ES M\u00c1S R\u00c1PIDO:<\/strong> Los ciclistas de trail que aprecian un manejo \u00e1gil quedar\u00e1n asombrados por el control, la relaci\u00f3n resistencia-peso y la resistencia a los pinchazos de la Traverse SL II, caracter\u00edsticas l\u00edderes en su categor\u00eda.<\/li>\n<li><strong>M\u00c1S LIGERA:<\/strong> Con 1.751 gramos, esta es nuestra rueda de trail m\u00e1s ligera.<\/li>\n<li><strong>M\u00c1S RESISTENTE:<\/strong> Las llantas espec\u00edficas delantera y trasera con un laminado de carbono optimizado para mejorar la resistencia y el peso ofrecen un 15% m\u00e1s de resistencia a la rueda delantera y un 25% m\u00e1s de resistencia a la rueda trasera que el modelo anterior Traverse SL.<\/li>\n<li><strong>COMODIDAD VERTICAL:<\/strong> Un 21% m\u00e1s de comodidad vertical que la anterior Traverse SL (gracias al dise\u00f1o de perfil bajo de la llanta y al compuesto espec\u00edfico delantero\/trasero) que permite una mejor adaptaci\u00f3n al terreno y un mayor control de la absorci\u00f3n de la fuerza de los baches.<\/li>\n<li><strong>TRACCI\u00d3N MONSTRUOSA:<\/strong> La forma de la llanta se ha dise\u00f1ado de manera intencionada para que flexione, mejorando as\u00ed el apoyo y la tracci\u00f3n y aumentando la confianza y el control.<\/li>\n<li><strong>VIDA DURA, LARGA VIDA:<\/strong> La asimetr\u00eda de la llanta permite una tensi\u00f3n equilibrada de los radios para mejorar la vida \u00fatil.<\/li>\n<li><strong>SAYONARA PINCHAZOS:<\/strong> El perfil optimizado de la pared &#8220;Flat Top&#8221; requiere un 85% m\u00e1s de fuerza para pinchar en comparaci\u00f3n con una pared redonda est\u00e1ndar, eliminando virtualmente las &#8220;mordeduras de serpiente&#8221;<\/li>\n<li><strong>NUEVA V\u00c1LVULA:<\/strong> Gracias a nuestro genial ingeniero Chuck Teixeira por inventar la &#8220;Roval ThreadBed Valve&#8221; &#8211; una v\u00e1lvula que se enrosca directamente en la llanta eliminando las tuercas de compresi\u00f3n, la p\u00e9rdida de aire por la flexi\u00f3n de la llanta, facilita el montaje del neum\u00e1tico, y reduce los atascos generados por el l\u00edquido sellante.<\/li>\n<li><strong>GARANT\u00cdA DE POR VIDA:<\/strong> En ruedas Roval cuando se registran dentro de los primeros 90 d\u00edas de la compra.<\/li>\n<\/ul>\n<p>&nbsp;<\/p>\n<ul>\n<li>Aro: Traverse SL II asim\u00e9trico, carbono, Delantero: 29&#8243; &#8211; Trasero: 29&#8221;, Freno de Disco, Dise\u00f1o &#8216;hookless&#8217; de pared plana, compatible con tubeless, compatible con mousse, compatible con nueva v\u00e1lvula Roval.<\/li>\n<li>Detalles de llanta: 20mm de profundidad, 40mm de Ancho Externo, Ancho interno de 30mm, 5mm de ancho de pared, v\u00e1lvula roscada de 37mm<\/li>\n<li>Buje: DT Swiss 350 J-Bend 6-tornillos, Ratchet EXP 36t internals (10 degs) , 110x15mm &amp; 148x12mm, Sram XD Freehub (Convertible freehub )<\/li>\n<li>Tipo de rodamientos: DT Swiss de cartucho sellados de acero.<\/li>\n<li>Radios: DT Swiss Aerolite J-Bend, 29: Delante: Two-cross (1:1) 28 , R: 286, L: 283 &#8211; Detr\u00e1s: Two-cross (1:1) 28 count, DS: 285mm NDS: 283mm<\/li>\n<li>Cabecillas: DT Swiss, Pro Lock Hexagonal, Alloy, 14G, 14mm<\/li>\n<li>Tama\u00f1o de Neum\u00e1tico: 2.3&#8243; &#8211; 2.6&#8243; &#8211; M\u00e1xima Presi\u00f3n: 2.3-2.6&#8221;: 40 psi<\/li>\n<li>Peso: Juego 1,751g, Delantera 807g, Trasera 944g (Incluye cinta de tubeless y v\u00e1lvula)<\/li>\n<li>Montadas a mano.<\/li>\n<li>Extras: Cinta para Tubeless Roval, V\u00e1lvula roscada de 37mm (compatible con mousse), kit de repuesto de cabecillas y radios, adaptadores DT de 31mm DT, l\u00edmite de peso: 125kg<\/li>\n<\/ul>\n","protected":false},"excerpt":{"rendered":"<p>Los ciclistas de trail que aprecian un manejo \u00e1gil quedar\u00e1n asombrados por el control, la relaci\u00f3n resistencia-peso y la resistencia a los pinchazos de la Traverse SL II, caracter\u00edsticas l\u00edderes en su categor\u00eda.<\/p>\n","protected":false},"featured_media":378473,"comment_status":"closed","ping_status":"closed","template":"","meta":{"_acf_changed":false,"_et_pb_use_builder":"","_et_pb_old_content":"","_et_gb_content_width":"","inline_featured_image":false},"product_brand":[],"product_cat":[25,55],"product_tag":[],"class_list":{"0":"post-378472","1":"product","2":"type-product","3":"status-publish","4":"has-post-thumbnail","6":"product_cat-componentes","7":"product_cat-ruedas","8":"product_shipping_class-componentes","10":"first","11":"outofstock","12":"sale","13":"taxable","14":"shipping-taxable","15":"purchasable","16":"product-type-simple"},"acf":[],"yoast_head":"<!-- This site is optimized with the Yoast SEO Premium plugin v26.7 (Yoast SEO v26.7) - https:\/\/yoast.com\/wordpress\/plugins\/seo\/ -->\n<title>Juego Roval Traverse SL II 350 6B Carbono Oferta GR-100<\/title>\n<meta name=\"description\" content=\"Ciclistas que aprecian un manejo \u00e1gil quedar\u00e1n asombrados por el control, la relaci\u00f3n resistencia-peso y la resistencia a los pinchazos de la Traverse SL II\" \/>\n<meta name=\"robots\" content=\"index, follow, max-snippet:-1, max-image-preview:large, max-video-preview:-1\" \/>\n<link rel=\"canonical\" href=\"https:\/\/gr-100.com\/producto\/juego-roval-traverse-sl-ii-350-6b-carbono\/\" \/>\n<meta property=\"og:locale\" content=\"en_US\" \/>\n<meta property=\"og:type\" content=\"article\" \/>\n<meta property=\"og:title\" content=\"Juego Roval Traverse SL II 350 6B Carbono\" \/>\n<meta property=\"og:description\" content=\"Ciclistas que aprecian un manejo \u00e1gil quedar\u00e1n asombrados por el control, la relaci\u00f3n resistencia-peso y la resistencia a los pinchazos de la Traverse SL II\" \/>\n<meta property=\"og:url\" content=\"https:\/\/gr-100.com\/producto\/juego-roval-traverse-sl-ii-350-6b-carbono\/\" \/>\n<meta property=\"og:site_name\" content=\"Gr-100 Tienda de ciclismo Specialized\" \/>\n<meta property=\"article:publisher\" content=\"https:\/\/www.facebook.com\/Gr100Bikes\" \/>\n<meta property=\"article:modified_time\" content=\"2025-09-22T13:14:14+00:00\" \/>\n<meta property=\"og:image\" content=\"https:\/\/gr-100.com\/wp-content\/uploads\/2024\/07\/Roval-Traverse-SL-II-350-6B-2024-1.jpg\" \/>\n\t<meta property=\"og:image:width\" content=\"1000\" \/>\n\t<meta property=\"og:image:height\" content=\"1000\" \/>\n\t<meta property=\"og:image:type\" content=\"image\/jpeg\" \/>\n<meta name=\"twitter:card\" content=\"summary_large_image\" \/>\n<meta name=\"twitter:label1\" content=\"Est. reading time\" \/>\n\t<meta name=\"twitter:data1\" content=\"3 minutes\" \/>\n<script type=\"application\/ld+json\" class=\"yoast-schema-graph\">{\"@context\":\"https:\/\/schema.org\",\"@graph\":[{\"@type\":\"WebPage\",\"@id\":\"https:\/\/gr-100.com\/producto\/juego-roval-traverse-sl-ii-350-6b-carbono\/\",\"url\":\"https:\/\/gr-100.com\/producto\/juego-roval-traverse-sl-ii-350-6b-carbono\/\",\"name\":\"Juego Roval Traverse SL II 350 6B Carbono Oferta GR-100\",\"isPartOf\":{\"@id\":\"https:\/\/gr-100.com\/#website\"},\"primaryImageOfPage\":{\"@id\":\"https:\/\/gr-100.com\/producto\/juego-roval-traverse-sl-ii-350-6b-carbono\/#primaryimage\"},\"image\":{\"@id\":\"https:\/\/gr-100.com\/producto\/juego-roval-traverse-sl-ii-350-6b-carbono\/#primaryimage\"},\"thumbnailUrl\":\"https:\/\/gr-100.com\/wp-content\/uploads\/2024\/07\/Roval-Traverse-SL-II-350-6B-2024-1.jpg\",\"datePublished\":\"2024-07-10T15:10:51+00:00\",\"dateModified\":\"2025-09-22T13:14:14+00:00\",\"description\":\"Ciclistas que aprecian un manejo \u00e1gil quedar\u00e1n asombrados por el control, la relaci\u00f3n resistencia-peso y la resistencia a los pinchazos de la Traverse SL II\",\"breadcrumb\":{\"@id\":\"https:\/\/gr-100.com\/producto\/juego-roval-traverse-sl-ii-350-6b-carbono\/#breadcrumb\"},\"inLanguage\":\"en-US\",\"potentialAction\":[{\"@type\":\"ReadAction\",\"target\":[\"https:\/\/gr-100.com\/producto\/juego-roval-traverse-sl-ii-350-6b-carbono\/\"]}]},{\"@type\":\"ImageObject\",\"inLanguage\":\"en-US\",\"@id\":\"https:\/\/gr-100.com\/producto\/juego-roval-traverse-sl-ii-350-6b-carbono\/#primaryimage\",\"url\":\"https:\/\/gr-100.com\/wp-content\/uploads\/2024\/07\/Roval-Traverse-SL-II-350-6B-2024-1.jpg\",\"contentUrl\":\"https:\/\/gr-100.com\/wp-content\/uploads\/2024\/07\/Roval-Traverse-SL-II-350-6B-2024-1.jpg\",\"width\":1000,\"height\":1000},{\"@type\":\"BreadcrumbList\",\"@id\":\"https:\/\/gr-100.com\/producto\/juego-roval-traverse-sl-ii-350-6b-carbono\/#breadcrumb\",\"itemListElement\":[{\"@type\":\"ListItem\",\"position\":1,\"name\":\"Portada\",\"item\":\"https:\/\/gr-100.com\/pt-pt\/\"},{\"@type\":\"ListItem\",\"position\":2,\"name\":\"Productos\",\"item\":\"https:\/\/gr-100.com\/?post_type=product\"},{\"@type\":\"ListItem\",\"position\":3,\"name\":\"Juego Roval Traverse SL II 350 6B Carbono\"}]},{\"@type\":\"WebSite\",\"@id\":\"https:\/\/gr-100.com\/#website\",\"url\":\"https:\/\/gr-100.com\/\",\"name\":\"Gr-100 Tienda de ciclismo Specialized\",\"description\":\"GR-100 tenemos todas las gamas de bicicletas Specialized al mejor precio.\",\"publisher\":{\"@id\":\"https:\/\/gr-100.com\/#organization\"},\"alternateName\":\"Gr-100 Bikes\",\"potentialAction\":[{\"@type\":\"SearchAction\",\"target\":{\"@type\":\"EntryPoint\",\"urlTemplate\":\"https:\/\/gr-100.com\/?s={search_term_string}\"},\"query-input\":{\"@type\":\"PropertyValueSpecification\",\"valueRequired\":true,\"valueName\":\"search_term_string\"}}],\"inLanguage\":\"en-US\"},{\"@type\":\"Organization\",\"@id\":\"https:\/\/gr-100.com\/#organization\",\"name\":\"Gr-100\",\"url\":\"https:\/\/gr-100.com\/\",\"logo\":{\"@type\":\"ImageObject\",\"inLanguage\":\"en-US\",\"@id\":\"https:\/\/gr-100.com\/#\/schema\/logo\/image\/\",\"url\":\"https:\/\/gr-100.com\/wp-content\/uploads\/2023\/08\/logo-gr-100-bikes.png\",\"contentUrl\":\"https:\/\/gr-100.com\/wp-content\/uploads\/2023\/08\/logo-gr-100-bikes.png\",\"width\":707,\"height\":284,\"caption\":\"Gr-100\"},\"image\":{\"@id\":\"https:\/\/gr-100.com\/#\/schema\/logo\/image\/\"},\"sameAs\":[\"https:\/\/www.facebook.com\/Gr100Bikes\",\"https:\/\/www.instagram.com\/gr100bikes\/\",\"https:\/\/www.tiktok.com\/@gr100bikes\",\"https:\/\/twitter.com\/gr100mtbteam\",\"https:\/\/www.youtube.com\/c\/GR100Specialized\"]}]}<\/script>\n<!-- \/ Yoast SEO Premium plugin. -->","yoast_head_json":{"title":"Juego Roval Traverse SL II 350 6B Carbono Oferta GR-100","description":"Ciclistas que aprecian un manejo \u00e1gil quedar\u00e1n asombrados por el control, la relaci\u00f3n resistencia-peso y la resistencia a los pinchazos de la Traverse SL II","robots":{"index":"index","follow":"follow","max-snippet":"max-snippet:-1","max-image-preview":"max-image-preview:large","max-video-preview":"max-video-preview:-1"},"canonical":"https:\/\/gr-100.com\/producto\/juego-roval-traverse-sl-ii-350-6b-carbono\/","og_locale":"en_US","og_type":"article","og_title":"Juego Roval Traverse SL II 350 6B Carbono","og_description":"Ciclistas que aprecian un manejo \u00e1gil quedar\u00e1n asombrados por el control, la relaci\u00f3n resistencia-peso y la resistencia a los pinchazos de la Traverse SL II","og_url":"https:\/\/gr-100.com\/producto\/juego-roval-traverse-sl-ii-350-6b-carbono\/","og_site_name":"Gr-100 Tienda de ciclismo Specialized","article_publisher":"https:\/\/www.facebook.com\/Gr100Bikes","article_modified_time":"2025-09-22T13:14:14+00:00","og_image":[{"width":1000,"height":1000,"url":"https:\/\/gr-100.com\/wp-content\/uploads\/2024\/07\/Roval-Traverse-SL-II-350-6B-2024-1.jpg","type":"image\/jpeg"}],"twitter_card":"summary_large_image","twitter_misc":{"Est. reading time":"3 minutes"},"schema":{"@context":"https:\/\/schema.org","@graph":[{"@type":"WebPage","@id":"https:\/\/gr-100.com\/producto\/juego-roval-traverse-sl-ii-350-6b-carbono\/","url":"https:\/\/gr-100.com\/producto\/juego-roval-traverse-sl-ii-350-6b-carbono\/","name":"Juego Roval Traverse SL II 350 6B Carbono Oferta GR-100","isPartOf":{"@id":"https:\/\/gr-100.com\/#website"},"primaryImageOfPage":{"@id":"https:\/\/gr-100.com\/producto\/juego-roval-traverse-sl-ii-350-6b-carbono\/#primaryimage"},"image":{"@id":"https:\/\/gr-100.com\/producto\/juego-roval-traverse-sl-ii-350-6b-carbono\/#primaryimage"},"thumbnailUrl":"https:\/\/gr-100.com\/wp-content\/uploads\/2024\/07\/Roval-Traverse-SL-II-350-6B-2024-1.jpg","datePublished":"2024-07-10T15:10:51+00:00","dateModified":"2025-09-22T13:14:14+00:00","description":"Ciclistas que aprecian un manejo \u00e1gil quedar\u00e1n asombrados por el control, la relaci\u00f3n resistencia-peso y la resistencia a los pinchazos de la Traverse SL II","breadcrumb":{"@id":"https:\/\/gr-100.com\/producto\/juego-roval-traverse-sl-ii-350-6b-carbono\/#breadcrumb"},"inLanguage":"en-US","potentialAction":[{"@type":"ReadAction","target":["https:\/\/gr-100.com\/producto\/juego-roval-traverse-sl-ii-350-6b-carbono\/"]}]},{"@type":"ImageObject","inLanguage":"en-US","@id":"https:\/\/gr-100.com\/producto\/juego-roval-traverse-sl-ii-350-6b-carbono\/#primaryimage","url":"https:\/\/gr-100.com\/wp-content\/uploads\/2024\/07\/Roval-Traverse-SL-II-350-6B-2024-1.jpg","contentUrl":"https:\/\/gr-100.com\/wp-content\/uploads\/2024\/07\/Roval-Traverse-SL-II-350-6B-2024-1.jpg","width":1000,"height":1000},{"@type":"BreadcrumbList","@id":"https:\/\/gr-100.com\/producto\/juego-roval-traverse-sl-ii-350-6b-carbono\/#breadcrumb","itemListElement":[{"@type":"ListItem","position":1,"name":"Portada","item":"https:\/\/gr-100.com\/pt-pt\/"},{"@type":"ListItem","position":2,"name":"Productos","item":"https:\/\/gr-100.com\/?post_type=product"},{"@type":"ListItem","position":3,"name":"Juego Roval Traverse SL II 350 6B Carbono"}]},{"@type":"WebSite","@id":"https:\/\/gr-100.com\/#website","url":"https:\/\/gr-100.com\/","name":"Gr-100 Tienda de ciclismo Specialized","description":"GR-100 tenemos todas las gamas de bicicletas Specialized al mejor precio.","publisher":{"@id":"https:\/\/gr-100.com\/#organization"},"alternateName":"Gr-100 Bikes","potentialAction":[{"@type":"SearchAction","target":{"@type":"EntryPoint","urlTemplate":"https:\/\/gr-100.com\/?s={search_term_string}"},"query-input":{"@type":"PropertyValueSpecification","valueRequired":true,"valueName":"search_term_string"}}],"inLanguage":"en-US"},{"@type":"Organization","@id":"https:\/\/gr-100.com\/#organization","name":"Gr-100","url":"https:\/\/gr-100.com\/","logo":{"@type":"ImageObject","inLanguage":"en-US","@id":"https:\/\/gr-100.com\/#\/schema\/logo\/image\/","url":"https:\/\/gr-100.com\/wp-content\/uploads\/2023\/08\/logo-gr-100-bikes.png","contentUrl":"https:\/\/gr-100.com\/wp-content\/uploads\/2023\/08\/logo-gr-100-bikes.png","width":707,"height":284,"caption":"Gr-100"},"image":{"@id":"https:\/\/gr-100.com\/#\/schema\/logo\/image\/"},"sameAs":["https:\/\/www.facebook.com\/Gr100Bikes","https:\/\/www.instagram.com\/gr100bikes\/","https:\/\/www.tiktok.com\/@gr100bikes","https:\/\/twitter.com\/gr100mtbteam","https:\/\/www.youtube.com\/c\/GR100Specialized"]}]}},"_links":{"self":[{"href":"https:\/\/gr-100.com\/en\/wp-json\/wp\/v2\/product\/378472","targetHints":{"allow":["GET"]}}],"collection":[{"href":"https:\/\/gr-100.com\/en\/wp-json\/wp\/v2\/product"}],"about":[{"href":"https:\/\/gr-100.com\/en\/wp-json\/wp\/v2\/types\/product"}],"replies":[{"embeddable":true,"href":"https:\/\/gr-100.com\/en\/wp-json\/wp\/v2\/comments?post=378472"}],"wp:featuredmedia":[{"embeddable":true,"href":"https:\/\/gr-100.com\/en\/wp-json\/wp\/v2\/media\/378473"}],"wp:attachment":[{"href":"https:\/\/gr-100.com\/en\/wp-json\/wp\/v2\/media?parent=378472"}],"wp:term":[{"taxonomy":"product_brand","embeddable":true,"href":"https:\/\/gr-100.com\/en\/wp-json\/wp\/v2\/product_brand?post=378472"},{"taxonomy":"product_cat","embeddable":true,"href":"https:\/\/gr-100.com\/en\/wp-json\/wp\/v2\/product_cat?post=378472"},{"taxonomy":"product_tag","embeddable":true,"href":"https:\/\/gr-100.com\/en\/wp-json\/wp\/v2\/product_tag?post=378472"}],"curies":[{"name":"wp","href":"https:\/\/api.w.org\/{rel}","templated":true}]}}