{"id":379722,"date":"2024-08-02T11:59:29","date_gmt":"2024-08-02T09:59:29","guid":{"rendered":"https:\/\/gr-100.com\/producto\/specialized-stumpjumper-15-ohlins-coil-2025\/"},"modified":"2025-09-22T16:16:16","modified_gmt":"2025-09-22T14:16:16","slug":"specialized-stumpjumper-15-ohlins-coil-2025","status":"publish","type":"product","link":"https:\/\/gr-100.com\/en\/producto\/specialized-stumpjumper-15-ohlins-coil-2025\/","title":{"rendered":"Specialized Stumpjumper 15 \u00d6hlins Coil 2025"},"content":{"rendered":"<p><strong>PERFECTED KINEMATICS:<\/strong> As the quintessential trail bike, the Stumpjumper 15 balances efficiency and optimal bump force management.<br \/>\nFor the Stumpjumper 15&#8217;s anti-squat, we found a balance between the previous Stumpjumper and the Stumpjumper EVO, as both had excellent pedaling characteristics. <strong>ADJUSTED GEOMETRY:<\/strong> The geometry of this bike offers the capability of a big bike when you need it, a nimble feel in playful sections, and a firm and efficient pedaling.<br \/>\nThe generous cockpit focuses you on the bike, optimizing traction and cornering control.<br \/>\nThe low bottom bracket, the angled head tube and the optimized fork offset maintain stability on rough terrain. <strong>RIDE YOUR WAY:<\/strong> The Stumpjumper 15 seamlessly integrates the geometric reference fit, making it the most customizable trail bike ever.<br \/>\nSix different geometric settings allow you to fine-tune performance for any style, any terrain.<br \/>\nThe steering angle and bottom bracket can be adjusted for stability or clearance. <strong>FORM FOLLOWS FUN:<\/strong> We can make a painting as rigid as we want, but perhaps it is not the most appropriate.<br \/>\nTo be one with the bike, the frame needs to meet engineering requirements.<br \/>\nWe designed the FACT 11M carbon frame \u2013 the front end, shock and the connection between them \u2013 as a single unit that achieves the stiffness target we set for trail riding. <strong>WHEEL SIZE:<\/strong> All models with spring suspension come with mixed wheels. <strong>WHEELS FOR EVERYONE:<\/strong> With our aftermarket shock mounts, you can choose between large front and rear wheels or mix things up with a 27.5&#8243; rear for a more responsive and playful ride.<br \/>\nNo matter what you ride, the geometry is not affected. <strong>TAKE IT ALL:<\/strong> SWAT 4.0 on the Stumpjumper 15 increases storage in the down tube, an innovation we pioneered.<br \/>\nIt is the most weather-resistant storage system. <strong>MORE RELIABLE THAN YOU:<\/strong> Our full-suspension bikes are built to be relentless, designed to withstand years of hard pedaling, and backed by the best support and policies to keep you on the trails.<br \/>\nOur unbeatable no-questions-asked lifetime warranty on shock bearings to the original owner is just one of the ways we&#8217;ve got you covered.            <\/p>\n<ul>\n<li>FACT 11M ultralight carbon frame<\/li>\n<li>Roval Traverse wheels with DT Swiss 370 hubs<\/li>\n<li>\u00d6hlins TTX 22 M premium suspension from Ride Dynamics<\/li>\n<li>\u00d6hlins RXF38 M.2 29 160mm fork<\/li>\n<li>SRAM GX Eagle AXS T-Type drivetrain<\/li>\n<li>Powerful 4-piston TRP DH-R EVO brakes<\/li>\n<li>Adjustable dropper post PNW LOAM<\/li>\n<li>Lifetime warranty for the first buyer of the suspension system bearings<\/li>\n<li>Compatible with electronic transmissions only<\/li>\n<\/ul>\n<p><strong>Specs<\/strong><\/p>\n<ul>\n<li>SWAT SWAT 4.0 internal downtube storage<\/li>\n<li>FACT 11m carbon chassis and rear-end, Trail Geometry, SWAT\u2122 Door integration, head tube angle adjustment, threaded BB, internal brake and dropper cable routing, 12x148mm dropouts, sealed cartridge bearing pivots, SRAM UDH compatible, 145mm of travel<\/li>\n<li>HUG.<br \/>\nSADDLE Alloy, 38.6mm <\/li>\n<li>FORK \u00d6hlins RXF38 M.2 29, TTX Twin Tube Damping, external low speed rebound adjust, external high and low speed compression adjustment, 15x110mm, 44mm offset, 160mm of travel<\/li>\n<li>SHOCK ABSORBER \u00d6hlins TTX 22 M Coil, Ride Dynamics trail tune, external rebound adjust, external high and low speed compression adjustment, 210&#215;55, S2: 434lbs, S3: 480lbs, S4: 525lbs, S5: 571lbs, S6: 605lbs<\/li>\n<li>Bridge Comp SADDLE, Hollow Cr-mo rails, S1-S2: 155mm, S3-S6: 143mm<\/li>\n<li>STEM Deity, 35mm clamp, 35mm length<\/li>\n<li>Diety Grips, Supracush, Black<\/li>\n<li>DEITY HANDLEBAR, Racepoint, 5-degree upsweep, 9-degree backsweep, 810 width, S2: 25mm rise; S3-S6: 38mm rise<\/li>\n<li>PNW SEATPOST Loam Dropper, tool-less travel adjust, Range lever, 34.9, S2: 150mm, S3: 170mm, S4-S6: 200mm<\/li>\n<li>FRONT BRAKE TRP DH-R EVO, 4-piston caliper, hydraulic disc, 220mm<\/li>\n<li>REAR BRAKE TRP DH-R EVO, 4-piston caliper, hydraulic disc, 203mm<\/li>\n<li>CADENA SRAM GX Eagle Transmission Flattop Chain<\/li>\n<li>SRAM GX Eagle Transmission Cassette, 12spd, 10-52t<\/li>\n<li>SRAM DUB BOTTOM BRACKET, BSA 73mm Wide, Threaded<\/li>\n<li>MANDOS DE CAMBIO SRAM AXS POD Controller<\/li>\n<li>SRAM GX Eagle Crankset bottom bracket, 32T ring, 55mm Chainline, S2-S3:165mm, S4-S6: 170mm<\/li>\n<li>CAMBIO SRAM GX Eagle Transmission Derailleur<\/li>\n<li>RIMS Roval Traverse, hookless alloy, 30mm inner width, tubeless ready, Front: 29, Rear: 27.5<\/li>\n<li>DT SWISS 370 FRONT HUB, 15x110mm, 28h<\/li>\n<li>TYRE.<br \/>\nButcher, GRID TRAIL casing, GRIPTON\u00ae T9 compound, 2Bliss Ready, 29&#215;2.3&#8243; <\/li>\n<li>DT SWISS 370 REAR HUB, 12x148mm, 32h<\/li>\n<li>REAR TIRE Eliminator, GRID GRAVITY casing, GRIPTON\u00ae T9\/T7 compound, 2Bliss Ready, 27.5&#215;2.3&#8243;<\/li>\n<li>Sapim Force SPOKES<\/li>\n<li>CAMERAS Standard, Presta valve<\/li>\n<li>FRONT WHEEL TRAVERSE HD ALLOY 370 29 27.5 28H 32H; FS<\/li>\n<li>REAR WHEEL TRAVERSE HD ALLOY 370 29 27.5 28H 32H; FS<\/li>\n<li>PEDALES PEDALES, TEST RIDE PEDALS PROVIDED BY SPECIALIZED<\/li>\n<li>WEIGHT 15.30kg (33 lb, 11.7 oz)<\/li>\n<\/ul>\n","protected":false},"excerpt":{"rendered":"<p>The Stumpjumper 15 is here to put an end to all the downsides of trail riding.<br \/>\nDoes it devour potholes like a big bike?<br \/>\nChecked.<br \/>\nShort travel control, fun and efficiency?<br \/>\nDoubly checked.<br \/>\nAnd how about a healthy dose of customization to make it perfect for the only rider who really matters: you?<br \/>\nChecked, checked, checked.      <\/p>\n","protected":false},"featured_media":379368,"comment_status":"closed","ping_status":"closed","template":"","meta":{"_acf_changed":false,"_et_pb_use_builder":"","_et_pb_old_content":"","_et_gb_content_width":"","inline_featured_image":false},"product_brand":[],"product_cat":[2449,358,2472,2451],"product_tag":[],"class_list":{"0":"post-379722","1":"product","2":"type-product","3":"status-publish","4":"has-post-thumbnail","6":"product_cat-bicycles","7":"product_cat-mountain","8":"product_cat-specialized-bikes","9":"product_cat-mountain-offer","10":"product_shipping_class-bicicletas-en","12":"first","13":"outofstock","14":"taxable","15":"shipping-taxable","16":"product-type-variable","17":"wvs-archive-product-wrapper"},"acf":[],"yoast_head":"<!-- This site is optimized with the Yoast SEO Premium plugin v26.7 (Yoast SEO v26.7) - https:\/\/yoast.com\/wordpress\/plugins\/seo\/ -->\n<title>Specialized Stumpjumper 15 \u00d6hlins Coil 2025 GR-100 bIKES<\/title>\n<meta name=\"description\" content=\"\u00d6hlins RXF38 M.2 29 fork. \u00d6hlins TTX 22 M Coil shock absorber. FACT 11M carbon frame. SRAM GX Eagle AXS T-Type. 4-piston TRP DH-R EVO brakes.\" \/>\n<meta name=\"robots\" content=\"index, follow, max-snippet:-1, max-image-preview:large, max-video-preview:-1\" \/>\n<link rel=\"canonical\" href=\"https:\/\/gr-100.com\/en\/producto\/specialized-stumpjumper-15-ohlins-coil-2025\/\" \/>\n<meta property=\"og:locale\" content=\"en_US\" \/>\n<meta property=\"og:type\" content=\"article\" \/>\n<meta property=\"og:title\" content=\"Specialized Stumpjumper 15 \u00d6hlins Coil 2025\" \/>\n<meta property=\"og:description\" content=\"\u00d6hlins RXF38 M.2 29 fork. \u00d6hlins TTX 22 M Coil shock absorber. FACT 11M carbon frame. SRAM GX Eagle AXS T-Type. 4-piston TRP DH-R EVO brakes.\" \/>\n<meta property=\"og:url\" content=\"https:\/\/gr-100.com\/en\/producto\/specialized-stumpjumper-15-ohlins-coil-2025\/\" \/>\n<meta property=\"og:site_name\" content=\"Gr-100 Tienda de ciclismo Specialized\" \/>\n<meta property=\"article:publisher\" content=\"https:\/\/www.facebook.com\/Gr100Bikes\" \/>\n<meta property=\"article:modified_time\" content=\"2025-09-22T14:16:16+00:00\" \/>\n<meta property=\"og:image\" content=\"https:\/\/gr-100.com\/wp-content\/uploads\/2024\/08\/Stumpjumper-15-Ohlins-Coil-2025-1.jpg\" \/>\n\t<meta property=\"og:image:width\" content=\"1000\" \/>\n\t<meta property=\"og:image:height\" content=\"1000\" \/>\n\t<meta property=\"og:image:type\" content=\"image\/jpeg\" \/>\n<meta name=\"twitter:card\" content=\"summary_large_image\" \/>\n<meta name=\"twitter:label1\" content=\"Est. reading time\" \/>\n\t<meta name=\"twitter:data1\" content=\"4 minutes\" \/>\n<script type=\"application\/ld+json\" class=\"yoast-schema-graph\">{\"@context\":\"https:\/\/schema.org\",\"@graph\":[{\"@type\":\"WebPage\",\"@id\":\"https:\/\/gr-100.com\/en\/producto\/specialized-stumpjumper-15-ohlins-coil-2025\/\",\"url\":\"https:\/\/gr-100.com\/en\/producto\/specialized-stumpjumper-15-ohlins-coil-2025\/\",\"name\":\"Specialized Stumpjumper 15 \u00d6hlins Coil 2025 GR-100 bIKES\",\"isPartOf\":{\"@id\":\"https:\/\/gr-100.com\/#website\"},\"primaryImageOfPage\":{\"@id\":\"https:\/\/gr-100.com\/en\/producto\/specialized-stumpjumper-15-ohlins-coil-2025\/#primaryimage\"},\"image\":{\"@id\":\"https:\/\/gr-100.com\/en\/producto\/specialized-stumpjumper-15-ohlins-coil-2025\/#primaryimage\"},\"thumbnailUrl\":\"https:\/\/gr-100.com\/wp-content\/uploads\/2024\/08\/Stumpjumper-15-Ohlins-Coil-2025-1.jpg\",\"datePublished\":\"2024-08-02T09:59:29+00:00\",\"dateModified\":\"2025-09-22T14:16:16+00:00\",\"description\":\"\u00d6hlins RXF38 M.2 29 fork. \u00d6hlins TTX 22 M Coil shock absorber. FACT 11M carbon frame. SRAM GX Eagle AXS T-Type. 4-piston TRP DH-R EVO brakes.\",\"breadcrumb\":{\"@id\":\"https:\/\/gr-100.com\/en\/producto\/specialized-stumpjumper-15-ohlins-coil-2025\/#breadcrumb\"},\"inLanguage\":\"en-US\",\"potentialAction\":[{\"@type\":\"ReadAction\",\"target\":[\"https:\/\/gr-100.com\/en\/producto\/specialized-stumpjumper-15-ohlins-coil-2025\/\"]}]},{\"@type\":\"ImageObject\",\"inLanguage\":\"en-US\",\"@id\":\"https:\/\/gr-100.com\/en\/producto\/specialized-stumpjumper-15-ohlins-coil-2025\/#primaryimage\",\"url\":\"https:\/\/gr-100.com\/wp-content\/uploads\/2024\/08\/Stumpjumper-15-Ohlins-Coil-2025-1.jpg\",\"contentUrl\":\"https:\/\/gr-100.com\/wp-content\/uploads\/2024\/08\/Stumpjumper-15-Ohlins-Coil-2025-1.jpg\",\"width\":1000,\"height\":1000},{\"@type\":\"BreadcrumbList\",\"@id\":\"https:\/\/gr-100.com\/en\/producto\/specialized-stumpjumper-15-ohlins-coil-2025\/#breadcrumb\",\"itemListElement\":[{\"@type\":\"ListItem\",\"position\":1,\"name\":\"Portada\",\"item\":\"https:\/\/gr-100.com\/pt-pt\/\"},{\"@type\":\"ListItem\",\"position\":2,\"name\":\"Productos\",\"item\":\"https:\/\/gr-100.com\/?post_type=product\"},{\"@type\":\"ListItem\",\"position\":3,\"name\":\"Specialized Stumpjumper 15 \u00d6hlins Coil 2025\"}]},{\"@type\":\"WebSite\",\"@id\":\"https:\/\/gr-100.com\/#website\",\"url\":\"https:\/\/gr-100.com\/\",\"name\":\"Gr-100 Tienda de ciclismo Specialized\",\"description\":\"GR-100 tenemos todas las gamas de bicicletas Specialized al mejor precio.\",\"publisher\":{\"@id\":\"https:\/\/gr-100.com\/#organization\"},\"alternateName\":\"Gr-100 Bikes\",\"potentialAction\":[{\"@type\":\"SearchAction\",\"target\":{\"@type\":\"EntryPoint\",\"urlTemplate\":\"https:\/\/gr-100.com\/?s={search_term_string}\"},\"query-input\":{\"@type\":\"PropertyValueSpecification\",\"valueRequired\":true,\"valueName\":\"search_term_string\"}}],\"inLanguage\":\"en-US\"},{\"@type\":\"Organization\",\"@id\":\"https:\/\/gr-100.com\/#organization\",\"name\":\"Gr-100\",\"url\":\"https:\/\/gr-100.com\/\",\"logo\":{\"@type\":\"ImageObject\",\"inLanguage\":\"en-US\",\"@id\":\"https:\/\/gr-100.com\/#\/schema\/logo\/image\/\",\"url\":\"https:\/\/gr-100.com\/wp-content\/uploads\/2023\/08\/logo-gr-100-bikes.png\",\"contentUrl\":\"https:\/\/gr-100.com\/wp-content\/uploads\/2023\/08\/logo-gr-100-bikes.png\",\"width\":707,\"height\":284,\"caption\":\"Gr-100\"},\"image\":{\"@id\":\"https:\/\/gr-100.com\/#\/schema\/logo\/image\/\"},\"sameAs\":[\"https:\/\/www.facebook.com\/Gr100Bikes\",\"https:\/\/www.instagram.com\/gr100bikes\/\",\"https:\/\/www.tiktok.com\/@gr100bikes\",\"https:\/\/twitter.com\/gr100mtbteam\",\"https:\/\/www.youtube.com\/c\/GR100Specialized\"]}]}<\/script>\n<!-- \/ Yoast SEO Premium plugin. -->","yoast_head_json":{"title":"Specialized Stumpjumper 15 \u00d6hlins Coil 2025 GR-100 bIKES","description":"\u00d6hlins RXF38 M.2 29 fork. \u00d6hlins TTX 22 M Coil shock absorber. FACT 11M carbon frame. SRAM GX Eagle AXS T-Type. 4-piston TRP DH-R EVO brakes.","robots":{"index":"index","follow":"follow","max-snippet":"max-snippet:-1","max-image-preview":"max-image-preview:large","max-video-preview":"max-video-preview:-1"},"canonical":"https:\/\/gr-100.com\/en\/producto\/specialized-stumpjumper-15-ohlins-coil-2025\/","og_locale":"en_US","og_type":"article","og_title":"Specialized Stumpjumper 15 \u00d6hlins Coil 2025","og_description":"\u00d6hlins RXF38 M.2 29 fork. \u00d6hlins TTX 22 M Coil shock absorber. FACT 11M carbon frame. SRAM GX Eagle AXS T-Type. 4-piston TRP DH-R EVO brakes.","og_url":"https:\/\/gr-100.com\/en\/producto\/specialized-stumpjumper-15-ohlins-coil-2025\/","og_site_name":"Gr-100 Tienda de ciclismo Specialized","article_publisher":"https:\/\/www.facebook.com\/Gr100Bikes","article_modified_time":"2025-09-22T14:16:16+00:00","og_image":[{"width":1000,"height":1000,"url":"https:\/\/gr-100.com\/wp-content\/uploads\/2024\/08\/Stumpjumper-15-Ohlins-Coil-2025-1.jpg","type":"image\/jpeg"}],"twitter_card":"summary_large_image","twitter_misc":{"Est. reading time":"4 minutes"},"schema":{"@context":"https:\/\/schema.org","@graph":[{"@type":"WebPage","@id":"https:\/\/gr-100.com\/en\/producto\/specialized-stumpjumper-15-ohlins-coil-2025\/","url":"https:\/\/gr-100.com\/en\/producto\/specialized-stumpjumper-15-ohlins-coil-2025\/","name":"Specialized Stumpjumper 15 \u00d6hlins Coil 2025 GR-100 bIKES","isPartOf":{"@id":"https:\/\/gr-100.com\/#website"},"primaryImageOfPage":{"@id":"https:\/\/gr-100.com\/en\/producto\/specialized-stumpjumper-15-ohlins-coil-2025\/#primaryimage"},"image":{"@id":"https:\/\/gr-100.com\/en\/producto\/specialized-stumpjumper-15-ohlins-coil-2025\/#primaryimage"},"thumbnailUrl":"https:\/\/gr-100.com\/wp-content\/uploads\/2024\/08\/Stumpjumper-15-Ohlins-Coil-2025-1.jpg","datePublished":"2024-08-02T09:59:29+00:00","dateModified":"2025-09-22T14:16:16+00:00","description":"\u00d6hlins RXF38 M.2 29 fork. \u00d6hlins TTX 22 M Coil shock absorber. FACT 11M carbon frame. SRAM GX Eagle AXS T-Type. 4-piston TRP DH-R EVO brakes.","breadcrumb":{"@id":"https:\/\/gr-100.com\/en\/producto\/specialized-stumpjumper-15-ohlins-coil-2025\/#breadcrumb"},"inLanguage":"en-US","potentialAction":[{"@type":"ReadAction","target":["https:\/\/gr-100.com\/en\/producto\/specialized-stumpjumper-15-ohlins-coil-2025\/"]}]},{"@type":"ImageObject","inLanguage":"en-US","@id":"https:\/\/gr-100.com\/en\/producto\/specialized-stumpjumper-15-ohlins-coil-2025\/#primaryimage","url":"https:\/\/gr-100.com\/wp-content\/uploads\/2024\/08\/Stumpjumper-15-Ohlins-Coil-2025-1.jpg","contentUrl":"https:\/\/gr-100.com\/wp-content\/uploads\/2024\/08\/Stumpjumper-15-Ohlins-Coil-2025-1.jpg","width":1000,"height":1000},{"@type":"BreadcrumbList","@id":"https:\/\/gr-100.com\/en\/producto\/specialized-stumpjumper-15-ohlins-coil-2025\/#breadcrumb","itemListElement":[{"@type":"ListItem","position":1,"name":"Portada","item":"https:\/\/gr-100.com\/pt-pt\/"},{"@type":"ListItem","position":2,"name":"Productos","item":"https:\/\/gr-100.com\/?post_type=product"},{"@type":"ListItem","position":3,"name":"Specialized Stumpjumper 15 \u00d6hlins Coil 2025"}]},{"@type":"WebSite","@id":"https:\/\/gr-100.com\/#website","url":"https:\/\/gr-100.com\/","name":"Gr-100 Tienda de ciclismo Specialized","description":"GR-100 tenemos todas las gamas de bicicletas Specialized al mejor precio.","publisher":{"@id":"https:\/\/gr-100.com\/#organization"},"alternateName":"Gr-100 Bikes","potentialAction":[{"@type":"SearchAction","target":{"@type":"EntryPoint","urlTemplate":"https:\/\/gr-100.com\/?s={search_term_string}"},"query-input":{"@type":"PropertyValueSpecification","valueRequired":true,"valueName":"search_term_string"}}],"inLanguage":"en-US"},{"@type":"Organization","@id":"https:\/\/gr-100.com\/#organization","name":"Gr-100","url":"https:\/\/gr-100.com\/","logo":{"@type":"ImageObject","inLanguage":"en-US","@id":"https:\/\/gr-100.com\/#\/schema\/logo\/image\/","url":"https:\/\/gr-100.com\/wp-content\/uploads\/2023\/08\/logo-gr-100-bikes.png","contentUrl":"https:\/\/gr-100.com\/wp-content\/uploads\/2023\/08\/logo-gr-100-bikes.png","width":707,"height":284,"caption":"Gr-100"},"image":{"@id":"https:\/\/gr-100.com\/#\/schema\/logo\/image\/"},"sameAs":["https:\/\/www.facebook.com\/Gr100Bikes","https:\/\/www.instagram.com\/gr100bikes\/","https:\/\/www.tiktok.com\/@gr100bikes","https:\/\/twitter.com\/gr100mtbteam","https:\/\/www.youtube.com\/c\/GR100Specialized"]}]}},"_links":{"self":[{"href":"https:\/\/gr-100.com\/en\/wp-json\/wp\/v2\/product\/379722","targetHints":{"allow":["GET"]}}],"collection":[{"href":"https:\/\/gr-100.com\/en\/wp-json\/wp\/v2\/product"}],"about":[{"href":"https:\/\/gr-100.com\/en\/wp-json\/wp\/v2\/types\/product"}],"replies":[{"embeddable":true,"href":"https:\/\/gr-100.com\/en\/wp-json\/wp\/v2\/comments?post=379722"}],"wp:featuredmedia":[{"embeddable":true,"href":"https:\/\/gr-100.com\/en\/wp-json\/wp\/v2\/media\/379368"}],"wp:attachment":[{"href":"https:\/\/gr-100.com\/en\/wp-json\/wp\/v2\/media?parent=379722"}],"wp:term":[{"taxonomy":"product_brand","embeddable":true,"href":"https:\/\/gr-100.com\/en\/wp-json\/wp\/v2\/product_brand?post=379722"},{"taxonomy":"product_cat","embeddable":true,"href":"https:\/\/gr-100.com\/en\/wp-json\/wp\/v2\/product_cat?post=379722"},{"taxonomy":"product_tag","embeddable":true,"href":"https:\/\/gr-100.com\/en\/wp-json\/wp\/v2\/product_tag?post=379722"}],"curies":[{"name":"wp","href":"https:\/\/api.w.org\/{rel}","templated":true}]}}