{"id":380158,"date":"2024-07-01T14:51:18","date_gmt":"2024-07-01T13:51:18","guid":{"rendered":"https:\/\/gr-100.com\/producto\/specialized-rockhopper-sport-29-%cc%88-2023\/"},"modified":"2025-09-22T16:47:23","modified_gmt":"2025-09-22T14:47:23","slug":"specialized-rockhopper-sport-29-%cc%88-2023","status":"publish","type":"product","link":"https:\/\/gr-100.com\/en\/producto\/specialized-rockhopper-sport-29-%cc%88-2023\/","title":{"rendered":"Specialized Rockhopper Sport 29 \u0308 2023"},"content":{"rendered":"<p>.<br \/>\nCuadro de aluminio Premium A1 conificado ligero y duradero.<br \/>\nTubos superior y diagonal hidroformados para mantener un peso bajo pero una alta resistencia, guiado interno del cableado y compatibilidad con tijas telesc\u00f3picas.<br \/>\n.<br \/>\nCon el objetivo de asegurarnos de que la Rockhopper ofrece el mejor ajuste y rendimiento para cada persona, independientemente de su talla, cada talla de cuadro se empareja con el di\u00e1metro de rueda \u00f3ptimo.<br \/>\nEl resultado es una bicicleta que se adapta a cada ciclista, y la seguridad de que cada cuadro est\u00e1 equipado con la rueda m\u00e1s manejable para su talla.<br \/>\n.<br \/>\nLlevando nuestro Rx Tune a la Rockhopper por primera vez, la horquilla con bloqueo SR Suntour XCM customizada presenta un recorrido y un tarado espec\u00edfico para cada talla, ofreciendo una geometr\u00eda, manejo, y rendimiento de la suspensi\u00f3n consistentes independientemente del la talla del cuadro o del di\u00e1metro de las ruedas.<br \/>\n.<br \/>\nFrenos de disco hidr\u00e1ulicos Tektro potentes y modulables.<br \/>\n.<br \/>\nTransmisi\u00f3n Shimano Atlus 2x duradera y de amplio rango.<br \/>\n.<br \/>\nRuedas resistentes, ligeras y duraderas que combinan los fiables bujes Formula con nuestras llantas Stout hookless de 25 mil\u00edmetros de di\u00e1metro interno.CARACTER\u00cdSTICAS:               <\/p>\n<ul>\n<li>FRAME Specialized A1 premium butted alloy, zero-stack head tube, internal cable routing, 135x9mm forged dropouts, chainstay-mounted disc brake, replaceable alloy derailleur hanger, stealth rack mounts, dropper post compatible<\/li>\n<li>SR Suntour XCM 29 FORK, 30mm stanchions, Rx Tune, coil spring, QR, 90\/100mm travel (size-specific), 42mm offset<\/li>\n<li>FRONT BRAKE Tektro HD-M275, hydraulic disc, 180\/160mm<\/li>\n<li>Tektro HD-M275 REAR BRAKKE, hydraulic disc, 160mm<\/li>\n<li>Shimano Altus REAR DERAILLEUR, RD-M2000, 9-speed<\/li>\n<li>KMC X9EPT CHAIN, 9-speed, anti-corrosion coating w\/ reusable Missing Link\u2122<\/li>\n<li>Shimano Altus FD-M2020 2-speed DERAILLEUR<\/li>\n<li>SunRace Sprocket, 9-Speed, 11-36t<\/li>\n<li>STEM Stout 3D-forged alloy, 31.8mm, 6-degree rise<\/li>\n<li>Bridge Sport SADDLE, Steel rails, 155\/143mm<\/li>\n<li>SEATPOST Alloy, 2-bolt clamp, 30.9mm<\/li>\n<li>Fast Trak Sport TIRES, 29&#215;2.35&#8243;<\/li>\n<li>Specialized handlebar, alloy, 9-degree backsweep, 15mm rise, 31.8mm<\/li>\n<li>Specialized Trail Grips, lock-on<\/li>\n<li>Stout 2x cranks, forged alloy<\/li>\n<li>Formula 6-Bolt FRONT HUB, disc, 100x9mm spacing, quick-release, 32H<\/li>\n<li>REAR HUB Formula SP-2125, 6-Bolt freehub, disc, 135x9mm spacing, quick-release<\/li>\n<li>RIMS Specialized alloy, disc only, double-wall, 25mm inner width, 32h<\/li>\n<li>Square-tapered BOTTOM BRACKET, 73mm, internal bearings, 122.5mm spindle<\/li>\n<li>Shimano Altus CONTROLS, RapidFire Plus, 9-speed<\/li>\n<li>BRAKE Disc<\/li>\n<li>DIAMETER 29&#8243;<\/li>\n<li>N\u00ba PINIONS 9V<\/li>\n<li>N\u00ba DISHES 2<\/li>\n<li>BAR WIDTH 30<\/li>\n<li>90\/100 SUSPENSION TRAVEL<\/li>\n<li>HG CORE TYPE<\/li>\n<li>6T DISC TYPE<\/li>\n<li>HANDLEBAR DIAMETER 31<\/li>\n<li>HUB WIDTH 135mm<\/li>\n<li>DISC DIAMETER 160mm<\/li>\n<li>ACCESSORIES Pedals<\/li>\n<li>WEIGHT 14.15kg (31 lb, 3.1 oz) Size weight M<\/li>\n<\/ul>\n<p><strong>Specifications are subject to change without notice.<\/strong><\/p>\n","protected":false},"excerpt":{"rendered":"<p>Ready for play with Tektro M275 hydraulic disc brakes, Shimano Atlus shifting, and an SR SunTour XCM fork made for racing, the Rockhopper Sport can claim victory on any Sunday and the rest of the week.<\/p>\n","protected":false},"featured_media":307305,"comment_status":"closed","ping_status":"closed","template":"","meta":{"_acf_changed":false,"_et_pb_use_builder":"","_et_pb_old_content":"","_et_gb_content_width":"","inline_featured_image":false},"product_brand":[],"product_cat":[5370,5371,5367,5366,4347,2449,358,2472,2450,2451,359],"product_tag":[],"class_list":{"0":"post-380158","1":"product","2":"type-product","3":"status-publish","4":"has-post-thumbnail","6":"product_cat-bicicletas-montana-29-en","7":"product_cat-bicicletas-montana-cross-country-xc-en","8":"product_cat-bicicletas-montana-specialized-en","9":"product_cat-descuentos-en","10":"product_cat-black-friday-2-en","11":"product_cat-bicycles","12":"product_cat-mountain","13":"product_cat-specialized-bikes","14":"product_cat-offers","15":"product_cat-mountain-offer","16":"product_cat-outlet-en","17":"product_shipping_class-bicicletas-en","19":"first","20":"instock","21":"sale","22":"taxable","23":"shipping-taxable","24":"purchasable","25":"product-type-variable","26":"wvs-archive-product-wrapper"},"acf":[],"yoast_head":"<!-- This site is optimized with the Yoast SEO Premium plugin v26.7 (Yoast SEO v26.7) - https:\/\/yoast.com\/wordpress\/plugins\/seo\/ -->\n<title>Specialized Rockhopper Sport 29 \u0308 2023 GR-100<\/title>\n<meta name=\"description\" content=\"SPECIALIZED ROCKHOPPER SPORT 29 \u0308 2023 Rockhopper Sport is the perfect player, attacks in performance and defends thanks to its quality-price.\" \/>\n<meta name=\"robots\" content=\"index, follow, max-snippet:-1, max-image-preview:large, max-video-preview:-1\" \/>\n<link rel=\"canonical\" href=\"https:\/\/gr-100.com\/en\/producto\/specialized-rockhopper-sport-29-\u0308-2023\/\" \/>\n<meta property=\"og:locale\" content=\"en_US\" \/>\n<meta property=\"og:type\" content=\"article\" \/>\n<meta property=\"og:title\" content=\"Specialized Rockhopper Sport 29 \u0308 2023\" \/>\n<meta property=\"og:description\" content=\"SPECIALIZED ROCKHOPPER SPORT 29 \u0308 2023 Rockhopper Sport is the perfect player, attacks in performance and defends thanks to its quality-price.\" \/>\n<meta property=\"og:url\" content=\"https:\/\/gr-100.com\/en\/producto\/specialized-rockhopper-sport-29-\u0308-2023\/\" \/>\n<meta property=\"og:site_name\" content=\"Gr-100 Tienda de ciclismo Specialized\" \/>\n<meta property=\"article:publisher\" content=\"https:\/\/www.facebook.com\/Gr100Bikes\" \/>\n<meta property=\"article:modified_time\" content=\"2025-09-22T14:47:23+00:00\" \/>\n<meta property=\"og:image\" content=\"https:\/\/gr-100.com\/wp-content\/uploads\/2024\/05\/Rockhopper-Sport-29_23_1.jpg\" \/>\n\t<meta property=\"og:image:width\" content=\"1000\" \/>\n\t<meta property=\"og:image:height\" content=\"1000\" \/>\n\t<meta property=\"og:image:type\" content=\"image\/jpeg\" \/>\n<meta name=\"twitter:card\" content=\"summary_large_image\" \/>\n<meta name=\"twitter:label1\" content=\"Est. reading time\" \/>\n\t<meta name=\"twitter:data1\" content=\"2 minutes\" \/>\n<script type=\"application\/ld+json\" class=\"yoast-schema-graph\">{\"@context\":\"https:\/\/schema.org\",\"@graph\":[{\"@type\":\"WebPage\",\"@id\":\"https:\/\/gr-100.com\/en\/producto\/specialized-rockhopper-sport-29-%cc%88-2023\/\",\"url\":\"https:\/\/gr-100.com\/en\/producto\/specialized-rockhopper-sport-29-%cc%88-2023\/\",\"name\":\"Specialized Rockhopper Sport 29 \u0308 2023 GR-100\",\"isPartOf\":{\"@id\":\"https:\/\/gr-100.com\/#website\"},\"primaryImageOfPage\":{\"@id\":\"https:\/\/gr-100.com\/en\/producto\/specialized-rockhopper-sport-29-%cc%88-2023\/#primaryimage\"},\"image\":{\"@id\":\"https:\/\/gr-100.com\/en\/producto\/specialized-rockhopper-sport-29-%cc%88-2023\/#primaryimage\"},\"thumbnailUrl\":\"https:\/\/gr-100.com\/wp-content\/uploads\/2024\/05\/Rockhopper-Sport-29_23_1.jpg\",\"datePublished\":\"2024-07-01T13:51:18+00:00\",\"dateModified\":\"2025-09-22T14:47:23+00:00\",\"description\":\"SPECIALIZED ROCKHOPPER SPORT 29 \u0308 2023 Rockhopper Sport is the perfect player, attacks in performance and defends thanks to its quality-price.\",\"breadcrumb\":{\"@id\":\"https:\/\/gr-100.com\/en\/producto\/specialized-rockhopper-sport-29-%cc%88-2023\/#breadcrumb\"},\"inLanguage\":\"en-US\",\"potentialAction\":[{\"@type\":\"ReadAction\",\"target\":[\"https:\/\/gr-100.com\/en\/producto\/specialized-rockhopper-sport-29-%cc%88-2023\/\"]}]},{\"@type\":\"ImageObject\",\"inLanguage\":\"en-US\",\"@id\":\"https:\/\/gr-100.com\/en\/producto\/specialized-rockhopper-sport-29-%cc%88-2023\/#primaryimage\",\"url\":\"https:\/\/gr-100.com\/wp-content\/uploads\/2024\/05\/Rockhopper-Sport-29_23_1.jpg\",\"contentUrl\":\"https:\/\/gr-100.com\/wp-content\/uploads\/2024\/05\/Rockhopper-Sport-29_23_1.jpg\",\"width\":1000,\"height\":1000},{\"@type\":\"BreadcrumbList\",\"@id\":\"https:\/\/gr-100.com\/en\/producto\/specialized-rockhopper-sport-29-%cc%88-2023\/#breadcrumb\",\"itemListElement\":[{\"@type\":\"ListItem\",\"position\":1,\"name\":\"Portada\",\"item\":\"https:\/\/gr-100.com\/pt-pt\/\"},{\"@type\":\"ListItem\",\"position\":2,\"name\":\"Productos\",\"item\":\"https:\/\/gr-100.com\/?post_type=product\"},{\"@type\":\"ListItem\",\"position\":3,\"name\":\"Specialized Rockhopper Sport 29 \u0308 2023\"}]},{\"@type\":\"WebSite\",\"@id\":\"https:\/\/gr-100.com\/#website\",\"url\":\"https:\/\/gr-100.com\/\",\"name\":\"Gr-100 Tienda de ciclismo Specialized\",\"description\":\"GR-100 tenemos todas las gamas de bicicletas Specialized al mejor precio.\",\"publisher\":{\"@id\":\"https:\/\/gr-100.com\/#organization\"},\"alternateName\":\"Gr-100 Bikes\",\"potentialAction\":[{\"@type\":\"SearchAction\",\"target\":{\"@type\":\"EntryPoint\",\"urlTemplate\":\"https:\/\/gr-100.com\/?s={search_term_string}\"},\"query-input\":{\"@type\":\"PropertyValueSpecification\",\"valueRequired\":true,\"valueName\":\"search_term_string\"}}],\"inLanguage\":\"en-US\"},{\"@type\":\"Organization\",\"@id\":\"https:\/\/gr-100.com\/#organization\",\"name\":\"Gr-100\",\"url\":\"https:\/\/gr-100.com\/\",\"logo\":{\"@type\":\"ImageObject\",\"inLanguage\":\"en-US\",\"@id\":\"https:\/\/gr-100.com\/#\/schema\/logo\/image\/\",\"url\":\"https:\/\/gr-100.com\/wp-content\/uploads\/2023\/08\/logo-gr-100-bikes.png\",\"contentUrl\":\"https:\/\/gr-100.com\/wp-content\/uploads\/2023\/08\/logo-gr-100-bikes.png\",\"width\":707,\"height\":284,\"caption\":\"Gr-100\"},\"image\":{\"@id\":\"https:\/\/gr-100.com\/#\/schema\/logo\/image\/\"},\"sameAs\":[\"https:\/\/www.facebook.com\/Gr100Bikes\",\"https:\/\/www.instagram.com\/gr100bikes\/\",\"https:\/\/www.tiktok.com\/@gr100bikes\",\"https:\/\/twitter.com\/gr100mtbteam\",\"https:\/\/www.youtube.com\/c\/GR100Specialized\"]}]}<\/script>\n<!-- \/ Yoast SEO Premium plugin. -->","yoast_head_json":{"title":"Specialized Rockhopper Sport 29 \u0308 2023 GR-100","description":"SPECIALIZED ROCKHOPPER SPORT 29 \u0308 2023 Rockhopper Sport is the perfect player, attacks in performance and defends thanks to its quality-price.","robots":{"index":"index","follow":"follow","max-snippet":"max-snippet:-1","max-image-preview":"max-image-preview:large","max-video-preview":"max-video-preview:-1"},"canonical":"https:\/\/gr-100.com\/en\/producto\/specialized-rockhopper-sport-29-\u0308-2023\/","og_locale":"en_US","og_type":"article","og_title":"Specialized Rockhopper Sport 29 \u0308 2023","og_description":"SPECIALIZED ROCKHOPPER SPORT 29 \u0308 2023 Rockhopper Sport is the perfect player, attacks in performance and defends thanks to its quality-price.","og_url":"https:\/\/gr-100.com\/en\/producto\/specialized-rockhopper-sport-29-\u0308-2023\/","og_site_name":"Gr-100 Tienda de ciclismo Specialized","article_publisher":"https:\/\/www.facebook.com\/Gr100Bikes","article_modified_time":"2025-09-22T14:47:23+00:00","og_image":[{"width":1000,"height":1000,"url":"https:\/\/gr-100.com\/wp-content\/uploads\/2024\/05\/Rockhopper-Sport-29_23_1.jpg","type":"image\/jpeg"}],"twitter_card":"summary_large_image","twitter_misc":{"Est. reading time":"2 minutes"},"schema":{"@context":"https:\/\/schema.org","@graph":[{"@type":"WebPage","@id":"https:\/\/gr-100.com\/en\/producto\/specialized-rockhopper-sport-29-%cc%88-2023\/","url":"https:\/\/gr-100.com\/en\/producto\/specialized-rockhopper-sport-29-%cc%88-2023\/","name":"Specialized Rockhopper Sport 29 \u0308 2023 GR-100","isPartOf":{"@id":"https:\/\/gr-100.com\/#website"},"primaryImageOfPage":{"@id":"https:\/\/gr-100.com\/en\/producto\/specialized-rockhopper-sport-29-%cc%88-2023\/#primaryimage"},"image":{"@id":"https:\/\/gr-100.com\/en\/producto\/specialized-rockhopper-sport-29-%cc%88-2023\/#primaryimage"},"thumbnailUrl":"https:\/\/gr-100.com\/wp-content\/uploads\/2024\/05\/Rockhopper-Sport-29_23_1.jpg","datePublished":"2024-07-01T13:51:18+00:00","dateModified":"2025-09-22T14:47:23+00:00","description":"SPECIALIZED ROCKHOPPER SPORT 29 \u0308 2023 Rockhopper Sport is the perfect player, attacks in performance and defends thanks to its quality-price.","breadcrumb":{"@id":"https:\/\/gr-100.com\/en\/producto\/specialized-rockhopper-sport-29-%cc%88-2023\/#breadcrumb"},"inLanguage":"en-US","potentialAction":[{"@type":"ReadAction","target":["https:\/\/gr-100.com\/en\/producto\/specialized-rockhopper-sport-29-%cc%88-2023\/"]}]},{"@type":"ImageObject","inLanguage":"en-US","@id":"https:\/\/gr-100.com\/en\/producto\/specialized-rockhopper-sport-29-%cc%88-2023\/#primaryimage","url":"https:\/\/gr-100.com\/wp-content\/uploads\/2024\/05\/Rockhopper-Sport-29_23_1.jpg","contentUrl":"https:\/\/gr-100.com\/wp-content\/uploads\/2024\/05\/Rockhopper-Sport-29_23_1.jpg","width":1000,"height":1000},{"@type":"BreadcrumbList","@id":"https:\/\/gr-100.com\/en\/producto\/specialized-rockhopper-sport-29-%cc%88-2023\/#breadcrumb","itemListElement":[{"@type":"ListItem","position":1,"name":"Portada","item":"https:\/\/gr-100.com\/pt-pt\/"},{"@type":"ListItem","position":2,"name":"Productos","item":"https:\/\/gr-100.com\/?post_type=product"},{"@type":"ListItem","position":3,"name":"Specialized Rockhopper Sport 29 \u0308 2023"}]},{"@type":"WebSite","@id":"https:\/\/gr-100.com\/#website","url":"https:\/\/gr-100.com\/","name":"Gr-100 Tienda de ciclismo Specialized","description":"GR-100 tenemos todas las gamas de bicicletas Specialized al mejor precio.","publisher":{"@id":"https:\/\/gr-100.com\/#organization"},"alternateName":"Gr-100 Bikes","potentialAction":[{"@type":"SearchAction","target":{"@type":"EntryPoint","urlTemplate":"https:\/\/gr-100.com\/?s={search_term_string}"},"query-input":{"@type":"PropertyValueSpecification","valueRequired":true,"valueName":"search_term_string"}}],"inLanguage":"en-US"},{"@type":"Organization","@id":"https:\/\/gr-100.com\/#organization","name":"Gr-100","url":"https:\/\/gr-100.com\/","logo":{"@type":"ImageObject","inLanguage":"en-US","@id":"https:\/\/gr-100.com\/#\/schema\/logo\/image\/","url":"https:\/\/gr-100.com\/wp-content\/uploads\/2023\/08\/logo-gr-100-bikes.png","contentUrl":"https:\/\/gr-100.com\/wp-content\/uploads\/2023\/08\/logo-gr-100-bikes.png","width":707,"height":284,"caption":"Gr-100"},"image":{"@id":"https:\/\/gr-100.com\/#\/schema\/logo\/image\/"},"sameAs":["https:\/\/www.facebook.com\/Gr100Bikes","https:\/\/www.instagram.com\/gr100bikes\/","https:\/\/www.tiktok.com\/@gr100bikes","https:\/\/twitter.com\/gr100mtbteam","https:\/\/www.youtube.com\/c\/GR100Specialized"]}]}},"_links":{"self":[{"href":"https:\/\/gr-100.com\/en\/wp-json\/wp\/v2\/product\/380158","targetHints":{"allow":["GET"]}}],"collection":[{"href":"https:\/\/gr-100.com\/en\/wp-json\/wp\/v2\/product"}],"about":[{"href":"https:\/\/gr-100.com\/en\/wp-json\/wp\/v2\/types\/product"}],"replies":[{"embeddable":true,"href":"https:\/\/gr-100.com\/en\/wp-json\/wp\/v2\/comments?post=380158"}],"wp:featuredmedia":[{"embeddable":true,"href":"https:\/\/gr-100.com\/en\/wp-json\/wp\/v2\/media\/307305"}],"wp:attachment":[{"href":"https:\/\/gr-100.com\/en\/wp-json\/wp\/v2\/media?parent=380158"}],"wp:term":[{"taxonomy":"product_brand","embeddable":true,"href":"https:\/\/gr-100.com\/en\/wp-json\/wp\/v2\/product_brand?post=380158"},{"taxonomy":"product_cat","embeddable":true,"href":"https:\/\/gr-100.com\/en\/wp-json\/wp\/v2\/product_cat?post=380158"},{"taxonomy":"product_tag","embeddable":true,"href":"https:\/\/gr-100.com\/en\/wp-json\/wp\/v2\/product_tag?post=380158"}],"curies":[{"name":"wp","href":"https:\/\/api.w.org\/{rel}","templated":true}]}}