{"id":388530,"date":"2024-09-03T10:56:33","date_gmt":"2024-09-03T10:56:33","guid":{"rendered":"https:\/\/gr-100.com\/?post_type=product&#038;p=388530"},"modified":"2026-01-02T13:14:24","modified_gmt":"2026-01-02T11:14:24","slug":"specialized-s-works-aethos-ltd-sram-red-axs-2025","status":"publish","type":"product","link":"https:\/\/gr-100.com\/en\/producto\/specialized-s-works-aethos-ltd-sram-red-axs-2025\/","title":{"rendered":"Specialized S-Works Aethos LTD \u2013 SRAM RED AXS 2025"},"content":{"rendered":"<ul class=\"bullet_points\">\n<li class=\"bullet_item\">El cuadro de la Aethos se ha dise\u00f1ado para coseguir la combinaci\u00f3n perfecta de sensaci\u00f3n de conducci\u00f3n, ligereza y estilo. La Aethos es perfecta: desde su aceleraci\u00f3n en pendientes pronunciadas y su control en descensos t\u00e9cnicos, hasta las mejor comodidad durante todo el d\u00eda, incluso en las rutas m\u00e1s largas. Pero, \u00bfc\u00f3mo lo hemos hecho? Reinventando la forma tradicional de las bicicletas de carretera, hemos alterado sutilmente las formas de los tubos para ofrecer enormes ganancias en rigidez y equilibrio, todo ello sin afectar al peso ni a la durabilidad. Si a esto le a\u00f1adimos un proceso de laminado completamente nuevo que hemos perfeccionado durante d\u00e9cadas, obtenemos el cuadro m\u00e1s ligero del mercado (585 gramos, S-Works, talla 56cm). La Aethos es m\u00e1s que una nueva bicicleta, es la primera de una nueva clase.<\/li>\n<li class=\"bullet_item\">Un cuadro ligero es in\u00fatil sin caracter\u00edsticas de conducci\u00f3n que inspiren confianza, por lo que hemos desarrollado la Aethos para tener el equilibrio perfecto entre rigidez delantera y trasera combinada con una calidad de conducci\u00f3n excepcional. Al estudiar la flexi\u00f3n y la t\u00e9cnica de la fibra de carbono, pudimos descubrir hallazgos innovadores sobre c\u00f3mo fluyen las fuerzas a trav\u00e9s de los cuadros. Solo unas pedaladas y te dar\u00e1s cuenta de que esta conducci\u00f3n sublime establece un nuevo est\u00e1ndar.<\/li>\n<li class=\"bullet_item\">Cada detalle, desde las punteras de cambio hasta el expansor de la horquilla, se ha dise\u00f1ado teniendo en cuenta el estilo, el peso y la durabilidad. Tambi\u00e9n hemos equipado a la Aethos con la nueva tija de sill\u00edn de carbono Alpinist de Roval, que ahorra a\u00fan m\u00e1s peso y mejora las caracter\u00edsticas de conducci\u00f3n. Todo para lograr la conducci\u00f3n perfecta.<\/li>\n<li class=\"bullet_item\">ESPECIDICACIONES<br \/>\nDrivetrain<br \/>\nCADENA<br \/>\nNEW SRAM RED 12-speed<br \/>\nCASETE<br \/>\nNEW SRAM RED XG-1290, 12-speed, 10-33t<br \/>\nCAJA PEDALIER<br \/>\nSRAM DUB BSA 68<br \/>\nMANDOS DE CAMBIO<br \/>\nNEW SRAM RED AXS, hydraulic disc<br \/>\nDESVIADOR<br \/>\nNEW SRAM RED AXS, braze-on<br \/>\nPEDALIER<br \/>\nNEW SRAM RED AXS Power Meter<br \/>\nCAMBIO<br \/>\nNEW SRAM RED AXS, 12-speed<br \/>\nPLATOS<br \/>\n48\/35<br \/>\nFrameset<br \/>\nCUADRO<br \/>\nS-Works Aethos FACT 12r Carbon, Rider First Engineered\u2122, Threaded BB, Electronic cable routing only, 12x142mm thru-axle, flat-mount disc<br \/>\nSuspension<br \/>\nHORQUILLA<br \/>\nS-Works FACT Carbon, 12x100mm thru-axle, flat-mount disc<br \/>\nBrakes<br \/>\nFRENO DELANTERO<br \/>\nNEW SRAM RED AXS, hydraulic disc<br \/>\nFRENO TRASERO<br \/>\nNEW SRAM RED AXS, hydraulic disc<br \/>\nWheels &amp; tires<br \/>\nC\u00c1MARAS<br \/>\n700&#215;20-28, 48mm Presta Valve<br \/>\nRUEDA DELANTERA<br \/>\nRoval Alpinist CLX, Tubeless, 21mm internal width carbon rim, 33mm depth, Win Tunnel Engineered, Roval AFD hub, 21h, DT Swiss Aerolite spokes<br \/>\nRUEDA TRASERA<br \/>\nRoval Alpinist CLX, Tubeless, 21mm internal width carbon rim, 33mm depth, Win Tunnel Engineered, Roval AFD hub, 24h, DT Swiss Aerolite spokes<br \/>\nNEUM\u00c1TICO DEL.<br \/>\nS-works Turbo 2BR, 700x28mm<br \/>\nNEUM\u00c1TICO TRASERO<br \/>\nS-works Turbo 2BR, 700x28mm<br \/>\nCockpit<br \/>\nCINTA<br \/>\nSupacaz Super Sticky Kush<br \/>\nSILL\u00cdN<br \/>\nS-Works Power with Mirror<br \/>\nTIJA DE SILL\u00cdN<br \/>\nRoval Alpinist Carbon Seatpost<br \/>\nPOTENCIA<br \/>\nRoval Alpinist, alloy, titanium bolts, 6-degree rise<br \/>\nMANILLAR<br \/>\nS-Works Short &amp; Shallow, 125mm Drop, 75mm Reach w\/Di2 Hole<br \/>\nABRAZ. SILL\u00cdN<br \/>\nSpecialized Alloy, 30.0mm, titanium bolt<br \/>\nAccessories<br \/>\nSWAT<br \/>\nHammerhead Karoo 3 with K-Edge 31.8mm mount<\/li>\n<\/ul>\n","protected":false},"excerpt":{"rendered":"<p>Aethos, no ha renunciado a nada en cuanto a rendimiento y resulta ser el cuadro m\u00e1s ligero del mercado, pero sin comprometer el estilo.<\/p>\n","protected":false},"featured_media":388531,"comment_status":"open","ping_status":"closed","template":"","meta":{"_acf_changed":false,"_et_pb_use_builder":"","_et_pb_old_content":"","_et_gb_content_width":"","inline_featured_image":false},"product_brand":[],"product_cat":[420,20],"product_tag":[],"class_list":{"0":"post-388530","1":"product","2":"type-product","3":"status-publish","4":"has-post-thumbnail","6":"product_cat-bicicletas","7":"product_cat-bicicletas-de-carretera","8":"product_shipping_class-bicicletas","10":"first","11":"outofstock","12":"taxable","13":"shipping-taxable","14":"product-type-variable","15":"wvs-archive-product-wrapper"},"acf":[],"yoast_head":"<!-- This site is optimized with the Yoast SEO Premium plugin v26.7 (Yoast SEO v26.7) - https:\/\/yoast.com\/wordpress\/plugins\/seo\/ -->\n<title>Specialized S-Works Aethos LTD \u2013 SRAM RED AXS 2025 GR-100<\/title>\n<meta name=\"description\" content=\"Aethos, no ha renunciado a nada en cuanto a rendimiento y resulta ser el cuadro m\u00e1s ligero del mercado, pero sin comprometer el estilo.\" \/>\n<meta name=\"robots\" content=\"index, follow, max-snippet:-1, max-image-preview:large, max-video-preview:-1\" \/>\n<link rel=\"canonical\" href=\"https:\/\/gr-100.com\/producto\/specialized-s-works-aethos-ltd-sram-red-axs-2025\/\" \/>\n<meta property=\"og:locale\" content=\"en_US\" \/>\n<meta property=\"og:type\" content=\"article\" \/>\n<meta property=\"og:title\" content=\"Specialized S-Works Aethos LTD \u2013 SRAM RED AXS 2025\" \/>\n<meta property=\"og:description\" content=\"Aethos, no ha renunciado a nada en cuanto a rendimiento y resulta ser el cuadro m\u00e1s ligero del mercado, pero sin comprometer el estilo.\" \/>\n<meta property=\"og:url\" content=\"https:\/\/gr-100.com\/producto\/specialized-s-works-aethos-ltd-sram-red-axs-2025\/\" \/>\n<meta property=\"og:site_name\" content=\"Gr-100 Tienda de ciclismo Specialized\" \/>\n<meta property=\"article:publisher\" content=\"https:\/\/www.facebook.com\/Gr100Bikes\" \/>\n<meta property=\"article:modified_time\" content=\"2026-01-02T11:14:24+00:00\" \/>\n<meta property=\"og:image\" content=\"https:\/\/gr-100.com\/wp-content\/uploads\/2024\/09\/My-project-2024-09-03T122447.531.jpeg\" \/>\n\t<meta property=\"og:image:width\" content=\"1000\" \/>\n\t<meta property=\"og:image:height\" content=\"1000\" \/>\n\t<meta property=\"og:image:type\" content=\"image\/jpeg\" \/>\n<meta name=\"twitter:card\" content=\"summary_large_image\" \/>\n<meta name=\"twitter:label1\" content=\"Est. reading time\" \/>\n\t<meta name=\"twitter:data1\" content=\"3 minutes\" \/>\n<script type=\"application\/ld+json\" class=\"yoast-schema-graph\">{\"@context\":\"https:\/\/schema.org\",\"@graph\":[{\"@type\":\"WebPage\",\"@id\":\"https:\/\/gr-100.com\/producto\/specialized-s-works-aethos-ltd-sram-red-axs-2025\/\",\"url\":\"https:\/\/gr-100.com\/producto\/specialized-s-works-aethos-ltd-sram-red-axs-2025\/\",\"name\":\"Specialized S-Works Aethos LTD \u2013 SRAM RED AXS 2025 GR-100\",\"isPartOf\":{\"@id\":\"https:\/\/gr-100.com\/#website\"},\"primaryImageOfPage\":{\"@id\":\"https:\/\/gr-100.com\/producto\/specialized-s-works-aethos-ltd-sram-red-axs-2025\/#primaryimage\"},\"image\":{\"@id\":\"https:\/\/gr-100.com\/producto\/specialized-s-works-aethos-ltd-sram-red-axs-2025\/#primaryimage\"},\"thumbnailUrl\":\"https:\/\/gr-100.com\/wp-content\/uploads\/2024\/09\/My-project-2024-09-03T122447.531.jpeg\",\"datePublished\":\"2024-09-03T10:56:33+00:00\",\"dateModified\":\"2026-01-02T11:14:24+00:00\",\"description\":\"Aethos, no ha renunciado a nada en cuanto a rendimiento y resulta ser el cuadro m\u00e1s ligero del mercado, pero sin comprometer el estilo.\",\"breadcrumb\":{\"@id\":\"https:\/\/gr-100.com\/producto\/specialized-s-works-aethos-ltd-sram-red-axs-2025\/#breadcrumb\"},\"inLanguage\":\"en-US\",\"potentialAction\":[{\"@type\":\"ReadAction\",\"target\":[\"https:\/\/gr-100.com\/producto\/specialized-s-works-aethos-ltd-sram-red-axs-2025\/\"]}]},{\"@type\":\"ImageObject\",\"inLanguage\":\"en-US\",\"@id\":\"https:\/\/gr-100.com\/producto\/specialized-s-works-aethos-ltd-sram-red-axs-2025\/#primaryimage\",\"url\":\"https:\/\/gr-100.com\/wp-content\/uploads\/2024\/09\/My-project-2024-09-03T122447.531.jpeg\",\"contentUrl\":\"https:\/\/gr-100.com\/wp-content\/uploads\/2024\/09\/My-project-2024-09-03T122447.531.jpeg\",\"width\":1000,\"height\":1000},{\"@type\":\"BreadcrumbList\",\"@id\":\"https:\/\/gr-100.com\/producto\/specialized-s-works-aethos-ltd-sram-red-axs-2025\/#breadcrumb\",\"itemListElement\":[{\"@type\":\"ListItem\",\"position\":1,\"name\":\"Portada\",\"item\":\"https:\/\/gr-100.com\/pt-pt\/\"},{\"@type\":\"ListItem\",\"position\":2,\"name\":\"Productos\",\"item\":\"https:\/\/gr-100.com\/?post_type=product\"},{\"@type\":\"ListItem\",\"position\":3,\"name\":\"Specialized S-Works Aethos LTD \u2013 SRAM RED AXS 2025\"}]},{\"@type\":\"WebSite\",\"@id\":\"https:\/\/gr-100.com\/#website\",\"url\":\"https:\/\/gr-100.com\/\",\"name\":\"Gr-100 Tienda de ciclismo Specialized\",\"description\":\"GR-100 tenemos todas las gamas de bicicletas Specialized al mejor precio.\",\"publisher\":{\"@id\":\"https:\/\/gr-100.com\/#organization\"},\"alternateName\":\"Gr-100 Bikes\",\"potentialAction\":[{\"@type\":\"SearchAction\",\"target\":{\"@type\":\"EntryPoint\",\"urlTemplate\":\"https:\/\/gr-100.com\/?s={search_term_string}\"},\"query-input\":{\"@type\":\"PropertyValueSpecification\",\"valueRequired\":true,\"valueName\":\"search_term_string\"}}],\"inLanguage\":\"en-US\"},{\"@type\":\"Organization\",\"@id\":\"https:\/\/gr-100.com\/#organization\",\"name\":\"Gr-100\",\"url\":\"https:\/\/gr-100.com\/\",\"logo\":{\"@type\":\"ImageObject\",\"inLanguage\":\"en-US\",\"@id\":\"https:\/\/gr-100.com\/#\/schema\/logo\/image\/\",\"url\":\"https:\/\/gr-100.com\/wp-content\/uploads\/2023\/08\/logo-gr-100-bikes.png\",\"contentUrl\":\"https:\/\/gr-100.com\/wp-content\/uploads\/2023\/08\/logo-gr-100-bikes.png\",\"width\":707,\"height\":284,\"caption\":\"Gr-100\"},\"image\":{\"@id\":\"https:\/\/gr-100.com\/#\/schema\/logo\/image\/\"},\"sameAs\":[\"https:\/\/www.facebook.com\/Gr100Bikes\",\"https:\/\/www.instagram.com\/gr100bikes\/\",\"https:\/\/www.tiktok.com\/@gr100bikes\",\"https:\/\/twitter.com\/gr100mtbteam\",\"https:\/\/www.youtube.com\/c\/GR100Specialized\"]}]}<\/script>\n<!-- \/ Yoast SEO Premium plugin. -->","yoast_head_json":{"title":"Specialized S-Works Aethos LTD \u2013 SRAM RED AXS 2025 GR-100","description":"Aethos, no ha renunciado a nada en cuanto a rendimiento y resulta ser el cuadro m\u00e1s ligero del mercado, pero sin comprometer el estilo.","robots":{"index":"index","follow":"follow","max-snippet":"max-snippet:-1","max-image-preview":"max-image-preview:large","max-video-preview":"max-video-preview:-1"},"canonical":"https:\/\/gr-100.com\/producto\/specialized-s-works-aethos-ltd-sram-red-axs-2025\/","og_locale":"en_US","og_type":"article","og_title":"Specialized S-Works Aethos LTD \u2013 SRAM RED AXS 2025","og_description":"Aethos, no ha renunciado a nada en cuanto a rendimiento y resulta ser el cuadro m\u00e1s ligero del mercado, pero sin comprometer el estilo.","og_url":"https:\/\/gr-100.com\/producto\/specialized-s-works-aethos-ltd-sram-red-axs-2025\/","og_site_name":"Gr-100 Tienda de ciclismo Specialized","article_publisher":"https:\/\/www.facebook.com\/Gr100Bikes","article_modified_time":"2026-01-02T11:14:24+00:00","og_image":[{"width":1000,"height":1000,"url":"https:\/\/gr-100.com\/wp-content\/uploads\/2024\/09\/My-project-2024-09-03T122447.531.jpeg","type":"image\/jpeg"}],"twitter_card":"summary_large_image","twitter_misc":{"Est. reading time":"3 minutes"},"schema":{"@context":"https:\/\/schema.org","@graph":[{"@type":"WebPage","@id":"https:\/\/gr-100.com\/producto\/specialized-s-works-aethos-ltd-sram-red-axs-2025\/","url":"https:\/\/gr-100.com\/producto\/specialized-s-works-aethos-ltd-sram-red-axs-2025\/","name":"Specialized S-Works Aethos LTD \u2013 SRAM RED AXS 2025 GR-100","isPartOf":{"@id":"https:\/\/gr-100.com\/#website"},"primaryImageOfPage":{"@id":"https:\/\/gr-100.com\/producto\/specialized-s-works-aethos-ltd-sram-red-axs-2025\/#primaryimage"},"image":{"@id":"https:\/\/gr-100.com\/producto\/specialized-s-works-aethos-ltd-sram-red-axs-2025\/#primaryimage"},"thumbnailUrl":"https:\/\/gr-100.com\/wp-content\/uploads\/2024\/09\/My-project-2024-09-03T122447.531.jpeg","datePublished":"2024-09-03T10:56:33+00:00","dateModified":"2026-01-02T11:14:24+00:00","description":"Aethos, no ha renunciado a nada en cuanto a rendimiento y resulta ser el cuadro m\u00e1s ligero del mercado, pero sin comprometer el estilo.","breadcrumb":{"@id":"https:\/\/gr-100.com\/producto\/specialized-s-works-aethos-ltd-sram-red-axs-2025\/#breadcrumb"},"inLanguage":"en-US","potentialAction":[{"@type":"ReadAction","target":["https:\/\/gr-100.com\/producto\/specialized-s-works-aethos-ltd-sram-red-axs-2025\/"]}]},{"@type":"ImageObject","inLanguage":"en-US","@id":"https:\/\/gr-100.com\/producto\/specialized-s-works-aethos-ltd-sram-red-axs-2025\/#primaryimage","url":"https:\/\/gr-100.com\/wp-content\/uploads\/2024\/09\/My-project-2024-09-03T122447.531.jpeg","contentUrl":"https:\/\/gr-100.com\/wp-content\/uploads\/2024\/09\/My-project-2024-09-03T122447.531.jpeg","width":1000,"height":1000},{"@type":"BreadcrumbList","@id":"https:\/\/gr-100.com\/producto\/specialized-s-works-aethos-ltd-sram-red-axs-2025\/#breadcrumb","itemListElement":[{"@type":"ListItem","position":1,"name":"Portada","item":"https:\/\/gr-100.com\/pt-pt\/"},{"@type":"ListItem","position":2,"name":"Productos","item":"https:\/\/gr-100.com\/?post_type=product"},{"@type":"ListItem","position":3,"name":"Specialized S-Works Aethos LTD \u2013 SRAM RED AXS 2025"}]},{"@type":"WebSite","@id":"https:\/\/gr-100.com\/#website","url":"https:\/\/gr-100.com\/","name":"Gr-100 Tienda de ciclismo Specialized","description":"GR-100 tenemos todas las gamas de bicicletas Specialized al mejor precio.","publisher":{"@id":"https:\/\/gr-100.com\/#organization"},"alternateName":"Gr-100 Bikes","potentialAction":[{"@type":"SearchAction","target":{"@type":"EntryPoint","urlTemplate":"https:\/\/gr-100.com\/?s={search_term_string}"},"query-input":{"@type":"PropertyValueSpecification","valueRequired":true,"valueName":"search_term_string"}}],"inLanguage":"en-US"},{"@type":"Organization","@id":"https:\/\/gr-100.com\/#organization","name":"Gr-100","url":"https:\/\/gr-100.com\/","logo":{"@type":"ImageObject","inLanguage":"en-US","@id":"https:\/\/gr-100.com\/#\/schema\/logo\/image\/","url":"https:\/\/gr-100.com\/wp-content\/uploads\/2023\/08\/logo-gr-100-bikes.png","contentUrl":"https:\/\/gr-100.com\/wp-content\/uploads\/2023\/08\/logo-gr-100-bikes.png","width":707,"height":284,"caption":"Gr-100"},"image":{"@id":"https:\/\/gr-100.com\/#\/schema\/logo\/image\/"},"sameAs":["https:\/\/www.facebook.com\/Gr100Bikes","https:\/\/www.instagram.com\/gr100bikes\/","https:\/\/www.tiktok.com\/@gr100bikes","https:\/\/twitter.com\/gr100mtbteam","https:\/\/www.youtube.com\/c\/GR100Specialized"]}]}},"_links":{"self":[{"href":"https:\/\/gr-100.com\/en\/wp-json\/wp\/v2\/product\/388530","targetHints":{"allow":["GET"]}}],"collection":[{"href":"https:\/\/gr-100.com\/en\/wp-json\/wp\/v2\/product"}],"about":[{"href":"https:\/\/gr-100.com\/en\/wp-json\/wp\/v2\/types\/product"}],"replies":[{"embeddable":true,"href":"https:\/\/gr-100.com\/en\/wp-json\/wp\/v2\/comments?post=388530"}],"wp:featuredmedia":[{"embeddable":true,"href":"https:\/\/gr-100.com\/en\/wp-json\/wp\/v2\/media\/388531"}],"wp:attachment":[{"href":"https:\/\/gr-100.com\/en\/wp-json\/wp\/v2\/media?parent=388530"}],"wp:term":[{"taxonomy":"product_brand","embeddable":true,"href":"https:\/\/gr-100.com\/en\/wp-json\/wp\/v2\/product_brand?post=388530"},{"taxonomy":"product_cat","embeddable":true,"href":"https:\/\/gr-100.com\/en\/wp-json\/wp\/v2\/product_cat?post=388530"},{"taxonomy":"product_tag","embeddable":true,"href":"https:\/\/gr-100.com\/en\/wp-json\/wp\/v2\/product_tag?post=388530"}],"curies":[{"name":"wp","href":"https:\/\/api.w.org\/{rel}","templated":true}]}}