{"id":388840,"date":"2024-09-04T11:36:47","date_gmt":"2024-09-04T11:36:47","guid":{"rendered":"https:\/\/gr-100.com\/?post_type=product&#038;p=388840"},"modified":"2026-03-23T21:12:35","modified_gmt":"2026-03-23T20:12:35","slug":"specialized-aethos-pro-shimano-ultegra-di2-2025","status":"publish","type":"product","link":"https:\/\/gr-100.com\/en\/producto\/specialized-aethos-pro-shimano-ultegra-di2-2025\/","title":{"rendered":"Specialized Aethos Pro &#8211; Shimano Ultegra Di2 2025"},"content":{"rendered":"<ul>\n<li>El cuadro de la Aethos se ha dise\u00f1ado con la combinaci\u00f3n perfecta de sensaci\u00f3n de conducci\u00f3n, ligereza y estilo: desde acelerar en pendientes pronunciadas y descensos t\u00e9cnicos, hasta la comodidad en el sill\u00edn durante todo el d\u00eda, incluso en los paseos m\u00e1s largos, la Aethos da en el clavo. Pero, \u00bfc\u00f3mo? Reinventando la forma tradicional de las bicicletas de carretera del pasado, hemos alterado sutilmente estas formas para ofrecer enormes ganancias en rigidez y equilibrio, todo ello sin afectar al peso ni a la durabilidad. Si a esto le a\u00f1adimos un proceso de laminado completamente nuevo que hemos perfeccionado durante d\u00e9cadas, obtenemos el cuadro m\u00e1s ligero del mercado (585 gramos, S-Works, talla 56cm). La Aethos es m\u00e1s que una nueva bicicleta, es la primera de una nueva clase.<\/li>\n<li>Un cuadro ligero no sirve de nada sin unas caracter\u00edsticas de conducci\u00f3n que inspiren confianza, por eso hemos desarrollado la Aethos para que tenga el equilibrio perfecto entre rigidez delantera y trasera combinada con una calidad de conducci\u00f3n excepcional. Mediante el estudio de la flexi\u00f3n y la respiraci\u00f3n de la fibra de carbono, hemos sido capaces de descubrir como fluyen las fuerzas a trav\u00e9s de los cuadros. Con s\u00f3lo unos pocos pedaleos te dar\u00e1s cuenta de que esta conducci\u00f3n sublime establece un nuevo est\u00e1ndar.<\/li>\n<li>Cada detalle, desde la puntera del cambio hasta el tap\u00f3n expansor de la horquilla, se ha dise\u00f1ado teniendo en cuenta el estilo, el peso y la durabilidad. Tambi\u00e9n la hemos equipado con la nueva tija de sill\u00edn de carbono Alpinist de Roval, que ahorra a\u00fan m\u00e1s peso y mejora las caracter\u00edsticas de conducci\u00f3n. Todo en pos de la conducci\u00f3n perfecta.<\/li>\n<li>ESPECIFICACIONES<br \/>\nCockpit<br \/>\nSILL\u00cdN<br \/>\nBody Geometry Power Pro with Mirror, hollow titanium rails<br \/>\nTIJA DE SILL\u00cdN<br \/>\nRoval Alpinist Carbon Seatpost<br \/>\nMANILLAR<br \/>\nS-Works Short &amp; Shallow, 125mm Drop, 75mm Reach w\/Di2 Hole<br \/>\nABRAZ. SILL\u00cdN<br \/>\nSpecialized Alloy, 30mm<br \/>\nPOTENCIA<br \/>\nSpecialized Pro SL, alloy, 4-bolt<br \/>\nCINTA<br \/>\nSupacaz Super Sticky Kush<br \/>\nFrameset<br \/>\nCUADRO<br \/>\nAethos FACT 10r Carbon, Rider First Engineered\u2122, Threaded BB, 12x142mm thru-axle, flat-mount disc<br \/>\nSuspension<br \/>\nHORQUILLA<br \/>\nFACT Carbon, 12x100mm thru-axle, flat-mount disc<br \/>\nBrakes<br \/>\nFRENO DELANTERO<br \/>\nShimano Ultegra R8170, hydraulic disc<br \/>\nFRENO TRASERO<br \/>\nShimano Ultegra R8170, hydraulic disc<br \/>\nDrivetrain<br \/>\nPLATOS<br \/>\n52\/36T<br \/>\nCASETE<br \/>\nShimano Ultegra, 12-speed, 11-30t<br \/>\nCAJA PEDALIER<br \/>\nShimano Threaded BSA BB<br \/>\nCAMBIO<br \/>\nShimano Ultegra Di2 R8150, 12-speed<br \/>\nPEDALIER<br \/>\nShimano Ultegra R8100 with 4iiiis Precision 3+ Power Meter<br \/>\nDESVIADOR<br \/>\nShimano Ultegra Di2 R8150, braze-on<br \/>\nMANDOS DE CAMBIO<br \/>\nShimano Ultegra Di2 R8170, hydraulic disc<br \/>\nCADENA<br \/>\nShimano M8100, 12-speed w\/ quick link<br \/>\nWheels &amp; tires<br \/>\nC\u00c1MARAS<br \/>\n700&#215;20-28, 48mm Presta Valve<br \/>\nRUEDA DELANTERA<br \/>\nRoval Alpinist CL II, 21mm internal width carbon rim, 33mm depth, Win Tunnel Engineered, DT for Roval 350 hub, DT Swiss Aerolite spokes, Tubeless Ready<br \/>\nRUEDA TRASERA<br \/>\nRoval Alpinist CL II, 21mm internal width carbon rim, 33mm depth, Win Tunnel Engineered, DT for Roval 350 hub, DT Swiss Aerolite spokes, Tubeless Ready<br \/>\nNEUM\u00c1TICO DEL.<br \/>\nS-works Turbo 2BR, 700x28mm<br \/>\nNEUM\u00c1TICO TRASERO<br \/>\nS-works Turbo 2BR, 700x28mm<\/li>\n<\/ul>\n","protected":false},"excerpt":{"rendered":"<p>La gama Aethos ofrece una triple garant\u00eda: un peso excepcionalmente ligero, unas caracter\u00edsticas de conducci\u00f3n perfectamente equilibradas .Este modelo monta el grupo Ultegra Di2 de Shimano, que ofrece cambios precisos y fiables, y las ruedas Roval Alpinist con bujes DT Swiss 350.<\/p>\n","protected":false},"featured_media":388841,"comment_status":"open","ping_status":"closed","template":"","meta":{"_acf_changed":false,"_et_pb_use_builder":"","_et_pb_old_content":"","_et_gb_content_width":"","inline_featured_image":false},"product_brand":[],"product_cat":[4330,20,5188,5191,5186,2409],"product_tag":[],"class_list":{"0":"post-388840","1":"product","2":"type-product","3":"status-publish","4":"has-post-thumbnail","6":"product_cat-black-friday-2","7":"product_cat-bicicletas-de-carretera","8":"product_cat-bicicletas-carretera-carbono","9":"product_cat-bicicletas-carretera-escaladoras","10":"product_cat-bicicletas-carretera-specialized","11":"product_cat-ofertas-specialized","12":"product_shipping_class-bicicletas","14":"first","15":"instock","16":"sale","17":"taxable","18":"shipping-taxable","19":"purchasable","20":"product-type-variable","21":"wvs-archive-product-wrapper"},"acf":[],"yoast_head":"<!-- This site is optimized with the Yoast SEO Premium plugin v26.7 (Yoast SEO v26.7) - https:\/\/yoast.com\/wordpress\/plugins\/seo\/ -->\n<title>Specialized Aethos Pro - Shimano Ultegra Di2 2025<\/title>\n<meta name=\"description\" content=\"Este modelo monta el grupo Ultegra Di2 de Shimano, que ofrece cambios precisos y fiables, y las ruedas Roval Alpinist con bujes DT Swiss 350.\" \/>\n<meta name=\"robots\" content=\"index, follow, max-snippet:-1, max-image-preview:large, max-video-preview:-1\" \/>\n<link rel=\"canonical\" href=\"https:\/\/gr-100.com\/producto\/specialized-aethos-pro-shimano-ultegra-di2-2025\/\" \/>\n<meta property=\"og:locale\" content=\"en_US\" \/>\n<meta property=\"og:type\" content=\"article\" \/>\n<meta property=\"og:title\" content=\"Specialized Aethos Pro - Shimano Ultegra Di2 2025\" \/>\n<meta property=\"og:description\" content=\"Este modelo monta el grupo Ultegra Di2 de Shimano, que ofrece cambios precisos y fiables, y las ruedas Roval Alpinist con bujes DT Swiss 350.\" \/>\n<meta property=\"og:url\" content=\"https:\/\/gr-100.com\/producto\/specialized-aethos-pro-shimano-ultegra-di2-2025\/\" \/>\n<meta property=\"og:site_name\" content=\"Gr-100 Tienda de ciclismo Specialized\" \/>\n<meta property=\"article:publisher\" content=\"https:\/\/www.facebook.com\/Gr100Bikes\" \/>\n<meta property=\"article:modified_time\" content=\"2026-03-23T20:12:35+00:00\" \/>\n<meta property=\"og:image\" content=\"https:\/\/gr-100.com\/wp-content\/uploads\/2024\/09\/My-project-1-9.jpeg\" \/>\n\t<meta property=\"og:image:width\" content=\"1000\" \/>\n\t<meta property=\"og:image:height\" content=\"1000\" \/>\n\t<meta property=\"og:image:type\" content=\"image\/jpeg\" \/>\n<meta name=\"twitter:card\" content=\"summary_large_image\" \/>\n<meta name=\"twitter:label1\" content=\"Est. reading time\" \/>\n\t<meta name=\"twitter:data1\" content=\"3 minutes\" \/>\n<script type=\"application\/ld+json\" class=\"yoast-schema-graph\">{\"@context\":\"https:\/\/schema.org\",\"@graph\":[{\"@type\":\"WebPage\",\"@id\":\"https:\/\/gr-100.com\/producto\/specialized-aethos-pro-shimano-ultegra-di2-2025\/\",\"url\":\"https:\/\/gr-100.com\/producto\/specialized-aethos-pro-shimano-ultegra-di2-2025\/\",\"name\":\"Specialized Aethos Pro - Shimano Ultegra Di2 2025\",\"isPartOf\":{\"@id\":\"https:\/\/gr-100.com\/#website\"},\"primaryImageOfPage\":{\"@id\":\"https:\/\/gr-100.com\/producto\/specialized-aethos-pro-shimano-ultegra-di2-2025\/#primaryimage\"},\"image\":{\"@id\":\"https:\/\/gr-100.com\/producto\/specialized-aethos-pro-shimano-ultegra-di2-2025\/#primaryimage\"},\"thumbnailUrl\":\"https:\/\/gr-100.com\/wp-content\/uploads\/2024\/09\/My-project-1-9.jpeg\",\"datePublished\":\"2024-09-04T11:36:47+00:00\",\"dateModified\":\"2026-03-23T20:12:35+00:00\",\"description\":\"Este modelo monta el grupo Ultegra Di2 de Shimano, que ofrece cambios precisos y fiables, y las ruedas Roval Alpinist con bujes DT Swiss 350.\",\"breadcrumb\":{\"@id\":\"https:\/\/gr-100.com\/producto\/specialized-aethos-pro-shimano-ultegra-di2-2025\/#breadcrumb\"},\"inLanguage\":\"en-US\",\"potentialAction\":[{\"@type\":\"ReadAction\",\"target\":[\"https:\/\/gr-100.com\/producto\/specialized-aethos-pro-shimano-ultegra-di2-2025\/\"]}]},{\"@type\":\"ImageObject\",\"inLanguage\":\"en-US\",\"@id\":\"https:\/\/gr-100.com\/producto\/specialized-aethos-pro-shimano-ultegra-di2-2025\/#primaryimage\",\"url\":\"https:\/\/gr-100.com\/wp-content\/uploads\/2024\/09\/My-project-1-9.jpeg\",\"contentUrl\":\"https:\/\/gr-100.com\/wp-content\/uploads\/2024\/09\/My-project-1-9.jpeg\",\"width\":1000,\"height\":1000},{\"@type\":\"BreadcrumbList\",\"@id\":\"https:\/\/gr-100.com\/producto\/specialized-aethos-pro-shimano-ultegra-di2-2025\/#breadcrumb\",\"itemListElement\":[{\"@type\":\"ListItem\",\"position\":1,\"name\":\"Portada\",\"item\":\"https:\/\/gr-100.com\/pt-pt\/\"},{\"@type\":\"ListItem\",\"position\":2,\"name\":\"Productos\",\"item\":\"https:\/\/gr-100.com\/?post_type=product\"},{\"@type\":\"ListItem\",\"position\":3,\"name\":\"Specialized Aethos Pro &#8211; Shimano Ultegra Di2 2025\"}]},{\"@type\":\"WebSite\",\"@id\":\"https:\/\/gr-100.com\/#website\",\"url\":\"https:\/\/gr-100.com\/\",\"name\":\"Gr-100 Tienda de ciclismo Specialized\",\"description\":\"GR-100 tenemos todas las gamas de bicicletas Specialized al mejor precio.\",\"publisher\":{\"@id\":\"https:\/\/gr-100.com\/#organization\"},\"alternateName\":\"Gr-100 Bikes\",\"potentialAction\":[{\"@type\":\"SearchAction\",\"target\":{\"@type\":\"EntryPoint\",\"urlTemplate\":\"https:\/\/gr-100.com\/?s={search_term_string}\"},\"query-input\":{\"@type\":\"PropertyValueSpecification\",\"valueRequired\":true,\"valueName\":\"search_term_string\"}}],\"inLanguage\":\"en-US\"},{\"@type\":\"Organization\",\"@id\":\"https:\/\/gr-100.com\/#organization\",\"name\":\"Gr-100\",\"url\":\"https:\/\/gr-100.com\/\",\"logo\":{\"@type\":\"ImageObject\",\"inLanguage\":\"en-US\",\"@id\":\"https:\/\/gr-100.com\/#\/schema\/logo\/image\/\",\"url\":\"https:\/\/gr-100.com\/wp-content\/uploads\/2023\/08\/logo-gr-100-bikes.png\",\"contentUrl\":\"https:\/\/gr-100.com\/wp-content\/uploads\/2023\/08\/logo-gr-100-bikes.png\",\"width\":707,\"height\":284,\"caption\":\"Gr-100\"},\"image\":{\"@id\":\"https:\/\/gr-100.com\/#\/schema\/logo\/image\/\"},\"sameAs\":[\"https:\/\/www.facebook.com\/Gr100Bikes\",\"https:\/\/www.instagram.com\/gr100bikes\/\",\"https:\/\/www.tiktok.com\/@gr100bikes\",\"https:\/\/twitter.com\/gr100mtbteam\",\"https:\/\/www.youtube.com\/c\/GR100Specialized\"]}]}<\/script>\n<!-- \/ Yoast SEO Premium plugin. -->","yoast_head_json":{"title":"Specialized Aethos Pro - Shimano Ultegra Di2 2025","description":"Este modelo monta el grupo Ultegra Di2 de Shimano, que ofrece cambios precisos y fiables, y las ruedas Roval Alpinist con bujes DT Swiss 350.","robots":{"index":"index","follow":"follow","max-snippet":"max-snippet:-1","max-image-preview":"max-image-preview:large","max-video-preview":"max-video-preview:-1"},"canonical":"https:\/\/gr-100.com\/producto\/specialized-aethos-pro-shimano-ultegra-di2-2025\/","og_locale":"en_US","og_type":"article","og_title":"Specialized Aethos Pro - Shimano Ultegra Di2 2025","og_description":"Este modelo monta el grupo Ultegra Di2 de Shimano, que ofrece cambios precisos y fiables, y las ruedas Roval Alpinist con bujes DT Swiss 350.","og_url":"https:\/\/gr-100.com\/producto\/specialized-aethos-pro-shimano-ultegra-di2-2025\/","og_site_name":"Gr-100 Tienda de ciclismo Specialized","article_publisher":"https:\/\/www.facebook.com\/Gr100Bikes","article_modified_time":"2026-03-23T20:12:35+00:00","og_image":[{"width":1000,"height":1000,"url":"https:\/\/gr-100.com\/wp-content\/uploads\/2024\/09\/My-project-1-9.jpeg","type":"image\/jpeg"}],"twitter_card":"summary_large_image","twitter_misc":{"Est. reading time":"3 minutes"},"schema":{"@context":"https:\/\/schema.org","@graph":[{"@type":"WebPage","@id":"https:\/\/gr-100.com\/producto\/specialized-aethos-pro-shimano-ultegra-di2-2025\/","url":"https:\/\/gr-100.com\/producto\/specialized-aethos-pro-shimano-ultegra-di2-2025\/","name":"Specialized Aethos Pro - Shimano Ultegra Di2 2025","isPartOf":{"@id":"https:\/\/gr-100.com\/#website"},"primaryImageOfPage":{"@id":"https:\/\/gr-100.com\/producto\/specialized-aethos-pro-shimano-ultegra-di2-2025\/#primaryimage"},"image":{"@id":"https:\/\/gr-100.com\/producto\/specialized-aethos-pro-shimano-ultegra-di2-2025\/#primaryimage"},"thumbnailUrl":"https:\/\/gr-100.com\/wp-content\/uploads\/2024\/09\/My-project-1-9.jpeg","datePublished":"2024-09-04T11:36:47+00:00","dateModified":"2026-03-23T20:12:35+00:00","description":"Este modelo monta el grupo Ultegra Di2 de Shimano, que ofrece cambios precisos y fiables, y las ruedas Roval Alpinist con bujes DT Swiss 350.","breadcrumb":{"@id":"https:\/\/gr-100.com\/producto\/specialized-aethos-pro-shimano-ultegra-di2-2025\/#breadcrumb"},"inLanguage":"en-US","potentialAction":[{"@type":"ReadAction","target":["https:\/\/gr-100.com\/producto\/specialized-aethos-pro-shimano-ultegra-di2-2025\/"]}]},{"@type":"ImageObject","inLanguage":"en-US","@id":"https:\/\/gr-100.com\/producto\/specialized-aethos-pro-shimano-ultegra-di2-2025\/#primaryimage","url":"https:\/\/gr-100.com\/wp-content\/uploads\/2024\/09\/My-project-1-9.jpeg","contentUrl":"https:\/\/gr-100.com\/wp-content\/uploads\/2024\/09\/My-project-1-9.jpeg","width":1000,"height":1000},{"@type":"BreadcrumbList","@id":"https:\/\/gr-100.com\/producto\/specialized-aethos-pro-shimano-ultegra-di2-2025\/#breadcrumb","itemListElement":[{"@type":"ListItem","position":1,"name":"Portada","item":"https:\/\/gr-100.com\/pt-pt\/"},{"@type":"ListItem","position":2,"name":"Productos","item":"https:\/\/gr-100.com\/?post_type=product"},{"@type":"ListItem","position":3,"name":"Specialized Aethos Pro &#8211; Shimano Ultegra Di2 2025"}]},{"@type":"WebSite","@id":"https:\/\/gr-100.com\/#website","url":"https:\/\/gr-100.com\/","name":"Gr-100 Tienda de ciclismo Specialized","description":"GR-100 tenemos todas las gamas de bicicletas Specialized al mejor precio.","publisher":{"@id":"https:\/\/gr-100.com\/#organization"},"alternateName":"Gr-100 Bikes","potentialAction":[{"@type":"SearchAction","target":{"@type":"EntryPoint","urlTemplate":"https:\/\/gr-100.com\/?s={search_term_string}"},"query-input":{"@type":"PropertyValueSpecification","valueRequired":true,"valueName":"search_term_string"}}],"inLanguage":"en-US"},{"@type":"Organization","@id":"https:\/\/gr-100.com\/#organization","name":"Gr-100","url":"https:\/\/gr-100.com\/","logo":{"@type":"ImageObject","inLanguage":"en-US","@id":"https:\/\/gr-100.com\/#\/schema\/logo\/image\/","url":"https:\/\/gr-100.com\/wp-content\/uploads\/2023\/08\/logo-gr-100-bikes.png","contentUrl":"https:\/\/gr-100.com\/wp-content\/uploads\/2023\/08\/logo-gr-100-bikes.png","width":707,"height":284,"caption":"Gr-100"},"image":{"@id":"https:\/\/gr-100.com\/#\/schema\/logo\/image\/"},"sameAs":["https:\/\/www.facebook.com\/Gr100Bikes","https:\/\/www.instagram.com\/gr100bikes\/","https:\/\/www.tiktok.com\/@gr100bikes","https:\/\/twitter.com\/gr100mtbteam","https:\/\/www.youtube.com\/c\/GR100Specialized"]}]}},"_links":{"self":[{"href":"https:\/\/gr-100.com\/en\/wp-json\/wp\/v2\/product\/388840","targetHints":{"allow":["GET"]}}],"collection":[{"href":"https:\/\/gr-100.com\/en\/wp-json\/wp\/v2\/product"}],"about":[{"href":"https:\/\/gr-100.com\/en\/wp-json\/wp\/v2\/types\/product"}],"replies":[{"embeddable":true,"href":"https:\/\/gr-100.com\/en\/wp-json\/wp\/v2\/comments?post=388840"}],"wp:featuredmedia":[{"embeddable":true,"href":"https:\/\/gr-100.com\/en\/wp-json\/wp\/v2\/media\/388841"}],"wp:attachment":[{"href":"https:\/\/gr-100.com\/en\/wp-json\/wp\/v2\/media?parent=388840"}],"wp:term":[{"taxonomy":"product_brand","embeddable":true,"href":"https:\/\/gr-100.com\/en\/wp-json\/wp\/v2\/product_brand?post=388840"},{"taxonomy":"product_cat","embeddable":true,"href":"https:\/\/gr-100.com\/en\/wp-json\/wp\/v2\/product_cat?post=388840"},{"taxonomy":"product_tag","embeddable":true,"href":"https:\/\/gr-100.com\/en\/wp-json\/wp\/v2\/product_tag?post=388840"}],"curies":[{"name":"wp","href":"https:\/\/api.w.org\/{rel}","templated":true}]}}