{"id":390528,"date":"2024-09-13T15:32:51","date_gmt":"2024-09-13T15:32:51","guid":{"rendered":"https:\/\/gr-100.com\/?post_type=product&#038;p=390528"},"modified":"2025-09-22T15:47:16","modified_gmt":"2025-09-22T13:47:16","slug":"pedales-look-keo-blade-carbon-ceramic-2-0-negro","status":"publish","type":"product","link":"https:\/\/gr-100.com\/en\/producto\/pedales-look-keo-blade-carbon-ceramic-2-0-negro\/","title":{"rendered":"Pedales Look Keo Blade Carbon Ceramic 2.0 Negro"},"content":{"rendered":"<ul>\n<li>La fluidez y resistencia de los rodamientos cer\u00e1micos<\/li>\n<li>Toda la rigidez y tecnolog\u00eda de la l\u00e1mina de carbono para mejorar cada pedalada<\/li>\n<li>Mayor comodidad gracias a una distribuci\u00f3n homog\u00e9nea de la fuerza del pie<\/li>\n<li>Dise\u00f1o aerodin\u00e1mico.<\/li>\n<li>Ajuste de tensi\u00f3n simplicada : Hoja en carbono con nivel de tensi\u00f3n 12 (montada)<\/li>\n<li>Dise\u00f1o aerodinamico:Un \u00e1rea frontal m\u00e1s peque\u00f1a y un perfil de borde de ataque aerodin\u00e1mico totalmente nuevo trabajan juntos para reducir la resistencia en un 2% en comparaci\u00f3n con el dise\u00f1o anterior de KEO BLADE.<\/li>\n<li>Rodamientos ceramicos: perfectamente esf\u00e9ricos y duraderos, reducen la resistencia en un 18% y prolongan la vida \u00fatil de 4 a 6 veces en comparaci\u00f3n con los rodamientos de acero convencionales.<\/li>\n<li>MATERIAL DEL EJE: Cromoly+<\/li>\n<li>CUERPO Y PLATAFORMA: Material del cuerpo Carbon \/ Superficie de apoyo 705 mm\u00b2 \/ Anchura 64 mm \/ Altura total de soporte (pedal + cala) 14,8 mm ( 8,5 + 6,3 ) \/Factor Q 53 mm.<\/li>\n<li>RESORTE Y CALAS: Los pedales se suministran con hojas de resorte de carbono montadas de 12 Nm \/ Calas pedal K\u00e9o Grip Cleat-gris<br \/>\nColor: Negro<\/li>\n<li>Peso seg\u00fan fabricante: 220g.<\/li>\n<\/ul>\n","protected":false},"excerpt":{"rendered":"<p>Los pedales Keo Blade Ceramic que giran con suavidad y son incre\u00edblemente fiables, unen ligereza y resistencia para acompa\u00f1ar a todos los ciclistas m\u00e1s exigentes. ADN LOOK a servicio de tu rendimiento.<\/p>\n","protected":false},"featured_media":390538,"comment_status":"closed","ping_status":"closed","template":"","meta":{"_acf_changed":false,"_et_pb_use_builder":"","_et_pb_old_content":"","_et_gb_content_width":"","inline_featured_image":false},"product_brand":[],"product_cat":[25,53],"product_tag":[],"class_list":{"0":"post-390528","1":"product","2":"type-product","3":"status-publish","4":"has-post-thumbnail","6":"product_cat-componentes","7":"product_cat-pedales","8":"product_shipping_class-componentes","10":"first","11":"outofstock","12":"sale","13":"taxable","14":"shipping-taxable","15":"purchasable","16":"product-type-simple"},"acf":[],"yoast_head":"<!-- This site is optimized with the Yoast SEO Premium plugin v26.7 (Yoast SEO v26.7) - https:\/\/yoast.com\/wordpress\/plugins\/seo\/ -->\n<title>Pedales Look Keo Blade Carbon Ceramic 2.0 Negro GR-100 Bikes<\/title>\n<meta name=\"description\" content=\"Giran con suavidad y son incre\u00edblemente fiables, unen ligereza y resistencia para acompa\u00f1ar a todos los ciclistas m\u00e1s exigentes.\" \/>\n<meta name=\"robots\" content=\"index, follow, max-snippet:-1, max-image-preview:large, max-video-preview:-1\" \/>\n<link rel=\"canonical\" href=\"https:\/\/gr-100.com\/producto\/pedales-look-keo-blade-carbon-ceramic-2-0-negro\/\" \/>\n<meta property=\"og:locale\" content=\"en_US\" \/>\n<meta property=\"og:type\" content=\"article\" \/>\n<meta property=\"og:title\" content=\"Pedales Look Keo Blade Carbon Ceramic 2.0 Negro\" \/>\n<meta property=\"og:description\" content=\"Giran con suavidad y son incre\u00edblemente fiables, unen ligereza y resistencia para acompa\u00f1ar a todos los ciclistas m\u00e1s exigentes.\" \/>\n<meta property=\"og:url\" content=\"https:\/\/gr-100.com\/producto\/pedales-look-keo-blade-carbon-ceramic-2-0-negro\/\" \/>\n<meta property=\"og:site_name\" content=\"Gr-100 Tienda de ciclismo Specialized\" \/>\n<meta property=\"article:publisher\" content=\"https:\/\/www.facebook.com\/Gr100Bikes\" \/>\n<meta property=\"article:modified_time\" content=\"2025-09-22T13:47:16+00:00\" \/>\n<meta property=\"og:image\" content=\"https:\/\/gr-100.com\/wp-content\/uploads\/2024\/09\/par-pedales-look-keo-blade-carbon-ceramic-2-0-negro_.jpg\" \/>\n\t<meta property=\"og:image:width\" content=\"1000\" \/>\n\t<meta property=\"og:image:height\" content=\"1000\" \/>\n\t<meta property=\"og:image:type\" content=\"image\/jpeg\" \/>\n<meta name=\"twitter:card\" content=\"summary_large_image\" \/>\n<meta name=\"twitter:label1\" content=\"Est. reading time\" \/>\n\t<meta name=\"twitter:data1\" content=\"2 minutes\" \/>\n<script type=\"application\/ld+json\" class=\"yoast-schema-graph\">{\"@context\":\"https:\/\/schema.org\",\"@graph\":[{\"@type\":\"WebPage\",\"@id\":\"https:\/\/gr-100.com\/producto\/pedales-look-keo-blade-carbon-ceramic-2-0-negro\/\",\"url\":\"https:\/\/gr-100.com\/producto\/pedales-look-keo-blade-carbon-ceramic-2-0-negro\/\",\"name\":\"Pedales Look Keo Blade Carbon Ceramic 2.0 Negro GR-100 Bikes\",\"isPartOf\":{\"@id\":\"https:\/\/gr-100.com\/#website\"},\"primaryImageOfPage\":{\"@id\":\"https:\/\/gr-100.com\/producto\/pedales-look-keo-blade-carbon-ceramic-2-0-negro\/#primaryimage\"},\"image\":{\"@id\":\"https:\/\/gr-100.com\/producto\/pedales-look-keo-blade-carbon-ceramic-2-0-negro\/#primaryimage\"},\"thumbnailUrl\":\"https:\/\/gr-100.com\/wp-content\/uploads\/2024\/09\/par-pedales-look-keo-blade-carbon-ceramic-2-0-negro_.jpg\",\"datePublished\":\"2024-09-13T15:32:51+00:00\",\"dateModified\":\"2025-09-22T13:47:16+00:00\",\"description\":\"Giran con suavidad y son incre\u00edblemente fiables, unen ligereza y resistencia para acompa\u00f1ar a todos los ciclistas m\u00e1s exigentes.\",\"breadcrumb\":{\"@id\":\"https:\/\/gr-100.com\/producto\/pedales-look-keo-blade-carbon-ceramic-2-0-negro\/#breadcrumb\"},\"inLanguage\":\"en-US\",\"potentialAction\":[{\"@type\":\"ReadAction\",\"target\":[\"https:\/\/gr-100.com\/producto\/pedales-look-keo-blade-carbon-ceramic-2-0-negro\/\"]}]},{\"@type\":\"ImageObject\",\"inLanguage\":\"en-US\",\"@id\":\"https:\/\/gr-100.com\/producto\/pedales-look-keo-blade-carbon-ceramic-2-0-negro\/#primaryimage\",\"url\":\"https:\/\/gr-100.com\/wp-content\/uploads\/2024\/09\/par-pedales-look-keo-blade-carbon-ceramic-2-0-negro_.jpg\",\"contentUrl\":\"https:\/\/gr-100.com\/wp-content\/uploads\/2024\/09\/par-pedales-look-keo-blade-carbon-ceramic-2-0-negro_.jpg\",\"width\":1000,\"height\":1000},{\"@type\":\"BreadcrumbList\",\"@id\":\"https:\/\/gr-100.com\/producto\/pedales-look-keo-blade-carbon-ceramic-2-0-negro\/#breadcrumb\",\"itemListElement\":[{\"@type\":\"ListItem\",\"position\":1,\"name\":\"Portada\",\"item\":\"https:\/\/gr-100.com\/pt-pt\/\"},{\"@type\":\"ListItem\",\"position\":2,\"name\":\"Productos\",\"item\":\"https:\/\/gr-100.com\/?post_type=product\"},{\"@type\":\"ListItem\",\"position\":3,\"name\":\"Pedales Look Keo Blade Carbon Ceramic 2.0 Negro\"}]},{\"@type\":\"WebSite\",\"@id\":\"https:\/\/gr-100.com\/#website\",\"url\":\"https:\/\/gr-100.com\/\",\"name\":\"Gr-100 Tienda de ciclismo Specialized\",\"description\":\"GR-100 tenemos todas las gamas de bicicletas Specialized al mejor precio.\",\"publisher\":{\"@id\":\"https:\/\/gr-100.com\/#organization\"},\"alternateName\":\"Gr-100 Bikes\",\"potentialAction\":[{\"@type\":\"SearchAction\",\"target\":{\"@type\":\"EntryPoint\",\"urlTemplate\":\"https:\/\/gr-100.com\/?s={search_term_string}\"},\"query-input\":{\"@type\":\"PropertyValueSpecification\",\"valueRequired\":true,\"valueName\":\"search_term_string\"}}],\"inLanguage\":\"en-US\"},{\"@type\":\"Organization\",\"@id\":\"https:\/\/gr-100.com\/#organization\",\"name\":\"Gr-100\",\"url\":\"https:\/\/gr-100.com\/\",\"logo\":{\"@type\":\"ImageObject\",\"inLanguage\":\"en-US\",\"@id\":\"https:\/\/gr-100.com\/#\/schema\/logo\/image\/\",\"url\":\"https:\/\/gr-100.com\/wp-content\/uploads\/2023\/08\/logo-gr-100-bikes.png\",\"contentUrl\":\"https:\/\/gr-100.com\/wp-content\/uploads\/2023\/08\/logo-gr-100-bikes.png\",\"width\":707,\"height\":284,\"caption\":\"Gr-100\"},\"image\":{\"@id\":\"https:\/\/gr-100.com\/#\/schema\/logo\/image\/\"},\"sameAs\":[\"https:\/\/www.facebook.com\/Gr100Bikes\",\"https:\/\/www.instagram.com\/gr100bikes\/\",\"https:\/\/www.tiktok.com\/@gr100bikes\",\"https:\/\/twitter.com\/gr100mtbteam\",\"https:\/\/www.youtube.com\/c\/GR100Specialized\"]}]}<\/script>\n<!-- \/ Yoast SEO Premium plugin. -->","yoast_head_json":{"title":"Pedales Look Keo Blade Carbon Ceramic 2.0 Negro GR-100 Bikes","description":"Giran con suavidad y son incre\u00edblemente fiables, unen ligereza y resistencia para acompa\u00f1ar a todos los ciclistas m\u00e1s exigentes.","robots":{"index":"index","follow":"follow","max-snippet":"max-snippet:-1","max-image-preview":"max-image-preview:large","max-video-preview":"max-video-preview:-1"},"canonical":"https:\/\/gr-100.com\/producto\/pedales-look-keo-blade-carbon-ceramic-2-0-negro\/","og_locale":"en_US","og_type":"article","og_title":"Pedales Look Keo Blade Carbon Ceramic 2.0 Negro","og_description":"Giran con suavidad y son incre\u00edblemente fiables, unen ligereza y resistencia para acompa\u00f1ar a todos los ciclistas m\u00e1s exigentes.","og_url":"https:\/\/gr-100.com\/producto\/pedales-look-keo-blade-carbon-ceramic-2-0-negro\/","og_site_name":"Gr-100 Tienda de ciclismo Specialized","article_publisher":"https:\/\/www.facebook.com\/Gr100Bikes","article_modified_time":"2025-09-22T13:47:16+00:00","og_image":[{"width":1000,"height":1000,"url":"https:\/\/gr-100.com\/wp-content\/uploads\/2024\/09\/par-pedales-look-keo-blade-carbon-ceramic-2-0-negro_.jpg","type":"image\/jpeg"}],"twitter_card":"summary_large_image","twitter_misc":{"Est. reading time":"2 minutes"},"schema":{"@context":"https:\/\/schema.org","@graph":[{"@type":"WebPage","@id":"https:\/\/gr-100.com\/producto\/pedales-look-keo-blade-carbon-ceramic-2-0-negro\/","url":"https:\/\/gr-100.com\/producto\/pedales-look-keo-blade-carbon-ceramic-2-0-negro\/","name":"Pedales Look Keo Blade Carbon Ceramic 2.0 Negro GR-100 Bikes","isPartOf":{"@id":"https:\/\/gr-100.com\/#website"},"primaryImageOfPage":{"@id":"https:\/\/gr-100.com\/producto\/pedales-look-keo-blade-carbon-ceramic-2-0-negro\/#primaryimage"},"image":{"@id":"https:\/\/gr-100.com\/producto\/pedales-look-keo-blade-carbon-ceramic-2-0-negro\/#primaryimage"},"thumbnailUrl":"https:\/\/gr-100.com\/wp-content\/uploads\/2024\/09\/par-pedales-look-keo-blade-carbon-ceramic-2-0-negro_.jpg","datePublished":"2024-09-13T15:32:51+00:00","dateModified":"2025-09-22T13:47:16+00:00","description":"Giran con suavidad y son incre\u00edblemente fiables, unen ligereza y resistencia para acompa\u00f1ar a todos los ciclistas m\u00e1s exigentes.","breadcrumb":{"@id":"https:\/\/gr-100.com\/producto\/pedales-look-keo-blade-carbon-ceramic-2-0-negro\/#breadcrumb"},"inLanguage":"en-US","potentialAction":[{"@type":"ReadAction","target":["https:\/\/gr-100.com\/producto\/pedales-look-keo-blade-carbon-ceramic-2-0-negro\/"]}]},{"@type":"ImageObject","inLanguage":"en-US","@id":"https:\/\/gr-100.com\/producto\/pedales-look-keo-blade-carbon-ceramic-2-0-negro\/#primaryimage","url":"https:\/\/gr-100.com\/wp-content\/uploads\/2024\/09\/par-pedales-look-keo-blade-carbon-ceramic-2-0-negro_.jpg","contentUrl":"https:\/\/gr-100.com\/wp-content\/uploads\/2024\/09\/par-pedales-look-keo-blade-carbon-ceramic-2-0-negro_.jpg","width":1000,"height":1000},{"@type":"BreadcrumbList","@id":"https:\/\/gr-100.com\/producto\/pedales-look-keo-blade-carbon-ceramic-2-0-negro\/#breadcrumb","itemListElement":[{"@type":"ListItem","position":1,"name":"Portada","item":"https:\/\/gr-100.com\/pt-pt\/"},{"@type":"ListItem","position":2,"name":"Productos","item":"https:\/\/gr-100.com\/?post_type=product"},{"@type":"ListItem","position":3,"name":"Pedales Look Keo Blade Carbon Ceramic 2.0 Negro"}]},{"@type":"WebSite","@id":"https:\/\/gr-100.com\/#website","url":"https:\/\/gr-100.com\/","name":"Gr-100 Tienda de ciclismo Specialized","description":"GR-100 tenemos todas las gamas de bicicletas Specialized al mejor precio.","publisher":{"@id":"https:\/\/gr-100.com\/#organization"},"alternateName":"Gr-100 Bikes","potentialAction":[{"@type":"SearchAction","target":{"@type":"EntryPoint","urlTemplate":"https:\/\/gr-100.com\/?s={search_term_string}"},"query-input":{"@type":"PropertyValueSpecification","valueRequired":true,"valueName":"search_term_string"}}],"inLanguage":"en-US"},{"@type":"Organization","@id":"https:\/\/gr-100.com\/#organization","name":"Gr-100","url":"https:\/\/gr-100.com\/","logo":{"@type":"ImageObject","inLanguage":"en-US","@id":"https:\/\/gr-100.com\/#\/schema\/logo\/image\/","url":"https:\/\/gr-100.com\/wp-content\/uploads\/2023\/08\/logo-gr-100-bikes.png","contentUrl":"https:\/\/gr-100.com\/wp-content\/uploads\/2023\/08\/logo-gr-100-bikes.png","width":707,"height":284,"caption":"Gr-100"},"image":{"@id":"https:\/\/gr-100.com\/#\/schema\/logo\/image\/"},"sameAs":["https:\/\/www.facebook.com\/Gr100Bikes","https:\/\/www.instagram.com\/gr100bikes\/","https:\/\/www.tiktok.com\/@gr100bikes","https:\/\/twitter.com\/gr100mtbteam","https:\/\/www.youtube.com\/c\/GR100Specialized"]}]}},"_links":{"self":[{"href":"https:\/\/gr-100.com\/en\/wp-json\/wp\/v2\/product\/390528","targetHints":{"allow":["GET"]}}],"collection":[{"href":"https:\/\/gr-100.com\/en\/wp-json\/wp\/v2\/product"}],"about":[{"href":"https:\/\/gr-100.com\/en\/wp-json\/wp\/v2\/types\/product"}],"replies":[{"embeddable":true,"href":"https:\/\/gr-100.com\/en\/wp-json\/wp\/v2\/comments?post=390528"}],"wp:featuredmedia":[{"embeddable":true,"href":"https:\/\/gr-100.com\/en\/wp-json\/wp\/v2\/media\/390538"}],"wp:attachment":[{"href":"https:\/\/gr-100.com\/en\/wp-json\/wp\/v2\/media?parent=390528"}],"wp:term":[{"taxonomy":"product_brand","embeddable":true,"href":"https:\/\/gr-100.com\/en\/wp-json\/wp\/v2\/product_brand?post=390528"},{"taxonomy":"product_cat","embeddable":true,"href":"https:\/\/gr-100.com\/en\/wp-json\/wp\/v2\/product_cat?post=390528"},{"taxonomy":"product_tag","embeddable":true,"href":"https:\/\/gr-100.com\/en\/wp-json\/wp\/v2\/product_tag?post=390528"}],"curies":[{"name":"wp","href":"https:\/\/api.w.org\/{rel}","templated":true}]}}