{"id":390662,"date":"2024-09-23T11:46:09","date_gmt":"2024-09-23T11:46:09","guid":{"rendered":"https:\/\/gr-100.com\/?post_type=product&#038;p=390662"},"modified":"2025-12-19T12:00:26","modified_gmt":"2025-12-19T10:00:26","slug":"specialized-roubaix-sl8-expert-2025","status":"publish","type":"product","link":"https:\/\/gr-100.com\/en\/producto\/specialized-roubaix-sl8-expert-2025\/","title":{"rendered":"Specialized Roubaix SL8 Expert 2025"},"content":{"rendered":"<ul>\n<li>COMODIDAD: El Future Shock 3.0 es la estrella del espect\u00e1culo, m\u00e1s ajustable y duradero que nunca. Ahora, independientemente de la posici\u00f3n en la bicicleta, cada ciclista experimenta 20 mm de recorrido suave y sin adherencias entre la potencia y el tubo de direcci\u00f3n. Future Shock ayuda a mantener las manos y el manillar firmes para una conducci\u00f3n m\u00e1s suave y con m\u00e1s control para rodar r\u00e1pido, seguro y con confianza.<\/li>\n<li>Nuestro dise\u00f1o con la abrazadera de la tija m\u00e1s baja expone m\u00e1s tija de sill\u00edn para aumentar la flexi\u00f3n, pero &#8220;m\u00e1s&#8221; no es simplemente mejor. La tija de sill\u00edn Pav\u00e9 controla esa flexi\u00f3n para obtener una comodidad vertical \u00f3ptima. Juntos crean la tecnolog\u00eda AfterShock, y cuando se combinan con el tri\u00e1ngulo trasero r\u00edgido de la Roubaix, proporcionan una conducci\u00f3n suave sin p\u00e9rdida de eficiencia.<\/li>\n<li>La Roubaix SL8 es la bicicleta de carretera m\u00e1s c\u00f3moda que nuestro equipo de Ride Science ha probado jam\u00e1s, reduciendo los impactos en el manillar y el sill\u00edn en un 53% frente a la competencia m\u00e1s cercana. Con el Future Shock 3.0 de Roubaix, la rueda se desplaza r\u00e1pidamente sobre el bache, mientras que la masa del ciclista permanece estable, manteniendo el impulso en terrenos abruptos. Las horquillas tradicionales flexan hacia atr\u00e1s ante un impacto, causando una p\u00e9rdida medible de velocidad. Es un hecho cient\u00edfico, m\u00e1s c\u00f3modo es m\u00e1s r\u00e1pido.<\/li>\n<li>CAPACIDAD: La Roubaix fue pionera en la geometr\u00eda de la categor\u00eda endurance, por lo que se conduce &#8220;EN&#8221; la bicicleta, no &#8220;SOBRE&#8221; la bicicleta para aliviar la presi\u00f3n sobre las manos, los brazos y los hombros para ofrecer confianza en cualquier carretera, y est\u00e1 preparada para afrontar un descenso en monta\u00f1a a toda velocidad. \u00a1Ac\u00f3plate!<\/li>\n<li>Con una capacidad para neum\u00e1ticos de hasta 38c\/40mm, esta m\u00e1quina de carretera endurance ofrece mejor tracci\u00f3n que nunca en caminos abruptos e incluso gravel ligero. Gracias a su ligera y eficiencia, los neum\u00e1ticos Specialized ofrecen un volumen extra y mayor tracci\u00f3n sin comprometer el rendimiento.<\/li>\n<li>La Roubaix nos inspira para planear d\u00edas realmente GRANDES sobre la bicicleta, por lo que le hemos dado todos los soportes que tus aventuras podr\u00edan necesitar: tres soportes para portabidones, soportes para el tubo superior e incluso est\u00e1 preparada para guardabarros. As\u00ed que, adelante, ll\u00e9valo todo contigo.<\/li>\n<li>RENDIMIENTO: La nueva Roubaix SL8 es la m\u00e1s aerodin\u00e1mica hasta la fecha, con nuevas formas aerodin\u00e1micas extraidas de nuestra biblioteca Free Foil y tirantes bajos. Con s\u00f3lo 950 gramos, el cuadro es m\u00e1s ligero gracias a las lecciones aprendidas del Aethos -el cuadro de producci\u00f3n m\u00e1s ligero del mundo- y nuestra fibra de carbono Fact 10r de primera calidad. Nada en su categor\u00eda es m\u00e1s r\u00e1pido o ligero que la Roubaix.<\/li>\n<li><span class=\"Collapsible__ExpandItem open\" role=\"button\">ESPECIFICACIONES<\/span>\n<div class=\"spec-section\">\n<div class=\"product-specification\">\n<p>Cockpit<\/p>\n<dl>\n<dt>SILL\u00cdN<\/dt>\n<dd>Body Geometry Power Expert<\/dd>\n<\/dl>\n<dl>\n<dt>POTENCIA<\/dt>\n<dd>Future Stem Pro<\/dd>\n<\/dl>\n<dl>\n<dt>ABRAZ. SILL\u00cdN<\/dt>\n<dd>Hidden drop clamp<\/dd>\n<\/dl>\n<dl>\n<dt>TIJA DE SILL\u00cdN<\/dt>\n<dd>S-Works Pave Seat post<\/dd>\n<\/dl>\n<dl>\n<dt>MANILLAR<\/dt>\n<dd>Specialized Hover Expert, Alloy, 125mm Drop, 75mm Reach w\/Di2 Hole<\/dd>\n<\/dl>\n<dl>\n<dt>CINTA<\/dt>\n<dd>Supacaz Super Sticky Kush<\/dd>\n<\/dl>\n<\/div>\n<div class=\"product-specification\">\n<p>Drivetrain<\/p>\n<dl>\n<dt>CADENA<\/dt>\n<dd>SRAM Rival, 12-Speed<\/dd>\n<\/dl>\n<dl>\n<dt>CASETE<\/dt>\n<dd>SRAM XG 1250, 10-36T<\/dd>\n<\/dl>\n<dl>\n<dt>CAJA PEDALIER<\/dt>\n<dd>SRAM DUB BSA<\/dd>\n<\/dl>\n<dl>\n<dt>MANDOS DE CAMBIO<\/dt>\n<dd>SRAM Rival eTAP AXS, 12-speed<\/dd>\n<\/dl>\n<dl>\n<dt>DESVIADOR<\/dt>\n<dd>SRAM Rival eTAP AXS, 12-speed<\/dd>\n<\/dl>\n<dl>\n<dt>CAMBIO<\/dt>\n<dd>SRAM Rival eTAP AXS, 12-speed<\/dd>\n<\/dl>\n<dl>\n<dt>PEDALIER<\/dt>\n<dd>SRAM Rival AXS w\/Power, 12-speed<\/dd>\n<\/dl>\n<dl>\n<dt>PLATOS<\/dt>\n<dd>46\/33T<\/dd>\n<\/dl>\n<\/div>\n<div class=\"product-specification\">\n<p>Wheels &amp; tires<\/p>\n<dl>\n<dt>C\u00c1MARAS<\/dt>\n<dd>700&#215;28\/38mm, 48mm Presta valve<\/dd>\n<\/dl>\n<dl>\n<dt>NEUM\u00c1TICO DEL.<\/dt>\n<dd>S-Works Mondo 2BR, 700x32c<\/dd>\n<\/dl>\n<dl>\n<dt>NEUM\u00c1TICO TRASERO<\/dt>\n<dd>S-Works Mondo 2BR, 700x32c<\/dd>\n<\/dl>\n<dl>\n<dt>RUEDA DELANTERA<\/dt>\n<dd>Roval Terra C, 25mm inner width carbon rim, 32mm depth, NEW DT 370 hub, 24h, DT Swiss Comp Race spokes<\/dd>\n<\/dl>\n<dl>\n<dt>RUEDA TRASERA<\/dt>\n<dd>Roval Terra C, 25mm inner width carbon rim, 32mm depth, NEW DT 370 Star Ratchet hub, 24h, DT Swiss Comp Race spokes<\/dd>\n<\/dl>\n<\/div>\n<div class=\"product-specification\">\n<p>Frameset<\/p>\n<dl>\n<dt>CUADRO<\/dt>\n<dd>FACT 10R, Rider First Engineered\u2122 (RFE), FreeFoil Shape Library tubes, threaded BB, 12x142mm thru-axle, flat-mount disc<\/dd>\n<\/dl>\n<\/div>\n<div class=\"product-specification\">\n<p>Suspension<\/p>\n<dl>\n<dt>HORQUILLA<\/dt>\n<dd>Future Shock 3.2 w\/ Smooth Boot, FACT Carbon 12x100mm, thru-axle, flat-mount disc<\/dd>\n<\/dl>\n<\/div>\n<div class=\"product-specification\">\n<p>Brakes<\/p>\n<dl>\n<dt>FRENO DELANTERO<\/dt>\n<dd>SRAM Rival Hydraulic Disc<\/dd>\n<\/dl>\n<dl>\n<dt>FRENO TRASERO<\/dt>\n<dd>SRAM Rival eTAP AXS, hydraulic disc<\/dd>\n<\/dl>\n<\/div>\n<\/div>\n<\/li>\n<\/ul>\n","protected":false},"excerpt":{"rendered":"<p>La nueva Roubaix SL8 con Future Shock 3.0 es m\u00e1s ligera, r\u00e1pida y c\u00f3moda que cualquier bicicleta de carretera jam\u00e1s fabricada, ofreciendo al ciclista una confianza inigualable.<\/p>\n","protected":false},"featured_media":390928,"comment_status":"open","ping_status":"closed","template":"","meta":{"_acf_changed":false,"_et_pb_use_builder":"","_et_pb_old_content":"","_et_gb_content_width":"","inline_featured_image":false},"product_brand":[],"product_cat":[20,2409],"product_tag":[],"class_list":{"0":"post-390662","1":"product","2":"type-product","3":"status-publish","4":"has-post-thumbnail","6":"product_cat-bicicletas-de-carretera","7":"product_cat-ofertas-specialized","8":"product_shipping_class-bicicletas","10":"first","11":"outofstock","12":"taxable","13":"shipping-taxable","14":"product-type-variable","15":"wvs-archive-product-wrapper"},"acf":[],"yoast_head":"<!-- This site is optimized with the Yoast SEO Premium plugin v26.7 (Yoast SEO v26.7) - https:\/\/yoast.com\/wordpress\/plugins\/seo\/ -->\n<title>Specialized Roubaix SL8 Expert 2025 GR-100<\/title>\n<meta name=\"description\" content=\"La nueva Roubaix SL8 con Future Shock 3.0 es m\u00e1s ligera, r\u00e1pida y c\u00f3moda que cualquier bicicleta de carretera jam\u00e1s fabricada.\" \/>\n<meta name=\"robots\" content=\"index, follow, max-snippet:-1, max-image-preview:large, max-video-preview:-1\" \/>\n<link rel=\"canonical\" href=\"https:\/\/gr-100.com\/producto\/specialized-roubaix-sl8-expert-2025\/\" \/>\n<meta property=\"og:locale\" content=\"en_US\" \/>\n<meta property=\"og:type\" content=\"article\" \/>\n<meta property=\"og:title\" content=\"Specialized Roubaix SL8 Expert 2025\" \/>\n<meta property=\"og:description\" content=\"La nueva Roubaix SL8 con Future Shock 3.0 es m\u00e1s ligera, r\u00e1pida y c\u00f3moda que cualquier bicicleta de carretera jam\u00e1s fabricada.\" \/>\n<meta property=\"og:url\" content=\"https:\/\/gr-100.com\/producto\/specialized-roubaix-sl8-expert-2025\/\" \/>\n<meta property=\"og:site_name\" content=\"Gr-100 Tienda de ciclismo Specialized\" \/>\n<meta property=\"article:publisher\" content=\"https:\/\/www.facebook.com\/Gr100Bikes\" \/>\n<meta property=\"article:modified_time\" content=\"2025-12-19T10:00:26+00:00\" \/>\n<meta property=\"og:image\" content=\"https:\/\/gr-100.com\/wp-content\/uploads\/2024\/09\/My-project-2024-09-23T134230.658.jpeg\" \/>\n\t<meta property=\"og:image:width\" content=\"1000\" \/>\n\t<meta property=\"og:image:height\" content=\"1000\" \/>\n\t<meta property=\"og:image:type\" content=\"image\/jpeg\" \/>\n<meta name=\"twitter:card\" content=\"summary_large_image\" \/>\n<meta name=\"twitter:label1\" content=\"Est. reading time\" \/>\n\t<meta name=\"twitter:data1\" content=\"4 minutes\" \/>\n<script type=\"application\/ld+json\" class=\"yoast-schema-graph\">{\"@context\":\"https:\/\/schema.org\",\"@graph\":[{\"@type\":\"WebPage\",\"@id\":\"https:\/\/gr-100.com\/producto\/specialized-roubaix-sl8-expert-2025\/\",\"url\":\"https:\/\/gr-100.com\/producto\/specialized-roubaix-sl8-expert-2025\/\",\"name\":\"Specialized Roubaix SL8 Expert 2025 GR-100\",\"isPartOf\":{\"@id\":\"https:\/\/gr-100.com\/#website\"},\"primaryImageOfPage\":{\"@id\":\"https:\/\/gr-100.com\/producto\/specialized-roubaix-sl8-expert-2025\/#primaryimage\"},\"image\":{\"@id\":\"https:\/\/gr-100.com\/producto\/specialized-roubaix-sl8-expert-2025\/#primaryimage\"},\"thumbnailUrl\":\"https:\/\/gr-100.com\/wp-content\/uploads\/2024\/09\/My-project-2024-09-23T134230.658.jpeg\",\"datePublished\":\"2024-09-23T11:46:09+00:00\",\"dateModified\":\"2025-12-19T10:00:26+00:00\",\"description\":\"La nueva Roubaix SL8 con Future Shock 3.0 es m\u00e1s ligera, r\u00e1pida y c\u00f3moda que cualquier bicicleta de carretera jam\u00e1s fabricada.\",\"breadcrumb\":{\"@id\":\"https:\/\/gr-100.com\/producto\/specialized-roubaix-sl8-expert-2025\/#breadcrumb\"},\"inLanguage\":\"en-US\",\"potentialAction\":[{\"@type\":\"ReadAction\",\"target\":[\"https:\/\/gr-100.com\/producto\/specialized-roubaix-sl8-expert-2025\/\"]}]},{\"@type\":\"ImageObject\",\"inLanguage\":\"en-US\",\"@id\":\"https:\/\/gr-100.com\/producto\/specialized-roubaix-sl8-expert-2025\/#primaryimage\",\"url\":\"https:\/\/gr-100.com\/wp-content\/uploads\/2024\/09\/My-project-2024-09-23T134230.658.jpeg\",\"contentUrl\":\"https:\/\/gr-100.com\/wp-content\/uploads\/2024\/09\/My-project-2024-09-23T134230.658.jpeg\",\"width\":1000,\"height\":1000},{\"@type\":\"BreadcrumbList\",\"@id\":\"https:\/\/gr-100.com\/producto\/specialized-roubaix-sl8-expert-2025\/#breadcrumb\",\"itemListElement\":[{\"@type\":\"ListItem\",\"position\":1,\"name\":\"Portada\",\"item\":\"https:\/\/gr-100.com\/pt-pt\/\"},{\"@type\":\"ListItem\",\"position\":2,\"name\":\"Productos\",\"item\":\"https:\/\/gr-100.com\/?post_type=product\"},{\"@type\":\"ListItem\",\"position\":3,\"name\":\"Specialized Roubaix SL8 Expert 2025\"}]},{\"@type\":\"WebSite\",\"@id\":\"https:\/\/gr-100.com\/#website\",\"url\":\"https:\/\/gr-100.com\/\",\"name\":\"Gr-100 Tienda de ciclismo Specialized\",\"description\":\"GR-100 tenemos todas las gamas de bicicletas Specialized al mejor precio.\",\"publisher\":{\"@id\":\"https:\/\/gr-100.com\/#organization\"},\"alternateName\":\"Gr-100 Bikes\",\"potentialAction\":[{\"@type\":\"SearchAction\",\"target\":{\"@type\":\"EntryPoint\",\"urlTemplate\":\"https:\/\/gr-100.com\/?s={search_term_string}\"},\"query-input\":{\"@type\":\"PropertyValueSpecification\",\"valueRequired\":true,\"valueName\":\"search_term_string\"}}],\"inLanguage\":\"en-US\"},{\"@type\":\"Organization\",\"@id\":\"https:\/\/gr-100.com\/#organization\",\"name\":\"Gr-100\",\"url\":\"https:\/\/gr-100.com\/\",\"logo\":{\"@type\":\"ImageObject\",\"inLanguage\":\"en-US\",\"@id\":\"https:\/\/gr-100.com\/#\/schema\/logo\/image\/\",\"url\":\"https:\/\/gr-100.com\/wp-content\/uploads\/2023\/08\/logo-gr-100-bikes.png\",\"contentUrl\":\"https:\/\/gr-100.com\/wp-content\/uploads\/2023\/08\/logo-gr-100-bikes.png\",\"width\":707,\"height\":284,\"caption\":\"Gr-100\"},\"image\":{\"@id\":\"https:\/\/gr-100.com\/#\/schema\/logo\/image\/\"},\"sameAs\":[\"https:\/\/www.facebook.com\/Gr100Bikes\",\"https:\/\/www.instagram.com\/gr100bikes\/\",\"https:\/\/www.tiktok.com\/@gr100bikes\",\"https:\/\/twitter.com\/gr100mtbteam\",\"https:\/\/www.youtube.com\/c\/GR100Specialized\"]}]}<\/script>\n<!-- \/ Yoast SEO Premium plugin. -->","yoast_head_json":{"title":"Specialized Roubaix SL8 Expert 2025 GR-100","description":"La nueva Roubaix SL8 con Future Shock 3.0 es m\u00e1s ligera, r\u00e1pida y c\u00f3moda que cualquier bicicleta de carretera jam\u00e1s fabricada.","robots":{"index":"index","follow":"follow","max-snippet":"max-snippet:-1","max-image-preview":"max-image-preview:large","max-video-preview":"max-video-preview:-1"},"canonical":"https:\/\/gr-100.com\/producto\/specialized-roubaix-sl8-expert-2025\/","og_locale":"en_US","og_type":"article","og_title":"Specialized Roubaix SL8 Expert 2025","og_description":"La nueva Roubaix SL8 con Future Shock 3.0 es m\u00e1s ligera, r\u00e1pida y c\u00f3moda que cualquier bicicleta de carretera jam\u00e1s fabricada.","og_url":"https:\/\/gr-100.com\/producto\/specialized-roubaix-sl8-expert-2025\/","og_site_name":"Gr-100 Tienda de ciclismo Specialized","article_publisher":"https:\/\/www.facebook.com\/Gr100Bikes","article_modified_time":"2025-12-19T10:00:26+00:00","og_image":[{"width":1000,"height":1000,"url":"https:\/\/gr-100.com\/wp-content\/uploads\/2024\/09\/My-project-2024-09-23T134230.658.jpeg","type":"image\/jpeg"}],"twitter_card":"summary_large_image","twitter_misc":{"Est. reading time":"4 minutes"},"schema":{"@context":"https:\/\/schema.org","@graph":[{"@type":"WebPage","@id":"https:\/\/gr-100.com\/producto\/specialized-roubaix-sl8-expert-2025\/","url":"https:\/\/gr-100.com\/producto\/specialized-roubaix-sl8-expert-2025\/","name":"Specialized Roubaix SL8 Expert 2025 GR-100","isPartOf":{"@id":"https:\/\/gr-100.com\/#website"},"primaryImageOfPage":{"@id":"https:\/\/gr-100.com\/producto\/specialized-roubaix-sl8-expert-2025\/#primaryimage"},"image":{"@id":"https:\/\/gr-100.com\/producto\/specialized-roubaix-sl8-expert-2025\/#primaryimage"},"thumbnailUrl":"https:\/\/gr-100.com\/wp-content\/uploads\/2024\/09\/My-project-2024-09-23T134230.658.jpeg","datePublished":"2024-09-23T11:46:09+00:00","dateModified":"2025-12-19T10:00:26+00:00","description":"La nueva Roubaix SL8 con Future Shock 3.0 es m\u00e1s ligera, r\u00e1pida y c\u00f3moda que cualquier bicicleta de carretera jam\u00e1s fabricada.","breadcrumb":{"@id":"https:\/\/gr-100.com\/producto\/specialized-roubaix-sl8-expert-2025\/#breadcrumb"},"inLanguage":"en-US","potentialAction":[{"@type":"ReadAction","target":["https:\/\/gr-100.com\/producto\/specialized-roubaix-sl8-expert-2025\/"]}]},{"@type":"ImageObject","inLanguage":"en-US","@id":"https:\/\/gr-100.com\/producto\/specialized-roubaix-sl8-expert-2025\/#primaryimage","url":"https:\/\/gr-100.com\/wp-content\/uploads\/2024\/09\/My-project-2024-09-23T134230.658.jpeg","contentUrl":"https:\/\/gr-100.com\/wp-content\/uploads\/2024\/09\/My-project-2024-09-23T134230.658.jpeg","width":1000,"height":1000},{"@type":"BreadcrumbList","@id":"https:\/\/gr-100.com\/producto\/specialized-roubaix-sl8-expert-2025\/#breadcrumb","itemListElement":[{"@type":"ListItem","position":1,"name":"Portada","item":"https:\/\/gr-100.com\/pt-pt\/"},{"@type":"ListItem","position":2,"name":"Productos","item":"https:\/\/gr-100.com\/?post_type=product"},{"@type":"ListItem","position":3,"name":"Specialized Roubaix SL8 Expert 2025"}]},{"@type":"WebSite","@id":"https:\/\/gr-100.com\/#website","url":"https:\/\/gr-100.com\/","name":"Gr-100 Tienda de ciclismo Specialized","description":"GR-100 tenemos todas las gamas de bicicletas Specialized al mejor precio.","publisher":{"@id":"https:\/\/gr-100.com\/#organization"},"alternateName":"Gr-100 Bikes","potentialAction":[{"@type":"SearchAction","target":{"@type":"EntryPoint","urlTemplate":"https:\/\/gr-100.com\/?s={search_term_string}"},"query-input":{"@type":"PropertyValueSpecification","valueRequired":true,"valueName":"search_term_string"}}],"inLanguage":"en-US"},{"@type":"Organization","@id":"https:\/\/gr-100.com\/#organization","name":"Gr-100","url":"https:\/\/gr-100.com\/","logo":{"@type":"ImageObject","inLanguage":"en-US","@id":"https:\/\/gr-100.com\/#\/schema\/logo\/image\/","url":"https:\/\/gr-100.com\/wp-content\/uploads\/2023\/08\/logo-gr-100-bikes.png","contentUrl":"https:\/\/gr-100.com\/wp-content\/uploads\/2023\/08\/logo-gr-100-bikes.png","width":707,"height":284,"caption":"Gr-100"},"image":{"@id":"https:\/\/gr-100.com\/#\/schema\/logo\/image\/"},"sameAs":["https:\/\/www.facebook.com\/Gr100Bikes","https:\/\/www.instagram.com\/gr100bikes\/","https:\/\/www.tiktok.com\/@gr100bikes","https:\/\/twitter.com\/gr100mtbteam","https:\/\/www.youtube.com\/c\/GR100Specialized"]}]}},"_links":{"self":[{"href":"https:\/\/gr-100.com\/en\/wp-json\/wp\/v2\/product\/390662","targetHints":{"allow":["GET"]}}],"collection":[{"href":"https:\/\/gr-100.com\/en\/wp-json\/wp\/v2\/product"}],"about":[{"href":"https:\/\/gr-100.com\/en\/wp-json\/wp\/v2\/types\/product"}],"replies":[{"embeddable":true,"href":"https:\/\/gr-100.com\/en\/wp-json\/wp\/v2\/comments?post=390662"}],"wp:featuredmedia":[{"embeddable":true,"href":"https:\/\/gr-100.com\/en\/wp-json\/wp\/v2\/media\/390928"}],"wp:attachment":[{"href":"https:\/\/gr-100.com\/en\/wp-json\/wp\/v2\/media?parent=390662"}],"wp:term":[{"taxonomy":"product_brand","embeddable":true,"href":"https:\/\/gr-100.com\/en\/wp-json\/wp\/v2\/product_brand?post=390662"},{"taxonomy":"product_cat","embeddable":true,"href":"https:\/\/gr-100.com\/en\/wp-json\/wp\/v2\/product_cat?post=390662"},{"taxonomy":"product_tag","embeddable":true,"href":"https:\/\/gr-100.com\/en\/wp-json\/wp\/v2\/product_tag?post=390662"}],"curies":[{"name":"wp","href":"https:\/\/api.w.org\/{rel}","templated":true}]}}