{"id":392859,"date":"2024-10-16T14:09:13","date_gmt":"2024-10-16T14:09:13","guid":{"rendered":"https:\/\/gr-100.com\/?post_type=product&#038;p=392859"},"modified":"2026-04-09T11:11:31","modified_gmt":"2026-04-09T10:11:31","slug":"specialized-vado-4-0-igh-nb-2025","status":"publish","type":"product","link":"https:\/\/gr-100.com\/en\/producto\/specialized-vado-4-0-igh-nb-2025\/","title":{"rendered":"Specialized VADO 4.0 IGH NB 2025"},"content":{"rendered":"<p>El motor Turbo Full Power 2.0 y la bater\u00eda de 710 Wh ofrecen una experiencia de conducci\u00f3n incomparable, brindando una amplificaci\u00f3n suave, fluida y sorprendentemente silenciosa de tus esfuerzos, hasta 28 mph. El controlador integrado responde a las entradas de tu pedal, lo que da como resultado una amplificaci\u00f3n intuitiva de tus esfuerzos con una sensaci\u00f3n incre\u00edblemente natural.<br \/>\n<strong>MasterMind y aplicaci\u00f3n Specialized:<\/strong> la pantalla MasterMind revela toda la informaci\u00f3n relevante sobre su viaje y permite ajustar los niveles de soporte en tiempo real. MasterMind se integra perfectamente con la aplicaci\u00f3n Specialized para herramientas de optimizaci\u00f3n de alcance, ajuste avanzado, diagn\u00f3stico durante el viaje y m\u00e1s.<br \/>\nEl cambio continuo enviolo City Internal Gear Hub (IGH) cuenta con un cubo de cambio interno espec\u00edficamente dise\u00f1ado y un controlador correspondiente. La tecnolog\u00eda manual continua es tan simple como ajustar el volumen de una radio. Esto permite a los ciclistas centrarse en los aspectos importantes de un paseo en bicicleta, como el tr\u00e1fico o el paisaje.<br \/>\n<strong>Eficiencia suave comprobada:<\/strong> dise\u00f1amos un mecanismo de prueba personalizado para analizar golpes incluso en la frecuencia m\u00e1s peque\u00f1a para aumentar la comodidad y la visi\u00f3n. Esa precisi\u00f3n, combinada con neum\u00e1ticos de mayor volumen y una horquilla de suspensi\u00f3n de 80 mm, aplanar\u00e1 las carreteras ante tus ojos.<br \/>\nBloqueo del sistema Turbo: use la aplicaci\u00f3n Specialized para desactivar el motor de su bicicleta y activar la alarma del sensor de movimiento. Una vez bloqueado, el motor no puede volver a habilitarse excepto por el propietario.<br \/>\nBater\u00eda del tubo diagonal totalmente integrada, extra\u00edble y bloqueable: f\u00e1cil de cargar y f\u00e1cil de asegurar.<br \/>\nEquipado con guardabarros DRYTECH, luces LED delanteras y traseras y portaequipajes HD trasero con capacidad de 27 kg. El portaequipajes trasero es compatible con asientos de bicicleta para ni\u00f1os y la bicicleta tambi\u00e9n est\u00e1 clasificada para arrastrar un remolque de eje pasante.<br \/>\nLargo alcance: con un alcance para viajar a cualquier lugar, recorra hasta 56 millas (90 km) o 4 horas con una sola carga (modo ecol\u00f3gico).<\/p>\n<p>ESPECIFICACIONES<\/p>\n<ul>\n<li>MOTOR<br \/>\nSpecialized 2.0, 70Nm torque, custom tuned motor, 250W nominal<\/li>\n<li>UI\/REMOTE<br \/>\nMasterMind TCD, w\/handlebar remote, built-in anti-theft feature, Bluetooth\u00ae connectivity, customizable display pages<\/li>\n<li>BATER\u00cdA<br \/>\nSpecialized U2-710, alloy casing, state of charge display, 710Wh<\/li>\n<li>CARGADOR<br \/>\nCustom charger, 42V4A w\/ Rosenberger plug, 100-240V<\/li>\n<li>CABLEADO<br \/>\nCustom wire harness<\/li>\n<li>POTENCIA<br \/>\nSpecialized Flowset, 3D-forged alloy, 20-degree rise, 31.8mm clamp<\/li>\n<li>MANILLAR<br \/>\nSpecialized, alloy, 15-degree backsweep, 46mm rise, 31.8mm<\/li>\n<li>PU\u00d1OS<br \/>\nSpecialized Body Geometry Contour, lock-on<\/li>\n<li>SILL\u00cdN<br \/>\nBridge Sport, Steel rails, 155mm<\/li>\n<li>TIJA DE SILL\u00cdN<br \/>\nSpring suspension, alloy, 40mm travel, 30.9mm, 2-bolt clamp, 34.9mm sleeve<\/li>\n<li>CUADRO<br \/>\nE5 Aluminum, bottom bracket motor mount, fully integrated &amp;lockable downtube battery, internal cable routing, lock and front rack mount, sliding dropout<\/li>\n<li>ABRAZ. SILL\u00cdN<br \/>\nAlloy, bolt-type, 34.9mm<\/li>\n<li>HORQUILLA<br \/>\nSR Suntour MobieA32, 80mm travel, lockout, fender-mounts, integrated light mount<\/li>\n<li>FRENO DELANTERO<br \/>\nSRAM Level, 2-piston caliper, hydraulic disc, 180mm<\/li>\n<li>FRENO TRASERO<br \/>\nSRAM Level, 2-piston caliper, hydraulic disc, 180mm<\/li>\n<li>CAMBIO<br \/>\nenviolo CVP Multi-Turn<\/li>\n<li>MANDOS DE CAMBIO<br \/>\nenviolo Twist Display Pure<\/li>\n<li>CASETE<br \/>\nGates Carbon Drive CDX 22t sprocket, silver<\/li>\n<li>CADENA<br \/>\nGates Carbon Drive CDX 122t belt, black<\/li>\n<li>PEDALIER<br \/>\nCustom alloy forged crankarms, 170mm<\/li>\n<li>PLATOS<br \/>\nGates Carbon Drive CDX 50T chainring, black<\/li>\n<li>PROTECTOR DE CADENA<br \/>\nCustom chaincover<\/li>\n<li>LLANTAS<br \/>\n650b disc, double-wall alloy, pinned, 32h<\/li>\n<li>BUJE DELANTERO<br \/>\nSpecialized alloy front hub disc, sealed cardridge bearings, 6-bolt, 15x110mm thru-axle, 32h<\/li>\n<li>BUJE TRASERO<br \/>\nenviolo Trekking, 380% range, 6-bolt, 10x135mm, 32h<\/li>\n<li>RADIOS<br \/>\nDT Swiss Industry<\/li>\n<li>NEUM\u00c1TICO DEL.<br \/>\nPathfinder Sport Reflect, 650Bx2.3<\/li>\n<li>NEUM\u00c1TICO TRASERO<br \/>\nPathfinder Sport Reflect, 650Bx2.3<\/li>\n<li>C\u00c1MARAS<br \/>\nStandard 40mm SV 650Bx1.75-2.4<\/li>\n<li>PEDALES<br \/>\nSpecialized Commuter w\/ grip tape &amp; reflectors<\/li>\n<li>SWAT<br \/>\nHandlebar rear view mirror, aluminum<\/li>\n<li>LUZ FRONTAL<br \/>\nLezyne, Ebike Hecto Stvzo E350+, 350 Lumen, 160Cm Wire, With Reflector<\/li>\n<li>LUZ TRASERA<br \/>\nSpanninga, Stvzo, Commuter Glow With Brake XEr<\/li>\n<li>PATA DE CABRA<br \/>\nSpecialized kickstand, 40mm mount<\/li>\n<li>PORTABULTOS<br \/>\nSpecialized rack, MIK HD interface, built-in pannier mounts, 27kg max load<\/li>\n<li>GUARDABARROS<br \/>\nSpecialized DRYTECH fenders, 65mm width, aluminum fenderstay<\/li>\n<li>CANDADO<br \/>\nTurbo System Lock<\/li>\n<li>TIMBRE<br \/>\nSpecialized bell<\/li>\n<\/ul>\n","protected":false},"excerpt":{"rendered":"<p>Specialized Vado tiene todo lo que necesitas para el transporte con el mejor rendimiento. Aporta una naturaleza equilibrada a la forma en que se maneja y niveles superiores de comodidad.<\/p>\n","protected":false},"featured_media":393162,"comment_status":"open","ping_status":"closed","template":"","meta":{"_acf_changed":false,"_et_pb_use_builder":"","_et_pb_old_content":"","_et_gb_content_width":"","inline_featured_image":false},"product_brand":[],"product_cat":[5254,23,5212,5219,5208,5220,5215],"product_tag":[],"class_list":{"0":"post-392859","1":"product","2":"type-product","3":"status-publish","4":"has-post-thumbnail","6":"product_cat-bicicletas-urbanas","7":"product_cat-bicicletas-electricas","8":"product_cat-bicicletas-electricas-aluminio","9":"product_cat-bicicletas-electricas-paseo","10":"product_cat-bicicletas-electricas-specialized","11":"product_cat-bicicletas-electricas-trekking","12":"product_cat-bicicletas-electricas-urbanas","13":"product_shipping_class-bicicletas","15":"first","16":"instock","17":"taxable","18":"shipping-taxable","19":"purchasable","20":"product-type-variable","21":"wvs-archive-product-wrapper"},"acf":[],"yoast_head":"<!-- This site is optimized with the Yoast SEO Premium plugin v26.7 (Yoast SEO v26.7) - https:\/\/yoast.com\/wordpress\/plugins\/seo\/ -->\n<title>Specialized VADO 4.0 IGH NB 2025 GR-100<\/title>\n<meta name=\"description\" content=\"Todo lo que necesitas para el transporte el\u00e9ctrico. Aporta una naturaleza equilibrada a la forma en que se maneja y niveles superiores de comodidad.\" \/>\n<meta name=\"robots\" content=\"index, follow, max-snippet:-1, max-image-preview:large, max-video-preview:-1\" \/>\n<link rel=\"canonical\" href=\"https:\/\/gr-100.com\/producto\/specialized-vado-4-0-igh-nb-2025\/\" \/>\n<meta property=\"og:locale\" content=\"en_US\" \/>\n<meta property=\"og:type\" content=\"article\" \/>\n<meta property=\"og:title\" content=\"Specialized VADO 4.0 IGH NB 2025\" \/>\n<meta property=\"og:description\" content=\"Todo lo que necesitas para el transporte el\u00e9ctrico. Aporta una naturaleza equilibrada a la forma en que se maneja y niveles superiores de comodidad.\" \/>\n<meta property=\"og:url\" content=\"https:\/\/gr-100.com\/producto\/specialized-vado-4-0-igh-nb-2025\/\" \/>\n<meta property=\"og:site_name\" content=\"Gr-100 Tienda de ciclismo Specialized\" \/>\n<meta property=\"article:publisher\" content=\"https:\/\/www.facebook.com\/Gr100Bikes\" \/>\n<meta property=\"article:modified_time\" content=\"2026-04-09T10:11:31+00:00\" \/>\n<meta property=\"og:image\" content=\"https:\/\/gr-100.com\/wp-content\/uploads\/2024\/10\/Vado-4.0-IGH-NB-2025-1.jpg\" \/>\n\t<meta property=\"og:image:width\" content=\"1000\" \/>\n\t<meta property=\"og:image:height\" content=\"1000\" \/>\n\t<meta property=\"og:image:type\" content=\"image\/jpeg\" \/>\n<meta name=\"twitter:card\" content=\"summary_large_image\" \/>\n<meta name=\"twitter:label1\" content=\"Est. reading time\" \/>\n\t<meta name=\"twitter:data1\" content=\"4 minutes\" \/>\n<script type=\"application\/ld+json\" class=\"yoast-schema-graph\">{\"@context\":\"https:\/\/schema.org\",\"@graph\":[{\"@type\":\"WebPage\",\"@id\":\"https:\/\/gr-100.com\/producto\/specialized-vado-4-0-igh-nb-2025\/\",\"url\":\"https:\/\/gr-100.com\/producto\/specialized-vado-4-0-igh-nb-2025\/\",\"name\":\"Specialized VADO 4.0 IGH NB 2025 GR-100\",\"isPartOf\":{\"@id\":\"https:\/\/gr-100.com\/#website\"},\"primaryImageOfPage\":{\"@id\":\"https:\/\/gr-100.com\/producto\/specialized-vado-4-0-igh-nb-2025\/#primaryimage\"},\"image\":{\"@id\":\"https:\/\/gr-100.com\/producto\/specialized-vado-4-0-igh-nb-2025\/#primaryimage\"},\"thumbnailUrl\":\"https:\/\/gr-100.com\/wp-content\/uploads\/2024\/10\/Vado-4.0-IGH-NB-2025-1.jpg\",\"datePublished\":\"2024-10-16T14:09:13+00:00\",\"dateModified\":\"2026-04-09T10:11:31+00:00\",\"description\":\"Todo lo que necesitas para el transporte el\u00e9ctrico. Aporta una naturaleza equilibrada a la forma en que se maneja y niveles superiores de comodidad.\",\"breadcrumb\":{\"@id\":\"https:\/\/gr-100.com\/producto\/specialized-vado-4-0-igh-nb-2025\/#breadcrumb\"},\"inLanguage\":\"en-US\",\"potentialAction\":[{\"@type\":\"ReadAction\",\"target\":[\"https:\/\/gr-100.com\/producto\/specialized-vado-4-0-igh-nb-2025\/\"]}]},{\"@type\":\"ImageObject\",\"inLanguage\":\"en-US\",\"@id\":\"https:\/\/gr-100.com\/producto\/specialized-vado-4-0-igh-nb-2025\/#primaryimage\",\"url\":\"https:\/\/gr-100.com\/wp-content\/uploads\/2024\/10\/Vado-4.0-IGH-NB-2025-1.jpg\",\"contentUrl\":\"https:\/\/gr-100.com\/wp-content\/uploads\/2024\/10\/Vado-4.0-IGH-NB-2025-1.jpg\",\"width\":1000,\"height\":1000},{\"@type\":\"BreadcrumbList\",\"@id\":\"https:\/\/gr-100.com\/producto\/specialized-vado-4-0-igh-nb-2025\/#breadcrumb\",\"itemListElement\":[{\"@type\":\"ListItem\",\"position\":1,\"name\":\"Portada\",\"item\":\"https:\/\/gr-100.com\/pt-pt\/\"},{\"@type\":\"ListItem\",\"position\":2,\"name\":\"Productos\",\"item\":\"https:\/\/gr-100.com\/?post_type=product\"},{\"@type\":\"ListItem\",\"position\":3,\"name\":\"Specialized VADO 4.0 IGH NB 2025\"}]},{\"@type\":\"WebSite\",\"@id\":\"https:\/\/gr-100.com\/#website\",\"url\":\"https:\/\/gr-100.com\/\",\"name\":\"Gr-100 Tienda de ciclismo Specialized\",\"description\":\"GR-100 tenemos todas las gamas de bicicletas Specialized al mejor precio.\",\"publisher\":{\"@id\":\"https:\/\/gr-100.com\/#organization\"},\"alternateName\":\"Gr-100 Bikes\",\"potentialAction\":[{\"@type\":\"SearchAction\",\"target\":{\"@type\":\"EntryPoint\",\"urlTemplate\":\"https:\/\/gr-100.com\/?s={search_term_string}\"},\"query-input\":{\"@type\":\"PropertyValueSpecification\",\"valueRequired\":true,\"valueName\":\"search_term_string\"}}],\"inLanguage\":\"en-US\"},{\"@type\":\"Organization\",\"@id\":\"https:\/\/gr-100.com\/#organization\",\"name\":\"Gr-100\",\"url\":\"https:\/\/gr-100.com\/\",\"logo\":{\"@type\":\"ImageObject\",\"inLanguage\":\"en-US\",\"@id\":\"https:\/\/gr-100.com\/#\/schema\/logo\/image\/\",\"url\":\"https:\/\/gr-100.com\/wp-content\/uploads\/2023\/08\/logo-gr-100-bikes.png\",\"contentUrl\":\"https:\/\/gr-100.com\/wp-content\/uploads\/2023\/08\/logo-gr-100-bikes.png\",\"width\":707,\"height\":284,\"caption\":\"Gr-100\"},\"image\":{\"@id\":\"https:\/\/gr-100.com\/#\/schema\/logo\/image\/\"},\"sameAs\":[\"https:\/\/www.facebook.com\/Gr100Bikes\",\"https:\/\/www.instagram.com\/gr100bikes\/\",\"https:\/\/www.tiktok.com\/@gr100bikes\",\"https:\/\/twitter.com\/gr100mtbteam\",\"https:\/\/www.youtube.com\/c\/GR100Specialized\"]}]}<\/script>\n<!-- \/ Yoast SEO Premium plugin. -->","yoast_head_json":{"title":"Specialized VADO 4.0 IGH NB 2025 GR-100","description":"Todo lo que necesitas para el transporte el\u00e9ctrico. Aporta una naturaleza equilibrada a la forma en que se maneja y niveles superiores de comodidad.","robots":{"index":"index","follow":"follow","max-snippet":"max-snippet:-1","max-image-preview":"max-image-preview:large","max-video-preview":"max-video-preview:-1"},"canonical":"https:\/\/gr-100.com\/producto\/specialized-vado-4-0-igh-nb-2025\/","og_locale":"en_US","og_type":"article","og_title":"Specialized VADO 4.0 IGH NB 2025","og_description":"Todo lo que necesitas para el transporte el\u00e9ctrico. Aporta una naturaleza equilibrada a la forma en que se maneja y niveles superiores de comodidad.","og_url":"https:\/\/gr-100.com\/producto\/specialized-vado-4-0-igh-nb-2025\/","og_site_name":"Gr-100 Tienda de ciclismo Specialized","article_publisher":"https:\/\/www.facebook.com\/Gr100Bikes","article_modified_time":"2026-04-09T10:11:31+00:00","og_image":[{"width":1000,"height":1000,"url":"https:\/\/gr-100.com\/wp-content\/uploads\/2024\/10\/Vado-4.0-IGH-NB-2025-1.jpg","type":"image\/jpeg"}],"twitter_card":"summary_large_image","twitter_misc":{"Est. reading time":"4 minutes"},"schema":{"@context":"https:\/\/schema.org","@graph":[{"@type":"WebPage","@id":"https:\/\/gr-100.com\/producto\/specialized-vado-4-0-igh-nb-2025\/","url":"https:\/\/gr-100.com\/producto\/specialized-vado-4-0-igh-nb-2025\/","name":"Specialized VADO 4.0 IGH NB 2025 GR-100","isPartOf":{"@id":"https:\/\/gr-100.com\/#website"},"primaryImageOfPage":{"@id":"https:\/\/gr-100.com\/producto\/specialized-vado-4-0-igh-nb-2025\/#primaryimage"},"image":{"@id":"https:\/\/gr-100.com\/producto\/specialized-vado-4-0-igh-nb-2025\/#primaryimage"},"thumbnailUrl":"https:\/\/gr-100.com\/wp-content\/uploads\/2024\/10\/Vado-4.0-IGH-NB-2025-1.jpg","datePublished":"2024-10-16T14:09:13+00:00","dateModified":"2026-04-09T10:11:31+00:00","description":"Todo lo que necesitas para el transporte el\u00e9ctrico. Aporta una naturaleza equilibrada a la forma en que se maneja y niveles superiores de comodidad.","breadcrumb":{"@id":"https:\/\/gr-100.com\/producto\/specialized-vado-4-0-igh-nb-2025\/#breadcrumb"},"inLanguage":"en-US","potentialAction":[{"@type":"ReadAction","target":["https:\/\/gr-100.com\/producto\/specialized-vado-4-0-igh-nb-2025\/"]}]},{"@type":"ImageObject","inLanguage":"en-US","@id":"https:\/\/gr-100.com\/producto\/specialized-vado-4-0-igh-nb-2025\/#primaryimage","url":"https:\/\/gr-100.com\/wp-content\/uploads\/2024\/10\/Vado-4.0-IGH-NB-2025-1.jpg","contentUrl":"https:\/\/gr-100.com\/wp-content\/uploads\/2024\/10\/Vado-4.0-IGH-NB-2025-1.jpg","width":1000,"height":1000},{"@type":"BreadcrumbList","@id":"https:\/\/gr-100.com\/producto\/specialized-vado-4-0-igh-nb-2025\/#breadcrumb","itemListElement":[{"@type":"ListItem","position":1,"name":"Portada","item":"https:\/\/gr-100.com\/pt-pt\/"},{"@type":"ListItem","position":2,"name":"Productos","item":"https:\/\/gr-100.com\/?post_type=product"},{"@type":"ListItem","position":3,"name":"Specialized VADO 4.0 IGH NB 2025"}]},{"@type":"WebSite","@id":"https:\/\/gr-100.com\/#website","url":"https:\/\/gr-100.com\/","name":"Gr-100 Tienda de ciclismo Specialized","description":"GR-100 tenemos todas las gamas de bicicletas Specialized al mejor precio.","publisher":{"@id":"https:\/\/gr-100.com\/#organization"},"alternateName":"Gr-100 Bikes","potentialAction":[{"@type":"SearchAction","target":{"@type":"EntryPoint","urlTemplate":"https:\/\/gr-100.com\/?s={search_term_string}"},"query-input":{"@type":"PropertyValueSpecification","valueRequired":true,"valueName":"search_term_string"}}],"inLanguage":"en-US"},{"@type":"Organization","@id":"https:\/\/gr-100.com\/#organization","name":"Gr-100","url":"https:\/\/gr-100.com\/","logo":{"@type":"ImageObject","inLanguage":"en-US","@id":"https:\/\/gr-100.com\/#\/schema\/logo\/image\/","url":"https:\/\/gr-100.com\/wp-content\/uploads\/2023\/08\/logo-gr-100-bikes.png","contentUrl":"https:\/\/gr-100.com\/wp-content\/uploads\/2023\/08\/logo-gr-100-bikes.png","width":707,"height":284,"caption":"Gr-100"},"image":{"@id":"https:\/\/gr-100.com\/#\/schema\/logo\/image\/"},"sameAs":["https:\/\/www.facebook.com\/Gr100Bikes","https:\/\/www.instagram.com\/gr100bikes\/","https:\/\/www.tiktok.com\/@gr100bikes","https:\/\/twitter.com\/gr100mtbteam","https:\/\/www.youtube.com\/c\/GR100Specialized"]}]}},"_links":{"self":[{"href":"https:\/\/gr-100.com\/en\/wp-json\/wp\/v2\/product\/392859","targetHints":{"allow":["GET"]}}],"collection":[{"href":"https:\/\/gr-100.com\/en\/wp-json\/wp\/v2\/product"}],"about":[{"href":"https:\/\/gr-100.com\/en\/wp-json\/wp\/v2\/types\/product"}],"replies":[{"embeddable":true,"href":"https:\/\/gr-100.com\/en\/wp-json\/wp\/v2\/comments?post=392859"}],"wp:featuredmedia":[{"embeddable":true,"href":"https:\/\/gr-100.com\/en\/wp-json\/wp\/v2\/media\/393162"}],"wp:attachment":[{"href":"https:\/\/gr-100.com\/en\/wp-json\/wp\/v2\/media?parent=392859"}],"wp:term":[{"taxonomy":"product_brand","embeddable":true,"href":"https:\/\/gr-100.com\/en\/wp-json\/wp\/v2\/product_brand?post=392859"},{"taxonomy":"product_cat","embeddable":true,"href":"https:\/\/gr-100.com\/en\/wp-json\/wp\/v2\/product_cat?post=392859"},{"taxonomy":"product_tag","embeddable":true,"href":"https:\/\/gr-100.com\/en\/wp-json\/wp\/v2\/product_tag?post=392859"}],"curies":[{"name":"wp","href":"https:\/\/api.w.org\/{rel}","templated":true}]}}