{"id":392877,"date":"2024-11-07T16:10:52","date_gmt":"2024-11-07T16:10:52","guid":{"rendered":"https:\/\/gr-100.com\/?post_type=product&#038;p=392877"},"modified":"2025-12-19T11:59:31","modified_gmt":"2025-12-19T09:59:31","slug":"specialized-turbo-kenevo-sl-2-comp-2024","status":"publish","type":"product","link":"https:\/\/gr-100.com\/en\/producto\/specialized-turbo-kenevo-sl-2-comp-2024\/","title":{"rendered":"Specialized Turbo Kenevo SL 2 Comp 2024"},"content":{"rendered":"<p>El <strong>sistema de motor Turbo Kenevo Super Light<\/strong> es una integraci\u00f3n total del motor SL 1.2 y la bater\u00eda de 320 Wh de la bicicleta con un controlador radicalmente avanzado y perfectamente integrado. El resultado es una potencia masiva, de hasta 25 km\/h, para llegar a la cima de tu bajada favorita con la mitad de esfuerzo, y mucho m\u00e1s r\u00e1pido, proporcionando a\u00fan m\u00e1s de la calidad de conducci\u00f3n que anhelas, y m\u00e1s de lo que nunca antes hab\u00eda sido posible.<br \/>\nNuestra <strong>TCU MasterMind<\/strong> de \u00faltima generaci\u00f3n es tu centro de informaci\u00f3n, con campos de visualizaci\u00f3n personalizables que incluyen el porcentaje exacto de nivel de bater\u00eda, y cuenta con nuestra funci\u00f3n MicroTune totalmente nueva, montada en el manillar, para ajustar la entrega de potencia en incrementos del 10%, de modo que obtengas exactamente la ayuda que necesitas para experimentar exactamente la conducci\u00f3n que deseas.<br \/>\nLas <strong>ruedas de 29&#8243; delanteras y traseras<\/strong> proporcionan una conducci\u00f3n \u00e1gil que aplasta a otras MTB el\u00e9ctricas de gran potencia. El generoso puesto de mandos te centra en la bicicleta, optimizando la tracci\u00f3n y el control en las curvas. El eje de pedalier bajo, el \u00e1ngulo lanzado del tubo de direcci\u00f3n y el offset reducido de la horquilla mantienen la estabilidad en terrenos abruptos.<br \/>\nLa geometr\u00eda de la Turbo Kenevo Super Light puede ajustarse para adaptarse a cualquier terreno. Seis configuraciones de geometr\u00eda distintas permiten un ajuste sencillo para perfeccionar el rendimiento en cualquier terreno. El \u00e1ngulo de direcci\u00f3n puede ajustarse entre 63 y 65,5 grados. La altura del pedalier puede ajustarse 7 mm hacia arriba o hacia abajo. Nunca hemos hecho una bicicleta de trail m\u00e1s ajustable y adaptable.<br \/>\nLos <strong>170 mm de recorrido<\/strong> de la Turbo Kenevo Super Light, inspirados en nuestra Enduro, son suaves en los peque\u00f1os baches, devoran los impactos grandes sin inmutarse y ofrecen una respuesta de pedaleo asombrosa y entregan tu potencia sobre los pedales con total eficiencia.<br \/>\nEl <strong>S-Sizing<\/strong> de la Turbo Kenevo Super Light se basa en lo que importa: el tama\u00f1o y el estilo del ciclista, no la altura de la entrepierna. Seis tama\u00f1os, todos con longitudes de tubo de direcci\u00f3n y distancia entre ejes similares, te permiten elegir el tama\u00f1o que mejor se adapte a tu estilo individual. Las tallas m\u00e1s peque\u00f1as ser\u00e1n m\u00e1s \u00e1giles y manejables, mientras que las tallas m\u00e1s grandes ofrecen m\u00e1s estabilidad y una conducci\u00f3n m\u00e1s espaciosa.<\/p>\n<p>ESPECIFICACIONES<\/p>\n<ul>\n<li>CABLEADO<br \/>\nCustom Specialized wiring harness<\/li>\n<li>CARGADOR<br \/>\nCustom charger, 48V System w\/ SL system charger plug<\/li>\n<li>MOTOR<br \/>\nSpecialized 1.2 SL Custom Rx Trail Tuned Motor<\/li>\n<li>UI\/REMOTE<br \/>\nSpecialized MasterMind TCU, percentage of remaining charge, 120 possible display configurations, MicroTune assist adjustment, ANT+\/Bluetooth\u00ae, w\/Handlebar remote<\/li>\n<li>BATER\u00cdA<br \/>\nSpecialized SL1-320, fully integrated, 320Wh<\/li>\n<li>POTENCIA<br \/>\nAlloy Trail Stem, 35mm bar bore<\/li>\n<li>SILL\u00cdN<br \/>\nBridge Comp, Hollow Cr-mo rails, 155\/143mm<\/li>\n<li>PU\u00d1OS<br \/>\nSpecialized Trail Grips<\/li>\n<li>MANILLAR<br \/>\nSpecialized, 6061 alloy, 6-degree upsweep, 8-degree backsweep, 30mm rise, 800mm width<\/li>\n<li>TIJA DE SILL\u00cdN<br \/>\nX-Fusion Manic, infinite adjustable, two-bolt head, bottom mount cable routing, remote SLR LE lever, 34.9mm, S2: 125mm, S3\/S4: 150mm, S5: 170mm<\/li>\n<li>ABRAZ. SILL\u00cdN<br \/>\nAlloy, 38.6mm<\/li>\n<li>CUADRO<br \/>\nFACT 11m full carbon, 29&#8243;, full internal cable routing, 148mm spacing, fully sealed cartridge bearings, 170mm rear travel, geo adjust head tube, geo adjust horst pivot<\/li>\n<li>AMORTIGUADOR<br \/>\nFOX FLOAT X Performance, LSR, 2-position lever, 62.5x230mm<\/li>\n<li>HORQUILLA<br \/>\nFox 38 Rhythm, Grip damper 29&#8243;, 170mm travel, 29&#8243;, 44mm offset<\/li>\n<li>FRENO TRASERO<br \/>\nSRAM Code R, 4-piston caliper, hydraulic disc, 200mm<\/li>\n<li>FRENO DELANTERO<br \/>\nSRAM Code R, 4-piston caliper, hydraulic disc, 220mm<\/li>\n<li>PLATOS<br \/>\nSL 1.2 spider, 104BCD, w\/SRAM 32t X-Sync 2 alloy ring<\/li>\n<li>PEDALIER<br \/>\nSRAM Dub alloy crank, S2\/S3: 165mm, S4\/S5: 170mm<\/li>\n<li>CAMBIO<br \/>\nSRAM GX Eagle, 12-speed<\/li>\n<li>MANDOS DE CAMBIO<br \/>\nSRAM GX, trigger, 12-speed<\/li>\n<li>CADENA<br \/>\nSRAM NX Eagle, 12-speed<\/li>\n<li>CASETE<br \/>\nSram XG-1275, 12-speed, 10-52t<\/li>\n<li>BUJE TRASERO<br \/>\nAlloy, sealed cartridge bearings, 148mmx12mm thru-axle, 28h<\/li>\n<li>BUJE DELANTERO<br \/>\nAlloy, sealed cartridge bearings, 15x110mm thru-axle, 28h<\/li>\n<li>NEUM\u00c1TICO TRASERO<br \/>\nButcher, GRID GRAVITY casing, GRIPTON\u00ae T9 compound, 2Bliss Ready, 29&#215;2.3&#8243;<\/li>\n<li>NEUM\u00c1TICO DEL.<br \/>\nButcher, GRID TRAIL casing, GRIPTON\u00ae T9 compound, 2Bliss Ready, 29&#215;2.3&#8243;<\/li>\n<li>RADIOS<br \/>\nDT Swiss Industry<\/li>\n<li>LLANTAS<br \/>\nSpecialized 29, hookless alloy, 30mm inner width, tubeless ready<\/li>\n<li>C\u00c1MARAS<br \/>\nPresta, 48mm valve<\/li>\n<li>PEDALES<br \/>\nPEDAL, TEST RIDE PEDALS PROVIDED BY SPECIALIZED<\/li>\n<li>SWAT<br \/>\nSWAT CC, integrated tool and chain tool with spare link in steerer tube<\/li>\n<\/ul>\n","protected":false},"excerpt":{"rendered":"<p>Disfruta por los senderos como nunca antes con la nueva Kenevo SL 2. Elevando la conducci\u00f3n que define la categor\u00eda de nuestro galardonado cuadro de la Enduro, la Kenevo SL 2 obtiene una amplificaci\u00f3n inigualable, una eficiencia l\u00edder en su clase y un peso superligero de nuestro sistema Turbo SL 1.2.<\/p>\n","protected":false},"featured_media":393208,"comment_status":"open","ping_status":"closed","template":"","meta":{"_acf_changed":false,"_et_pb_use_builder":"","_et_pb_old_content":"","_et_gb_content_width":"","inline_featured_image":false},"product_brand":[],"product_cat":[23],"product_tag":[],"class_list":{"0":"post-392877","1":"product","2":"type-product","3":"status-publish","4":"has-post-thumbnail","6":"product_cat-bicicletas-electricas","7":"product_shipping_class-bicicletas","9":"first","10":"outofstock","11":"taxable","12":"shipping-taxable","13":"product-type-variable","14":"wvs-archive-product-wrapper"},"acf":[],"yoast_head":"<!-- This site is optimized with the Yoast SEO Premium plugin v26.7 (Yoast SEO v26.7) - https:\/\/yoast.com\/wordpress\/plugins\/seo\/ -->\n<title>Specialized Turbo Kenevo SL 2 Comp 2024 GR-100<\/title>\n<meta name=\"description\" content=\"Motor SL 1.2 Turbo Kenevo Super Light. Bater\u00eda de 320 Wh. TCU MasterMind. Horquilla Fox 38, 170 mm de recorrido. SRAM GX Eagle, 12-speed.\" \/>\n<meta name=\"robots\" content=\"index, follow, max-snippet:-1, max-image-preview:large, max-video-preview:-1\" \/>\n<link rel=\"canonical\" href=\"https:\/\/gr-100.com\/producto\/specialized-turbo-kenevo-sl-2-comp-2024\/\" \/>\n<meta property=\"og:locale\" content=\"en_US\" \/>\n<meta property=\"og:type\" content=\"article\" \/>\n<meta property=\"og:title\" content=\"Specialized Turbo Kenevo SL 2 Comp 2024\" \/>\n<meta property=\"og:description\" content=\"Motor SL 1.2 Turbo Kenevo Super Light. Bater\u00eda de 320 Wh. TCU MasterMind. Horquilla Fox 38, 170 mm de recorrido. SRAM GX Eagle, 12-speed.\" \/>\n<meta property=\"og:url\" content=\"https:\/\/gr-100.com\/producto\/specialized-turbo-kenevo-sl-2-comp-2024\/\" \/>\n<meta property=\"og:site_name\" content=\"Gr-100 Tienda de ciclismo Specialized\" \/>\n<meta property=\"article:publisher\" content=\"https:\/\/www.facebook.com\/Gr100Bikes\" \/>\n<meta property=\"article:modified_time\" content=\"2025-12-19T09:59:31+00:00\" \/>\n<meta property=\"og:image\" content=\"https:\/\/gr-100.com\/wp-content\/uploads\/2024\/10\/Turbo-Kenevo-SL-2-Comp-2024-1.jpg\" \/>\n\t<meta property=\"og:image:width\" content=\"1000\" \/>\n\t<meta property=\"og:image:height\" content=\"1000\" \/>\n\t<meta property=\"og:image:type\" content=\"image\/jpeg\" \/>\n<meta name=\"twitter:card\" content=\"summary_large_image\" \/>\n<meta name=\"twitter:label1\" content=\"Est. reading time\" \/>\n\t<meta name=\"twitter:data1\" content=\"4 minutes\" \/>\n<script type=\"application\/ld+json\" class=\"yoast-schema-graph\">{\"@context\":\"https:\/\/schema.org\",\"@graph\":[{\"@type\":\"WebPage\",\"@id\":\"https:\/\/gr-100.com\/producto\/specialized-turbo-kenevo-sl-2-comp-2024\/\",\"url\":\"https:\/\/gr-100.com\/producto\/specialized-turbo-kenevo-sl-2-comp-2024\/\",\"name\":\"Specialized Turbo Kenevo SL 2 Comp 2024 GR-100\",\"isPartOf\":{\"@id\":\"https:\/\/gr-100.com\/#website\"},\"primaryImageOfPage\":{\"@id\":\"https:\/\/gr-100.com\/producto\/specialized-turbo-kenevo-sl-2-comp-2024\/#primaryimage\"},\"image\":{\"@id\":\"https:\/\/gr-100.com\/producto\/specialized-turbo-kenevo-sl-2-comp-2024\/#primaryimage\"},\"thumbnailUrl\":\"https:\/\/gr-100.com\/wp-content\/uploads\/2024\/10\/Turbo-Kenevo-SL-2-Comp-2024-1.jpg\",\"datePublished\":\"2024-11-07T16:10:52+00:00\",\"dateModified\":\"2025-12-19T09:59:31+00:00\",\"description\":\"Motor SL 1.2 Turbo Kenevo Super Light. Bater\u00eda de 320 Wh. TCU MasterMind. Horquilla Fox 38, 170 mm de recorrido. SRAM GX Eagle, 12-speed.\",\"breadcrumb\":{\"@id\":\"https:\/\/gr-100.com\/producto\/specialized-turbo-kenevo-sl-2-comp-2024\/#breadcrumb\"},\"inLanguage\":\"en-US\",\"potentialAction\":[{\"@type\":\"ReadAction\",\"target\":[\"https:\/\/gr-100.com\/producto\/specialized-turbo-kenevo-sl-2-comp-2024\/\"]}]},{\"@type\":\"ImageObject\",\"inLanguage\":\"en-US\",\"@id\":\"https:\/\/gr-100.com\/producto\/specialized-turbo-kenevo-sl-2-comp-2024\/#primaryimage\",\"url\":\"https:\/\/gr-100.com\/wp-content\/uploads\/2024\/10\/Turbo-Kenevo-SL-2-Comp-2024-1.jpg\",\"contentUrl\":\"https:\/\/gr-100.com\/wp-content\/uploads\/2024\/10\/Turbo-Kenevo-SL-2-Comp-2024-1.jpg\",\"width\":1000,\"height\":1000},{\"@type\":\"BreadcrumbList\",\"@id\":\"https:\/\/gr-100.com\/producto\/specialized-turbo-kenevo-sl-2-comp-2024\/#breadcrumb\",\"itemListElement\":[{\"@type\":\"ListItem\",\"position\":1,\"name\":\"Portada\",\"item\":\"https:\/\/gr-100.com\/pt-pt\/\"},{\"@type\":\"ListItem\",\"position\":2,\"name\":\"Productos\",\"item\":\"https:\/\/gr-100.com\/?post_type=product\"},{\"@type\":\"ListItem\",\"position\":3,\"name\":\"Specialized Turbo Kenevo SL 2 Comp 2024\"}]},{\"@type\":\"WebSite\",\"@id\":\"https:\/\/gr-100.com\/#website\",\"url\":\"https:\/\/gr-100.com\/\",\"name\":\"Gr-100 Tienda de ciclismo Specialized\",\"description\":\"GR-100 tenemos todas las gamas de bicicletas Specialized al mejor precio.\",\"publisher\":{\"@id\":\"https:\/\/gr-100.com\/#organization\"},\"alternateName\":\"Gr-100 Bikes\",\"potentialAction\":[{\"@type\":\"SearchAction\",\"target\":{\"@type\":\"EntryPoint\",\"urlTemplate\":\"https:\/\/gr-100.com\/?s={search_term_string}\"},\"query-input\":{\"@type\":\"PropertyValueSpecification\",\"valueRequired\":true,\"valueName\":\"search_term_string\"}}],\"inLanguage\":\"en-US\"},{\"@type\":\"Organization\",\"@id\":\"https:\/\/gr-100.com\/#organization\",\"name\":\"Gr-100\",\"url\":\"https:\/\/gr-100.com\/\",\"logo\":{\"@type\":\"ImageObject\",\"inLanguage\":\"en-US\",\"@id\":\"https:\/\/gr-100.com\/#\/schema\/logo\/image\/\",\"url\":\"https:\/\/gr-100.com\/wp-content\/uploads\/2023\/08\/logo-gr-100-bikes.png\",\"contentUrl\":\"https:\/\/gr-100.com\/wp-content\/uploads\/2023\/08\/logo-gr-100-bikes.png\",\"width\":707,\"height\":284,\"caption\":\"Gr-100\"},\"image\":{\"@id\":\"https:\/\/gr-100.com\/#\/schema\/logo\/image\/\"},\"sameAs\":[\"https:\/\/www.facebook.com\/Gr100Bikes\",\"https:\/\/www.instagram.com\/gr100bikes\/\",\"https:\/\/www.tiktok.com\/@gr100bikes\",\"https:\/\/twitter.com\/gr100mtbteam\",\"https:\/\/www.youtube.com\/c\/GR100Specialized\"]}]}<\/script>\n<!-- \/ Yoast SEO Premium plugin. -->","yoast_head_json":{"title":"Specialized Turbo Kenevo SL 2 Comp 2024 GR-100","description":"Motor SL 1.2 Turbo Kenevo Super Light. Bater\u00eda de 320 Wh. TCU MasterMind. Horquilla Fox 38, 170 mm de recorrido. SRAM GX Eagle, 12-speed.","robots":{"index":"index","follow":"follow","max-snippet":"max-snippet:-1","max-image-preview":"max-image-preview:large","max-video-preview":"max-video-preview:-1"},"canonical":"https:\/\/gr-100.com\/producto\/specialized-turbo-kenevo-sl-2-comp-2024\/","og_locale":"en_US","og_type":"article","og_title":"Specialized Turbo Kenevo SL 2 Comp 2024","og_description":"Motor SL 1.2 Turbo Kenevo Super Light. Bater\u00eda de 320 Wh. TCU MasterMind. Horquilla Fox 38, 170 mm de recorrido. SRAM GX Eagle, 12-speed.","og_url":"https:\/\/gr-100.com\/producto\/specialized-turbo-kenevo-sl-2-comp-2024\/","og_site_name":"Gr-100 Tienda de ciclismo Specialized","article_publisher":"https:\/\/www.facebook.com\/Gr100Bikes","article_modified_time":"2025-12-19T09:59:31+00:00","og_image":[{"width":1000,"height":1000,"url":"https:\/\/gr-100.com\/wp-content\/uploads\/2024\/10\/Turbo-Kenevo-SL-2-Comp-2024-1.jpg","type":"image\/jpeg"}],"twitter_card":"summary_large_image","twitter_misc":{"Est. reading time":"4 minutes"},"schema":{"@context":"https:\/\/schema.org","@graph":[{"@type":"WebPage","@id":"https:\/\/gr-100.com\/producto\/specialized-turbo-kenevo-sl-2-comp-2024\/","url":"https:\/\/gr-100.com\/producto\/specialized-turbo-kenevo-sl-2-comp-2024\/","name":"Specialized Turbo Kenevo SL 2 Comp 2024 GR-100","isPartOf":{"@id":"https:\/\/gr-100.com\/#website"},"primaryImageOfPage":{"@id":"https:\/\/gr-100.com\/producto\/specialized-turbo-kenevo-sl-2-comp-2024\/#primaryimage"},"image":{"@id":"https:\/\/gr-100.com\/producto\/specialized-turbo-kenevo-sl-2-comp-2024\/#primaryimage"},"thumbnailUrl":"https:\/\/gr-100.com\/wp-content\/uploads\/2024\/10\/Turbo-Kenevo-SL-2-Comp-2024-1.jpg","datePublished":"2024-11-07T16:10:52+00:00","dateModified":"2025-12-19T09:59:31+00:00","description":"Motor SL 1.2 Turbo Kenevo Super Light. Bater\u00eda de 320 Wh. TCU MasterMind. Horquilla Fox 38, 170 mm de recorrido. SRAM GX Eagle, 12-speed.","breadcrumb":{"@id":"https:\/\/gr-100.com\/producto\/specialized-turbo-kenevo-sl-2-comp-2024\/#breadcrumb"},"inLanguage":"en-US","potentialAction":[{"@type":"ReadAction","target":["https:\/\/gr-100.com\/producto\/specialized-turbo-kenevo-sl-2-comp-2024\/"]}]},{"@type":"ImageObject","inLanguage":"en-US","@id":"https:\/\/gr-100.com\/producto\/specialized-turbo-kenevo-sl-2-comp-2024\/#primaryimage","url":"https:\/\/gr-100.com\/wp-content\/uploads\/2024\/10\/Turbo-Kenevo-SL-2-Comp-2024-1.jpg","contentUrl":"https:\/\/gr-100.com\/wp-content\/uploads\/2024\/10\/Turbo-Kenevo-SL-2-Comp-2024-1.jpg","width":1000,"height":1000},{"@type":"BreadcrumbList","@id":"https:\/\/gr-100.com\/producto\/specialized-turbo-kenevo-sl-2-comp-2024\/#breadcrumb","itemListElement":[{"@type":"ListItem","position":1,"name":"Portada","item":"https:\/\/gr-100.com\/pt-pt\/"},{"@type":"ListItem","position":2,"name":"Productos","item":"https:\/\/gr-100.com\/?post_type=product"},{"@type":"ListItem","position":3,"name":"Specialized Turbo Kenevo SL 2 Comp 2024"}]},{"@type":"WebSite","@id":"https:\/\/gr-100.com\/#website","url":"https:\/\/gr-100.com\/","name":"Gr-100 Tienda de ciclismo Specialized","description":"GR-100 tenemos todas las gamas de bicicletas Specialized al mejor precio.","publisher":{"@id":"https:\/\/gr-100.com\/#organization"},"alternateName":"Gr-100 Bikes","potentialAction":[{"@type":"SearchAction","target":{"@type":"EntryPoint","urlTemplate":"https:\/\/gr-100.com\/?s={search_term_string}"},"query-input":{"@type":"PropertyValueSpecification","valueRequired":true,"valueName":"search_term_string"}}],"inLanguage":"en-US"},{"@type":"Organization","@id":"https:\/\/gr-100.com\/#organization","name":"Gr-100","url":"https:\/\/gr-100.com\/","logo":{"@type":"ImageObject","inLanguage":"en-US","@id":"https:\/\/gr-100.com\/#\/schema\/logo\/image\/","url":"https:\/\/gr-100.com\/wp-content\/uploads\/2023\/08\/logo-gr-100-bikes.png","contentUrl":"https:\/\/gr-100.com\/wp-content\/uploads\/2023\/08\/logo-gr-100-bikes.png","width":707,"height":284,"caption":"Gr-100"},"image":{"@id":"https:\/\/gr-100.com\/#\/schema\/logo\/image\/"},"sameAs":["https:\/\/www.facebook.com\/Gr100Bikes","https:\/\/www.instagram.com\/gr100bikes\/","https:\/\/www.tiktok.com\/@gr100bikes","https:\/\/twitter.com\/gr100mtbteam","https:\/\/www.youtube.com\/c\/GR100Specialized"]}]}},"_links":{"self":[{"href":"https:\/\/gr-100.com\/en\/wp-json\/wp\/v2\/product\/392877","targetHints":{"allow":["GET"]}}],"collection":[{"href":"https:\/\/gr-100.com\/en\/wp-json\/wp\/v2\/product"}],"about":[{"href":"https:\/\/gr-100.com\/en\/wp-json\/wp\/v2\/types\/product"}],"replies":[{"embeddable":true,"href":"https:\/\/gr-100.com\/en\/wp-json\/wp\/v2\/comments?post=392877"}],"wp:featuredmedia":[{"embeddable":true,"href":"https:\/\/gr-100.com\/en\/wp-json\/wp\/v2\/media\/393208"}],"wp:attachment":[{"href":"https:\/\/gr-100.com\/en\/wp-json\/wp\/v2\/media?parent=392877"}],"wp:term":[{"taxonomy":"product_brand","embeddable":true,"href":"https:\/\/gr-100.com\/en\/wp-json\/wp\/v2\/product_brand?post=392877"},{"taxonomy":"product_cat","embeddable":true,"href":"https:\/\/gr-100.com\/en\/wp-json\/wp\/v2\/product_cat?post=392877"},{"taxonomy":"product_tag","embeddable":true,"href":"https:\/\/gr-100.com\/en\/wp-json\/wp\/v2\/product_tag?post=392877"}],"curies":[{"name":"wp","href":"https:\/\/api.w.org\/{rel}","templated":true}]}}